{"id":502,"date":"2019-09-13T08:54:49","date_gmt":"2019-09-13T08:54:49","guid":{"rendered":"http:\/\/latelierduliege.com\/?page_id=502"},"modified":"2025-06-03T12:58:22","modified_gmt":"2025-06-03T12:58:22","slug":"contact","status":"publish","type":"page","link":"http:\/\/latelierduliege.com\/it\/contact\/","title":{"rendered":"contatti"},"content":{"rendered":"<div class=\"container section-title-container\" ><h2 class=\"section-title section-title-center\"><b aria-hidden=\"true\"><\/b><span class=\"section-title-main\" >contact<\/span><b aria-hidden=\"true\"><\/b><\/h2><\/div>\n\n<h4 style=\"text-align: center;\"><span style=\"color: #000000;\">VOUS AVEZ UNE QUESTION \u00c0 NOUS POSER ?<\/span><\/h4>\n<p style=\"text-align: center;\"><span style=\"color: #000000;\">La r\u00e9ponse \u00e0 votre question se trouve probablement sur notre page <span style=\"color: #0000ff;\"><a style=\"color: #0000ff;\" href=\"#\">FAQ.<\/a><\/span><\/span><\/p>\n<p style=\"text-align: center;\"><span style=\"color: #000000;\">Pour toutes questions au sujet de la livraison vous pouvez vous rendre sur notre <span style=\"color: #0000ff;\"><a style=\"color: #0000ff;\" href=\"#\">page livraison.<\/a><\/span><\/span><\/p>\n<p style=\"text-align: center;\"><span style=\"color: #000000;\">Pour toutes questions au sujet des retours vous pouvez consulter notre <span style=\"color: #0000ff;\"><a style=\"color: #0000ff;\" href=\"#\">page de politique retours.<\/a><\/span><\/span><\/p>\n<p style=\"text-align: center;\"><span style=\"color: #000000;\">Si vous avez une autre question vous pouvez nous envoyer un mail avec le formulaire ci dessous. On vous r\u00e9ponds sous 1 jour c&rsquo;est promis !*<\/span><br><em><span style=\"color: #000000;\">*(hors week-end et jours f\u00e9ri\u00e9s)<br><\/span><\/em><\/p>\n\n<div class=\"wpcf7 no-js\" id=\"wpcf7-f653-o1\" lang=\"fr-FR\" dir=\"ltr\" data-wpcf7-id=\"653\">\n<div class=\"screen-reader-response\"><p role=\"status\" aria-live=\"polite\" aria-atomic=\"true\"><\/p> <ul><\/ul><\/div>\n<form action=\"\/it\/wp-json\/wp\/v2\/pages\/502#wpcf7-f653-o1\" method=\"post\" class=\"wpcf7-form init\" aria-label=\"Formulaire de contact\" novalidate=\"novalidate\" data-status=\"init\" data-trp-original-action=\"\/it\/wp-json\/wp\/v2\/pages\/502#wpcf7-f653-o1\">\n<fieldset class=\"hidden-fields-container\"><input type=\"hidden\" name=\"_wpcf7\" value=\"653\" \/><input type=\"hidden\" name=\"_wpcf7_version\" value=\"6.1.5\" \/><input type=\"hidden\" name=\"_wpcf7_locale\" value=\"fr_FR\" \/><input type=\"hidden\" name=\"_wpcf7_unit_tag\" value=\"wpcf7-f653-o1\" \/><input type=\"hidden\" name=\"_wpcf7_container_post\" value=\"0\" \/><input type=\"hidden\" name=\"_wpcf7_posted_data_hash\" value=\"\" \/><input type=\"hidden\" name=\"_wpcf7_recaptcha_response\" value=\"\" \/>\n<\/fieldset>\n<p><label> Votre nom<br \/>\n<span class=\"wpcf7-form-control-wrap\" data-name=\"your-name\"><input size=\"40\" maxlength=\"400\" class=\"wpcf7-form-control wpcf7-text wpcf7-validates-as-required\" aria-required=\"true\" aria-invalid=\"false\" value=\"\" type=\"text\" name=\"your-name\" \/><\/span> <\/label>\n<\/p>\n<p><label> Votre adresse de messagerie<br \/>\n<span class=\"wpcf7-form-control-wrap\" data-name=\"your-email\"><input size=\"40\" maxlength=\"400\" class=\"wpcf7-form-control wpcf7-email wpcf7-validates-as-required wpcf7-text wpcf7-validates-as-email\" aria-required=\"true\" aria-invalid=\"false\" value=\"\" type=\"email\" name=\"your-email\" \/><\/span> <\/label>\n<\/p>\n<p><label> La raison de votre message<br \/>\n<span class=\"wpcf7-form-control-wrap\" data-name=\"your-subject\"><input size=\"40\" maxlength=\"400\" class=\"wpcf7-form-control wpcf7-text wpcf7-validates-as-required\" aria-required=\"true\" aria-invalid=\"false\" value=\"\" type=\"text\" name=\"your-subject\" \/><\/span> <\/label>\n<\/p>\n<p><label> Votre message<br \/>\n<span class=\"wpcf7-form-control-wrap\" data-name=\"your-message\"><textarea cols=\"40\" rows=\"10\" maxlength=\"2000\" class=\"wpcf7-form-control wpcf7-textarea wpcf7-validates-as-required\" aria-required=\"true\" aria-invalid=\"false\" name=\"your-message\"><\/textarea><\/span> <\/label>\n<\/p>\n<p><input class=\"wpcf7-form-control wpcf7-submit has-spinner\" type=\"submit\" value=\"Envoyer\" \/>\n<\/p><div class=\"wpcf7-response-output\" aria-hidden=\"true\"><\/div>\n<input type=\"hidden\" name=\"trp-form-language\" value=\"it\"\/><\/form>\n<\/div>","protected":false},"excerpt":{"rendered":"<p>VOUS AVEZ UNE QUESTION \u00c0 NOUS POSER ? La r\u00e9ponse \u00e0 votre question se trouve probablement sur notre page FAQ. Pour toutes questions au sujet de la livraison vous pouvez vous rendre sur notre page livraison. Pour toutes questions au sujet des retours vous pouvez consulter notre page de politique retours. Si vous avez une [&#8230;]\n","protected":false},"author":1,"featured_media":0,"parent":0,"menu_order":0,"comment_status":"closed","ping_status":"closed","template":"","meta":{"footnotes":""},"class_list":["post-502","page","type-page","status-publish","hentry"],"yoast_head":"<!-- This site is optimized with the Yoast SEO plugin v27.3 - https:\/\/yoast.com\/product\/yoast-seo-wordpress\/ -->\n<title>Contact | Atelier du Li\u00e8ge \u2013 Accessoires en li\u00e8ge<\/title>\n<meta name=\"description\" content=\"Contactez Atelier du Li\u00e8ge pour toute question sur nos accessoires en li\u00e8ge : info@atelierduliege.com. R\u00e9ponse sous 24h.\" \/>\n<meta name=\"robots\" content=\"index, follow, max-snippet:-1, max-image-preview:large, max-video-preview:-1\" \/>\n<link rel=\"canonical\" href=\"https:\/\/latelierduliege.com\/it\/contact\/\" \/>\n<meta property=\"og:locale\" content=\"it_IT\" \/>\n<meta property=\"og:type\" content=\"article\" \/>\n<meta property=\"og:title\" content=\"Contact | Atelier du Li\u00e8ge \u2013 Accessoires en li\u00e8ge\" \/>\n<meta property=\"og:description\" content=\"Contactez Atelier du Li\u00e8ge pour toute question sur nos accessoires en li\u00e8ge : info@atelierduliege.com. R\u00e9ponse sous 24h.\" \/>\n<meta property=\"og:url\" content=\"https:\/\/latelierduliege.com\/it\/contact\/\" \/>\n<meta property=\"og:site_name\" content=\"L&#039;Atelier du Li\u00e8ge\" \/>\n<meta property=\"article:publisher\" content=\"https:\/\/www.facebook.com\" \/>\n<meta property=\"article:modified_time\" content=\"2025-06-03T12:58:22+00:00\" \/>\n<meta name=\"twitter:card\" content=\"summary_large_image\" \/>\n<meta name=\"twitter:label1\" content=\"Tempo di lettura stimato\" \/>\n\t<meta name=\"twitter:data1\" content=\"1 minuto\" \/>\n<script type=\"application\/ld+json\" class=\"yoast-schema-graph\">{\"@context\":\"https:\\\/\\\/schema.org\",\"@graph\":[{\"@type\":\"WebPage\",\"@id\":\"https:\\\/\\\/latelierduliege.com\\\/contact\\\/\",\"url\":\"https:\\\/\\\/latelierduliege.com\\\/contact\\\/\",\"name\":\"Contact | Atelier du Li\u00e8ge \u2013 Accessoires en li\u00e8ge\",\"isPartOf\":{\"@id\":\"https:\\\/\\\/latelierduliege.com\\\/#website\"},\"datePublished\":\"2019-09-13T08:54:49+00:00\",\"dateModified\":\"2025-06-03T12:58:22+00:00\",\"description\":\"Contactez Atelier du Li\u00e8ge pour toute question sur nos accessoires en li\u00e8ge : info@atelierduliege.com. R\u00e9ponse sous 24h.\",\"breadcrumb\":{\"@id\":\"https:\\\/\\\/latelierduliege.com\\\/contact\\\/#breadcrumb\"},\"inLanguage\":\"it-IT\",\"potentialAction\":[{\"@type\":\"ReadAction\",\"target\":[\"https:\\\/\\\/latelierduliege.com\\\/contact\\\/\"]}]},{\"@type\":\"BreadcrumbList\",\"@id\":\"https:\\\/\\\/latelierduliege.com\\\/contact\\\/#breadcrumb\",\"itemListElement\":[{\"@type\":\"ListItem\",\"position\":1,\"name\":\"Home\",\"item\":\"https:\\\/\\\/latelierduliege.com\\\/\"},{\"@type\":\"ListItem\",\"position\":2,\"name\":\"Contact\"}]},{\"@type\":\"WebSite\",\"@id\":\"https:\\\/\\\/latelierduliege.com\\\/#website\",\"url\":\"https:\\\/\\\/latelierduliege.com\\\/\",\"name\":\"L'Atelier du Li\u00e8ge\",\"description\":\"Ecoresponsable par nature\",\"potentialAction\":[{\"@type\":\"SearchAction\",\"target\":{\"@type\":\"EntryPoint\",\"urlTemplate\":\"https:\\\/\\\/latelierduliege.com\\\/?s={search_term_string}\"},\"query-input\":{\"@type\":\"PropertyValueSpecification\",\"valueRequired\":true,\"valueName\":\"search_term_string\"}}],\"inLanguage\":\"it-IT\"}]}<\/script>\n<!-- \/ Yoast SEO plugin. -->","yoast_head_json":{"title":"Contact | Atelier du Li\u00e8ge \u2013 Accessoires en li\u00e8ge","description":"Contactez Atelier du Li\u00e8ge pour toute question sur nos accessoires en li\u00e8ge : info@atelierduliege.com. R\u00e9ponse sous 24h.","robots":{"index":"index","follow":"follow","max-snippet":"max-snippet:-1","max-image-preview":"max-image-preview:large","max-video-preview":"max-video-preview:-1"},"canonical":"https:\/\/latelierduliege.com\/it\/contact\/","og_locale":"it_IT","og_type":"article","og_title":"Contact | Atelier du Li\u00e8ge \u2013 Accessoires en li\u00e8ge","og_description":"Contactez Atelier du Li\u00e8ge pour toute question sur nos accessoires en li\u00e8ge : info@atelierduliege.com. R\u00e9ponse sous 24h.","og_url":"https:\/\/latelierduliege.com\/it\/contact\/","og_site_name":"L&#039;Atelier du Li\u00e8ge","article_publisher":"https:\/\/www.facebook.com","article_modified_time":"2025-06-03T12:58:22+00:00","twitter_card":"summary_large_image","twitter_misc":{"Tempo di lettura stimato":"1 minuto"},"schema":{"@context":"https:\/\/schema.org","@graph":[{"@type":"WebPage","@id":"https:\/\/latelierduliege.com\/contact\/","url":"https:\/\/latelierduliege.com\/contact\/","name":"Contact | Atelier du Li\u00e8ge \u2013 Accessoires en li\u00e8ge","isPartOf":{"@id":"https:\/\/latelierduliege.com\/#website"},"datePublished":"2019-09-13T08:54:49+00:00","dateModified":"2025-06-03T12:58:22+00:00","description":"Contactez Atelier du Li\u00e8ge pour toute question sur nos accessoires en li\u00e8ge : info@atelierduliege.com. R\u00e9ponse sous 24h.","breadcrumb":{"@id":"https:\/\/latelierduliege.com\/contact\/#breadcrumb"},"inLanguage":"it-IT","potentialAction":[{"@type":"ReadAction","target":["https:\/\/latelierduliege.com\/contact\/"]}]},{"@type":"BreadcrumbList","@id":"https:\/\/latelierduliege.com\/contact\/#breadcrumb","itemListElement":[{"@type":"ListItem","position":1,"name":"Home","item":"https:\/\/latelierduliege.com\/"},{"@type":"ListItem","position":2,"name":"Contact"}]},{"@type":"WebSite","@id":"https:\/\/latelierduliege.com\/#website","url":"https:\/\/latelierduliege.com\/","name":"L'Atelier du Li\u00e8ge","description":"Ecoresponsable par nature","potentialAction":[{"@type":"SearchAction","target":{"@type":"EntryPoint","urlTemplate":"https:\/\/latelierduliege.com\/?s={search_term_string}"},"query-input":{"@type":"PropertyValueSpecification","valueRequired":true,"valueName":"search_term_string"}}],"inLanguage":"it-IT"}]}},"_links":{"self":[{"href":"http:\/\/latelierduliege.com\/it\/wp-json\/wp\/v2\/pages\/502","targetHints":{"allow":["GET"]}}],"collection":[{"href":"http:\/\/latelierduliege.com\/it\/wp-json\/wp\/v2\/pages"}],"about":[{"href":"http:\/\/latelierduliege.com\/it\/wp-json\/wp\/v2\/types\/page"}],"author":[{"embeddable":true,"href":"http:\/\/latelierduliege.com\/it\/wp-json\/wp\/v2\/users\/1"}],"replies":[{"embeddable":true,"href":"http:\/\/latelierduliege.com\/it\/wp-json\/wp\/v2\/comments?post=502"}],"version-history":[{"count":15,"href":"http:\/\/latelierduliege.com\/it\/wp-json\/wp\/v2\/pages\/502\/revisions"}],"predecessor-version":[{"id":3643,"href":"http:\/\/latelierduliege.com\/it\/wp-json\/wp\/v2\/pages\/502\/revisions\/3643"}],"wp:attachment":[{"href":"http:\/\/latelierduliege.com\/it\/wp-json\/wp\/v2\/media?parent=502"}],"curies":[{"name":"wp","href":"https:\/\/api.w.org\/{rel}","templated":true}]}}