{"id":516,"date":"2019-09-13T09:18:24","date_gmt":"2019-09-13T09:18:24","guid":{"rendered":"http:\/\/latelierduliege.com\/?page_id=516"},"modified":"2019-09-18T11:26:22","modified_gmt":"2019-09-18T11:26:22","slug":"livraison","status":"publish","type":"page","link":"http:\/\/latelierduliege.com\/it\/livraison\/","title":{"rendered":"consegne"},"content":{"rendered":"<div class=\"container section-title-container\" ><h2 class=\"section-title section-title-center\"><b aria-hidden=\"true\"><\/b><span class=\"section-title-main\" >Spedizioni<\/span><b aria-hidden=\"true\"><\/b><\/h2><\/div>\n\n<p><span style=\"color: #000000;\">Grazie per aver scelto L\u2019Atelier du Li\u00e8ge.<\/span><br \/><span style=\"color: #000000;\">Tutti i nostri prodotti vengono spediti dal Portogallo, dove si trova il nostro atelier.<\/span><br \/><strong><span style=\"color: #000000;\">Spediamo in Italia e nel Mondo<\/span><\/strong><\/p>\n<p><strong><span style=\"color: #000000;\">Tempi di consegna stimati:<\/span><\/strong><\/p>\n<p><span style=\"color: #000000;\">Italia ed Europa: 3\u20135 giorni lavorativi*<\/span><br \/><span style=\"color: #000000;\">USA e Canada: 10\u201320 giorni lavorativi*<\/span><br \/><span style=\"color: #000000;\">Resto del mondo: 20\u201345 giorni lavorativi*<\/span><\/p>\n<p><span style=\"color: #000000;\">*I tempi indicati sono stimati e possono variare leggermente in base al Paese di destinazione o al periodo dell\u2019anno.<\/span><br \/><span style=\"color: #000000;\">I giorni lavorativi sono dal luned\u00ec al venerd\u00ec.<\/span><\/p>\n<p><span style=\"color: #000000;\">Il tempo di preparazione dell\u2019ordine \u00e8 di 1\u20133 giorni lavorativi.<\/span><\/p>\n<p>\u00a0<\/p>\n<p><span style=\"color: #000000;\"><strong>Resi entro 14 giorni<br \/><\/strong><\/span><\/p>\n<p><span style=\"color: #000000;\">Se non sei soddisfatto del tuo acquisto, puoi restituire il prodotto entro 14 giorni dalla ricezione.\n\nTrovi tutti i dettagli nella nostra pagina dedicata ai <span style=\"color: #0000ff;\"><a style=\"color: #0000ff;\" href=\"#\">RESI.<\/a><\/span><\/span><\/p>","protected":false},"excerpt":{"rendered":"<p>Merci de faire confiance \u00e0 l&rsquo;Atelier du Li\u00e8ge.Nous exp\u00e9dions tous nos produits depuis le Portugal o\u00f9 se trouve notre atelier.Nous livrons en France et dans le monde entier. Les d\u00e9lais de livraison sont les suivants : Europe : entre 5 et 15 jours ouvr\u00e9s*USA et Canada : entre 10 et 20 jours ouvr\u00e9s*Reste du Monde [&#8230;]\n","protected":false},"author":1,"featured_media":0,"parent":0,"menu_order":0,"comment_status":"closed","ping_status":"closed","template":"","meta":{"footnotes":""},"class_list":["post-516","page","type-page","status-publish","hentry"],"yoast_head":"<!-- This site is optimized with the Yoast SEO plugin v27.3 - https:\/\/yoast.com\/product\/yoast-seo-wordpress\/ -->\n<title>Livraison - L&#039;Atelier du Li\u00e8ge<\/title>\n<meta name=\"description\" content=\"Toutes les informations sur la livraison des produits de L&#039;Atelier du Li\u00e8ge sont disponibles sur cette page. Nous livrons dans le monde entier !\" \/>\n<meta name=\"robots\" content=\"index, follow, max-snippet:-1, max-image-preview:large, max-video-preview:-1\" \/>\n<link rel=\"canonical\" href=\"https:\/\/latelierduliege.com\/it\/livraison\/\" \/>\n<meta property=\"og:locale\" content=\"it_IT\" \/>\n<meta property=\"og:type\" content=\"article\" \/>\n<meta property=\"og:title\" content=\"Livraison - L&#039;Atelier du Li\u00e8ge\" \/>\n<meta property=\"og:description\" content=\"Toutes les informations sur la livraison des produits de L&#039;Atelier du Li\u00e8ge sont disponibles sur cette page. Nous livrons dans le monde entier !\" \/>\n<meta property=\"og:url\" content=\"https:\/\/latelierduliege.com\/it\/livraison\/\" \/>\n<meta property=\"og:site_name\" content=\"L&#039;Atelier du Li\u00e8ge\" \/>\n<meta property=\"article:publisher\" content=\"https:\/\/www.facebook.com\" \/>\n<meta property=\"article:modified_time\" content=\"2019-09-18T11:26:22+00:00\" \/>\n<meta name=\"twitter:card\" content=\"summary_large_image\" \/>\n<meta name=\"twitter:label1\" content=\"Tempo di lettura stimato\" \/>\n\t<meta name=\"twitter:data1\" content=\"1 minuto\" \/>\n<script type=\"application\/ld+json\" class=\"yoast-schema-graph\">{\"@context\":\"https:\\\/\\\/schema.org\",\"@graph\":[{\"@type\":\"WebPage\",\"@id\":\"https:\\\/\\\/latelierduliege.com\\\/livraison\\\/\",\"url\":\"https:\\\/\\\/latelierduliege.com\\\/livraison\\\/\",\"name\":\"Livraison - L&#039;Atelier du Li\u00e8ge\",\"isPartOf\":{\"@id\":\"https:\\\/\\\/latelierduliege.com\\\/#website\"},\"datePublished\":\"2019-09-13T09:18:24+00:00\",\"dateModified\":\"2019-09-18T11:26:22+00:00\",\"description\":\"Toutes les informations sur la livraison des produits de L'Atelier du Li\u00e8ge sont disponibles sur cette page. Nous livrons dans le monde entier !\",\"breadcrumb\":{\"@id\":\"https:\\\/\\\/latelierduliege.com\\\/livraison\\\/#breadcrumb\"},\"inLanguage\":\"it-IT\",\"potentialAction\":[{\"@type\":\"ReadAction\",\"target\":[\"https:\\\/\\\/latelierduliege.com\\\/livraison\\\/\"]}]},{\"@type\":\"BreadcrumbList\",\"@id\":\"https:\\\/\\\/latelierduliege.com\\\/livraison\\\/#breadcrumb\",\"itemListElement\":[{\"@type\":\"ListItem\",\"position\":1,\"name\":\"Home\",\"item\":\"https:\\\/\\\/latelierduliege.com\\\/\"},{\"@type\":\"ListItem\",\"position\":2,\"name\":\"Livraison\"}]},{\"@type\":\"WebSite\",\"@id\":\"https:\\\/\\\/latelierduliege.com\\\/#website\",\"url\":\"https:\\\/\\\/latelierduliege.com\\\/\",\"name\":\"L'Atelier du Li\u00e8ge\",\"description\":\"Ecoresponsable par nature\",\"potentialAction\":[{\"@type\":\"SearchAction\",\"target\":{\"@type\":\"EntryPoint\",\"urlTemplate\":\"https:\\\/\\\/latelierduliege.com\\\/?s={search_term_string}\"},\"query-input\":{\"@type\":\"PropertyValueSpecification\",\"valueRequired\":true,\"valueName\":\"search_term_string\"}}],\"inLanguage\":\"it-IT\"}]}<\/script>\n<!-- \/ Yoast SEO plugin. -->","yoast_head_json":{"title":"Livraison - L&#039;Atelier du Li\u00e8ge","description":"Toutes les informations sur la livraison des produits de L'Atelier du Li\u00e8ge sont disponibles sur cette page. Nous livrons dans le monde entier !","robots":{"index":"index","follow":"follow","max-snippet":"max-snippet:-1","max-image-preview":"max-image-preview:large","max-video-preview":"max-video-preview:-1"},"canonical":"https:\/\/latelierduliege.com\/it\/livraison\/","og_locale":"it_IT","og_type":"article","og_title":"Livraison - L&#039;Atelier du Li\u00e8ge","og_description":"Toutes les informations sur la livraison des produits de L'Atelier du Li\u00e8ge sont disponibles sur cette page. Nous livrons dans le monde entier !","og_url":"https:\/\/latelierduliege.com\/it\/livraison\/","og_site_name":"L&#039;Atelier du Li\u00e8ge","article_publisher":"https:\/\/www.facebook.com","article_modified_time":"2019-09-18T11:26:22+00:00","twitter_card":"summary_large_image","twitter_misc":{"Tempo di lettura stimato":"1 minuto"},"schema":{"@context":"https:\/\/schema.org","@graph":[{"@type":"WebPage","@id":"https:\/\/latelierduliege.com\/livraison\/","url":"https:\/\/latelierduliege.com\/livraison\/","name":"Livraison - L&#039;Atelier du Li\u00e8ge","isPartOf":{"@id":"https:\/\/latelierduliege.com\/#website"},"datePublished":"2019-09-13T09:18:24+00:00","dateModified":"2019-09-18T11:26:22+00:00","description":"Toutes les informations sur la livraison des produits de L'Atelier du Li\u00e8ge sont disponibles sur cette page. Nous livrons dans le monde entier !","breadcrumb":{"@id":"https:\/\/latelierduliege.com\/livraison\/#breadcrumb"},"inLanguage":"it-IT","potentialAction":[{"@type":"ReadAction","target":["https:\/\/latelierduliege.com\/livraison\/"]}]},{"@type":"BreadcrumbList","@id":"https:\/\/latelierduliege.com\/livraison\/#breadcrumb","itemListElement":[{"@type":"ListItem","position":1,"name":"Home","item":"https:\/\/latelierduliege.com\/"},{"@type":"ListItem","position":2,"name":"Livraison"}]},{"@type":"WebSite","@id":"https:\/\/latelierduliege.com\/#website","url":"https:\/\/latelierduliege.com\/","name":"L'Atelier du Li\u00e8ge","description":"Ecoresponsable par nature","potentialAction":[{"@type":"SearchAction","target":{"@type":"EntryPoint","urlTemplate":"https:\/\/latelierduliege.com\/?s={search_term_string}"},"query-input":{"@type":"PropertyValueSpecification","valueRequired":true,"valueName":"search_term_string"}}],"inLanguage":"it-IT"}]}},"_links":{"self":[{"href":"http:\/\/latelierduliege.com\/it\/wp-json\/wp\/v2\/pages\/516","targetHints":{"allow":["GET"]}}],"collection":[{"href":"http:\/\/latelierduliege.com\/it\/wp-json\/wp\/v2\/pages"}],"about":[{"href":"http:\/\/latelierduliege.com\/it\/wp-json\/wp\/v2\/types\/page"}],"author":[{"embeddable":true,"href":"http:\/\/latelierduliege.com\/it\/wp-json\/wp\/v2\/users\/1"}],"replies":[{"embeddable":true,"href":"http:\/\/latelierduliege.com\/it\/wp-json\/wp\/v2\/comments?post=516"}],"version-history":[{"count":6,"href":"http:\/\/latelierduliege.com\/it\/wp-json\/wp\/v2\/pages\/516\/revisions"}],"predecessor-version":[{"id":792,"href":"http:\/\/latelierduliege.com\/it\/wp-json\/wp\/v2\/pages\/516\/revisions\/792"}],"wp:attachment":[{"href":"http:\/\/latelierduliege.com\/it\/wp-json\/wp\/v2\/media?parent=516"}],"curies":[{"name":"wp","href":"https:\/\/api.w.org\/{rel}","templated":true}]}}