{"id":526,"date":"2019-09-13T09:55:58","date_gmt":"2019-09-13T09:55:58","guid":{"rendered":"http:\/\/latelierduliege.com\/?page_id=526"},"modified":"2019-09-18T11:28:24","modified_gmt":"2019-09-18T11:28:24","slug":"retours-echanges","status":"publish","type":"page","link":"http:\/\/latelierduliege.com\/it\/retours-echanges\/","title":{"rendered":"Politique de retours"},"content":{"rendered":"<div class=\"container section-title-container\" ><h2 class=\"section-title section-title-center\"><b aria-hidden=\"true\"><\/b><span class=\"section-title-main\" >Garanzia<\/span><b aria-hidden=\"true\"><\/b><\/h2><\/div>\n\n<p><span style=\"color: #000000;\"><strong>Soddisfatti o rimborsati \u2013 14 giorni<\/strong><\/span><\/p>\n<p><span style=\"color: #000000;\">Speriamo che tu sia pienamente soddisfatto del tuo acquisto.\nSe cos\u00ec non fosse, puoi richiedere il reso entro 14 giorni dalla ricezione dell\u2019ordine.\u00a0<\/span><\/p>\n<p><span style=\"color: #000000;\"><strong>Come effettuare un reso<\/strong><\/span><\/p>\n<p><span style=\"color: #000000;\">Contattaci tramite il nostro<span style=\"color: #0000ff;\"> <a style=\"color: #0000ff;\" href=\"http:\/\/latelierduliege.com\/it\/contact\/\">modulo di contatto.<\/a><\/span><\/span><\/p>\n<p><span style=\"color: #000000;\">Una volta ricevuta la tua richiesta, il nostro servizio clienti ti risponder\u00e0 entro 24 ore lavorative* con tutte le istruzioni necessarie.<\/span><\/p>\n<p><span style=\"color: #000000;\"><em>*Esclusi weekend e giorni festivi.<\/em><\/span><\/p>\n<p>\u00a0<\/p>\n<p><span style=\"color: #000000;\"><strong>Sostituzione prodotto :<\/strong> Dopo aver ricevuto e verificato il prodotto restituito, spediremo l\u2019articolo sostitutivo entro 2 giorni lavorativi.\nI tempi di consegna dipenderanno dal corriere.<\/span><\/p>\n<p><span style=\"color: #000000;\"><strong>Rimborso :<\/strong> Dopo la verifica del reso, procederemo al rimborso.\nL\u2019importo sar\u00e0 visibile sul tuo conto entro 3\u20135 giorni lavorativi, in base ai tempi bancari.<\/span><\/p>\n<p><span style=\"color: #000000;\">Le spese di spedizione per il reso sono a carico del cliente.\n\nNon siamo responsabili per eventuali smarrimenti durante la spedizione di ritorno.\nTi consigliamo di utilizzare un servizio di spedizione tracciabile.\n\nLe spedizioni non tracciate sono effettuate sotto la responsabilit\u00e0 del cliente.<\/span><\/p>","protected":false},"excerpt":{"rendered":"<p>14 JOURS DE GARANTIE SATISFACTION Nous esp\u00e9rons que vous serez pleinement satisfait des produits achet\u00e9s sur notre site. Si pour une raison quelconque ce n&rsquo;\u00e9tait pas le cas, nous acceptons les retours sous 14 jours apr\u00e8s votre achat.\u00a0 COMMENT EFFECTUER UN RETOUR ? Merci de prendre contact avec nous sur notre formulaire de contact. Une [&#8230;]\n","protected":false},"author":1,"featured_media":0,"parent":0,"menu_order":0,"comment_status":"closed","ping_status":"closed","template":"","meta":{"footnotes":""},"class_list":["post-526","page","type-page","status-publish","hentry"],"yoast_head":"<!-- This site is optimized with the Yoast SEO plugin v27.3 - https:\/\/yoast.com\/product\/yoast-seo-wordpress\/ -->\n<title>Politique de retours - L&#039;Atelier du Li\u00e8ge<\/title>\n<meta name=\"description\" content=\"Votre satisfaction est notre priorit\u00e9 N\u00b01. Si vous n&#039;\u00eates pas satisfait(e) vous pouvez bien entendu nous retourner votre commande contre un \u00e9change ou un remboursement.\" \/>\n<meta name=\"robots\" content=\"index, follow, max-snippet:-1, max-image-preview:large, max-video-preview:-1\" \/>\n<link rel=\"canonical\" href=\"https:\/\/latelierduliege.com\/it\/retours-echanges\/\" \/>\n<meta property=\"og:locale\" content=\"it_IT\" \/>\n<meta property=\"og:type\" content=\"article\" \/>\n<meta property=\"og:title\" content=\"Politique de retours - L&#039;Atelier du Li\u00e8ge\" \/>\n<meta property=\"og:description\" content=\"Votre satisfaction est notre priorit\u00e9 N\u00b01. Si vous n&#039;\u00eates pas satisfait(e) vous pouvez bien entendu nous retourner votre commande contre un \u00e9change ou un remboursement.\" \/>\n<meta property=\"og:url\" content=\"https:\/\/latelierduliege.com\/it\/retours-echanges\/\" \/>\n<meta property=\"og:site_name\" content=\"L&#039;Atelier du Li\u00e8ge\" \/>\n<meta property=\"article:publisher\" content=\"https:\/\/www.facebook.com\" \/>\n<meta property=\"article:modified_time\" content=\"2019-09-18T11:28:24+00:00\" \/>\n<meta name=\"twitter:card\" content=\"summary_large_image\" \/>\n<meta name=\"twitter:label1\" content=\"Tempo di lettura stimato\" \/>\n\t<meta name=\"twitter:data1\" content=\"1 minuto\" \/>\n<script type=\"application\/ld+json\" class=\"yoast-schema-graph\">{\"@context\":\"https:\\\/\\\/schema.org\",\"@graph\":[{\"@type\":\"WebPage\",\"@id\":\"https:\\\/\\\/latelierduliege.com\\\/retours-echanges\\\/\",\"url\":\"https:\\\/\\\/latelierduliege.com\\\/retours-echanges\\\/\",\"name\":\"Politique de retours - L&#039;Atelier du Li\u00e8ge\",\"isPartOf\":{\"@id\":\"https:\\\/\\\/latelierduliege.com\\\/#website\"},\"datePublished\":\"2019-09-13T09:55:58+00:00\",\"dateModified\":\"2019-09-18T11:28:24+00:00\",\"description\":\"Votre satisfaction est notre priorit\u00e9 N\u00b01. Si vous n'\u00eates pas satisfait(e) vous pouvez bien entendu nous retourner votre commande contre un \u00e9change ou un remboursement.\",\"breadcrumb\":{\"@id\":\"https:\\\/\\\/latelierduliege.com\\\/retours-echanges\\\/#breadcrumb\"},\"inLanguage\":\"it-IT\",\"potentialAction\":[{\"@type\":\"ReadAction\",\"target\":[\"https:\\\/\\\/latelierduliege.com\\\/retours-echanges\\\/\"]}]},{\"@type\":\"BreadcrumbList\",\"@id\":\"https:\\\/\\\/latelierduliege.com\\\/retours-echanges\\\/#breadcrumb\",\"itemListElement\":[{\"@type\":\"ListItem\",\"position\":1,\"name\":\"Home\",\"item\":\"https:\\\/\\\/latelierduliege.com\\\/\"},{\"@type\":\"ListItem\",\"position\":2,\"name\":\"Politique de retours\"}]},{\"@type\":\"WebSite\",\"@id\":\"https:\\\/\\\/latelierduliege.com\\\/#website\",\"url\":\"https:\\\/\\\/latelierduliege.com\\\/\",\"name\":\"L'Atelier du Li\u00e8ge\",\"description\":\"Ecoresponsable par nature\",\"potentialAction\":[{\"@type\":\"SearchAction\",\"target\":{\"@type\":\"EntryPoint\",\"urlTemplate\":\"https:\\\/\\\/latelierduliege.com\\\/?s={search_term_string}\"},\"query-input\":{\"@type\":\"PropertyValueSpecification\",\"valueRequired\":true,\"valueName\":\"search_term_string\"}}],\"inLanguage\":\"it-IT\"}]}<\/script>\n<!-- \/ Yoast SEO plugin. -->","yoast_head_json":{"title":"Politique de retours - L&#039;Atelier du Li\u00e8ge","description":"Votre satisfaction est notre priorit\u00e9 N\u00b01. Si vous n'\u00eates pas satisfait(e) vous pouvez bien entendu nous retourner votre commande contre un \u00e9change ou un remboursement.","robots":{"index":"index","follow":"follow","max-snippet":"max-snippet:-1","max-image-preview":"max-image-preview:large","max-video-preview":"max-video-preview:-1"},"canonical":"https:\/\/latelierduliege.com\/it\/retours-echanges\/","og_locale":"it_IT","og_type":"article","og_title":"Politique de retours - L&#039;Atelier du Li\u00e8ge","og_description":"Votre satisfaction est notre priorit\u00e9 N\u00b01. Si vous n'\u00eates pas satisfait(e) vous pouvez bien entendu nous retourner votre commande contre un \u00e9change ou un remboursement.","og_url":"https:\/\/latelierduliege.com\/it\/retours-echanges\/","og_site_name":"L&#039;Atelier du Li\u00e8ge","article_publisher":"https:\/\/www.facebook.com","article_modified_time":"2019-09-18T11:28:24+00:00","twitter_card":"summary_large_image","twitter_misc":{"Tempo di lettura stimato":"1 minuto"},"schema":{"@context":"https:\/\/schema.org","@graph":[{"@type":"WebPage","@id":"https:\/\/latelierduliege.com\/retours-echanges\/","url":"https:\/\/latelierduliege.com\/retours-echanges\/","name":"Politique de retours - L&#039;Atelier du Li\u00e8ge","isPartOf":{"@id":"https:\/\/latelierduliege.com\/#website"},"datePublished":"2019-09-13T09:55:58+00:00","dateModified":"2019-09-18T11:28:24+00:00","description":"Votre satisfaction est notre priorit\u00e9 N\u00b01. Si vous n'\u00eates pas satisfait(e) vous pouvez bien entendu nous retourner votre commande contre un \u00e9change ou un remboursement.","breadcrumb":{"@id":"https:\/\/latelierduliege.com\/retours-echanges\/#breadcrumb"},"inLanguage":"it-IT","potentialAction":[{"@type":"ReadAction","target":["https:\/\/latelierduliege.com\/retours-echanges\/"]}]},{"@type":"BreadcrumbList","@id":"https:\/\/latelierduliege.com\/retours-echanges\/#breadcrumb","itemListElement":[{"@type":"ListItem","position":1,"name":"Home","item":"https:\/\/latelierduliege.com\/"},{"@type":"ListItem","position":2,"name":"Politique de retours"}]},{"@type":"WebSite","@id":"https:\/\/latelierduliege.com\/#website","url":"https:\/\/latelierduliege.com\/","name":"L'Atelier du Li\u00e8ge","description":"Ecoresponsable par nature","potentialAction":[{"@type":"SearchAction","target":{"@type":"EntryPoint","urlTemplate":"https:\/\/latelierduliege.com\/?s={search_term_string}"},"query-input":{"@type":"PropertyValueSpecification","valueRequired":true,"valueName":"search_term_string"}}],"inLanguage":"it-IT"}]}},"_links":{"self":[{"href":"http:\/\/latelierduliege.com\/it\/wp-json\/wp\/v2\/pages\/526","targetHints":{"allow":["GET"]}}],"collection":[{"href":"http:\/\/latelierduliege.com\/it\/wp-json\/wp\/v2\/pages"}],"about":[{"href":"http:\/\/latelierduliege.com\/it\/wp-json\/wp\/v2\/types\/page"}],"author":[{"embeddable":true,"href":"http:\/\/latelierduliege.com\/it\/wp-json\/wp\/v2\/users\/1"}],"replies":[{"embeddable":true,"href":"http:\/\/latelierduliege.com\/it\/wp-json\/wp\/v2\/comments?post=526"}],"version-history":[{"count":5,"href":"http:\/\/latelierduliege.com\/it\/wp-json\/wp\/v2\/pages\/526\/revisions"}],"predecessor-version":[{"id":793,"href":"http:\/\/latelierduliege.com\/it\/wp-json\/wp\/v2\/pages\/526\/revisions\/793"}],"wp:attachment":[{"href":"http:\/\/latelierduliege.com\/it\/wp-json\/wp\/v2\/media?parent=526"}],"curies":[{"name":"wp","href":"https:\/\/api.w.org\/{rel}","templated":true}]}}