{"id":680,"date":"2019-09-17T04:47:04","date_gmt":"2019-09-17T04:47:04","guid":{"rendered":"http:\/\/latelierduliege.com\/?page_id=680"},"modified":"2024-06-11T20:53:26","modified_gmt":"2024-06-11T20:53:26","slug":"partenariats","status":"publish","type":"page","link":"http:\/\/latelierduliege.com\/it\/partenariats\/","title":{"rendered":"collaborazioni"},"content":{"rendered":"<h2 style=\"text-align: center;\">PARTENARIATS<\/h2>\n<p style=\"text-align: center;\">&nbsp;<\/p>\n<p style=\"text-align: center;\">Nous pouvons \u00eatre int\u00e9ress\u00e9 par des partenariats avec des blogs, sites et influenceurs. En particulier si des sujets comme l&rsquo;\u00e9cologie, le veganisme et la mode font partie de vos th\u00e9matiques principales.<\/p>\n<p style=\"text-align: center;\"><strong>Quels sont les avantages ?<\/strong><\/p>\n<p style=\"text-align: center;\">&#8211; Inscription gratuite<br>&#8211; Cookie de 30 jours<br>&#8211; Une commission attractive de <strong>10%<\/strong><\/p>\n<p style=\"text-align: center;\"><strong>Comment d\u00e9buter ?<\/strong><\/p>\n<p style=\"text-align: center;\">Envoyez-nous un email* \u00e0 l&rsquo;adresse suivante : contact@latelierduliege.com<\/p>\n<p style=\"text-align: center;\">Votre demande sera trait\u00e9e directement par notre service partenariats qui la passera en revue et vous contactera ensuite dans les plus brefs d\u00e9lais pour vous expliquer comment vous inscrire.<\/p>\n<p style=\"text-align: center;\"><em>*N&rsquo;oubliez pas de nous donner les liens de vos pages internet et r\u00e9seaux sociaux<\/em><\/p>","protected":false},"excerpt":{"rendered":"<p>PARTENARIATS &nbsp; Nous pouvons \u00eatre int\u00e9ress\u00e9 par des partenariats avec des blogs, sites et influenceurs. En particulier si des sujets comme l&rsquo;\u00e9cologie, le veganisme et la mode font partie de vos th\u00e9matiques principales. Quels sont les avantages ? &#8211; Inscription gratuite&#8211; Cookie de 30 jours&#8211; Une commission attractive de 10% Comment d\u00e9buter ? Envoyez-nous un [&#8230;]\n","protected":false},"author":1,"featured_media":0,"parent":0,"menu_order":0,"comment_status":"closed","ping_status":"closed","template":"","meta":{"footnotes":""},"class_list":["post-680","page","type-page","status-publish","hentry"],"yoast_head":"<!-- This site is optimized with the Yoast SEO plugin v27.3 - https:\/\/yoast.com\/product\/yoast-seo-wordpress\/ -->\n<title>Partenariats - L&#039;Atelier du Li\u00e8ge<\/title>\n<meta name=\"description\" content=\"Vous d\u00e9sirez faire la promotion des produits de l&#039;Atelier du Li\u00e8ge ? C&#039;est ici que vous trouverez les informations sur comment proc\u00e9der.\" \/>\n<meta name=\"robots\" content=\"noindex, nofollow\" \/>\n<meta property=\"og:locale\" content=\"it_IT\" \/>\n<meta property=\"og:type\" content=\"article\" \/>\n<meta property=\"og:title\" content=\"Partenariats - L&#039;Atelier du Li\u00e8ge\" \/>\n<meta property=\"og:description\" content=\"Vous d\u00e9sirez faire la promotion des produits de l&#039;Atelier du Li\u00e8ge ? C&#039;est ici que vous trouverez les informations sur comment proc\u00e9der.\" \/>\n<meta property=\"og:url\" content=\"https:\/\/latelierduliege.com\/it\/partenariats\/\" \/>\n<meta property=\"og:site_name\" content=\"L&#039;Atelier du Li\u00e8ge\" \/>\n<meta property=\"article:publisher\" content=\"https:\/\/www.facebook.com\" \/>\n<meta property=\"article:modified_time\" content=\"2024-06-11T20:53:26+00:00\" \/>\n<meta name=\"twitter:card\" content=\"summary_large_image\" \/>\n<meta name=\"twitter:label1\" content=\"Tempo di lettura stimato\" \/>\n\t<meta name=\"twitter:data1\" content=\"1 minuto\" \/>\n<script type=\"application\/ld+json\" class=\"yoast-schema-graph\">{\"@context\":\"https:\\\/\\\/schema.org\",\"@graph\":[{\"@type\":\"WebPage\",\"@id\":\"https:\\\/\\\/latelierduliege.com\\\/partenariats\\\/\",\"url\":\"https:\\\/\\\/latelierduliege.com\\\/partenariats\\\/\",\"name\":\"Partenariats - L&#039;Atelier du Li\u00e8ge\",\"isPartOf\":{\"@id\":\"https:\\\/\\\/latelierduliege.com\\\/#website\"},\"datePublished\":\"2019-09-17T04:47:04+00:00\",\"dateModified\":\"2024-06-11T20:53:26+00:00\",\"description\":\"Vous d\u00e9sirez faire la promotion des produits de l'Atelier du Li\u00e8ge ? C'est ici que vous trouverez les informations sur comment proc\u00e9der.\",\"breadcrumb\":{\"@id\":\"https:\\\/\\\/latelierduliege.com\\\/partenariats\\\/#breadcrumb\"},\"inLanguage\":\"it-IT\",\"potentialAction\":[{\"@type\":\"ReadAction\",\"target\":[\"https:\\\/\\\/latelierduliege.com\\\/partenariats\\\/\"]}]},{\"@type\":\"BreadcrumbList\",\"@id\":\"https:\\\/\\\/latelierduliege.com\\\/partenariats\\\/#breadcrumb\",\"itemListElement\":[{\"@type\":\"ListItem\",\"position\":1,\"name\":\"Home\",\"item\":\"https:\\\/\\\/latelierduliege.com\\\/\"},{\"@type\":\"ListItem\",\"position\":2,\"name\":\"Partenariats\"}]},{\"@type\":\"WebSite\",\"@id\":\"https:\\\/\\\/latelierduliege.com\\\/#website\",\"url\":\"https:\\\/\\\/latelierduliege.com\\\/\",\"name\":\"L'Atelier du Li\u00e8ge\",\"description\":\"Ecoresponsable par nature\",\"potentialAction\":[{\"@type\":\"SearchAction\",\"target\":{\"@type\":\"EntryPoint\",\"urlTemplate\":\"https:\\\/\\\/latelierduliege.com\\\/?s={search_term_string}\"},\"query-input\":{\"@type\":\"PropertyValueSpecification\",\"valueRequired\":true,\"valueName\":\"search_term_string\"}}],\"inLanguage\":\"it-IT\"}]}<\/script>\n<!-- \/ Yoast SEO plugin. -->","yoast_head_json":{"title":"Partenariats - L&#039;Atelier du Li\u00e8ge","description":"Vous d\u00e9sirez faire la promotion des produits de l'Atelier du Li\u00e8ge ? C'est ici que vous trouverez les informations sur comment proc\u00e9der.","robots":{"index":"noindex","follow":"nofollow"},"og_locale":"it_IT","og_type":"article","og_title":"Partenariats - L&#039;Atelier du Li\u00e8ge","og_description":"Vous d\u00e9sirez faire la promotion des produits de l'Atelier du Li\u00e8ge ? C'est ici que vous trouverez les informations sur comment proc\u00e9der.","og_url":"https:\/\/latelierduliege.com\/it\/partenariats\/","og_site_name":"L&#039;Atelier du Li\u00e8ge","article_publisher":"https:\/\/www.facebook.com","article_modified_time":"2024-06-11T20:53:26+00:00","twitter_card":"summary_large_image","twitter_misc":{"Tempo di lettura stimato":"1 minuto"},"schema":{"@context":"https:\/\/schema.org","@graph":[{"@type":"WebPage","@id":"https:\/\/latelierduliege.com\/partenariats\/","url":"https:\/\/latelierduliege.com\/partenariats\/","name":"Partenariats - L&#039;Atelier du Li\u00e8ge","isPartOf":{"@id":"https:\/\/latelierduliege.com\/#website"},"datePublished":"2019-09-17T04:47:04+00:00","dateModified":"2024-06-11T20:53:26+00:00","description":"Vous d\u00e9sirez faire la promotion des produits de l'Atelier du Li\u00e8ge ? C'est ici que vous trouverez les informations sur comment proc\u00e9der.","breadcrumb":{"@id":"https:\/\/latelierduliege.com\/partenariats\/#breadcrumb"},"inLanguage":"it-IT","potentialAction":[{"@type":"ReadAction","target":["https:\/\/latelierduliege.com\/partenariats\/"]}]},{"@type":"BreadcrumbList","@id":"https:\/\/latelierduliege.com\/partenariats\/#breadcrumb","itemListElement":[{"@type":"ListItem","position":1,"name":"Home","item":"https:\/\/latelierduliege.com\/"},{"@type":"ListItem","position":2,"name":"Partenariats"}]},{"@type":"WebSite","@id":"https:\/\/latelierduliege.com\/#website","url":"https:\/\/latelierduliege.com\/","name":"L'Atelier du Li\u00e8ge","description":"Ecoresponsable par nature","potentialAction":[{"@type":"SearchAction","target":{"@type":"EntryPoint","urlTemplate":"https:\/\/latelierduliege.com\/?s={search_term_string}"},"query-input":{"@type":"PropertyValueSpecification","valueRequired":true,"valueName":"search_term_string"}}],"inLanguage":"it-IT"}]}},"_links":{"self":[{"href":"http:\/\/latelierduliege.com\/it\/wp-json\/wp\/v2\/pages\/680","targetHints":{"allow":["GET"]}}],"collection":[{"href":"http:\/\/latelierduliege.com\/it\/wp-json\/wp\/v2\/pages"}],"about":[{"href":"http:\/\/latelierduliege.com\/it\/wp-json\/wp\/v2\/types\/page"}],"author":[{"embeddable":true,"href":"http:\/\/latelierduliege.com\/it\/wp-json\/wp\/v2\/users\/1"}],"replies":[{"embeddable":true,"href":"http:\/\/latelierduliege.com\/it\/wp-json\/wp\/v2\/comments?post=680"}],"version-history":[{"count":4,"href":"http:\/\/latelierduliege.com\/it\/wp-json\/wp\/v2\/pages\/680\/revisions"}],"predecessor-version":[{"id":10034,"href":"http:\/\/latelierduliege.com\/it\/wp-json\/wp\/v2\/pages\/680\/revisions\/10034"}],"wp:attachment":[{"href":"http:\/\/latelierduliege.com\/it\/wp-json\/wp\/v2\/media?parent=680"}],"curies":[{"name":"wp","href":"https:\/\/api.w.org\/{rel}","templated":true}]}}