{"id":776,"date":"2019-09-18T11:21:56","date_gmt":"2019-09-18T11:21:56","guid":{"rendered":"http:\/\/latelierduliege.com\/?page_id=776"},"modified":"2019-09-19T09:55:49","modified_gmt":"2019-09-19T09:55:49","slug":"mentions-legales","status":"publish","type":"page","link":"http:\/\/latelierduliege.com\/it\/mentions-legales\/","title":{"rendered":"Mentions L\u00e9gales"},"content":{"rendered":"<div class=\"container section-title-container\" ><h3 class=\"section-title section-title-center\"><b aria-hidden=\"true\"><\/b><span class=\"section-title-main\" >Mentions l\u00e9gales<\/span><b aria-hidden=\"true\"><\/b><\/h3><\/div>\n\n<h3>I. INFORMATIONS TECHNIQUES<\/h3>\n<p>\u2013 R\u00e9seau internet \u2013<br \/>Il est rappel\u00e9 que le secret des correspondances n\u2019est pas garanti sur le r\u00e9seau Internet et qu\u2019il appartient \u00e0 chaque utilisateur d\u2019Internet de prendre toutes les mesures appropri\u00e9es de fa\u00e7on \u00e0 prot\u00e9ger ses propres donn\u00e9es et\/ou logiciels de la contamination d\u2019\u00e9ventuels virus circulant sur Internet.<\/p>\n<h3>II. DONN\u00c9ES PERSONNELLES<\/h3>\n<p>Les informations collect\u00e9es par www.latelierduliege.com lors d\u2019une commande du client sont n\u00e9cessaires \u00e0 la gestion de la transaction et \u00e0 cet effet pourront \u00eatre communiqu\u00e9es en tout ou partie aux prestataires de www.latelierduliege.com intervenant dans le cadre de l\u2019ex\u00e9cution de la commande. Le client est inform\u00e9 que ces m\u00eames donn\u00e9es \u00e0 caract\u00e8re personnel pourront \u00e9galement \u00eatre collect\u00e9es par un organisme en charge de l\u2019analyse des commandes et de la lutte contre la fraude \u00e0 la carte bancaire. Ces informations ne sont jamais partag\u00e9es avec des tiers ou revendues.<\/p>\n<h3>III. COOKIES<\/h3>\n<p>L\u2019utilisateur est inform\u00e9, que lors de ses visites sur le site, un cookie peut s\u2019installer auto\u00adma\u00adti\u00adque\u00adment sur son logi\u00adciel de navi\u00adga\u00adtion. Le cookie est un bloc de don\u00adn\u00e9es qui ne per\u00admet pas d\u2019identifier l\u2019utilisateur mais sert \u00e0 enre\u00adgis\u00adtrer des infor\u00adma\u00adtions rela\u00adtives \u00e0 la navi\u00adga\u00adtion de celui-ci sur le site. L\u2019utilisation de ces cookies a pour fina\u00adlit\u00e9 de pro\u00adc\u00e9\u00adder \u00e0 des ana\u00adlyses de fr\u00e9\u00adquen\u00adta\u00adtion, mesures d\u2019audience etc afin d\u2019am\u00e9liorer la qua\u00adlit\u00e9 du site.\u00a0<\/p>\n<h3>IV. H\u00c9BERGEMENT DU SITE<\/h3>\n<p>O2switch<br \/>222 et 224 Boulevard Gustave Flaubert<br \/>63000 Clermont-Ferrand<\/p>\n<p>Pour nous contacter : contact@latelierduliege.com ou via notre <a href=\"http:\/\/latelierduliege.com\/it\/contact\/\">page de contact<\/a>.<\/p>","protected":false},"excerpt":{"rendered":"<p>I. INFORMATIONS TECHNIQUES \u2013 R\u00e9seau internet \u2013Il est rappel\u00e9 que le secret des correspondances n\u2019est pas garanti sur le r\u00e9seau Internet et qu\u2019il appartient \u00e0 chaque utilisateur d\u2019Internet de prendre toutes les mesures appropri\u00e9es de fa\u00e7on \u00e0 prot\u00e9ger ses propres donn\u00e9es et\/ou logiciels de la contamination d\u2019\u00e9ventuels virus circulant sur Internet. II. DONN\u00c9ES PERSONNELLES Les [&#8230;]\n","protected":false},"author":1,"featured_media":0,"parent":0,"menu_order":0,"comment_status":"closed","ping_status":"closed","template":"","meta":{"footnotes":""},"class_list":["post-776","page","type-page","status-publish","hentry"],"yoast_head":"<!-- This site is optimized with the Yoast SEO plugin v27.3 - https:\/\/yoast.com\/product\/yoast-seo-wordpress\/ -->\n<title>Mentions L\u00e9gales - L&#039;Atelier du Li\u00e8ge<\/title>\n<meta name=\"robots\" content=\"noindex, nofollow\" \/>\n<meta property=\"og:locale\" content=\"it_IT\" \/>\n<meta property=\"og:type\" content=\"article\" \/>\n<meta property=\"og:title\" content=\"Mentions L\u00e9gales - L&#039;Atelier du Li\u00e8ge\" \/>\n<meta property=\"og:description\" content=\"I. INFORMATIONS TECHNIQUES \u2013 R\u00e9seau internet \u2013Il est rappel\u00e9 que le secret des correspondances n\u2019est pas garanti sur le r\u00e9seau Internet et qu\u2019il appartient \u00e0 chaque utilisateur d\u2019Internet de prendre toutes les mesures appropri\u00e9es de fa\u00e7on \u00e0 prot\u00e9ger ses propres donn\u00e9es et\/ou logiciels de la contamination d\u2019\u00e9ventuels virus circulant sur Internet. II. DONN\u00c9ES PERSONNELLES Les [...]\" \/>\n<meta property=\"og:url\" content=\"https:\/\/latelierduliege.com\/it\/mentions-legales\/\" \/>\n<meta property=\"og:site_name\" content=\"L&#039;Atelier du Li\u00e8ge\" \/>\n<meta property=\"article:publisher\" content=\"https:\/\/www.facebook.com\" \/>\n<meta property=\"article:modified_time\" content=\"2019-09-19T09:55:49+00:00\" \/>\n<meta name=\"twitter:card\" content=\"summary_large_image\" \/>\n<meta name=\"twitter:label1\" content=\"Tempo di lettura stimato\" \/>\n\t<meta name=\"twitter:data1\" content=\"1 minuto\" \/>\n<script type=\"application\/ld+json\" class=\"yoast-schema-graph\">{\"@context\":\"https:\\\/\\\/schema.org\",\"@graph\":[{\"@type\":\"WebPage\",\"@id\":\"https:\\\/\\\/latelierduliege.com\\\/mentions-legales\\\/\",\"url\":\"https:\\\/\\\/latelierduliege.com\\\/mentions-legales\\\/\",\"name\":\"Mentions L\u00e9gales - L&#039;Atelier du Li\u00e8ge\",\"isPartOf\":{\"@id\":\"https:\\\/\\\/latelierduliege.com\\\/#website\"},\"datePublished\":\"2019-09-18T11:21:56+00:00\",\"dateModified\":\"2019-09-19T09:55:49+00:00\",\"breadcrumb\":{\"@id\":\"https:\\\/\\\/latelierduliege.com\\\/mentions-legales\\\/#breadcrumb\"},\"inLanguage\":\"it-IT\",\"potentialAction\":[{\"@type\":\"ReadAction\",\"target\":[\"https:\\\/\\\/latelierduliege.com\\\/mentions-legales\\\/\"]}]},{\"@type\":\"BreadcrumbList\",\"@id\":\"https:\\\/\\\/latelierduliege.com\\\/mentions-legales\\\/#breadcrumb\",\"itemListElement\":[{\"@type\":\"ListItem\",\"position\":1,\"name\":\"Home\",\"item\":\"https:\\\/\\\/latelierduliege.com\\\/\"},{\"@type\":\"ListItem\",\"position\":2,\"name\":\"Mentions L\u00e9gales\"}]},{\"@type\":\"WebSite\",\"@id\":\"https:\\\/\\\/latelierduliege.com\\\/#website\",\"url\":\"https:\\\/\\\/latelierduliege.com\\\/\",\"name\":\"L'Atelier du Li\u00e8ge\",\"description\":\"Ecoresponsable par nature\",\"potentialAction\":[{\"@type\":\"SearchAction\",\"target\":{\"@type\":\"EntryPoint\",\"urlTemplate\":\"https:\\\/\\\/latelierduliege.com\\\/?s={search_term_string}\"},\"query-input\":{\"@type\":\"PropertyValueSpecification\",\"valueRequired\":true,\"valueName\":\"search_term_string\"}}],\"inLanguage\":\"it-IT\"}]}<\/script>\n<!-- \/ Yoast SEO plugin. -->","yoast_head_json":{"title":"Mentions L\u00e9gales - L&#039;Atelier du Li\u00e8ge","robots":{"index":"noindex","follow":"nofollow"},"og_locale":"it_IT","og_type":"article","og_title":"Mentions L\u00e9gales - L&#039;Atelier du Li\u00e8ge","og_description":"I. INFORMATIONS TECHNIQUES \u2013 R\u00e9seau internet \u2013Il est rappel\u00e9 que le secret des correspondances n\u2019est pas garanti sur le r\u00e9seau Internet et qu\u2019il appartient \u00e0 chaque utilisateur d\u2019Internet de prendre toutes les mesures appropri\u00e9es de fa\u00e7on \u00e0 prot\u00e9ger ses propres donn\u00e9es et\/ou logiciels de la contamination d\u2019\u00e9ventuels virus circulant sur Internet. II. DONN\u00c9ES PERSONNELLES Les [...]","og_url":"https:\/\/latelierduliege.com\/it\/mentions-legales\/","og_site_name":"L&#039;Atelier du Li\u00e8ge","article_publisher":"https:\/\/www.facebook.com","article_modified_time":"2019-09-19T09:55:49+00:00","twitter_card":"summary_large_image","twitter_misc":{"Tempo di lettura stimato":"1 minuto"},"schema":{"@context":"https:\/\/schema.org","@graph":[{"@type":"WebPage","@id":"https:\/\/latelierduliege.com\/mentions-legales\/","url":"https:\/\/latelierduliege.com\/mentions-legales\/","name":"Mentions L\u00e9gales - L&#039;Atelier du Li\u00e8ge","isPartOf":{"@id":"https:\/\/latelierduliege.com\/#website"},"datePublished":"2019-09-18T11:21:56+00:00","dateModified":"2019-09-19T09:55:49+00:00","breadcrumb":{"@id":"https:\/\/latelierduliege.com\/mentions-legales\/#breadcrumb"},"inLanguage":"it-IT","potentialAction":[{"@type":"ReadAction","target":["https:\/\/latelierduliege.com\/mentions-legales\/"]}]},{"@type":"BreadcrumbList","@id":"https:\/\/latelierduliege.com\/mentions-legales\/#breadcrumb","itemListElement":[{"@type":"ListItem","position":1,"name":"Home","item":"https:\/\/latelierduliege.com\/"},{"@type":"ListItem","position":2,"name":"Mentions L\u00e9gales"}]},{"@type":"WebSite","@id":"https:\/\/latelierduliege.com\/#website","url":"https:\/\/latelierduliege.com\/","name":"L'Atelier du Li\u00e8ge","description":"Ecoresponsable par nature","potentialAction":[{"@type":"SearchAction","target":{"@type":"EntryPoint","urlTemplate":"https:\/\/latelierduliege.com\/?s={search_term_string}"},"query-input":{"@type":"PropertyValueSpecification","valueRequired":true,"valueName":"search_term_string"}}],"inLanguage":"it-IT"}]}},"_links":{"self":[{"href":"http:\/\/latelierduliege.com\/it\/wp-json\/wp\/v2\/pages\/776","targetHints":{"allow":["GET"]}}],"collection":[{"href":"http:\/\/latelierduliege.com\/it\/wp-json\/wp\/v2\/pages"}],"about":[{"href":"http:\/\/latelierduliege.com\/it\/wp-json\/wp\/v2\/types\/page"}],"author":[{"embeddable":true,"href":"http:\/\/latelierduliege.com\/it\/wp-json\/wp\/v2\/users\/1"}],"replies":[{"embeddable":true,"href":"http:\/\/latelierduliege.com\/it\/wp-json\/wp\/v2\/comments?post=776"}],"version-history":[{"count":4,"href":"http:\/\/latelierduliege.com\/it\/wp-json\/wp\/v2\/pages\/776\/revisions"}],"predecessor-version":[{"id":843,"href":"http:\/\/latelierduliege.com\/it\/wp-json\/wp\/v2\/pages\/776\/revisions\/843"}],"wp:attachment":[{"href":"http:\/\/latelierduliege.com\/it\/wp-json\/wp\/v2\/media?parent=776"}],"curies":[{"name":"wp","href":"https:\/\/api.w.org\/{rel}","templated":true}]}}