{"id":11452,"date":"2024-12-28T11:02:09","date_gmt":"2024-12-28T11:02:09","guid":{"rendered":"https:\/\/latelierduliege.com\/?page_id=11452"},"modified":"2024-12-28T16:20:50","modified_gmt":"2024-12-28T16:20:50","slug":"notre-atelier","status":"publish","type":"page","link":"https:\/\/latelierduliege.com\/it\/notre-atelier\/","title":{"rendered":"Il nostro atelier"},"content":{"rendered":"<p class=\"has-text-align-center has-large-font-size\"><strong>Benvenuti nel nostro atelier<\/strong><\/p>\n\n\n\n<div class=\"wp-block-cover is-light\" style=\"min-height:390px;aspect-ratio:unset;\"><span aria-hidden=\"true\" class=\"wp-block-cover__background has-background-dim\" style=\"background-color:#a38c6b\"><\/span><img loading=\"lazy\" decoding=\"async\" width=\"2400\" height=\"1602\" class=\"wp-block-cover__image-background wp-image-11360\" alt=\"\" src=\"https:\/\/latelierduliege.com\/wp-content\/uploads\/2024\/12\/1-1.jpg\" data-object-fit=\"cover\" srcset=\"https:\/\/latelierduliege.com\/wp-content\/uploads\/2024\/12\/1-1.jpg 2400w, https:\/\/latelierduliege.com\/wp-content\/uploads\/2024\/12\/1-1-300x200.jpg 300w, https:\/\/latelierduliege.com\/wp-content\/uploads\/2024\/12\/1-1-1024x684.jpg 1024w, https:\/\/latelierduliege.com\/wp-content\/uploads\/2024\/12\/1-1-768x513.jpg 768w, https:\/\/latelierduliege.com\/wp-content\/uploads\/2024\/12\/1-1-1536x1025.jpg 1536w, https:\/\/latelierduliege.com\/wp-content\/uploads\/2024\/12\/1-1-2048x1367.jpg 2048w, https:\/\/latelierduliege.com\/wp-content\/uploads\/2024\/12\/1-1-510x340.jpg 510w, https:\/\/latelierduliege.com\/wp-content\/uploads\/2024\/12\/1-1-500x334.jpg 500w\" sizes=\"auto, (max-width: 2400px) 100vw, 2400px\" \/><div class=\"wp-block-cover__inner-container is-layout-constrained wp-block-cover-is-layout-constrained\">\n<p class=\"has-text-align-center has-white-color has-text-color has-link-color has-large-font-size wp-elements-b9be5f185280f02e7ab9b755dd015981\"><strong>Perch\u00e9 abbiamo scelto il sughero?<\/strong><\/p>\n<\/div><\/div>\n\n\n\n<h3 class=\"wp-block-heading\"><strong>Perch\u00e9 \u00e8 un materiale nobile e sorprendente, capace di sostituire la pelle tradizionale con leggerezza e naturale eleganza.\n\nLeggero, resistente all\u2019acqua, morbido ma robusto, il sughero \u00e8 un materiale 100% naturale dalle propriet\u00e0 ideali per la creazione di accessori moderni e durevoli.\nLa sua flessibilit\u00e0 gli permette di mantenere forma e qualit\u00e0 nel tempo.<\/strong><\/h3>\n\n\n\n<p><\/p>\n\n\n\n<div class=\"wp-block-cover wp-duotone-unset-1\" style=\"min-height:408px;aspect-ratio:unset;\"><span aria-hidden=\"true\" class=\"wp-block-cover__background has-background-dim-60 has-background-dim\" style=\"background-color:#7c6654\"><\/span><img loading=\"lazy\" decoding=\"async\" width=\"1200\" height=\"1003\" class=\"wp-block-cover__image-background wp-image-11366\" alt=\"\" src=\"https:\/\/latelierduliege.com\/wp-content\/uploads\/2024\/12\/image-url-4.jpg\" data-object-fit=\"cover\" srcset=\"https:\/\/latelierduliege.com\/wp-content\/uploads\/2024\/12\/image-url-4.jpg 1200w, https:\/\/latelierduliege.com\/wp-content\/uploads\/2024\/12\/image-url-4-300x251.jpg 300w, https:\/\/latelierduliege.com\/wp-content\/uploads\/2024\/12\/image-url-4-1024x856.jpg 1024w, https:\/\/latelierduliege.com\/wp-content\/uploads\/2024\/12\/image-url-4-768x642.jpg 768w, https:\/\/latelierduliege.com\/wp-content\/uploads\/2024\/12\/image-url-4-510x426.jpg 510w, https:\/\/latelierduliege.com\/wp-content\/uploads\/2024\/12\/image-url-4-500x418.jpg 500w\" sizes=\"auto, (max-width: 1200px) 100vw, 1200px\" \/><div class=\"wp-block-cover__inner-container is-layout-constrained wp-block-cover-is-layout-constrained\">\n<p class=\"has-text-align-center has-large-font-size\">Il sughero: una risorsa sostenibile<\/p>\n<\/div><\/div>\n\n\n\n<p><\/p>\n\n\n\n<h3 class=\"wp-block-heading\"><strong>Il sughero \u00e8 una materia prima rinnovabile che si ottiene dalla corteccia della quercia da sughero, senza danneggiare l\u2019albero.\nNessun albero viene abbattuto durante la raccolta.\n\nUna quercia da sughero pu\u00f2 vivere oltre 150 anni e offrire numerosi cicli di raccolta nel corso della sua vita.<\/strong><\/h3>\n\n\n\n<p><\/p>\n\n\n\n<div class=\"wp-block-cover\" style=\"min-height:387px;aspect-ratio:unset;\"><span aria-hidden=\"true\" class=\"wp-block-cover__background has-background-dim\" style=\"background-color:#6a5b5a\"><\/span><img loading=\"lazy\" decoding=\"async\" width=\"1000\" height=\"750\" class=\"wp-block-cover__image-background wp-image-11368\" alt=\"\" src=\"https:\/\/latelierduliege.com\/wp-content\/uploads\/2024\/12\/liege-6-3.jpg\" data-object-fit=\"cover\" srcset=\"https:\/\/latelierduliege.com\/wp-content\/uploads\/2024\/12\/liege-6-3.jpg 1000w, https:\/\/latelierduliege.com\/wp-content\/uploads\/2024\/12\/liege-6-3-300x225.jpg 300w, https:\/\/latelierduliege.com\/wp-content\/uploads\/2024\/12\/liege-6-3-768x576.jpg 768w, https:\/\/latelierduliege.com\/wp-content\/uploads\/2024\/12\/liege-6-3-510x383.jpg 510w, https:\/\/latelierduliege.com\/wp-content\/uploads\/2024\/12\/liege-6-3-500x375.jpg 500w\" sizes=\"auto, (max-width: 1000px) 100vw, 1000px\" \/><div class=\"wp-block-cover__inner-container is-layout-constrained wp-block-cover-is-layout-constrained\">\n<p class=\"has-text-align-center has-large-font-size\"><strong>Come realizziamo i nostri prodotti<\/strong><\/p>\n<\/div><\/div>\n\n\n\n<h1 class=\"wp-block-heading\"><\/h1>\n\n\n\n<h3 class=\"wp-block-heading\"><strong>Ogni accessorio \u00e8 realizzato a mano da artigiani esperti che lavorano il sughero da molti anni.\n\nUtilizziamo sughero di alta qualit\u00e0 proveniente dalle foreste di querce da sughero del Portogallo, paese riconosciuto per la migliore produzione mondiale di questo materiale naturale. <\/strong><\/h3>\n\n\n\n<h3 class=\"wp-block-heading\"><strong>Ogni pezzo \u00e8 unico, realizzato con cura e attenzione ai dettagli, nel rispetto della natura e dei materiali utilizzati. <\/strong><\/h3>\n\n\n\n<h1 class=\"wp-block-heading\"><\/h1>\n\n\n\n<div class=\"wp-block-cover is-light\" style=\"min-height:396px;aspect-ratio:unset;\"><span aria-hidden=\"true\" class=\"wp-block-cover__background has-background-dim\" style=\"background-color:#988e87\"><\/span><img loading=\"lazy\" decoding=\"async\" width=\"1000\" height=\"668\" class=\"wp-block-cover__image-background wp-image-11367\" alt=\"\" src=\"https:\/\/latelierduliege.com\/wp-content\/uploads\/2024\/12\/liege-5-6.jpg\" data-object-fit=\"cover\" srcset=\"https:\/\/latelierduliege.com\/wp-content\/uploads\/2024\/12\/liege-5-6.jpg 1000w, https:\/\/latelierduliege.com\/wp-content\/uploads\/2024\/12\/liege-5-6-300x200.jpg 300w, https:\/\/latelierduliege.com\/wp-content\/uploads\/2024\/12\/liege-5-6-768x513.jpg 768w, https:\/\/latelierduliege.com\/wp-content\/uploads\/2024\/12\/liege-5-6-510x341.jpg 510w, https:\/\/latelierduliege.com\/wp-content\/uploads\/2024\/12\/liege-5-6-500x334.jpg 500w\" sizes=\"auto, (max-width: 1000px) 100vw, 1000px\" \/><div class=\"wp-block-cover__inner-container is-layout-constrained wp-block-cover-is-layout-constrained\">\n<p class=\"has-text-align-center has-white-color has-text-color has-link-color has-large-font-size wp-elements-93e0f5138c217622462654348f827e98\"><strong>Le nostre collezioni<\/strong><\/p>\n\n\n\n<p class=\"has-text-align-center has-white-color has-text-color has-link-color has-medium-font-size wp-elements-2973986d8202eede56df3adfd202b776\"><strong>Proponiamo&nbsp;<a href=\"https:\/\/latelierduliege.com\/it\/categoria-prodotto\/sacs\/\">borse in sughero<\/a>,&nbsp;<a href=\"https:\/\/latelierduliege.com\/it\/categoria-prodotto\/portefeuilles\/\">portafogli<\/a>, gioielli e numerosi altri accessori realizzati in sughero naturale, per uomo e donna. <\/strong><\/p>\n<\/div><\/div>\n\n\n\n<h3 class=\"wp-block-heading\"><strong>L\u2019Atelier du Li\u00e8ge \u00e8 un atelier familiare che valorizza qualit\u00e0, cura dei dettagli e autentica artigianalit\u00e0.&nbsp;<\/strong><\/h3>\n\n\n\n<h3 class=\"wp-block-heading\"><strong>Se cerchi accessori originali, ben rifiniti e un\u2019alternativa moderna alla pelle tradizionale, sei nel posto giusto. <\/strong><\/h3>\n\n\n\n<h3 class=\"wp-block-heading\"><strong>Che sia per te o per un regalo speciale, il sughero rappresenta una scelta elegante e consapevole.\nOgni prodotto \u00e8 realizzato a mano con attenzione e rispetto per i materiali naturali. <\/strong><\/h3>\n\n\n\n<h3 class=\"wp-block-heading\"><strong>Siamo sempre a tua disposizione per rispondere alle tue domande e accompagnarti verso una moda pi\u00f9 sostenibile e responsabile.<\/strong><\/h3>","protected":false},"excerpt":{"rendered":"<p>Bienvenue dans notre atelier ! Tout simplement car le li\u00e8ge est un mat\u00e9riau noble qui vous fera rapidement oublier le cuir et ses autres alternatives d\u2019origines animales ou chimiques. L\u00e9ger, r\u00e9sistant \u00e0 l\u2019eau, doux, robuste et souple, c\u2019est un&nbsp;produit d\u2019origine enti\u00e8rement naturelle&nbsp;aux propri\u00e9t\u00e9s id\u00e9ales pour remplacer le cuir. De plus le li\u00e8ge est un mat\u00e9riau [&#8230;]\n","protected":false},"author":1,"featured_media":0,"parent":0,"menu_order":0,"comment_status":"closed","ping_status":"closed","template":"","meta":{"footnotes":""},"class_list":["post-11452","page","type-page","status-publish","hentry"],"yoast_head":"<!-- This site is optimized with the Yoast SEO plugin v27.3 - https:\/\/yoast.com\/product\/yoast-seo-wordpress\/ -->\n<title>Notre Atelier - L&#039;Atelier du Li\u00e8ge<\/title>\n<meta name=\"robots\" content=\"index, follow, max-snippet:-1, max-image-preview:large, max-video-preview:-1\" \/>\n<link rel=\"canonical\" href=\"https:\/\/latelierduliege.com\/it\/notre-atelier\/\" \/>\n<meta property=\"og:locale\" content=\"it_IT\" \/>\n<meta property=\"og:type\" content=\"article\" \/>\n<meta property=\"og:title\" content=\"Notre Atelier - L&#039;Atelier du Li\u00e8ge\" \/>\n<meta property=\"og:description\" content=\"Bienvenue dans notre atelier ! Tout simplement car le li\u00e8ge est un mat\u00e9riau noble qui vous fera rapidement oublier le cuir et ses autres alternatives d\u2019origines animales ou chimiques. L\u00e9ger, r\u00e9sistant \u00e0 l\u2019eau, doux, robuste et souple, c\u2019est un&nbsp;produit d\u2019origine enti\u00e8rement naturelle&nbsp;aux propri\u00e9t\u00e9s id\u00e9ales pour remplacer le cuir. De plus le li\u00e8ge est un mat\u00e9riau [...]\" \/>\n<meta property=\"og:url\" content=\"https:\/\/latelierduliege.com\/it\/notre-atelier\/\" \/>\n<meta property=\"og:site_name\" content=\"L&#039;Atelier du Li\u00e8ge\" \/>\n<meta property=\"article:publisher\" content=\"https:\/\/www.facebook.com\" \/>\n<meta property=\"article:modified_time\" content=\"2024-12-28T16:20:50+00:00\" \/>\n<meta property=\"og:image\" content=\"https:\/\/latelierduliege.com\/wp-content\/uploads\/2024\/12\/1-1.jpg\" \/>\n\t<meta property=\"og:image:width\" content=\"2400\" \/>\n\t<meta property=\"og:image:height\" content=\"1602\" \/>\n\t<meta property=\"og:image:type\" content=\"image\/jpeg\" \/>\n<meta name=\"twitter:card\" content=\"summary_large_image\" \/>\n<meta name=\"twitter:label1\" content=\"Tempo di lettura stimato\" \/>\n\t<meta name=\"twitter:data1\" content=\"3 minuti\" \/>\n<script type=\"application\/ld+json\" class=\"yoast-schema-graph\">{\"@context\":\"https:\\\/\\\/schema.org\",\"@graph\":[{\"@type\":\"WebPage\",\"@id\":\"https:\\\/\\\/latelierduliege.com\\\/notre-atelier\\\/\",\"url\":\"https:\\\/\\\/latelierduliege.com\\\/notre-atelier\\\/\",\"name\":\"Notre Atelier - L&#039;Atelier du Li\u00e8ge\",\"isPartOf\":{\"@id\":\"https:\\\/\\\/latelierduliege.com\\\/#website\"},\"primaryImageOfPage\":{\"@id\":\"https:\\\/\\\/latelierduliege.com\\\/notre-atelier\\\/#primaryimage\"},\"image\":{\"@id\":\"https:\\\/\\\/latelierduliege.com\\\/notre-atelier\\\/#primaryimage\"},\"thumbnailUrl\":\"https:\\\/\\\/latelierduliege.com\\\/wp-content\\\/uploads\\\/2024\\\/12\\\/1-1.jpg\",\"datePublished\":\"2024-12-28T11:02:09+00:00\",\"dateModified\":\"2024-12-28T16:20:50+00:00\",\"breadcrumb\":{\"@id\":\"https:\\\/\\\/latelierduliege.com\\\/notre-atelier\\\/#breadcrumb\"},\"inLanguage\":\"it-IT\",\"potentialAction\":[{\"@type\":\"ReadAction\",\"target\":[\"https:\\\/\\\/latelierduliege.com\\\/notre-atelier\\\/\"]}]},{\"@type\":\"ImageObject\",\"inLanguage\":\"it-IT\",\"@id\":\"https:\\\/\\\/latelierduliege.com\\\/notre-atelier\\\/#primaryimage\",\"url\":\"https:\\\/\\\/latelierduliege.com\\\/wp-content\\\/uploads\\\/2024\\\/12\\\/1-1.jpg\",\"contentUrl\":\"https:\\\/\\\/latelierduliege.com\\\/wp-content\\\/uploads\\\/2024\\\/12\\\/1-1.jpg\"},{\"@type\":\"BreadcrumbList\",\"@id\":\"https:\\\/\\\/latelierduliege.com\\\/notre-atelier\\\/#breadcrumb\",\"itemListElement\":[{\"@type\":\"ListItem\",\"position\":1,\"name\":\"Home\",\"item\":\"https:\\\/\\\/latelierduliege.com\\\/\"},{\"@type\":\"ListItem\",\"position\":2,\"name\":\"Notre Atelier\"}]},{\"@type\":\"WebSite\",\"@id\":\"https:\\\/\\\/latelierduliege.com\\\/#website\",\"url\":\"https:\\\/\\\/latelierduliege.com\\\/\",\"name\":\"L'Atelier du Li\u00e8ge\",\"description\":\"Ecoresponsable par nature\",\"potentialAction\":[{\"@type\":\"SearchAction\",\"target\":{\"@type\":\"EntryPoint\",\"urlTemplate\":\"https:\\\/\\\/latelierduliege.com\\\/?s={search_term_string}\"},\"query-input\":{\"@type\":\"PropertyValueSpecification\",\"valueRequired\":true,\"valueName\":\"search_term_string\"}}],\"inLanguage\":\"it-IT\"}]}<\/script>\n<!-- \/ Yoast SEO plugin. -->","yoast_head_json":{"title":"Notre Atelier - L&#039;Atelier du Li\u00e8ge","robots":{"index":"index","follow":"follow","max-snippet":"max-snippet:-1","max-image-preview":"max-image-preview:large","max-video-preview":"max-video-preview:-1"},"canonical":"https:\/\/latelierduliege.com\/it\/notre-atelier\/","og_locale":"it_IT","og_type":"article","og_title":"Notre Atelier - L&#039;Atelier du Li\u00e8ge","og_description":"Bienvenue dans notre atelier ! Tout simplement car le li\u00e8ge est un mat\u00e9riau noble qui vous fera rapidement oublier le cuir et ses autres alternatives d\u2019origines animales ou chimiques. L\u00e9ger, r\u00e9sistant \u00e0 l\u2019eau, doux, robuste et souple, c\u2019est un&nbsp;produit d\u2019origine enti\u00e8rement naturelle&nbsp;aux propri\u00e9t\u00e9s id\u00e9ales pour remplacer le cuir. De plus le li\u00e8ge est un mat\u00e9riau [...]","og_url":"https:\/\/latelierduliege.com\/it\/notre-atelier\/","og_site_name":"L&#039;Atelier du Li\u00e8ge","article_publisher":"https:\/\/www.facebook.com","article_modified_time":"2024-12-28T16:20:50+00:00","og_image":[{"width":2400,"height":1602,"url":"https:\/\/latelierduliege.com\/wp-content\/uploads\/2024\/12\/1-1.jpg","type":"image\/jpeg"}],"twitter_card":"summary_large_image","twitter_misc":{"Tempo di lettura stimato":"3 minuti"},"schema":{"@context":"https:\/\/schema.org","@graph":[{"@type":"WebPage","@id":"https:\/\/latelierduliege.com\/notre-atelier\/","url":"https:\/\/latelierduliege.com\/notre-atelier\/","name":"Notre Atelier - L&#039;Atelier du Li\u00e8ge","isPartOf":{"@id":"https:\/\/latelierduliege.com\/#website"},"primaryImageOfPage":{"@id":"https:\/\/latelierduliege.com\/notre-atelier\/#primaryimage"},"image":{"@id":"https:\/\/latelierduliege.com\/notre-atelier\/#primaryimage"},"thumbnailUrl":"https:\/\/latelierduliege.com\/wp-content\/uploads\/2024\/12\/1-1.jpg","datePublished":"2024-12-28T11:02:09+00:00","dateModified":"2024-12-28T16:20:50+00:00","breadcrumb":{"@id":"https:\/\/latelierduliege.com\/notre-atelier\/#breadcrumb"},"inLanguage":"it-IT","potentialAction":[{"@type":"ReadAction","target":["https:\/\/latelierduliege.com\/notre-atelier\/"]}]},{"@type":"ImageObject","inLanguage":"it-IT","@id":"https:\/\/latelierduliege.com\/notre-atelier\/#primaryimage","url":"https:\/\/latelierduliege.com\/wp-content\/uploads\/2024\/12\/1-1.jpg","contentUrl":"https:\/\/latelierduliege.com\/wp-content\/uploads\/2024\/12\/1-1.jpg"},{"@type":"BreadcrumbList","@id":"https:\/\/latelierduliege.com\/notre-atelier\/#breadcrumb","itemListElement":[{"@type":"ListItem","position":1,"name":"Home","item":"https:\/\/latelierduliege.com\/"},{"@type":"ListItem","position":2,"name":"Notre Atelier"}]},{"@type":"WebSite","@id":"https:\/\/latelierduliege.com\/#website","url":"https:\/\/latelierduliege.com\/","name":"L'Atelier du Li\u00e8ge","description":"Ecoresponsable par nature","potentialAction":[{"@type":"SearchAction","target":{"@type":"EntryPoint","urlTemplate":"https:\/\/latelierduliege.com\/?s={search_term_string}"},"query-input":{"@type":"PropertyValueSpecification","valueRequired":true,"valueName":"search_term_string"}}],"inLanguage":"it-IT"}]}},"_links":{"self":[{"href":"https:\/\/latelierduliege.com\/it\/wp-json\/wp\/v2\/pages\/11452","targetHints":{"allow":["GET"]}}],"collection":[{"href":"https:\/\/latelierduliege.com\/it\/wp-json\/wp\/v2\/pages"}],"about":[{"href":"https:\/\/latelierduliege.com\/it\/wp-json\/wp\/v2\/types\/page"}],"author":[{"embeddable":true,"href":"https:\/\/latelierduliege.com\/it\/wp-json\/wp\/v2\/users\/1"}],"replies":[{"embeddable":true,"href":"https:\/\/latelierduliege.com\/it\/wp-json\/wp\/v2\/comments?post=11452"}],"version-history":[{"count":10,"href":"https:\/\/latelierduliege.com\/it\/wp-json\/wp\/v2\/pages\/11452\/revisions"}],"predecessor-version":[{"id":11604,"href":"https:\/\/latelierduliege.com\/it\/wp-json\/wp\/v2\/pages\/11452\/revisions\/11604"}],"wp:attachment":[{"href":"https:\/\/latelierduliege.com\/it\/wp-json\/wp\/v2\/media?parent=11452"}],"curies":[{"name":"wp","href":"https:\/\/api.w.org\/{rel}","templated":true}]}}