{"id":301,"date":"2019-09-12T11:17:35","date_gmt":"2019-09-12T11:17:35","guid":{"rendered":"http:\/\/latelierduliege.com\/?page_id=301"},"modified":"2020-03-09T07:37:46","modified_gmt":"2020-03-09T07:37:46","slug":"notre-entreprise","status":"publish","type":"page","link":"https:\/\/latelierduliege.com\/it\/notre-entreprise\/","title":{"rendered":"Notre entreprise"},"content":{"rendered":"<div class=\"row\"  id=\"row-1668491390\">\n\n\n\t<div id=\"col-7181892\" class=\"col small-12 large-12\"  >\n\t\t\t\t<div class=\"col-inner\"  >\n\t\t\t\n\t\t\t\n\n<h5 class=\"uppercase\" style=\"text-align: center;\"><span style=\"color: #000000;\">on dirait du cuir, mais tout est bien v\u00e9g\u00e9tal.<\/span><\/h5>\n<p style=\"text-align: center;\"><span style=\"color: #000000;\">Livia et Samuel ont grandi au Portugal, entour\u00e9s de ch\u00eanes-li\u00e8ges. Depuis leur plus tendre enfance ils ont donc appris \u00e0 respecter et \u00e0 comprendre l&rsquo;utilit\u00e9 de ces arbres. Ce n&rsquo;est que des ann\u00e9es plus tard qu&rsquo;ils se sont demand\u00e9s : <strong>pourquoi le li\u00e8ge est aussi peu utilis\u00e9 dans la mode et la maroquinerie Vegan ?<\/strong><\/span><\/p>\n\n\t\t<\/div>\n\t\t\t\t\t<\/div>\n\n\t\n\n\n<style>\n#row-1668491390 > .col > .col-inner {\n  padding: 12px 0px 0px 0px;\n}\n<\/style>\n<\/div>\n<div class=\"row\"  id=\"row-326094875\">\n\n\n\t<div id=\"col-2105330792\" class=\"col medium-2 small-6 large-2\"  >\n\t\t\t\t<div class=\"col-inner\"  >\n\t\t\t\n\t\t\t\n\n\t<div class=\"box has-hover   has-hover box-text-bottom\" >\n\n\t\t<div class=\"box-image\" >\n\t\t\t\t\t\t<div class=\"\" >\n\t\t\t\t<img loading=\"lazy\" decoding=\"async\" width=\"417\" height=\"415\" src=\"https:\/\/latelierduliege.com\/wp-content\/uploads\/2019\/09\/fibre-naturelle.png\" class=\"attachment- size-\" alt=\"\" srcset=\"https:\/\/latelierduliege.com\/wp-content\/uploads\/2019\/09\/fibre-naturelle.png 417w, https:\/\/latelierduliege.com\/wp-content\/uploads\/2019\/09\/fibre-naturelle-100x100.png 100w, https:\/\/latelierduliege.com\/wp-content\/uploads\/2019\/09\/fibre-naturelle-150x150.png 150w, https:\/\/latelierduliege.com\/wp-content\/uploads\/2019\/09\/fibre-naturelle-300x300.png 300w\" sizes=\"auto, (max-width: 417px) 100vw, 417px\" \/>\t\t\t\t\t\t\t\t\t\t\t<\/div>\n\t\t\t\t\t<\/div>\n\n\t\t<div class=\"box-text text-center\" >\n\t\t\t<div class=\"box-text-inner\">\n\t\t\t\t\n\n<p>FIBRE NATURELLE<\/p>\n\n\t\t\t<\/div>\n\t\t<\/div>\n\t<\/div>\n\t\n\n\t\t<\/div>\n\t\t\t\t\t<\/div>\n\n\t\n\n\t<div id=\"col-487601215\" class=\"col medium-2 small-6 large-2\"  >\n\t\t\t\t<div class=\"col-inner\"  >\n\t\t\t\n\t\t\t\n\n\t<div class=\"box has-hover   has-hover box-text-bottom\" >\n\n\t\t<div class=\"box-image\" >\n\t\t\t\t\t\t<div class=\"\" >\n\t\t\t\t<img loading=\"lazy\" decoding=\"async\" width=\"414\" height=\"415\" src=\"https:\/\/latelierduliege.com\/wp-content\/uploads\/2019\/09\/durable.png\" class=\"attachment- size-\" alt=\"\" srcset=\"https:\/\/latelierduliege.com\/wp-content\/uploads\/2019\/09\/durable.png 414w, https:\/\/latelierduliege.com\/wp-content\/uploads\/2019\/09\/durable-100x100.png 100w, https:\/\/latelierduliege.com\/wp-content\/uploads\/2019\/09\/durable-150x150.png 150w, https:\/\/latelierduliege.com\/wp-content\/uploads\/2019\/09\/durable-300x300.png 300w\" sizes=\"auto, (max-width: 414px) 100vw, 414px\" \/>\t\t\t\t\t\t\t\t\t\t\t<\/div>\n\t\t\t\t\t<\/div>\n\n\t\t<div class=\"box-text text-center\" >\n\t\t\t<div class=\"box-text-inner\">\n\t\t\t\t\n\n<p>\u00c9COLOGIQUE &amp; DURABLE<\/p>\n\n\t\t\t<\/div>\n\t\t<\/div>\n\t<\/div>\n\t\n\n\t\t<\/div>\n\t\t\t\t\t<\/div>\n\n\t\n\n\t<div id=\"col-1572392538\" class=\"col medium-2 small-6 large-2\"  >\n\t\t\t\t<div class=\"col-inner\"  >\n\t\t\t\n\t\t\t\n\n\t<div class=\"box has-hover   has-hover box-text-bottom\" >\n\n\t\t<div class=\"box-image\" >\n\t\t\t\t\t\t<div class=\"\" >\n\t\t\t\t<img loading=\"lazy\" decoding=\"async\" width=\"415\" height=\"415\" src=\"https:\/\/latelierduliege.com\/wp-content\/uploads\/2019\/09\/leger.png\" class=\"attachment- size-\" alt=\"\" srcset=\"https:\/\/latelierduliege.com\/wp-content\/uploads\/2019\/09\/leger.png 415w, https:\/\/latelierduliege.com\/wp-content\/uploads\/2019\/09\/leger-100x100.png 100w, https:\/\/latelierduliege.com\/wp-content\/uploads\/2019\/09\/leger-150x150.png 150w, https:\/\/latelierduliege.com\/wp-content\/uploads\/2019\/09\/leger-300x300.png 300w\" sizes=\"auto, (max-width: 415px) 100vw, 415px\" \/>\t\t\t\t\t\t\t\t\t\t\t<\/div>\n\t\t\t\t\t<\/div>\n\n\t\t<div class=\"box-text text-center\" >\n\t\t\t<div class=\"box-text-inner\">\n\t\t\t\t\n\n<p>ULTRA-L\u00c9GER<\/p>\n\n\t\t\t<\/div>\n\t\t<\/div>\n\t<\/div>\n\t\n\n\t\t<\/div>\n\t\t\t\t\t<\/div>\n\n\t\n\n\t<div id=\"col-1819797127\" class=\"col medium-2 small-6 large-2\"  >\n\t\t\t\t<div class=\"col-inner\"  >\n\t\t\t\n\t\t\t\n\n\t<div class=\"box has-hover   has-hover box-text-bottom\" >\n\n\t\t<div class=\"box-image\" >\n\t\t\t\t\t\t<div class=\"\" >\n\t\t\t\t<img loading=\"lazy\" decoding=\"async\" width=\"414\" height=\"415\" src=\"https:\/\/latelierduliege.com\/wp-content\/uploads\/2019\/09\/Doux-resistant.png\" class=\"attachment- size-\" alt=\"\" srcset=\"https:\/\/latelierduliege.com\/wp-content\/uploads\/2019\/09\/Doux-resistant.png 414w, https:\/\/latelierduliege.com\/wp-content\/uploads\/2019\/09\/Doux-resistant-100x100.png 100w, https:\/\/latelierduliege.com\/wp-content\/uploads\/2019\/09\/Doux-resistant-150x150.png 150w, https:\/\/latelierduliege.com\/wp-content\/uploads\/2019\/09\/Doux-resistant-300x300.png 300w\" sizes=\"auto, (max-width: 414px) 100vw, 414px\" \/>\t\t\t\t\t\t\t\t\t\t\t<\/div>\n\t\t\t\t\t<\/div>\n\n\t\t<div class=\"box-text text-center\" >\n\t\t\t<div class=\"box-text-inner\">\n\t\t\t\t\n\n<p>LISSE ET DOUX<\/p>\n\n\t\t\t<\/div>\n\t\t<\/div>\n\t<\/div>\n\t\n\n\t\t<\/div>\n\t\t\t\t\t<\/div>\n\n\t\n\n\t<div id=\"col-1965584266\" class=\"col medium-2 small-6 large-2\"  >\n\t\t\t\t<div class=\"col-inner\"  >\n\t\t\t\n\t\t\t\n\n\t<div class=\"box has-hover   has-hover box-text-bottom\" >\n\n\t\t<div class=\"box-image\" >\n\t\t\t\t\t\t<div class=\"\" >\n\t\t\t\t<img loading=\"lazy\" decoding=\"async\" width=\"414\" height=\"415\" src=\"https:\/\/latelierduliege.com\/wp-content\/uploads\/2019\/09\/resistant-frottements.png\" class=\"attachment- size-\" alt=\"\" srcset=\"https:\/\/latelierduliege.com\/wp-content\/uploads\/2019\/09\/resistant-frottements.png 414w, https:\/\/latelierduliege.com\/wp-content\/uploads\/2019\/09\/resistant-frottements-100x100.png 100w, https:\/\/latelierduliege.com\/wp-content\/uploads\/2019\/09\/resistant-frottements-150x150.png 150w, https:\/\/latelierduliege.com\/wp-content\/uploads\/2019\/09\/resistant-frottements-300x300.png 300w\" sizes=\"auto, (max-width: 414px) 100vw, 414px\" \/>\t\t\t\t\t\t\t\t\t\t\t<\/div>\n\t\t\t\t\t<\/div>\n\n\t\t<div class=\"box-text text-center\" >\n\t\t\t<div class=\"box-text-inner\">\n\t\t\t\t\n\n<p>R\u00c9SISTE \u00c0 L&rsquo;USURE<\/p>\n\n\t\t\t<\/div>\n\t\t<\/div>\n\t<\/div>\n\t\n\n\t\t<\/div>\n\t\t\t\t\t<\/div>\n\n\t\n\n\t<div id=\"col-164104985\" class=\"col medium-2 small-6 large-2\"  >\n\t\t\t\t<div class=\"col-inner\"  >\n\t\t\t\n\t\t\t\n\n\t<div class=\"box has-hover   has-hover box-text-bottom\" >\n\n\t\t<div class=\"box-image\" >\n\t\t\t\t\t\t<div class=\"\" >\n\t\t\t\t<img loading=\"lazy\" decoding=\"async\" width=\"414\" height=\"415\" src=\"https:\/\/latelierduliege.com\/wp-content\/uploads\/2019\/09\/resistant-eau.png\" class=\"attachment- size-\" alt=\"\" srcset=\"https:\/\/latelierduliege.com\/wp-content\/uploads\/2019\/09\/resistant-eau.png 414w, https:\/\/latelierduliege.com\/wp-content\/uploads\/2019\/09\/resistant-eau-100x100.png 100w, https:\/\/latelierduliege.com\/wp-content\/uploads\/2019\/09\/resistant-eau-150x150.png 150w, https:\/\/latelierduliege.com\/wp-content\/uploads\/2019\/09\/resistant-eau-300x300.png 300w\" sizes=\"auto, (max-width: 414px) 100vw, 414px\" \/>\t\t\t\t\t\t\t\t\t\t\t<\/div>\n\t\t\t\t\t<\/div>\n\n\t\t<div class=\"box-text text-center\" >\n\t\t\t<div class=\"box-text-inner\">\n\t\t\t\t\n\n<p>R\u00c9SISTE \u00c0 L&rsquo;EAU<\/p>\n\n\t\t\t<\/div>\n\t\t<\/div>\n\t<\/div>\n\t\n\n\t\t<\/div>\n\t\t\t\t\t<\/div>\n\n\t\n\n<\/div>\n<div class=\"row\"  id=\"row-719995687\">\n\n\n\t<div id=\"col-1377451488\" class=\"col small-12 large-12\"  >\n\t\t\t\t<div class=\"col-inner\"  >\n\t\t\t\n\t\t\t\n\n<p style=\"text-align: center;\"><span style=\"color: #000000;\">AFIN D&rsquo;APPORTER UNE SOLUTION \u00c0 CETTE QUESTION, ILS ONT CR\u00c9\u00c9S LEUR PROPRE S\u00c9LECTION DE SACS, DE PORTEFEUILLES ET AUTRES ACCESSOIRES EN LI\u00c8GE FABRIQU\u00c9S \u00c0 LA MAIN<\/span><\/p>\n\n\t\t<\/div>\n\t\t\t\t\t<\/div>\n\n\t\n\n<\/div>\n<div class=\"row\"  id=\"row-272537074\">\n\n\n\t<div id=\"col-332414818\" class=\"col medium-4 small-12 large-4\"  >\n\t\t\t\t<div class=\"col-inner\"  >\n\t\t\t\n\t\t\t\n\n\t<div class=\"img has-hover x md-x lg-x y md-y lg-y\" id=\"image_1359740722\">\n\t\t\t\t\t\t\t\t<div class=\"img-inner dark\" >\n\t\t\t\t\t\t\t\t\t\n\t\t\t\t\t<\/div>\n\t\t\t\t\t\t\t\t\n<style>\n#image_1359740722 {\n  width: 100%;\n}\n<\/style>\n\t<\/div>\n\t\n\n\n\t\t<\/div>\n\t\t\t\t\t<\/div>\n\n\t\n\n\t<div id=\"col-316820267\" class=\"col medium-4 small-12 large-4\"  >\n\t\t\t\t<div class=\"col-inner\"  >\n\t\t\t\n\t\t\t\n\n\t<div class=\"img has-hover x md-x lg-x y md-y lg-y\" id=\"image_808212311\">\n\t\t\t\t\t\t\t\t<div class=\"img-inner dark\" >\n\t\t\t<img loading=\"lazy\" decoding=\"async\" width=\"1020\" height=\"1020\" src=\"https:\/\/latelierduliege.com\/wp-content\/uploads\/2019\/09\/Ottawa-7-1024x1024.jpg\" class=\"attachment-large size-large\" alt=\"\" srcset=\"https:\/\/latelierduliege.com\/wp-content\/uploads\/2019\/09\/Ottawa-7-1024x1024.jpg 1024w, https:\/\/latelierduliege.com\/wp-content\/uploads\/2019\/09\/Ottawa-7-100x100.jpg 100w, https:\/\/latelierduliege.com\/wp-content\/uploads\/2019\/09\/Ottawa-7-510x510.jpg 510w, https:\/\/latelierduliege.com\/wp-content\/uploads\/2019\/09\/Ottawa-7-150x150.jpg 150w, https:\/\/latelierduliege.com\/wp-content\/uploads\/2019\/09\/Ottawa-7-300x300.jpg 300w, https:\/\/latelierduliege.com\/wp-content\/uploads\/2019\/09\/Ottawa-7-768x768.jpg 768w, https:\/\/latelierduliege.com\/wp-content\/uploads\/2019\/09\/Ottawa-7-600x600.jpg 600w, https:\/\/latelierduliege.com\/wp-content\/uploads\/2019\/09\/Ottawa-7.jpg 1200w\" sizes=\"auto, (max-width: 1020px) 100vw, 1020px\" \/>\t\t\t\t\t\t\n\t\t\t\t\t<\/div>\n\t\t\t\t\t\t\t\t\n<style>\n#image_808212311 {\n  width: 100%;\n}\n<\/style>\n\t<\/div>\n\t\n\n\n\t\t<\/div>\n\t\t\t\t\t<\/div>\n\n\t\n\n\t<div id=\"col-278890024\" class=\"col medium-4 small-12 large-4\"  >\n\t\t\t\t<div class=\"col-inner\"  >\n\t\t\t\n\t\t\t\n\n\t<div class=\"img has-hover x md-x lg-x y md-y lg-y\" id=\"image_498488276\">\n\t\t\t\t\t\t\t\t<div class=\"img-inner dark\" >\n\t\t\t\t\t\t\t\t\t\n\t\t\t\t\t<\/div>\n\t\t\t\t\t\t\t\t\n<style>\n#image_498488276 {\n  width: 100%;\n}\n<\/style>\n\t<\/div>\n\t\n\n\n\t\t<\/div>\n\t\t\t\t\t<\/div>\n\n\t\n\n<\/div>\n<div class=\"row\"  id=\"row-400886436\">\n\n\n\t<div id=\"col-1561678859\" class=\"col small-12 large-12\"  >\n\t\t\t\t<div class=\"col-inner\"  >\n\t\t\t\n\t\t\t\n\n<p style=\"text-align: center;\"><span style=\"color: #000000;\"><em>La solution vegan au cuir que vous avez toujours recherch\u00e9. Origine 100% v\u00e9g\u00e9tale, fabrication artisanale et finitions haut de gamme.<\/em><\/span><\/p>\n\n\t\t<\/div>\n\t\t\t\t\t<\/div>\n\n\t\n\n<\/div>\n\n\t<section class=\"section\" id=\"section_314483761\">\n\t\t<div class=\"section-bg fill\" >\n\t\t\t\t\t\t\t\t\t\n\t\t\t\n\n\t\t<\/div>\n\n\t\t\n\n\t\t<div class=\"section-content relative\">\n\t\t\t\n\n<div class=\"row row-collapse row-full-width align-middle align-center row-divided\"  id=\"row-1756867966\">\n\n\n\t<div id=\"col-603959972\" class=\"col medium-6 large-6\"  >\n\t\t\t\t<div class=\"col-inner text-center\" style=\"background-color:rgb(226, 227, 231);\" >\n\t\t\t\n\t\t\t\n\n<h2 style=\"text-align: center;\"><span style=\"color: #000000;\"><strong>PRODUITS CERTIFI\u00c9S VEGAN<\/strong><\/span><\/h2>\n<p style=\"text-align: center;\"><span style=\"color: #000000;\">Tous nos produits sont fabriqu\u00e9s et design\u00e9s \u00e0 partir de li\u00e8ge de la plus haute qualit\u00e9. Tout ce qui est fabriqu\u00e9 dans notre atelier respecte donc \u00e0 100% la cause animale ce qui nous a permis d&rsquo;obtenir la certification \u00ab\u00a0PETA-approved\u00a0\u00bb. Les m\u00eame propri\u00e9t\u00e9s que le cuir. <strong>La cruaut\u00e9 en moins.<\/strong><\/span><\/p>\n\n\t\t<\/div>\n\t\t\t\t\n<style>\n#col-603959972 > .col-inner {\n  padding: 00px 0px 0px 0px;\n}\n<\/style>\n\t<\/div>\n\n\t\n\n\t<div id=\"col-1659917767\" class=\"col medium-6 large-6\"  >\n\t\t\t\t<div class=\"col-inner text-center\" style=\"background-color:rgb(226, 227, 231);\" >\n\t\t\t\n\t\t\t\n\n\t<div class=\"img has-hover x md-x lg-x y md-y lg-y\" id=\"image_74154929\">\n\t\t\t\t\t\t\t\t<div class=\"img-inner dark\" >\n\t\t\t<img loading=\"lazy\" decoding=\"async\" width=\"760\" height=\"500\" src=\"https:\/\/latelierduliege.com\/wp-content\/uploads\/2019\/09\/peta-approved.png\" class=\"attachment-large size-large\" alt=\"\" srcset=\"https:\/\/latelierduliege.com\/wp-content\/uploads\/2019\/09\/peta-approved.png 760w, https:\/\/latelierduliege.com\/wp-content\/uploads\/2019\/09\/peta-approved-510x336.png 510w, https:\/\/latelierduliege.com\/wp-content\/uploads\/2019\/09\/peta-approved-300x197.png 300w, https:\/\/latelierduliege.com\/wp-content\/uploads\/2019\/09\/peta-approved-600x395.png 600w\" sizes=\"auto, (max-width: 760px) 100vw, 760px\" \/>\t\t\t\t\t\t\n\t\t\t\t\t<\/div>\n\t\t\t\t\t\t\t\t\n<style>\n#image_74154929 {\n  width: 100%;\n}\n<\/style>\n\t<\/div>\n\t\n\n\n\t\t<\/div>\n\t\t\t\t\t<\/div>\n\n\t\n\n\n<style>\n#row-1756867966 > .col > .col-inner {\n  background-color: rgb(255,255,255);\n}\n<\/style>\n<\/div>\n\n\t\t<\/div>\n\n\t\t\n<style>\n#section_314483761 {\n  padding-top: 0px;\n  padding-bottom: 0px;\n  background-color: rgb(226, 227, 231);\n}\n<\/style>\n\t<\/section>\n\t\n\n\t<section class=\"section\" id=\"section_1810910026\">\n\t\t<div class=\"section-bg fill\" >\n\t\t\t\t\t\t\t\t\t\n\t\t\t\n\n\t\t<\/div>\n\n\t\t\n\n\t\t<div class=\"section-content relative\">\n\t\t\t\n\n<div class=\"row row-collapse row-full-width align-middle align-center row-divided\"  id=\"row-964247400\">\n\n\n\t<div id=\"col-299034372\" class=\"col medium-6 large-6\"  >\n\t\t\t\t<div class=\"col-inner text-center\" style=\"background-color:rgb(226, 227, 231);\" >\n\t\t\t\n\t\t\t\n\n\t<div class=\"img has-hover x md-x lg-x y md-y lg-y\" id=\"image_1311646333\">\n\t\t\t\t\t\t\t\t<div class=\"img-inner dark\" style=\"margin:0px 0px 0 0px;\">\n\t\t\t<img loading=\"lazy\" decoding=\"async\" width=\"1020\" height=\"853\" src=\"https:\/\/latelierduliege.com\/wp-content\/uploads\/2019\/09\/image-url-1024x856.jpg\" class=\"attachment-large size-large\" alt=\"\" srcset=\"https:\/\/latelierduliege.com\/wp-content\/uploads\/2019\/09\/image-url-1024x856.jpg 1024w, https:\/\/latelierduliege.com\/wp-content\/uploads\/2019\/09\/image-url-510x426.jpg 510w, https:\/\/latelierduliege.com\/wp-content\/uploads\/2019\/09\/image-url-300x251.jpg 300w, https:\/\/latelierduliege.com\/wp-content\/uploads\/2019\/09\/image-url-768x642.jpg 768w, https:\/\/latelierduliege.com\/wp-content\/uploads\/2019\/09\/image-url-600x502.jpg 600w, https:\/\/latelierduliege.com\/wp-content\/uploads\/2019\/09\/image-url.jpg 1200w\" sizes=\"auto, (max-width: 1020px) 100vw, 1020px\" \/>\t\t\t\t\t\t\n\t\t\t\t\t<\/div>\n\t\t\t\t\t\t\t\t\n<style>\n#image_1311646333 {\n  width: 100%;\n}\n<\/style>\n\t<\/div>\n\t\n\n\n\t\t<\/div>\n\t\t\t\t\t<\/div>\n\n\t\n\n\t<div id=\"col-220188640\" class=\"col medium-6 large-6\"  >\n\t\t\t\t<div class=\"col-inner text-center\" style=\"background-color:rgb(226, 227, 231);\" >\n\t\t\t\n\t\t\t\n\n<h2 style=\"text-align: center;\"><span style=\"color: #000000;\"><strong>UNE CULTURE RESPONSABLE<\/strong><\/span><\/h2>\n<p style=\"text-align: center;\"><span style=\"color: #000000;\">Le respect et la protection de la nature est notre pr\u00e9occupation principale. Le li\u00e8ge que nous r\u00e9coltons est obtenu en enlevant l&rsquo;\u00e9corce ext\u00e9rieure de l&rsquo;arbre. <strong>Sans le couper, ni l&rsquo;ab\u00eemer.<\/strong> Le li\u00e8ge se reforme autour de l&rsquo;arbre avec le temps et permet donc d&rsquo;\u00eatre r\u00e9colt\u00e9 encore et encore. <strong>Un vrai mat\u00e9riau \u00e9cologique et durable !<\/strong><\/span><\/p>\n\n\t\t<\/div>\n\t\t\t\t\n<style>\n#col-220188640 > .col-inner {\n  padding: 00px 0px 0px 0px;\n}\n<\/style>\n\t<\/div>\n\n\t\n\n\n<style>\n#row-964247400 > .col > .col-inner {\n  background-color: rgb(255,255,255);\n}\n<\/style>\n<\/div>\n\n\t\t<\/div>\n\n\t\t\n<style>\n#section_1810910026 {\n  padding-top: 0px;\n  padding-bottom: 0px;\n  background-color: rgb(226, 227, 231);\n}\n<\/style>\n\t<\/section>\n\t\n\n\t<section class=\"section\" id=\"section_969147047\">\n\t\t<div class=\"section-bg fill\" >\n\t\t\t\t\t\t\t\t\t\n\t\t\t\n\n\t\t<\/div>\n\n\t\t\n\n\t\t<div class=\"section-content relative\">\n\t\t\t\n\n<div class=\"row row-collapse row-full-width align-middle align-center row-divided\"  id=\"row-1987878752\">\n\n\n\t<div id=\"col-715507698\" class=\"col medium-6 large-6\"  >\n\t\t\t\t<div class=\"col-inner text-center\" style=\"background-color:rgb(226, 227, 231);\" >\n\t\t\t\n\t\t\t\n\n<h2 style=\"text-align: center;\"><span style=\"color: #000000;\"><strong>LE MEILLEUR LI\u00c8GE<\/strong><\/span><\/h2>\n<p style=\"text-align: center;\"><span style=\"color: #000000;\">Nos pi\u00e8ces en li\u00e8ges sont fabriqu\u00e9es pour durer au fil des ann\u00e9es. Nous choisissons <strong>les meilleurs mat\u00e9riaux<\/strong> et travaillons de fa\u00e7on artisanale afin de vous garantir <strong>ce qu&rsquo;il se fait de mieux en terme de qualit\u00e9, de durabilit\u00e9 et d&rsquo;esth\u00e9tisme.<\/strong>\u00a0<\/span><\/p>\n\n\t\t<\/div>\n\t\t\t\t\n<style>\n#col-715507698 > .col-inner {\n  padding: 00px 0px 0px 0px;\n}\n<\/style>\n\t<\/div>\n\n\t\n\n\t<div id=\"col-1474497512\" class=\"col medium-6 large-6\"  >\n\t\t\t\t<div class=\"col-inner text-center\" style=\"background-color:rgb(226, 227, 231);\" >\n\t\t\t\n\t\t\t\n\n\t<div class=\"img has-hover x md-x lg-x y md-y lg-y\" id=\"image_1775484243\">\n\t\t\t\t\t\t\t\t<div class=\"img-inner dark\" style=\"margin:0px 0px 0 0px;\">\n\t\t\t<img loading=\"lazy\" decoding=\"async\" width=\"1020\" height=\"1020\" src=\"https:\/\/latelierduliege.com\/wp-content\/uploads\/2019\/09\/4-1024x1024.jpg\" class=\"attachment-large size-large\" alt=\"\" srcset=\"https:\/\/latelierduliege.com\/wp-content\/uploads\/2019\/09\/4-1024x1024.jpg 1024w, https:\/\/latelierduliege.com\/wp-content\/uploads\/2019\/09\/4-100x100.jpg 100w, https:\/\/latelierduliege.com\/wp-content\/uploads\/2019\/09\/4-510x510.jpg 510w, https:\/\/latelierduliege.com\/wp-content\/uploads\/2019\/09\/4-150x150.jpg 150w, https:\/\/latelierduliege.com\/wp-content\/uploads\/2019\/09\/4-300x300.jpg 300w, https:\/\/latelierduliege.com\/wp-content\/uploads\/2019\/09\/4-768x768.jpg 768w, https:\/\/latelierduliege.com\/wp-content\/uploads\/2019\/09\/4-600x600.jpg 600w, https:\/\/latelierduliege.com\/wp-content\/uploads\/2019\/09\/4.jpg 1200w\" sizes=\"auto, (max-width: 1020px) 100vw, 1020px\" \/>\t\t\t\t\t\t\n\t\t\t\t\t<\/div>\n\t\t\t\t\t\t\t\t\n<style>\n#image_1775484243 {\n  width: 100%;\n}\n<\/style>\n\t<\/div>\n\t\n\n\n\t\t<\/div>\n\t\t\t\t\t<\/div>\n\n\t\n\n\n<style>\n#row-1987878752 > .col > .col-inner {\n  background-color: rgb(255,255,255);\n}\n<\/style>\n<\/div>\n\n\t\t<\/div>\n\n\t\t\n<style>\n#section_969147047 {\n  padding-top: 0px;\n  padding-bottom: 0px;\n  background-color: rgb(226, 227, 231);\n}\n<\/style>\n\t<\/section>","protected":false},"excerpt":{"rendered":"","protected":false},"author":1,"featured_media":0,"parent":0,"menu_order":0,"comment_status":"closed","ping_status":"closed","template":"page-blank.php","meta":{"footnotes":""},"class_list":["post-301","page","type-page","status-publish","hentry"],"yoast_head":"<!-- This site is optimized with the Yoast SEO plugin v27.3 - https:\/\/yoast.com\/product\/yoast-seo-wordpress\/ -->\n<title>Notre entreprise - L&#039;Atelier du Li\u00e8ge<\/title>\n<meta name=\"description\" content=\"D\u00e9couvrez nos valeurs, nos modes de fabrication, nos mat\u00e9riaux et tout ce qu&#039;il faut savoir sur notre entreprise. La mode Vegan \u00e0 base de li\u00e8ge commence ici\" \/>\n<meta name=\"robots\" content=\"index, follow, max-snippet:-1, max-image-preview:large, max-video-preview:-1\" \/>\n<link rel=\"canonical\" href=\"https:\/\/latelierduliege.com\/it\/notre-entreprise\/\" \/>\n<meta property=\"og:locale\" content=\"it_IT\" \/>\n<meta property=\"og:type\" content=\"article\" \/>\n<meta property=\"og:title\" content=\"Notre entreprise - L&#039;Atelier du Li\u00e8ge\" \/>\n<meta property=\"og:description\" content=\"D\u00e9couvrez nos valeurs, nos modes de fabrication, nos mat\u00e9riaux et tout ce qu&#039;il faut savoir sur notre entreprise. La mode Vegan \u00e0 base de li\u00e8ge commence ici\" \/>\n<meta property=\"og:url\" content=\"https:\/\/latelierduliege.com\/it\/notre-entreprise\/\" \/>\n<meta property=\"og:site_name\" content=\"L&#039;Atelier du Li\u00e8ge\" \/>\n<meta property=\"article:publisher\" content=\"https:\/\/www.facebook.com\" \/>\n<meta property=\"article:modified_time\" content=\"2020-03-09T07:37:46+00:00\" \/>\n<meta name=\"twitter:card\" content=\"summary_large_image\" \/>\n<meta name=\"twitter:label1\" content=\"Tempo di lettura stimato\" \/>\n\t<meta name=\"twitter:data1\" content=\"3 minuti\" \/>\n<script type=\"application\/ld+json\" class=\"yoast-schema-graph\">{\"@context\":\"https:\\\/\\\/schema.org\",\"@graph\":[{\"@type\":\"WebPage\",\"@id\":\"https:\\\/\\\/latelierduliege.com\\\/notre-entreprise\\\/\",\"url\":\"https:\\\/\\\/latelierduliege.com\\\/notre-entreprise\\\/\",\"name\":\"Notre entreprise - L&#039;Atelier du Li\u00e8ge\",\"isPartOf\":{\"@id\":\"https:\\\/\\\/latelierduliege.com\\\/#website\"},\"datePublished\":\"2019-09-12T11:17:35+00:00\",\"dateModified\":\"2020-03-09T07:37:46+00:00\",\"description\":\"D\u00e9couvrez nos valeurs, nos modes de fabrication, nos mat\u00e9riaux et tout ce qu'il faut savoir sur notre entreprise. La mode Vegan \u00e0 base de li\u00e8ge commence ici\",\"breadcrumb\":{\"@id\":\"https:\\\/\\\/latelierduliege.com\\\/notre-entreprise\\\/#breadcrumb\"},\"inLanguage\":\"it-IT\",\"potentialAction\":[{\"@type\":\"ReadAction\",\"target\":[\"https:\\\/\\\/latelierduliege.com\\\/notre-entreprise\\\/\"]}]},{\"@type\":\"BreadcrumbList\",\"@id\":\"https:\\\/\\\/latelierduliege.com\\\/notre-entreprise\\\/#breadcrumb\",\"itemListElement\":[{\"@type\":\"ListItem\",\"position\":1,\"name\":\"Home\",\"item\":\"https:\\\/\\\/latelierduliege.com\\\/\"},{\"@type\":\"ListItem\",\"position\":2,\"name\":\"Notre entreprise\"}]},{\"@type\":\"WebSite\",\"@id\":\"https:\\\/\\\/latelierduliege.com\\\/#website\",\"url\":\"https:\\\/\\\/latelierduliege.com\\\/\",\"name\":\"L'Atelier du Li\u00e8ge\",\"description\":\"Ecoresponsable par nature\",\"potentialAction\":[{\"@type\":\"SearchAction\",\"target\":{\"@type\":\"EntryPoint\",\"urlTemplate\":\"https:\\\/\\\/latelierduliege.com\\\/?s={search_term_string}\"},\"query-input\":{\"@type\":\"PropertyValueSpecification\",\"valueRequired\":true,\"valueName\":\"search_term_string\"}}],\"inLanguage\":\"it-IT\"}]}<\/script>\n<!-- \/ Yoast SEO plugin. -->","yoast_head_json":{"title":"Notre entreprise - L&#039;Atelier du Li\u00e8ge","description":"D\u00e9couvrez nos valeurs, nos modes de fabrication, nos mat\u00e9riaux et tout ce qu'il faut savoir sur notre entreprise. La mode Vegan \u00e0 base de li\u00e8ge commence ici","robots":{"index":"index","follow":"follow","max-snippet":"max-snippet:-1","max-image-preview":"max-image-preview:large","max-video-preview":"max-video-preview:-1"},"canonical":"https:\/\/latelierduliege.com\/it\/notre-entreprise\/","og_locale":"it_IT","og_type":"article","og_title":"Notre entreprise - L&#039;Atelier du Li\u00e8ge","og_description":"D\u00e9couvrez nos valeurs, nos modes de fabrication, nos mat\u00e9riaux et tout ce qu'il faut savoir sur notre entreprise. La mode Vegan \u00e0 base de li\u00e8ge commence ici","og_url":"https:\/\/latelierduliege.com\/it\/notre-entreprise\/","og_site_name":"L&#039;Atelier du Li\u00e8ge","article_publisher":"https:\/\/www.facebook.com","article_modified_time":"2020-03-09T07:37:46+00:00","twitter_card":"summary_large_image","twitter_misc":{"Tempo di lettura stimato":"3 minuti"},"schema":{"@context":"https:\/\/schema.org","@graph":[{"@type":"WebPage","@id":"https:\/\/latelierduliege.com\/notre-entreprise\/","url":"https:\/\/latelierduliege.com\/notre-entreprise\/","name":"Notre entreprise - L&#039;Atelier du Li\u00e8ge","isPartOf":{"@id":"https:\/\/latelierduliege.com\/#website"},"datePublished":"2019-09-12T11:17:35+00:00","dateModified":"2020-03-09T07:37:46+00:00","description":"D\u00e9couvrez nos valeurs, nos modes de fabrication, nos mat\u00e9riaux et tout ce qu'il faut savoir sur notre entreprise. La mode Vegan \u00e0 base de li\u00e8ge commence ici","breadcrumb":{"@id":"https:\/\/latelierduliege.com\/notre-entreprise\/#breadcrumb"},"inLanguage":"it-IT","potentialAction":[{"@type":"ReadAction","target":["https:\/\/latelierduliege.com\/notre-entreprise\/"]}]},{"@type":"BreadcrumbList","@id":"https:\/\/latelierduliege.com\/notre-entreprise\/#breadcrumb","itemListElement":[{"@type":"ListItem","position":1,"name":"Home","item":"https:\/\/latelierduliege.com\/"},{"@type":"ListItem","position":2,"name":"Notre entreprise"}]},{"@type":"WebSite","@id":"https:\/\/latelierduliege.com\/#website","url":"https:\/\/latelierduliege.com\/","name":"L'Atelier du Li\u00e8ge","description":"Ecoresponsable par nature","potentialAction":[{"@type":"SearchAction","target":{"@type":"EntryPoint","urlTemplate":"https:\/\/latelierduliege.com\/?s={search_term_string}"},"query-input":{"@type":"PropertyValueSpecification","valueRequired":true,"valueName":"search_term_string"}}],"inLanguage":"it-IT"}]}},"_links":{"self":[{"href":"https:\/\/latelierduliege.com\/it\/wp-json\/wp\/v2\/pages\/301","targetHints":{"allow":["GET"]}}],"collection":[{"href":"https:\/\/latelierduliege.com\/it\/wp-json\/wp\/v2\/pages"}],"about":[{"href":"https:\/\/latelierduliege.com\/it\/wp-json\/wp\/v2\/types\/page"}],"author":[{"embeddable":true,"href":"https:\/\/latelierduliege.com\/it\/wp-json\/wp\/v2\/users\/1"}],"replies":[{"embeddable":true,"href":"https:\/\/latelierduliege.com\/it\/wp-json\/wp\/v2\/comments?post=301"}],"version-history":[{"count":31,"href":"https:\/\/latelierduliege.com\/it\/wp-json\/wp\/v2\/pages\/301\/revisions"}],"predecessor-version":[{"id":6011,"href":"https:\/\/latelierduliege.com\/it\/wp-json\/wp\/v2\/pages\/301\/revisions\/6011"}],"wp:attachment":[{"href":"https:\/\/latelierduliege.com\/it\/wp-json\/wp\/v2\/media?parent=301"}],"curies":[{"name":"wp","href":"https:\/\/api.w.org\/{rel}","templated":true}]}}