{"id":424,"date":"2019-09-12T10:26:44","date_gmt":"2019-09-12T10:26:44","guid":{"rendered":"http:\/\/latelierduliege.com\/?page_id=424"},"modified":"2024-06-09T16:40:25","modified_gmt":"2024-06-09T16:40:25","slug":"nos-valeurs","status":"publish","type":"page","link":"https:\/\/latelierduliege.com\/it\/nos-valeurs\/","title":{"rendered":"I Valori"},"content":{"rendered":"<div class=\"img has-hover x md-x lg-x y md-y lg-y\" id=\"image_407279254\">\n\t\t\t\t\t\t\t\t<div class=\"img-inner image-cover dark\" style=\"padding-top:30%;margin:0px 0px 0 0px;\">\n\t\t\t<img loading=\"lazy\" decoding=\"async\" width=\"2400\" height=\"1602\" src=\"https:\/\/latelierduliege.com\/wp-content\/uploads\/2019\/09\/1.jpg\" class=\"attachment-original size-original\" alt=\"\" srcset=\"https:\/\/latelierduliege.com\/wp-content\/uploads\/2019\/09\/1.jpg 2400w, https:\/\/latelierduliege.com\/wp-content\/uploads\/2019\/09\/1-510x340.jpg 510w, https:\/\/latelierduliege.com\/wp-content\/uploads\/2019\/09\/1-300x200.jpg 300w, https:\/\/latelierduliege.com\/wp-content\/uploads\/2019\/09\/1-768x513.jpg 768w, https:\/\/latelierduliege.com\/wp-content\/uploads\/2019\/09\/1-1024x684.jpg 1024w, https:\/\/latelierduliege.com\/wp-content\/uploads\/2019\/09\/1-600x401.jpg 600w\" sizes=\"auto, (max-width: 2400px) 100vw, 2400px\" \/>\t\t\t\t\t\t\n\t\t\t\t\t<\/div>\n\t\t\t\t\t\t\t\t\n<style>\n#image_407279254 {\n  width: 100%;\n}\n<\/style>\n\t<\/div>\n\t\n\n<div class=\"row row-collapse row-full-width align-middle\"  id=\"row-985402741\">\n\n\n\t<div id=\"col-1486716609\" class=\"col medium-6 large-6\"  >\n\t\t\t\t<div class=\"col-inner\"  >\n\t\t\t\n\t\t\t\n\n\t<div class=\"img has-hover x md-x lg-x y md-y lg-y\" id=\"image_653413928\">\n\t\t\t\t\t\t\t\t<div class=\"img-inner dark\" >\n\t\t\t<img loading=\"lazy\" decoding=\"async\" width=\"760\" height=\"500\" src=\"https:\/\/latelierduliege.com\/wp-content\/uploads\/2019\/09\/peta-approved.png\" class=\"attachment-large size-large\" alt=\"\" srcset=\"https:\/\/latelierduliege.com\/wp-content\/uploads\/2019\/09\/peta-approved.png 760w, https:\/\/latelierduliege.com\/wp-content\/uploads\/2019\/09\/peta-approved-510x336.png 510w, https:\/\/latelierduliege.com\/wp-content\/uploads\/2019\/09\/peta-approved-300x197.png 300w, https:\/\/latelierduliege.com\/wp-content\/uploads\/2019\/09\/peta-approved-600x395.png 600w\" sizes=\"auto, (max-width: 760px) 100vw, 760px\" \/>\t\t\t\t\t\t\n\t\t\t\t\t<\/div>\n\t\t\t\t\t\t\t\t\n<style>\n#image_653413928 {\n  width: 100%;\n}\n<\/style>\n\t<\/div>\n\t\n\n\n\t\t<\/div>\n\t\t\t\t\t<\/div>\n\n\t\n\n\t<div id=\"col-632664324\" class=\"col medium-6 large-6\"  >\n\t\t\t\t<div class=\"col-inner\"  >\n\t\t\t\n\t\t\t\n\n<h5 class=\"uppercase\" style=\"text-align: center;\"><span style=\"color: #000000;\">100% Vegan et cruELty-FREE<\/span><\/h5>\n<p style=\"text-align: center;\"><span style=\"color: #000000;\">L&rsquo;Atelier du Li\u00e8ge est la maroquinerie vegan \u00e9co-responsable que vous avez toujours recherch\u00e9 : <strong>les propri\u00e9t\u00e9s du cuir, sauf que tout vient de l&rsquo;\u00e9corce d&rsquo;un arbre.<\/strong> Si la dignit\u00e9 et la protection des animaux est importante \u00e0 vos yeux sachez que : <strong>toutes nos pi\u00e8ces sont 100% d&rsquo;origine v\u00e9g\u00e9tale et sont certifi\u00e9es \u00a0\u00bb PETA-approved Vegan\u00a0\u00bb.<\/strong><\/span><\/p>\n\n\t\t<\/div>\n\t\t\t\t\t<\/div>\n\n\t\n\n<\/div>\n<div class=\"row row-collapse row-full-width align-middle\"  id=\"row-1164749114\">\n\n\n\t<div id=\"col-1044648659\" class=\"col medium-6 large-6\"  >\n\t\t\t\t<div class=\"col-inner\"  >\n\t\t\t\n\t\t\t\n\n<h5 class=\"uppercase\" style=\"text-align: center;\"><span style=\"color: #000000;\">\u00c9co-RESPONSABLE<\/span><\/h5>\n<p style=\"text-align: center;\"><span style=\"color: #000000;\">Nous sommes engag\u00e9s pour une production de li\u00e8ge <strong>durable et responsable.<\/strong> Notre li\u00e8ge est obtenu en enlevant l&rsquo;\u00e9corce ext\u00e9rieure de l&rsquo;arbre, <strong>sans le couper ni l&rsquo;ab\u00eemer.<\/strong>&nbsp;Nos fournisseurs entretiennent et d\u00e9veloppent des for\u00eats de ch\u00eane-li\u00e8ges, leurs permettant de vivre plus longtemps et d&rsquo;obtenir un li\u00e8ge d&rsquo;une qualit\u00e9 in\u00e9gal\u00e9e.&nbsp;<\/span><\/p>\n<p style=\"text-align: center;\"><span style=\"color: #000000;\">Pour aller jusqu&rsquo;au bout de notre d\u00e9marche nous utilisons du <strong>cotton bio pour nos tissus,<\/strong> ainsi que <strong>des teintures et des colles 100% v\u00e9g\u00e9tales<\/strong>.<\/span><\/p>\n\n\t\t<\/div>\n\t\t\t\t\t<\/div>\n\n\t\n\n\t<div id=\"col-642566990\" class=\"col medium-6 large-6\"  >\n\t\t\t\t<div class=\"col-inner\"  >\n\t\t\t\n\t\t\t\n\n\t<div class=\"img has-hover x md-x lg-x y md-y lg-y\" id=\"image_2022906967\">\n\t\t\t\t\t\t\t\t<div class=\"img-inner dark\" >\n\t\t\t<img loading=\"lazy\" decoding=\"async\" width=\"1020\" height=\"719\" src=\"https:\/\/latelierduliege.com\/wp-content\/uploads\/2019\/09\/2-1024x722.jpeg\" class=\"attachment-large size-large\" alt=\"\" srcset=\"https:\/\/latelierduliege.com\/wp-content\/uploads\/2019\/09\/2-1024x722.jpeg 1024w, https:\/\/latelierduliege.com\/wp-content\/uploads\/2019\/09\/2-510x360.jpeg 510w, https:\/\/latelierduliege.com\/wp-content\/uploads\/2019\/09\/2-300x212.jpeg 300w, https:\/\/latelierduliege.com\/wp-content\/uploads\/2019\/09\/2-768x542.jpeg 768w, https:\/\/latelierduliege.com\/wp-content\/uploads\/2019\/09\/2-600x423.jpeg 600w, https:\/\/latelierduliege.com\/wp-content\/uploads\/2019\/09\/2.jpeg 2000w\" sizes=\"auto, (max-width: 1020px) 100vw, 1020px\" \/>\t\t\t\t\t\t\n\t\t\t\t\t<\/div>\n\t\t\t\t\t\t\t\t\n<style>\n#image_2022906967 {\n  width: 100%;\n}\n<\/style>\n\t<\/div>\n\t\n\n\n\t\t<\/div>\n\t\t\t\t\t<\/div>\n\n\t\n\n<\/div>\n<div class=\"row row-collapse row-full-width align-middle\"  id=\"row-280321230\">\n\n\n\t<div id=\"col-2116643872\" class=\"col medium-6 large-6\"  >\n\t\t\t\t<div class=\"col-inner\"  >\n\t\t\t\n\t\t\t\n\n\t<div class=\"img has-hover x md-x lg-x y md-y lg-y\" id=\"image_1397877453\">\n\t\t\t\t\t\t\t\t<div class=\"img-inner dark\" >\n\t\t\t<img loading=\"lazy\" decoding=\"async\" width=\"1020\" height=\"678\" src=\"https:\/\/latelierduliege.com\/wp-content\/uploads\/2019\/09\/3-1024x681.jpg\" class=\"attachment-large size-large\" alt=\"\" srcset=\"https:\/\/latelierduliege.com\/wp-content\/uploads\/2019\/09\/3-1024x681.jpg 1024w, https:\/\/latelierduliege.com\/wp-content\/uploads\/2019\/09\/3-510x339.jpg 510w, https:\/\/latelierduliege.com\/wp-content\/uploads\/2019\/09\/3-300x199.jpg 300w, https:\/\/latelierduliege.com\/wp-content\/uploads\/2019\/09\/3-768x511.jpg 768w, https:\/\/latelierduliege.com\/wp-content\/uploads\/2019\/09\/3-600x399.jpg 600w, https:\/\/latelierduliege.com\/wp-content\/uploads\/2019\/09\/3.jpg 1080w\" sizes=\"auto, (max-width: 1020px) 100vw, 1020px\" \/>\t\t\t\t\t\t\n\t\t\t\t\t<\/div>\n\t\t\t\t\t\t\t\t\n<style>\n#image_1397877453 {\n  width: 100%;\n}\n<\/style>\n\t<\/div>\n\t\n\n\n\t\t<\/div>\n\t\t\t\t\t<\/div>\n\n\t\n\n\t<div id=\"col-1354870577\" class=\"col medium-6 large-6\"  >\n\t\t\t\t<div class=\"col-inner\"  >\n\t\t\t\n\t\t\t\n\n<h5 class=\"uppercase\" style=\"text-align: center;\"><span style=\"color: #000000;\">FABRICATION ARTISANALE<\/span><\/h5>\n<p style=\"text-align: center;\"><span style=\"color: #000000;\">L&rsquo;Atelier du Li\u00e8ge c&rsquo;est une poign\u00e9e d&#8217;employ\u00e9s passionn\u00e9s qui exercent un <strong>v\u00e9ritable savoir-faire artisanal<\/strong> depuis des ann\u00e9es. Nous sommes une entreprise \u00e0 taille humaine qui met avant tout l&rsquo;accent sur la qualit\u00e9 de fabrication&nbsp; : Notre atelier produit des pi\u00e8ces de qualit\u00e9 <strong>haut de gamme<\/strong> aux <strong>finitions soign\u00e9es.&nbsp;<\/strong><\/span><\/p>\n\n\t\t<\/div>\n\t\t\t\t\t<\/div>\n\n\t\n\n<\/div>","protected":false},"excerpt":{"rendered":"","protected":false},"author":1,"featured_media":0,"parent":0,"menu_order":0,"comment_status":"closed","ping_status":"closed","template":"page-blank.php","meta":{"footnotes":""},"class_list":["post-424","page","type-page","status-publish","hentry"],"yoast_head":"<!-- This site is optimized with the Yoast SEO plugin v27.3 - https:\/\/yoast.com\/product\/yoast-seo-wordpress\/ -->\n<title>Nos Valeurs - L&#039;Atelier du Li\u00e8ge<\/title>\n<meta name=\"description\" content=\"L&#039;Atelier du Li\u00e8ge est une entreprise vegan certifi\u00e9e &quot;PETA-approved&quot;. Nous faisons une mode \u00e9thique \u00e0 base de li\u00e8ge. Apprenez en plus sur nos valeurs !\" \/>\n<meta name=\"robots\" content=\"index, follow, max-snippet:-1, max-image-preview:large, max-video-preview:-1\" \/>\n<link rel=\"canonical\" href=\"https:\/\/latelierduliege.com\/it\/nos-valeurs\/\" \/>\n<meta property=\"og:locale\" content=\"it_IT\" \/>\n<meta property=\"og:type\" content=\"article\" \/>\n<meta property=\"og:title\" content=\"Nos Valeurs - L&#039;Atelier du Li\u00e8ge\" \/>\n<meta property=\"og:description\" content=\"L&#039;Atelier du Li\u00e8ge est une entreprise vegan certifi\u00e9e &quot;PETA-approved&quot;. Nous faisons une mode \u00e9thique \u00e0 base de li\u00e8ge. Apprenez en plus sur nos valeurs !\" \/>\n<meta property=\"og:url\" content=\"https:\/\/latelierduliege.com\/it\/nos-valeurs\/\" \/>\n<meta property=\"og:site_name\" content=\"L&#039;Atelier du Li\u00e8ge\" \/>\n<meta property=\"article:publisher\" content=\"https:\/\/www.facebook.com\" \/>\n<meta property=\"article:modified_time\" content=\"2024-06-09T16:40:25+00:00\" \/>\n<meta name=\"twitter:card\" content=\"summary_large_image\" \/>\n<meta name=\"twitter:label1\" content=\"Tempo di lettura stimato\" \/>\n\t<meta name=\"twitter:data1\" content=\"1 minuto\" \/>\n<script type=\"application\/ld+json\" class=\"yoast-schema-graph\">{\"@context\":\"https:\\\/\\\/schema.org\",\"@graph\":[{\"@type\":\"WebPage\",\"@id\":\"https:\\\/\\\/latelierduliege.com\\\/nos-valeurs\\\/\",\"url\":\"https:\\\/\\\/latelierduliege.com\\\/nos-valeurs\\\/\",\"name\":\"Nos Valeurs - L&#039;Atelier du Li\u00e8ge\",\"isPartOf\":{\"@id\":\"https:\\\/\\\/latelierduliege.com\\\/#website\"},\"datePublished\":\"2019-09-12T10:26:44+00:00\",\"dateModified\":\"2024-06-09T16:40:25+00:00\",\"description\":\"L'Atelier du Li\u00e8ge est une entreprise vegan certifi\u00e9e \\\"PETA-approved\\\". Nous faisons une mode \u00e9thique \u00e0 base de li\u00e8ge. Apprenez en plus sur nos valeurs !\",\"breadcrumb\":{\"@id\":\"https:\\\/\\\/latelierduliege.com\\\/nos-valeurs\\\/#breadcrumb\"},\"inLanguage\":\"it-IT\",\"potentialAction\":[{\"@type\":\"ReadAction\",\"target\":[\"https:\\\/\\\/latelierduliege.com\\\/nos-valeurs\\\/\"]}]},{\"@type\":\"BreadcrumbList\",\"@id\":\"https:\\\/\\\/latelierduliege.com\\\/nos-valeurs\\\/#breadcrumb\",\"itemListElement\":[{\"@type\":\"ListItem\",\"position\":1,\"name\":\"Home\",\"item\":\"https:\\\/\\\/latelierduliege.com\\\/\"},{\"@type\":\"ListItem\",\"position\":2,\"name\":\"Nos Valeurs\"}]},{\"@type\":\"WebSite\",\"@id\":\"https:\\\/\\\/latelierduliege.com\\\/#website\",\"url\":\"https:\\\/\\\/latelierduliege.com\\\/\",\"name\":\"L'Atelier du Li\u00e8ge\",\"description\":\"Ecoresponsable par nature\",\"potentialAction\":[{\"@type\":\"SearchAction\",\"target\":{\"@type\":\"EntryPoint\",\"urlTemplate\":\"https:\\\/\\\/latelierduliege.com\\\/?s={search_term_string}\"},\"query-input\":{\"@type\":\"PropertyValueSpecification\",\"valueRequired\":true,\"valueName\":\"search_term_string\"}}],\"inLanguage\":\"it-IT\"}]}<\/script>\n<!-- \/ Yoast SEO plugin. -->","yoast_head_json":{"title":"Nos Valeurs - L&#039;Atelier du Li\u00e8ge","description":"L'Atelier du Li\u00e8ge est une entreprise vegan certifi\u00e9e \"PETA-approved\". Nous faisons une mode \u00e9thique \u00e0 base de li\u00e8ge. Apprenez en plus sur nos valeurs !","robots":{"index":"index","follow":"follow","max-snippet":"max-snippet:-1","max-image-preview":"max-image-preview:large","max-video-preview":"max-video-preview:-1"},"canonical":"https:\/\/latelierduliege.com\/it\/nos-valeurs\/","og_locale":"it_IT","og_type":"article","og_title":"Nos Valeurs - L&#039;Atelier du Li\u00e8ge","og_description":"L'Atelier du Li\u00e8ge est une entreprise vegan certifi\u00e9e \"PETA-approved\". Nous faisons une mode \u00e9thique \u00e0 base de li\u00e8ge. Apprenez en plus sur nos valeurs !","og_url":"https:\/\/latelierduliege.com\/it\/nos-valeurs\/","og_site_name":"L&#039;Atelier du Li\u00e8ge","article_publisher":"https:\/\/www.facebook.com","article_modified_time":"2024-06-09T16:40:25+00:00","twitter_card":"summary_large_image","twitter_misc":{"Tempo di lettura stimato":"1 minuto"},"schema":{"@context":"https:\/\/schema.org","@graph":[{"@type":"WebPage","@id":"https:\/\/latelierduliege.com\/nos-valeurs\/","url":"https:\/\/latelierduliege.com\/nos-valeurs\/","name":"Nos Valeurs - L&#039;Atelier du Li\u00e8ge","isPartOf":{"@id":"https:\/\/latelierduliege.com\/#website"},"datePublished":"2019-09-12T10:26:44+00:00","dateModified":"2024-06-09T16:40:25+00:00","description":"L'Atelier du Li\u00e8ge est une entreprise vegan certifi\u00e9e \"PETA-approved\". Nous faisons une mode \u00e9thique \u00e0 base de li\u00e8ge. Apprenez en plus sur nos valeurs !","breadcrumb":{"@id":"https:\/\/latelierduliege.com\/nos-valeurs\/#breadcrumb"},"inLanguage":"it-IT","potentialAction":[{"@type":"ReadAction","target":["https:\/\/latelierduliege.com\/nos-valeurs\/"]}]},{"@type":"BreadcrumbList","@id":"https:\/\/latelierduliege.com\/nos-valeurs\/#breadcrumb","itemListElement":[{"@type":"ListItem","position":1,"name":"Home","item":"https:\/\/latelierduliege.com\/"},{"@type":"ListItem","position":2,"name":"Nos Valeurs"}]},{"@type":"WebSite","@id":"https:\/\/latelierduliege.com\/#website","url":"https:\/\/latelierduliege.com\/","name":"L'Atelier du Li\u00e8ge","description":"Ecoresponsable par nature","potentialAction":[{"@type":"SearchAction","target":{"@type":"EntryPoint","urlTemplate":"https:\/\/latelierduliege.com\/?s={search_term_string}"},"query-input":{"@type":"PropertyValueSpecification","valueRequired":true,"valueName":"search_term_string"}}],"inLanguage":"it-IT"}]}},"_links":{"self":[{"href":"https:\/\/latelierduliege.com\/it\/wp-json\/wp\/v2\/pages\/424","targetHints":{"allow":["GET"]}}],"collection":[{"href":"https:\/\/latelierduliege.com\/it\/wp-json\/wp\/v2\/pages"}],"about":[{"href":"https:\/\/latelierduliege.com\/it\/wp-json\/wp\/v2\/types\/page"}],"author":[{"embeddable":true,"href":"https:\/\/latelierduliege.com\/it\/wp-json\/wp\/v2\/users\/1"}],"replies":[{"embeddable":true,"href":"https:\/\/latelierduliege.com\/it\/wp-json\/wp\/v2\/comments?post=424"}],"version-history":[{"count":13,"href":"https:\/\/latelierduliege.com\/it\/wp-json\/wp\/v2\/pages\/424\/revisions"}],"predecessor-version":[{"id":2732,"href":"https:\/\/latelierduliege.com\/it\/wp-json\/wp\/v2\/pages\/424\/revisions\/2732"}],"wp:attachment":[{"href":"https:\/\/latelierduliege.com\/it\/wp-json\/wp\/v2\/media?parent=424"}],"curies":[{"name":"wp","href":"https:\/\/api.w.org\/{rel}","templated":true}]}}