{"id":467,"date":"2019-09-17T08:52:22","date_gmt":"2019-09-17T08:52:22","guid":{"rendered":"http:\/\/latelierduliege.com\/?page_id=467"},"modified":"2025-01-28T09:51:24","modified_gmt":"2025-01-28T09:51:24","slug":"notre-savoir-faire-artisanal","status":"publish","type":"page","link":"https:\/\/latelierduliege.com\/it\/notre-savoir-faire-artisanal\/","title":{"rendered":"La nostra artigianalit\u00e0"},"content":{"rendered":"<section class=\"section\" id=\"section_646336046\">\n\t\t<div class=\"section-bg fill\" >\n\t\t\t\t\t\t\t\t\t\n\t\t\t\n\t<div class=\"is-border\"\n\t\tstyle=\"border-color:rgb(235, 235, 235);border-width:1px 0px 0px 0px;\">\n\t<\/div>\n\n\t\t<\/div>\n\n\t\t\n\n\t\t<div class=\"section-content relative\">\n\t\t\t\n\n<div class=\"row row-large align-middle align-center\"  id=\"row-1100937348\">\n\n\n\t<div id=\"col-282252724\" class=\"col medium-6 small-12 large-6\"  >\n\t\t\t\t<div class=\"col-inner text-center dark\"  >\n\t\t\t\n\t\t\t\n\n<p>\u00a0<\/p>\n<h2><span style=\"color: #282828;\">15 ans de savoir-faire \u00e0 votre service<\/span><\/h2>\n<p><span style=\"color: #282828;\">Tous nos produits sont fabriqu\u00e9s \u00e0 la main par des personnes passionn\u00e9es qui voient dans le li\u00e8ge un r\u00e9el avenir.<\/span><\/p>\n\n\t\t<\/div>\n\t\t\t\t\t<\/div>\n\n\t\n\n\t<div id=\"col-876095541\" class=\"col medium-6 small-12 large-6\"  data-animate=\"flipInY\">\n\t\t\t\t<div class=\"col-inner text-left box-shadow-2 box-shadow-5-hover\" style=\"background-color:rgb(255, 255, 255);\" >\n\t\t\t\n\t\t\t\n\n<div class=\"video video-fit mb\" style=\"padding-top:100%;\"><iframe loading=\"lazy\" title=\"video atelier du li\u00e8ge\" width=\"1020\" height=\"765\" src=\"https:\/\/www.youtube.com\/embed\/JAvsUEPoTrI?feature=oembed\" frameborder=\"0\" allow=\"accelerometer; autoplay; clipboard-write; encrypted-media; gyroscope; picture-in-picture; web-share\" referrerpolicy=\"strict-origin-when-cross-origin\" allowfullscreen><\/iframe><\/div>\n\n\n\t\t<\/div>\n\t\t\t\t\n<style>\n#col-876095541 > .col-inner {\n  padding: 15px 15px 15px 15px;\n}\n<\/style>\n\t<\/div>\n\n\t\n\n<\/div>\n\n\t\t<\/div>\n\n\t\t\n<style>\n#section_646336046 {\n  padding-top: 59px;\n  padding-bottom: 59px;\n  min-height: 300px;\n  background-color: rgb(227, 222, 222);\n}\n<\/style>\n\t<\/section>\n\t\n<div class=\"row row-collapse row-full-width align-middle\"  id=\"row-1745669712\">\n\n\n\t<div id=\"col-111312667\" class=\"col medium-6 large-6\"  >\n\t\t\t\t<div class=\"col-inner\"  >\n\t\t\t\n\t\t\t\n\n\t<div class=\"img has-hover x md-x lg-x y md-y lg-y\" id=\"image_543880063\">\n\t\t\t\t\t\t\t\t<div class=\"img-inner dark\" >\n\t\t\t<img loading=\"lazy\" decoding=\"async\" width=\"1020\" height=\"1020\" src=\"https:\/\/latelierduliege.com\/wp-content\/uploads\/2019\/09\/4-1024x1024.jpg\" class=\"attachment-large size-large\" alt=\"\" srcset=\"https:\/\/latelierduliege.com\/wp-content\/uploads\/2019\/09\/4-1024x1024.jpg 1024w, https:\/\/latelierduliege.com\/wp-content\/uploads\/2019\/09\/4-100x100.jpg 100w, https:\/\/latelierduliege.com\/wp-content\/uploads\/2019\/09\/4-510x510.jpg 510w, https:\/\/latelierduliege.com\/wp-content\/uploads\/2019\/09\/4-150x150.jpg 150w, https:\/\/latelierduliege.com\/wp-content\/uploads\/2019\/09\/4-300x300.jpg 300w, https:\/\/latelierduliege.com\/wp-content\/uploads\/2019\/09\/4-768x768.jpg 768w, https:\/\/latelierduliege.com\/wp-content\/uploads\/2019\/09\/4-600x600.jpg 600w, https:\/\/latelierduliege.com\/wp-content\/uploads\/2019\/09\/4.jpg 1200w\" sizes=\"auto, (max-width: 1020px) 100vw, 1020px\" \/>\t\t\t\t\t\t\n\t\t\t\t\t<\/div>\n\t\t\t\t\t\t\t\t\n<style>\n#image_543880063 {\n  width: 100%;\n}\n<\/style>\n\t<\/div>\n\t\n\n\n\t\t<\/div>\n\t\t\t\t\t<\/div>\n\n\t\n\n\t<div id=\"col-1063966982\" class=\"col medium-6 large-6\"  >\n\t\t\t\t<div class=\"col-inner\"  >\n\t\t\t\n\t\t\t\n\n<h3 style=\"text-align: center;\"><span style=\"color: #000000;\"><strong>LA MEILLEURE QUALIT\u00c9 DE LI\u00c8GE<\/strong><\/span><\/h3>\n<p style=\"text-align: center;\"><span style=\"color: #000000;\">Nous confectionnons nos sacs, portefeuilles, ceintures et autres accessoires en li\u00e8ge dans le but qu&rsquo;ils vous accompagnent au fil des ann\u00e9es. Nous choisissons donc <strong>les meilleurs fournisseurs<\/strong> <strong>du Portuga<\/strong>l afin de pouvoir travailler ce mat\u00e9riel de la fa\u00e7on la plus noble qui soit.&nbsp;<\/span><\/p>\n\n\t\t<\/div>\n\t\t\t\t\t<\/div>\n\n\t\n\n<\/div>\n<div class=\"row row-collapse row-full-width align-middle\"  id=\"row-239166325\">\n\n\n\t<div id=\"col-958474528\" class=\"col medium-6 large-6\"  >\n\t\t\t\t<div class=\"col-inner\"  >\n\t\t\t\n\t\t\t\n\n<h3 style=\"text-align: center;\"><span style=\"color: #000000;\"><strong>UN SAVOIR-FAIRE ARTISANAL<\/strong><\/span><\/h3>\n<p style=\"text-align: center;\"><span style=\"color: #000000;\">Des artisans qui travaillent le li\u00e8ge depuis des ann\u00e9es. Une <strong>\u00e9quipe passionn\u00e9e <\/strong>fi\u00e8re de pouvoir cr\u00e9er des objets de qualit\u00e9, avec des finitions soign\u00e9es. <strong>Un v\u00e9ritable savoir-faire traditionnel<\/strong> qui ne peut \u00eatre imit\u00e9 par les industriels ! <\/span><\/p>\n<p style=\"text-align: center;\"><span style=\"color: #000000;\">En commandant chez nous, vous \u00eates certains d&rsquo;obtenir <strong>un produit de qualit\u00e9 <\/strong>qui n&rsquo;a pas \u00e9t\u00e9 produit \u00e0 la chaine.<\/span><\/p>\n\n\t\t<\/div>\n\t\t\t\t\t<\/div>\n\n\t\n\n\t<div id=\"col-1902947144\" class=\"col medium-6 large-6\"  >\n\t\t\t\t<div class=\"col-inner\"  >\n\t\t\t\n\t\t\t\n\n\t<div class=\"img has-hover x md-x lg-x y md-y lg-y\" id=\"image_607483623\">\n\t\t\t\t\t\t\t\t<div class=\"img-inner dark\" >\n\t\t\t<img loading=\"lazy\" decoding=\"async\" width=\"960\" height=\"960\" src=\"https:\/\/latelierduliege.com\/wp-content\/uploads\/2019\/09\/5-1.jpg\" class=\"attachment-large size-large\" alt=\"\" srcset=\"https:\/\/latelierduliege.com\/wp-content\/uploads\/2019\/09\/5-1.jpg 960w, https:\/\/latelierduliege.com\/wp-content\/uploads\/2019\/09\/5-1-100x100.jpg 100w, https:\/\/latelierduliege.com\/wp-content\/uploads\/2019\/09\/5-1-510x510.jpg 510w, https:\/\/latelierduliege.com\/wp-content\/uploads\/2019\/09\/5-1-150x150.jpg 150w, https:\/\/latelierduliege.com\/wp-content\/uploads\/2019\/09\/5-1-300x300.jpg 300w, https:\/\/latelierduliege.com\/wp-content\/uploads\/2019\/09\/5-1-768x768.jpg 768w, https:\/\/latelierduliege.com\/wp-content\/uploads\/2019\/09\/5-1-600x600.jpg 600w\" sizes=\"auto, (max-width: 960px) 100vw, 960px\" \/>\t\t\t\t\t\t\n\t\t\t\t\t<\/div>\n\t\t\t\t\t\t\t\t\n<style>\n#image_607483623 {\n  width: 100%;\n}\n<\/style>\n\t<\/div>\n\t\n\n\n\t\t<\/div>\n\t\t\t\t\t<\/div>\n\n\t\n\n<\/div>\n<div class=\"row row-collapse row-full-width align-middle\"  id=\"row-600051209\">\n\n\n\t<div id=\"col-609188766\" class=\"col medium-6 large-6\"  >\n\t\t\t\t<div class=\"col-inner\"  >\n\t\t\t\n\t\t\t\n\n\t<div class=\"img has-hover x md-x lg-x y md-y lg-y\" id=\"image_2039140952\">\n\t\t\t\t\t\t\t\t<div class=\"img-inner dark\" >\n\t\t\t<img loading=\"lazy\" decoding=\"async\" width=\"1020\" height=\"678\" src=\"https:\/\/latelierduliege.com\/wp-content\/uploads\/2019\/09\/3-1024x681.jpg\" class=\"attachment-large size-large\" alt=\"\" srcset=\"https:\/\/latelierduliege.com\/wp-content\/uploads\/2019\/09\/3-1024x681.jpg 1024w, https:\/\/latelierduliege.com\/wp-content\/uploads\/2019\/09\/3-510x339.jpg 510w, https:\/\/latelierduliege.com\/wp-content\/uploads\/2019\/09\/3-300x199.jpg 300w, https:\/\/latelierduliege.com\/wp-content\/uploads\/2019\/09\/3-768x511.jpg 768w, https:\/\/latelierduliege.com\/wp-content\/uploads\/2019\/09\/3-600x399.jpg 600w, https:\/\/latelierduliege.com\/wp-content\/uploads\/2019\/09\/3.jpg 1080w\" sizes=\"auto, (max-width: 1020px) 100vw, 1020px\" \/>\t\t\t\t\t\t\n\t\t\t\t\t<\/div>\n\t\t\t\t\t\t\t\t\n<style>\n#image_2039140952 {\n  width: 100%;\n}\n<\/style>\n\t<\/div>\n\t\n\n\n\t\t<\/div>\n\t\t\t\t\t<\/div>\n\n\t\n\n\t<div id=\"col-223611070\" class=\"col medium-6 large-6\"  >\n\t\t\t\t<div class=\"col-inner\"  >\n\t\t\t\n\t\t\t\n\n<h3 style=\"text-align: center;\"><span style=\"color: #000000;\"><strong>UN ATELIER IND\u00c9PENDANT<\/strong><\/span><\/h3>\n<p style=\"text-align: center;\"><span style=\"color: #000000;\"><span style=\"color: #000000;\">Rester ind\u00e9pendant et ne devoir d\u00e9pendre de personne nous permets de contr\u00f4ler l&rsquo;ensemble de notre chaine de production. Notre fa\u00e7on \u00e0 nous de toujours vous garantir des produits irr\u00e9prochables. Du design \u00e0 la livraison en passant par la confection des produits, nous contr\u00f4lons tout !<\/span><\/span><\/p>\n<p style=\"text-align: center;\"><span style=\"color: #000000;\">Nous continuons sans cesse d&rsquo;imaginer de nouvelles collections et d&rsquo;am\u00e9liorer nos processus de fabrication.&nbsp;<\/span><\/p>\n\n\t\t<\/div>\n\t\t\t\t\t<\/div>\n\n\t\n\n<\/div>","protected":false},"excerpt":{"rendered":"","protected":false},"author":1,"featured_media":0,"parent":0,"menu_order":0,"comment_status":"closed","ping_status":"closed","template":"page-blank.php","meta":{"footnotes":""},"class_list":["post-467","page","type-page","status-publish","hentry"],"yoast_head":"<!-- This site is optimized with the Yoast SEO plugin v27.3 - https:\/\/yoast.com\/product\/yoast-seo-wordpress\/ -->\n<title>Notre Savoir-Faire - L&#039;Atelier du Li\u00e8ge<\/title>\n<meta name=\"description\" content=\"Un savoir-faire et un travail du li\u00e8ge artisanal depuis des ann\u00e9es. Toutes nos pi\u00e8ces en li\u00e8ge sont fabriqu\u00e9s \u00e0 la main \u00e0 partir des meilleurs mat\u00e9riaux.\" \/>\n<meta name=\"robots\" content=\"index, follow, max-snippet:-1, max-image-preview:large, max-video-preview:-1\" \/>\n<link rel=\"canonical\" href=\"https:\/\/latelierduliege.com\/it\/notre-savoir-faire-artisanal\/\" \/>\n<meta property=\"og:locale\" content=\"it_IT\" \/>\n<meta property=\"og:type\" content=\"article\" \/>\n<meta property=\"og:title\" content=\"Notre Savoir-Faire - L&#039;Atelier du Li\u00e8ge\" \/>\n<meta property=\"og:description\" content=\"Un savoir-faire et un travail du li\u00e8ge artisanal depuis des ann\u00e9es. Toutes nos pi\u00e8ces en li\u00e8ge sont fabriqu\u00e9s \u00e0 la main \u00e0 partir des meilleurs mat\u00e9riaux.\" \/>\n<meta property=\"og:url\" content=\"https:\/\/latelierduliege.com\/it\/notre-savoir-faire-artisanal\/\" \/>\n<meta property=\"og:site_name\" content=\"L&#039;Atelier du Li\u00e8ge\" \/>\n<meta property=\"article:publisher\" content=\"https:\/\/www.facebook.com\" \/>\n<meta property=\"article:modified_time\" content=\"2025-01-28T09:51:24+00:00\" \/>\n<meta name=\"twitter:card\" content=\"summary_large_image\" \/>\n<meta name=\"twitter:label1\" content=\"Tempo di lettura stimato\" \/>\n\t<meta name=\"twitter:data1\" content=\"2 minuti\" \/>\n<script type=\"application\/ld+json\" class=\"yoast-schema-graph\">{\"@context\":\"https:\\\/\\\/schema.org\",\"@graph\":[{\"@type\":\"WebPage\",\"@id\":\"https:\\\/\\\/latelierduliege.com\\\/notre-savoir-faire-artisanal\\\/\",\"url\":\"https:\\\/\\\/latelierduliege.com\\\/notre-savoir-faire-artisanal\\\/\",\"name\":\"Notre Savoir-Faire - L&#039;Atelier du Li\u00e8ge\",\"isPartOf\":{\"@id\":\"https:\\\/\\\/latelierduliege.com\\\/#website\"},\"datePublished\":\"2019-09-17T08:52:22+00:00\",\"dateModified\":\"2025-01-28T09:51:24+00:00\",\"description\":\"Un savoir-faire et un travail du li\u00e8ge artisanal depuis des ann\u00e9es. Toutes nos pi\u00e8ces en li\u00e8ge sont fabriqu\u00e9s \u00e0 la main \u00e0 partir des meilleurs mat\u00e9riaux.\",\"breadcrumb\":{\"@id\":\"https:\\\/\\\/latelierduliege.com\\\/notre-savoir-faire-artisanal\\\/#breadcrumb\"},\"inLanguage\":\"it-IT\",\"potentialAction\":[{\"@type\":\"ReadAction\",\"target\":[\"https:\\\/\\\/latelierduliege.com\\\/notre-savoir-faire-artisanal\\\/\"]}]},{\"@type\":\"BreadcrumbList\",\"@id\":\"https:\\\/\\\/latelierduliege.com\\\/notre-savoir-faire-artisanal\\\/#breadcrumb\",\"itemListElement\":[{\"@type\":\"ListItem\",\"position\":1,\"name\":\"Home\",\"item\":\"https:\\\/\\\/latelierduliege.com\\\/\"},{\"@type\":\"ListItem\",\"position\":2,\"name\":\"Notre Savoir-Faire\"}]},{\"@type\":\"WebSite\",\"@id\":\"https:\\\/\\\/latelierduliege.com\\\/#website\",\"url\":\"https:\\\/\\\/latelierduliege.com\\\/\",\"name\":\"L'Atelier du Li\u00e8ge\",\"description\":\"Ecoresponsable par nature\",\"potentialAction\":[{\"@type\":\"SearchAction\",\"target\":{\"@type\":\"EntryPoint\",\"urlTemplate\":\"https:\\\/\\\/latelierduliege.com\\\/?s={search_term_string}\"},\"query-input\":{\"@type\":\"PropertyValueSpecification\",\"valueRequired\":true,\"valueName\":\"search_term_string\"}}],\"inLanguage\":\"it-IT\"}]}<\/script>\n<!-- \/ Yoast SEO plugin. -->","yoast_head_json":{"title":"Notre Savoir-Faire - L&#039;Atelier du Li\u00e8ge","description":"Un savoir-faire et un travail du li\u00e8ge artisanal depuis des ann\u00e9es. Toutes nos pi\u00e8ces en li\u00e8ge sont fabriqu\u00e9s \u00e0 la main \u00e0 partir des meilleurs mat\u00e9riaux.","robots":{"index":"index","follow":"follow","max-snippet":"max-snippet:-1","max-image-preview":"max-image-preview:large","max-video-preview":"max-video-preview:-1"},"canonical":"https:\/\/latelierduliege.com\/it\/notre-savoir-faire-artisanal\/","og_locale":"it_IT","og_type":"article","og_title":"Notre Savoir-Faire - L&#039;Atelier du Li\u00e8ge","og_description":"Un savoir-faire et un travail du li\u00e8ge artisanal depuis des ann\u00e9es. Toutes nos pi\u00e8ces en li\u00e8ge sont fabriqu\u00e9s \u00e0 la main \u00e0 partir des meilleurs mat\u00e9riaux.","og_url":"https:\/\/latelierduliege.com\/it\/notre-savoir-faire-artisanal\/","og_site_name":"L&#039;Atelier du Li\u00e8ge","article_publisher":"https:\/\/www.facebook.com","article_modified_time":"2025-01-28T09:51:24+00:00","twitter_card":"summary_large_image","twitter_misc":{"Tempo di lettura stimato":"2 minuti"},"schema":{"@context":"https:\/\/schema.org","@graph":[{"@type":"WebPage","@id":"https:\/\/latelierduliege.com\/notre-savoir-faire-artisanal\/","url":"https:\/\/latelierduliege.com\/notre-savoir-faire-artisanal\/","name":"Notre Savoir-Faire - L&#039;Atelier du Li\u00e8ge","isPartOf":{"@id":"https:\/\/latelierduliege.com\/#website"},"datePublished":"2019-09-17T08:52:22+00:00","dateModified":"2025-01-28T09:51:24+00:00","description":"Un savoir-faire et un travail du li\u00e8ge artisanal depuis des ann\u00e9es. Toutes nos pi\u00e8ces en li\u00e8ge sont fabriqu\u00e9s \u00e0 la main \u00e0 partir des meilleurs mat\u00e9riaux.","breadcrumb":{"@id":"https:\/\/latelierduliege.com\/notre-savoir-faire-artisanal\/#breadcrumb"},"inLanguage":"it-IT","potentialAction":[{"@type":"ReadAction","target":["https:\/\/latelierduliege.com\/notre-savoir-faire-artisanal\/"]}]},{"@type":"BreadcrumbList","@id":"https:\/\/latelierduliege.com\/notre-savoir-faire-artisanal\/#breadcrumb","itemListElement":[{"@type":"ListItem","position":1,"name":"Home","item":"https:\/\/latelierduliege.com\/"},{"@type":"ListItem","position":2,"name":"Notre Savoir-Faire"}]},{"@type":"WebSite","@id":"https:\/\/latelierduliege.com\/#website","url":"https:\/\/latelierduliege.com\/","name":"L'Atelier du Li\u00e8ge","description":"Ecoresponsable par nature","potentialAction":[{"@type":"SearchAction","target":{"@type":"EntryPoint","urlTemplate":"https:\/\/latelierduliege.com\/?s={search_term_string}"},"query-input":{"@type":"PropertyValueSpecification","valueRequired":true,"valueName":"search_term_string"}}],"inLanguage":"it-IT"}]}},"_links":{"self":[{"href":"https:\/\/latelierduliege.com\/it\/wp-json\/wp\/v2\/pages\/467","targetHints":{"allow":["GET"]}}],"collection":[{"href":"https:\/\/latelierduliege.com\/it\/wp-json\/wp\/v2\/pages"}],"about":[{"href":"https:\/\/latelierduliege.com\/it\/wp-json\/wp\/v2\/types\/page"}],"author":[{"embeddable":true,"href":"https:\/\/latelierduliege.com\/it\/wp-json\/wp\/v2\/users\/1"}],"replies":[{"embeddable":true,"href":"https:\/\/latelierduliege.com\/it\/wp-json\/wp\/v2\/comments?post=467"}],"version-history":[{"count":15,"href":"https:\/\/latelierduliege.com\/it\/wp-json\/wp\/v2\/pages\/467\/revisions"}],"predecessor-version":[{"id":11799,"href":"https:\/\/latelierduliege.com\/it\/wp-json\/wp\/v2\/pages\/467\/revisions\/11799"}],"wp:attachment":[{"href":"https:\/\/latelierduliege.com\/it\/wp-json\/wp\/v2\/media?parent=467"}],"curies":[{"name":"wp","href":"https:\/\/api.w.org\/{rel}","templated":true}]}}