{"id":10132,"date":"2024-06-14T19:47:20","date_gmt":"2024-06-14T19:47:20","guid":{"rendered":"https:\/\/latelierduliege.com\/collection\/ultra-slim-cork-wallet-in-three-elegant-colors-bag-2301\/"},"modified":"2026-03-25T17:54:57","modified_gmt":"2026-03-25T16:54:57","slug":"ultra-slim-cork-wallet-in-three-elegant-colors-bag-2301","status":"publish","type":"product","link":"https:\/\/latelierduliege.com\/it\/collection\/ultra-slim-cork-wallet-in-three-elegant-colors-bag-2301\/","title":{"rendered":"Portefeuille en li\u00e8ge \u00ab S\u00e3o Bento \u00bb \u2013 Ultra-fin, minimaliste et vegan"},"content":{"rendered":"<p>Fabriqu\u00e9 exclusivement \u00e0 partir de cuir v\u00e9g\u00e9tal ce portefeuille en li\u00e8ge \u00ab\u00a0S\u00e3o Bento\u00a0\u00bb est pratique et durable. Il est disponible en trois couleurs \u00e9l\u00e9gantes (naturel, noir et marron).<\/p>\n<p><strong>Caract\u00e9ristiques Principales:<\/strong><\/p>\n<ul>\n<li><strong>Minimaliste et pratique :<\/strong> Dot\u00e9 d&rsquo;un syst\u00e8me de double porte-cartes de chaque c\u00f4t\u00e9, il peut stocker en toute s\u00e9curit\u00e9 jusqu&rsquo;\u00e0 huit cartes au total. L&rsquo;acc\u00e8s \u00e0 votre argent est rapide et facile.<\/li>\n<li><strong>Dimensions ultra fines :<\/strong> Avec un profil ultra fin, mesurant seulement 12 cm de longueur, 9 cm de largeur et 0,2 cm de hauteur, le portefeuille tient confortablement dans votre poche, parfait pour un usage quotidien.<\/li>\n<li><strong>Mat\u00e9riau de haute qualit\u00e9 :<\/strong> Fabriqu\u00e9 \u00e0 la main, il se distingue par sa beaut\u00e9 naturelle et sa durabilit\u00e9, mais \u00e9galement par son engagement en faveur de la durabilit\u00e9 environnementale.<\/li>\n<\/ul>\n<p>C&rsquo;est l&rsquo;accessoire indispensable avec son design fin et \u00e9l\u00e9gant associ\u00e9 \u00e0 la praticit\u00e9 de sa disposition.<\/p>\n<p><i>Tous nos produits sont con\u00e7us avec du li\u00e8ge enti\u00e8rement naturel et sont r\u00e9alis\u00e9s \u00e0 la main par des artisans. Chaque pi\u00e8ce est unique et peux pr\u00e9senter quelques imperfections ce qui rend nos produits \u00e0 la fois uniques et originaux.<\/i><\/p>\n<div id=\"gtx-trans\" style=\"position: absolute; left: -59px; top: 29.2604px;\">\n<div class=\"gtx-trans-icon\"><\/div>\n<\/div>","protected":false},"excerpt":{"rendered":"<div class=\"flex flex-grow flex-col max-w-full\">\n<div class=\"min-h-[20px] text-message flex flex-col items-start whitespace-pre-wrap break-words [.text-message+&amp;]:mt-5 juice:w-full juice:items-end overflow-x-auto gap-2\" dir=\"auto\" data-message-author-role=\"\">\n<p><span style=\"font-size: 14.4px;\">Fabriqu\u00e9 \u00e0 la main dans nos ateliers situ\u00e9s au Portugal, ce portefeuille est confectionn\u00e9 par des artisans qui travaillent le li\u00e8ge depuis plus d\u2019une d\u00e9cennie. Il constitue la meilleure alternative au cuir d\u2019origine animale.<\/span><\/p>\n<p><img loading=\"lazy\" decoding=\"async\" class=\"alignnone wp-image-76\" src=\"https:\/\/latelierduliege.com\/wp-content\/uploads\/2019\/09\/Sans-titre-2-1024x685.png\" alt=\"\" width=\"869\" height=\"581\" srcset=\"https:\/\/latelierduliege.com\/wp-content\/uploads\/2019\/09\/Sans-titre-2-1024x685.png 1024w, https:\/\/latelierduliege.com\/wp-content\/uploads\/2019\/09\/Sans-titre-2-510x341.png 510w, https:\/\/latelierduliege.com\/wp-content\/uploads\/2019\/09\/Sans-titre-2-300x201.png 300w, https:\/\/latelierduliege.com\/wp-content\/uploads\/2019\/09\/Sans-titre-2-768x514.png 768w, https:\/\/latelierduliege.com\/wp-content\/uploads\/2019\/09\/Sans-titre-2-600x402.png 600w, https:\/\/latelierduliege.com\/wp-content\/uploads\/2019\/09\/Sans-titre-2.png 1113w\" sizes=\"auto, (max-width: 869px) 100vw, 869px\" \/><\/p>\n<\/div>\n<div class=\"mt-1 flex gap-3 empty:hidden juice:-ml-3\">\n<div class=\"items-center justify-start rounded-xl p-1 flex\">\n<div class=\"flex items-center\"><\/div>\n<\/div>\n<\/div>\n<\/div>\n","protected":false},"featured_media":10131,"comment_status":"open","ping_status":"closed","template":"","meta":[],"pwb-brand":[267],"product_brand":[],"product_cat":[330,621,188,202],"product_tag":[],"class_list":{"0":"post-10132","1":"product","2":"type-product","3":"status-publish","4":"has-post-thumbnail","6":"pwb-brand-atelier-du-liege","7":"product_cat-maroquinerie-en-liege-homme","8":"product_cat-portefeuilles-liege","9":"product_cat-portefeuilles-homme","10":"product_cat-pour-les-hommes","12":"first","13":"instock","14":"shipping-taxable","15":"purchasable","16":"product-type-variable"},"yoast_head":"<!-- This site is optimized with the Yoast SEO plugin v27.3 - https:\/\/yoast.com\/product\/yoast-seo-wordpress\/ -->\n<title>Portefeuille en li\u00e8ge vegan \u2013 Ultra-fin et pratique - L&#039;Atelier du Li\u00e8ge<\/title>\n<meta name=\"description\" content=\"Portefeuille en li\u00e8ge vegan ultra-fin. 8 emplacements cartes, compartiment billets et design minimaliste. \u00c9l\u00e9gant, l\u00e9ger et \u00e9coresponsable.\" \/>\n<meta name=\"robots\" content=\"index, follow, max-snippet:-1, max-image-preview:large, max-video-preview:-1\" \/>\n<link rel=\"canonical\" href=\"https:\/\/latelierduliege.com\/it\/collection\/ultra-slim-cork-wallet-in-three-elegant-colors-bag-2301\/\" \/>\n<meta property=\"og:locale\" content=\"it_IT\" \/>\n<meta property=\"og:type\" content=\"article\" \/>\n<meta property=\"og:title\" content=\"Portefeuille en li\u00e8ge vegan \u2013 Ultra-fin et pratique - L&#039;Atelier du Li\u00e8ge\" \/>\n<meta property=\"og:description\" content=\"Portefeuille en li\u00e8ge vegan ultra-fin. 8 emplacements cartes, compartiment billets et design minimaliste. \u00c9l\u00e9gant, l\u00e9ger et \u00e9coresponsable.\" \/>\n<meta property=\"og:url\" content=\"https:\/\/latelierduliege.com\/it\/collection\/ultra-slim-cork-wallet-in-three-elegant-colors-bag-2301\/\" \/>\n<meta property=\"og:site_name\" content=\"L&#039;Atelier du Li\u00e8ge\" \/>\n<meta property=\"article:publisher\" content=\"https:\/\/www.facebook.com\" \/>\n<meta property=\"article:modified_time\" content=\"2026-03-25T16:54:57+00:00\" \/>\n<meta property=\"og:image\" content=\"https:\/\/latelierduliege.com\/wp-content\/uploads\/2024\/06\/7_a3ef655b-22d7-4088-95fc-97e992b2e31f.jpg\" \/>\n\t<meta property=\"og:image:width\" content=\"1200\" \/>\n\t<meta property=\"og:image:height\" content=\"1200\" \/>\n\t<meta property=\"og:image:type\" content=\"image\/jpeg\" \/>\n<meta name=\"twitter:card\" content=\"summary_large_image\" \/>\n<meta name=\"twitter:label1\" content=\"Tempo di lettura stimato\" \/>\n\t<meta name=\"twitter:data1\" content=\"2 minuti\" \/>\n<script type=\"application\/ld+json\" class=\"yoast-schema-graph\">{\"@context\":\"https:\\\/\\\/schema.org\",\"@graph\":[{\"@type\":\"WebPage\",\"@id\":\"https:\\\/\\\/latelierduliege.com\\\/collection\\\/ultra-slim-cork-wallet-in-three-elegant-colors-bag-2301\\\/\",\"url\":\"https:\\\/\\\/latelierduliege.com\\\/collection\\\/ultra-slim-cork-wallet-in-three-elegant-colors-bag-2301\\\/\",\"name\":\"Portefeuille en li\u00e8ge vegan \u2013 Ultra-fin et pratique - L&#039;Atelier du Li\u00e8ge\",\"isPartOf\":{\"@id\":\"https:\\\/\\\/latelierduliege.com\\\/#website\"},\"primaryImageOfPage\":{\"@id\":\"https:\\\/\\\/latelierduliege.com\\\/collection\\\/ultra-slim-cork-wallet-in-three-elegant-colors-bag-2301\\\/#primaryimage\"},\"image\":{\"@id\":\"https:\\\/\\\/latelierduliege.com\\\/collection\\\/ultra-slim-cork-wallet-in-three-elegant-colors-bag-2301\\\/#primaryimage\"},\"thumbnailUrl\":\"https:\\\/\\\/latelierduliege.com\\\/wp-content\\\/uploads\\\/2024\\\/06\\\/7_a3ef655b-22d7-4088-95fc-97e992b2e31f.jpg\",\"datePublished\":\"2024-06-14T19:47:20+00:00\",\"dateModified\":\"2026-03-25T16:54:57+00:00\",\"description\":\"Portefeuille en li\u00e8ge vegan ultra-fin. 8 emplacements cartes, compartiment billets et design minimaliste. \u00c9l\u00e9gant, l\u00e9ger et \u00e9coresponsable.\",\"breadcrumb\":{\"@id\":\"https:\\\/\\\/latelierduliege.com\\\/collection\\\/ultra-slim-cork-wallet-in-three-elegant-colors-bag-2301\\\/#breadcrumb\"},\"inLanguage\":\"it-IT\",\"potentialAction\":[{\"@type\":\"ReadAction\",\"target\":[\"https:\\\/\\\/latelierduliege.com\\\/collection\\\/ultra-slim-cork-wallet-in-three-elegant-colors-bag-2301\\\/\"]}]},{\"@type\":\"ImageObject\",\"inLanguage\":\"it-IT\",\"@id\":\"https:\\\/\\\/latelierduliege.com\\\/collection\\\/ultra-slim-cork-wallet-in-three-elegant-colors-bag-2301\\\/#primaryimage\",\"url\":\"https:\\\/\\\/latelierduliege.com\\\/wp-content\\\/uploads\\\/2024\\\/06\\\/7_a3ef655b-22d7-4088-95fc-97e992b2e31f.jpg\",\"contentUrl\":\"https:\\\/\\\/latelierduliege.com\\\/wp-content\\\/uploads\\\/2024\\\/06\\\/7_a3ef655b-22d7-4088-95fc-97e992b2e31f.jpg\",\"width\":1200,\"height\":1200},{\"@type\":\"BreadcrumbList\",\"@id\":\"https:\\\/\\\/latelierduliege.com\\\/collection\\\/ultra-slim-cork-wallet-in-three-elegant-colors-bag-2301\\\/#breadcrumb\",\"itemListElement\":[{\"@type\":\"ListItem\",\"position\":1,\"name\":\"Home\",\"item\":\"https:\\\/\\\/latelierduliege.com\\\/\"},{\"@type\":\"ListItem\",\"position\":2,\"name\":\"Boutique\",\"item\":\"https:\\\/\\\/latelierduliege.com\\\/boutique-liege\\\/\"},{\"@type\":\"ListItem\",\"position\":3,\"name\":\"Portefeuille en li\u00e8ge \u00ab S\u00e3o Bento \u00bb \u2013 Ultra-fin, minimaliste et vegan\"}]},{\"@type\":\"WebSite\",\"@id\":\"https:\\\/\\\/latelierduliege.com\\\/#website\",\"url\":\"https:\\\/\\\/latelierduliege.com\\\/\",\"name\":\"L'Atelier du Li\u00e8ge\",\"description\":\"Ecoresponsable par nature\",\"potentialAction\":[{\"@type\":\"SearchAction\",\"target\":{\"@type\":\"EntryPoint\",\"urlTemplate\":\"https:\\\/\\\/latelierduliege.com\\\/?s={search_term_string}\"},\"query-input\":{\"@type\":\"PropertyValueSpecification\",\"valueRequired\":true,\"valueName\":\"search_term_string\"}}],\"inLanguage\":\"it-IT\"}]}<\/script>\n<!-- \/ Yoast SEO plugin. -->","yoast_head_json":{"title":"Portefeuille en li\u00e8ge vegan \u2013 Ultra-fin et pratique - L&#039;Atelier du Li\u00e8ge","description":"Portefeuille en li\u00e8ge vegan ultra-fin. 8 emplacements cartes, compartiment billets et design minimaliste. \u00c9l\u00e9gant, l\u00e9ger et \u00e9coresponsable.","robots":{"index":"index","follow":"follow","max-snippet":"max-snippet:-1","max-image-preview":"max-image-preview:large","max-video-preview":"max-video-preview:-1"},"canonical":"https:\/\/latelierduliege.com\/it\/collection\/ultra-slim-cork-wallet-in-three-elegant-colors-bag-2301\/","og_locale":"it_IT","og_type":"article","og_title":"Portefeuille en li\u00e8ge vegan \u2013 Ultra-fin et pratique - L&#039;Atelier du Li\u00e8ge","og_description":"Portefeuille en li\u00e8ge vegan ultra-fin. 8 emplacements cartes, compartiment billets et design minimaliste. \u00c9l\u00e9gant, l\u00e9ger et \u00e9coresponsable.","og_url":"https:\/\/latelierduliege.com\/it\/collection\/ultra-slim-cork-wallet-in-three-elegant-colors-bag-2301\/","og_site_name":"L&#039;Atelier du Li\u00e8ge","article_publisher":"https:\/\/www.facebook.com","article_modified_time":"2026-03-25T16:54:57+00:00","og_image":[{"width":1200,"height":1200,"url":"https:\/\/latelierduliege.com\/wp-content\/uploads\/2024\/06\/7_a3ef655b-22d7-4088-95fc-97e992b2e31f.jpg","type":"image\/jpeg"}],"twitter_card":"summary_large_image","twitter_misc":{"Tempo di lettura stimato":"2 minuti"},"schema":{"@context":"https:\/\/schema.org","@graph":[{"@type":"WebPage","@id":"https:\/\/latelierduliege.com\/collection\/ultra-slim-cork-wallet-in-three-elegant-colors-bag-2301\/","url":"https:\/\/latelierduliege.com\/collection\/ultra-slim-cork-wallet-in-three-elegant-colors-bag-2301\/","name":"Portefeuille en li\u00e8ge vegan \u2013 Ultra-fin et pratique - L&#039;Atelier du Li\u00e8ge","isPartOf":{"@id":"https:\/\/latelierduliege.com\/#website"},"primaryImageOfPage":{"@id":"https:\/\/latelierduliege.com\/collection\/ultra-slim-cork-wallet-in-three-elegant-colors-bag-2301\/#primaryimage"},"image":{"@id":"https:\/\/latelierduliege.com\/collection\/ultra-slim-cork-wallet-in-three-elegant-colors-bag-2301\/#primaryimage"},"thumbnailUrl":"https:\/\/latelierduliege.com\/wp-content\/uploads\/2024\/06\/7_a3ef655b-22d7-4088-95fc-97e992b2e31f.jpg","datePublished":"2024-06-14T19:47:20+00:00","dateModified":"2026-03-25T16:54:57+00:00","description":"Portefeuille en li\u00e8ge vegan ultra-fin. 8 emplacements cartes, compartiment billets et design minimaliste. \u00c9l\u00e9gant, l\u00e9ger et \u00e9coresponsable.","breadcrumb":{"@id":"https:\/\/latelierduliege.com\/collection\/ultra-slim-cork-wallet-in-three-elegant-colors-bag-2301\/#breadcrumb"},"inLanguage":"it-IT","potentialAction":[{"@type":"ReadAction","target":["https:\/\/latelierduliege.com\/collection\/ultra-slim-cork-wallet-in-three-elegant-colors-bag-2301\/"]}]},{"@type":"ImageObject","inLanguage":"it-IT","@id":"https:\/\/latelierduliege.com\/collection\/ultra-slim-cork-wallet-in-three-elegant-colors-bag-2301\/#primaryimage","url":"https:\/\/latelierduliege.com\/wp-content\/uploads\/2024\/06\/7_a3ef655b-22d7-4088-95fc-97e992b2e31f.jpg","contentUrl":"https:\/\/latelierduliege.com\/wp-content\/uploads\/2024\/06\/7_a3ef655b-22d7-4088-95fc-97e992b2e31f.jpg","width":1200,"height":1200},{"@type":"BreadcrumbList","@id":"https:\/\/latelierduliege.com\/collection\/ultra-slim-cork-wallet-in-three-elegant-colors-bag-2301\/#breadcrumb","itemListElement":[{"@type":"ListItem","position":1,"name":"Home","item":"https:\/\/latelierduliege.com\/"},{"@type":"ListItem","position":2,"name":"Boutique","item":"https:\/\/latelierduliege.com\/boutique-liege\/"},{"@type":"ListItem","position":3,"name":"Portefeuille en li\u00e8ge \u00ab S\u00e3o Bento \u00bb \u2013 Ultra-fin, minimaliste et vegan"}]},{"@type":"WebSite","@id":"https:\/\/latelierduliege.com\/#website","url":"https:\/\/latelierduliege.com\/","name":"L'Atelier du Li\u00e8ge","description":"Ecoresponsable par nature","potentialAction":[{"@type":"SearchAction","target":{"@type":"EntryPoint","urlTemplate":"https:\/\/latelierduliege.com\/?s={search_term_string}"},"query-input":{"@type":"PropertyValueSpecification","valueRequired":true,"valueName":"search_term_string"}}],"inLanguage":"it-IT"}]}},"brands":[{"id":267,"name":"L'Atelier du Li\u00e8ge","slug":"atelier-du-liege"}],"_links":{"self":[{"href":"https:\/\/latelierduliege.com\/it\/wp-json\/wp\/v2\/product\/10132","targetHints":{"allow":["GET"]}}],"collection":[{"href":"https:\/\/latelierduliege.com\/it\/wp-json\/wp\/v2\/product"}],"about":[{"href":"https:\/\/latelierduliege.com\/it\/wp-json\/wp\/v2\/types\/product"}],"replies":[{"embeddable":true,"href":"https:\/\/latelierduliege.com\/it\/wp-json\/wp\/v2\/comments?post=10132"}],"wp:featuredmedia":[{"embeddable":true,"href":"https:\/\/latelierduliege.com\/it\/wp-json\/wp\/v2\/media\/10131"}],"wp:attachment":[{"href":"https:\/\/latelierduliege.com\/it\/wp-json\/wp\/v2\/media?parent=10132"}],"wp:term":[{"taxonomy":"pwb-brand","embeddable":true,"href":"https:\/\/latelierduliege.com\/it\/wp-json\/wp\/v2\/pwb-brand?post=10132"},{"taxonomy":"product_brand","embeddable":true,"href":"https:\/\/latelierduliege.com\/it\/wp-json\/wp\/v2\/product_brand?post=10132"},{"taxonomy":"product_cat","embeddable":true,"href":"https:\/\/latelierduliege.com\/it\/wp-json\/wp\/v2\/product_cat?post=10132"},{"taxonomy":"product_tag","embeddable":true,"href":"https:\/\/latelierduliege.com\/it\/wp-json\/wp\/v2\/product_tag?post=10132"}],"curies":[{"name":"wp","href":"https:\/\/api.w.org\/{rel}","templated":true}]}}