{"id":10150,"date":"2024-06-14T20:16:57","date_gmt":"2024-06-14T20:16:57","guid":{"rendered":"https:\/\/latelierduliege.com\/collection\/cork-womens-phone-pouch-magnetic-closure-adjustable-shoulder-strap-bag-2300\/"},"modified":"2026-04-13T21:06:58","modified_gmt":"2026-04-13T19:06:58","slug":"cork-womens-phone-pouch-magnetic-closure-adjustable-shoulder-strap-bag-2300","status":"publish","type":"product","link":"https:\/\/latelierduliege.com\/it\/collection\/cork-womens-phone-pouch-magnetic-closure-adjustable-shoulder-strap-bag-2300\/","title":{"rendered":"Pochette en li\u00e8ge \u00ab Lisboa \u00bb pour femme \u2013 \u00c9l\u00e9gante, pratique et vegan"},"content":{"rendered":"<p>D\u00e9couvrez la pochette pour t\u00e9l\u00e9phone en li\u00e8ge \u00ab\u00a0Lisboa\u00a0\u00bb pour femme, un accessoire \u00e9l\u00e9gant et polyvalent. Disponible en li\u00e8ge noir, naturel et naturel avec des accents dor\u00e9s, cette pochette offre une fermeture magn\u00e9tique pour votre smartphone et un compartiment principal s\u00e9curis\u00e9 par une fermeture \u00e9clair en cuivre. La bandouli\u00e8re r\u00e9glable en corde durable permet un confort personnalis\u00e9.<\/p>\n<hr \/>\n<p><strong>Dimensioni :<\/strong><\/p>\n<p>13 x 19 x 3 cm.<\/p>\n<hr \/>\n<p><strong>Mat\u00e9riaux :<\/strong><\/p>\n<p>Liege<\/p>\n<hr \/>\n<p>Tutti i nostri prodotti sono realizzati con sughero naturale e lavorati a mano da artigiani.\n\nOgni pezzo \u00e8 unico e pu\u00f2 presentare piccole imperfezioni naturali, caratteristiche che rendono ogni accessorio autentico e originale.<\/p>\n<p>&nbsp;<\/p>","protected":false},"excerpt":{"rendered":"<p>Sobre et \u00e9l\u00e9gante, cette pochette en li\u00e8ge pour femme sera id\u00e9ale en toutes circonstances. Fabriqu\u00e9e \u00e0 partir de li\u00e8ge exclusivement r\u00e9colt\u00e9 \u00e0 la main de mani\u00e8re traditionnelle puis assembl\u00e9e dans nos ateliers, la pochette \u00ab\u00a0Lisboa\u00a0\u00bb est la meilleure alternative au cuir d&rsquo;origine animale.<\/p>\n<p>Tutti i nostri prodotti sono realizzati con sughero naturale e lavorati a mano da artigiani.\n\nOgni pezzo \u00e8 unico e pu\u00f2 presentare piccole imperfezioni naturali, caratteristiche che rendono ogni accessorio autentico e originale.<\/p>\n<p><img loading=\"lazy\" decoding=\"async\" class=\"alignnone size-large wp-image-76\" src=\"https:\/\/latelierduliege.com\/wp-content\/uploads\/2026\/03\/Vantaggi-del-sughero-in-5-punti-2.png\" alt=\"\" width=\"1020\" height=\"682\" srcset=\"https:\/\/latelierduliege.com\/wp-content\/uploads\/2026\/03\/Vantaggi-del-sughero-in-5-punti-2.png 1536w, https:\/\/latelierduliege.com\/wp-content\/uploads\/2026\/03\/Vantaggi-del-sughero-in-5-punti-2-300x200.png 300w, https:\/\/latelierduliege.com\/wp-content\/uploads\/2026\/03\/Vantaggi-del-sughero-in-5-punti-2-1024x683.png 1024w, https:\/\/latelierduliege.com\/wp-content\/uploads\/2026\/03\/Vantaggi-del-sughero-in-5-punti-2-768x512.png 768w, https:\/\/latelierduliege.com\/wp-content\/uploads\/2026\/03\/Vantaggi-del-sughero-in-5-punti-2-18x12.png 18w, https:\/\/latelierduliege.com\/wp-content\/uploads\/2026\/03\/Vantaggi-del-sughero-in-5-punti-2-510x340.png 510w\" sizes=\"auto, (max-width: 1020px) 100vw, 1020px\" \/><\/p>","protected":false},"featured_media":10149,"comment_status":"open","ping_status":"closed","template":"","meta":[],"pwb-brand":[267],"product_brand":[],"product_cat":[622,620],"product_tag":[640],"class_list":{"0":"post-10150","1":"product","2":"type-product","3":"status-publish","4":"has-post-thumbnail","6":"pwb-brand-atelier-du-liege","7":"product_cat-pochettes-en-liege","8":"product_cat-sacs-liege","9":"product_tag-femme","11":"first","12":"instock","13":"shipping-taxable","14":"purchasable","15":"product-type-variable"},"yoast_head":"<!-- This site is optimized with the Yoast SEO plugin v27.3 - https:\/\/yoast.com\/product\/yoast-seo-wordpress\/ -->\n<title>Pochette en li\u00e8ge femme \u2013 \u00c9l\u00e9gante et fonctionnelle - L&#039;Atelier du Li\u00e8ge<\/title>\n<meta name=\"description\" content=\"Pochette en li\u00e8ge femme, id\u00e9ale pour t\u00e9l\u00e9phone. Fermeture magn\u00e9tique, bandouli\u00e8re r\u00e9glable et design raffin\u00e9. Vegan, l\u00e9ger et \u00e9coresponsable.\" \/>\n<meta name=\"robots\" content=\"index, follow, max-snippet:-1, max-image-preview:large, max-video-preview:-1\" \/>\n<link rel=\"canonical\" href=\"https:\/\/latelierduliege.com\/it\/collection\/cork-womens-phone-pouch-magnetic-closure-adjustable-shoulder-strap-bag-2300\/\" \/>\n<meta property=\"og:locale\" content=\"it_IT\" \/>\n<meta property=\"og:type\" content=\"article\" \/>\n<meta property=\"og:title\" content=\"Pochette en li\u00e8ge femme \u2013 \u00c9l\u00e9gante et fonctionnelle - L&#039;Atelier du Li\u00e8ge\" \/>\n<meta property=\"og:description\" content=\"Pochette en li\u00e8ge femme, id\u00e9ale pour t\u00e9l\u00e9phone. Fermeture magn\u00e9tique, bandouli\u00e8re r\u00e9glable et design raffin\u00e9. Vegan, l\u00e9ger et \u00e9coresponsable.\" \/>\n<meta property=\"og:url\" content=\"https:\/\/latelierduliege.com\/it\/collection\/cork-womens-phone-pouch-magnetic-closure-adjustable-shoulder-strap-bag-2300\/\" \/>\n<meta property=\"og:site_name\" content=\"L&#039;Atelier du Li\u00e8ge\" \/>\n<meta property=\"article:publisher\" content=\"https:\/\/www.facebook.com\" \/>\n<meta property=\"article:modified_time\" content=\"2026-04-13T19:06:58+00:00\" \/>\n<meta property=\"og:image\" content=\"https:\/\/latelierduliege.com\/wp-content\/uploads\/2024\/06\/6_16ce19e3-ffe9-45e8-b978-353d2b70b781.jpg\" \/>\n\t<meta property=\"og:image:width\" content=\"1200\" \/>\n\t<meta property=\"og:image:height\" content=\"1200\" \/>\n\t<meta property=\"og:image:type\" content=\"image\/jpeg\" \/>\n<meta name=\"twitter:card\" content=\"summary_large_image\" \/>\n<meta name=\"twitter:label1\" content=\"Tempo di lettura stimato\" \/>\n\t<meta name=\"twitter:data1\" content=\"1 minuto\" \/>\n<script type=\"application\/ld+json\" class=\"yoast-schema-graph\">{\"@context\":\"https:\\\/\\\/schema.org\",\"@graph\":[{\"@type\":\"WebPage\",\"@id\":\"https:\\\/\\\/latelierduliege.com\\\/collection\\\/cork-womens-phone-pouch-magnetic-closure-adjustable-shoulder-strap-bag-2300\\\/\",\"url\":\"https:\\\/\\\/latelierduliege.com\\\/collection\\\/cork-womens-phone-pouch-magnetic-closure-adjustable-shoulder-strap-bag-2300\\\/\",\"name\":\"Pochette en li\u00e8ge femme \u2013 \u00c9l\u00e9gante et fonctionnelle - L&#039;Atelier du Li\u00e8ge\",\"isPartOf\":{\"@id\":\"https:\\\/\\\/latelierduliege.com\\\/#website\"},\"primaryImageOfPage\":{\"@id\":\"https:\\\/\\\/latelierduliege.com\\\/collection\\\/cork-womens-phone-pouch-magnetic-closure-adjustable-shoulder-strap-bag-2300\\\/#primaryimage\"},\"image\":{\"@id\":\"https:\\\/\\\/latelierduliege.com\\\/collection\\\/cork-womens-phone-pouch-magnetic-closure-adjustable-shoulder-strap-bag-2300\\\/#primaryimage\"},\"thumbnailUrl\":\"https:\\\/\\\/latelierduliege.com\\\/wp-content\\\/uploads\\\/2024\\\/06\\\/6_16ce19e3-ffe9-45e8-b978-353d2b70b781.jpg\",\"datePublished\":\"2024-06-14T20:16:57+00:00\",\"dateModified\":\"2026-04-13T19:06:58+00:00\",\"description\":\"Pochette en li\u00e8ge femme, id\u00e9ale pour t\u00e9l\u00e9phone. Fermeture magn\u00e9tique, bandouli\u00e8re r\u00e9glable et design raffin\u00e9. Vegan, l\u00e9ger et \u00e9coresponsable.\",\"breadcrumb\":{\"@id\":\"https:\\\/\\\/latelierduliege.com\\\/collection\\\/cork-womens-phone-pouch-magnetic-closure-adjustable-shoulder-strap-bag-2300\\\/#breadcrumb\"},\"inLanguage\":\"it-IT\",\"potentialAction\":[{\"@type\":\"ReadAction\",\"target\":[\"https:\\\/\\\/latelierduliege.com\\\/collection\\\/cork-womens-phone-pouch-magnetic-closure-adjustable-shoulder-strap-bag-2300\\\/\"]}]},{\"@type\":\"ImageObject\",\"inLanguage\":\"it-IT\",\"@id\":\"https:\\\/\\\/latelierduliege.com\\\/collection\\\/cork-womens-phone-pouch-magnetic-closure-adjustable-shoulder-strap-bag-2300\\\/#primaryimage\",\"url\":\"https:\\\/\\\/latelierduliege.com\\\/wp-content\\\/uploads\\\/2024\\\/06\\\/6_16ce19e3-ffe9-45e8-b978-353d2b70b781.jpg\",\"contentUrl\":\"https:\\\/\\\/latelierduliege.com\\\/wp-content\\\/uploads\\\/2024\\\/06\\\/6_16ce19e3-ffe9-45e8-b978-353d2b70b781.jpg\",\"width\":1200,\"height\":1200},{\"@type\":\"BreadcrumbList\",\"@id\":\"https:\\\/\\\/latelierduliege.com\\\/collection\\\/cork-womens-phone-pouch-magnetic-closure-adjustable-shoulder-strap-bag-2300\\\/#breadcrumb\",\"itemListElement\":[{\"@type\":\"ListItem\",\"position\":1,\"name\":\"Home\",\"item\":\"https:\\\/\\\/latelierduliege.com\\\/\"},{\"@type\":\"ListItem\",\"position\":2,\"name\":\"Boutique\",\"item\":\"https:\\\/\\\/latelierduliege.com\\\/boutique-liege\\\/\"},{\"@type\":\"ListItem\",\"position\":3,\"name\":\"Pochette en li\u00e8ge \u00ab Lisboa \u00bb pour femme \u2013 \u00c9l\u00e9gante, pratique et vegan\"}]},{\"@type\":\"WebSite\",\"@id\":\"https:\\\/\\\/latelierduliege.com\\\/#website\",\"url\":\"https:\\\/\\\/latelierduliege.com\\\/\",\"name\":\"L'Atelier du Li\u00e8ge\",\"description\":\"Ecoresponsable par nature\",\"potentialAction\":[{\"@type\":\"SearchAction\",\"target\":{\"@type\":\"EntryPoint\",\"urlTemplate\":\"https:\\\/\\\/latelierduliege.com\\\/?s={search_term_string}\"},\"query-input\":{\"@type\":\"PropertyValueSpecification\",\"valueRequired\":true,\"valueName\":\"search_term_string\"}}],\"inLanguage\":\"it-IT\"}]}<\/script>\n<!-- \/ Yoast SEO plugin. -->","yoast_head_json":{"title":"Pochette en li\u00e8ge femme \u2013 \u00c9l\u00e9gante et fonctionnelle - L&#039;Atelier du Li\u00e8ge","description":"Pochette en li\u00e8ge femme, id\u00e9ale pour t\u00e9l\u00e9phone. Fermeture magn\u00e9tique, bandouli\u00e8re r\u00e9glable et design raffin\u00e9. Vegan, l\u00e9ger et \u00e9coresponsable.","robots":{"index":"index","follow":"follow","max-snippet":"max-snippet:-1","max-image-preview":"max-image-preview:large","max-video-preview":"max-video-preview:-1"},"canonical":"https:\/\/latelierduliege.com\/it\/collection\/cork-womens-phone-pouch-magnetic-closure-adjustable-shoulder-strap-bag-2300\/","og_locale":"it_IT","og_type":"article","og_title":"Pochette en li\u00e8ge femme \u2013 \u00c9l\u00e9gante et fonctionnelle - L&#039;Atelier du Li\u00e8ge","og_description":"Pochette en li\u00e8ge femme, id\u00e9ale pour t\u00e9l\u00e9phone. Fermeture magn\u00e9tique, bandouli\u00e8re r\u00e9glable et design raffin\u00e9. Vegan, l\u00e9ger et \u00e9coresponsable.","og_url":"https:\/\/latelierduliege.com\/it\/collection\/cork-womens-phone-pouch-magnetic-closure-adjustable-shoulder-strap-bag-2300\/","og_site_name":"L&#039;Atelier du Li\u00e8ge","article_publisher":"https:\/\/www.facebook.com","article_modified_time":"2026-04-13T19:06:58+00:00","og_image":[{"width":1200,"height":1200,"url":"https:\/\/latelierduliege.com\/wp-content\/uploads\/2024\/06\/6_16ce19e3-ffe9-45e8-b978-353d2b70b781.jpg","type":"image\/jpeg"}],"twitter_card":"summary_large_image","twitter_misc":{"Tempo di lettura stimato":"1 minuto"},"schema":{"@context":"https:\/\/schema.org","@graph":[{"@type":"WebPage","@id":"https:\/\/latelierduliege.com\/collection\/cork-womens-phone-pouch-magnetic-closure-adjustable-shoulder-strap-bag-2300\/","url":"https:\/\/latelierduliege.com\/collection\/cork-womens-phone-pouch-magnetic-closure-adjustable-shoulder-strap-bag-2300\/","name":"Pochette en li\u00e8ge femme \u2013 \u00c9l\u00e9gante et fonctionnelle - L&#039;Atelier du Li\u00e8ge","isPartOf":{"@id":"https:\/\/latelierduliege.com\/#website"},"primaryImageOfPage":{"@id":"https:\/\/latelierduliege.com\/collection\/cork-womens-phone-pouch-magnetic-closure-adjustable-shoulder-strap-bag-2300\/#primaryimage"},"image":{"@id":"https:\/\/latelierduliege.com\/collection\/cork-womens-phone-pouch-magnetic-closure-adjustable-shoulder-strap-bag-2300\/#primaryimage"},"thumbnailUrl":"https:\/\/latelierduliege.com\/wp-content\/uploads\/2024\/06\/6_16ce19e3-ffe9-45e8-b978-353d2b70b781.jpg","datePublished":"2024-06-14T20:16:57+00:00","dateModified":"2026-04-13T19:06:58+00:00","description":"Pochette en li\u00e8ge femme, id\u00e9ale pour t\u00e9l\u00e9phone. Fermeture magn\u00e9tique, bandouli\u00e8re r\u00e9glable et design raffin\u00e9. Vegan, l\u00e9ger et \u00e9coresponsable.","breadcrumb":{"@id":"https:\/\/latelierduliege.com\/collection\/cork-womens-phone-pouch-magnetic-closure-adjustable-shoulder-strap-bag-2300\/#breadcrumb"},"inLanguage":"it-IT","potentialAction":[{"@type":"ReadAction","target":["https:\/\/latelierduliege.com\/collection\/cork-womens-phone-pouch-magnetic-closure-adjustable-shoulder-strap-bag-2300\/"]}]},{"@type":"ImageObject","inLanguage":"it-IT","@id":"https:\/\/latelierduliege.com\/collection\/cork-womens-phone-pouch-magnetic-closure-adjustable-shoulder-strap-bag-2300\/#primaryimage","url":"https:\/\/latelierduliege.com\/wp-content\/uploads\/2024\/06\/6_16ce19e3-ffe9-45e8-b978-353d2b70b781.jpg","contentUrl":"https:\/\/latelierduliege.com\/wp-content\/uploads\/2024\/06\/6_16ce19e3-ffe9-45e8-b978-353d2b70b781.jpg","width":1200,"height":1200},{"@type":"BreadcrumbList","@id":"https:\/\/latelierduliege.com\/collection\/cork-womens-phone-pouch-magnetic-closure-adjustable-shoulder-strap-bag-2300\/#breadcrumb","itemListElement":[{"@type":"ListItem","position":1,"name":"Home","item":"https:\/\/latelierduliege.com\/"},{"@type":"ListItem","position":2,"name":"Boutique","item":"https:\/\/latelierduliege.com\/boutique-liege\/"},{"@type":"ListItem","position":3,"name":"Pochette en li\u00e8ge \u00ab Lisboa \u00bb pour femme \u2013 \u00c9l\u00e9gante, pratique et vegan"}]},{"@type":"WebSite","@id":"https:\/\/latelierduliege.com\/#website","url":"https:\/\/latelierduliege.com\/","name":"L'Atelier du Li\u00e8ge","description":"Ecoresponsable par nature","potentialAction":[{"@type":"SearchAction","target":{"@type":"EntryPoint","urlTemplate":"https:\/\/latelierduliege.com\/?s={search_term_string}"},"query-input":{"@type":"PropertyValueSpecification","valueRequired":true,"valueName":"search_term_string"}}],"inLanguage":"it-IT"}]}},"brands":[{"id":267,"name":"L'Atelier du Li\u00e8ge","slug":"atelier-du-liege"}],"_links":{"self":[{"href":"https:\/\/latelierduliege.com\/it\/wp-json\/wp\/v2\/product\/10150","targetHints":{"allow":["GET"]}}],"collection":[{"href":"https:\/\/latelierduliege.com\/it\/wp-json\/wp\/v2\/product"}],"about":[{"href":"https:\/\/latelierduliege.com\/it\/wp-json\/wp\/v2\/types\/product"}],"replies":[{"embeddable":true,"href":"https:\/\/latelierduliege.com\/it\/wp-json\/wp\/v2\/comments?post=10150"}],"wp:featuredmedia":[{"embeddable":true,"href":"https:\/\/latelierduliege.com\/it\/wp-json\/wp\/v2\/media\/10149"}],"wp:attachment":[{"href":"https:\/\/latelierduliege.com\/it\/wp-json\/wp\/v2\/media?parent=10150"}],"wp:term":[{"taxonomy":"pwb-brand","embeddable":true,"href":"https:\/\/latelierduliege.com\/it\/wp-json\/wp\/v2\/pwb-brand?post=10150"},{"taxonomy":"product_brand","embeddable":true,"href":"https:\/\/latelierduliege.com\/it\/wp-json\/wp\/v2\/product_brand?post=10150"},{"taxonomy":"product_cat","embeddable":true,"href":"https:\/\/latelierduliege.com\/it\/wp-json\/wp\/v2\/product_cat?post=10150"},{"taxonomy":"product_tag","embeddable":true,"href":"https:\/\/latelierduliege.com\/it\/wp-json\/wp\/v2\/product_tag?post=10150"}],"curies":[{"name":"wp","href":"https:\/\/api.w.org\/{rel}","templated":true}]}}