{"id":10170,"date":"2024-06-16T15:34:00","date_gmt":"2024-06-16T15:34:00","guid":{"rendered":"https:\/\/latelierduliege.com\/collection\/elegant-cork-womens-zipper-wallet-pure-color-collection-bag-2342\/"},"modified":"2026-04-03T09:50:37","modified_gmt":"2026-04-03T07:50:37","slug":"elegant-cork-womens-zipper-wallet-pure-color-collection-bag-2342","status":"publish","type":"product","link":"https:\/\/latelierduliege.com\/it\/collection\/elegant-cork-womens-zipper-wallet-pure-color-collection-bag-2342\/","title":{"rendered":"Portefeuille en li\u00e8ge zipp\u00e9 \u00ab\u00a0Borboleta\u00a0\u00bb pour femme \u2013 \u00c9l\u00e9gant, spacieux et vegan"},"content":{"rendered":"<p>D\u00e9couvrez notre collection exquise de portefeuilles \u00e0 fermeture \u00e9clair \u00ab\u00a0Borboleta\u00a0\u00bb pour femmes en li\u00e8ge de couleur pure, disponible dans les cinq nuances les plus populaires : vert olive, tabac, rouge vin, turquoise et bordeaux. Ces portefeuilles incarnent l&rsquo;\u00e9l\u00e9gance et le style, tout en offrant une fonctionnalit\u00e9 exceptionnelle.<\/p>\n<p><strong>Caract\u00e9ristiques :<\/strong><\/p>\n<ul>\n<li><strong>Mat\u00e9riau de qualit\u00e9 sup\u00e9rieure :<\/strong> Fabriqu\u00e9 \u00e0 partir de li\u00e8ge de couleur pure de la plus haute qualit\u00e9, unique gr\u00e2ce aux variations naturelles de la texture et du grain du li\u00e8ge.<\/li>\n<li><strong>Design sophistiqu\u00e9 :<\/strong> Orn\u00e9 d&rsquo;un logo rond en bronze finement grav\u00e9 repr\u00e9sentant un li\u00e8ge, ajoutant une touche de sophistication.<\/li>\n<li><strong>Fermeture \u00e9clair de haute qualit\u00e9 :<\/strong> \u00c9quip\u00e9 d&rsquo;une fermeture \u00e9clair en bronze de qualit\u00e9 sup\u00e9rieure et d&rsquo;une languette personnalis\u00e9e estamp\u00e9e \u00ab CORK &amp; PORTUGAL \u00bb.<\/li>\n<li><strong>Int\u00e9rieur spacieux : J<\/strong>usqu&rsquo;\u00e0 14 cartes, y compris un emplacement pour carte d&rsquo;identit\u00e9 d\u00e9sign\u00e9, il comprend un compartiment pour l&rsquo;argent liquide. Deux sections suppl\u00e9mentaires pour un t\u00e9l\u00e9phone ou de l&rsquo;argent suppl\u00e9mentaire et une poche centrale zipp\u00e9e pour la monnaie.<\/li>\n<li><strong>Accessibilit\u00e9 pratique :<\/strong> Con\u00e7u pour s&rsquo;ouvrir compl\u00e8tement, facilitant l&rsquo;acc\u00e8s \u00e0 tous les contenus sans effort.<\/li>\n<\/ul>\n<hr \/>\n<ul>\n<li><strong>Dimensioni :<\/strong> 19 cm de longueur, 10 cm de largeur et 2,5 cm de hauteur<\/li>\n<\/ul>\n<hr \/>\n<p>Ne manquez pas ce m\u00e9lange de nature et d&rsquo;\u00e9l\u00e9gance. Commandez le v\u00f4tre d\u00e8s maintenant et d\u00e9couvrez le charme unique du li\u00e8ge !<\/p>\n<p><i>Tous nos produits sont con\u00e7us avec du li\u00e8ge enti\u00e8rement naturel et sont r\u00e9alis\u00e9s \u00e0 la main par des artisans. Chaque pi\u00e8ce est unique et peux pr\u00e9senter quelques imperfections ce qui rend nos produits \u00e0 la fois uniques et originaux.<\/i><\/p>","protected":false},"excerpt":{"rendered":"<p>Sobre et \u00e9l\u00e9gant, ce portefeuille en li\u00e8ge pour femme sera id\u00e9al en toutes circonstances. Fabriqu\u00e9s \u00e0 partir d\u2019un li\u00e8ge exclusivement r\u00e9colt\u00e9 \u00e0 la main de mani\u00e8re traditionnelle puis assembl\u00e9s dans nos ateliers, le portefeuille \u201cBorboleta\u201d est la meilleure alternative au cuir d\u2019origine animale.<\/p>\n<p><img loading=\"lazy\" decoding=\"async\" class=\"alignnone size-large wp-image-76\" src=\"https:\/\/latelierduliege.com\/wp-content\/uploads\/2026\/03\/Vantaggi-del-sughero-in-5-punti-2.png\" alt=\"\" width=\"1020\" height=\"682\" srcset=\"https:\/\/latelierduliege.com\/wp-content\/uploads\/2026\/03\/Vantaggi-del-sughero-in-5-punti-2.png 1536w, https:\/\/latelierduliege.com\/wp-content\/uploads\/2026\/03\/Vantaggi-del-sughero-in-5-punti-2-300x200.png 300w, https:\/\/latelierduliege.com\/wp-content\/uploads\/2026\/03\/Vantaggi-del-sughero-in-5-punti-2-1024x683.png 1024w, https:\/\/latelierduliege.com\/wp-content\/uploads\/2026\/03\/Vantaggi-del-sughero-in-5-punti-2-768x512.png 768w, https:\/\/latelierduliege.com\/wp-content\/uploads\/2026\/03\/Vantaggi-del-sughero-in-5-punti-2-18x12.png 18w, https:\/\/latelierduliege.com\/wp-content\/uploads\/2026\/03\/Vantaggi-del-sughero-in-5-punti-2-510x340.png 510w\" sizes=\"auto, (max-width: 1020px) 100vw, 1020px\" \/><\/p>","protected":false},"featured_media":10169,"comment_status":"open","ping_status":"closed","template":"","meta":[],"pwb-brand":[267],"product_brand":[],"product_cat":[621,189],"product_tag":[640],"class_list":{"0":"post-10170","1":"product","2":"type-product","3":"status-publish","4":"has-post-thumbnail","6":"pwb-brand-atelier-du-liege","7":"product_cat-portefeuilles-liege","8":"product_cat-portefeuilles-liege-portefeuilles-liege","9":"product_tag-femme","11":"first","12":"instock","13":"featured","14":"shipping-taxable","15":"purchasable","16":"product-type-variable"},"yoast_head":"<!-- This site is optimized with the Yoast SEO plugin v27.3 - https:\/\/yoast.com\/product\/yoast-seo-wordpress\/ -->\n<title>Portefeuille en li\u00e8ge femme \u2013 Zipp\u00e9 et fonctionnel - L&#039;Atelier du Li\u00e8ge<\/title>\n<meta name=\"description\" content=\"Portefeuille en li\u00e8ge femme, 14 emplacements cartes, poche zipp\u00e9e et design sophistiqu\u00e9. Fermeture \u00e9clair robuste, vegan et \u00e9coresponsable.\" \/>\n<meta name=\"robots\" content=\"index, follow, max-snippet:-1, max-image-preview:large, max-video-preview:-1\" \/>\n<link rel=\"canonical\" href=\"https:\/\/latelierduliege.com\/it\/collection\/elegant-cork-womens-zipper-wallet-pure-color-collection-bag-2342\/\" \/>\n<meta property=\"og:locale\" content=\"it_IT\" \/>\n<meta property=\"og:type\" content=\"article\" \/>\n<meta property=\"og:title\" content=\"Portefeuille en li\u00e8ge femme \u2013 Zipp\u00e9 et fonctionnel - L&#039;Atelier du Li\u00e8ge\" \/>\n<meta property=\"og:description\" content=\"Portefeuille en li\u00e8ge femme, 14 emplacements cartes, poche zipp\u00e9e et design sophistiqu\u00e9. Fermeture \u00e9clair robuste, vegan et \u00e9coresponsable.\" \/>\n<meta property=\"og:url\" content=\"https:\/\/latelierduliege.com\/it\/collection\/elegant-cork-womens-zipper-wallet-pure-color-collection-bag-2342\/\" \/>\n<meta property=\"og:site_name\" content=\"L&#039;Atelier du Li\u00e8ge\" \/>\n<meta property=\"article:publisher\" content=\"https:\/\/www.facebook.com\" \/>\n<meta property=\"article:modified_time\" content=\"2026-04-03T07:50:37+00:00\" \/>\n<meta property=\"og:image\" content=\"https:\/\/latelierduliege.com\/wp-content\/uploads\/2024\/06\/800769323550918383.jpg\" \/>\n\t<meta property=\"og:image:width\" content=\"1200\" \/>\n\t<meta property=\"og:image:height\" content=\"1200\" \/>\n\t<meta property=\"og:image:type\" content=\"image\/jpeg\" \/>\n<meta name=\"twitter:card\" content=\"summary_large_image\" \/>\n<meta name=\"twitter:label1\" content=\"Tempo di lettura stimato\" \/>\n\t<meta name=\"twitter:data1\" content=\"2 minuti\" \/>\n<script type=\"application\/ld+json\" class=\"yoast-schema-graph\">{\"@context\":\"https:\\\/\\\/schema.org\",\"@graph\":[{\"@type\":\"WebPage\",\"@id\":\"https:\\\/\\\/latelierduliege.com\\\/collection\\\/elegant-cork-womens-zipper-wallet-pure-color-collection-bag-2342\\\/\",\"url\":\"https:\\\/\\\/latelierduliege.com\\\/collection\\\/elegant-cork-womens-zipper-wallet-pure-color-collection-bag-2342\\\/\",\"name\":\"Portefeuille en li\u00e8ge femme \u2013 Zipp\u00e9 et fonctionnel - L&#039;Atelier du Li\u00e8ge\",\"isPartOf\":{\"@id\":\"https:\\\/\\\/latelierduliege.com\\\/#website\"},\"primaryImageOfPage\":{\"@id\":\"https:\\\/\\\/latelierduliege.com\\\/collection\\\/elegant-cork-womens-zipper-wallet-pure-color-collection-bag-2342\\\/#primaryimage\"},\"image\":{\"@id\":\"https:\\\/\\\/latelierduliege.com\\\/collection\\\/elegant-cork-womens-zipper-wallet-pure-color-collection-bag-2342\\\/#primaryimage\"},\"thumbnailUrl\":\"https:\\\/\\\/latelierduliege.com\\\/wp-content\\\/uploads\\\/2024\\\/06\\\/800769323550918383.jpg\",\"datePublished\":\"2024-06-16T15:34:00+00:00\",\"dateModified\":\"2026-04-03T07:50:37+00:00\",\"description\":\"Portefeuille en li\u00e8ge femme, 14 emplacements cartes, poche zipp\u00e9e et design sophistiqu\u00e9. Fermeture \u00e9clair robuste, vegan et \u00e9coresponsable.\",\"breadcrumb\":{\"@id\":\"https:\\\/\\\/latelierduliege.com\\\/collection\\\/elegant-cork-womens-zipper-wallet-pure-color-collection-bag-2342\\\/#breadcrumb\"},\"inLanguage\":\"it-IT\",\"potentialAction\":[{\"@type\":\"ReadAction\",\"target\":[\"https:\\\/\\\/latelierduliege.com\\\/collection\\\/elegant-cork-womens-zipper-wallet-pure-color-collection-bag-2342\\\/\"]}]},{\"@type\":\"ImageObject\",\"inLanguage\":\"it-IT\",\"@id\":\"https:\\\/\\\/latelierduliege.com\\\/collection\\\/elegant-cork-womens-zipper-wallet-pure-color-collection-bag-2342\\\/#primaryimage\",\"url\":\"https:\\\/\\\/latelierduliege.com\\\/wp-content\\\/uploads\\\/2024\\\/06\\\/800769323550918383.jpg\",\"contentUrl\":\"https:\\\/\\\/latelierduliege.com\\\/wp-content\\\/uploads\\\/2024\\\/06\\\/800769323550918383.jpg\",\"width\":1200,\"height\":1200},{\"@type\":\"BreadcrumbList\",\"@id\":\"https:\\\/\\\/latelierduliege.com\\\/collection\\\/elegant-cork-womens-zipper-wallet-pure-color-collection-bag-2342\\\/#breadcrumb\",\"itemListElement\":[{\"@type\":\"ListItem\",\"position\":1,\"name\":\"Home\",\"item\":\"https:\\\/\\\/latelierduliege.com\\\/\"},{\"@type\":\"ListItem\",\"position\":2,\"name\":\"Boutique\",\"item\":\"https:\\\/\\\/latelierduliege.com\\\/boutique-liege\\\/\"},{\"@type\":\"ListItem\",\"position\":3,\"name\":\"Portefeuille en li\u00e8ge zipp\u00e9 \u00ab\u00a0Borboleta\u00a0\u00bb pour femme \u2013 \u00c9l\u00e9gant, spacieux et vegan\"}]},{\"@type\":\"WebSite\",\"@id\":\"https:\\\/\\\/latelierduliege.com\\\/#website\",\"url\":\"https:\\\/\\\/latelierduliege.com\\\/\",\"name\":\"L'Atelier du Li\u00e8ge\",\"description\":\"Ecoresponsable par nature\",\"potentialAction\":[{\"@type\":\"SearchAction\",\"target\":{\"@type\":\"EntryPoint\",\"urlTemplate\":\"https:\\\/\\\/latelierduliege.com\\\/?s={search_term_string}\"},\"query-input\":{\"@type\":\"PropertyValueSpecification\",\"valueRequired\":true,\"valueName\":\"search_term_string\"}}],\"inLanguage\":\"it-IT\"}]}<\/script>\n<!-- \/ Yoast SEO plugin. -->","yoast_head_json":{"title":"Portefeuille en li\u00e8ge femme \u2013 Zipp\u00e9 et fonctionnel - L&#039;Atelier du Li\u00e8ge","description":"Portefeuille en li\u00e8ge femme, 14 emplacements cartes, poche zipp\u00e9e et design sophistiqu\u00e9. Fermeture \u00e9clair robuste, vegan et \u00e9coresponsable.","robots":{"index":"index","follow":"follow","max-snippet":"max-snippet:-1","max-image-preview":"max-image-preview:large","max-video-preview":"max-video-preview:-1"},"canonical":"https:\/\/latelierduliege.com\/it\/collection\/elegant-cork-womens-zipper-wallet-pure-color-collection-bag-2342\/","og_locale":"it_IT","og_type":"article","og_title":"Portefeuille en li\u00e8ge femme \u2013 Zipp\u00e9 et fonctionnel - L&#039;Atelier du Li\u00e8ge","og_description":"Portefeuille en li\u00e8ge femme, 14 emplacements cartes, poche zipp\u00e9e et design sophistiqu\u00e9. Fermeture \u00e9clair robuste, vegan et \u00e9coresponsable.","og_url":"https:\/\/latelierduliege.com\/it\/collection\/elegant-cork-womens-zipper-wallet-pure-color-collection-bag-2342\/","og_site_name":"L&#039;Atelier du Li\u00e8ge","article_publisher":"https:\/\/www.facebook.com","article_modified_time":"2026-04-03T07:50:37+00:00","og_image":[{"width":1200,"height":1200,"url":"https:\/\/latelierduliege.com\/wp-content\/uploads\/2024\/06\/800769323550918383.jpg","type":"image\/jpeg"}],"twitter_card":"summary_large_image","twitter_misc":{"Tempo di lettura stimato":"2 minuti"},"schema":{"@context":"https:\/\/schema.org","@graph":[{"@type":"WebPage","@id":"https:\/\/latelierduliege.com\/collection\/elegant-cork-womens-zipper-wallet-pure-color-collection-bag-2342\/","url":"https:\/\/latelierduliege.com\/collection\/elegant-cork-womens-zipper-wallet-pure-color-collection-bag-2342\/","name":"Portefeuille en li\u00e8ge femme \u2013 Zipp\u00e9 et fonctionnel - L&#039;Atelier du Li\u00e8ge","isPartOf":{"@id":"https:\/\/latelierduliege.com\/#website"},"primaryImageOfPage":{"@id":"https:\/\/latelierduliege.com\/collection\/elegant-cork-womens-zipper-wallet-pure-color-collection-bag-2342\/#primaryimage"},"image":{"@id":"https:\/\/latelierduliege.com\/collection\/elegant-cork-womens-zipper-wallet-pure-color-collection-bag-2342\/#primaryimage"},"thumbnailUrl":"https:\/\/latelierduliege.com\/wp-content\/uploads\/2024\/06\/800769323550918383.jpg","datePublished":"2024-06-16T15:34:00+00:00","dateModified":"2026-04-03T07:50:37+00:00","description":"Portefeuille en li\u00e8ge femme, 14 emplacements cartes, poche zipp\u00e9e et design sophistiqu\u00e9. Fermeture \u00e9clair robuste, vegan et \u00e9coresponsable.","breadcrumb":{"@id":"https:\/\/latelierduliege.com\/collection\/elegant-cork-womens-zipper-wallet-pure-color-collection-bag-2342\/#breadcrumb"},"inLanguage":"it-IT","potentialAction":[{"@type":"ReadAction","target":["https:\/\/latelierduliege.com\/collection\/elegant-cork-womens-zipper-wallet-pure-color-collection-bag-2342\/"]}]},{"@type":"ImageObject","inLanguage":"it-IT","@id":"https:\/\/latelierduliege.com\/collection\/elegant-cork-womens-zipper-wallet-pure-color-collection-bag-2342\/#primaryimage","url":"https:\/\/latelierduliege.com\/wp-content\/uploads\/2024\/06\/800769323550918383.jpg","contentUrl":"https:\/\/latelierduliege.com\/wp-content\/uploads\/2024\/06\/800769323550918383.jpg","width":1200,"height":1200},{"@type":"BreadcrumbList","@id":"https:\/\/latelierduliege.com\/collection\/elegant-cork-womens-zipper-wallet-pure-color-collection-bag-2342\/#breadcrumb","itemListElement":[{"@type":"ListItem","position":1,"name":"Home","item":"https:\/\/latelierduliege.com\/"},{"@type":"ListItem","position":2,"name":"Boutique","item":"https:\/\/latelierduliege.com\/boutique-liege\/"},{"@type":"ListItem","position":3,"name":"Portefeuille en li\u00e8ge zipp\u00e9 \u00ab\u00a0Borboleta\u00a0\u00bb pour femme \u2013 \u00c9l\u00e9gant, spacieux et vegan"}]},{"@type":"WebSite","@id":"https:\/\/latelierduliege.com\/#website","url":"https:\/\/latelierduliege.com\/","name":"L'Atelier du Li\u00e8ge","description":"Ecoresponsable par nature","potentialAction":[{"@type":"SearchAction","target":{"@type":"EntryPoint","urlTemplate":"https:\/\/latelierduliege.com\/?s={search_term_string}"},"query-input":{"@type":"PropertyValueSpecification","valueRequired":true,"valueName":"search_term_string"}}],"inLanguage":"it-IT"}]}},"brands":[{"id":267,"name":"L'Atelier du Li\u00e8ge","slug":"atelier-du-liege"}],"_links":{"self":[{"href":"https:\/\/latelierduliege.com\/it\/wp-json\/wp\/v2\/product\/10170","targetHints":{"allow":["GET"]}}],"collection":[{"href":"https:\/\/latelierduliege.com\/it\/wp-json\/wp\/v2\/product"}],"about":[{"href":"https:\/\/latelierduliege.com\/it\/wp-json\/wp\/v2\/types\/product"}],"replies":[{"embeddable":true,"href":"https:\/\/latelierduliege.com\/it\/wp-json\/wp\/v2\/comments?post=10170"}],"wp:featuredmedia":[{"embeddable":true,"href":"https:\/\/latelierduliege.com\/it\/wp-json\/wp\/v2\/media\/10169"}],"wp:attachment":[{"href":"https:\/\/latelierduliege.com\/it\/wp-json\/wp\/v2\/media?parent=10170"}],"wp:term":[{"taxonomy":"pwb-brand","embeddable":true,"href":"https:\/\/latelierduliege.com\/it\/wp-json\/wp\/v2\/pwb-brand?post=10170"},{"taxonomy":"product_brand","embeddable":true,"href":"https:\/\/latelierduliege.com\/it\/wp-json\/wp\/v2\/product_brand?post=10170"},{"taxonomy":"product_cat","embeddable":true,"href":"https:\/\/latelierduliege.com\/it\/wp-json\/wp\/v2\/product_cat?post=10170"},{"taxonomy":"product_tag","embeddable":true,"href":"https:\/\/latelierduliege.com\/it\/wp-json\/wp\/v2\/product_tag?post=10170"}],"curies":[{"name":"wp","href":"https:\/\/api.w.org\/{rel}","templated":true}]}}