{"id":10264,"date":"2024-06-16T20:48:40","date_gmt":"2024-06-16T20:48:40","guid":{"rendered":"https:\/\/latelierduliege.com\/collection\/the-classic-gentlemans-natural-cork-no-hole-belt-l-878-a\/"},"modified":"2026-04-13T19:16:30","modified_gmt":"2026-04-13T17:16:30","slug":"the-classic-gentlemans-natural-cork-no-hole-belt-l-878-a","status":"publish","type":"product","link":"https:\/\/latelierduliege.com\/it\/collection\/the-classic-gentlemans-natural-cork-no-hole-belt-l-878-a\/","title":{"rendered":"Cintura uomo in sughero \u201cVento\u201d \u2013 regolabile, elegante e resistente"},"content":{"rendered":"<p>Adotta l\u2019eleganza con la cintura in sughero da uomo \u201cVento\u201d.  Realizzata in pregiato sughero nero double-face, questa cintura senza fori integra un innovativo sistema di regolazione che consente un adattamento preciso e confortevole.  Con una larghezza di 3,5 cm, si abbina perfettamente a qualsiasi outfit maschile, dal pi\u00f9 casual al pi\u00f9 elegante. La fibbie in lega metallica aggiunge un tocco moderno e raffinato.  Elegante, resistente e sostenibile, \u00e8 la scelta ideale per chi desidera uno stile distintivo senza rinunciare al rispetto per la natura.<\/p>\n<p>Scegli ora questo accessorio unico e aggiungilo al carrello.<\/p>\n<p>Tutti i nostri prodotti sono realizzati con sughero completamente naturale e lavorati a mano da artigiani esperti. Ogni pezzo \u00e8 unico e pu\u00f2 presentare piccole imperfezioni naturali, che rendono ogni creazione autentica e originale.<\/p>","protected":false},"excerpt":{"rendered":"<p>Sobria ed elegante, questa cintura da uomo in sughero \u00e8 ideale per ogni occasione.\n\nRealizzata con sughero raccolto a mano secondo metodi tradizionali e assemblata nei nostri laboratori, la cintura \u201cVento\u201d rappresenta una valida alternativa alla pelle animale.<\/p>\n<p><img loading=\"lazy\" decoding=\"async\" class=\"alignnone size-large wp-image-76\" src=\"https:\/\/latelierduliege.com\/wp-content\/uploads\/2026\/03\/Vantaggi-del-sughero-in-5-punti-2.png\" alt=\"\" width=\"1020\" height=\"682\" srcset=\"https:\/\/latelierduliege.com\/wp-content\/uploads\/2026\/03\/Vantaggi-del-sughero-in-5-punti-2.png 1536w, https:\/\/latelierduliege.com\/wp-content\/uploads\/2026\/03\/Vantaggi-del-sughero-in-5-punti-2-300x200.png 300w, https:\/\/latelierduliege.com\/wp-content\/uploads\/2026\/03\/Vantaggi-del-sughero-in-5-punti-2-1024x683.png 1024w, https:\/\/latelierduliege.com\/wp-content\/uploads\/2026\/03\/Vantaggi-del-sughero-in-5-punti-2-768x512.png 768w, https:\/\/latelierduliege.com\/wp-content\/uploads\/2026\/03\/Vantaggi-del-sughero-in-5-punti-2-18x12.png 18w, https:\/\/latelierduliege.com\/wp-content\/uploads\/2026\/03\/Vantaggi-del-sughero-in-5-punti-2-510x340.png 510w\" sizes=\"auto, (max-width: 1020px) 100vw, 1020px\" \/><\/p>","protected":false},"featured_media":10263,"comment_status":"open","ping_status":"closed","template":"","meta":[],"pwb-brand":[267],"product_brand":[],"product_cat":[15,308,553],"product_tag":[],"class_list":{"0":"post-10264","1":"product","2":"type-product","3":"status-publish","4":"has-post-thumbnail","6":"pwb-brand-atelier-du-liege","7":"product_cat-accessoires-de-mode-liege","8":"product_cat-ceintures-homme","9":"product_cat-nouveautes-accessoires-liege","11":"first","12":"instock","13":"shipping-taxable","14":"purchasable","15":"product-type-variable"},"yoast_head":"<!-- This site is optimized with the Yoast SEO plugin v27.3 - https:\/\/yoast.com\/product\/yoast-seo-wordpress\/ -->\n<title>Ceinture en li\u00e8ge homme \u2013 Ajustable et \u00e9l\u00e9gante - L&#039;Atelier du Li\u00e8ge<\/title>\n<meta name=\"description\" content=\"Ceinture en li\u00e8ge homme, ajustable et sans pantalon. Li\u00e8ge noir luxueux, boucle moderne et design raffin\u00e9. \u00c9l\u00e9gante, durable et \u00e9coresponsable.\" \/>\n<meta name=\"robots\" content=\"index, follow, max-snippet:-1, max-image-preview:large, max-video-preview:-1\" \/>\n<link rel=\"canonical\" href=\"https:\/\/latelierduliege.com\/it\/collection\/the-classic-gentlemans-natural-cork-no-hole-belt-l-878-a\/\" \/>\n<meta property=\"og:locale\" content=\"it_IT\" \/>\n<meta property=\"og:type\" content=\"article\" \/>\n<meta property=\"og:title\" content=\"Ceinture en li\u00e8ge homme \u2013 Ajustable et \u00e9l\u00e9gante - L&#039;Atelier du Li\u00e8ge\" \/>\n<meta property=\"og:description\" content=\"Ceinture en li\u00e8ge homme, ajustable et sans pantalon. Li\u00e8ge noir luxueux, boucle moderne et design raffin\u00e9. \u00c9l\u00e9gante, durable et \u00e9coresponsable.\" \/>\n<meta property=\"og:url\" content=\"https:\/\/latelierduliege.com\/it\/collection\/the-classic-gentlemans-natural-cork-no-hole-belt-l-878-a\/\" \/>\n<meta property=\"og:site_name\" content=\"L&#039;Atelier du Li\u00e8ge\" \/>\n<meta property=\"article:publisher\" content=\"https:\/\/www.facebook.com\" \/>\n<meta property=\"article:modified_time\" content=\"2026-04-13T17:16:30+00:00\" \/>\n<meta property=\"og:image\" content=\"https:\/\/latelierduliege.com\/wp-content\/uploads\/2024\/06\/ZXW05270.jpg\" \/>\n\t<meta property=\"og:image:width\" content=\"1200\" \/>\n\t<meta property=\"og:image:height\" content=\"1200\" \/>\n\t<meta property=\"og:image:type\" content=\"image\/jpeg\" \/>\n<meta name=\"twitter:card\" content=\"summary_large_image\" \/>\n<meta name=\"twitter:label1\" content=\"Tempo di lettura stimato\" \/>\n\t<meta name=\"twitter:data1\" content=\"1 minuto\" \/>\n<script type=\"application\/ld+json\" class=\"yoast-schema-graph\">{\"@context\":\"https:\\\/\\\/schema.org\",\"@graph\":[{\"@type\":\"WebPage\",\"@id\":\"https:\\\/\\\/latelierduliege.com\\\/collection\\\/the-classic-gentlemans-natural-cork-no-hole-belt-l-878-a\\\/\",\"url\":\"https:\\\/\\\/latelierduliege.com\\\/collection\\\/the-classic-gentlemans-natural-cork-no-hole-belt-l-878-a\\\/\",\"name\":\"Ceinture en li\u00e8ge homme \u2013 Ajustable et \u00e9l\u00e9gante - L&#039;Atelier du Li\u00e8ge\",\"isPartOf\":{\"@id\":\"https:\\\/\\\/latelierduliege.com\\\/#website\"},\"primaryImageOfPage\":{\"@id\":\"https:\\\/\\\/latelierduliege.com\\\/collection\\\/the-classic-gentlemans-natural-cork-no-hole-belt-l-878-a\\\/#primaryimage\"},\"image\":{\"@id\":\"https:\\\/\\\/latelierduliege.com\\\/collection\\\/the-classic-gentlemans-natural-cork-no-hole-belt-l-878-a\\\/#primaryimage\"},\"thumbnailUrl\":\"https:\\\/\\\/latelierduliege.com\\\/wp-content\\\/uploads\\\/2024\\\/06\\\/ZXW05270.jpg\",\"datePublished\":\"2024-06-16T20:48:40+00:00\",\"dateModified\":\"2026-04-13T17:16:30+00:00\",\"description\":\"Ceinture en li\u00e8ge homme, ajustable et sans pantalon. Li\u00e8ge noir luxueux, boucle moderne et design raffin\u00e9. \u00c9l\u00e9gante, durable et \u00e9coresponsable.\",\"breadcrumb\":{\"@id\":\"https:\\\/\\\/latelierduliege.com\\\/collection\\\/the-classic-gentlemans-natural-cork-no-hole-belt-l-878-a\\\/#breadcrumb\"},\"inLanguage\":\"it-IT\",\"potentialAction\":[{\"@type\":\"ReadAction\",\"target\":[\"https:\\\/\\\/latelierduliege.com\\\/collection\\\/the-classic-gentlemans-natural-cork-no-hole-belt-l-878-a\\\/\"]}]},{\"@type\":\"ImageObject\",\"inLanguage\":\"it-IT\",\"@id\":\"https:\\\/\\\/latelierduliege.com\\\/collection\\\/the-classic-gentlemans-natural-cork-no-hole-belt-l-878-a\\\/#primaryimage\",\"url\":\"https:\\\/\\\/latelierduliege.com\\\/wp-content\\\/uploads\\\/2024\\\/06\\\/ZXW05270.jpg\",\"contentUrl\":\"https:\\\/\\\/latelierduliege.com\\\/wp-content\\\/uploads\\\/2024\\\/06\\\/ZXW05270.jpg\",\"width\":1200,\"height\":1200},{\"@type\":\"BreadcrumbList\",\"@id\":\"https:\\\/\\\/latelierduliege.com\\\/collection\\\/the-classic-gentlemans-natural-cork-no-hole-belt-l-878-a\\\/#breadcrumb\",\"itemListElement\":[{\"@type\":\"ListItem\",\"position\":1,\"name\":\"Home\",\"item\":\"https:\\\/\\\/latelierduliege.com\\\/\"},{\"@type\":\"ListItem\",\"position\":2,\"name\":\"Boutique\",\"item\":\"https:\\\/\\\/latelierduliege.com\\\/boutique-liege\\\/\"},{\"@type\":\"ListItem\",\"position\":3,\"name\":\"Ceinture en li\u00e8ge \u00ab Vento \u00bb pour homme \u2013 Ajustable, \u00e9l\u00e9gante et durable\"}]},{\"@type\":\"WebSite\",\"@id\":\"https:\\\/\\\/latelierduliege.com\\\/#website\",\"url\":\"https:\\\/\\\/latelierduliege.com\\\/\",\"name\":\"L'Atelier du Li\u00e8ge\",\"description\":\"Ecoresponsable par nature\",\"potentialAction\":[{\"@type\":\"SearchAction\",\"target\":{\"@type\":\"EntryPoint\",\"urlTemplate\":\"https:\\\/\\\/latelierduliege.com\\\/?s={search_term_string}\"},\"query-input\":{\"@type\":\"PropertyValueSpecification\",\"valueRequired\":true,\"valueName\":\"search_term_string\"}}],\"inLanguage\":\"it-IT\"}]}<\/script>\n<!-- \/ Yoast SEO plugin. -->","yoast_head_json":{"title":"Ceinture en li\u00e8ge homme \u2013 Ajustable et \u00e9l\u00e9gante - L&#039;Atelier du Li\u00e8ge","description":"Ceinture en li\u00e8ge homme, ajustable et sans pantalon. Li\u00e8ge noir luxueux, boucle moderne et design raffin\u00e9. \u00c9l\u00e9gante, durable et \u00e9coresponsable.","robots":{"index":"index","follow":"follow","max-snippet":"max-snippet:-1","max-image-preview":"max-image-preview:large","max-video-preview":"max-video-preview:-1"},"canonical":"https:\/\/latelierduliege.com\/it\/collection\/the-classic-gentlemans-natural-cork-no-hole-belt-l-878-a\/","og_locale":"it_IT","og_type":"article","og_title":"Ceinture en li\u00e8ge homme \u2013 Ajustable et \u00e9l\u00e9gante - L&#039;Atelier du Li\u00e8ge","og_description":"Ceinture en li\u00e8ge homme, ajustable et sans pantalon. Li\u00e8ge noir luxueux, boucle moderne et design raffin\u00e9. \u00c9l\u00e9gante, durable et \u00e9coresponsable.","og_url":"https:\/\/latelierduliege.com\/it\/collection\/the-classic-gentlemans-natural-cork-no-hole-belt-l-878-a\/","og_site_name":"L&#039;Atelier du Li\u00e8ge","article_publisher":"https:\/\/www.facebook.com","article_modified_time":"2026-04-13T17:16:30+00:00","og_image":[{"width":1200,"height":1200,"url":"https:\/\/latelierduliege.com\/wp-content\/uploads\/2024\/06\/ZXW05270.jpg","type":"image\/jpeg"}],"twitter_card":"summary_large_image","twitter_misc":{"Tempo di lettura stimato":"1 minuto"},"schema":{"@context":"https:\/\/schema.org","@graph":[{"@type":"WebPage","@id":"https:\/\/latelierduliege.com\/collection\/the-classic-gentlemans-natural-cork-no-hole-belt-l-878-a\/","url":"https:\/\/latelierduliege.com\/collection\/the-classic-gentlemans-natural-cork-no-hole-belt-l-878-a\/","name":"Ceinture en li\u00e8ge homme \u2013 Ajustable et \u00e9l\u00e9gante - L&#039;Atelier du Li\u00e8ge","isPartOf":{"@id":"https:\/\/latelierduliege.com\/#website"},"primaryImageOfPage":{"@id":"https:\/\/latelierduliege.com\/collection\/the-classic-gentlemans-natural-cork-no-hole-belt-l-878-a\/#primaryimage"},"image":{"@id":"https:\/\/latelierduliege.com\/collection\/the-classic-gentlemans-natural-cork-no-hole-belt-l-878-a\/#primaryimage"},"thumbnailUrl":"https:\/\/latelierduliege.com\/wp-content\/uploads\/2024\/06\/ZXW05270.jpg","datePublished":"2024-06-16T20:48:40+00:00","dateModified":"2026-04-13T17:16:30+00:00","description":"Ceinture en li\u00e8ge homme, ajustable et sans pantalon. Li\u00e8ge noir luxueux, boucle moderne et design raffin\u00e9. \u00c9l\u00e9gante, durable et \u00e9coresponsable.","breadcrumb":{"@id":"https:\/\/latelierduliege.com\/collection\/the-classic-gentlemans-natural-cork-no-hole-belt-l-878-a\/#breadcrumb"},"inLanguage":"it-IT","potentialAction":[{"@type":"ReadAction","target":["https:\/\/latelierduliege.com\/collection\/the-classic-gentlemans-natural-cork-no-hole-belt-l-878-a\/"]}]},{"@type":"ImageObject","inLanguage":"it-IT","@id":"https:\/\/latelierduliege.com\/collection\/the-classic-gentlemans-natural-cork-no-hole-belt-l-878-a\/#primaryimage","url":"https:\/\/latelierduliege.com\/wp-content\/uploads\/2024\/06\/ZXW05270.jpg","contentUrl":"https:\/\/latelierduliege.com\/wp-content\/uploads\/2024\/06\/ZXW05270.jpg","width":1200,"height":1200},{"@type":"BreadcrumbList","@id":"https:\/\/latelierduliege.com\/collection\/the-classic-gentlemans-natural-cork-no-hole-belt-l-878-a\/#breadcrumb","itemListElement":[{"@type":"ListItem","position":1,"name":"Home","item":"https:\/\/latelierduliege.com\/"},{"@type":"ListItem","position":2,"name":"Boutique","item":"https:\/\/latelierduliege.com\/boutique-liege\/"},{"@type":"ListItem","position":3,"name":"Ceinture en li\u00e8ge \u00ab Vento \u00bb pour homme \u2013 Ajustable, \u00e9l\u00e9gante et durable"}]},{"@type":"WebSite","@id":"https:\/\/latelierduliege.com\/#website","url":"https:\/\/latelierduliege.com\/","name":"L'Atelier du Li\u00e8ge","description":"Ecoresponsable par nature","potentialAction":[{"@type":"SearchAction","target":{"@type":"EntryPoint","urlTemplate":"https:\/\/latelierduliege.com\/?s={search_term_string}"},"query-input":{"@type":"PropertyValueSpecification","valueRequired":true,"valueName":"search_term_string"}}],"inLanguage":"it-IT"}]}},"brands":[{"id":267,"name":"L'Atelier du Li\u00e8ge","slug":"atelier-du-liege"}],"_links":{"self":[{"href":"https:\/\/latelierduliege.com\/it\/wp-json\/wp\/v2\/product\/10264","targetHints":{"allow":["GET"]}}],"collection":[{"href":"https:\/\/latelierduliege.com\/it\/wp-json\/wp\/v2\/product"}],"about":[{"href":"https:\/\/latelierduliege.com\/it\/wp-json\/wp\/v2\/types\/product"}],"replies":[{"embeddable":true,"href":"https:\/\/latelierduliege.com\/it\/wp-json\/wp\/v2\/comments?post=10264"}],"wp:featuredmedia":[{"embeddable":true,"href":"https:\/\/latelierduliege.com\/it\/wp-json\/wp\/v2\/media\/10263"}],"wp:attachment":[{"href":"https:\/\/latelierduliege.com\/it\/wp-json\/wp\/v2\/media?parent=10264"}],"wp:term":[{"taxonomy":"pwb-brand","embeddable":true,"href":"https:\/\/latelierduliege.com\/it\/wp-json\/wp\/v2\/pwb-brand?post=10264"},{"taxonomy":"product_brand","embeddable":true,"href":"https:\/\/latelierduliege.com\/it\/wp-json\/wp\/v2\/product_brand?post=10264"},{"taxonomy":"product_cat","embeddable":true,"href":"https:\/\/latelierduliege.com\/it\/wp-json\/wp\/v2\/product_cat?post=10264"},{"taxonomy":"product_tag","embeddable":true,"href":"https:\/\/latelierduliege.com\/it\/wp-json\/wp\/v2\/product_tag?post=10264"}],"curies":[{"name":"wp","href":"https:\/\/api.w.org\/{rel}","templated":true}]}}