{"id":10346,"date":"2024-06-20T08:19:54","date_gmt":"2024-06-20T08:19:54","guid":{"rendered":"https:\/\/latelierduliege.com\/collection\/canvas-and-cork-fusion-notebook-in-black-gray-blue-and-green-l-1010\/"},"modified":"2026-04-09T09:26:49","modified_gmt":"2026-04-09T07:26:49","slug":"canvas-and-cork-fusion-notebook-in-black-gray-blue-and-green-l-1010","status":"publish","type":"product","link":"https:\/\/latelierduliege.com\/it\/collection\/canvas-and-cork-fusion-notebook-in-black-gray-blue-and-green-l-1010\/","title":{"rendered":"Carnet en li\u00e8ge \u00ab Horizonte \u00bb \u2013 \u00c9l\u00e9gant, \u00e9cologique et polyvalent"},"content":{"rendered":"<p>Le Carnet \u00ab\u00a0Horizonte\u00a0\u00bb en toile et li\u00e8ge est un m\u00e9lange parfait de style et de fonctionnalit\u00e9 pour am\u00e9liorer votre exp\u00e9rience de journalisation quotidienne. Ce carnet exquis pr\u00e9sente de magnifiques d\u00e9tails imprim\u00e9s qui ajoutent du charme et de la sophistication \u00e0 vos notes quotidiennes, les faisant ressortir.<\/p>\n<p>Id\u00e9al \u00e0 diverses fins, ce carnet peut \u00eatre utilis\u00e9 comme journal personnel, journal de voyage, carnet de bureau\/affaires, journal de cours universitaire\/scolaire, planificateur, journal \u00e0 puces, et plus encore. C&rsquo;est \u00e9galement un choix de cadeau attentionn\u00e9 pour les amis et la famille.<\/p>\n<p>Choisissez parmi quatre imprim\u00e9s captivants diff\u00e9rents en fonction de votre style et de vos pr\u00e9f\u00e9rences.<\/p>\n<hr \/>\n<ul>\n<li><strong>Mat\u00e9riau :<\/strong> Li\u00e8ge\/Papier<\/li>\n<\/ul>\n<hr \/>\n<ul>\n<li><strong>Dimensioni :<\/strong>\n<ul>\n<li>Hauteur : 14 centim\u00e8tres \/ 5,5 pouces<\/li>\n<li>Largeur : 1,5 centim\u00e8tres \/ 0,5 pouces<\/li>\n<li>Longueur : 21 centim\u00e8tres \/ 8,2 pouces<\/li>\n<\/ul>\n<\/li>\n<\/ul>\n<p>Am\u00e9liorez votre exp\u00e9rience de prise de notes avec notre carnet \u00ab\u00a0Horizonte\u00a0\u00bb et profitez du m\u00e9lange parfait d&rsquo;esth\u00e9tique naturelle et de polyvalence.<\/p>\n<p>Scegli ora questo accessorio unico e aggiungilo al carrello.<\/p>\n<p>Tutti i nostri prodotti sono realizzati con sughero naturale e lavorati a mano da artigiani.\n\nOgni pezzo \u00e8 unico e pu\u00f2 presentare piccole imperfezioni naturali, caratteristiche che rendono ogni accessorio autentico e originale.<\/p>","protected":false},"excerpt":{"rendered":"<p>Fabriqu\u00e9s \u00e0 partir d\u2019un li\u00e8ge exclusivement r\u00e9colt\u00e9 \u00e0 la main de mani\u00e8re traditionnelle puis assembl\u00e9s dans nos ateliers, le Carnet \u00ab\u00a0Horizonte\u00a0\u00bb est la meilleure alternative au cuir d\u2019origine animale.<\/p>\n<p><img loading=\"lazy\" decoding=\"async\" class=\"alignnone size-large wp-image-76\" src=\"https:\/\/latelierduliege.com\/wp-content\/uploads\/2026\/03\/Vantaggi-del-sughero-in-5-punti-2.png\" alt=\"\" width=\"1020\" height=\"682\" srcset=\"https:\/\/latelierduliege.com\/wp-content\/uploads\/2026\/03\/Vantaggi-del-sughero-in-5-punti-2.png 1536w, https:\/\/latelierduliege.com\/wp-content\/uploads\/2026\/03\/Vantaggi-del-sughero-in-5-punti-2-300x200.png 300w, https:\/\/latelierduliege.com\/wp-content\/uploads\/2026\/03\/Vantaggi-del-sughero-in-5-punti-2-1024x683.png 1024w, https:\/\/latelierduliege.com\/wp-content\/uploads\/2026\/03\/Vantaggi-del-sughero-in-5-punti-2-768x512.png 768w, https:\/\/latelierduliege.com\/wp-content\/uploads\/2026\/03\/Vantaggi-del-sughero-in-5-punti-2-18x12.png 18w, https:\/\/latelierduliege.com\/wp-content\/uploads\/2026\/03\/Vantaggi-del-sughero-in-5-punti-2-510x340.png 510w\" sizes=\"auto, (max-width: 1020px) 100vw, 1020px\" \/><\/p>","protected":false},"featured_media":10334,"comment_status":"open","ping_status":"closed","template":"","meta":[],"pwb-brand":[267],"product_brand":[],"product_cat":[336,553,337,481],"product_tag":[640],"class_list":{"0":"post-10346","1":"product","2":"type-product","3":"status-publish","4":"has-post-thumbnail","6":"pwb-brand-atelier-du-liege","7":"product_cat-maison-papeterie-animaux-liege","8":"product_cat-nouveautes-accessoires-liege","9":"product_cat-papeterie-liege","10":"product_cat-promotions-liege","11":"product_tag-femme","13":"first","14":"instock","15":"shipping-taxable","16":"purchasable","17":"product-type-variable"},"yoast_head":"<!-- This site is optimized with the Yoast SEO plugin v27.3 - https:\/\/yoast.com\/product\/yoast-seo-wordpress\/ -->\n<title>Carnet en li\u00e8ge \u00e9cologique \u2013 \u00c9l\u00e9gant et durable - L&#039;Atelier du Li\u00e8ge<\/title>\n<meta name=\"description\" content=\"Carnet en li\u00e8ge, id\u00e9al pour journaling, bureau ou voyage. Pages \u00e9l\u00e9gantes, imprim\u00e9s uniques et fabrication artisanale. Pratique et \u00e9coresponsable.\" \/>\n<meta name=\"robots\" content=\"index, follow, max-snippet:-1, max-image-preview:large, max-video-preview:-1\" \/>\n<link rel=\"canonical\" href=\"https:\/\/latelierduliege.com\/it\/collection\/canvas-and-cork-fusion-notebook-in-black-gray-blue-and-green-l-1010\/\" \/>\n<meta property=\"og:locale\" content=\"it_IT\" \/>\n<meta property=\"og:type\" content=\"article\" \/>\n<meta property=\"og:title\" content=\"Carnet en li\u00e8ge \u00e9cologique \u2013 \u00c9l\u00e9gant et durable - L&#039;Atelier du Li\u00e8ge\" \/>\n<meta property=\"og:description\" content=\"Carnet en li\u00e8ge, id\u00e9al pour journaling, bureau ou voyage. Pages \u00e9l\u00e9gantes, imprim\u00e9s uniques et fabrication artisanale. Pratique et \u00e9coresponsable.\" \/>\n<meta property=\"og:url\" content=\"https:\/\/latelierduliege.com\/it\/collection\/canvas-and-cork-fusion-notebook-in-black-gray-blue-and-green-l-1010\/\" \/>\n<meta property=\"og:site_name\" content=\"L&#039;Atelier du Li\u00e8ge\" \/>\n<meta property=\"article:publisher\" content=\"https:\/\/www.facebook.com\" \/>\n<meta property=\"article:modified_time\" content=\"2026-04-09T07:26:49+00:00\" \/>\n<meta property=\"og:image\" content=\"https:\/\/latelierduliege.com\/wp-content\/uploads\/2024\/06\/9_e2d02bc3-6c57-4d07-aa08-0c8a53b45501.jpg\" \/>\n\t<meta property=\"og:image:width\" content=\"1200\" \/>\n\t<meta property=\"og:image:height\" content=\"1200\" \/>\n\t<meta property=\"og:image:type\" content=\"image\/jpeg\" \/>\n<meta name=\"twitter:card\" content=\"summary_large_image\" \/>\n<meta name=\"twitter:label1\" content=\"Tempo di lettura stimato\" \/>\n\t<meta name=\"twitter:data1\" content=\"2 minuti\" \/>\n<script type=\"application\/ld+json\" class=\"yoast-schema-graph\">{\"@context\":\"https:\\\/\\\/schema.org\",\"@graph\":[{\"@type\":\"WebPage\",\"@id\":\"https:\\\/\\\/latelierduliege.com\\\/collection\\\/canvas-and-cork-fusion-notebook-in-black-gray-blue-and-green-l-1010\\\/\",\"url\":\"https:\\\/\\\/latelierduliege.com\\\/collection\\\/canvas-and-cork-fusion-notebook-in-black-gray-blue-and-green-l-1010\\\/\",\"name\":\"Carnet en li\u00e8ge \u00e9cologique \u2013 \u00c9l\u00e9gant et durable - L&#039;Atelier du Li\u00e8ge\",\"isPartOf\":{\"@id\":\"https:\\\/\\\/latelierduliege.com\\\/#website\"},\"primaryImageOfPage\":{\"@id\":\"https:\\\/\\\/latelierduliege.com\\\/collection\\\/canvas-and-cork-fusion-notebook-in-black-gray-blue-and-green-l-1010\\\/#primaryimage\"},\"image\":{\"@id\":\"https:\\\/\\\/latelierduliege.com\\\/collection\\\/canvas-and-cork-fusion-notebook-in-black-gray-blue-and-green-l-1010\\\/#primaryimage\"},\"thumbnailUrl\":\"https:\\\/\\\/latelierduliege.com\\\/wp-content\\\/uploads\\\/2024\\\/06\\\/9_e2d02bc3-6c57-4d07-aa08-0c8a53b45501.jpg\",\"datePublished\":\"2024-06-20T08:19:54+00:00\",\"dateModified\":\"2026-04-09T07:26:49+00:00\",\"description\":\"Carnet en li\u00e8ge, id\u00e9al pour journaling, bureau ou voyage. Pages \u00e9l\u00e9gantes, imprim\u00e9s uniques et fabrication artisanale. Pratique et \u00e9coresponsable.\",\"breadcrumb\":{\"@id\":\"https:\\\/\\\/latelierduliege.com\\\/collection\\\/canvas-and-cork-fusion-notebook-in-black-gray-blue-and-green-l-1010\\\/#breadcrumb\"},\"inLanguage\":\"it-IT\",\"potentialAction\":[{\"@type\":\"ReadAction\",\"target\":[\"https:\\\/\\\/latelierduliege.com\\\/collection\\\/canvas-and-cork-fusion-notebook-in-black-gray-blue-and-green-l-1010\\\/\"]}]},{\"@type\":\"ImageObject\",\"inLanguage\":\"it-IT\",\"@id\":\"https:\\\/\\\/latelierduliege.com\\\/collection\\\/canvas-and-cork-fusion-notebook-in-black-gray-blue-and-green-l-1010\\\/#primaryimage\",\"url\":\"https:\\\/\\\/latelierduliege.com\\\/wp-content\\\/uploads\\\/2024\\\/06\\\/9_e2d02bc3-6c57-4d07-aa08-0c8a53b45501.jpg\",\"contentUrl\":\"https:\\\/\\\/latelierduliege.com\\\/wp-content\\\/uploads\\\/2024\\\/06\\\/9_e2d02bc3-6c57-4d07-aa08-0c8a53b45501.jpg\",\"width\":1200,\"height\":1200},{\"@type\":\"BreadcrumbList\",\"@id\":\"https:\\\/\\\/latelierduliege.com\\\/collection\\\/canvas-and-cork-fusion-notebook-in-black-gray-blue-and-green-l-1010\\\/#breadcrumb\",\"itemListElement\":[{\"@type\":\"ListItem\",\"position\":1,\"name\":\"Home\",\"item\":\"https:\\\/\\\/latelierduliege.com\\\/\"},{\"@type\":\"ListItem\",\"position\":2,\"name\":\"Boutique\",\"item\":\"https:\\\/\\\/latelierduliege.com\\\/boutique-liege\\\/\"},{\"@type\":\"ListItem\",\"position\":3,\"name\":\"Carnet en li\u00e8ge \u00ab Horizonte \u00bb \u2013 \u00c9l\u00e9gant, \u00e9cologique et polyvalent\"}]},{\"@type\":\"WebSite\",\"@id\":\"https:\\\/\\\/latelierduliege.com\\\/#website\",\"url\":\"https:\\\/\\\/latelierduliege.com\\\/\",\"name\":\"L'Atelier du Li\u00e8ge\",\"description\":\"Ecoresponsable par nature\",\"potentialAction\":[{\"@type\":\"SearchAction\",\"target\":{\"@type\":\"EntryPoint\",\"urlTemplate\":\"https:\\\/\\\/latelierduliege.com\\\/?s={search_term_string}\"},\"query-input\":{\"@type\":\"PropertyValueSpecification\",\"valueRequired\":true,\"valueName\":\"search_term_string\"}}],\"inLanguage\":\"it-IT\"}]}<\/script>\n<!-- \/ Yoast SEO plugin. -->","yoast_head_json":{"title":"Carnet en li\u00e8ge \u00e9cologique \u2013 \u00c9l\u00e9gant et durable - L&#039;Atelier du Li\u00e8ge","description":"Carnet en li\u00e8ge, id\u00e9al pour journaling, bureau ou voyage. Pages \u00e9l\u00e9gantes, imprim\u00e9s uniques et fabrication artisanale. Pratique et \u00e9coresponsable.","robots":{"index":"index","follow":"follow","max-snippet":"max-snippet:-1","max-image-preview":"max-image-preview:large","max-video-preview":"max-video-preview:-1"},"canonical":"https:\/\/latelierduliege.com\/it\/collection\/canvas-and-cork-fusion-notebook-in-black-gray-blue-and-green-l-1010\/","og_locale":"it_IT","og_type":"article","og_title":"Carnet en li\u00e8ge \u00e9cologique \u2013 \u00c9l\u00e9gant et durable - L&#039;Atelier du Li\u00e8ge","og_description":"Carnet en li\u00e8ge, id\u00e9al pour journaling, bureau ou voyage. Pages \u00e9l\u00e9gantes, imprim\u00e9s uniques et fabrication artisanale. Pratique et \u00e9coresponsable.","og_url":"https:\/\/latelierduliege.com\/it\/collection\/canvas-and-cork-fusion-notebook-in-black-gray-blue-and-green-l-1010\/","og_site_name":"L&#039;Atelier du Li\u00e8ge","article_publisher":"https:\/\/www.facebook.com","article_modified_time":"2026-04-09T07:26:49+00:00","og_image":[{"width":1200,"height":1200,"url":"https:\/\/latelierduliege.com\/wp-content\/uploads\/2024\/06\/9_e2d02bc3-6c57-4d07-aa08-0c8a53b45501.jpg","type":"image\/jpeg"}],"twitter_card":"summary_large_image","twitter_misc":{"Tempo di lettura stimato":"2 minuti"},"schema":{"@context":"https:\/\/schema.org","@graph":[{"@type":"WebPage","@id":"https:\/\/latelierduliege.com\/collection\/canvas-and-cork-fusion-notebook-in-black-gray-blue-and-green-l-1010\/","url":"https:\/\/latelierduliege.com\/collection\/canvas-and-cork-fusion-notebook-in-black-gray-blue-and-green-l-1010\/","name":"Carnet en li\u00e8ge \u00e9cologique \u2013 \u00c9l\u00e9gant et durable - L&#039;Atelier du Li\u00e8ge","isPartOf":{"@id":"https:\/\/latelierduliege.com\/#website"},"primaryImageOfPage":{"@id":"https:\/\/latelierduliege.com\/collection\/canvas-and-cork-fusion-notebook-in-black-gray-blue-and-green-l-1010\/#primaryimage"},"image":{"@id":"https:\/\/latelierduliege.com\/collection\/canvas-and-cork-fusion-notebook-in-black-gray-blue-and-green-l-1010\/#primaryimage"},"thumbnailUrl":"https:\/\/latelierduliege.com\/wp-content\/uploads\/2024\/06\/9_e2d02bc3-6c57-4d07-aa08-0c8a53b45501.jpg","datePublished":"2024-06-20T08:19:54+00:00","dateModified":"2026-04-09T07:26:49+00:00","description":"Carnet en li\u00e8ge, id\u00e9al pour journaling, bureau ou voyage. Pages \u00e9l\u00e9gantes, imprim\u00e9s uniques et fabrication artisanale. Pratique et \u00e9coresponsable.","breadcrumb":{"@id":"https:\/\/latelierduliege.com\/collection\/canvas-and-cork-fusion-notebook-in-black-gray-blue-and-green-l-1010\/#breadcrumb"},"inLanguage":"it-IT","potentialAction":[{"@type":"ReadAction","target":["https:\/\/latelierduliege.com\/collection\/canvas-and-cork-fusion-notebook-in-black-gray-blue-and-green-l-1010\/"]}]},{"@type":"ImageObject","inLanguage":"it-IT","@id":"https:\/\/latelierduliege.com\/collection\/canvas-and-cork-fusion-notebook-in-black-gray-blue-and-green-l-1010\/#primaryimage","url":"https:\/\/latelierduliege.com\/wp-content\/uploads\/2024\/06\/9_e2d02bc3-6c57-4d07-aa08-0c8a53b45501.jpg","contentUrl":"https:\/\/latelierduliege.com\/wp-content\/uploads\/2024\/06\/9_e2d02bc3-6c57-4d07-aa08-0c8a53b45501.jpg","width":1200,"height":1200},{"@type":"BreadcrumbList","@id":"https:\/\/latelierduliege.com\/collection\/canvas-and-cork-fusion-notebook-in-black-gray-blue-and-green-l-1010\/#breadcrumb","itemListElement":[{"@type":"ListItem","position":1,"name":"Home","item":"https:\/\/latelierduliege.com\/"},{"@type":"ListItem","position":2,"name":"Boutique","item":"https:\/\/latelierduliege.com\/boutique-liege\/"},{"@type":"ListItem","position":3,"name":"Carnet en li\u00e8ge \u00ab Horizonte \u00bb \u2013 \u00c9l\u00e9gant, \u00e9cologique et polyvalent"}]},{"@type":"WebSite","@id":"https:\/\/latelierduliege.com\/#website","url":"https:\/\/latelierduliege.com\/","name":"L'Atelier du Li\u00e8ge","description":"Ecoresponsable par nature","potentialAction":[{"@type":"SearchAction","target":{"@type":"EntryPoint","urlTemplate":"https:\/\/latelierduliege.com\/?s={search_term_string}"},"query-input":{"@type":"PropertyValueSpecification","valueRequired":true,"valueName":"search_term_string"}}],"inLanguage":"it-IT"}]}},"brands":[{"id":267,"name":"L'Atelier du Li\u00e8ge","slug":"atelier-du-liege"}],"_links":{"self":[{"href":"https:\/\/latelierduliege.com\/it\/wp-json\/wp\/v2\/product\/10346","targetHints":{"allow":["GET"]}}],"collection":[{"href":"https:\/\/latelierduliege.com\/it\/wp-json\/wp\/v2\/product"}],"about":[{"href":"https:\/\/latelierduliege.com\/it\/wp-json\/wp\/v2\/types\/product"}],"replies":[{"embeddable":true,"href":"https:\/\/latelierduliege.com\/it\/wp-json\/wp\/v2\/comments?post=10346"}],"wp:featuredmedia":[{"embeddable":true,"href":"https:\/\/latelierduliege.com\/it\/wp-json\/wp\/v2\/media\/10334"}],"wp:attachment":[{"href":"https:\/\/latelierduliege.com\/it\/wp-json\/wp\/v2\/media?parent=10346"}],"wp:term":[{"taxonomy":"pwb-brand","embeddable":true,"href":"https:\/\/latelierduliege.com\/it\/wp-json\/wp\/v2\/pwb-brand?post=10346"},{"taxonomy":"product_brand","embeddable":true,"href":"https:\/\/latelierduliege.com\/it\/wp-json\/wp\/v2\/product_brand?post=10346"},{"taxonomy":"product_cat","embeddable":true,"href":"https:\/\/latelierduliege.com\/it\/wp-json\/wp\/v2\/product_cat?post=10346"},{"taxonomy":"product_tag","embeddable":true,"href":"https:\/\/latelierduliege.com\/it\/wp-json\/wp\/v2\/product_tag?post=10346"}],"curies":[{"name":"wp","href":"https:\/\/api.w.org\/{rel}","templated":true}]}}