{"id":10364,"date":"2024-06-20T08:34:46","date_gmt":"2024-06-20T08:34:46","guid":{"rendered":"https:\/\/latelierduliege.com\/?post_type=product&#038;p=10364"},"modified":"2026-04-15T19:38:15","modified_gmt":"2026-04-15T17:38:15","slug":"geometric-cork-handbag-for-women-bag-2062","status":"publish","type":"product","link":"https:\/\/latelierduliege.com\/it\/collection\/geometric-cork-handbag-for-women-bag-2062\/","title":{"rendered":"Sac \u00e0 main en li\u00e8ge \u00ab Aurora \u00bb pour femme \u2013 \u00c9l\u00e9gant, g\u00e9om\u00e9trique et polyvalent"},"content":{"rendered":"<p>D\u00e9couvrez notre sac \u00e0 main en li\u00e8ge g\u00e9om\u00e9trique \u00ab\u00a0Aurora\u00a0\u00bb pour femmes, un accessoire styl\u00e9 et polyvalent qui allie mode et fonctionnalit\u00e9. Ce sac \u00e9l\u00e9gant se distingue par son design unique en patchwork g\u00e9om\u00e9trique, le rendant vraiment unique.<\/p>\n<p>Equip\u00e9 de poign\u00e9es robustes fix\u00e9es par des rivets il offre une prise en main confortable. De plus, il est fourni avec des bretelles d&rsquo;\u00e9paule amovibles, vous donnant la possibilit\u00e9 de le porter \u00e0 la main ou en bandouli\u00e8re.<\/p>\n<p>Des sections compartiment\u00e9es \u00e0 l&rsquo;int\u00e9rieur parfaites pour organiser votre t\u00e9l\u00e9phone et vos cl\u00e9s. Il y a aussi une poche int\u00e9rieure zipp\u00e9e s\u00e9par\u00e9e pour plus de commodit\u00e9.<\/p>\n<hr \/>\n<p><strong>Caract\u00e9ristiques du Produit :<\/strong><\/p>\n<ul>\n<li><strong>Longueur :<\/strong> 26 centim\u00e8tres<\/li>\n<li><strong>Largeur :<\/strong> 13 centim\u00e8tres<\/li>\n<li><strong>Hauteur :<\/strong> 17 centim\u00e8tres<\/li>\n<\/ul>\n<hr \/>\n<p>Ce sac en li\u00e8ge ajoute non seulement une touche d&rsquo;\u00e9l\u00e9gance \u00e0 votre tenue, mais offre \u00e9galement une praticit\u00e9 pour vos essentiels quotidiens. Un accessoire tendance et \u00e9cologique qui passe facilement du port\u00e9 main au port\u00e9 \u00e9paule.<\/p>\n<p>Scegli ora questo accessorio unico e aggiungilo al carrello.<\/p>\n<p>Tutti i nostri prodotti sono realizzati con sughero naturale e lavorati a mano da artigiani.\n\nOgni pezzo \u00e8 unico e pu\u00f2 presentare piccole imperfezioni naturali, caratteristiche che rendono ogni accessorio autentico e originale.<\/p>","protected":false},"excerpt":{"rendered":"<p><!--more-->huSac \u00e0 main g\u00e9om\u00e9trique VEGAN en li\u00e8ge pour femme est fabriqu\u00e9 exclusivement \u00e0 partir de cuir v\u00e9g\u00e9tal. Ce sac \u00e0 main pour femme est un accessoire \u00e0 la fois pratique et durable qui permettra d\u2019afficher vos convictions ainsi que votre amour pour la nature. Fabriqu\u00e9 \u00e0 la main dans nos ateliers situ\u00e9s au Portugal, ce sac crois\u00e9 est fabriqu\u00e9 par des artisans qui travaillent le li\u00e8ge depuis plus d\u2019une d\u00e9cennie.<\/p>\n<hr \/>\n<p><img loading=\"lazy\" decoding=\"async\" class=\"alignnone size-large wp-image-76\" src=\"https:\/\/latelierduliege.com\/wp-content\/uploads\/2026\/03\/Vantaggi-del-sughero-in-5-punti-2.png\" alt=\"\" width=\"1020\" height=\"682\" srcset=\"https:\/\/latelierduliege.com\/wp-content\/uploads\/2026\/03\/Vantaggi-del-sughero-in-5-punti-2.png 1536w, https:\/\/latelierduliege.com\/wp-content\/uploads\/2026\/03\/Vantaggi-del-sughero-in-5-punti-2-300x200.png 300w, https:\/\/latelierduliege.com\/wp-content\/uploads\/2026\/03\/Vantaggi-del-sughero-in-5-punti-2-1024x683.png 1024w, https:\/\/latelierduliege.com\/wp-content\/uploads\/2026\/03\/Vantaggi-del-sughero-in-5-punti-2-768x512.png 768w, https:\/\/latelierduliege.com\/wp-content\/uploads\/2026\/03\/Vantaggi-del-sughero-in-5-punti-2-18x12.png 18w, https:\/\/latelierduliege.com\/wp-content\/uploads\/2026\/03\/Vantaggi-del-sughero-in-5-punti-2-510x340.png 510w\" sizes=\"auto, (max-width: 1020px) 100vw, 1020px\" \/><\/p>","protected":false},"featured_media":10357,"comment_status":"open","ping_status":"closed","template":"","meta":[],"pwb-brand":[267],"product_brand":[],"product_cat":[553,190,620],"product_tag":[640],"class_list":{"0":"post-10364","1":"product","2":"type-product","3":"status-publish","4":"has-post-thumbnail","6":"pwb-brand-atelier-du-liege","7":"product_cat-nouveautes-accessoires-liege","8":"product_cat-sacs-a-main","9":"product_cat-sacs-liege","10":"product_tag-femme","12":"first","13":"instock","14":"shipping-taxable","15":"purchasable","16":"product-type-simple"},"yoast_head":"<!-- This site is optimized with the Yoast SEO plugin v27.3 - https:\/\/yoast.com\/product\/yoast-seo-wordpress\/ -->\n<title>Sac \u00e0 main en li\u00e8ge femme \u2013 Chic et pratique - L&#039;Atelier du Li\u00e8ge<\/title>\n<meta name=\"description\" content=\"Sac \u00e0 main en li\u00e8ge femme, design g\u00e9om\u00e9trique unique. Poign\u00e9es robustes, bandouli\u00e8re amovible et compartiments pratiques. \u00c9l\u00e9gant et \u00e9coresponsable.\" \/>\n<meta name=\"robots\" content=\"index, follow, max-snippet:-1, max-image-preview:large, max-video-preview:-1\" \/>\n<link rel=\"canonical\" href=\"https:\/\/latelierduliege.com\/it\/collection\/geometric-cork-handbag-for-women-bag-2062\/\" \/>\n<meta property=\"og:locale\" content=\"it_IT\" \/>\n<meta property=\"og:type\" content=\"article\" \/>\n<meta property=\"og:title\" content=\"Sac \u00e0 main en li\u00e8ge femme \u2013 Chic et pratique - L&#039;Atelier du Li\u00e8ge\" \/>\n<meta property=\"og:description\" content=\"Sac \u00e0 main en li\u00e8ge femme, design g\u00e9om\u00e9trique unique. Poign\u00e9es robustes, bandouli\u00e8re amovible et compartiments pratiques. \u00c9l\u00e9gant et \u00e9coresponsable.\" \/>\n<meta property=\"og:url\" content=\"https:\/\/latelierduliege.com\/it\/collection\/geometric-cork-handbag-for-women-bag-2062\/\" \/>\n<meta property=\"og:site_name\" content=\"L&#039;Atelier du Li\u00e8ge\" \/>\n<meta property=\"article:publisher\" content=\"https:\/\/www.facebook.com\" \/>\n<meta property=\"article:modified_time\" content=\"2026-04-15T17:38:15+00:00\" \/>\n<meta property=\"og:image\" content=\"https:\/\/latelierduliege.com\/wp-content\/uploads\/2024\/06\/GSR06662.jpg\" \/>\n\t<meta property=\"og:image:width\" content=\"2000\" \/>\n\t<meta property=\"og:image:height\" content=\"2000\" \/>\n\t<meta property=\"og:image:type\" content=\"image\/jpeg\" \/>\n<meta name=\"twitter:card\" content=\"summary_large_image\" \/>\n<meta name=\"twitter:label1\" content=\"Tempo di lettura stimato\" \/>\n\t<meta name=\"twitter:data1\" content=\"2 minuti\" \/>\n<script type=\"application\/ld+json\" class=\"yoast-schema-graph\">{\"@context\":\"https:\\\/\\\/schema.org\",\"@graph\":[{\"@type\":\"WebPage\",\"@id\":\"https:\\\/\\\/latelierduliege.com\\\/collection\\\/geometric-cork-handbag-for-women-bag-2062\\\/\",\"url\":\"https:\\\/\\\/latelierduliege.com\\\/collection\\\/geometric-cork-handbag-for-women-bag-2062\\\/\",\"name\":\"Sac \u00e0 main en li\u00e8ge femme \u2013 Chic et pratique - L&#039;Atelier du Li\u00e8ge\",\"isPartOf\":{\"@id\":\"https:\\\/\\\/latelierduliege.com\\\/#website\"},\"primaryImageOfPage\":{\"@id\":\"https:\\\/\\\/latelierduliege.com\\\/collection\\\/geometric-cork-handbag-for-women-bag-2062\\\/#primaryimage\"},\"image\":{\"@id\":\"https:\\\/\\\/latelierduliege.com\\\/collection\\\/geometric-cork-handbag-for-women-bag-2062\\\/#primaryimage\"},\"thumbnailUrl\":\"https:\\\/\\\/latelierduliege.com\\\/wp-content\\\/uploads\\\/2024\\\/06\\\/GSR06662.jpg\",\"datePublished\":\"2024-06-20T08:34:46+00:00\",\"dateModified\":\"2026-04-15T17:38:15+00:00\",\"description\":\"Sac \u00e0 main en li\u00e8ge femme, design g\u00e9om\u00e9trique unique. Poign\u00e9es robustes, bandouli\u00e8re amovible et compartiments pratiques. \u00c9l\u00e9gant et \u00e9coresponsable.\",\"breadcrumb\":{\"@id\":\"https:\\\/\\\/latelierduliege.com\\\/collection\\\/geometric-cork-handbag-for-women-bag-2062\\\/#breadcrumb\"},\"inLanguage\":\"it-IT\",\"potentialAction\":[{\"@type\":\"ReadAction\",\"target\":[\"https:\\\/\\\/latelierduliege.com\\\/collection\\\/geometric-cork-handbag-for-women-bag-2062\\\/\"]}]},{\"@type\":\"ImageObject\",\"inLanguage\":\"it-IT\",\"@id\":\"https:\\\/\\\/latelierduliege.com\\\/collection\\\/geometric-cork-handbag-for-women-bag-2062\\\/#primaryimage\",\"url\":\"https:\\\/\\\/latelierduliege.com\\\/wp-content\\\/uploads\\\/2024\\\/06\\\/GSR06662.jpg\",\"contentUrl\":\"https:\\\/\\\/latelierduliege.com\\\/wp-content\\\/uploads\\\/2024\\\/06\\\/GSR06662.jpg\",\"width\":2000,\"height\":2000},{\"@type\":\"BreadcrumbList\",\"@id\":\"https:\\\/\\\/latelierduliege.com\\\/collection\\\/geometric-cork-handbag-for-women-bag-2062\\\/#breadcrumb\",\"itemListElement\":[{\"@type\":\"ListItem\",\"position\":1,\"name\":\"Home\",\"item\":\"https:\\\/\\\/latelierduliege.com\\\/\"},{\"@type\":\"ListItem\",\"position\":2,\"name\":\"Boutique\",\"item\":\"https:\\\/\\\/latelierduliege.com\\\/boutique-liege\\\/\"},{\"@type\":\"ListItem\",\"position\":3,\"name\":\"Sac \u00e0 main en li\u00e8ge \u00ab Aurora \u00bb pour femme \u2013 \u00c9l\u00e9gant, g\u00e9om\u00e9trique et polyvalent\"}]},{\"@type\":\"WebSite\",\"@id\":\"https:\\\/\\\/latelierduliege.com\\\/#website\",\"url\":\"https:\\\/\\\/latelierduliege.com\\\/\",\"name\":\"L'Atelier du Li\u00e8ge\",\"description\":\"Ecoresponsable par nature\",\"potentialAction\":[{\"@type\":\"SearchAction\",\"target\":{\"@type\":\"EntryPoint\",\"urlTemplate\":\"https:\\\/\\\/latelierduliege.com\\\/?s={search_term_string}\"},\"query-input\":{\"@type\":\"PropertyValueSpecification\",\"valueRequired\":true,\"valueName\":\"search_term_string\"}}],\"inLanguage\":\"it-IT\"}]}<\/script>\n<!-- \/ Yoast SEO plugin. -->","yoast_head_json":{"title":"Sac \u00e0 main en li\u00e8ge femme \u2013 Chic et pratique - L&#039;Atelier du Li\u00e8ge","description":"Sac \u00e0 main en li\u00e8ge femme, design g\u00e9om\u00e9trique unique. Poign\u00e9es robustes, bandouli\u00e8re amovible et compartiments pratiques. \u00c9l\u00e9gant et \u00e9coresponsable.","robots":{"index":"index","follow":"follow","max-snippet":"max-snippet:-1","max-image-preview":"max-image-preview:large","max-video-preview":"max-video-preview:-1"},"canonical":"https:\/\/latelierduliege.com\/it\/collection\/geometric-cork-handbag-for-women-bag-2062\/","og_locale":"it_IT","og_type":"article","og_title":"Sac \u00e0 main en li\u00e8ge femme \u2013 Chic et pratique - L&#039;Atelier du Li\u00e8ge","og_description":"Sac \u00e0 main en li\u00e8ge femme, design g\u00e9om\u00e9trique unique. Poign\u00e9es robustes, bandouli\u00e8re amovible et compartiments pratiques. \u00c9l\u00e9gant et \u00e9coresponsable.","og_url":"https:\/\/latelierduliege.com\/it\/collection\/geometric-cork-handbag-for-women-bag-2062\/","og_site_name":"L&#039;Atelier du Li\u00e8ge","article_publisher":"https:\/\/www.facebook.com","article_modified_time":"2026-04-15T17:38:15+00:00","og_image":[{"width":2000,"height":2000,"url":"https:\/\/latelierduliege.com\/wp-content\/uploads\/2024\/06\/GSR06662.jpg","type":"image\/jpeg"}],"twitter_card":"summary_large_image","twitter_misc":{"Tempo di lettura stimato":"2 minuti"},"schema":{"@context":"https:\/\/schema.org","@graph":[{"@type":"WebPage","@id":"https:\/\/latelierduliege.com\/collection\/geometric-cork-handbag-for-women-bag-2062\/","url":"https:\/\/latelierduliege.com\/collection\/geometric-cork-handbag-for-women-bag-2062\/","name":"Sac \u00e0 main en li\u00e8ge femme \u2013 Chic et pratique - L&#039;Atelier du Li\u00e8ge","isPartOf":{"@id":"https:\/\/latelierduliege.com\/#website"},"primaryImageOfPage":{"@id":"https:\/\/latelierduliege.com\/collection\/geometric-cork-handbag-for-women-bag-2062\/#primaryimage"},"image":{"@id":"https:\/\/latelierduliege.com\/collection\/geometric-cork-handbag-for-women-bag-2062\/#primaryimage"},"thumbnailUrl":"https:\/\/latelierduliege.com\/wp-content\/uploads\/2024\/06\/GSR06662.jpg","datePublished":"2024-06-20T08:34:46+00:00","dateModified":"2026-04-15T17:38:15+00:00","description":"Sac \u00e0 main en li\u00e8ge femme, design g\u00e9om\u00e9trique unique. Poign\u00e9es robustes, bandouli\u00e8re amovible et compartiments pratiques. \u00c9l\u00e9gant et \u00e9coresponsable.","breadcrumb":{"@id":"https:\/\/latelierduliege.com\/collection\/geometric-cork-handbag-for-women-bag-2062\/#breadcrumb"},"inLanguage":"it-IT","potentialAction":[{"@type":"ReadAction","target":["https:\/\/latelierduliege.com\/collection\/geometric-cork-handbag-for-women-bag-2062\/"]}]},{"@type":"ImageObject","inLanguage":"it-IT","@id":"https:\/\/latelierduliege.com\/collection\/geometric-cork-handbag-for-women-bag-2062\/#primaryimage","url":"https:\/\/latelierduliege.com\/wp-content\/uploads\/2024\/06\/GSR06662.jpg","contentUrl":"https:\/\/latelierduliege.com\/wp-content\/uploads\/2024\/06\/GSR06662.jpg","width":2000,"height":2000},{"@type":"BreadcrumbList","@id":"https:\/\/latelierduliege.com\/collection\/geometric-cork-handbag-for-women-bag-2062\/#breadcrumb","itemListElement":[{"@type":"ListItem","position":1,"name":"Home","item":"https:\/\/latelierduliege.com\/"},{"@type":"ListItem","position":2,"name":"Boutique","item":"https:\/\/latelierduliege.com\/boutique-liege\/"},{"@type":"ListItem","position":3,"name":"Sac \u00e0 main en li\u00e8ge \u00ab Aurora \u00bb pour femme \u2013 \u00c9l\u00e9gant, g\u00e9om\u00e9trique et polyvalent"}]},{"@type":"WebSite","@id":"https:\/\/latelierduliege.com\/#website","url":"https:\/\/latelierduliege.com\/","name":"L'Atelier du Li\u00e8ge","description":"Ecoresponsable par nature","potentialAction":[{"@type":"SearchAction","target":{"@type":"EntryPoint","urlTemplate":"https:\/\/latelierduliege.com\/?s={search_term_string}"},"query-input":{"@type":"PropertyValueSpecification","valueRequired":true,"valueName":"search_term_string"}}],"inLanguage":"it-IT"}]}},"brands":[{"id":267,"name":"L'Atelier du Li\u00e8ge","slug":"atelier-du-liege"}],"_links":{"self":[{"href":"https:\/\/latelierduliege.com\/it\/wp-json\/wp\/v2\/product\/10364","targetHints":{"allow":["GET"]}}],"collection":[{"href":"https:\/\/latelierduliege.com\/it\/wp-json\/wp\/v2\/product"}],"about":[{"href":"https:\/\/latelierduliege.com\/it\/wp-json\/wp\/v2\/types\/product"}],"replies":[{"embeddable":true,"href":"https:\/\/latelierduliege.com\/it\/wp-json\/wp\/v2\/comments?post=10364"}],"wp:featuredmedia":[{"embeddable":true,"href":"https:\/\/latelierduliege.com\/it\/wp-json\/wp\/v2\/media\/10357"}],"wp:attachment":[{"href":"https:\/\/latelierduliege.com\/it\/wp-json\/wp\/v2\/media?parent=10364"}],"wp:term":[{"taxonomy":"pwb-brand","embeddable":true,"href":"https:\/\/latelierduliege.com\/it\/wp-json\/wp\/v2\/pwb-brand?post=10364"},{"taxonomy":"product_brand","embeddable":true,"href":"https:\/\/latelierduliege.com\/it\/wp-json\/wp\/v2\/product_brand?post=10364"},{"taxonomy":"product_cat","embeddable":true,"href":"https:\/\/latelierduliege.com\/it\/wp-json\/wp\/v2\/product_cat?post=10364"},{"taxonomy":"product_tag","embeddable":true,"href":"https:\/\/latelierduliege.com\/it\/wp-json\/wp\/v2\/product_tag?post=10364"}],"curies":[{"name":"wp","href":"https:\/\/api.w.org\/{rel}","templated":true}]}}