{"id":10372,"date":"2024-06-20T08:49:16","date_gmt":"2024-06-20T08:49:16","guid":{"rendered":"https:\/\/latelierduliege.com\/?post_type=product&#038;p=10372"},"modified":"2026-04-12T11:56:48","modified_gmt":"2026-04-12T09:56:48","slug":"portefeuille-a-fermeture-eclair-en-liege-marinho-elegance-et-praticite-en-bleu-et-argent","status":"publish","type":"product","link":"https:\/\/latelierduliege.com\/it\/collection\/portefeuille-a-fermeture-eclair-en-liege-marinho-elegance-et-praticite-en-bleu-et-argent\/","title":{"rendered":"Portefeuille en li\u00e8ge \u00ab Marinho \u00bb pour femme \u2013 \u00c9l\u00e9gant, pratique et vegan"},"content":{"rendered":"<p>Optez d\u00e8s maintenant pour votre portefeuille \u00e0 fermeture \u00e9clair \u00ab\u00a0Marinho\u00a0\u00bb dans une couleur bleue exquise. Le mat\u00e9riau est rendu avec des accents argent\u00e9s pour ajouter une touche d&rsquo;\u00e9nergie \u00e0 n&rsquo;importe quelle tenue. Il dispose d&rsquo;une fermeture \u00e9clair sup\u00e9rieure pour un acc\u00e8s pratique, cette beaut\u00e9 a tout ce que vous voudriez dans un portefeuille et plus encore. Il dispose de 4 poches pour cartes, 1 poche pour monnaie zipp\u00e9e, 2 poches pour billets, 2 poches pour esp\u00e8ces et un compartiment pour votre t\u00e9l\u00e9phone. Transportez-le dans votre sac de tous les jours et passez une journ\u00e9e ensoleill\u00e9e.<\/p>\n<hr \/>\n<p><strong>Caract\u00e9ristiques du Produit :<\/strong><\/p>\n<ul>\n<li><strong>Mat\u00e9riau :<\/strong> Li\u00e8ge<\/li>\n<li><strong>Dimensioni :<\/strong>\n<ul>\n<li>Longueur : 19 cm \/ 7,4 pouces<\/li>\n<li>Hauteur : 9,5 cm \/ 3,7 pouces<\/li>\n<li>Largeur : 2,5 cm \/ 0,98 pouces<\/li>\n<\/ul>\n<\/li>\n<\/ul>\n<p>Scegli ora questo accessorio unico e aggiungilo al carrello.<\/p>\n<p>Tutti i nostri prodotti sono realizzati con sughero naturale e lavorati a mano da artigiani.\n\nOgni pezzo \u00e8 unico e pu\u00f2 presentare piccole imperfezioni naturali, caratteristiche che rendono ogni accessorio autentico e originale.<\/p>","protected":false},"excerpt":{"rendered":"<p>Sobre et \u00e9l\u00e9gant, ce portefeuille en li\u00e8ge pour femme sera id\u00e9al en toutes circonstances. Fabriqu\u00e9s \u00e0 partir d\u2019un li\u00e8ge exclusivement r\u00e9colt\u00e9 \u00e0 la main de mani\u00e8re traditionnelle puis assembl\u00e9s dans nos ateliers, le portefeuille \u201cMarinho\u201d est la meilleure alternative au cuir d\u2019origine animale.<\/p>\n<p><img loading=\"lazy\" decoding=\"async\" class=\"alignnone size-large wp-image-76\" src=\"https:\/\/latelierduliege.com\/wp-content\/uploads\/2026\/03\/Vantaggi-del-sughero-in-5-punti-2.png\" alt=\"\" width=\"1020\" height=\"682\" srcset=\"https:\/\/latelierduliege.com\/wp-content\/uploads\/2026\/03\/Vantaggi-del-sughero-in-5-punti-2.png 1536w, https:\/\/latelierduliege.com\/wp-content\/uploads\/2026\/03\/Vantaggi-del-sughero-in-5-punti-2-300x200.png 300w, https:\/\/latelierduliege.com\/wp-content\/uploads\/2026\/03\/Vantaggi-del-sughero-in-5-punti-2-1024x683.png 1024w, https:\/\/latelierduliege.com\/wp-content\/uploads\/2026\/03\/Vantaggi-del-sughero-in-5-punti-2-768x512.png 768w, https:\/\/latelierduliege.com\/wp-content\/uploads\/2026\/03\/Vantaggi-del-sughero-in-5-punti-2-18x12.png 18w, https:\/\/latelierduliege.com\/wp-content\/uploads\/2026\/03\/Vantaggi-del-sughero-in-5-punti-2-510x340.png 510w\" sizes=\"auto, (max-width: 1020px) 100vw, 1020px\" \/><\/p>","protected":false},"featured_media":10366,"comment_status":"open","ping_status":"closed","template":"","meta":[],"pwb-brand":[267],"product_brand":[],"product_cat":[553,621,189],"product_tag":[640],"class_list":{"0":"post-10372","1":"product","2":"type-product","3":"status-publish","4":"has-post-thumbnail","6":"pwb-brand-atelier-du-liege","7":"product_cat-nouveautes-accessoires-liege","8":"product_cat-portefeuilles-liege","9":"product_cat-portefeuilles-liege-portefeuilles-liege","10":"product_tag-femme","12":"first","13":"instock","14":"shipping-taxable","15":"purchasable","16":"product-type-simple"},"yoast_head":"<!-- This site is optimized with the Yoast SEO plugin v27.3 - https:\/\/yoast.com\/product\/yoast-seo-wordpress\/ -->\n<title>Portefeuille en li\u00e8ge femme \u2013 Zipp\u00e9 et fonctionnel - L&#039;Atelier du Li\u00e8ge<\/title>\n<meta name=\"description\" content=\"Portefeuille en li\u00e8ge femme, fermeture \u00e9clair, poches cartes et compartiment t\u00e9l\u00e9phone. \u00c9l\u00e9gant, vegan et \u00e9coresponsable. D\u00e9couvrez-le !\" \/>\n<meta name=\"robots\" content=\"index, follow, max-snippet:-1, max-image-preview:large, max-video-preview:-1\" \/>\n<link rel=\"canonical\" href=\"https:\/\/latelierduliege.com\/it\/collection\/portefeuille-a-fermeture-eclair-en-liege-marinho-elegance-et-praticite-en-bleu-et-argent\/\" \/>\n<meta property=\"og:locale\" content=\"it_IT\" \/>\n<meta property=\"og:type\" content=\"article\" \/>\n<meta property=\"og:title\" content=\"Portefeuille en li\u00e8ge femme \u2013 Zipp\u00e9 et fonctionnel - L&#039;Atelier du Li\u00e8ge\" \/>\n<meta property=\"og:description\" content=\"Portefeuille en li\u00e8ge femme, fermeture \u00e9clair, poches cartes et compartiment t\u00e9l\u00e9phone. \u00c9l\u00e9gant, vegan et \u00e9coresponsable. D\u00e9couvrez-le !\" \/>\n<meta property=\"og:url\" content=\"https:\/\/latelierduliege.com\/it\/collection\/portefeuille-a-fermeture-eclair-en-liege-marinho-elegance-et-praticite-en-bleu-et-argent\/\" \/>\n<meta property=\"og:site_name\" content=\"L&#039;Atelier du Li\u00e8ge\" \/>\n<meta property=\"article:publisher\" content=\"https:\/\/www.facebook.com\" \/>\n<meta property=\"article:modified_time\" content=\"2026-04-12T09:56:48+00:00\" \/>\n<meta property=\"og:image\" content=\"https:\/\/latelierduliege.com\/wp-content\/uploads\/2024\/06\/748e3e72a5d2af820dc23001dcbdf824774778cef711f3ca19285b9756e4a3bf.jpg\" \/>\n\t<meta property=\"og:image:width\" content=\"2000\" \/>\n\t<meta property=\"og:image:height\" content=\"2000\" \/>\n\t<meta property=\"og:image:type\" content=\"image\/jpeg\" \/>\n<meta name=\"twitter:card\" content=\"summary_large_image\" \/>\n<meta name=\"twitter:label1\" content=\"Tempo di lettura stimato\" \/>\n\t<meta name=\"twitter:data1\" content=\"2 minuti\" \/>\n<script type=\"application\/ld+json\" class=\"yoast-schema-graph\">{\"@context\":\"https:\\\/\\\/schema.org\",\"@graph\":[{\"@type\":\"WebPage\",\"@id\":\"https:\\\/\\\/latelierduliege.com\\\/collection\\\/portefeuille-a-fermeture-eclair-en-liege-marinho-elegance-et-praticite-en-bleu-et-argent\\\/\",\"url\":\"https:\\\/\\\/latelierduliege.com\\\/collection\\\/portefeuille-a-fermeture-eclair-en-liege-marinho-elegance-et-praticite-en-bleu-et-argent\\\/\",\"name\":\"Portefeuille en li\u00e8ge femme \u2013 Zipp\u00e9 et fonctionnel - L&#039;Atelier du Li\u00e8ge\",\"isPartOf\":{\"@id\":\"https:\\\/\\\/latelierduliege.com\\\/#website\"},\"primaryImageOfPage\":{\"@id\":\"https:\\\/\\\/latelierduliege.com\\\/collection\\\/portefeuille-a-fermeture-eclair-en-liege-marinho-elegance-et-praticite-en-bleu-et-argent\\\/#primaryimage\"},\"image\":{\"@id\":\"https:\\\/\\\/latelierduliege.com\\\/collection\\\/portefeuille-a-fermeture-eclair-en-liege-marinho-elegance-et-praticite-en-bleu-et-argent\\\/#primaryimage\"},\"thumbnailUrl\":\"https:\\\/\\\/latelierduliege.com\\\/wp-content\\\/uploads\\\/2024\\\/06\\\/748e3e72a5d2af820dc23001dcbdf824774778cef711f3ca19285b9756e4a3bf.jpg\",\"datePublished\":\"2024-06-20T08:49:16+00:00\",\"dateModified\":\"2026-04-12T09:56:48+00:00\",\"description\":\"Portefeuille en li\u00e8ge femme, fermeture \u00e9clair, poches cartes et compartiment t\u00e9l\u00e9phone. \u00c9l\u00e9gant, vegan et \u00e9coresponsable. D\u00e9couvrez-le !\",\"breadcrumb\":{\"@id\":\"https:\\\/\\\/latelierduliege.com\\\/collection\\\/portefeuille-a-fermeture-eclair-en-liege-marinho-elegance-et-praticite-en-bleu-et-argent\\\/#breadcrumb\"},\"inLanguage\":\"it-IT\",\"potentialAction\":[{\"@type\":\"ReadAction\",\"target\":[\"https:\\\/\\\/latelierduliege.com\\\/collection\\\/portefeuille-a-fermeture-eclair-en-liege-marinho-elegance-et-praticite-en-bleu-et-argent\\\/\"]}]},{\"@type\":\"ImageObject\",\"inLanguage\":\"it-IT\",\"@id\":\"https:\\\/\\\/latelierduliege.com\\\/collection\\\/portefeuille-a-fermeture-eclair-en-liege-marinho-elegance-et-praticite-en-bleu-et-argent\\\/#primaryimage\",\"url\":\"https:\\\/\\\/latelierduliege.com\\\/wp-content\\\/uploads\\\/2024\\\/06\\\/748e3e72a5d2af820dc23001dcbdf824774778cef711f3ca19285b9756e4a3bf.jpg\",\"contentUrl\":\"https:\\\/\\\/latelierduliege.com\\\/wp-content\\\/uploads\\\/2024\\\/06\\\/748e3e72a5d2af820dc23001dcbdf824774778cef711f3ca19285b9756e4a3bf.jpg\",\"width\":2000,\"height\":2000,\"caption\":\"Img\"},{\"@type\":\"BreadcrumbList\",\"@id\":\"https:\\\/\\\/latelierduliege.com\\\/collection\\\/portefeuille-a-fermeture-eclair-en-liege-marinho-elegance-et-praticite-en-bleu-et-argent\\\/#breadcrumb\",\"itemListElement\":[{\"@type\":\"ListItem\",\"position\":1,\"name\":\"Home\",\"item\":\"https:\\\/\\\/latelierduliege.com\\\/\"},{\"@type\":\"ListItem\",\"position\":2,\"name\":\"Boutique\",\"item\":\"https:\\\/\\\/latelierduliege.com\\\/boutique-liege\\\/\"},{\"@type\":\"ListItem\",\"position\":3,\"name\":\"Portefeuille en li\u00e8ge \u00ab Marinho \u00bb pour femme \u2013 \u00c9l\u00e9gant, pratique et vegan\"}]},{\"@type\":\"WebSite\",\"@id\":\"https:\\\/\\\/latelierduliege.com\\\/#website\",\"url\":\"https:\\\/\\\/latelierduliege.com\\\/\",\"name\":\"L'Atelier du Li\u00e8ge\",\"description\":\"Ecoresponsable par nature\",\"potentialAction\":[{\"@type\":\"SearchAction\",\"target\":{\"@type\":\"EntryPoint\",\"urlTemplate\":\"https:\\\/\\\/latelierduliege.com\\\/?s={search_term_string}\"},\"query-input\":{\"@type\":\"PropertyValueSpecification\",\"valueRequired\":true,\"valueName\":\"search_term_string\"}}],\"inLanguage\":\"it-IT\"}]}<\/script>\n<!-- \/ Yoast SEO plugin. -->","yoast_head_json":{"title":"Portefeuille en li\u00e8ge femme \u2013 Zipp\u00e9 et fonctionnel - L&#039;Atelier du Li\u00e8ge","description":"Portefeuille en li\u00e8ge femme, fermeture \u00e9clair, poches cartes et compartiment t\u00e9l\u00e9phone. \u00c9l\u00e9gant, vegan et \u00e9coresponsable. D\u00e9couvrez-le !","robots":{"index":"index","follow":"follow","max-snippet":"max-snippet:-1","max-image-preview":"max-image-preview:large","max-video-preview":"max-video-preview:-1"},"canonical":"https:\/\/latelierduliege.com\/it\/collection\/portefeuille-a-fermeture-eclair-en-liege-marinho-elegance-et-praticite-en-bleu-et-argent\/","og_locale":"it_IT","og_type":"article","og_title":"Portefeuille en li\u00e8ge femme \u2013 Zipp\u00e9 et fonctionnel - L&#039;Atelier du Li\u00e8ge","og_description":"Portefeuille en li\u00e8ge femme, fermeture \u00e9clair, poches cartes et compartiment t\u00e9l\u00e9phone. \u00c9l\u00e9gant, vegan et \u00e9coresponsable. D\u00e9couvrez-le !","og_url":"https:\/\/latelierduliege.com\/it\/collection\/portefeuille-a-fermeture-eclair-en-liege-marinho-elegance-et-praticite-en-bleu-et-argent\/","og_site_name":"L&#039;Atelier du Li\u00e8ge","article_publisher":"https:\/\/www.facebook.com","article_modified_time":"2026-04-12T09:56:48+00:00","og_image":[{"width":2000,"height":2000,"url":"https:\/\/latelierduliege.com\/wp-content\/uploads\/2024\/06\/748e3e72a5d2af820dc23001dcbdf824774778cef711f3ca19285b9756e4a3bf.jpg","type":"image\/jpeg"}],"twitter_card":"summary_large_image","twitter_misc":{"Tempo di lettura stimato":"2 minuti"},"schema":{"@context":"https:\/\/schema.org","@graph":[{"@type":"WebPage","@id":"https:\/\/latelierduliege.com\/collection\/portefeuille-a-fermeture-eclair-en-liege-marinho-elegance-et-praticite-en-bleu-et-argent\/","url":"https:\/\/latelierduliege.com\/collection\/portefeuille-a-fermeture-eclair-en-liege-marinho-elegance-et-praticite-en-bleu-et-argent\/","name":"Portefeuille en li\u00e8ge femme \u2013 Zipp\u00e9 et fonctionnel - L&#039;Atelier du Li\u00e8ge","isPartOf":{"@id":"https:\/\/latelierduliege.com\/#website"},"primaryImageOfPage":{"@id":"https:\/\/latelierduliege.com\/collection\/portefeuille-a-fermeture-eclair-en-liege-marinho-elegance-et-praticite-en-bleu-et-argent\/#primaryimage"},"image":{"@id":"https:\/\/latelierduliege.com\/collection\/portefeuille-a-fermeture-eclair-en-liege-marinho-elegance-et-praticite-en-bleu-et-argent\/#primaryimage"},"thumbnailUrl":"https:\/\/latelierduliege.com\/wp-content\/uploads\/2024\/06\/748e3e72a5d2af820dc23001dcbdf824774778cef711f3ca19285b9756e4a3bf.jpg","datePublished":"2024-06-20T08:49:16+00:00","dateModified":"2026-04-12T09:56:48+00:00","description":"Portefeuille en li\u00e8ge femme, fermeture \u00e9clair, poches cartes et compartiment t\u00e9l\u00e9phone. \u00c9l\u00e9gant, vegan et \u00e9coresponsable. D\u00e9couvrez-le !","breadcrumb":{"@id":"https:\/\/latelierduliege.com\/collection\/portefeuille-a-fermeture-eclair-en-liege-marinho-elegance-et-praticite-en-bleu-et-argent\/#breadcrumb"},"inLanguage":"it-IT","potentialAction":[{"@type":"ReadAction","target":["https:\/\/latelierduliege.com\/collection\/portefeuille-a-fermeture-eclair-en-liege-marinho-elegance-et-praticite-en-bleu-et-argent\/"]}]},{"@type":"ImageObject","inLanguage":"it-IT","@id":"https:\/\/latelierduliege.com\/collection\/portefeuille-a-fermeture-eclair-en-liege-marinho-elegance-et-praticite-en-bleu-et-argent\/#primaryimage","url":"https:\/\/latelierduliege.com\/wp-content\/uploads\/2024\/06\/748e3e72a5d2af820dc23001dcbdf824774778cef711f3ca19285b9756e4a3bf.jpg","contentUrl":"https:\/\/latelierduliege.com\/wp-content\/uploads\/2024\/06\/748e3e72a5d2af820dc23001dcbdf824774778cef711f3ca19285b9756e4a3bf.jpg","width":2000,"height":2000,"caption":"Img"},{"@type":"BreadcrumbList","@id":"https:\/\/latelierduliege.com\/collection\/portefeuille-a-fermeture-eclair-en-liege-marinho-elegance-et-praticite-en-bleu-et-argent\/#breadcrumb","itemListElement":[{"@type":"ListItem","position":1,"name":"Home","item":"https:\/\/latelierduliege.com\/"},{"@type":"ListItem","position":2,"name":"Boutique","item":"https:\/\/latelierduliege.com\/boutique-liege\/"},{"@type":"ListItem","position":3,"name":"Portefeuille en li\u00e8ge \u00ab Marinho \u00bb pour femme \u2013 \u00c9l\u00e9gant, pratique et vegan"}]},{"@type":"WebSite","@id":"https:\/\/latelierduliege.com\/#website","url":"https:\/\/latelierduliege.com\/","name":"L'Atelier du Li\u00e8ge","description":"Ecoresponsable par nature","potentialAction":[{"@type":"SearchAction","target":{"@type":"EntryPoint","urlTemplate":"https:\/\/latelierduliege.com\/?s={search_term_string}"},"query-input":{"@type":"PropertyValueSpecification","valueRequired":true,"valueName":"search_term_string"}}],"inLanguage":"it-IT"}]}},"brands":[{"id":267,"name":"L'Atelier du Li\u00e8ge","slug":"atelier-du-liege"}],"_links":{"self":[{"href":"https:\/\/latelierduliege.com\/it\/wp-json\/wp\/v2\/product\/10372","targetHints":{"allow":["GET"]}}],"collection":[{"href":"https:\/\/latelierduliege.com\/it\/wp-json\/wp\/v2\/product"}],"about":[{"href":"https:\/\/latelierduliege.com\/it\/wp-json\/wp\/v2\/types\/product"}],"replies":[{"embeddable":true,"href":"https:\/\/latelierduliege.com\/it\/wp-json\/wp\/v2\/comments?post=10372"}],"wp:featuredmedia":[{"embeddable":true,"href":"https:\/\/latelierduliege.com\/it\/wp-json\/wp\/v2\/media\/10366"}],"wp:attachment":[{"href":"https:\/\/latelierduliege.com\/it\/wp-json\/wp\/v2\/media?parent=10372"}],"wp:term":[{"taxonomy":"pwb-brand","embeddable":true,"href":"https:\/\/latelierduliege.com\/it\/wp-json\/wp\/v2\/pwb-brand?post=10372"},{"taxonomy":"product_brand","embeddable":true,"href":"https:\/\/latelierduliege.com\/it\/wp-json\/wp\/v2\/product_brand?post=10372"},{"taxonomy":"product_cat","embeddable":true,"href":"https:\/\/latelierduliege.com\/it\/wp-json\/wp\/v2\/product_cat?post=10372"},{"taxonomy":"product_tag","embeddable":true,"href":"https:\/\/latelierduliege.com\/it\/wp-json\/wp\/v2\/product_tag?post=10372"}],"curies":[{"name":"wp","href":"https:\/\/api.w.org\/{rel}","templated":true}]}}