{"id":10390,"date":"2024-06-20T09:00:26","date_gmt":"2024-06-20T09:00:26","guid":{"rendered":"https:\/\/latelierduliege.com\/collection\/cork-crossbody-wallet-mobile-phone-bag-bag-045\/"},"modified":"2026-04-01T20:01:07","modified_gmt":"2026-04-01T18:01:07","slug":"cork-crossbody-wallet-mobile-phone-bag-bag-045","status":"publish","type":"product","link":"https:\/\/latelierduliege.com\/it\/collection\/cork-crossbody-wallet-mobile-phone-bag-bag-045\/","title":{"rendered":"Sac bandouli\u00e8re en li\u00e8ge \u00ab Amadora \u00bb pour femme \u2013 \u00c9l\u00e9gant, compact et \u00e9cologique"},"content":{"rendered":"<p>D\u00e9couvrez le Sac \u00e0 Bandouli\u00e8re en Li\u00e8ge \u00ab\u00a0Amadora\u00a0\u00bb pour Femme \u2013 l&rsquo;accessoire parfait pour les personnes soucieuses de la mode qui recherchent un choix respectueux de l&rsquo;environnement. Fabriqu\u00e9 \u00e0 partir de li\u00e8ge doux et durable, ce sac est \u00e0 la fois l\u00e9ger et respectueux de l&rsquo;environnement.<\/p>\n<p><strong>Principales caract\u00e9ristiques :<\/strong><\/p>\n<ul>\n<li><strong>Conception \u00e0 double fermeture \u00e9clair :<\/strong> Notre sac pr\u00e9sente une conception \u00e0 deux fermetures \u00e9clair, assurant un rangement s\u00e9curis\u00e9 pour vos essentiels tout en ajoutant une touche de style.<\/li>\n<li><strong>Spacieux et pratique :<\/strong> Dot\u00e9 de deux compartiments, ce sac offre suffisamment d&rsquo;espace pour ranger votre t\u00e9l\u00e9phone et vos objets personnels. Les emplacements pour cartes int\u00e9rieurs \u00e9liminent le besoin d&rsquo;un portefeuille suppl\u00e9mentaire.<\/li>\n<li><strong>Confortable et r\u00e9glable :<\/strong> La bandouli\u00e8re large et r\u00e9glable du sac offre un ajustement confortable partout o\u00f9 vous allez, garantissant qu&rsquo;il reste bien ajust\u00e9 contre votre corps.<\/li>\n<\/ul>\n<p>Mais ce sac n\u2019est pas seulement pratique ; c&rsquo;est aussi incroyablement \u00e9l\u00e9gant. Nous avons soigneusement s\u00e9lectionn\u00e9 quatre couleurs naturelles \u2013 noir, caf\u00e9 et bordeaux \u2013 pour cr\u00e9er des designs uniques et accrocheurs. La quincaillerie en laiton antique sur les fermetures \u00e9clair ajoute une touche \u00e9l\u00e9gante et durable.<\/p>\n<hr \/>\n<p><strong>Dimensions du produit :<\/strong><\/p>\n<ul>\n<li><strong>Longueur :<\/strong> 11 centim\u00e8tres (environ 4,33 pouces)<\/li>\n<li><strong>Largeur :<\/strong> 4 centim\u00e8tres (environ 1,57 pouces)<\/li>\n<li><strong>Hauteur :<\/strong> 17 centim\u00e8tres (environ 6,69 pouces)<\/li>\n<\/ul>\n<hr \/>\n<p>D\u00e9couvrez le m\u00e9lange parfait de mode et de durabilit\u00e9 avec notre sac \u00e0 bandouli\u00e8re en li\u00e8ge naturel \u00ab\u00a0Amadora\u00a0\u00bb pour femme. \u00c9levez votre jeu d\u2019accessoires avec ce choix \u00e9cologique et \u00e9l\u00e9gant.<\/p>","protected":false},"excerpt":{"rendered":"<p>Sobre et \u00e9l\u00e9gant, ce sac \u00e0 bandouli\u00e8re en li\u00e8ge pour femme \u00ab\u00a0Amadora\u00a0\u00bb sera id\u00e9al en toutes circonstances. Fabriqu\u00e9 \u00e0 partir d\u2019un li\u00e8ge exclusivement r\u00e9colt\u00e9 \u00e0 la main de mani\u00e8re traditionnelle puis assembl\u00e9 dans nos ateliers, le sac \u00ab\u00a0Amadora\u00a0\u00bb est la meilleure alternative au cuir d\u2019origine animale.<\/p>\n<p><img loading=\"lazy\" decoding=\"async\" class=\"alignnone size-large wp-image-76\" src=\"https:\/\/latelierduliege.com\/wp-content\/uploads\/2026\/03\/Vantaggi-del-sughero-in-5-punti-2.png\" alt=\"\" width=\"1020\" height=\"682\" srcset=\"https:\/\/latelierduliege.com\/wp-content\/uploads\/2026\/03\/Vantaggi-del-sughero-in-5-punti-2.png 1536w, https:\/\/latelierduliege.com\/wp-content\/uploads\/2026\/03\/Vantaggi-del-sughero-in-5-punti-2-300x200.png 300w, https:\/\/latelierduliege.com\/wp-content\/uploads\/2026\/03\/Vantaggi-del-sughero-in-5-punti-2-1024x683.png 1024w, https:\/\/latelierduliege.com\/wp-content\/uploads\/2026\/03\/Vantaggi-del-sughero-in-5-punti-2-768x512.png 768w, https:\/\/latelierduliege.com\/wp-content\/uploads\/2026\/03\/Vantaggi-del-sughero-in-5-punti-2-18x12.png 18w, https:\/\/latelierduliege.com\/wp-content\/uploads\/2026\/03\/Vantaggi-del-sughero-in-5-punti-2-510x340.png 510w\" sizes=\"auto, (max-width: 1020px) 100vw, 1020px\" \/><\/p>","protected":false},"featured_media":10387,"comment_status":"open","ping_status":"closed","template":"","meta":[],"pwb-brand":[267],"product_brand":[],"product_cat":[553,190,620],"product_tag":[640],"class_list":{"0":"post-10390","1":"product","2":"type-product","3":"status-publish","4":"has-post-thumbnail","6":"pwb-brand-atelier-du-liege","7":"product_cat-nouveautes-accessoires-liege","8":"product_cat-sacs-a-main","9":"product_cat-sacs-liege","10":"product_tag-femme","12":"first","13":"instock","14":"shipping-taxable","15":"purchasable","16":"product-type-variable"},"yoast_head":"<!-- This site is optimized with the Yoast SEO plugin v27.3 - https:\/\/yoast.com\/product\/yoast-seo-wordpress\/ -->\n<title>Sac bandouli\u00e8re en li\u00e8ge femme \u2013 Chic et fonctionnel - L&#039;Atelier du Li\u00e8ge<\/title>\n<meta name=\"description\" content=\"Sac bandouli\u00e8re en li\u00e8ge femme, double fermeture \u00e9clair, spacieux et l\u00e9ger. Bandouli\u00e8re r\u00e9glable et quincaillerie en laiton antique. \u00c9l\u00e9gant et durable.\" \/>\n<meta name=\"robots\" content=\"index, follow, max-snippet:-1, max-image-preview:large, max-video-preview:-1\" \/>\n<link rel=\"canonical\" href=\"https:\/\/latelierduliege.com\/it\/collection\/cork-crossbody-wallet-mobile-phone-bag-bag-045\/\" \/>\n<meta property=\"og:locale\" content=\"it_IT\" \/>\n<meta property=\"og:type\" content=\"article\" \/>\n<meta property=\"og:title\" content=\"Sac bandouli\u00e8re en li\u00e8ge femme \u2013 Chic et fonctionnel - L&#039;Atelier du Li\u00e8ge\" \/>\n<meta property=\"og:description\" content=\"Sac bandouli\u00e8re en li\u00e8ge femme, double fermeture \u00e9clair, spacieux et l\u00e9ger. Bandouli\u00e8re r\u00e9glable et quincaillerie en laiton antique. \u00c9l\u00e9gant et durable.\" \/>\n<meta property=\"og:url\" content=\"https:\/\/latelierduliege.com\/it\/collection\/cork-crossbody-wallet-mobile-phone-bag-bag-045\/\" \/>\n<meta property=\"og:site_name\" content=\"L&#039;Atelier du Li\u00e8ge\" \/>\n<meta property=\"article:publisher\" content=\"https:\/\/www.facebook.com\" \/>\n<meta property=\"article:modified_time\" content=\"2026-04-01T18:01:07+00:00\" \/>\n<meta property=\"og:image\" content=\"https:\/\/latelierduliege.com\/wp-content\/uploads\/2024\/06\/ZXW03732.jpg\" \/>\n\t<meta property=\"og:image:width\" content=\"1200\" \/>\n\t<meta property=\"og:image:height\" content=\"1200\" \/>\n\t<meta property=\"og:image:type\" content=\"image\/jpeg\" \/>\n<meta name=\"twitter:card\" content=\"summary_large_image\" \/>\n<meta name=\"twitter:label1\" content=\"Tempo di lettura stimato\" \/>\n\t<meta name=\"twitter:data1\" content=\"2 minuti\" \/>\n<script type=\"application\/ld+json\" class=\"yoast-schema-graph\">{\"@context\":\"https:\\\/\\\/schema.org\",\"@graph\":[{\"@type\":\"WebPage\",\"@id\":\"https:\\\/\\\/latelierduliege.com\\\/collection\\\/cork-crossbody-wallet-mobile-phone-bag-bag-045\\\/\",\"url\":\"https:\\\/\\\/latelierduliege.com\\\/collection\\\/cork-crossbody-wallet-mobile-phone-bag-bag-045\\\/\",\"name\":\"Sac bandouli\u00e8re en li\u00e8ge femme \u2013 Chic et fonctionnel - L&#039;Atelier du Li\u00e8ge\",\"isPartOf\":{\"@id\":\"https:\\\/\\\/latelierduliege.com\\\/#website\"},\"primaryImageOfPage\":{\"@id\":\"https:\\\/\\\/latelierduliege.com\\\/collection\\\/cork-crossbody-wallet-mobile-phone-bag-bag-045\\\/#primaryimage\"},\"image\":{\"@id\":\"https:\\\/\\\/latelierduliege.com\\\/collection\\\/cork-crossbody-wallet-mobile-phone-bag-bag-045\\\/#primaryimage\"},\"thumbnailUrl\":\"https:\\\/\\\/latelierduliege.com\\\/wp-content\\\/uploads\\\/2024\\\/06\\\/ZXW03732.jpg\",\"datePublished\":\"2024-06-20T09:00:26+00:00\",\"dateModified\":\"2026-04-01T18:01:07+00:00\",\"description\":\"Sac bandouli\u00e8re en li\u00e8ge femme, double fermeture \u00e9clair, spacieux et l\u00e9ger. Bandouli\u00e8re r\u00e9glable et quincaillerie en laiton antique. \u00c9l\u00e9gant et durable.\",\"breadcrumb\":{\"@id\":\"https:\\\/\\\/latelierduliege.com\\\/collection\\\/cork-crossbody-wallet-mobile-phone-bag-bag-045\\\/#breadcrumb\"},\"inLanguage\":\"it-IT\",\"potentialAction\":[{\"@type\":\"ReadAction\",\"target\":[\"https:\\\/\\\/latelierduliege.com\\\/collection\\\/cork-crossbody-wallet-mobile-phone-bag-bag-045\\\/\"]}]},{\"@type\":\"ImageObject\",\"inLanguage\":\"it-IT\",\"@id\":\"https:\\\/\\\/latelierduliege.com\\\/collection\\\/cork-crossbody-wallet-mobile-phone-bag-bag-045\\\/#primaryimage\",\"url\":\"https:\\\/\\\/latelierduliege.com\\\/wp-content\\\/uploads\\\/2024\\\/06\\\/ZXW03732.jpg\",\"contentUrl\":\"https:\\\/\\\/latelierduliege.com\\\/wp-content\\\/uploads\\\/2024\\\/06\\\/ZXW03732.jpg\",\"width\":1200,\"height\":1200},{\"@type\":\"BreadcrumbList\",\"@id\":\"https:\\\/\\\/latelierduliege.com\\\/collection\\\/cork-crossbody-wallet-mobile-phone-bag-bag-045\\\/#breadcrumb\",\"itemListElement\":[{\"@type\":\"ListItem\",\"position\":1,\"name\":\"Home\",\"item\":\"https:\\\/\\\/latelierduliege.com\\\/\"},{\"@type\":\"ListItem\",\"position\":2,\"name\":\"Boutique\",\"item\":\"https:\\\/\\\/latelierduliege.com\\\/boutique-liege\\\/\"},{\"@type\":\"ListItem\",\"position\":3,\"name\":\"Sac bandouli\u00e8re en li\u00e8ge \u00ab Amadora \u00bb pour femme \u2013 \u00c9l\u00e9gant, compact et \u00e9cologique\"}]},{\"@type\":\"WebSite\",\"@id\":\"https:\\\/\\\/latelierduliege.com\\\/#website\",\"url\":\"https:\\\/\\\/latelierduliege.com\\\/\",\"name\":\"L'Atelier du Li\u00e8ge\",\"description\":\"Ecoresponsable par nature\",\"potentialAction\":[{\"@type\":\"SearchAction\",\"target\":{\"@type\":\"EntryPoint\",\"urlTemplate\":\"https:\\\/\\\/latelierduliege.com\\\/?s={search_term_string}\"},\"query-input\":{\"@type\":\"PropertyValueSpecification\",\"valueRequired\":true,\"valueName\":\"search_term_string\"}}],\"inLanguage\":\"it-IT\"}]}<\/script>\n<!-- \/ Yoast SEO plugin. -->","yoast_head_json":{"title":"Sac bandouli\u00e8re en li\u00e8ge femme \u2013 Chic et fonctionnel - L&#039;Atelier du Li\u00e8ge","description":"Sac bandouli\u00e8re en li\u00e8ge femme, double fermeture \u00e9clair, spacieux et l\u00e9ger. Bandouli\u00e8re r\u00e9glable et quincaillerie en laiton antique. \u00c9l\u00e9gant et durable.","robots":{"index":"index","follow":"follow","max-snippet":"max-snippet:-1","max-image-preview":"max-image-preview:large","max-video-preview":"max-video-preview:-1"},"canonical":"https:\/\/latelierduliege.com\/it\/collection\/cork-crossbody-wallet-mobile-phone-bag-bag-045\/","og_locale":"it_IT","og_type":"article","og_title":"Sac bandouli\u00e8re en li\u00e8ge femme \u2013 Chic et fonctionnel - L&#039;Atelier du Li\u00e8ge","og_description":"Sac bandouli\u00e8re en li\u00e8ge femme, double fermeture \u00e9clair, spacieux et l\u00e9ger. Bandouli\u00e8re r\u00e9glable et quincaillerie en laiton antique. \u00c9l\u00e9gant et durable.","og_url":"https:\/\/latelierduliege.com\/it\/collection\/cork-crossbody-wallet-mobile-phone-bag-bag-045\/","og_site_name":"L&#039;Atelier du Li\u00e8ge","article_publisher":"https:\/\/www.facebook.com","article_modified_time":"2026-04-01T18:01:07+00:00","og_image":[{"width":1200,"height":1200,"url":"https:\/\/latelierduliege.com\/wp-content\/uploads\/2024\/06\/ZXW03732.jpg","type":"image\/jpeg"}],"twitter_card":"summary_large_image","twitter_misc":{"Tempo di lettura stimato":"2 minuti"},"schema":{"@context":"https:\/\/schema.org","@graph":[{"@type":"WebPage","@id":"https:\/\/latelierduliege.com\/collection\/cork-crossbody-wallet-mobile-phone-bag-bag-045\/","url":"https:\/\/latelierduliege.com\/collection\/cork-crossbody-wallet-mobile-phone-bag-bag-045\/","name":"Sac bandouli\u00e8re en li\u00e8ge femme \u2013 Chic et fonctionnel - L&#039;Atelier du Li\u00e8ge","isPartOf":{"@id":"https:\/\/latelierduliege.com\/#website"},"primaryImageOfPage":{"@id":"https:\/\/latelierduliege.com\/collection\/cork-crossbody-wallet-mobile-phone-bag-bag-045\/#primaryimage"},"image":{"@id":"https:\/\/latelierduliege.com\/collection\/cork-crossbody-wallet-mobile-phone-bag-bag-045\/#primaryimage"},"thumbnailUrl":"https:\/\/latelierduliege.com\/wp-content\/uploads\/2024\/06\/ZXW03732.jpg","datePublished":"2024-06-20T09:00:26+00:00","dateModified":"2026-04-01T18:01:07+00:00","description":"Sac bandouli\u00e8re en li\u00e8ge femme, double fermeture \u00e9clair, spacieux et l\u00e9ger. Bandouli\u00e8re r\u00e9glable et quincaillerie en laiton antique. \u00c9l\u00e9gant et durable.","breadcrumb":{"@id":"https:\/\/latelierduliege.com\/collection\/cork-crossbody-wallet-mobile-phone-bag-bag-045\/#breadcrumb"},"inLanguage":"it-IT","potentialAction":[{"@type":"ReadAction","target":["https:\/\/latelierduliege.com\/collection\/cork-crossbody-wallet-mobile-phone-bag-bag-045\/"]}]},{"@type":"ImageObject","inLanguage":"it-IT","@id":"https:\/\/latelierduliege.com\/collection\/cork-crossbody-wallet-mobile-phone-bag-bag-045\/#primaryimage","url":"https:\/\/latelierduliege.com\/wp-content\/uploads\/2024\/06\/ZXW03732.jpg","contentUrl":"https:\/\/latelierduliege.com\/wp-content\/uploads\/2024\/06\/ZXW03732.jpg","width":1200,"height":1200},{"@type":"BreadcrumbList","@id":"https:\/\/latelierduliege.com\/collection\/cork-crossbody-wallet-mobile-phone-bag-bag-045\/#breadcrumb","itemListElement":[{"@type":"ListItem","position":1,"name":"Home","item":"https:\/\/latelierduliege.com\/"},{"@type":"ListItem","position":2,"name":"Boutique","item":"https:\/\/latelierduliege.com\/boutique-liege\/"},{"@type":"ListItem","position":3,"name":"Sac bandouli\u00e8re en li\u00e8ge \u00ab Amadora \u00bb pour femme \u2013 \u00c9l\u00e9gant, compact et \u00e9cologique"}]},{"@type":"WebSite","@id":"https:\/\/latelierduliege.com\/#website","url":"https:\/\/latelierduliege.com\/","name":"L'Atelier du Li\u00e8ge","description":"Ecoresponsable par nature","potentialAction":[{"@type":"SearchAction","target":{"@type":"EntryPoint","urlTemplate":"https:\/\/latelierduliege.com\/?s={search_term_string}"},"query-input":{"@type":"PropertyValueSpecification","valueRequired":true,"valueName":"search_term_string"}}],"inLanguage":"it-IT"}]}},"brands":[{"id":267,"name":"L'Atelier du Li\u00e8ge","slug":"atelier-du-liege"}],"_links":{"self":[{"href":"https:\/\/latelierduliege.com\/it\/wp-json\/wp\/v2\/product\/10390","targetHints":{"allow":["GET"]}}],"collection":[{"href":"https:\/\/latelierduliege.com\/it\/wp-json\/wp\/v2\/product"}],"about":[{"href":"https:\/\/latelierduliege.com\/it\/wp-json\/wp\/v2\/types\/product"}],"replies":[{"embeddable":true,"href":"https:\/\/latelierduliege.com\/it\/wp-json\/wp\/v2\/comments?post=10390"}],"wp:featuredmedia":[{"embeddable":true,"href":"https:\/\/latelierduliege.com\/it\/wp-json\/wp\/v2\/media\/10387"}],"wp:attachment":[{"href":"https:\/\/latelierduliege.com\/it\/wp-json\/wp\/v2\/media?parent=10390"}],"wp:term":[{"taxonomy":"pwb-brand","embeddable":true,"href":"https:\/\/latelierduliege.com\/it\/wp-json\/wp\/v2\/pwb-brand?post=10390"},{"taxonomy":"product_brand","embeddable":true,"href":"https:\/\/latelierduliege.com\/it\/wp-json\/wp\/v2\/product_brand?post=10390"},{"taxonomy":"product_cat","embeddable":true,"href":"https:\/\/latelierduliege.com\/it\/wp-json\/wp\/v2\/product_cat?post=10390"},{"taxonomy":"product_tag","embeddable":true,"href":"https:\/\/latelierduliege.com\/it\/wp-json\/wp\/v2\/product_tag?post=10390"}],"curies":[{"name":"wp","href":"https:\/\/api.w.org\/{rel}","templated":true}]}}