{"id":10409,"date":"2024-06-20T09:14:52","date_gmt":"2024-06-20T09:14:52","guid":{"rendered":"https:\/\/latelierduliege.com\/collection\/solid-color-block-triple-zip-womens-cork-crossbody-bag-bagp-03\/"},"modified":"2026-04-09T16:56:33","modified_gmt":"2026-04-09T14:56:33","slug":"solid-color-block-triple-zip-womens-cork-crossbody-bag-bagp-03","status":"publish","type":"product","link":"https:\/\/latelierduliege.com\/it\/collection\/solid-color-block-triple-zip-womens-cork-crossbody-bag-bagp-03\/","title":{"rendered":"Sac bandouli\u00e8re en li\u00e8ge \u00ab Encanto \u00bb pour femme \u2013 Pratique, \u00e9l\u00e9gant et \u00e9cologique"},"content":{"rendered":"<p>Le sac bandouli\u00e8re \u00ab\u00a0Encanto\u00a0\u00bb comporte trois poches zipp\u00e9es pour vous aider \u00e0 organiser et ranger facilement vos affaires. Que ce soit pour faire du shopping, voyager ou pour un usage quotidien, ce sac bandouli\u00e8re r\u00e9pond \u00e0 vos besoins.<\/p>\n<p><strong>Principales caract\u00e9ristiques :<\/strong><\/p>\n<ul>\n<li><strong>Mat\u00e9riau en li\u00e8ge naturel :<\/strong> Fabriqu\u00e9 \u00e0 partir de li\u00e8ge naturel, respectueux de l&rsquo;environnement et durable. Le li\u00e8ge est un choix durable car il ne n\u00e9cessite pas d\u2019abattage d\u2019arbres.<\/li>\n<li><strong>Fabriqu\u00e9 \u00e0 la main :<\/strong> Par des artisans qualifi\u00e9s pour garantir un savoir-faire de haute qualit\u00e9 et une attention aux d\u00e9tails.<\/li>\n<li><strong>Trois options de couleurs :<\/strong> Vous pouvez choisir parmi les couleurs rouge, bleu et caf\u00e9 pour s&rsquo;adapter \u00e0 diff\u00e9rentes occasions et tenues.<\/li>\n<li><strong>Trois poches zipp\u00e9es :<\/strong> Pour accueillir votre t\u00e9l\u00e9phone, portefeuille, cl\u00e9s et autres petits objets, assurant s\u00e9curit\u00e9 et organisation soign\u00e9e.<\/li>\n<\/ul>\n<hr \/>\n<p><strong>Dimensions pr\u00e9cises :<\/strong><\/p>\n<ul>\n<li><strong>Longueur :<\/strong> 18 cm (environ 7 pouces)<\/li>\n<li><strong>Largeur :<\/strong> 20 cm (environ 8 pouces)<\/li>\n<li><strong>Hauteur :<\/strong> 2 cm (environ 0,8 pouces)<\/li>\n<\/ul>\n<hr \/>\n<p>Ce sac bandouli\u00e8re pour femme fabriqu\u00e9 \u00e0 la main, \u00e0 partir de li\u00e8ge naturel, vous permet \u00e9galement de faire un choix respectueux de l&rsquo;environnement. Id\u00e9al comme cadeau ou pour un usage personnel, c&rsquo;est une s\u00e9lection \u00e9l\u00e9gante et significative. Achetez votre sac \u00e0 bandouli\u00e8re aujourd&rsquo;hui pour d\u00e9couvrir un savoir-faire exquis et un style unique.<\/p>\n<p>Scegli ora questo accessorio unico e aggiungilo al carrello.<\/p>\n<p>Tutti i nostri prodotti sono realizzati con sughero naturale e lavorati a mano da artigiani.\n\nOgni pezzo \u00e8 unico e pu\u00f2 presentare piccole imperfezioni naturali, caratteristiche che rendono ogni accessorio autentico e originale.<\/p>\n<div id=\"gtx-trans\" style=\"position: absolute; left: -120px; top: -18.4062px;\">\n<div class=\"gtx-trans-icon\"><\/div>\n<\/div>","protected":false},"excerpt":{"rendered":"<p>Sobre et \u00e9l\u00e9gant, ce sac \u00e0 bandouli\u00e8re en li\u00e8ge pour femme \u201cEncanto\u201d sera id\u00e9al en toutes circonstances. Fabriqu\u00e9 \u00e0 partir d\u2019un li\u00e8ge exclusivement r\u00e9colt\u00e9 \u00e0 la main de mani\u00e8re traditionnelle puis assembl\u00e9 dans nos ateliers, le sac \u201cEncanto\u201d est la meilleure alternative au cuir d\u2019origine animale.<\/p>\n<p><img loading=\"lazy\" decoding=\"async\" class=\"alignnone size-large wp-image-76\" src=\"https:\/\/latelierduliege.com\/wp-content\/uploads\/2026\/03\/Vantaggi-del-sughero-in-5-punti-2.png\" alt=\"\" width=\"1020\" height=\"682\" srcset=\"https:\/\/latelierduliege.com\/wp-content\/uploads\/2026\/03\/Vantaggi-del-sughero-in-5-punti-2.png 1536w, https:\/\/latelierduliege.com\/wp-content\/uploads\/2026\/03\/Vantaggi-del-sughero-in-5-punti-2-300x200.png 300w, https:\/\/latelierduliege.com\/wp-content\/uploads\/2026\/03\/Vantaggi-del-sughero-in-5-punti-2-1024x683.png 1024w, https:\/\/latelierduliege.com\/wp-content\/uploads\/2026\/03\/Vantaggi-del-sughero-in-5-punti-2-768x512.png 768w, https:\/\/latelierduliege.com\/wp-content\/uploads\/2026\/03\/Vantaggi-del-sughero-in-5-punti-2-18x12.png 18w, https:\/\/latelierduliege.com\/wp-content\/uploads\/2026\/03\/Vantaggi-del-sughero-in-5-punti-2-510x340.png 510w\" sizes=\"auto, (max-width: 1020px) 100vw, 1020px\" \/><\/p>","protected":false},"featured_media":10400,"comment_status":"open","ping_status":"closed","template":"","meta":[],"pwb-brand":[267],"product_brand":[],"product_cat":[553,190,620],"product_tag":[640],"class_list":{"0":"post-10409","1":"product","2":"type-product","3":"status-publish","4":"has-post-thumbnail","6":"pwb-brand-atelier-du-liege","7":"product_cat-nouveautes-accessoires-liege","8":"product_cat-sacs-a-main","9":"product_cat-sacs-liege","10":"product_tag-femme","12":"first","13":"instock","14":"shipping-taxable","15":"purchasable","16":"product-type-variable"},"yoast_head":"<!-- This site is optimized with the Yoast SEO plugin v27.3 - https:\/\/yoast.com\/product\/yoast-seo-wordpress\/ -->\n<title>Sac bandouli\u00e8re en li\u00e8ge femme \u2013 \u00c9l\u00e9gant et fonctionnel - L&#039;Atelier du Li\u00e8ge<\/title>\n<meta name=\"description\" content=\"Sac bandouli\u00e8re en li\u00e8ge femme, trois poches zipp\u00e9es et design \u00e9l\u00e9gant. L\u00e9ger, durable et fait main. Disponible en rouge, bleu et caf\u00e9.\" \/>\n<meta name=\"robots\" content=\"index, follow, max-snippet:-1, max-image-preview:large, max-video-preview:-1\" \/>\n<link rel=\"canonical\" href=\"https:\/\/latelierduliege.com\/it\/collection\/solid-color-block-triple-zip-womens-cork-crossbody-bag-bagp-03\/\" \/>\n<meta property=\"og:locale\" content=\"it_IT\" \/>\n<meta property=\"og:type\" content=\"article\" \/>\n<meta property=\"og:title\" content=\"Sac bandouli\u00e8re en li\u00e8ge femme \u2013 \u00c9l\u00e9gant et fonctionnel - L&#039;Atelier du Li\u00e8ge\" \/>\n<meta property=\"og:description\" content=\"Sac bandouli\u00e8re en li\u00e8ge femme, trois poches zipp\u00e9es et design \u00e9l\u00e9gant. L\u00e9ger, durable et fait main. Disponible en rouge, bleu et caf\u00e9.\" \/>\n<meta property=\"og:url\" content=\"https:\/\/latelierduliege.com\/it\/collection\/solid-color-block-triple-zip-womens-cork-crossbody-bag-bagp-03\/\" \/>\n<meta property=\"og:site_name\" content=\"L&#039;Atelier du Li\u00e8ge\" \/>\n<meta property=\"article:publisher\" content=\"https:\/\/www.facebook.com\" \/>\n<meta property=\"article:modified_time\" content=\"2026-04-09T14:56:33+00:00\" \/>\n<meta property=\"og:image\" content=\"https:\/\/latelierduliege.com\/wp-content\/uploads\/2024\/06\/3_195729d6-f327-4b89-a2e1-ad075fe68bb3.jpg\" \/>\n\t<meta property=\"og:image:width\" content=\"1200\" \/>\n\t<meta property=\"og:image:height\" content=\"1200\" \/>\n\t<meta property=\"og:image:type\" content=\"image\/jpeg\" \/>\n<meta name=\"twitter:card\" content=\"summary_large_image\" \/>\n<meta name=\"twitter:label1\" content=\"Tempo di lettura stimato\" \/>\n\t<meta name=\"twitter:data1\" content=\"2 minuti\" \/>\n<script type=\"application\/ld+json\" class=\"yoast-schema-graph\">{\"@context\":\"https:\\\/\\\/schema.org\",\"@graph\":[{\"@type\":\"WebPage\",\"@id\":\"https:\\\/\\\/latelierduliege.com\\\/collection\\\/solid-color-block-triple-zip-womens-cork-crossbody-bag-bagp-03\\\/\",\"url\":\"https:\\\/\\\/latelierduliege.com\\\/collection\\\/solid-color-block-triple-zip-womens-cork-crossbody-bag-bagp-03\\\/\",\"name\":\"Sac bandouli\u00e8re en li\u00e8ge femme \u2013 \u00c9l\u00e9gant et fonctionnel - L&#039;Atelier du Li\u00e8ge\",\"isPartOf\":{\"@id\":\"https:\\\/\\\/latelierduliege.com\\\/#website\"},\"primaryImageOfPage\":{\"@id\":\"https:\\\/\\\/latelierduliege.com\\\/collection\\\/solid-color-block-triple-zip-womens-cork-crossbody-bag-bagp-03\\\/#primaryimage\"},\"image\":{\"@id\":\"https:\\\/\\\/latelierduliege.com\\\/collection\\\/solid-color-block-triple-zip-womens-cork-crossbody-bag-bagp-03\\\/#primaryimage\"},\"thumbnailUrl\":\"https:\\\/\\\/latelierduliege.com\\\/wp-content\\\/uploads\\\/2024\\\/06\\\/3_195729d6-f327-4b89-a2e1-ad075fe68bb3.jpg\",\"datePublished\":\"2024-06-20T09:14:52+00:00\",\"dateModified\":\"2026-04-09T14:56:33+00:00\",\"description\":\"Sac bandouli\u00e8re en li\u00e8ge femme, trois poches zipp\u00e9es et design \u00e9l\u00e9gant. L\u00e9ger, durable et fait main. Disponible en rouge, bleu et caf\u00e9.\",\"breadcrumb\":{\"@id\":\"https:\\\/\\\/latelierduliege.com\\\/collection\\\/solid-color-block-triple-zip-womens-cork-crossbody-bag-bagp-03\\\/#breadcrumb\"},\"inLanguage\":\"it-IT\",\"potentialAction\":[{\"@type\":\"ReadAction\",\"target\":[\"https:\\\/\\\/latelierduliege.com\\\/collection\\\/solid-color-block-triple-zip-womens-cork-crossbody-bag-bagp-03\\\/\"]}]},{\"@type\":\"ImageObject\",\"inLanguage\":\"it-IT\",\"@id\":\"https:\\\/\\\/latelierduliege.com\\\/collection\\\/solid-color-block-triple-zip-womens-cork-crossbody-bag-bagp-03\\\/#primaryimage\",\"url\":\"https:\\\/\\\/latelierduliege.com\\\/wp-content\\\/uploads\\\/2024\\\/06\\\/3_195729d6-f327-4b89-a2e1-ad075fe68bb3.jpg\",\"contentUrl\":\"https:\\\/\\\/latelierduliege.com\\\/wp-content\\\/uploads\\\/2024\\\/06\\\/3_195729d6-f327-4b89-a2e1-ad075fe68bb3.jpg\",\"width\":1200,\"height\":1200},{\"@type\":\"BreadcrumbList\",\"@id\":\"https:\\\/\\\/latelierduliege.com\\\/collection\\\/solid-color-block-triple-zip-womens-cork-crossbody-bag-bagp-03\\\/#breadcrumb\",\"itemListElement\":[{\"@type\":\"ListItem\",\"position\":1,\"name\":\"Home\",\"item\":\"https:\\\/\\\/latelierduliege.com\\\/\"},{\"@type\":\"ListItem\",\"position\":2,\"name\":\"Boutique\",\"item\":\"https:\\\/\\\/latelierduliege.com\\\/boutique-liege\\\/\"},{\"@type\":\"ListItem\",\"position\":3,\"name\":\"Sac bandouli\u00e8re en li\u00e8ge \u00ab Encanto \u00bb pour femme \u2013 Pratique, \u00e9l\u00e9gant et \u00e9cologique\"}]},{\"@type\":\"WebSite\",\"@id\":\"https:\\\/\\\/latelierduliege.com\\\/#website\",\"url\":\"https:\\\/\\\/latelierduliege.com\\\/\",\"name\":\"L'Atelier du Li\u00e8ge\",\"description\":\"Ecoresponsable par nature\",\"potentialAction\":[{\"@type\":\"SearchAction\",\"target\":{\"@type\":\"EntryPoint\",\"urlTemplate\":\"https:\\\/\\\/latelierduliege.com\\\/?s={search_term_string}\"},\"query-input\":{\"@type\":\"PropertyValueSpecification\",\"valueRequired\":true,\"valueName\":\"search_term_string\"}}],\"inLanguage\":\"it-IT\"}]}<\/script>\n<!-- \/ Yoast SEO plugin. -->","yoast_head_json":{"title":"Sac bandouli\u00e8re en li\u00e8ge femme \u2013 \u00c9l\u00e9gant et fonctionnel - L&#039;Atelier du Li\u00e8ge","description":"Sac bandouli\u00e8re en li\u00e8ge femme, trois poches zipp\u00e9es et design \u00e9l\u00e9gant. L\u00e9ger, durable et fait main. Disponible en rouge, bleu et caf\u00e9.","robots":{"index":"index","follow":"follow","max-snippet":"max-snippet:-1","max-image-preview":"max-image-preview:large","max-video-preview":"max-video-preview:-1"},"canonical":"https:\/\/latelierduliege.com\/it\/collection\/solid-color-block-triple-zip-womens-cork-crossbody-bag-bagp-03\/","og_locale":"it_IT","og_type":"article","og_title":"Sac bandouli\u00e8re en li\u00e8ge femme \u2013 \u00c9l\u00e9gant et fonctionnel - L&#039;Atelier du Li\u00e8ge","og_description":"Sac bandouli\u00e8re en li\u00e8ge femme, trois poches zipp\u00e9es et design \u00e9l\u00e9gant. L\u00e9ger, durable et fait main. Disponible en rouge, bleu et caf\u00e9.","og_url":"https:\/\/latelierduliege.com\/it\/collection\/solid-color-block-triple-zip-womens-cork-crossbody-bag-bagp-03\/","og_site_name":"L&#039;Atelier du Li\u00e8ge","article_publisher":"https:\/\/www.facebook.com","article_modified_time":"2026-04-09T14:56:33+00:00","og_image":[{"width":1200,"height":1200,"url":"https:\/\/latelierduliege.com\/wp-content\/uploads\/2024\/06\/3_195729d6-f327-4b89-a2e1-ad075fe68bb3.jpg","type":"image\/jpeg"}],"twitter_card":"summary_large_image","twitter_misc":{"Tempo di lettura stimato":"2 minuti"},"schema":{"@context":"https:\/\/schema.org","@graph":[{"@type":"WebPage","@id":"https:\/\/latelierduliege.com\/collection\/solid-color-block-triple-zip-womens-cork-crossbody-bag-bagp-03\/","url":"https:\/\/latelierduliege.com\/collection\/solid-color-block-triple-zip-womens-cork-crossbody-bag-bagp-03\/","name":"Sac bandouli\u00e8re en li\u00e8ge femme \u2013 \u00c9l\u00e9gant et fonctionnel - L&#039;Atelier du Li\u00e8ge","isPartOf":{"@id":"https:\/\/latelierduliege.com\/#website"},"primaryImageOfPage":{"@id":"https:\/\/latelierduliege.com\/collection\/solid-color-block-triple-zip-womens-cork-crossbody-bag-bagp-03\/#primaryimage"},"image":{"@id":"https:\/\/latelierduliege.com\/collection\/solid-color-block-triple-zip-womens-cork-crossbody-bag-bagp-03\/#primaryimage"},"thumbnailUrl":"https:\/\/latelierduliege.com\/wp-content\/uploads\/2024\/06\/3_195729d6-f327-4b89-a2e1-ad075fe68bb3.jpg","datePublished":"2024-06-20T09:14:52+00:00","dateModified":"2026-04-09T14:56:33+00:00","description":"Sac bandouli\u00e8re en li\u00e8ge femme, trois poches zipp\u00e9es et design \u00e9l\u00e9gant. L\u00e9ger, durable et fait main. Disponible en rouge, bleu et caf\u00e9.","breadcrumb":{"@id":"https:\/\/latelierduliege.com\/collection\/solid-color-block-triple-zip-womens-cork-crossbody-bag-bagp-03\/#breadcrumb"},"inLanguage":"it-IT","potentialAction":[{"@type":"ReadAction","target":["https:\/\/latelierduliege.com\/collection\/solid-color-block-triple-zip-womens-cork-crossbody-bag-bagp-03\/"]}]},{"@type":"ImageObject","inLanguage":"it-IT","@id":"https:\/\/latelierduliege.com\/collection\/solid-color-block-triple-zip-womens-cork-crossbody-bag-bagp-03\/#primaryimage","url":"https:\/\/latelierduliege.com\/wp-content\/uploads\/2024\/06\/3_195729d6-f327-4b89-a2e1-ad075fe68bb3.jpg","contentUrl":"https:\/\/latelierduliege.com\/wp-content\/uploads\/2024\/06\/3_195729d6-f327-4b89-a2e1-ad075fe68bb3.jpg","width":1200,"height":1200},{"@type":"BreadcrumbList","@id":"https:\/\/latelierduliege.com\/collection\/solid-color-block-triple-zip-womens-cork-crossbody-bag-bagp-03\/#breadcrumb","itemListElement":[{"@type":"ListItem","position":1,"name":"Home","item":"https:\/\/latelierduliege.com\/"},{"@type":"ListItem","position":2,"name":"Boutique","item":"https:\/\/latelierduliege.com\/boutique-liege\/"},{"@type":"ListItem","position":3,"name":"Sac bandouli\u00e8re en li\u00e8ge \u00ab Encanto \u00bb pour femme \u2013 Pratique, \u00e9l\u00e9gant et \u00e9cologique"}]},{"@type":"WebSite","@id":"https:\/\/latelierduliege.com\/#website","url":"https:\/\/latelierduliege.com\/","name":"L'Atelier du Li\u00e8ge","description":"Ecoresponsable par nature","potentialAction":[{"@type":"SearchAction","target":{"@type":"EntryPoint","urlTemplate":"https:\/\/latelierduliege.com\/?s={search_term_string}"},"query-input":{"@type":"PropertyValueSpecification","valueRequired":true,"valueName":"search_term_string"}}],"inLanguage":"it-IT"}]}},"brands":[{"id":267,"name":"L'Atelier du Li\u00e8ge","slug":"atelier-du-liege"}],"_links":{"self":[{"href":"https:\/\/latelierduliege.com\/it\/wp-json\/wp\/v2\/product\/10409","targetHints":{"allow":["GET"]}}],"collection":[{"href":"https:\/\/latelierduliege.com\/it\/wp-json\/wp\/v2\/product"}],"about":[{"href":"https:\/\/latelierduliege.com\/it\/wp-json\/wp\/v2\/types\/product"}],"replies":[{"embeddable":true,"href":"https:\/\/latelierduliege.com\/it\/wp-json\/wp\/v2\/comments?post=10409"}],"wp:featuredmedia":[{"embeddable":true,"href":"https:\/\/latelierduliege.com\/it\/wp-json\/wp\/v2\/media\/10400"}],"wp:attachment":[{"href":"https:\/\/latelierduliege.com\/it\/wp-json\/wp\/v2\/media?parent=10409"}],"wp:term":[{"taxonomy":"pwb-brand","embeddable":true,"href":"https:\/\/latelierduliege.com\/it\/wp-json\/wp\/v2\/pwb-brand?post=10409"},{"taxonomy":"product_brand","embeddable":true,"href":"https:\/\/latelierduliege.com\/it\/wp-json\/wp\/v2\/product_brand?post=10409"},{"taxonomy":"product_cat","embeddable":true,"href":"https:\/\/latelierduliege.com\/it\/wp-json\/wp\/v2\/product_cat?post=10409"},{"taxonomy":"product_tag","embeddable":true,"href":"https:\/\/latelierduliege.com\/it\/wp-json\/wp\/v2\/product_tag?post=10409"}],"curies":[{"name":"wp","href":"https:\/\/api.w.org\/{rel}","templated":true}]}}