{"id":10500,"date":"2024-07-06T08:02:06","date_gmt":"2024-07-06T08:02:06","guid":{"rendered":"https:\/\/latelierduliege.com\/?post_type=product&#038;p=10500"},"modified":"2026-04-15T10:56:45","modified_gmt":"2026-04-15T08:56:45","slug":"portefeuille-porto-en-liege-naturel-pour-homme","status":"publish","type":"product","link":"https:\/\/latelierduliege.com\/it\/collection\/portefeuille-porto-en-liege-naturel-pour-homme\/","title":{"rendered":"Portefeuille en li\u00e8ge \u00ab Porto \u00bb pour homme \u2013 Compact, \u00e9l\u00e9gant et durable"},"content":{"rendered":"<div class=\"flex flex-grow flex-col max-w-full\">\n<div class=\"min-h-[20px] text-message flex flex-col items-start whitespace-pre-wrap break-words [.text-message+&amp;]:mt-5 juice:w-full juice:items-end overflow-x-auto gap-2\" dir=\"auto\" data-message-author-role=\"assistant\" data-message-id=\"eedc9c29-c21b-49df-bef7-a56d708b36eb\">\n<div class=\"flex w-full flex-col gap-1 juice:empty:hidden juice:first:pt-[3px]\">\n<div class=\"markdown prose w-full break-words dark:prose-invert light\">\n<p><strong>Fonctionnel et \u00c9l\u00e9gant:<\/strong> Le portefeuille en li\u00e8ge naturel pour homme \u00ab\u00a0Porto\u00a0\u00bb est une pi\u00e8ce tactile con\u00e7ue pour \u00eatre gard\u00e9e dans votre poche avant. Il combine \u00e9l\u00e9gance, simplicit\u00e9 et durabilit\u00e9, parfait pour un usage quotidien.<\/p>\n<p><strong>Caract\u00e9ristiques Principales:<\/strong><\/p>\n<ul>\n<li><strong>Capacit\u00e9:<\/strong> Ce portefeuille peut contenir jusqu&rsquo;\u00e0 8 cartes bancaires, 1 carte d&rsquo;identit\u00e9 et dispose d&rsquo;une poche \u00e0 pression pour les pi\u00e8ces de monnaie.<\/li>\n<li><strong>Design:<\/strong> Avec son design \u00e9pur\u00e9, il offre une solution pratique et \u00e9l\u00e9gante pour ranger vos cartes et votre argent.<\/li>\n<li><strong>Dimensions:<\/strong> Hauteur: 8,5 cm, Longueur: 10,5 cm, Largeur: 2 cm. Compact et l\u00e9ger, il se glisse facilement dans votre poche.<\/li>\n<\/ul>\n<p><strong>Mat\u00e9riau:<\/strong><\/p>\n<ul>\n<li>Fabriqu\u00e9 en li\u00e8ge naturel de haute qualit\u00e9, offrant une alternative \u00e9cologique et durable au cuir traditionnel.<\/li>\n<\/ul>\n<p>Tous nos produits sont con\u00e7us avec du li\u00e8ge enti\u00e8rement naturel et sont r\u00e9alis\u00e9s \u00e0 la main par des artisans. Chaque pi\u00e8ce est unique et peut pr\u00e9senter quelques imperfections, ce qui rend nos produits \u00e0 la fois uniques et originaux<\/p>\n<\/div>\n<\/div>\n<\/div>\n<\/div>\n<div class=\"mt-1 flex gap-3 empty:hidden juice:-ml-3\">\n<div class=\"items-center justify-start rounded-xl p-1 flex\">\n<div class=\"flex items-center\"><button class=\"rounded-lg text-token-text-secondary hover:bg-token-main-surface-secondary\">\u00a0<\/button><\/div>\n<\/div>\n<\/div>\n","protected":false},"excerpt":{"rendered":"<div class=\"flex flex-grow flex-col max-w-full\">\n<div class=\"min-h-[20px] text-message flex flex-col items-start whitespace-pre-wrap break-words [.text-message+&amp;]:mt-5 juice:w-full juice:items-end overflow-x-auto gap-2\" dir=\"auto\" data-message-author-role=\"assistant\" data-message-id=\"a4c117e3-9362-4424-a872-1d5a5c12efd3\">\n<div class=\"flex w-full flex-col gap-1 juice:empty:hidden juice:first:pt-[3px]\">\n<div class=\"markdown prose w-full break-words dark:prose-invert light\">\n<p>Ce portefeuille VEGAN en li\u00e8ge est fabriqu\u00e9 exclusivement \u00e0 partir de cuir v\u00e9g\u00e9tal. Disponible en couleur naturelle, ce portemonnaie est un accessoire \u00e0 la fois pratique et durable qui permettra d\u2019afficher vos convictions ainsi que votre amour pour la nature. Fabriqu\u00e9 \u00e0 la main dans nos ateliers situ\u00e9s au Portugal, ce portefeuille est confectionn\u00e9 par des artisans qui travaillent le li\u00e8ge depuis plus d\u2019une d\u00e9cennie. Il constitue la meilleure alternative au cuir d\u2019origine animale.<\/p>\n<\/div>\n<\/div>\n<\/div>\n<\/div>\n<div class=\"mt-1 flex gap-3 empty:hidden juice:-ml-3\">\n<div class=\"items-center justify-start rounded-xl p-1 flex\">\n<div class=\"flex items-center\"><button class=\"rounded-lg text-token-text-secondary hover:bg-token-main-surface-secondary\">\u00a0<\/button><img loading=\"lazy\" decoding=\"async\" class=\"alignnone size-large wp-image-76\" src=\"https:\/\/latelierduliege.com\/wp-content\/uploads\/2019\/09\/Sans-titre-2-1024x685.png\" alt=\"\" width=\"1020\" height=\"682\" srcset=\"https:\/\/latelierduliege.com\/wp-content\/uploads\/2019\/09\/Sans-titre-2-1024x685.png 1024w, https:\/\/latelierduliege.com\/wp-content\/uploads\/2019\/09\/Sans-titre-2-510x341.png 510w, https:\/\/latelierduliege.com\/wp-content\/uploads\/2019\/09\/Sans-titre-2-300x201.png 300w, https:\/\/latelierduliege.com\/wp-content\/uploads\/2019\/09\/Sans-titre-2-768x514.png 768w, https:\/\/latelierduliege.com\/wp-content\/uploads\/2019\/09\/Sans-titre-2-600x402.png 600w, https:\/\/latelierduliege.com\/wp-content\/uploads\/2019\/09\/Sans-titre-2.png 1113w\" sizes=\"auto, (max-width: 1020px) 100vw, 1020px\" \/><\/div>\n<\/div>\n<\/div>\n","protected":false},"featured_media":10495,"comment_status":"open","ping_status":"closed","template":"","meta":[],"pwb-brand":[267],"product_brand":[],"product_cat":[553,621,188,481],"product_tag":[],"class_list":{"0":"post-10500","1":"product","2":"type-product","3":"status-publish","4":"has-post-thumbnail","6":"pwb-brand-atelier-du-liege","7":"product_cat-nouveautes-accessoires-liege","8":"product_cat-portefeuilles-liege","9":"product_cat-portefeuilles-homme","10":"product_cat-promotions-liege","12":"first","13":"instock","14":"shipping-taxable","15":"purchasable","16":"product-type-simple"},"yoast_head":"<!-- This site is optimized with the Yoast SEO plugin v27.3 - https:\/\/yoast.com\/product\/yoast-seo-wordpress\/ -->\n<title>Portefeuille en li\u00e8ge homme \u2013 Compact et \u00e9l\u00e9gant - L&#039;Atelier du Li\u00e8ge<\/title>\n<meta name=\"description\" content=\"Portefeuille en li\u00e8ge homme, compact et pratique. 8 emplacements cartes, poche \u00e0 pression et design \u00e9pur\u00e9. L\u00e9ger, \u00e9l\u00e9gant et \u00e9coresponsable.\" \/>\n<meta name=\"robots\" content=\"index, follow, max-snippet:-1, max-image-preview:large, max-video-preview:-1\" \/>\n<link rel=\"canonical\" href=\"https:\/\/latelierduliege.com\/it\/collection\/portefeuille-porto-en-liege-naturel-pour-homme\/\" \/>\n<meta property=\"og:locale\" content=\"it_IT\" \/>\n<meta property=\"og:type\" content=\"article\" \/>\n<meta property=\"og:title\" content=\"Portefeuille en li\u00e8ge homme \u2013 Compact et \u00e9l\u00e9gant - L&#039;Atelier du Li\u00e8ge\" \/>\n<meta property=\"og:description\" content=\"Portefeuille en li\u00e8ge homme, compact et pratique. 8 emplacements cartes, poche \u00e0 pression et design \u00e9pur\u00e9. L\u00e9ger, \u00e9l\u00e9gant et \u00e9coresponsable.\" \/>\n<meta property=\"og:url\" content=\"https:\/\/latelierduliege.com\/it\/collection\/portefeuille-porto-en-liege-naturel-pour-homme\/\" \/>\n<meta property=\"og:site_name\" content=\"L&#039;Atelier du Li\u00e8ge\" \/>\n<meta property=\"article:publisher\" content=\"https:\/\/www.facebook.com\" \/>\n<meta property=\"article:modified_time\" content=\"2026-04-15T08:56:45+00:00\" \/>\n<meta property=\"og:image\" content=\"https:\/\/latelierduliege.com\/wp-content\/uploads\/2024\/07\/1838330224fa354629d2d89a48e4176e70689d2a90cad79d71a7503cf2f3505a.jpg\" \/>\n\t<meta property=\"og:image:width\" content=\"1200\" \/>\n\t<meta property=\"og:image:height\" content=\"1200\" \/>\n\t<meta property=\"og:image:type\" content=\"image\/jpeg\" \/>\n<meta name=\"twitter:card\" content=\"summary_large_image\" \/>\n<meta name=\"twitter:label1\" content=\"Tempo di lettura stimato\" \/>\n\t<meta name=\"twitter:data1\" content=\"1 minuto\" \/>\n<script type=\"application\/ld+json\" class=\"yoast-schema-graph\">{\"@context\":\"https:\\\/\\\/schema.org\",\"@graph\":[{\"@type\":\"WebPage\",\"@id\":\"https:\\\/\\\/latelierduliege.com\\\/collection\\\/portefeuille-porto-en-liege-naturel-pour-homme\\\/\",\"url\":\"https:\\\/\\\/latelierduliege.com\\\/collection\\\/portefeuille-porto-en-liege-naturel-pour-homme\\\/\",\"name\":\"Portefeuille en li\u00e8ge homme \u2013 Compact et \u00e9l\u00e9gant - L&#039;Atelier du Li\u00e8ge\",\"isPartOf\":{\"@id\":\"https:\\\/\\\/latelierduliege.com\\\/#website\"},\"primaryImageOfPage\":{\"@id\":\"https:\\\/\\\/latelierduliege.com\\\/collection\\\/portefeuille-porto-en-liege-naturel-pour-homme\\\/#primaryimage\"},\"image\":{\"@id\":\"https:\\\/\\\/latelierduliege.com\\\/collection\\\/portefeuille-porto-en-liege-naturel-pour-homme\\\/#primaryimage\"},\"thumbnailUrl\":\"https:\\\/\\\/latelierduliege.com\\\/wp-content\\\/uploads\\\/2024\\\/07\\\/1838330224fa354629d2d89a48e4176e70689d2a90cad79d71a7503cf2f3505a.jpg\",\"datePublished\":\"2024-07-06T08:02:06+00:00\",\"dateModified\":\"2026-04-15T08:56:45+00:00\",\"description\":\"Portefeuille en li\u00e8ge homme, compact et pratique. 8 emplacements cartes, poche \u00e0 pression et design \u00e9pur\u00e9. L\u00e9ger, \u00e9l\u00e9gant et \u00e9coresponsable.\",\"breadcrumb\":{\"@id\":\"https:\\\/\\\/latelierduliege.com\\\/collection\\\/portefeuille-porto-en-liege-naturel-pour-homme\\\/#breadcrumb\"},\"inLanguage\":\"it-IT\",\"potentialAction\":[{\"@type\":\"ReadAction\",\"target\":[\"https:\\\/\\\/latelierduliege.com\\\/collection\\\/portefeuille-porto-en-liege-naturel-pour-homme\\\/\"]}]},{\"@type\":\"ImageObject\",\"inLanguage\":\"it-IT\",\"@id\":\"https:\\\/\\\/latelierduliege.com\\\/collection\\\/portefeuille-porto-en-liege-naturel-pour-homme\\\/#primaryimage\",\"url\":\"https:\\\/\\\/latelierduliege.com\\\/wp-content\\\/uploads\\\/2024\\\/07\\\/1838330224fa354629d2d89a48e4176e70689d2a90cad79d71a7503cf2f3505a.jpg\",\"contentUrl\":\"https:\\\/\\\/latelierduliege.com\\\/wp-content\\\/uploads\\\/2024\\\/07\\\/1838330224fa354629d2d89a48e4176e70689d2a90cad79d71a7503cf2f3505a.jpg\",\"width\":1200,\"height\":1200,\"caption\":\"Img\"},{\"@type\":\"BreadcrumbList\",\"@id\":\"https:\\\/\\\/latelierduliege.com\\\/collection\\\/portefeuille-porto-en-liege-naturel-pour-homme\\\/#breadcrumb\",\"itemListElement\":[{\"@type\":\"ListItem\",\"position\":1,\"name\":\"Home\",\"item\":\"https:\\\/\\\/latelierduliege.com\\\/\"},{\"@type\":\"ListItem\",\"position\":2,\"name\":\"Boutique\",\"item\":\"https:\\\/\\\/latelierduliege.com\\\/boutique-liege\\\/\"},{\"@type\":\"ListItem\",\"position\":3,\"name\":\"Portefeuille en li\u00e8ge \u00ab Porto \u00bb pour homme \u2013 Compact, \u00e9l\u00e9gant et durable\"}]},{\"@type\":\"WebSite\",\"@id\":\"https:\\\/\\\/latelierduliege.com\\\/#website\",\"url\":\"https:\\\/\\\/latelierduliege.com\\\/\",\"name\":\"L'Atelier du Li\u00e8ge\",\"description\":\"Ecoresponsable par nature\",\"potentialAction\":[{\"@type\":\"SearchAction\",\"target\":{\"@type\":\"EntryPoint\",\"urlTemplate\":\"https:\\\/\\\/latelierduliege.com\\\/?s={search_term_string}\"},\"query-input\":{\"@type\":\"PropertyValueSpecification\",\"valueRequired\":true,\"valueName\":\"search_term_string\"}}],\"inLanguage\":\"it-IT\"}]}<\/script>\n<!-- \/ Yoast SEO plugin. -->","yoast_head_json":{"title":"Portefeuille en li\u00e8ge homme \u2013 Compact et \u00e9l\u00e9gant - L&#039;Atelier du Li\u00e8ge","description":"Portefeuille en li\u00e8ge homme, compact et pratique. 8 emplacements cartes, poche \u00e0 pression et design \u00e9pur\u00e9. L\u00e9ger, \u00e9l\u00e9gant et \u00e9coresponsable.","robots":{"index":"index","follow":"follow","max-snippet":"max-snippet:-1","max-image-preview":"max-image-preview:large","max-video-preview":"max-video-preview:-1"},"canonical":"https:\/\/latelierduliege.com\/it\/collection\/portefeuille-porto-en-liege-naturel-pour-homme\/","og_locale":"it_IT","og_type":"article","og_title":"Portefeuille en li\u00e8ge homme \u2013 Compact et \u00e9l\u00e9gant - L&#039;Atelier du Li\u00e8ge","og_description":"Portefeuille en li\u00e8ge homme, compact et pratique. 8 emplacements cartes, poche \u00e0 pression et design \u00e9pur\u00e9. L\u00e9ger, \u00e9l\u00e9gant et \u00e9coresponsable.","og_url":"https:\/\/latelierduliege.com\/it\/collection\/portefeuille-porto-en-liege-naturel-pour-homme\/","og_site_name":"L&#039;Atelier du Li\u00e8ge","article_publisher":"https:\/\/www.facebook.com","article_modified_time":"2026-04-15T08:56:45+00:00","og_image":[{"width":1200,"height":1200,"url":"https:\/\/latelierduliege.com\/wp-content\/uploads\/2024\/07\/1838330224fa354629d2d89a48e4176e70689d2a90cad79d71a7503cf2f3505a.jpg","type":"image\/jpeg"}],"twitter_card":"summary_large_image","twitter_misc":{"Tempo di lettura stimato":"1 minuto"},"schema":{"@context":"https:\/\/schema.org","@graph":[{"@type":"WebPage","@id":"https:\/\/latelierduliege.com\/collection\/portefeuille-porto-en-liege-naturel-pour-homme\/","url":"https:\/\/latelierduliege.com\/collection\/portefeuille-porto-en-liege-naturel-pour-homme\/","name":"Portefeuille en li\u00e8ge homme \u2013 Compact et \u00e9l\u00e9gant - L&#039;Atelier du Li\u00e8ge","isPartOf":{"@id":"https:\/\/latelierduliege.com\/#website"},"primaryImageOfPage":{"@id":"https:\/\/latelierduliege.com\/collection\/portefeuille-porto-en-liege-naturel-pour-homme\/#primaryimage"},"image":{"@id":"https:\/\/latelierduliege.com\/collection\/portefeuille-porto-en-liege-naturel-pour-homme\/#primaryimage"},"thumbnailUrl":"https:\/\/latelierduliege.com\/wp-content\/uploads\/2024\/07\/1838330224fa354629d2d89a48e4176e70689d2a90cad79d71a7503cf2f3505a.jpg","datePublished":"2024-07-06T08:02:06+00:00","dateModified":"2026-04-15T08:56:45+00:00","description":"Portefeuille en li\u00e8ge homme, compact et pratique. 8 emplacements cartes, poche \u00e0 pression et design \u00e9pur\u00e9. L\u00e9ger, \u00e9l\u00e9gant et \u00e9coresponsable.","breadcrumb":{"@id":"https:\/\/latelierduliege.com\/collection\/portefeuille-porto-en-liege-naturel-pour-homme\/#breadcrumb"},"inLanguage":"it-IT","potentialAction":[{"@type":"ReadAction","target":["https:\/\/latelierduliege.com\/collection\/portefeuille-porto-en-liege-naturel-pour-homme\/"]}]},{"@type":"ImageObject","inLanguage":"it-IT","@id":"https:\/\/latelierduliege.com\/collection\/portefeuille-porto-en-liege-naturel-pour-homme\/#primaryimage","url":"https:\/\/latelierduliege.com\/wp-content\/uploads\/2024\/07\/1838330224fa354629d2d89a48e4176e70689d2a90cad79d71a7503cf2f3505a.jpg","contentUrl":"https:\/\/latelierduliege.com\/wp-content\/uploads\/2024\/07\/1838330224fa354629d2d89a48e4176e70689d2a90cad79d71a7503cf2f3505a.jpg","width":1200,"height":1200,"caption":"Img"},{"@type":"BreadcrumbList","@id":"https:\/\/latelierduliege.com\/collection\/portefeuille-porto-en-liege-naturel-pour-homme\/#breadcrumb","itemListElement":[{"@type":"ListItem","position":1,"name":"Home","item":"https:\/\/latelierduliege.com\/"},{"@type":"ListItem","position":2,"name":"Boutique","item":"https:\/\/latelierduliege.com\/boutique-liege\/"},{"@type":"ListItem","position":3,"name":"Portefeuille en li\u00e8ge \u00ab Porto \u00bb pour homme \u2013 Compact, \u00e9l\u00e9gant et durable"}]},{"@type":"WebSite","@id":"https:\/\/latelierduliege.com\/#website","url":"https:\/\/latelierduliege.com\/","name":"L'Atelier du Li\u00e8ge","description":"Ecoresponsable par nature","potentialAction":[{"@type":"SearchAction","target":{"@type":"EntryPoint","urlTemplate":"https:\/\/latelierduliege.com\/?s={search_term_string}"},"query-input":{"@type":"PropertyValueSpecification","valueRequired":true,"valueName":"search_term_string"}}],"inLanguage":"it-IT"}]}},"brands":[{"id":267,"name":"L'Atelier du Li\u00e8ge","slug":"atelier-du-liege"}],"_links":{"self":[{"href":"https:\/\/latelierduliege.com\/it\/wp-json\/wp\/v2\/product\/10500","targetHints":{"allow":["GET"]}}],"collection":[{"href":"https:\/\/latelierduliege.com\/it\/wp-json\/wp\/v2\/product"}],"about":[{"href":"https:\/\/latelierduliege.com\/it\/wp-json\/wp\/v2\/types\/product"}],"replies":[{"embeddable":true,"href":"https:\/\/latelierduliege.com\/it\/wp-json\/wp\/v2\/comments?post=10500"}],"wp:featuredmedia":[{"embeddable":true,"href":"https:\/\/latelierduliege.com\/it\/wp-json\/wp\/v2\/media\/10495"}],"wp:attachment":[{"href":"https:\/\/latelierduliege.com\/it\/wp-json\/wp\/v2\/media?parent=10500"}],"wp:term":[{"taxonomy":"pwb-brand","embeddable":true,"href":"https:\/\/latelierduliege.com\/it\/wp-json\/wp\/v2\/pwb-brand?post=10500"},{"taxonomy":"product_brand","embeddable":true,"href":"https:\/\/latelierduliege.com\/it\/wp-json\/wp\/v2\/product_brand?post=10500"},{"taxonomy":"product_cat","embeddable":true,"href":"https:\/\/latelierduliege.com\/it\/wp-json\/wp\/v2\/product_cat?post=10500"},{"taxonomy":"product_tag","embeddable":true,"href":"https:\/\/latelierduliege.com\/it\/wp-json\/wp\/v2\/product_tag?post=10500"}],"curies":[{"name":"wp","href":"https:\/\/api.w.org\/{rel}","templated":true}]}}