{"id":10562,"date":"2024-07-06T16:09:06","date_gmt":"2024-07-06T16:09:06","guid":{"rendered":"https:\/\/latelierduliege.com\/collection\/mens-rfid-blocking-cork-card-wallets-bag-2277\/"},"modified":"2026-04-15T10:57:08","modified_gmt":"2026-04-15T08:57:08","slug":"mens-rfid-blocking-cork-card-wallets-bag-2277","status":"publish","type":"product","link":"https:\/\/latelierduliege.com\/it\/collection\/mens-rfid-blocking-cork-card-wallets-bag-2277\/","title":{"rendered":"Portefeuille en li\u00e8ge \u00ab Coimbra \u00bb pour homme \u2013 VEGAN, compact et minimaliste"},"content":{"rendered":"<p>D\u00e9couvrez notre portefeuille \u00ab\u00a0Coimbra\u00a0\u00bb VEGAN en li\u00e8ge pour homme, un accessoire de poche id\u00e9al pour votre quotidien. Disponible en trois variantes de couleur: Noir, Marron, et Naturel. Ce portefeuille dispose de 4 pochettes pour cartes et 1 pochette pour carte d&rsquo;identit\u00e9. Nous croyons en la philosophie du \u00ab\u00a0moins c&rsquo;est plus\u00a0\u00bb: emportez vos cartes les plus utilis\u00e9es et de l&rsquo;argent liquide pour vos sorties et passez une journ\u00e9e merveilleuse! Fabriqu\u00e9 \u00e0 la main dans nos ateliers au Portugal, chaque portefeuille est con\u00e7u avec du li\u00e8ge enti\u00e8rement naturel, offrant \u00e0 la fois durabilit\u00e9 et \u00e9l\u00e9gance.<\/p>\n<p><strong>Mat\u00e9riau :<\/strong> Tissu en li\u00e8ge<\/p>\n<p><strong>Taille :<\/strong> Hauteur: 10 cm \/ 3,9 pouces Longueur: 7 cm \/ 2,7 pouces Largeur: 0,5 cm \/ 0,19 pouces<\/p>\n<p>Scegli un accessorio elegante e pratico che unisce design moderno, materiali naturali e sostenibilit\u00e0.<\/p>\n<p>Tutti i nostri prodotti sono realizzati con sughero naturale e lavorati a mano da artigiani.\n\nOgni pezzo \u00e8 unico e pu\u00f2 presentare piccole imperfezioni naturali, caratteristiche che rendono ogni accessorio autentico e originale.<\/p>","protected":false},"excerpt":{"rendered":"<div class=\"flex flex-grow flex-col max-w-full\">\n<div class=\"min-h-[20px] text-message flex flex-col items-start whitespace-pre-wrap break-words [.text-message+&amp;]:mt-5 juice:w-full juice:items-end overflow-x-auto gap-2\" dir=\"auto\" data-message-author-role=\"assistant\" data-message-id=\"a4c117e3-9362-4424-a872-1d5a5c12efd3\">\n<div class=\"flex w-full flex-col gap-1 juice:empty:hidden juice:first:pt-[3px]\">\n<div class=\"markdown prose w-full break-words dark:prose-invert light\">\n<p>Ce portefeuille VEGAN en li\u00e8ge est fabriqu\u00e9 exclusivement \u00e0 partir de cuir v\u00e9g\u00e9tal. Disponible en couleur naturelle, noire et marron, ce portemonnaie est un accessoire \u00e0 la fois pratique et durable qui permettra d\u2019afficher vos convictions ainsi que votre amour pour la nature. Fabriqu\u00e9 \u00e0 la main dans nos ateliers situ\u00e9s au Portugal, ce portefeuille est confectionn\u00e9 par des artisans qui travaillent le li\u00e8ge depuis plus d\u2019une d\u00e9cennie. Il constitue la meilleure alternative au cuir d\u2019origine animale.<img loading=\"lazy\" decoding=\"async\" class=\"alignnone size-large wp-image-76\" style=\"color: #333333; font-size: 14.4px;\" src=\"https:\/\/latelierduliege.com\/wp-content\/uploads\/2019\/09\/Sans-titre-2-1024x685.png\" alt=\"\" width=\"1020\" height=\"682\" srcset=\"https:\/\/latelierduliege.com\/wp-content\/uploads\/2019\/09\/Sans-titre-2-1024x685.png 1024w, https:\/\/latelierduliege.com\/wp-content\/uploads\/2019\/09\/Sans-titre-2-510x341.png 510w, https:\/\/latelierduliege.com\/wp-content\/uploads\/2019\/09\/Sans-titre-2-300x201.png 300w, https:\/\/latelierduliege.com\/wp-content\/uploads\/2019\/09\/Sans-titre-2-768x514.png 768w, https:\/\/latelierduliege.com\/wp-content\/uploads\/2019\/09\/Sans-titre-2-600x402.png 600w, https:\/\/latelierduliege.com\/wp-content\/uploads\/2019\/09\/Sans-titre-2.png 1113w\" sizes=\"auto, (max-width: 1020px) 100vw, 1020px\" \/><\/p>\n<\/div>\n<\/div>\n<\/div>\n<\/div>\n","protected":false},"featured_media":10549,"comment_status":"open","ping_status":"closed","template":"","meta":[],"pwb-brand":[267],"product_brand":[],"product_cat":[553,621,188],"product_tag":[],"class_list":{"0":"post-10562","1":"product","2":"type-product","3":"status-publish","4":"has-post-thumbnail","6":"pwb-brand-atelier-du-liege","7":"product_cat-nouveautes-accessoires-liege","8":"product_cat-portefeuilles-liege","9":"product_cat-portefeuilles-homme","11":"first","12":"instock","13":"shipping-taxable","14":"purchasable","15":"product-type-variable"},"yoast_head":"<!-- This site is optimized with the Yoast SEO plugin v27.3 - https:\/\/yoast.com\/product\/yoast-seo-wordpress\/ -->\n<title>Portefeuille en li\u00e8ge vegan \u2013 Compact et \u00e9l\u00e9gant - L&#039;Atelier du Li\u00e8ge<\/title>\n<meta name=\"description\" content=\"Portefeuille en li\u00e8ge vegan, compact et pratique. 4 pochettes cartes, design minimaliste et fabrication artisanale au Portugal. \u00c9l\u00e9gant et durable.\" \/>\n<meta name=\"robots\" content=\"index, follow, max-snippet:-1, max-image-preview:large, max-video-preview:-1\" \/>\n<link rel=\"canonical\" href=\"https:\/\/latelierduliege.com\/it\/collection\/mens-rfid-blocking-cork-card-wallets-bag-2277\/\" \/>\n<meta property=\"og:locale\" content=\"it_IT\" \/>\n<meta property=\"og:type\" content=\"article\" \/>\n<meta property=\"og:title\" content=\"Portefeuille en li\u00e8ge vegan \u2013 Compact et \u00e9l\u00e9gant - L&#039;Atelier du Li\u00e8ge\" \/>\n<meta property=\"og:description\" content=\"Portefeuille en li\u00e8ge vegan, compact et pratique. 4 pochettes cartes, design minimaliste et fabrication artisanale au Portugal. \u00c9l\u00e9gant et durable.\" \/>\n<meta property=\"og:url\" content=\"https:\/\/latelierduliege.com\/it\/collection\/mens-rfid-blocking-cork-card-wallets-bag-2277\/\" \/>\n<meta property=\"og:site_name\" content=\"L&#039;Atelier du Li\u00e8ge\" \/>\n<meta property=\"article:publisher\" content=\"https:\/\/www.facebook.com\" \/>\n<meta property=\"article:modified_time\" content=\"2026-04-15T08:57:08+00:00\" \/>\n<meta property=\"og:image\" content=\"https:\/\/latelierduliege.com\/wp-content\/uploads\/2024\/07\/ZXW03886.jpg\" \/>\n\t<meta property=\"og:image:width\" content=\"1200\" \/>\n\t<meta property=\"og:image:height\" content=\"1200\" \/>\n\t<meta property=\"og:image:type\" content=\"image\/jpeg\" \/>\n<meta name=\"twitter:card\" content=\"summary_large_image\" \/>\n<meta name=\"twitter:label1\" content=\"Tempo di lettura stimato\" \/>\n\t<meta name=\"twitter:data1\" content=\"2 minuti\" \/>\n<script type=\"application\/ld+json\" class=\"yoast-schema-graph\">{\"@context\":\"https:\\\/\\\/schema.org\",\"@graph\":[{\"@type\":\"WebPage\",\"@id\":\"https:\\\/\\\/latelierduliege.com\\\/collection\\\/mens-rfid-blocking-cork-card-wallets-bag-2277\\\/\",\"url\":\"https:\\\/\\\/latelierduliege.com\\\/collection\\\/mens-rfid-blocking-cork-card-wallets-bag-2277\\\/\",\"name\":\"Portefeuille en li\u00e8ge vegan \u2013 Compact et \u00e9l\u00e9gant - L&#039;Atelier du Li\u00e8ge\",\"isPartOf\":{\"@id\":\"https:\\\/\\\/latelierduliege.com\\\/#website\"},\"primaryImageOfPage\":{\"@id\":\"https:\\\/\\\/latelierduliege.com\\\/collection\\\/mens-rfid-blocking-cork-card-wallets-bag-2277\\\/#primaryimage\"},\"image\":{\"@id\":\"https:\\\/\\\/latelierduliege.com\\\/collection\\\/mens-rfid-blocking-cork-card-wallets-bag-2277\\\/#primaryimage\"},\"thumbnailUrl\":\"https:\\\/\\\/latelierduliege.com\\\/wp-content\\\/uploads\\\/2024\\\/07\\\/ZXW03886.jpg\",\"datePublished\":\"2024-07-06T16:09:06+00:00\",\"dateModified\":\"2026-04-15T08:57:08+00:00\",\"description\":\"Portefeuille en li\u00e8ge vegan, compact et pratique. 4 pochettes cartes, design minimaliste et fabrication artisanale au Portugal. \u00c9l\u00e9gant et durable.\",\"breadcrumb\":{\"@id\":\"https:\\\/\\\/latelierduliege.com\\\/collection\\\/mens-rfid-blocking-cork-card-wallets-bag-2277\\\/#breadcrumb\"},\"inLanguage\":\"it-IT\",\"potentialAction\":[{\"@type\":\"ReadAction\",\"target\":[\"https:\\\/\\\/latelierduliege.com\\\/collection\\\/mens-rfid-blocking-cork-card-wallets-bag-2277\\\/\"]}]},{\"@type\":\"ImageObject\",\"inLanguage\":\"it-IT\",\"@id\":\"https:\\\/\\\/latelierduliege.com\\\/collection\\\/mens-rfid-blocking-cork-card-wallets-bag-2277\\\/#primaryimage\",\"url\":\"https:\\\/\\\/latelierduliege.com\\\/wp-content\\\/uploads\\\/2024\\\/07\\\/ZXW03886.jpg\",\"contentUrl\":\"https:\\\/\\\/latelierduliege.com\\\/wp-content\\\/uploads\\\/2024\\\/07\\\/ZXW03886.jpg\",\"width\":1200,\"height\":1200},{\"@type\":\"BreadcrumbList\",\"@id\":\"https:\\\/\\\/latelierduliege.com\\\/collection\\\/mens-rfid-blocking-cork-card-wallets-bag-2277\\\/#breadcrumb\",\"itemListElement\":[{\"@type\":\"ListItem\",\"position\":1,\"name\":\"Home\",\"item\":\"https:\\\/\\\/latelierduliege.com\\\/\"},{\"@type\":\"ListItem\",\"position\":2,\"name\":\"Boutique\",\"item\":\"https:\\\/\\\/latelierduliege.com\\\/boutique-liege\\\/\"},{\"@type\":\"ListItem\",\"position\":3,\"name\":\"Portefeuille en li\u00e8ge \u00ab Coimbra \u00bb pour homme \u2013 VEGAN, compact et minimaliste\"}]},{\"@type\":\"WebSite\",\"@id\":\"https:\\\/\\\/latelierduliege.com\\\/#website\",\"url\":\"https:\\\/\\\/latelierduliege.com\\\/\",\"name\":\"L'Atelier du Li\u00e8ge\",\"description\":\"Ecoresponsable par nature\",\"potentialAction\":[{\"@type\":\"SearchAction\",\"target\":{\"@type\":\"EntryPoint\",\"urlTemplate\":\"https:\\\/\\\/latelierduliege.com\\\/?s={search_term_string}\"},\"query-input\":{\"@type\":\"PropertyValueSpecification\",\"valueRequired\":true,\"valueName\":\"search_term_string\"}}],\"inLanguage\":\"it-IT\"}]}<\/script>\n<!-- \/ Yoast SEO plugin. -->","yoast_head_json":{"title":"Portefeuille en li\u00e8ge vegan \u2013 Compact et \u00e9l\u00e9gant - L&#039;Atelier du Li\u00e8ge","description":"Portefeuille en li\u00e8ge vegan, compact et pratique. 4 pochettes cartes, design minimaliste et fabrication artisanale au Portugal. \u00c9l\u00e9gant et durable.","robots":{"index":"index","follow":"follow","max-snippet":"max-snippet:-1","max-image-preview":"max-image-preview:large","max-video-preview":"max-video-preview:-1"},"canonical":"https:\/\/latelierduliege.com\/it\/collection\/mens-rfid-blocking-cork-card-wallets-bag-2277\/","og_locale":"it_IT","og_type":"article","og_title":"Portefeuille en li\u00e8ge vegan \u2013 Compact et \u00e9l\u00e9gant - L&#039;Atelier du Li\u00e8ge","og_description":"Portefeuille en li\u00e8ge vegan, compact et pratique. 4 pochettes cartes, design minimaliste et fabrication artisanale au Portugal. \u00c9l\u00e9gant et durable.","og_url":"https:\/\/latelierduliege.com\/it\/collection\/mens-rfid-blocking-cork-card-wallets-bag-2277\/","og_site_name":"L&#039;Atelier du Li\u00e8ge","article_publisher":"https:\/\/www.facebook.com","article_modified_time":"2026-04-15T08:57:08+00:00","og_image":[{"width":1200,"height":1200,"url":"https:\/\/latelierduliege.com\/wp-content\/uploads\/2024\/07\/ZXW03886.jpg","type":"image\/jpeg"}],"twitter_card":"summary_large_image","twitter_misc":{"Tempo di lettura stimato":"2 minuti"},"schema":{"@context":"https:\/\/schema.org","@graph":[{"@type":"WebPage","@id":"https:\/\/latelierduliege.com\/collection\/mens-rfid-blocking-cork-card-wallets-bag-2277\/","url":"https:\/\/latelierduliege.com\/collection\/mens-rfid-blocking-cork-card-wallets-bag-2277\/","name":"Portefeuille en li\u00e8ge vegan \u2013 Compact et \u00e9l\u00e9gant - L&#039;Atelier du Li\u00e8ge","isPartOf":{"@id":"https:\/\/latelierduliege.com\/#website"},"primaryImageOfPage":{"@id":"https:\/\/latelierduliege.com\/collection\/mens-rfid-blocking-cork-card-wallets-bag-2277\/#primaryimage"},"image":{"@id":"https:\/\/latelierduliege.com\/collection\/mens-rfid-blocking-cork-card-wallets-bag-2277\/#primaryimage"},"thumbnailUrl":"https:\/\/latelierduliege.com\/wp-content\/uploads\/2024\/07\/ZXW03886.jpg","datePublished":"2024-07-06T16:09:06+00:00","dateModified":"2026-04-15T08:57:08+00:00","description":"Portefeuille en li\u00e8ge vegan, compact et pratique. 4 pochettes cartes, design minimaliste et fabrication artisanale au Portugal. \u00c9l\u00e9gant et durable.","breadcrumb":{"@id":"https:\/\/latelierduliege.com\/collection\/mens-rfid-blocking-cork-card-wallets-bag-2277\/#breadcrumb"},"inLanguage":"it-IT","potentialAction":[{"@type":"ReadAction","target":["https:\/\/latelierduliege.com\/collection\/mens-rfid-blocking-cork-card-wallets-bag-2277\/"]}]},{"@type":"ImageObject","inLanguage":"it-IT","@id":"https:\/\/latelierduliege.com\/collection\/mens-rfid-blocking-cork-card-wallets-bag-2277\/#primaryimage","url":"https:\/\/latelierduliege.com\/wp-content\/uploads\/2024\/07\/ZXW03886.jpg","contentUrl":"https:\/\/latelierduliege.com\/wp-content\/uploads\/2024\/07\/ZXW03886.jpg","width":1200,"height":1200},{"@type":"BreadcrumbList","@id":"https:\/\/latelierduliege.com\/collection\/mens-rfid-blocking-cork-card-wallets-bag-2277\/#breadcrumb","itemListElement":[{"@type":"ListItem","position":1,"name":"Home","item":"https:\/\/latelierduliege.com\/"},{"@type":"ListItem","position":2,"name":"Boutique","item":"https:\/\/latelierduliege.com\/boutique-liege\/"},{"@type":"ListItem","position":3,"name":"Portefeuille en li\u00e8ge \u00ab Coimbra \u00bb pour homme \u2013 VEGAN, compact et minimaliste"}]},{"@type":"WebSite","@id":"https:\/\/latelierduliege.com\/#website","url":"https:\/\/latelierduliege.com\/","name":"L'Atelier du Li\u00e8ge","description":"Ecoresponsable par nature","potentialAction":[{"@type":"SearchAction","target":{"@type":"EntryPoint","urlTemplate":"https:\/\/latelierduliege.com\/?s={search_term_string}"},"query-input":{"@type":"PropertyValueSpecification","valueRequired":true,"valueName":"search_term_string"}}],"inLanguage":"it-IT"}]}},"brands":[{"id":267,"name":"L'Atelier du Li\u00e8ge","slug":"atelier-du-liege"}],"_links":{"self":[{"href":"https:\/\/latelierduliege.com\/it\/wp-json\/wp\/v2\/product\/10562","targetHints":{"allow":["GET"]}}],"collection":[{"href":"https:\/\/latelierduliege.com\/it\/wp-json\/wp\/v2\/product"}],"about":[{"href":"https:\/\/latelierduliege.com\/it\/wp-json\/wp\/v2\/types\/product"}],"replies":[{"embeddable":true,"href":"https:\/\/latelierduliege.com\/it\/wp-json\/wp\/v2\/comments?post=10562"}],"wp:featuredmedia":[{"embeddable":true,"href":"https:\/\/latelierduliege.com\/it\/wp-json\/wp\/v2\/media\/10549"}],"wp:attachment":[{"href":"https:\/\/latelierduliege.com\/it\/wp-json\/wp\/v2\/media?parent=10562"}],"wp:term":[{"taxonomy":"pwb-brand","embeddable":true,"href":"https:\/\/latelierduliege.com\/it\/wp-json\/wp\/v2\/pwb-brand?post=10562"},{"taxonomy":"product_brand","embeddable":true,"href":"https:\/\/latelierduliege.com\/it\/wp-json\/wp\/v2\/product_brand?post=10562"},{"taxonomy":"product_cat","embeddable":true,"href":"https:\/\/latelierduliege.com\/it\/wp-json\/wp\/v2\/product_cat?post=10562"},{"taxonomy":"product_tag","embeddable":true,"href":"https:\/\/latelierduliege.com\/it\/wp-json\/wp\/v2\/product_tag?post=10562"}],"curies":[{"name":"wp","href":"https:\/\/api.w.org\/{rel}","templated":true}]}}