{"id":10585,"date":"2024-07-06T17:03:50","date_gmt":"2024-07-06T17:03:50","guid":{"rendered":"https:\/\/latelierduliege.com\/collection\/mens-cork-and-canvas-fusion-laptop-commuter-backpack-bag-2286\/"},"modified":"2026-04-15T10:56:51","modified_gmt":"2026-04-15T08:56:51","slug":"sac-a-dos-liege-homme-goncalo","status":"publish","type":"product","link":"https:\/\/latelierduliege.com\/it\/collection\/sac-a-dos-liege-homme-goncalo\/","title":{"rendered":"Sac \u00e0 dos en li\u00e8ge \u00ab Gon\u00e7alo \u00bb \u2013 Urbain, spacieux et \u00e9coresponsable"},"content":{"rendered":"<p>Partez \u00e0 la conqu\u00eate de la ville avec notre sac \u00e0 dos VEGAN en li\u00e8ge et toile <strong>Gon\u00e7alo<\/strong>. Il est con\u00e7u pour r\u00e9pondre aux besoins des aventuriers urbains tout en restant respectueux de l\u2019environnement. Parfait pour transporter votre ordinateur portable et vos essentiels quotidiens, il allie style moderne, praticit\u00e9 et durabilit\u00e9.<\/p>\n<p>Fabriqu\u00e9 \u00e0 partir d\u2019un m\u00e9lange de <strong>li\u00e8ge naturel<\/strong> et de <strong>toile 100 % coton<\/strong>, ce sac est disponible en trois teintes \u00e9l\u00e9gantes : <strong>noir<\/strong>, <strong>gris<\/strong> et <strong>vert<\/strong>. Gr\u00e2ce \u00e0 son design spacieux et sa construction robuste, il vous accompagne dans tous vos trajets quotidiens. De plus, il refl\u00e8te vos convictions \u00e9coresponsables.<\/p>\n<h3><strong>Caratteristiche :<\/strong> :<\/h3>\n<ul>\n<li><strong>R\u00e9sistant et durable<\/strong> : Gr\u00e2ce \u00e0 ses fermetures \u00e9clair solides et \u00e0 ses d\u00e9tails en m\u00e9tal bross\u00e9, ce sac est con\u00e7u pour r\u00e9sister \u00e0 l\u2019usure quotidienne.<\/li>\n<li><strong>Design spacieux<\/strong> : Id\u00e9al pour ranger un ordinateur portable, des documents, une bouteille d\u2019eau et d\u2019autres essentiels.<\/li>\n<li><strong>\u00c9coresponsable<\/strong> : Fabriqu\u00e9 \u00e0 la main au Portugal avec des mat\u00e9riaux renouvelables, chaque sac refl\u00e8te l\u2019expertise de nos artisans.<\/li>\n<li><strong>Confort au quotidien<\/strong> : Ses bretelles r\u00e9glables et matelass\u00e9es assurent un port confortable tout au long de la journ\u00e9e.<\/li>\n<\/ul>\n<h3><strong>Mat\u00e9riaux<\/strong> :<\/h3>\n<ul>\n<li>Li\u00e8ge naturel<\/li>\n<li>Toile 100 % coton<\/li>\n<\/ul>\n<h3><strong>Couleurs disponibles<\/strong> :<\/h3>\n<ul>\n<li>Noir<\/li>\n<li>Gris<\/li>\n<li>Vert<\/li>\n<\/ul>\n<p>Avec le sac \u00e0 dos <strong>Gon\u00e7alo<\/strong>, vous adoptez un accessoire \u00e0 la fois \u00e9l\u00e9gant et pratique. De plus, il montre votre engagement pour un mode de vie durable. Que ce soit pour le travail ou vos aventures urbaines, il sera votre compagnon id\u00e9al.<\/p>\n<p>Tous nos produits sont con\u00e7us avec du li\u00e8ge enti\u00e8rement naturel et fabriqu\u00e9s \u00e0 la main. Chaque pi\u00e8ce est unique et peut pr\u00e9senter quelques imperfections. Cela ajoute une touche d\u2019authenticit\u00e9 et de charme \u00e0 nos cr\u00e9ations.<\/p>","protected":false},"excerpt":{"rendered":"<p>Explorez la ville avec le sac \u00e0 dos en li\u00e8ge et toile <strong>Gon\u00e7alo<\/strong>, con\u00e7u pour les hommes modernes. Robuste, fonctionnel et styl\u00e9, il est parfait pour vos trajets quotidiens et vos aventures urbaines.<\/p>\n<p><img loading=\"lazy\" decoding=\"async\" class=\"alignnone size-large wp-image-76\" src=\"https:\/\/latelierduliege.com\/wp-content\/uploads\/2026\/03\/Vantaggi-del-sughero-in-5-punti-2.png\" alt=\"\" width=\"1020\" height=\"682\" srcset=\"https:\/\/latelierduliege.com\/wp-content\/uploads\/2026\/03\/Vantaggi-del-sughero-in-5-punti-2.png 1536w, https:\/\/latelierduliege.com\/wp-content\/uploads\/2026\/03\/Vantaggi-del-sughero-in-5-punti-2-300x200.png 300w, https:\/\/latelierduliege.com\/wp-content\/uploads\/2026\/03\/Vantaggi-del-sughero-in-5-punti-2-1024x683.png 1024w, https:\/\/latelierduliege.com\/wp-content\/uploads\/2026\/03\/Vantaggi-del-sughero-in-5-punti-2-768x512.png 768w, https:\/\/latelierduliege.com\/wp-content\/uploads\/2026\/03\/Vantaggi-del-sughero-in-5-punti-2-18x12.png 18w, https:\/\/latelierduliege.com\/wp-content\/uploads\/2026\/03\/Vantaggi-del-sughero-in-5-punti-2-510x340.png 510w\" sizes=\"auto, (max-width: 1020px) 100vw, 1020px\" \/><\/p>","protected":false},"featured_media":10571,"comment_status":"open","ping_status":"closed","template":"","meta":[],"pwb-brand":[267],"product_brand":[],"product_cat":[481,192,620],"product_tag":[640],"class_list":{"0":"post-10585","1":"product","2":"type-product","3":"status-publish","4":"has-post-thumbnail","6":"pwb-brand-atelier-du-liege","7":"product_cat-promotions-liege","8":"product_cat-sacs-a-dos","9":"product_cat-sacs-liege","10":"product_tag-femme","12":"first","13":"instock","14":"shipping-taxable","15":"purchasable","16":"product-type-variable"},"yoast_head":"<!-- This site is optimized with the Yoast SEO plugin v27.3 - https:\/\/yoast.com\/product\/yoast-seo-wordpress\/ -->\n<title>Sac \u00e0 dos en li\u00e8ge vegan \u2013 Spacieux et r\u00e9sistant- L&#039;Atelier du Li\u00e8ge<\/title>\n<meta name=\"description\" content=\"Sac \u00e0 dos Gon\u00e7alo en li\u00e8ge et toile : robuste, fonctionnel et parfait pour vos aventures urbaines. Id\u00e9al pour les trajets quotidiens et professionnels.\" \/>\n<meta name=\"robots\" content=\"index, follow, max-snippet:-1, max-image-preview:large, max-video-preview:-1\" \/>\n<link rel=\"canonical\" href=\"https:\/\/latelierduliege.com\/it\/collection\/sac-a-dos-liege-homme-goncalo\/\" \/>\n<meta property=\"og:locale\" content=\"it_IT\" \/>\n<meta property=\"og:type\" content=\"article\" \/>\n<meta property=\"og:title\" content=\"Sac \u00e0 dos en li\u00e8ge vegan \u2013 Spacieux et r\u00e9sistant- L&#039;Atelier du Li\u00e8ge\" \/>\n<meta property=\"og:description\" content=\"Sac \u00e0 dos Gon\u00e7alo en li\u00e8ge et toile : robuste, fonctionnel et parfait pour vos aventures urbaines. Id\u00e9al pour les trajets quotidiens et professionnels.\" \/>\n<meta property=\"og:url\" content=\"https:\/\/latelierduliege.com\/it\/collection\/sac-a-dos-liege-homme-goncalo\/\" \/>\n<meta property=\"og:site_name\" content=\"L&#039;Atelier du Li\u00e8ge\" \/>\n<meta property=\"article:publisher\" content=\"https:\/\/www.facebook.com\" \/>\n<meta property=\"article:modified_time\" content=\"2026-04-15T08:56:51+00:00\" \/>\n<meta property=\"og:image\" content=\"https:\/\/latelierduliege.com\/wp-content\/uploads\/2024\/07\/swa_47c1ca3c-9af4-425f-b4f3-85c3574f9624.jpg\" \/>\n\t<meta property=\"og:image:width\" content=\"1200\" \/>\n\t<meta property=\"og:image:height\" content=\"1200\" \/>\n\t<meta property=\"og:image:type\" content=\"image\/jpeg\" \/>\n<meta name=\"twitter:card\" content=\"summary_large_image\" \/>\n<meta name=\"twitter:label1\" content=\"Tempo di lettura stimato\" \/>\n\t<meta name=\"twitter:data1\" content=\"2 minuti\" \/>\n<script type=\"application\/ld+json\" class=\"yoast-schema-graph\">{\"@context\":\"https:\\\/\\\/schema.org\",\"@graph\":[{\"@type\":\"WebPage\",\"@id\":\"https:\\\/\\\/latelierduliege.com\\\/collection\\\/sac-a-dos-liege-homme-goncalo\\\/\",\"url\":\"https:\\\/\\\/latelierduliege.com\\\/collection\\\/sac-a-dos-liege-homme-goncalo\\\/\",\"name\":\"Sac \u00e0 dos en li\u00e8ge vegan \u2013 Spacieux et r\u00e9sistant- L&#039;Atelier du Li\u00e8ge\",\"isPartOf\":{\"@id\":\"https:\\\/\\\/latelierduliege.com\\\/#website\"},\"primaryImageOfPage\":{\"@id\":\"https:\\\/\\\/latelierduliege.com\\\/collection\\\/sac-a-dos-liege-homme-goncalo\\\/#primaryimage\"},\"image\":{\"@id\":\"https:\\\/\\\/latelierduliege.com\\\/collection\\\/sac-a-dos-liege-homme-goncalo\\\/#primaryimage\"},\"thumbnailUrl\":\"https:\\\/\\\/latelierduliege.com\\\/wp-content\\\/uploads\\\/2024\\\/07\\\/swa_47c1ca3c-9af4-425f-b4f3-85c3574f9624.jpg\",\"datePublished\":\"2024-07-06T17:03:50+00:00\",\"dateModified\":\"2026-04-15T08:56:51+00:00\",\"description\":\"Sac \u00e0 dos Gon\u00e7alo en li\u00e8ge et toile : robuste, fonctionnel et parfait pour vos aventures urbaines. Id\u00e9al pour les trajets quotidiens et professionnels.\",\"breadcrumb\":{\"@id\":\"https:\\\/\\\/latelierduliege.com\\\/collection\\\/sac-a-dos-liege-homme-goncalo\\\/#breadcrumb\"},\"inLanguage\":\"it-IT\",\"potentialAction\":[{\"@type\":\"ReadAction\",\"target\":[\"https:\\\/\\\/latelierduliege.com\\\/collection\\\/sac-a-dos-liege-homme-goncalo\\\/\"]}]},{\"@type\":\"ImageObject\",\"inLanguage\":\"it-IT\",\"@id\":\"https:\\\/\\\/latelierduliege.com\\\/collection\\\/sac-a-dos-liege-homme-goncalo\\\/#primaryimage\",\"url\":\"https:\\\/\\\/latelierduliege.com\\\/wp-content\\\/uploads\\\/2024\\\/07\\\/swa_47c1ca3c-9af4-425f-b4f3-85c3574f9624.jpg\",\"contentUrl\":\"https:\\\/\\\/latelierduliege.com\\\/wp-content\\\/uploads\\\/2024\\\/07\\\/swa_47c1ca3c-9af4-425f-b4f3-85c3574f9624.jpg\",\"width\":1200,\"height\":1200},{\"@type\":\"BreadcrumbList\",\"@id\":\"https:\\\/\\\/latelierduliege.com\\\/collection\\\/sac-a-dos-liege-homme-goncalo\\\/#breadcrumb\",\"itemListElement\":[{\"@type\":\"ListItem\",\"position\":1,\"name\":\"Home\",\"item\":\"https:\\\/\\\/latelierduliege.com\\\/\"},{\"@type\":\"ListItem\",\"position\":2,\"name\":\"Boutique\",\"item\":\"https:\\\/\\\/latelierduliege.com\\\/boutique-liege\\\/\"},{\"@type\":\"ListItem\",\"position\":3,\"name\":\"Sac \u00e0 dos en li\u00e8ge \u00ab Gon\u00e7alo \u00bb \u2013 Urbain, spacieux et \u00e9coresponsable\"}]},{\"@type\":\"WebSite\",\"@id\":\"https:\\\/\\\/latelierduliege.com\\\/#website\",\"url\":\"https:\\\/\\\/latelierduliege.com\\\/\",\"name\":\"L'Atelier du Li\u00e8ge\",\"description\":\"Ecoresponsable par nature\",\"potentialAction\":[{\"@type\":\"SearchAction\",\"target\":{\"@type\":\"EntryPoint\",\"urlTemplate\":\"https:\\\/\\\/latelierduliege.com\\\/?s={search_term_string}\"},\"query-input\":{\"@type\":\"PropertyValueSpecification\",\"valueRequired\":true,\"valueName\":\"search_term_string\"}}],\"inLanguage\":\"it-IT\"}]}<\/script>\n<!-- \/ Yoast SEO plugin. -->","yoast_head_json":{"title":"Sac \u00e0 dos en li\u00e8ge vegan \u2013 Spacieux et r\u00e9sistant- L&#039;Atelier du Li\u00e8ge","description":"Sac \u00e0 dos Gon\u00e7alo en li\u00e8ge et toile : robuste, fonctionnel et parfait pour vos aventures urbaines. Id\u00e9al pour les trajets quotidiens et professionnels.","robots":{"index":"index","follow":"follow","max-snippet":"max-snippet:-1","max-image-preview":"max-image-preview:large","max-video-preview":"max-video-preview:-1"},"canonical":"https:\/\/latelierduliege.com\/it\/collection\/sac-a-dos-liege-homme-goncalo\/","og_locale":"it_IT","og_type":"article","og_title":"Sac \u00e0 dos en li\u00e8ge vegan \u2013 Spacieux et r\u00e9sistant- L&#039;Atelier du Li\u00e8ge","og_description":"Sac \u00e0 dos Gon\u00e7alo en li\u00e8ge et toile : robuste, fonctionnel et parfait pour vos aventures urbaines. Id\u00e9al pour les trajets quotidiens et professionnels.","og_url":"https:\/\/latelierduliege.com\/it\/collection\/sac-a-dos-liege-homme-goncalo\/","og_site_name":"L&#039;Atelier du Li\u00e8ge","article_publisher":"https:\/\/www.facebook.com","article_modified_time":"2026-04-15T08:56:51+00:00","og_image":[{"width":1200,"height":1200,"url":"https:\/\/latelierduliege.com\/wp-content\/uploads\/2024\/07\/swa_47c1ca3c-9af4-425f-b4f3-85c3574f9624.jpg","type":"image\/jpeg"}],"twitter_card":"summary_large_image","twitter_misc":{"Tempo di lettura stimato":"2 minuti"},"schema":{"@context":"https:\/\/schema.org","@graph":[{"@type":"WebPage","@id":"https:\/\/latelierduliege.com\/collection\/sac-a-dos-liege-homme-goncalo\/","url":"https:\/\/latelierduliege.com\/collection\/sac-a-dos-liege-homme-goncalo\/","name":"Sac \u00e0 dos en li\u00e8ge vegan \u2013 Spacieux et r\u00e9sistant- L&#039;Atelier du Li\u00e8ge","isPartOf":{"@id":"https:\/\/latelierduliege.com\/#website"},"primaryImageOfPage":{"@id":"https:\/\/latelierduliege.com\/collection\/sac-a-dos-liege-homme-goncalo\/#primaryimage"},"image":{"@id":"https:\/\/latelierduliege.com\/collection\/sac-a-dos-liege-homme-goncalo\/#primaryimage"},"thumbnailUrl":"https:\/\/latelierduliege.com\/wp-content\/uploads\/2024\/07\/swa_47c1ca3c-9af4-425f-b4f3-85c3574f9624.jpg","datePublished":"2024-07-06T17:03:50+00:00","dateModified":"2026-04-15T08:56:51+00:00","description":"Sac \u00e0 dos Gon\u00e7alo en li\u00e8ge et toile : robuste, fonctionnel et parfait pour vos aventures urbaines. Id\u00e9al pour les trajets quotidiens et professionnels.","breadcrumb":{"@id":"https:\/\/latelierduliege.com\/collection\/sac-a-dos-liege-homme-goncalo\/#breadcrumb"},"inLanguage":"it-IT","potentialAction":[{"@type":"ReadAction","target":["https:\/\/latelierduliege.com\/collection\/sac-a-dos-liege-homme-goncalo\/"]}]},{"@type":"ImageObject","inLanguage":"it-IT","@id":"https:\/\/latelierduliege.com\/collection\/sac-a-dos-liege-homme-goncalo\/#primaryimage","url":"https:\/\/latelierduliege.com\/wp-content\/uploads\/2024\/07\/swa_47c1ca3c-9af4-425f-b4f3-85c3574f9624.jpg","contentUrl":"https:\/\/latelierduliege.com\/wp-content\/uploads\/2024\/07\/swa_47c1ca3c-9af4-425f-b4f3-85c3574f9624.jpg","width":1200,"height":1200},{"@type":"BreadcrumbList","@id":"https:\/\/latelierduliege.com\/collection\/sac-a-dos-liege-homme-goncalo\/#breadcrumb","itemListElement":[{"@type":"ListItem","position":1,"name":"Home","item":"https:\/\/latelierduliege.com\/"},{"@type":"ListItem","position":2,"name":"Boutique","item":"https:\/\/latelierduliege.com\/boutique-liege\/"},{"@type":"ListItem","position":3,"name":"Sac \u00e0 dos en li\u00e8ge \u00ab Gon\u00e7alo \u00bb \u2013 Urbain, spacieux et \u00e9coresponsable"}]},{"@type":"WebSite","@id":"https:\/\/latelierduliege.com\/#website","url":"https:\/\/latelierduliege.com\/","name":"L'Atelier du Li\u00e8ge","description":"Ecoresponsable par nature","potentialAction":[{"@type":"SearchAction","target":{"@type":"EntryPoint","urlTemplate":"https:\/\/latelierduliege.com\/?s={search_term_string}"},"query-input":{"@type":"PropertyValueSpecification","valueRequired":true,"valueName":"search_term_string"}}],"inLanguage":"it-IT"}]}},"brands":[{"id":267,"name":"L'Atelier du Li\u00e8ge","slug":"atelier-du-liege"}],"_links":{"self":[{"href":"https:\/\/latelierduliege.com\/it\/wp-json\/wp\/v2\/product\/10585","targetHints":{"allow":["GET"]}}],"collection":[{"href":"https:\/\/latelierduliege.com\/it\/wp-json\/wp\/v2\/product"}],"about":[{"href":"https:\/\/latelierduliege.com\/it\/wp-json\/wp\/v2\/types\/product"}],"replies":[{"embeddable":true,"href":"https:\/\/latelierduliege.com\/it\/wp-json\/wp\/v2\/comments?post=10585"}],"wp:featuredmedia":[{"embeddable":true,"href":"https:\/\/latelierduliege.com\/it\/wp-json\/wp\/v2\/media\/10571"}],"wp:attachment":[{"href":"https:\/\/latelierduliege.com\/it\/wp-json\/wp\/v2\/media?parent=10585"}],"wp:term":[{"taxonomy":"pwb-brand","embeddable":true,"href":"https:\/\/latelierduliege.com\/it\/wp-json\/wp\/v2\/pwb-brand?post=10585"},{"taxonomy":"product_brand","embeddable":true,"href":"https:\/\/latelierduliege.com\/it\/wp-json\/wp\/v2\/product_brand?post=10585"},{"taxonomy":"product_cat","embeddable":true,"href":"https:\/\/latelierduliege.com\/it\/wp-json\/wp\/v2\/product_cat?post=10585"},{"taxonomy":"product_tag","embeddable":true,"href":"https:\/\/latelierduliege.com\/it\/wp-json\/wp\/v2\/product_tag?post=10585"}],"curies":[{"name":"wp","href":"https:\/\/api.w.org\/{rel}","templated":true}]}}