{"id":10629,"date":"2024-07-08T15:48:37","date_gmt":"2024-07-08T15:48:37","guid":{"rendered":"https:\/\/latelierduliege.com\/collection\/cork-and-canvas-fusion-laptop-commuter-backpack-for-laptops-up-to-15-inches-bag-2287\/"},"modified":"2026-04-07T16:57:38","modified_gmt":"2026-04-07T14:57:38","slug":"sac-a-dos-liege-coton-lagos","status":"publish","type":"product","link":"https:\/\/latelierduliege.com\/it\/collection\/sac-a-dos-liege-coton-lagos\/","title":{"rendered":"Sac \u00e0 dos en li\u00e8ge \u00ab Lagos \u00bb \u2013 Urbain, spacieux et \u00e9coresponsable"},"content":{"rendered":"<p>Partez \u00e0 l\u2019aventure avec le sac \u00e0 dos VEGAN en li\u00e8ge et toile de coton <strong>Lagos<\/strong>, parfait pour les amateurs de style urbain et d\u2019\u00e9cologie. Disponible en noir, gris et vert, ce sac \u00e0 dos offre une combinaison unique de praticit\u00e9, de durabilit\u00e9 et d\u2019\u00e9l\u00e9gance. Il est id\u00e9al pour transporter votre ordinateur portable, vos livres et autres essentiels quotidiens.<\/p>\n<p>Fabriqu\u00e9 \u00e0 partir de mat\u00e9riaux naturels comme le li\u00e8ge et le coton, ce sac est une excellente alternative au cuir animal. De plus, il refl\u00e8te un savoir-faire artisanal transmis depuis plus d\u2019une d\u00e9cennie. Gr\u00e2ce \u00e0 ses caract\u00e9ristiques innovantes, il est con\u00e7u pour vous accompagner dans tous vos trajets, qu\u2019ils soient professionnels ou personnels.<\/p>\n<h3><strong>Caratteristiche principali :<\/strong><\/h3>\n<ul>\n<li><strong>Conception spacieuse<\/strong> : Un int\u00e9rieur g\u00e9n\u00e9reux qui peut accueillir un ordinateur portable jusqu\u2019\u00e0 15 pouces ainsi que d\u2019autres indispensables.<\/li>\n<li><strong>Organisation optimale<\/strong> : Des poches int\u00e9rieures et ext\u00e9rieures, dont une poche zipp\u00e9e pour s\u00e9curiser vos objets de valeur.<\/li>\n<li><strong>Confort ergonomique<\/strong> : Bretelles ajustables et rembourr\u00e9es, avec un dos matelass\u00e9 pour un port confortable toute la journ\u00e9e.<\/li>\n<li><strong>Mat\u00e9riaux durables<\/strong> : Le li\u00e8ge naturel est non seulement respectueux de l\u2019environnement, mais aussi r\u00e9sistant \u00e0 l\u2019eau et facile \u00e0 entretenir.<\/li>\n<\/ul>\n<h3><strong>Dimensioni :<\/strong><\/h3>\n<ul>\n<li>Longueur : 30 cm (11,8 pouces)<\/li>\n<li>Largeur : 5 cm (2 pouces)<\/li>\n<li>Hauteur : 35 cm (13,8 pouces)<\/li>\n<\/ul>\n<p>Fabriqu\u00e9 \u00e0 la main dans nos ateliers au Portugal, chaque sac est unique gr\u00e2ce \u00e0 l\u2019expertise de nos artisans. En portant le sac <strong>Lagos<\/strong>, vous montrez votre engagement envers un mode de vie \u00e9coresponsable, tout en adoptant un style moderne et pratique. Il est le compagnon id\u00e9al pour explorer la ville ou relever les d\u00e9fis de votre quotidien.<\/p>","protected":false},"excerpt":{"rendered":"<p>Ce sac \u00e0 dos VEGAN en li\u00e8ge et toile de coton <strong>Lagos<\/strong> est id\u00e9al pour vos aventures urbaines. Disponible en noir, gris et vert, il combine praticit\u00e9, durabilit\u00e9 et style. Fabriqu\u00e9 \u00e0 la main au Portugal, il refl\u00e8te plus d\u2019une d\u00e9cennie de savoir-faire artisanal. Gr\u00e2ce \u00e0 son design moderne et \u00e9cologique, il est la meilleure alternative au cuir animal. De plus, il vous permet d\u2019afficher fi\u00e8rement vos convictions \u00e9coresponsables tout en explorant la ville.<\/p>\n<p>&nbsp;<\/p>\n<p><img loading=\"lazy\" decoding=\"async\" class=\"alignnone size-large wp-image-76\" src=\"https:\/\/latelierduliege.com\/wp-content\/uploads\/2026\/03\/Vantaggi-del-sughero-in-5-punti-2.png\" alt=\"\" width=\"1020\" height=\"682\" srcset=\"https:\/\/latelierduliege.com\/wp-content\/uploads\/2026\/03\/Vantaggi-del-sughero-in-5-punti-2.png 1536w, https:\/\/latelierduliege.com\/wp-content\/uploads\/2026\/03\/Vantaggi-del-sughero-in-5-punti-2-300x200.png 300w, https:\/\/latelierduliege.com\/wp-content\/uploads\/2026\/03\/Vantaggi-del-sughero-in-5-punti-2-1024x683.png 1024w, https:\/\/latelierduliege.com\/wp-content\/uploads\/2026\/03\/Vantaggi-del-sughero-in-5-punti-2-768x512.png 768w, https:\/\/latelierduliege.com\/wp-content\/uploads\/2026\/03\/Vantaggi-del-sughero-in-5-punti-2-18x12.png 18w, https:\/\/latelierduliege.com\/wp-content\/uploads\/2026\/03\/Vantaggi-del-sughero-in-5-punti-2-510x340.png 510w\" sizes=\"auto, (max-width: 1020px) 100vw, 1020px\" \/><\/p>","protected":false},"featured_media":10632,"comment_status":"open","ping_status":"closed","template":"","meta":[],"pwb-brand":[267],"product_brand":[],"product_cat":[553,192,620],"product_tag":[640],"class_list":{"0":"post-10629","1":"product","2":"type-product","3":"status-publish","4":"has-post-thumbnail","6":"pwb-brand-atelier-du-liege","7":"product_cat-nouveautes-accessoires-liege","8":"product_cat-sacs-a-dos","9":"product_cat-sacs-liege","10":"product_tag-femme","12":"first","13":"instock","14":"shipping-taxable","15":"purchasable","16":"product-type-variable"},"yoast_head":"<!-- This site is optimized with the Yoast SEO plugin v27.3 - https:\/\/yoast.com\/product\/yoast-seo-wordpress\/ -->\n<title>Sac \u00e0 dos en li\u00e8ge vegan \u2013 Pratique et \u00e9l\u00e9gant - L&#039;Atelier du Li\u00e8ge<\/title>\n<meta name=\"description\" content=\"Sac \u00e0 dos en li\u00e8ge vegan, id\u00e9al pour ordinateur 15&quot;. Bretelles rembourr\u00e9es, poches zipp\u00e9es et fabrication artisanale. \u00c9l\u00e9gant et durable.\" \/>\n<meta name=\"robots\" content=\"index, follow, max-snippet:-1, max-image-preview:large, max-video-preview:-1\" \/>\n<link rel=\"canonical\" href=\"https:\/\/latelierduliege.com\/it\/collection\/sac-a-dos-liege-coton-lagos\/\" \/>\n<meta property=\"og:locale\" content=\"it_IT\" \/>\n<meta property=\"og:type\" content=\"article\" \/>\n<meta property=\"og:title\" content=\"Sac \u00e0 dos en li\u00e8ge vegan \u2013 Pratique et \u00e9l\u00e9gant - L&#039;Atelier du Li\u00e8ge\" \/>\n<meta property=\"og:description\" content=\"Sac \u00e0 dos en li\u00e8ge vegan, id\u00e9al pour ordinateur 15&quot;. Bretelles rembourr\u00e9es, poches zipp\u00e9es et fabrication artisanale. \u00c9l\u00e9gant et durable.\" \/>\n<meta property=\"og:url\" content=\"https:\/\/latelierduliege.com\/it\/collection\/sac-a-dos-liege-coton-lagos\/\" \/>\n<meta property=\"og:site_name\" content=\"L&#039;Atelier du Li\u00e8ge\" \/>\n<meta property=\"article:publisher\" content=\"https:\/\/www.facebook.com\" \/>\n<meta property=\"article:modified_time\" content=\"2026-04-07T14:57:38+00:00\" \/>\n<meta property=\"og:image\" content=\"https:\/\/latelierduliege.com\/wp-content\/uploads\/2024\/07\/B_656719e6-ad3f-4f22-b37f-90d527744025-1.jpg\" \/>\n\t<meta property=\"og:image:width\" content=\"1200\" \/>\n\t<meta property=\"og:image:height\" content=\"1200\" \/>\n\t<meta property=\"og:image:type\" content=\"image\/jpeg\" \/>\n<meta name=\"twitter:card\" content=\"summary_large_image\" \/>\n<meta name=\"twitter:label1\" content=\"Tempo di lettura stimato\" \/>\n\t<meta name=\"twitter:data1\" content=\"2 minuti\" \/>\n<script type=\"application\/ld+json\" class=\"yoast-schema-graph\">{\"@context\":\"https:\\\/\\\/schema.org\",\"@graph\":[{\"@type\":\"WebPage\",\"@id\":\"https:\\\/\\\/latelierduliege.com\\\/collection\\\/sac-a-dos-liege-coton-lagos\\\/\",\"url\":\"https:\\\/\\\/latelierduliege.com\\\/collection\\\/sac-a-dos-liege-coton-lagos\\\/\",\"name\":\"Sac \u00e0 dos en li\u00e8ge vegan \u2013 Pratique et \u00e9l\u00e9gant - L&#039;Atelier du Li\u00e8ge\",\"isPartOf\":{\"@id\":\"https:\\\/\\\/latelierduliege.com\\\/#website\"},\"primaryImageOfPage\":{\"@id\":\"https:\\\/\\\/latelierduliege.com\\\/collection\\\/sac-a-dos-liege-coton-lagos\\\/#primaryimage\"},\"image\":{\"@id\":\"https:\\\/\\\/latelierduliege.com\\\/collection\\\/sac-a-dos-liege-coton-lagos\\\/#primaryimage\"},\"thumbnailUrl\":\"https:\\\/\\\/latelierduliege.com\\\/wp-content\\\/uploads\\\/2024\\\/07\\\/B_656719e6-ad3f-4f22-b37f-90d527744025-1.jpg\",\"datePublished\":\"2024-07-08T15:48:37+00:00\",\"dateModified\":\"2026-04-07T14:57:38+00:00\",\"description\":\"Sac \u00e0 dos en li\u00e8ge vegan, id\u00e9al pour ordinateur 15\\\". Bretelles rembourr\u00e9es, poches zipp\u00e9es et fabrication artisanale. \u00c9l\u00e9gant et durable.\",\"breadcrumb\":{\"@id\":\"https:\\\/\\\/latelierduliege.com\\\/collection\\\/sac-a-dos-liege-coton-lagos\\\/#breadcrumb\"},\"inLanguage\":\"it-IT\",\"potentialAction\":[{\"@type\":\"ReadAction\",\"target\":[\"https:\\\/\\\/latelierduliege.com\\\/collection\\\/sac-a-dos-liege-coton-lagos\\\/\"]}]},{\"@type\":\"ImageObject\",\"inLanguage\":\"it-IT\",\"@id\":\"https:\\\/\\\/latelierduliege.com\\\/collection\\\/sac-a-dos-liege-coton-lagos\\\/#primaryimage\",\"url\":\"https:\\\/\\\/latelierduliege.com\\\/wp-content\\\/uploads\\\/2024\\\/07\\\/B_656719e6-ad3f-4f22-b37f-90d527744025-1.jpg\",\"contentUrl\":\"https:\\\/\\\/latelierduliege.com\\\/wp-content\\\/uploads\\\/2024\\\/07\\\/B_656719e6-ad3f-4f22-b37f-90d527744025-1.jpg\",\"width\":1200,\"height\":1200},{\"@type\":\"BreadcrumbList\",\"@id\":\"https:\\\/\\\/latelierduliege.com\\\/collection\\\/sac-a-dos-liege-coton-lagos\\\/#breadcrumb\",\"itemListElement\":[{\"@type\":\"ListItem\",\"position\":1,\"name\":\"Home\",\"item\":\"https:\\\/\\\/latelierduliege.com\\\/\"},{\"@type\":\"ListItem\",\"position\":2,\"name\":\"Boutique\",\"item\":\"https:\\\/\\\/latelierduliege.com\\\/boutique-liege\\\/\"},{\"@type\":\"ListItem\",\"position\":3,\"name\":\"Sac \u00e0 dos en li\u00e8ge \u00ab Lagos \u00bb \u2013 Urbain, spacieux et \u00e9coresponsable\"}]},{\"@type\":\"WebSite\",\"@id\":\"https:\\\/\\\/latelierduliege.com\\\/#website\",\"url\":\"https:\\\/\\\/latelierduliege.com\\\/\",\"name\":\"L'Atelier du Li\u00e8ge\",\"description\":\"Ecoresponsable par nature\",\"potentialAction\":[{\"@type\":\"SearchAction\",\"target\":{\"@type\":\"EntryPoint\",\"urlTemplate\":\"https:\\\/\\\/latelierduliege.com\\\/?s={search_term_string}\"},\"query-input\":{\"@type\":\"PropertyValueSpecification\",\"valueRequired\":true,\"valueName\":\"search_term_string\"}}],\"inLanguage\":\"it-IT\"}]}<\/script>\n<!-- \/ Yoast SEO plugin. -->","yoast_head_json":{"title":"Sac \u00e0 dos en li\u00e8ge vegan \u2013 Pratique et \u00e9l\u00e9gant - L&#039;Atelier du Li\u00e8ge","description":"Sac \u00e0 dos en li\u00e8ge vegan, id\u00e9al pour ordinateur 15\". Bretelles rembourr\u00e9es, poches zipp\u00e9es et fabrication artisanale. \u00c9l\u00e9gant et durable.","robots":{"index":"index","follow":"follow","max-snippet":"max-snippet:-1","max-image-preview":"max-image-preview:large","max-video-preview":"max-video-preview:-1"},"canonical":"https:\/\/latelierduliege.com\/it\/collection\/sac-a-dos-liege-coton-lagos\/","og_locale":"it_IT","og_type":"article","og_title":"Sac \u00e0 dos en li\u00e8ge vegan \u2013 Pratique et \u00e9l\u00e9gant - L&#039;Atelier du Li\u00e8ge","og_description":"Sac \u00e0 dos en li\u00e8ge vegan, id\u00e9al pour ordinateur 15\". Bretelles rembourr\u00e9es, poches zipp\u00e9es et fabrication artisanale. \u00c9l\u00e9gant et durable.","og_url":"https:\/\/latelierduliege.com\/it\/collection\/sac-a-dos-liege-coton-lagos\/","og_site_name":"L&#039;Atelier du Li\u00e8ge","article_publisher":"https:\/\/www.facebook.com","article_modified_time":"2026-04-07T14:57:38+00:00","og_image":[{"width":1200,"height":1200,"url":"https:\/\/latelierduliege.com\/wp-content\/uploads\/2024\/07\/B_656719e6-ad3f-4f22-b37f-90d527744025-1.jpg","type":"image\/jpeg"}],"twitter_card":"summary_large_image","twitter_misc":{"Tempo di lettura stimato":"2 minuti"},"schema":{"@context":"https:\/\/schema.org","@graph":[{"@type":"WebPage","@id":"https:\/\/latelierduliege.com\/collection\/sac-a-dos-liege-coton-lagos\/","url":"https:\/\/latelierduliege.com\/collection\/sac-a-dos-liege-coton-lagos\/","name":"Sac \u00e0 dos en li\u00e8ge vegan \u2013 Pratique et \u00e9l\u00e9gant - L&#039;Atelier du Li\u00e8ge","isPartOf":{"@id":"https:\/\/latelierduliege.com\/#website"},"primaryImageOfPage":{"@id":"https:\/\/latelierduliege.com\/collection\/sac-a-dos-liege-coton-lagos\/#primaryimage"},"image":{"@id":"https:\/\/latelierduliege.com\/collection\/sac-a-dos-liege-coton-lagos\/#primaryimage"},"thumbnailUrl":"https:\/\/latelierduliege.com\/wp-content\/uploads\/2024\/07\/B_656719e6-ad3f-4f22-b37f-90d527744025-1.jpg","datePublished":"2024-07-08T15:48:37+00:00","dateModified":"2026-04-07T14:57:38+00:00","description":"Sac \u00e0 dos en li\u00e8ge vegan, id\u00e9al pour ordinateur 15\". Bretelles rembourr\u00e9es, poches zipp\u00e9es et fabrication artisanale. \u00c9l\u00e9gant et durable.","breadcrumb":{"@id":"https:\/\/latelierduliege.com\/collection\/sac-a-dos-liege-coton-lagos\/#breadcrumb"},"inLanguage":"it-IT","potentialAction":[{"@type":"ReadAction","target":["https:\/\/latelierduliege.com\/collection\/sac-a-dos-liege-coton-lagos\/"]}]},{"@type":"ImageObject","inLanguage":"it-IT","@id":"https:\/\/latelierduliege.com\/collection\/sac-a-dos-liege-coton-lagos\/#primaryimage","url":"https:\/\/latelierduliege.com\/wp-content\/uploads\/2024\/07\/B_656719e6-ad3f-4f22-b37f-90d527744025-1.jpg","contentUrl":"https:\/\/latelierduliege.com\/wp-content\/uploads\/2024\/07\/B_656719e6-ad3f-4f22-b37f-90d527744025-1.jpg","width":1200,"height":1200},{"@type":"BreadcrumbList","@id":"https:\/\/latelierduliege.com\/collection\/sac-a-dos-liege-coton-lagos\/#breadcrumb","itemListElement":[{"@type":"ListItem","position":1,"name":"Home","item":"https:\/\/latelierduliege.com\/"},{"@type":"ListItem","position":2,"name":"Boutique","item":"https:\/\/latelierduliege.com\/boutique-liege\/"},{"@type":"ListItem","position":3,"name":"Sac \u00e0 dos en li\u00e8ge \u00ab Lagos \u00bb \u2013 Urbain, spacieux et \u00e9coresponsable"}]},{"@type":"WebSite","@id":"https:\/\/latelierduliege.com\/#website","url":"https:\/\/latelierduliege.com\/","name":"L'Atelier du Li\u00e8ge","description":"Ecoresponsable par nature","potentialAction":[{"@type":"SearchAction","target":{"@type":"EntryPoint","urlTemplate":"https:\/\/latelierduliege.com\/?s={search_term_string}"},"query-input":{"@type":"PropertyValueSpecification","valueRequired":true,"valueName":"search_term_string"}}],"inLanguage":"it-IT"}]}},"brands":[{"id":267,"name":"L'Atelier du Li\u00e8ge","slug":"atelier-du-liege"}],"_links":{"self":[{"href":"https:\/\/latelierduliege.com\/it\/wp-json\/wp\/v2\/product\/10629","targetHints":{"allow":["GET"]}}],"collection":[{"href":"https:\/\/latelierduliege.com\/it\/wp-json\/wp\/v2\/product"}],"about":[{"href":"https:\/\/latelierduliege.com\/it\/wp-json\/wp\/v2\/types\/product"}],"replies":[{"embeddable":true,"href":"https:\/\/latelierduliege.com\/it\/wp-json\/wp\/v2\/comments?post=10629"}],"wp:featuredmedia":[{"embeddable":true,"href":"https:\/\/latelierduliege.com\/it\/wp-json\/wp\/v2\/media\/10632"}],"wp:attachment":[{"href":"https:\/\/latelierduliege.com\/it\/wp-json\/wp\/v2\/media?parent=10629"}],"wp:term":[{"taxonomy":"pwb-brand","embeddable":true,"href":"https:\/\/latelierduliege.com\/it\/wp-json\/wp\/v2\/pwb-brand?post=10629"},{"taxonomy":"product_brand","embeddable":true,"href":"https:\/\/latelierduliege.com\/it\/wp-json\/wp\/v2\/product_brand?post=10629"},{"taxonomy":"product_cat","embeddable":true,"href":"https:\/\/latelierduliege.com\/it\/wp-json\/wp\/v2\/product_cat?post=10629"},{"taxonomy":"product_tag","embeddable":true,"href":"https:\/\/latelierduliege.com\/it\/wp-json\/wp\/v2\/product_tag?post=10629"}],"curies":[{"name":"wp","href":"https:\/\/api.w.org\/{rel}","templated":true}]}}