{"id":10671,"date":"2024-07-08T16:42:19","date_gmt":"2024-07-08T16:42:19","guid":{"rendered":"https:\/\/latelierduliege.com\/collection\/natural-cork-ladies-wallet-with-anti-rfid-protection-bag-2269\/"},"modified":"2026-04-05T20:49:54","modified_gmt":"2026-04-05T18:49:54","slug":"natural-cork-ladies-wallet-with-anti-rfid-protection-bag-2269","status":"publish","type":"product","link":"https:\/\/latelierduliege.com\/it\/collection\/natural-cork-ladies-wallet-with-anti-rfid-protection-bag-2269\/","title":{"rendered":"Portefeuille en li\u00e8ge \u00ab Sintra \u00bb pour femme \u2013 VEGAN, s\u00e9curis\u00e9 et \u00e9l\u00e9gant"},"content":{"rendered":"<p><strong>D\u00e9couvrez le Portefeuille Vegan en Li\u00e8ge \u00ab\u00a0Sintra\u00a0\u00bb avec Protection Anti-RFID \u2013 Alliant Style et Fonctionnalit\u00e9.<\/strong><\/p>\n<p>Fabriqu\u00e9 \u00e0 partir de li\u00e8ge naturel de haute qualit\u00e9, ce portefeuille allie r\u00e9sistance et durabilit\u00e9. Con\u00e7u pour vous offrir une organisation optimale de vos effets personnels, il est parfait pour les personnes recherchant un accessoire pratique et \u00e9l\u00e9gant.<\/p>\n<p><strong>Caratteristiche principali :<\/strong><\/p>\n<ul>\n<li><strong>7 emplacements pour cartes :<\/strong> Gardez vos cartes organis\u00e9es en toute simplicit\u00e9.<\/li>\n<li><strong>1 compartiment carte d&rsquo;identit\u00e9 :<\/strong> Acc\u00e8s facile et s\u00e9curis\u00e9 \u00e0 vos documents.<\/li>\n<li><strong>1 poche pour billets :<\/strong> Rangez vos esp\u00e8ces de mani\u00e8re ordonn\u00e9e.<\/li>\n<li><strong>1 poche principale zipp\u00e9e :<\/strong> S\u00e9curisez vos objets de valeur comme vos pi\u00e8ces de monnaie ou cl\u00e9s.<\/li>\n<li><strong>3 poches int\u00e9rieures suppl\u00e9mentaires :<\/strong> Id\u00e9ales pour les petits effets personnels.<\/li>\n<\/ul>\n<p>Disponible en cinq combinaisons de couleurs \u00e9l\u00e9gantes, le portefeuille \u00ab\u00a0Sintra\u00a0\u00bb s\u2019adapte \u00e0 tous les styles. Chaque pi\u00e8ce est fabriqu\u00e9e \u00e0 la main par des artisans au Portugal, garantissant un soin particulier dans les d\u00e9tails et une qualit\u00e9 artisanale unique.<\/p>\n<p><strong>Dimensioni :<\/strong><\/p>\n<ul>\n<li>Hauteur : 10 cm (3,9 pouces)<\/li>\n<li>Longueur : 16 cm (6,2 pouces)<\/li>\n<li>Largeur : 3 cm (1,1 pouces)<\/li>\n<\/ul>\n<p>Adoptez un accessoire \u00e9l\u00e9gant qui refl\u00e8te votre engagement envers la nature et un mode de vie vegan. Le li\u00e8ge naturel utilis\u00e9 est \u00e9cologique, durable et respecte l\u2019environnement.<\/p>\n<p>Chaque produit est unique gr\u00e2ce \u00e0 la fabrication artisanale, ce qui peut apporter de l\u00e9g\u00e8res variations et imperfections, rendant votre portefeuille encore plus original.<\/p>","protected":false},"excerpt":{"rendered":"<p>Ce <strong>Portefeuille Vegan en Li\u00e8ge Sintra<\/strong> est fabriqu\u00e9 exclusivement \u00e0 partir de li\u00e8ge naturel. Disponible en plusieurs combinaisons de couleurs, ce portefeuille est \u00e0 la fois pratique et durable, permettant d&rsquo;afficher vos convictions et votre amour pour la nature. Fabriqu\u00e9 \u00e0 la main par des artisans au Portugal, il constitue la meilleure alternative au cuir d&rsquo;origine animale.<\/p>\n<p>&nbsp;<\/p>\n<p><img loading=\"lazy\" decoding=\"async\" class=\"alignnone size-large wp-image-76\" src=\"https:\/\/latelierduliege.com\/wp-content\/uploads\/2026\/03\/Vantaggi-del-sughero-in-5-punti-2.png\" alt=\"\" width=\"1020\" height=\"682\" srcset=\"https:\/\/latelierduliege.com\/wp-content\/uploads\/2026\/03\/Vantaggi-del-sughero-in-5-punti-2.png 1536w, https:\/\/latelierduliege.com\/wp-content\/uploads\/2026\/03\/Vantaggi-del-sughero-in-5-punti-2-300x200.png 300w, https:\/\/latelierduliege.com\/wp-content\/uploads\/2026\/03\/Vantaggi-del-sughero-in-5-punti-2-1024x683.png 1024w, https:\/\/latelierduliege.com\/wp-content\/uploads\/2026\/03\/Vantaggi-del-sughero-in-5-punti-2-768x512.png 768w, https:\/\/latelierduliege.com\/wp-content\/uploads\/2026\/03\/Vantaggi-del-sughero-in-5-punti-2-18x12.png 18w, https:\/\/latelierduliege.com\/wp-content\/uploads\/2026\/03\/Vantaggi-del-sughero-in-5-punti-2-510x340.png 510w\" sizes=\"auto, (max-width: 1020px) 100vw, 1020px\" \/><\/p>","protected":false},"featured_media":10661,"comment_status":"open","ping_status":"closed","template":"","meta":[],"pwb-brand":[267],"product_brand":[],"product_cat":[553,621,189],"product_tag":[640],"class_list":{"0":"post-10671","1":"product","2":"type-product","3":"status-publish","4":"has-post-thumbnail","6":"pwb-brand-atelier-du-liege","7":"product_cat-nouveautes-accessoires-liege","8":"product_cat-portefeuilles-liege","9":"product_cat-portefeuilles-liege-portefeuilles-liege","10":"product_tag-femme","12":"first","13":"instock","14":"shipping-taxable","15":"purchasable","16":"product-type-variable"},"yoast_head":"<!-- This site is optimized with the Yoast SEO plugin v27.3 - https:\/\/yoast.com\/product\/yoast-seo-wordpress\/ -->\n<title>Portefeuille en li\u00e8ge vegan RFID \u2013 S\u00e9curis\u00e9 et \u00e9l\u00e9gant - L&#039;Atelier du Li\u00e8ge<\/title>\n<meta name=\"description\" content=\"Portefeuille en li\u00e8ge vegan avec protection RFID. 7 emplacements cartes, poche zipp\u00e9e et design \u00e9l\u00e9gant. Fabriqu\u00e9 artisanalement au Portugal.\" \/>\n<meta name=\"robots\" content=\"index, follow, max-snippet:-1, max-image-preview:large, max-video-preview:-1\" \/>\n<link rel=\"canonical\" href=\"https:\/\/latelierduliege.com\/it\/collection\/natural-cork-ladies-wallet-with-anti-rfid-protection-bag-2269\/\" \/>\n<meta property=\"og:locale\" content=\"it_IT\" \/>\n<meta property=\"og:type\" content=\"article\" \/>\n<meta property=\"og:title\" content=\"Portefeuille en li\u00e8ge vegan RFID \u2013 S\u00e9curis\u00e9 et \u00e9l\u00e9gant - L&#039;Atelier du Li\u00e8ge\" \/>\n<meta property=\"og:description\" content=\"Portefeuille en li\u00e8ge vegan avec protection RFID. 7 emplacements cartes, poche zipp\u00e9e et design \u00e9l\u00e9gant. Fabriqu\u00e9 artisanalement au Portugal.\" \/>\n<meta property=\"og:url\" content=\"https:\/\/latelierduliege.com\/it\/collection\/natural-cork-ladies-wallet-with-anti-rfid-protection-bag-2269\/\" \/>\n<meta property=\"og:site_name\" content=\"L&#039;Atelier du Li\u00e8ge\" \/>\n<meta property=\"article:publisher\" content=\"https:\/\/www.facebook.com\" \/>\n<meta property=\"article:modified_time\" content=\"2026-04-05T18:49:54+00:00\" \/>\n<meta property=\"og:image\" content=\"https:\/\/latelierduliege.com\/wp-content\/uploads\/2024\/07\/c71675adc90d9b7a484faf7f485d0e9def7d449cf2a86895846e167815b54aa9.jpg\" \/>\n\t<meta property=\"og:image:width\" content=\"1200\" \/>\n\t<meta property=\"og:image:height\" content=\"1200\" \/>\n\t<meta property=\"og:image:type\" content=\"image\/jpeg\" \/>\n<meta name=\"twitter:card\" content=\"summary_large_image\" \/>\n<meta name=\"twitter:label1\" content=\"Tempo di lettura stimato\" \/>\n\t<meta name=\"twitter:data1\" content=\"2 minuti\" \/>\n<script type=\"application\/ld+json\" class=\"yoast-schema-graph\">{\"@context\":\"https:\\\/\\\/schema.org\",\"@graph\":[{\"@type\":\"WebPage\",\"@id\":\"https:\\\/\\\/latelierduliege.com\\\/collection\\\/natural-cork-ladies-wallet-with-anti-rfid-protection-bag-2269\\\/\",\"url\":\"https:\\\/\\\/latelierduliege.com\\\/collection\\\/natural-cork-ladies-wallet-with-anti-rfid-protection-bag-2269\\\/\",\"name\":\"Portefeuille en li\u00e8ge vegan RFID \u2013 S\u00e9curis\u00e9 et \u00e9l\u00e9gant - L&#039;Atelier du Li\u00e8ge\",\"isPartOf\":{\"@id\":\"https:\\\/\\\/latelierduliege.com\\\/#website\"},\"primaryImageOfPage\":{\"@id\":\"https:\\\/\\\/latelierduliege.com\\\/collection\\\/natural-cork-ladies-wallet-with-anti-rfid-protection-bag-2269\\\/#primaryimage\"},\"image\":{\"@id\":\"https:\\\/\\\/latelierduliege.com\\\/collection\\\/natural-cork-ladies-wallet-with-anti-rfid-protection-bag-2269\\\/#primaryimage\"},\"thumbnailUrl\":\"https:\\\/\\\/latelierduliege.com\\\/wp-content\\\/uploads\\\/2024\\\/07\\\/c71675adc90d9b7a484faf7f485d0e9def7d449cf2a86895846e167815b54aa9.jpg\",\"datePublished\":\"2024-07-08T16:42:19+00:00\",\"dateModified\":\"2026-04-05T18:49:54+00:00\",\"description\":\"Portefeuille en li\u00e8ge vegan avec protection RFID. 7 emplacements cartes, poche zipp\u00e9e et design \u00e9l\u00e9gant. Fabriqu\u00e9 artisanalement au Portugal.\",\"breadcrumb\":{\"@id\":\"https:\\\/\\\/latelierduliege.com\\\/collection\\\/natural-cork-ladies-wallet-with-anti-rfid-protection-bag-2269\\\/#breadcrumb\"},\"inLanguage\":\"it-IT\",\"potentialAction\":[{\"@type\":\"ReadAction\",\"target\":[\"https:\\\/\\\/latelierduliege.com\\\/collection\\\/natural-cork-ladies-wallet-with-anti-rfid-protection-bag-2269\\\/\"]}]},{\"@type\":\"ImageObject\",\"inLanguage\":\"it-IT\",\"@id\":\"https:\\\/\\\/latelierduliege.com\\\/collection\\\/natural-cork-ladies-wallet-with-anti-rfid-protection-bag-2269\\\/#primaryimage\",\"url\":\"https:\\\/\\\/latelierduliege.com\\\/wp-content\\\/uploads\\\/2024\\\/07\\\/c71675adc90d9b7a484faf7f485d0e9def7d449cf2a86895846e167815b54aa9.jpg\",\"contentUrl\":\"https:\\\/\\\/latelierduliege.com\\\/wp-content\\\/uploads\\\/2024\\\/07\\\/c71675adc90d9b7a484faf7f485d0e9def7d449cf2a86895846e167815b54aa9.jpg\",\"width\":1200,\"height\":1200,\"caption\":\"Img\"},{\"@type\":\"BreadcrumbList\",\"@id\":\"https:\\\/\\\/latelierduliege.com\\\/collection\\\/natural-cork-ladies-wallet-with-anti-rfid-protection-bag-2269\\\/#breadcrumb\",\"itemListElement\":[{\"@type\":\"ListItem\",\"position\":1,\"name\":\"Home\",\"item\":\"https:\\\/\\\/latelierduliege.com\\\/\"},{\"@type\":\"ListItem\",\"position\":2,\"name\":\"Boutique\",\"item\":\"https:\\\/\\\/latelierduliege.com\\\/boutique-liege\\\/\"},{\"@type\":\"ListItem\",\"position\":3,\"name\":\"Portefeuille en li\u00e8ge \u00ab Sintra \u00bb pour femme \u2013 VEGAN, s\u00e9curis\u00e9 et \u00e9l\u00e9gant\"}]},{\"@type\":\"WebSite\",\"@id\":\"https:\\\/\\\/latelierduliege.com\\\/#website\",\"url\":\"https:\\\/\\\/latelierduliege.com\\\/\",\"name\":\"L'Atelier du Li\u00e8ge\",\"description\":\"Ecoresponsable par nature\",\"potentialAction\":[{\"@type\":\"SearchAction\",\"target\":{\"@type\":\"EntryPoint\",\"urlTemplate\":\"https:\\\/\\\/latelierduliege.com\\\/?s={search_term_string}\"},\"query-input\":{\"@type\":\"PropertyValueSpecification\",\"valueRequired\":true,\"valueName\":\"search_term_string\"}}],\"inLanguage\":\"it-IT\"}]}<\/script>\n<!-- \/ Yoast SEO plugin. -->","yoast_head_json":{"title":"Portefeuille en li\u00e8ge vegan RFID \u2013 S\u00e9curis\u00e9 et \u00e9l\u00e9gant - L&#039;Atelier du Li\u00e8ge","description":"Portefeuille en li\u00e8ge vegan avec protection RFID. 7 emplacements cartes, poche zipp\u00e9e et design \u00e9l\u00e9gant. Fabriqu\u00e9 artisanalement au Portugal.","robots":{"index":"index","follow":"follow","max-snippet":"max-snippet:-1","max-image-preview":"max-image-preview:large","max-video-preview":"max-video-preview:-1"},"canonical":"https:\/\/latelierduliege.com\/it\/collection\/natural-cork-ladies-wallet-with-anti-rfid-protection-bag-2269\/","og_locale":"it_IT","og_type":"article","og_title":"Portefeuille en li\u00e8ge vegan RFID \u2013 S\u00e9curis\u00e9 et \u00e9l\u00e9gant - L&#039;Atelier du Li\u00e8ge","og_description":"Portefeuille en li\u00e8ge vegan avec protection RFID. 7 emplacements cartes, poche zipp\u00e9e et design \u00e9l\u00e9gant. Fabriqu\u00e9 artisanalement au Portugal.","og_url":"https:\/\/latelierduliege.com\/it\/collection\/natural-cork-ladies-wallet-with-anti-rfid-protection-bag-2269\/","og_site_name":"L&#039;Atelier du Li\u00e8ge","article_publisher":"https:\/\/www.facebook.com","article_modified_time":"2026-04-05T18:49:54+00:00","og_image":[{"width":1200,"height":1200,"url":"https:\/\/latelierduliege.com\/wp-content\/uploads\/2024\/07\/c71675adc90d9b7a484faf7f485d0e9def7d449cf2a86895846e167815b54aa9.jpg","type":"image\/jpeg"}],"twitter_card":"summary_large_image","twitter_misc":{"Tempo di lettura stimato":"2 minuti"},"schema":{"@context":"https:\/\/schema.org","@graph":[{"@type":"WebPage","@id":"https:\/\/latelierduliege.com\/collection\/natural-cork-ladies-wallet-with-anti-rfid-protection-bag-2269\/","url":"https:\/\/latelierduliege.com\/collection\/natural-cork-ladies-wallet-with-anti-rfid-protection-bag-2269\/","name":"Portefeuille en li\u00e8ge vegan RFID \u2013 S\u00e9curis\u00e9 et \u00e9l\u00e9gant - L&#039;Atelier du Li\u00e8ge","isPartOf":{"@id":"https:\/\/latelierduliege.com\/#website"},"primaryImageOfPage":{"@id":"https:\/\/latelierduliege.com\/collection\/natural-cork-ladies-wallet-with-anti-rfid-protection-bag-2269\/#primaryimage"},"image":{"@id":"https:\/\/latelierduliege.com\/collection\/natural-cork-ladies-wallet-with-anti-rfid-protection-bag-2269\/#primaryimage"},"thumbnailUrl":"https:\/\/latelierduliege.com\/wp-content\/uploads\/2024\/07\/c71675adc90d9b7a484faf7f485d0e9def7d449cf2a86895846e167815b54aa9.jpg","datePublished":"2024-07-08T16:42:19+00:00","dateModified":"2026-04-05T18:49:54+00:00","description":"Portefeuille en li\u00e8ge vegan avec protection RFID. 7 emplacements cartes, poche zipp\u00e9e et design \u00e9l\u00e9gant. Fabriqu\u00e9 artisanalement au Portugal.","breadcrumb":{"@id":"https:\/\/latelierduliege.com\/collection\/natural-cork-ladies-wallet-with-anti-rfid-protection-bag-2269\/#breadcrumb"},"inLanguage":"it-IT","potentialAction":[{"@type":"ReadAction","target":["https:\/\/latelierduliege.com\/collection\/natural-cork-ladies-wallet-with-anti-rfid-protection-bag-2269\/"]}]},{"@type":"ImageObject","inLanguage":"it-IT","@id":"https:\/\/latelierduliege.com\/collection\/natural-cork-ladies-wallet-with-anti-rfid-protection-bag-2269\/#primaryimage","url":"https:\/\/latelierduliege.com\/wp-content\/uploads\/2024\/07\/c71675adc90d9b7a484faf7f485d0e9def7d449cf2a86895846e167815b54aa9.jpg","contentUrl":"https:\/\/latelierduliege.com\/wp-content\/uploads\/2024\/07\/c71675adc90d9b7a484faf7f485d0e9def7d449cf2a86895846e167815b54aa9.jpg","width":1200,"height":1200,"caption":"Img"},{"@type":"BreadcrumbList","@id":"https:\/\/latelierduliege.com\/collection\/natural-cork-ladies-wallet-with-anti-rfid-protection-bag-2269\/#breadcrumb","itemListElement":[{"@type":"ListItem","position":1,"name":"Home","item":"https:\/\/latelierduliege.com\/"},{"@type":"ListItem","position":2,"name":"Boutique","item":"https:\/\/latelierduliege.com\/boutique-liege\/"},{"@type":"ListItem","position":3,"name":"Portefeuille en li\u00e8ge \u00ab Sintra \u00bb pour femme \u2013 VEGAN, s\u00e9curis\u00e9 et \u00e9l\u00e9gant"}]},{"@type":"WebSite","@id":"https:\/\/latelierduliege.com\/#website","url":"https:\/\/latelierduliege.com\/","name":"L'Atelier du Li\u00e8ge","description":"Ecoresponsable par nature","potentialAction":[{"@type":"SearchAction","target":{"@type":"EntryPoint","urlTemplate":"https:\/\/latelierduliege.com\/?s={search_term_string}"},"query-input":{"@type":"PropertyValueSpecification","valueRequired":true,"valueName":"search_term_string"}}],"inLanguage":"it-IT"}]}},"brands":[{"id":267,"name":"L'Atelier du Li\u00e8ge","slug":"atelier-du-liege"}],"_links":{"self":[{"href":"https:\/\/latelierduliege.com\/it\/wp-json\/wp\/v2\/product\/10671","targetHints":{"allow":["GET"]}}],"collection":[{"href":"https:\/\/latelierduliege.com\/it\/wp-json\/wp\/v2\/product"}],"about":[{"href":"https:\/\/latelierduliege.com\/it\/wp-json\/wp\/v2\/types\/product"}],"replies":[{"embeddable":true,"href":"https:\/\/latelierduliege.com\/it\/wp-json\/wp\/v2\/comments?post=10671"}],"wp:featuredmedia":[{"embeddable":true,"href":"https:\/\/latelierduliege.com\/it\/wp-json\/wp\/v2\/media\/10661"}],"wp:attachment":[{"href":"https:\/\/latelierduliege.com\/it\/wp-json\/wp\/v2\/media?parent=10671"}],"wp:term":[{"taxonomy":"pwb-brand","embeddable":true,"href":"https:\/\/latelierduliege.com\/it\/wp-json\/wp\/v2\/pwb-brand?post=10671"},{"taxonomy":"product_brand","embeddable":true,"href":"https:\/\/latelierduliege.com\/it\/wp-json\/wp\/v2\/product_brand?post=10671"},{"taxonomy":"product_cat","embeddable":true,"href":"https:\/\/latelierduliege.com\/it\/wp-json\/wp\/v2\/product_cat?post=10671"},{"taxonomy":"product_tag","embeddable":true,"href":"https:\/\/latelierduliege.com\/it\/wp-json\/wp\/v2\/product_tag?post=10671"}],"curies":[{"name":"wp","href":"https:\/\/api.w.org\/{rel}","templated":true}]}}