{"id":10715,"date":"2024-07-15T19:23:20","date_gmt":"2024-07-15T19:23:20","guid":{"rendered":"https:\/\/latelierduliege.com\/collection\/classic-brown-cork-bifold-wallet-bag-2072\/"},"modified":"2026-04-15T10:56:43","modified_gmt":"2026-04-15T08:56:43","slug":"classic-brown-cork-bifold-wallet-bag-2072","status":"publish","type":"product","link":"https:\/\/latelierduliege.com\/it\/collection\/classic-brown-cork-bifold-wallet-bag-2072\/","title":{"rendered":"\ud83d\udc49 Portafoglio uomo in sughero \u201cFaro\u201d \u2013 leggero ed elegante"},"content":{"rendered":"<p>Scopri il portafoglio in sughero \u201cFaro\u201d, un accessorio elegante realizzato con materiale vegetale a base di sughero naturale.\n\nDisponibile in tre colori, questo portafoglio \u00e8 allo stesso tempo pratico, resistente e leggero, perfetto per l\u2019uso quotidiano.\n\nRealizzato a mano nei nostri laboratori in Portogallo, \u00e8 prodotto da artigiani specializzati che lavorano il sughero da molti anni.\n\nIl portafoglio Faro rappresenta un\u2019alternativa moderna e naturale alla pelle tradizionale, unendo stile, funzionalit\u00e0 e materiali sostenibili.<\/p>\n<p>Questo portafoglio offre diversi scomparti per organizzare carte, banconote e monete.\n\nLa sua texture morbida e le finiture curate lo rendono un accessorio elegante e pratico, adatto a ogni occasione.<\/p>\n<p>Scegli un accessorio elegante e pratico che unisce design moderno, materiali naturali e sostenibilit\u00e0.<\/p>\n<p>Tutti i nostri prodotti sono realizzati con sughero naturale e lavorati a mano da artigiani.\n\nOgni pezzo \u00e8 unico e pu\u00f2 presentare piccole imperfezioni naturali, caratteristiche che rendono ogni accessorio autentico e originale.<\/p>\n<hr \/>\n<p><strong>Dimensioni :<\/strong><\/p>\n<p>Lunghezza : 12 cm<\/p>\n<p>Altezza : 9 cm<\/p>","protected":false},"excerpt":{"rendered":"<p>Sobrio ed elegante, il portafoglio uomo in sughero Faro \u00e8 perfetto per ogni occasione.\n\nRealizzato con sughero naturale raccolto e lavorato artigianalmente, rappresenta un\u2019alternativa moderna e sostenibile alla pelle tradizionale.\n\n\n\u2713 Spedizione in Italia\n\u2713 Reso entro 14 giorni\n\u2713 Pagamenti sicuri\n\u2713 Realizzato in sughero naturale<\/p>\n<p>&nbsp;<\/p>\n<p><img loading=\"lazy\" decoding=\"async\" class=\"alignnone size-large wp-image-76\" src=\"https:\/\/latelierduliege.com\/wp-content\/uploads\/2026\/03\/Vantaggi-del-sughero-in-5-punti-2.png\" alt=\"\" width=\"1020\" height=\"682\" srcset=\"https:\/\/latelierduliege.com\/wp-content\/uploads\/2026\/03\/Vantaggi-del-sughero-in-5-punti-2.png 1536w, https:\/\/latelierduliege.com\/wp-content\/uploads\/2026\/03\/Vantaggi-del-sughero-in-5-punti-2-300x200.png 300w, https:\/\/latelierduliege.com\/wp-content\/uploads\/2026\/03\/Vantaggi-del-sughero-in-5-punti-2-1024x683.png 1024w, https:\/\/latelierduliege.com\/wp-content\/uploads\/2026\/03\/Vantaggi-del-sughero-in-5-punti-2-768x512.png 768w, https:\/\/latelierduliege.com\/wp-content\/uploads\/2026\/03\/Vantaggi-del-sughero-in-5-punti-2-18x12.png 18w, https:\/\/latelierduliege.com\/wp-content\/uploads\/2026\/03\/Vantaggi-del-sughero-in-5-punti-2-510x340.png 510w\" sizes=\"auto, (max-width: 1020px) 100vw, 1020px\" \/><\/p>","protected":false},"featured_media":10701,"comment_status":"open","ping_status":"closed","template":"","meta":[],"pwb-brand":[267],"product_brand":[],"product_cat":[621,188],"product_tag":[],"class_list":{"0":"post-10715","1":"product","2":"type-product","3":"status-publish","4":"has-post-thumbnail","6":"pwb-brand-atelier-du-liege","7":"product_cat-portefeuilles-liege","8":"product_cat-portefeuilles-homme","10":"first","11":"instock","12":"shipping-taxable","13":"purchasable","14":"product-type-variable"},"yoast_head":"<!-- This site is optimized with the Yoast SEO plugin v27.3 - https:\/\/yoast.com\/product\/yoast-seo-wordpress\/ -->\n<title>Portefeuille en li\u00e8ge vegan \u2013 \u00c9l\u00e9gant et \u00e9coresponsable - L&#039;Atelier du Li\u00e8ge<\/title>\n<meta name=\"description\" content=\"Portefeuille en li\u00e8ge vegan, doux et durable. Plusieurs compartiments pour cartes et billets. \u00c9l\u00e9gant, pratique et fabriqu\u00e9 \u00e0 la main au Portugal.\" \/>\n<meta name=\"robots\" content=\"index, follow, max-snippet:-1, max-image-preview:large, max-video-preview:-1\" \/>\n<link rel=\"canonical\" href=\"https:\/\/latelierduliege.com\/it\/collection\/classic-brown-cork-bifold-wallet-bag-2072\/\" \/>\n<meta property=\"og:locale\" content=\"it_IT\" \/>\n<meta property=\"og:type\" content=\"article\" \/>\n<meta property=\"og:title\" content=\"Portefeuille en li\u00e8ge vegan \u2013 \u00c9l\u00e9gant et \u00e9coresponsable - L&#039;Atelier du Li\u00e8ge\" \/>\n<meta property=\"og:description\" content=\"Portefeuille en li\u00e8ge vegan, doux et durable. Plusieurs compartiments pour cartes et billets. \u00c9l\u00e9gant, pratique et fabriqu\u00e9 \u00e0 la main au Portugal.\" \/>\n<meta property=\"og:url\" content=\"https:\/\/latelierduliege.com\/it\/collection\/classic-brown-cork-bifold-wallet-bag-2072\/\" \/>\n<meta property=\"og:site_name\" content=\"L&#039;Atelier du Li\u00e8ge\" \/>\n<meta property=\"article:publisher\" content=\"https:\/\/www.facebook.com\" \/>\n<meta property=\"article:modified_time\" content=\"2026-04-15T08:56:43+00:00\" \/>\n<meta property=\"og:image\" content=\"https:\/\/latelierduliege.com\/wp-content\/uploads\/2024\/07\/ccf54782194fdafbce13447149f7a53bca5b0f51444b8eae16f5e17e2dab968f.jpg\" \/>\n\t<meta property=\"og:image:width\" content=\"2000\" \/>\n\t<meta property=\"og:image:height\" content=\"2000\" \/>\n\t<meta property=\"og:image:type\" content=\"image\/jpeg\" \/>\n<meta name=\"twitter:card\" content=\"summary_large_image\" \/>\n<meta name=\"twitter:label1\" content=\"Tempo di lettura stimato\" \/>\n\t<meta name=\"twitter:data1\" content=\"2 minuti\" \/>\n<script type=\"application\/ld+json\" class=\"yoast-schema-graph\">{\"@context\":\"https:\\\/\\\/schema.org\",\"@graph\":[{\"@type\":\"WebPage\",\"@id\":\"https:\\\/\\\/latelierduliege.com\\\/collection\\\/classic-brown-cork-bifold-wallet-bag-2072\\\/\",\"url\":\"https:\\\/\\\/latelierduliege.com\\\/collection\\\/classic-brown-cork-bifold-wallet-bag-2072\\\/\",\"name\":\"Portefeuille en li\u00e8ge vegan \u2013 \u00c9l\u00e9gant et \u00e9coresponsable - L&#039;Atelier du Li\u00e8ge\",\"isPartOf\":{\"@id\":\"https:\\\/\\\/latelierduliege.com\\\/#website\"},\"primaryImageOfPage\":{\"@id\":\"https:\\\/\\\/latelierduliege.com\\\/collection\\\/classic-brown-cork-bifold-wallet-bag-2072\\\/#primaryimage\"},\"image\":{\"@id\":\"https:\\\/\\\/latelierduliege.com\\\/collection\\\/classic-brown-cork-bifold-wallet-bag-2072\\\/#primaryimage\"},\"thumbnailUrl\":\"https:\\\/\\\/latelierduliege.com\\\/wp-content\\\/uploads\\\/2024\\\/07\\\/ccf54782194fdafbce13447149f7a53bca5b0f51444b8eae16f5e17e2dab968f.jpg\",\"datePublished\":\"2024-07-15T19:23:20+00:00\",\"dateModified\":\"2026-04-15T08:56:43+00:00\",\"description\":\"Portefeuille en li\u00e8ge vegan, doux et durable. Plusieurs compartiments pour cartes et billets. \u00c9l\u00e9gant, pratique et fabriqu\u00e9 \u00e0 la main au Portugal.\",\"breadcrumb\":{\"@id\":\"https:\\\/\\\/latelierduliege.com\\\/collection\\\/classic-brown-cork-bifold-wallet-bag-2072\\\/#breadcrumb\"},\"inLanguage\":\"it-IT\",\"potentialAction\":[{\"@type\":\"ReadAction\",\"target\":[\"https:\\\/\\\/latelierduliege.com\\\/collection\\\/classic-brown-cork-bifold-wallet-bag-2072\\\/\"]}]},{\"@type\":\"ImageObject\",\"inLanguage\":\"it-IT\",\"@id\":\"https:\\\/\\\/latelierduliege.com\\\/collection\\\/classic-brown-cork-bifold-wallet-bag-2072\\\/#primaryimage\",\"url\":\"https:\\\/\\\/latelierduliege.com\\\/wp-content\\\/uploads\\\/2024\\\/07\\\/ccf54782194fdafbce13447149f7a53bca5b0f51444b8eae16f5e17e2dab968f.jpg\",\"contentUrl\":\"https:\\\/\\\/latelierduliege.com\\\/wp-content\\\/uploads\\\/2024\\\/07\\\/ccf54782194fdafbce13447149f7a53bca5b0f51444b8eae16f5e17e2dab968f.jpg\",\"width\":2000,\"height\":2000,\"caption\":\"Img\"},{\"@type\":\"BreadcrumbList\",\"@id\":\"https:\\\/\\\/latelierduliege.com\\\/collection\\\/classic-brown-cork-bifold-wallet-bag-2072\\\/#breadcrumb\",\"itemListElement\":[{\"@type\":\"ListItem\",\"position\":1,\"name\":\"Home\",\"item\":\"https:\\\/\\\/latelierduliege.com\\\/\"},{\"@type\":\"ListItem\",\"position\":2,\"name\":\"Boutique\",\"item\":\"https:\\\/\\\/latelierduliege.com\\\/boutique-liege\\\/\"},{\"@type\":\"ListItem\",\"position\":3,\"name\":\"Portefeuille en li\u00e8ge \u00ab Faro \u00bb pour homme \u2013 VEGAN, \u00e9l\u00e9gant et durable\"}]},{\"@type\":\"WebSite\",\"@id\":\"https:\\\/\\\/latelierduliege.com\\\/#website\",\"url\":\"https:\\\/\\\/latelierduliege.com\\\/\",\"name\":\"L'Atelier du Li\u00e8ge\",\"description\":\"Ecoresponsable par nature\",\"potentialAction\":[{\"@type\":\"SearchAction\",\"target\":{\"@type\":\"EntryPoint\",\"urlTemplate\":\"https:\\\/\\\/latelierduliege.com\\\/?s={search_term_string}\"},\"query-input\":{\"@type\":\"PropertyValueSpecification\",\"valueRequired\":true,\"valueName\":\"search_term_string\"}}],\"inLanguage\":\"it-IT\"}]}<\/script>\n<!-- \/ Yoast SEO plugin. -->","yoast_head_json":{"title":"Portefeuille en li\u00e8ge vegan \u2013 \u00c9l\u00e9gant et \u00e9coresponsable - L&#039;Atelier du Li\u00e8ge","description":"Portefeuille en li\u00e8ge vegan, doux et durable. Plusieurs compartiments pour cartes et billets. \u00c9l\u00e9gant, pratique et fabriqu\u00e9 \u00e0 la main au Portugal.","robots":{"index":"index","follow":"follow","max-snippet":"max-snippet:-1","max-image-preview":"max-image-preview:large","max-video-preview":"max-video-preview:-1"},"canonical":"https:\/\/latelierduliege.com\/it\/collection\/classic-brown-cork-bifold-wallet-bag-2072\/","og_locale":"it_IT","og_type":"article","og_title":"Portefeuille en li\u00e8ge vegan \u2013 \u00c9l\u00e9gant et \u00e9coresponsable - L&#039;Atelier du Li\u00e8ge","og_description":"Portefeuille en li\u00e8ge vegan, doux et durable. Plusieurs compartiments pour cartes et billets. \u00c9l\u00e9gant, pratique et fabriqu\u00e9 \u00e0 la main au Portugal.","og_url":"https:\/\/latelierduliege.com\/it\/collection\/classic-brown-cork-bifold-wallet-bag-2072\/","og_site_name":"L&#039;Atelier du Li\u00e8ge","article_publisher":"https:\/\/www.facebook.com","article_modified_time":"2026-04-15T08:56:43+00:00","og_image":[{"width":2000,"height":2000,"url":"https:\/\/latelierduliege.com\/wp-content\/uploads\/2024\/07\/ccf54782194fdafbce13447149f7a53bca5b0f51444b8eae16f5e17e2dab968f.jpg","type":"image\/jpeg"}],"twitter_card":"summary_large_image","twitter_misc":{"Tempo di lettura stimato":"2 minuti"},"schema":{"@context":"https:\/\/schema.org","@graph":[{"@type":"WebPage","@id":"https:\/\/latelierduliege.com\/collection\/classic-brown-cork-bifold-wallet-bag-2072\/","url":"https:\/\/latelierduliege.com\/collection\/classic-brown-cork-bifold-wallet-bag-2072\/","name":"Portefeuille en li\u00e8ge vegan \u2013 \u00c9l\u00e9gant et \u00e9coresponsable - L&#039;Atelier du Li\u00e8ge","isPartOf":{"@id":"https:\/\/latelierduliege.com\/#website"},"primaryImageOfPage":{"@id":"https:\/\/latelierduliege.com\/collection\/classic-brown-cork-bifold-wallet-bag-2072\/#primaryimage"},"image":{"@id":"https:\/\/latelierduliege.com\/collection\/classic-brown-cork-bifold-wallet-bag-2072\/#primaryimage"},"thumbnailUrl":"https:\/\/latelierduliege.com\/wp-content\/uploads\/2024\/07\/ccf54782194fdafbce13447149f7a53bca5b0f51444b8eae16f5e17e2dab968f.jpg","datePublished":"2024-07-15T19:23:20+00:00","dateModified":"2026-04-15T08:56:43+00:00","description":"Portefeuille en li\u00e8ge vegan, doux et durable. Plusieurs compartiments pour cartes et billets. \u00c9l\u00e9gant, pratique et fabriqu\u00e9 \u00e0 la main au Portugal.","breadcrumb":{"@id":"https:\/\/latelierduliege.com\/collection\/classic-brown-cork-bifold-wallet-bag-2072\/#breadcrumb"},"inLanguage":"it-IT","potentialAction":[{"@type":"ReadAction","target":["https:\/\/latelierduliege.com\/collection\/classic-brown-cork-bifold-wallet-bag-2072\/"]}]},{"@type":"ImageObject","inLanguage":"it-IT","@id":"https:\/\/latelierduliege.com\/collection\/classic-brown-cork-bifold-wallet-bag-2072\/#primaryimage","url":"https:\/\/latelierduliege.com\/wp-content\/uploads\/2024\/07\/ccf54782194fdafbce13447149f7a53bca5b0f51444b8eae16f5e17e2dab968f.jpg","contentUrl":"https:\/\/latelierduliege.com\/wp-content\/uploads\/2024\/07\/ccf54782194fdafbce13447149f7a53bca5b0f51444b8eae16f5e17e2dab968f.jpg","width":2000,"height":2000,"caption":"Img"},{"@type":"BreadcrumbList","@id":"https:\/\/latelierduliege.com\/collection\/classic-brown-cork-bifold-wallet-bag-2072\/#breadcrumb","itemListElement":[{"@type":"ListItem","position":1,"name":"Home","item":"https:\/\/latelierduliege.com\/"},{"@type":"ListItem","position":2,"name":"Boutique","item":"https:\/\/latelierduliege.com\/boutique-liege\/"},{"@type":"ListItem","position":3,"name":"Portefeuille en li\u00e8ge \u00ab Faro \u00bb pour homme \u2013 VEGAN, \u00e9l\u00e9gant et durable"}]},{"@type":"WebSite","@id":"https:\/\/latelierduliege.com\/#website","url":"https:\/\/latelierduliege.com\/","name":"L'Atelier du Li\u00e8ge","description":"Ecoresponsable par nature","potentialAction":[{"@type":"SearchAction","target":{"@type":"EntryPoint","urlTemplate":"https:\/\/latelierduliege.com\/?s={search_term_string}"},"query-input":{"@type":"PropertyValueSpecification","valueRequired":true,"valueName":"search_term_string"}}],"inLanguage":"it-IT"}]}},"brands":[{"id":267,"name":"L'Atelier du Li\u00e8ge","slug":"atelier-du-liege"}],"_links":{"self":[{"href":"https:\/\/latelierduliege.com\/it\/wp-json\/wp\/v2\/product\/10715","targetHints":{"allow":["GET"]}}],"collection":[{"href":"https:\/\/latelierduliege.com\/it\/wp-json\/wp\/v2\/product"}],"about":[{"href":"https:\/\/latelierduliege.com\/it\/wp-json\/wp\/v2\/types\/product"}],"replies":[{"embeddable":true,"href":"https:\/\/latelierduliege.com\/it\/wp-json\/wp\/v2\/comments?post=10715"}],"wp:featuredmedia":[{"embeddable":true,"href":"https:\/\/latelierduliege.com\/it\/wp-json\/wp\/v2\/media\/10701"}],"wp:attachment":[{"href":"https:\/\/latelierduliege.com\/it\/wp-json\/wp\/v2\/media?parent=10715"}],"wp:term":[{"taxonomy":"pwb-brand","embeddable":true,"href":"https:\/\/latelierduliege.com\/it\/wp-json\/wp\/v2\/pwb-brand?post=10715"},{"taxonomy":"product_brand","embeddable":true,"href":"https:\/\/latelierduliege.com\/it\/wp-json\/wp\/v2\/product_brand?post=10715"},{"taxonomy":"product_cat","embeddable":true,"href":"https:\/\/latelierduliege.com\/it\/wp-json\/wp\/v2\/product_cat?post=10715"},{"taxonomy":"product_tag","embeddable":true,"href":"https:\/\/latelierduliege.com\/it\/wp-json\/wp\/v2\/product_tag?post=10715"}],"curies":[{"name":"wp","href":"https:\/\/api.w.org\/{rel}","templated":true}]}}