{"id":10739,"date":"2024-07-20T14:17:41","date_gmt":"2024-07-20T14:17:41","guid":{"rendered":"https:\/\/latelierduliege.com\/collection\/natural-cork-brown-and-black-mens-sling-bag-stylish-bag-2273\/"},"modified":"2026-04-14T04:03:43","modified_gmt":"2026-04-14T02:03:43","slug":"natural-cork-brown-and-black-mens-sling-bag-stylish-bag-2273","status":"publish","type":"product","link":"https:\/\/latelierduliege.com\/it\/collection\/natural-cork-brown-and-black-mens-sling-bag-stylish-bag-2273\/","title":{"rendered":"Sac bandouli\u00e8re en li\u00e8ge \u00ab Tejo \u00bb pour femme \u2013 \u00c9l\u00e9gant, pratique et \u00e9cologique"},"content":{"rendered":"<p>Nous sommes fiers de pr\u00e9senter notre sac \u00e0 bandouli\u00e8re \u00ab\u00a0Tejo\u00a0\u00bb, fabriqu\u00e9 \u00e0 partir de mat\u00e9riau \u00e9cologique en li\u00e8ge et disponible en trois magnifiques teintes : Naturel, Noir et Marron. C&rsquo;est un sac polyvalent qui comprend trois compartiments pour une organisation optimale. Le compartiment ext\u00e9rieur se ferme avec des fermetures magn\u00e9tiques, tandis que les deux compartiments suivants sont \u00e9quip\u00e9s de fermetures \u00e9clair.<\/p>\n<p><strong>Caract\u00e9ristiques principales:<\/strong><\/p>\n<ul>\n<li><strong>Mat\u00e9riau:<\/strong> Fabriqu\u00e9 en li\u00e8ge \u00e9cologique.<\/li>\n<li><strong>Trois compartiments:<\/strong> Organisez facilement vos essentiels.<\/li>\n<li><strong>Fermetures magn\u00e9tiques et \u00e0 glissi\u00e8re:<\/strong> Prot\u00e9gez vos objets en toute s\u00e9curit\u00e9.<\/li>\n<li><strong>Poche de rangement pratique:<\/strong> Une poche pratique \u00e0 l&rsquo;arri\u00e8re pour un acc\u00e8s rapide.<\/li>\n<li><strong>Commodit\u00e9 moderne:<\/strong> Comprend un port cach\u00e9 pour \u00e9couteurs ou c\u00e2bles de charge pour un passage sans effort.<\/li>\n<\/ul>\n<hr \/>\n<p><strong>Dimensioni :<\/strong><\/p>\n<ul>\n<li>Longueur: 14 cm (5,5 pouces)<\/li>\n<li>Largeur: 7 cm (2,8 pouces)<\/li>\n<li>Hauteur: 26 cm (10,2 pouces)<\/li>\n<\/ul>\n<p>Offrez-vous un accessoire \u00e9l\u00e9gant et pratique qui montre votre amour pour la nature et votre engagement envers un mode de vie vegan. Tous nos produits sont con\u00e7us avec du li\u00e8ge enti\u00e8rement naturel et sont r\u00e9alis\u00e9s \u00e0 la main par des artisans. Chaque pi\u00e8ce est unique et peut pr\u00e9senter quelques imperfections, ce qui rend nos produits \u00e0 la fois uniques et originaux.<\/p>","protected":false},"excerpt":{"rendered":"<div class=\"flex flex-grow flex-col max-w-full\">\n<div class=\"min-h-[20px] text-message flex w-full flex-col items-end gap-2 whitespace-pre-wrap break-words [.text-message+&amp;]:mt-5 overflow-x-auto\" dir=\"auto\" data-message-author-role=\"assistant\" data-message-id=\"5f0f7410-99f9-4d79-8450-e7aacf555e1b\">\n<div class=\"flex w-full flex-col gap-1 empty:hidden first:pt-[3px]\">\n<div class=\"markdown prose w-full break-words dark:prose-invert light\">\n<p>Ce sac \u00e0 bandouli\u00e8re VEGAN en li\u00e8ge est fabriqu\u00e9 exclusivement \u00e0 partir de cuir v\u00e9g\u00e9tal. Disponible en couleur naturelle, noire et marron, ce sac est un accessoire \u00e0 la fois pratique et durable qui permettra d\u2019afficher vos convictions ainsi que votre amour pour la nature. Fabriqu\u00e9 \u00e0 la main dans nos ateliers situ\u00e9s au Portugal, ce sac est confectionn\u00e9 par des artisans qui travaillent le li\u00e8ge depuis plus d\u2019une d\u00e9cennie. Il constitue la meilleure alternative au cuir d\u2019origine animale.<\/p>\n<\/div>\n<\/div>\n<\/div>\n<\/div>\n<div class=\"mt-1 flex gap-3 empty:hidden ml-3\">\n<div class=\"items-center justify-start rounded-xl p-1 flex\">\n<div class=\"flex items-center\">\n<p><img loading=\"lazy\" decoding=\"async\" class=\"alignnone size-large wp-image-76\" src=\"https:\/\/latelierduliege.com\/wp-content\/uploads\/2019\/09\/Sans-titre-2-1024x685.png\" alt=\"\" width=\"1020\" height=\"682\" srcset=\"https:\/\/latelierduliege.com\/wp-content\/uploads\/2019\/09\/Sans-titre-2-1024x685.png 1024w, https:\/\/latelierduliege.com\/wp-content\/uploads\/2019\/09\/Sans-titre-2-510x341.png 510w, https:\/\/latelierduliege.com\/wp-content\/uploads\/2019\/09\/Sans-titre-2-300x201.png 300w, https:\/\/latelierduliege.com\/wp-content\/uploads\/2019\/09\/Sans-titre-2-768x514.png 768w, https:\/\/latelierduliege.com\/wp-content\/uploads\/2019\/09\/Sans-titre-2-600x402.png 600w, https:\/\/latelierduliege.com\/wp-content\/uploads\/2019\/09\/Sans-titre-2.png 1113w\" sizes=\"auto, (max-width: 1020px) 100vw, 1020px\" \/><\/p>\n<\/div>\n<\/div>\n<\/div>\n","protected":false},"featured_media":10728,"comment_status":"open","ping_status":"closed","template":"","meta":[],"pwb-brand":[267],"product_brand":[],"product_cat":[553,190,620],"product_tag":[640],"class_list":{"0":"post-10739","1":"product","2":"type-product","3":"status-publish","4":"has-post-thumbnail","6":"pwb-brand-atelier-du-liege","7":"product_cat-nouveautes-accessoires-liege","8":"product_cat-sacs-a-main","9":"product_cat-sacs-liege","10":"product_tag-femme","12":"first","13":"instock","14":"shipping-taxable","15":"purchasable","16":"product-type-variable"},"yoast_head":"<!-- This site is optimized with the Yoast SEO plugin v27.3 - https:\/\/yoast.com\/product\/yoast-seo-wordpress\/ -->\n<title>Sac bandouli\u00e8re en li\u00e8ge femme \u2013 Pratique et durable - L&#039;Atelier du Li\u00e8ge<\/title>\n<meta name=\"description\" content=\"Sac bandouli\u00e8re en li\u00e8ge femme, trois compartiments, fermeture s\u00e9curis\u00e9e et poche pratique. L\u00e9ger, \u00e9l\u00e9gant et \u00e9coresponsable. D\u00e9couvrez-le !\" \/>\n<meta name=\"robots\" content=\"index, follow, max-snippet:-1, max-image-preview:large, max-video-preview:-1\" \/>\n<link rel=\"canonical\" href=\"https:\/\/latelierduliege.com\/it\/collection\/natural-cork-brown-and-black-mens-sling-bag-stylish-bag-2273\/\" \/>\n<meta property=\"og:locale\" content=\"it_IT\" \/>\n<meta property=\"og:type\" content=\"article\" \/>\n<meta property=\"og:title\" content=\"Sac bandouli\u00e8re en li\u00e8ge femme \u2013 Pratique et durable - L&#039;Atelier du Li\u00e8ge\" \/>\n<meta property=\"og:description\" content=\"Sac bandouli\u00e8re en li\u00e8ge femme, trois compartiments, fermeture s\u00e9curis\u00e9e et poche pratique. L\u00e9ger, \u00e9l\u00e9gant et \u00e9coresponsable. D\u00e9couvrez-le !\" \/>\n<meta property=\"og:url\" content=\"https:\/\/latelierduliege.com\/it\/collection\/natural-cork-brown-and-black-mens-sling-bag-stylish-bag-2273\/\" \/>\n<meta property=\"og:site_name\" content=\"L&#039;Atelier du Li\u00e8ge\" \/>\n<meta property=\"article:publisher\" content=\"https:\/\/www.facebook.com\" \/>\n<meta property=\"article:modified_time\" content=\"2026-04-14T02:03:43+00:00\" \/>\n<meta property=\"og:image\" content=\"https:\/\/latelierduliege.com\/wp-content\/uploads\/2024\/07\/SwatchPhotos_2_403c62c1-2fdc-4118-9088-9d04d6496c37.jpg\" \/>\n\t<meta property=\"og:image:width\" content=\"1200\" \/>\n\t<meta property=\"og:image:height\" content=\"1200\" \/>\n\t<meta property=\"og:image:type\" content=\"image\/jpeg\" \/>\n<meta name=\"twitter:card\" content=\"summary_large_image\" \/>\n<meta name=\"twitter:label1\" content=\"Tempo di lettura stimato\" \/>\n\t<meta name=\"twitter:data1\" content=\"2 minuti\" \/>\n<script type=\"application\/ld+json\" class=\"yoast-schema-graph\">{\"@context\":\"https:\\\/\\\/schema.org\",\"@graph\":[{\"@type\":\"WebPage\",\"@id\":\"https:\\\/\\\/latelierduliege.com\\\/collection\\\/natural-cork-brown-and-black-mens-sling-bag-stylish-bag-2273\\\/\",\"url\":\"https:\\\/\\\/latelierduliege.com\\\/collection\\\/natural-cork-brown-and-black-mens-sling-bag-stylish-bag-2273\\\/\",\"name\":\"Sac bandouli\u00e8re en li\u00e8ge femme \u2013 Pratique et durable - L&#039;Atelier du Li\u00e8ge\",\"isPartOf\":{\"@id\":\"https:\\\/\\\/latelierduliege.com\\\/#website\"},\"primaryImageOfPage\":{\"@id\":\"https:\\\/\\\/latelierduliege.com\\\/collection\\\/natural-cork-brown-and-black-mens-sling-bag-stylish-bag-2273\\\/#primaryimage\"},\"image\":{\"@id\":\"https:\\\/\\\/latelierduliege.com\\\/collection\\\/natural-cork-brown-and-black-mens-sling-bag-stylish-bag-2273\\\/#primaryimage\"},\"thumbnailUrl\":\"https:\\\/\\\/latelierduliege.com\\\/wp-content\\\/uploads\\\/2024\\\/07\\\/SwatchPhotos_2_403c62c1-2fdc-4118-9088-9d04d6496c37.jpg\",\"datePublished\":\"2024-07-20T14:17:41+00:00\",\"dateModified\":\"2026-04-14T02:03:43+00:00\",\"description\":\"Sac bandouli\u00e8re en li\u00e8ge femme, trois compartiments, fermeture s\u00e9curis\u00e9e et poche pratique. L\u00e9ger, \u00e9l\u00e9gant et \u00e9coresponsable. D\u00e9couvrez-le !\",\"breadcrumb\":{\"@id\":\"https:\\\/\\\/latelierduliege.com\\\/collection\\\/natural-cork-brown-and-black-mens-sling-bag-stylish-bag-2273\\\/#breadcrumb\"},\"inLanguage\":\"it-IT\",\"potentialAction\":[{\"@type\":\"ReadAction\",\"target\":[\"https:\\\/\\\/latelierduliege.com\\\/collection\\\/natural-cork-brown-and-black-mens-sling-bag-stylish-bag-2273\\\/\"]}]},{\"@type\":\"ImageObject\",\"inLanguage\":\"it-IT\",\"@id\":\"https:\\\/\\\/latelierduliege.com\\\/collection\\\/natural-cork-brown-and-black-mens-sling-bag-stylish-bag-2273\\\/#primaryimage\",\"url\":\"https:\\\/\\\/latelierduliege.com\\\/wp-content\\\/uploads\\\/2024\\\/07\\\/SwatchPhotos_2_403c62c1-2fdc-4118-9088-9d04d6496c37.jpg\",\"contentUrl\":\"https:\\\/\\\/latelierduliege.com\\\/wp-content\\\/uploads\\\/2024\\\/07\\\/SwatchPhotos_2_403c62c1-2fdc-4118-9088-9d04d6496c37.jpg\",\"width\":1200,\"height\":1200},{\"@type\":\"BreadcrumbList\",\"@id\":\"https:\\\/\\\/latelierduliege.com\\\/collection\\\/natural-cork-brown-and-black-mens-sling-bag-stylish-bag-2273\\\/#breadcrumb\",\"itemListElement\":[{\"@type\":\"ListItem\",\"position\":1,\"name\":\"Home\",\"item\":\"https:\\\/\\\/latelierduliege.com\\\/\"},{\"@type\":\"ListItem\",\"position\":2,\"name\":\"Boutique\",\"item\":\"https:\\\/\\\/latelierduliege.com\\\/boutique-liege\\\/\"},{\"@type\":\"ListItem\",\"position\":3,\"name\":\"Sac bandouli\u00e8re en li\u00e8ge \u00ab Tejo \u00bb pour femme \u2013 \u00c9l\u00e9gant, pratique et \u00e9cologique\"}]},{\"@type\":\"WebSite\",\"@id\":\"https:\\\/\\\/latelierduliege.com\\\/#website\",\"url\":\"https:\\\/\\\/latelierduliege.com\\\/\",\"name\":\"L'Atelier du Li\u00e8ge\",\"description\":\"Ecoresponsable par nature\",\"potentialAction\":[{\"@type\":\"SearchAction\",\"target\":{\"@type\":\"EntryPoint\",\"urlTemplate\":\"https:\\\/\\\/latelierduliege.com\\\/?s={search_term_string}\"},\"query-input\":{\"@type\":\"PropertyValueSpecification\",\"valueRequired\":true,\"valueName\":\"search_term_string\"}}],\"inLanguage\":\"it-IT\"}]}<\/script>\n<!-- \/ Yoast SEO plugin. -->","yoast_head_json":{"title":"Sac bandouli\u00e8re en li\u00e8ge femme \u2013 Pratique et durable - L&#039;Atelier du Li\u00e8ge","description":"Sac bandouli\u00e8re en li\u00e8ge femme, trois compartiments, fermeture s\u00e9curis\u00e9e et poche pratique. L\u00e9ger, \u00e9l\u00e9gant et \u00e9coresponsable. D\u00e9couvrez-le !","robots":{"index":"index","follow":"follow","max-snippet":"max-snippet:-1","max-image-preview":"max-image-preview:large","max-video-preview":"max-video-preview:-1"},"canonical":"https:\/\/latelierduliege.com\/it\/collection\/natural-cork-brown-and-black-mens-sling-bag-stylish-bag-2273\/","og_locale":"it_IT","og_type":"article","og_title":"Sac bandouli\u00e8re en li\u00e8ge femme \u2013 Pratique et durable - L&#039;Atelier du Li\u00e8ge","og_description":"Sac bandouli\u00e8re en li\u00e8ge femme, trois compartiments, fermeture s\u00e9curis\u00e9e et poche pratique. L\u00e9ger, \u00e9l\u00e9gant et \u00e9coresponsable. D\u00e9couvrez-le !","og_url":"https:\/\/latelierduliege.com\/it\/collection\/natural-cork-brown-and-black-mens-sling-bag-stylish-bag-2273\/","og_site_name":"L&#039;Atelier du Li\u00e8ge","article_publisher":"https:\/\/www.facebook.com","article_modified_time":"2026-04-14T02:03:43+00:00","og_image":[{"width":1200,"height":1200,"url":"https:\/\/latelierduliege.com\/wp-content\/uploads\/2024\/07\/SwatchPhotos_2_403c62c1-2fdc-4118-9088-9d04d6496c37.jpg","type":"image\/jpeg"}],"twitter_card":"summary_large_image","twitter_misc":{"Tempo di lettura stimato":"2 minuti"},"schema":{"@context":"https:\/\/schema.org","@graph":[{"@type":"WebPage","@id":"https:\/\/latelierduliege.com\/collection\/natural-cork-brown-and-black-mens-sling-bag-stylish-bag-2273\/","url":"https:\/\/latelierduliege.com\/collection\/natural-cork-brown-and-black-mens-sling-bag-stylish-bag-2273\/","name":"Sac bandouli\u00e8re en li\u00e8ge femme \u2013 Pratique et durable - L&#039;Atelier du Li\u00e8ge","isPartOf":{"@id":"https:\/\/latelierduliege.com\/#website"},"primaryImageOfPage":{"@id":"https:\/\/latelierduliege.com\/collection\/natural-cork-brown-and-black-mens-sling-bag-stylish-bag-2273\/#primaryimage"},"image":{"@id":"https:\/\/latelierduliege.com\/collection\/natural-cork-brown-and-black-mens-sling-bag-stylish-bag-2273\/#primaryimage"},"thumbnailUrl":"https:\/\/latelierduliege.com\/wp-content\/uploads\/2024\/07\/SwatchPhotos_2_403c62c1-2fdc-4118-9088-9d04d6496c37.jpg","datePublished":"2024-07-20T14:17:41+00:00","dateModified":"2026-04-14T02:03:43+00:00","description":"Sac bandouli\u00e8re en li\u00e8ge femme, trois compartiments, fermeture s\u00e9curis\u00e9e et poche pratique. L\u00e9ger, \u00e9l\u00e9gant et \u00e9coresponsable. D\u00e9couvrez-le !","breadcrumb":{"@id":"https:\/\/latelierduliege.com\/collection\/natural-cork-brown-and-black-mens-sling-bag-stylish-bag-2273\/#breadcrumb"},"inLanguage":"it-IT","potentialAction":[{"@type":"ReadAction","target":["https:\/\/latelierduliege.com\/collection\/natural-cork-brown-and-black-mens-sling-bag-stylish-bag-2273\/"]}]},{"@type":"ImageObject","inLanguage":"it-IT","@id":"https:\/\/latelierduliege.com\/collection\/natural-cork-brown-and-black-mens-sling-bag-stylish-bag-2273\/#primaryimage","url":"https:\/\/latelierduliege.com\/wp-content\/uploads\/2024\/07\/SwatchPhotos_2_403c62c1-2fdc-4118-9088-9d04d6496c37.jpg","contentUrl":"https:\/\/latelierduliege.com\/wp-content\/uploads\/2024\/07\/SwatchPhotos_2_403c62c1-2fdc-4118-9088-9d04d6496c37.jpg","width":1200,"height":1200},{"@type":"BreadcrumbList","@id":"https:\/\/latelierduliege.com\/collection\/natural-cork-brown-and-black-mens-sling-bag-stylish-bag-2273\/#breadcrumb","itemListElement":[{"@type":"ListItem","position":1,"name":"Home","item":"https:\/\/latelierduliege.com\/"},{"@type":"ListItem","position":2,"name":"Boutique","item":"https:\/\/latelierduliege.com\/boutique-liege\/"},{"@type":"ListItem","position":3,"name":"Sac bandouli\u00e8re en li\u00e8ge \u00ab Tejo \u00bb pour femme \u2013 \u00c9l\u00e9gant, pratique et \u00e9cologique"}]},{"@type":"WebSite","@id":"https:\/\/latelierduliege.com\/#website","url":"https:\/\/latelierduliege.com\/","name":"L'Atelier du Li\u00e8ge","description":"Ecoresponsable par nature","potentialAction":[{"@type":"SearchAction","target":{"@type":"EntryPoint","urlTemplate":"https:\/\/latelierduliege.com\/?s={search_term_string}"},"query-input":{"@type":"PropertyValueSpecification","valueRequired":true,"valueName":"search_term_string"}}],"inLanguage":"it-IT"}]}},"brands":[{"id":267,"name":"L'Atelier du Li\u00e8ge","slug":"atelier-du-liege"}],"_links":{"self":[{"href":"https:\/\/latelierduliege.com\/it\/wp-json\/wp\/v2\/product\/10739","targetHints":{"allow":["GET"]}}],"collection":[{"href":"https:\/\/latelierduliege.com\/it\/wp-json\/wp\/v2\/product"}],"about":[{"href":"https:\/\/latelierduliege.com\/it\/wp-json\/wp\/v2\/types\/product"}],"replies":[{"embeddable":true,"href":"https:\/\/latelierduliege.com\/it\/wp-json\/wp\/v2\/comments?post=10739"}],"wp:featuredmedia":[{"embeddable":true,"href":"https:\/\/latelierduliege.com\/it\/wp-json\/wp\/v2\/media\/10728"}],"wp:attachment":[{"href":"https:\/\/latelierduliege.com\/it\/wp-json\/wp\/v2\/media?parent=10739"}],"wp:term":[{"taxonomy":"pwb-brand","embeddable":true,"href":"https:\/\/latelierduliege.com\/it\/wp-json\/wp\/v2\/pwb-brand?post=10739"},{"taxonomy":"product_brand","embeddable":true,"href":"https:\/\/latelierduliege.com\/it\/wp-json\/wp\/v2\/product_brand?post=10739"},{"taxonomy":"product_cat","embeddable":true,"href":"https:\/\/latelierduliege.com\/it\/wp-json\/wp\/v2\/product_cat?post=10739"},{"taxonomy":"product_tag","embeddable":true,"href":"https:\/\/latelierduliege.com\/it\/wp-json\/wp\/v2\/product_tag?post=10739"}],"curies":[{"name":"wp","href":"https:\/\/api.w.org\/{rel}","templated":true}]}}