{"id":10758,"date":"2024-07-20T14:58:52","date_gmt":"2024-07-20T14:58:52","guid":{"rendered":"https:\/\/latelierduliege.com\/collection\/cork-uv-protection-women-eyewear-sunglassesincluding-case-l-858\/"},"modified":"2026-04-14T16:27:33","modified_gmt":"2026-04-14T14:27:33","slug":"lunettes-de-soleil-en-liege-algarve-style-ecologique","status":"publish","type":"product","link":"https:\/\/latelierduliege.com\/it\/collection\/lunettes-de-soleil-en-liege-algarve-style-ecologique\/","title":{"rendered":"Lunettes de soleil en li\u00e8ge \u00ab Algarve \u00bb pour femme \u2013 \u00c9l\u00e9gantes et \u00e9cologiques"},"content":{"rendered":"<div class=\"flex-shrink-0 flex flex-col relative items-end\">\n<div>\n<div class=\"pt-0\">\n<div class=\"gizmo-bot-avatar flex h-8 w-8 items-center justify-center overflow-hidden rounded-full\">\n<div class=\"relative p-1 rounded-sm flex items-center justify-center bg-token-main-surface-primary text-token-text-primary h-8 w-8\"><strong style=\"color: #555555;\">D\u00e9couvrez nos lunettes de soleil en li\u00e8ge \u00ab\u00a0Algarve\u00a0\u00bb, o\u00f9 style et durabilit\u00e9 se rencontrent.<\/strong><\/div>\n<\/div>\n<\/div>\n<\/div>\n<\/div>\n<div class=\"group\/conversation-turn relative flex w-full min-w-0 flex-col agent-turn\">\n<div class=\"flex-col gap-1 md:gap-3\">\n<div class=\"flex max-w-full flex-col flex-grow\">\n<div class=\"min-h-8 text-message flex w-full flex-col items-end gap-2 whitespace-normal break-words [.text-message+&amp;]:mt-5\" dir=\"auto\" data-message-author-role=\"assistant\" data-message-id=\"088e009a-e478-4a37-b03e-8683303c8042\">\n<div class=\"flex w-full flex-col gap-1 empty:hidden first:pt-[3px]\">\n<div class=\"markdown prose w-full break-words dark:prose-invert light\">\n<p>Ces lunettes UV pour femmes sont parfaites pour un \u00e9t\u00e9 unique. Elles sont disponibles en trois styles diff\u00e9rents.<\/p>\n<p><strong>Caract\u00e9ristiques principales :<\/strong><\/p>\n<ul>\n<li><strong>Mat\u00e9riau \u00e9cologique :<\/strong> Poign\u00e9es en li\u00e8ge naturel et cadre en plastique recycl\u00e9.<\/li>\n<li><strong>Protection UV :<\/strong> Prot\u00e9gez vos yeux des rayons nocifs du soleil.<\/li>\n<li><strong>Styles vari\u00e9s :<\/strong> Trois options de styles pour s\u2019adapter \u00e0 vos pr\u00e9f\u00e9rences.<\/li>\n<\/ul>\n<p><strong>Dimensions :<\/strong><br \/>\nHauteur : 5 cm<br \/>\nLongueur : 14 cm<\/p>\n<p>Nos produits, fabriqu\u00e9s \u00e0 partir de li\u00e8ge naturel, refl\u00e8tent votre engagement pour un mode de vie vegan et respectueux de l\u2019environnement. Chaque pi\u00e8ce est faite \u00e0 la main, rendant chacune unique. Quelques imperfections naturelles soulignent leur authenticit\u00e9.<\/p>\n<\/div>\n<\/div>\n<\/div>\n<\/div>\n<\/div>\n<\/div>\n","protected":false},"excerpt":{"rendered":"<p>Les lunettes de soleil \u201cAlgarve\u201d serons id\u00e9ales pour vous accompagner tout au long de l\u2019\u00e9t\u00e9. Elles vous prot\u00e9gerons des UV A et des UV B tout en vous donnant un look in\u00e9galable. Un \u00e9tui est \u00e9galement fournis gratuitement afin de pouvoir les ranger facilement<\/p>\n<p><img loading=\"lazy\" decoding=\"async\" class=\"alignnone size-medium wp-image-76\" src=\"https:\/\/latelierduliege.com\/wp-content\/uploads\/2026\/03\/Vantaggi-del-sughero-in-5-punti-2.png\" alt=\"\" width=\"300\" height=\"201\" srcset=\"https:\/\/latelierduliege.com\/wp-content\/uploads\/2026\/03\/Vantaggi-del-sughero-in-5-punti-2.png 1536w, https:\/\/latelierduliege.com\/wp-content\/uploads\/2026\/03\/Vantaggi-del-sughero-in-5-punti-2-300x200.png 300w, https:\/\/latelierduliege.com\/wp-content\/uploads\/2026\/03\/Vantaggi-del-sughero-in-5-punti-2-1024x683.png 1024w, https:\/\/latelierduliege.com\/wp-content\/uploads\/2026\/03\/Vantaggi-del-sughero-in-5-punti-2-768x512.png 768w, https:\/\/latelierduliege.com\/wp-content\/uploads\/2026\/03\/Vantaggi-del-sughero-in-5-punti-2-18x12.png 18w, https:\/\/latelierduliege.com\/wp-content\/uploads\/2026\/03\/Vantaggi-del-sughero-in-5-punti-2-510x340.png 510w\" sizes=\"auto, (max-width: 300px) 100vw, 300px\" \/><\/p>","protected":false},"featured_media":10747,"comment_status":"open","ping_status":"closed","template":"","meta":[],"pwb-brand":[267],"product_brand":[],"product_cat":[15,335,553,481],"product_tag":[640],"class_list":{"0":"post-10758","1":"product","2":"type-product","3":"status-publish","4":"has-post-thumbnail","6":"pwb-brand-atelier-du-liege","7":"product_cat-accessoires-de-mode-liege","8":"product_cat-lunette-de-soleil","9":"product_cat-nouveautes-accessoires-liege","10":"product_cat-promotions-liege","11":"product_tag-femme","13":"first","14":"instock","15":"shipping-taxable","16":"purchasable","17":"product-type-variable"},"yoast_head":"<!-- This site is optimized with the Yoast SEO plugin v27.3 - https:\/\/yoast.com\/product\/yoast-seo-wordpress\/ -->\n<title>Lunettes de soleil en li\u00e8ge femme \u2013 Protection UV et style - L&#039;Atelier du Li\u00e8ge<\/title>\n<meta name=\"description\" content=\"Lunettes de soleil en li\u00e8ge femme, \u00e9l\u00e9gantes et \u00e9coresponsables. Poign\u00e9es en li\u00e8ge, monture recycl\u00e9e et protection UV. Parfaits pour l&#039;\u00e9t\u00e9 !\" \/>\n<meta name=\"robots\" content=\"index, follow, max-snippet:-1, max-image-preview:large, max-video-preview:-1\" \/>\n<link rel=\"canonical\" href=\"https:\/\/latelierduliege.com\/it\/collection\/lunettes-de-soleil-en-liege-algarve-style-ecologique\/\" \/>\n<meta property=\"og:locale\" content=\"it_IT\" \/>\n<meta property=\"og:type\" content=\"article\" \/>\n<meta property=\"og:title\" content=\"Lunettes de soleil en li\u00e8ge femme \u2013 Protection UV et style - L&#039;Atelier du Li\u00e8ge\" \/>\n<meta property=\"og:description\" content=\"Lunettes de soleil en li\u00e8ge femme, \u00e9l\u00e9gantes et \u00e9coresponsables. Poign\u00e9es en li\u00e8ge, monture recycl\u00e9e et protection UV. Parfaits pour l&#039;\u00e9t\u00e9 !\" \/>\n<meta property=\"og:url\" content=\"https:\/\/latelierduliege.com\/it\/collection\/lunettes-de-soleil-en-liege-algarve-style-ecologique\/\" \/>\n<meta property=\"og:site_name\" content=\"L&#039;Atelier du Li\u00e8ge\" \/>\n<meta property=\"article:publisher\" content=\"https:\/\/www.facebook.com\" \/>\n<meta property=\"article:modified_time\" content=\"2026-04-14T14:27:33+00:00\" \/>\n<meta property=\"og:image\" content=\"https:\/\/latelierduliege.com\/wp-content\/uploads\/2024\/07\/e5ae04b4af8971dacbac21b8f4da0df4eaf24b848c9bf38943ad486939f61f38.jpg\" \/>\n\t<meta property=\"og:image:width\" content=\"2000\" \/>\n\t<meta property=\"og:image:height\" content=\"2000\" \/>\n\t<meta property=\"og:image:type\" content=\"image\/jpeg\" \/>\n<meta name=\"twitter:card\" content=\"summary_large_image\" \/>\n<meta name=\"twitter:label1\" content=\"Tempo di lettura stimato\" \/>\n\t<meta name=\"twitter:data1\" content=\"1 minuto\" \/>\n<script type=\"application\/ld+json\" class=\"yoast-schema-graph\">{\"@context\":\"https:\\\/\\\/schema.org\",\"@graph\":[{\"@type\":\"WebPage\",\"@id\":\"https:\\\/\\\/latelierduliege.com\\\/collection\\\/lunettes-de-soleil-en-liege-algarve-style-ecologique\\\/\",\"url\":\"https:\\\/\\\/latelierduliege.com\\\/collection\\\/lunettes-de-soleil-en-liege-algarve-style-ecologique\\\/\",\"name\":\"Lunettes de soleil en li\u00e8ge femme \u2013 Protection UV et style - L&#039;Atelier du Li\u00e8ge\",\"isPartOf\":{\"@id\":\"https:\\\/\\\/latelierduliege.com\\\/#website\"},\"primaryImageOfPage\":{\"@id\":\"https:\\\/\\\/latelierduliege.com\\\/collection\\\/lunettes-de-soleil-en-liege-algarve-style-ecologique\\\/#primaryimage\"},\"image\":{\"@id\":\"https:\\\/\\\/latelierduliege.com\\\/collection\\\/lunettes-de-soleil-en-liege-algarve-style-ecologique\\\/#primaryimage\"},\"thumbnailUrl\":\"https:\\\/\\\/latelierduliege.com\\\/wp-content\\\/uploads\\\/2024\\\/07\\\/e5ae04b4af8971dacbac21b8f4da0df4eaf24b848c9bf38943ad486939f61f38.jpg\",\"datePublished\":\"2024-07-20T14:58:52+00:00\",\"dateModified\":\"2026-04-14T14:27:33+00:00\",\"description\":\"Lunettes de soleil en li\u00e8ge femme, \u00e9l\u00e9gantes et \u00e9coresponsables. Poign\u00e9es en li\u00e8ge, monture recycl\u00e9e et protection UV. Parfaits pour l'\u00e9t\u00e9 !\",\"breadcrumb\":{\"@id\":\"https:\\\/\\\/latelierduliege.com\\\/collection\\\/lunettes-de-soleil-en-liege-algarve-style-ecologique\\\/#breadcrumb\"},\"inLanguage\":\"it-IT\",\"potentialAction\":[{\"@type\":\"ReadAction\",\"target\":[\"https:\\\/\\\/latelierduliege.com\\\/collection\\\/lunettes-de-soleil-en-liege-algarve-style-ecologique\\\/\"]}]},{\"@type\":\"ImageObject\",\"inLanguage\":\"it-IT\",\"@id\":\"https:\\\/\\\/latelierduliege.com\\\/collection\\\/lunettes-de-soleil-en-liege-algarve-style-ecologique\\\/#primaryimage\",\"url\":\"https:\\\/\\\/latelierduliege.com\\\/wp-content\\\/uploads\\\/2024\\\/07\\\/e5ae04b4af8971dacbac21b8f4da0df4eaf24b848c9bf38943ad486939f61f38.jpg\",\"contentUrl\":\"https:\\\/\\\/latelierduliege.com\\\/wp-content\\\/uploads\\\/2024\\\/07\\\/e5ae04b4af8971dacbac21b8f4da0df4eaf24b848c9bf38943ad486939f61f38.jpg\",\"width\":2000,\"height\":2000,\"caption\":\"Img\"},{\"@type\":\"BreadcrumbList\",\"@id\":\"https:\\\/\\\/latelierduliege.com\\\/collection\\\/lunettes-de-soleil-en-liege-algarve-style-ecologique\\\/#breadcrumb\",\"itemListElement\":[{\"@type\":\"ListItem\",\"position\":1,\"name\":\"Home\",\"item\":\"https:\\\/\\\/latelierduliege.com\\\/\"},{\"@type\":\"ListItem\",\"position\":2,\"name\":\"Boutique\",\"item\":\"https:\\\/\\\/latelierduliege.com\\\/boutique-liege\\\/\"},{\"@type\":\"ListItem\",\"position\":3,\"name\":\"Lunettes de soleil en li\u00e8ge \u00ab Algarve \u00bb pour femme \u2013 \u00c9l\u00e9gantes et \u00e9cologiques\"}]},{\"@type\":\"WebSite\",\"@id\":\"https:\\\/\\\/latelierduliege.com\\\/#website\",\"url\":\"https:\\\/\\\/latelierduliege.com\\\/\",\"name\":\"L'Atelier du Li\u00e8ge\",\"description\":\"Ecoresponsable par nature\",\"potentialAction\":[{\"@type\":\"SearchAction\",\"target\":{\"@type\":\"EntryPoint\",\"urlTemplate\":\"https:\\\/\\\/latelierduliege.com\\\/?s={search_term_string}\"},\"query-input\":{\"@type\":\"PropertyValueSpecification\",\"valueRequired\":true,\"valueName\":\"search_term_string\"}}],\"inLanguage\":\"it-IT\"}]}<\/script>\n<!-- \/ Yoast SEO plugin. -->","yoast_head_json":{"title":"Lunettes de soleil en li\u00e8ge femme \u2013 Protection UV et style - L&#039;Atelier du Li\u00e8ge","description":"Lunettes de soleil en li\u00e8ge femme, \u00e9l\u00e9gantes et \u00e9coresponsables. Poign\u00e9es en li\u00e8ge, monture recycl\u00e9e et protection UV. Parfaits pour l'\u00e9t\u00e9 !","robots":{"index":"index","follow":"follow","max-snippet":"max-snippet:-1","max-image-preview":"max-image-preview:large","max-video-preview":"max-video-preview:-1"},"canonical":"https:\/\/latelierduliege.com\/it\/collection\/lunettes-de-soleil-en-liege-algarve-style-ecologique\/","og_locale":"it_IT","og_type":"article","og_title":"Lunettes de soleil en li\u00e8ge femme \u2013 Protection UV et style - L&#039;Atelier du Li\u00e8ge","og_description":"Lunettes de soleil en li\u00e8ge femme, \u00e9l\u00e9gantes et \u00e9coresponsables. Poign\u00e9es en li\u00e8ge, monture recycl\u00e9e et protection UV. Parfaits pour l'\u00e9t\u00e9 !","og_url":"https:\/\/latelierduliege.com\/it\/collection\/lunettes-de-soleil-en-liege-algarve-style-ecologique\/","og_site_name":"L&#039;Atelier du Li\u00e8ge","article_publisher":"https:\/\/www.facebook.com","article_modified_time":"2026-04-14T14:27:33+00:00","og_image":[{"width":2000,"height":2000,"url":"https:\/\/latelierduliege.com\/wp-content\/uploads\/2024\/07\/e5ae04b4af8971dacbac21b8f4da0df4eaf24b848c9bf38943ad486939f61f38.jpg","type":"image\/jpeg"}],"twitter_card":"summary_large_image","twitter_misc":{"Tempo di lettura stimato":"1 minuto"},"schema":{"@context":"https:\/\/schema.org","@graph":[{"@type":"WebPage","@id":"https:\/\/latelierduliege.com\/collection\/lunettes-de-soleil-en-liege-algarve-style-ecologique\/","url":"https:\/\/latelierduliege.com\/collection\/lunettes-de-soleil-en-liege-algarve-style-ecologique\/","name":"Lunettes de soleil en li\u00e8ge femme \u2013 Protection UV et style - L&#039;Atelier du Li\u00e8ge","isPartOf":{"@id":"https:\/\/latelierduliege.com\/#website"},"primaryImageOfPage":{"@id":"https:\/\/latelierduliege.com\/collection\/lunettes-de-soleil-en-liege-algarve-style-ecologique\/#primaryimage"},"image":{"@id":"https:\/\/latelierduliege.com\/collection\/lunettes-de-soleil-en-liege-algarve-style-ecologique\/#primaryimage"},"thumbnailUrl":"https:\/\/latelierduliege.com\/wp-content\/uploads\/2024\/07\/e5ae04b4af8971dacbac21b8f4da0df4eaf24b848c9bf38943ad486939f61f38.jpg","datePublished":"2024-07-20T14:58:52+00:00","dateModified":"2026-04-14T14:27:33+00:00","description":"Lunettes de soleil en li\u00e8ge femme, \u00e9l\u00e9gantes et \u00e9coresponsables. Poign\u00e9es en li\u00e8ge, monture recycl\u00e9e et protection UV. Parfaits pour l'\u00e9t\u00e9 !","breadcrumb":{"@id":"https:\/\/latelierduliege.com\/collection\/lunettes-de-soleil-en-liege-algarve-style-ecologique\/#breadcrumb"},"inLanguage":"it-IT","potentialAction":[{"@type":"ReadAction","target":["https:\/\/latelierduliege.com\/collection\/lunettes-de-soleil-en-liege-algarve-style-ecologique\/"]}]},{"@type":"ImageObject","inLanguage":"it-IT","@id":"https:\/\/latelierduliege.com\/collection\/lunettes-de-soleil-en-liege-algarve-style-ecologique\/#primaryimage","url":"https:\/\/latelierduliege.com\/wp-content\/uploads\/2024\/07\/e5ae04b4af8971dacbac21b8f4da0df4eaf24b848c9bf38943ad486939f61f38.jpg","contentUrl":"https:\/\/latelierduliege.com\/wp-content\/uploads\/2024\/07\/e5ae04b4af8971dacbac21b8f4da0df4eaf24b848c9bf38943ad486939f61f38.jpg","width":2000,"height":2000,"caption":"Img"},{"@type":"BreadcrumbList","@id":"https:\/\/latelierduliege.com\/collection\/lunettes-de-soleil-en-liege-algarve-style-ecologique\/#breadcrumb","itemListElement":[{"@type":"ListItem","position":1,"name":"Home","item":"https:\/\/latelierduliege.com\/"},{"@type":"ListItem","position":2,"name":"Boutique","item":"https:\/\/latelierduliege.com\/boutique-liege\/"},{"@type":"ListItem","position":3,"name":"Lunettes de soleil en li\u00e8ge \u00ab Algarve \u00bb pour femme \u2013 \u00c9l\u00e9gantes et \u00e9cologiques"}]},{"@type":"WebSite","@id":"https:\/\/latelierduliege.com\/#website","url":"https:\/\/latelierduliege.com\/","name":"L'Atelier du Li\u00e8ge","description":"Ecoresponsable par nature","potentialAction":[{"@type":"SearchAction","target":{"@type":"EntryPoint","urlTemplate":"https:\/\/latelierduliege.com\/?s={search_term_string}"},"query-input":{"@type":"PropertyValueSpecification","valueRequired":true,"valueName":"search_term_string"}}],"inLanguage":"it-IT"}]}},"brands":[{"id":267,"name":"L'Atelier du Li\u00e8ge","slug":"atelier-du-liege"}],"_links":{"self":[{"href":"https:\/\/latelierduliege.com\/it\/wp-json\/wp\/v2\/product\/10758","targetHints":{"allow":["GET"]}}],"collection":[{"href":"https:\/\/latelierduliege.com\/it\/wp-json\/wp\/v2\/product"}],"about":[{"href":"https:\/\/latelierduliege.com\/it\/wp-json\/wp\/v2\/types\/product"}],"replies":[{"embeddable":true,"href":"https:\/\/latelierduliege.com\/it\/wp-json\/wp\/v2\/comments?post=10758"}],"wp:featuredmedia":[{"embeddable":true,"href":"https:\/\/latelierduliege.com\/it\/wp-json\/wp\/v2\/media\/10747"}],"wp:attachment":[{"href":"https:\/\/latelierduliege.com\/it\/wp-json\/wp\/v2\/media?parent=10758"}],"wp:term":[{"taxonomy":"pwb-brand","embeddable":true,"href":"https:\/\/latelierduliege.com\/it\/wp-json\/wp\/v2\/pwb-brand?post=10758"},{"taxonomy":"product_brand","embeddable":true,"href":"https:\/\/latelierduliege.com\/it\/wp-json\/wp\/v2\/product_brand?post=10758"},{"taxonomy":"product_cat","embeddable":true,"href":"https:\/\/latelierduliege.com\/it\/wp-json\/wp\/v2\/product_cat?post=10758"},{"taxonomy":"product_tag","embeddable":true,"href":"https:\/\/latelierduliege.com\/it\/wp-json\/wp\/v2\/product_tag?post=10758"}],"curies":[{"name":"wp","href":"https:\/\/api.w.org\/{rel}","templated":true}]}}