{"id":10781,"date":"2024-07-20T16:13:53","date_gmt":"2024-07-20T16:13:53","guid":{"rendered":"https:\/\/latelierduliege.com\/collection\/mens-multifunctional-cork-wallet-in-classic-black-and-brown-with-convenient-coin-pocket-bag-2006\/"},"modified":"2026-04-15T10:56:56","modified_gmt":"2026-04-15T08:56:56","slug":"portefeuille-liege-homme-tavira","status":"publish","type":"product","link":"https:\/\/latelierduliege.com\/it\/collection\/portefeuille-liege-homme-tavira\/","title":{"rendered":"Portafoglio uomo in sughero \u201cTavira\u201d \u2013 multifunzionale, elegante e resistente"},"content":{"rendered":"<p>Scopri il nostro portafoglio multifunzionale da uomo in sughero, disponibile nei colori nero classico e marrone.\n\nIl \u201cTavira\u201d \u00e8 l\u2019accessorio ideale per chi cerca eleganza e funzionalit\u00e0 in un unico portafoglio.<\/p>\n<p>Realizzato in sughero sostenibile e certificato PETA Vegan, questo portafoglio rappresenta un\u2019alternativa etica e rispettosa dell\u2019ambiente alla pelle animale.<\/p>\n<p>Dispone di 6 scomparti per carte, 2 tasche interne, una tasca con zip, una tasca portamonete sicura e 2 scomparti per banconote.<\/p>\n<hr \/>\n<p><strong>Dimensioni :<\/strong><\/p>\n<ul>\n<li>Lunghezza : 11,5 cm<\/li>\n<li>Altezza : 9,5 cm<\/li>\n<\/ul>\n<p>Scegli un accessorio elegante e pratico che unisce design moderno, materiali naturali e sostenibilit\u00e0.<\/p>\n<p>Tutti i nostri prodotti sono realizzati con sughero naturale e lavorati a mano da artigiani.\n\nOgni pezzo \u00e8 unico e pu\u00f2 presentare piccole imperfezioni naturali, caratteristiche che rendono ogni accessorio autentico e originale.<\/p>","protected":false},"excerpt":{"rendered":"<p>Il portafoglio multifunzionale \u201cTavira\u201d da uomo \u00e8 realizzato in sughero ecologico.<\/p>\n<p>Questo portafoglio certificato PETA Vegan dispone di 6 scomparti per carte, 2 tasche interne, una tasca con zip, una tasca portamonete sicura e 2 scomparti per banconote.\n\nElegante e resistente, rappresenta una valida alternativa alla pelle animale.\nScegli un materiale naturale, scegli il sughero.<\/p>\n<hr \/>\n<p><img loading=\"lazy\" decoding=\"async\" class=\"alignnone size-large wp-image-76\" src=\"https:\/\/latelierduliege.com\/wp-content\/uploads\/2026\/03\/Vantaggi-del-sughero-in-5-punti-2.png\" alt=\"\" width=\"1020\" height=\"682\" srcset=\"https:\/\/latelierduliege.com\/wp-content\/uploads\/2026\/03\/Vantaggi-del-sughero-in-5-punti-2.png 1536w, https:\/\/latelierduliege.com\/wp-content\/uploads\/2026\/03\/Vantaggi-del-sughero-in-5-punti-2-300x200.png 300w, https:\/\/latelierduliege.com\/wp-content\/uploads\/2026\/03\/Vantaggi-del-sughero-in-5-punti-2-1024x683.png 1024w, https:\/\/latelierduliege.com\/wp-content\/uploads\/2026\/03\/Vantaggi-del-sughero-in-5-punti-2-768x512.png 768w, https:\/\/latelierduliege.com\/wp-content\/uploads\/2026\/03\/Vantaggi-del-sughero-in-5-punti-2-18x12.png 18w, https:\/\/latelierduliege.com\/wp-content\/uploads\/2026\/03\/Vantaggi-del-sughero-in-5-punti-2-510x340.png 510w\" sizes=\"auto, (max-width: 1020px) 100vw, 1020px\" \/><\/p>","protected":false},"featured_media":10768,"comment_status":"open","ping_status":"closed","template":"","meta":[],"pwb-brand":[267],"product_brand":[],"product_cat":[553,621,188],"product_tag":[],"class_list":{"0":"post-10781","1":"product","2":"type-product","3":"status-publish","4":"has-post-thumbnail","6":"pwb-brand-atelier-du-liege","7":"product_cat-nouveautes-accessoires-liege","8":"product_cat-portefeuilles-liege","9":"product_cat-portefeuilles-homme","11":"first","12":"instock","13":"shipping-taxable","14":"purchasable","15":"product-type-variable"},"yoast_head":"<!-- This site is optimized with the Yoast SEO plugin v27.3 - https:\/\/yoast.com\/product\/yoast-seo-wordpress\/ -->\n<title>Portefeuille en li\u00e8ge homme \u2013 \u00c9l\u00e9gant et pratique - L&#039;Atelier du Li\u00e8ge<\/title>\n<meta name=\"description\" content=\"Portefeuille en li\u00e8ge homme multifonction. 6 emplacements cartes, poche zipp\u00e9e et compartiment billets. L\u00e9ger, durable et \u00e9coresponsable.\" \/>\n<meta name=\"robots\" content=\"index, follow, max-snippet:-1, max-image-preview:large, max-video-preview:-1\" \/>\n<link rel=\"canonical\" href=\"https:\/\/latelierduliege.com\/it\/collection\/portefeuille-liege-homme-tavira\/\" \/>\n<meta property=\"og:locale\" content=\"it_IT\" \/>\n<meta property=\"og:type\" content=\"article\" \/>\n<meta property=\"og:title\" content=\"Portefeuille en li\u00e8ge homme \u2013 \u00c9l\u00e9gant et pratique - L&#039;Atelier du Li\u00e8ge\" \/>\n<meta property=\"og:description\" content=\"Portefeuille en li\u00e8ge homme multifonction. 6 emplacements cartes, poche zipp\u00e9e et compartiment billets. L\u00e9ger, durable et \u00e9coresponsable.\" \/>\n<meta property=\"og:url\" content=\"https:\/\/latelierduliege.com\/it\/collection\/portefeuille-liege-homme-tavira\/\" \/>\n<meta property=\"og:site_name\" content=\"L&#039;Atelier du Li\u00e8ge\" \/>\n<meta property=\"article:publisher\" content=\"https:\/\/www.facebook.com\" \/>\n<meta property=\"article:modified_time\" content=\"2026-04-15T08:56:56+00:00\" \/>\n<meta property=\"og:image\" content=\"https:\/\/latelierduliege.com\/wp-content\/uploads\/2024\/07\/407831a5b12f48045c973256b358f34cdf0d65251c44ee1caf16abae397c7a33.jpg\" \/>\n\t<meta property=\"og:image:width\" content=\"1200\" \/>\n\t<meta property=\"og:image:height\" content=\"1200\" \/>\n\t<meta property=\"og:image:type\" content=\"image\/jpeg\" \/>\n<meta name=\"twitter:card\" content=\"summary_large_image\" \/>\n<meta name=\"twitter:label1\" content=\"Tempo di lettura stimato\" \/>\n\t<meta name=\"twitter:data1\" content=\"1 minuto\" \/>\n<script type=\"application\/ld+json\" class=\"yoast-schema-graph\">{\"@context\":\"https:\\\/\\\/schema.org\",\"@graph\":[{\"@type\":\"WebPage\",\"@id\":\"https:\\\/\\\/latelierduliege.com\\\/collection\\\/portefeuille-liege-homme-tavira\\\/\",\"url\":\"https:\\\/\\\/latelierduliege.com\\\/collection\\\/portefeuille-liege-homme-tavira\\\/\",\"name\":\"Portefeuille en li\u00e8ge homme \u2013 \u00c9l\u00e9gant et pratique - L&#039;Atelier du Li\u00e8ge\",\"isPartOf\":{\"@id\":\"https:\\\/\\\/latelierduliege.com\\\/#website\"},\"primaryImageOfPage\":{\"@id\":\"https:\\\/\\\/latelierduliege.com\\\/collection\\\/portefeuille-liege-homme-tavira\\\/#primaryimage\"},\"image\":{\"@id\":\"https:\\\/\\\/latelierduliege.com\\\/collection\\\/portefeuille-liege-homme-tavira\\\/#primaryimage\"},\"thumbnailUrl\":\"https:\\\/\\\/latelierduliege.com\\\/wp-content\\\/uploads\\\/2024\\\/07\\\/407831a5b12f48045c973256b358f34cdf0d65251c44ee1caf16abae397c7a33.jpg\",\"datePublished\":\"2024-07-20T16:13:53+00:00\",\"dateModified\":\"2026-04-15T08:56:56+00:00\",\"description\":\"Portefeuille en li\u00e8ge homme multifonction. 6 emplacements cartes, poche zipp\u00e9e et compartiment billets. L\u00e9ger, durable et \u00e9coresponsable.\",\"breadcrumb\":{\"@id\":\"https:\\\/\\\/latelierduliege.com\\\/collection\\\/portefeuille-liege-homme-tavira\\\/#breadcrumb\"},\"inLanguage\":\"it-IT\",\"potentialAction\":[{\"@type\":\"ReadAction\",\"target\":[\"https:\\\/\\\/latelierduliege.com\\\/collection\\\/portefeuille-liege-homme-tavira\\\/\"]}]},{\"@type\":\"ImageObject\",\"inLanguage\":\"it-IT\",\"@id\":\"https:\\\/\\\/latelierduliege.com\\\/collection\\\/portefeuille-liege-homme-tavira\\\/#primaryimage\",\"url\":\"https:\\\/\\\/latelierduliege.com\\\/wp-content\\\/uploads\\\/2024\\\/07\\\/407831a5b12f48045c973256b358f34cdf0d65251c44ee1caf16abae397c7a33.jpg\",\"contentUrl\":\"https:\\\/\\\/latelierduliege.com\\\/wp-content\\\/uploads\\\/2024\\\/07\\\/407831a5b12f48045c973256b358f34cdf0d65251c44ee1caf16abae397c7a33.jpg\",\"width\":1200,\"height\":1200,\"caption\":\"Img\"},{\"@type\":\"BreadcrumbList\",\"@id\":\"https:\\\/\\\/latelierduliege.com\\\/collection\\\/portefeuille-liege-homme-tavira\\\/#breadcrumb\",\"itemListElement\":[{\"@type\":\"ListItem\",\"position\":1,\"name\":\"Home\",\"item\":\"https:\\\/\\\/latelierduliege.com\\\/\"},{\"@type\":\"ListItem\",\"position\":2,\"name\":\"Boutique\",\"item\":\"https:\\\/\\\/latelierduliege.com\\\/boutique-liege\\\/\"},{\"@type\":\"ListItem\",\"position\":3,\"name\":\"Portefeuille en li\u00e8ge \u00ab Tavira \u00bb pour homme \u2013 Multifonctionnel, \u00e9l\u00e9gant et durable\"}]},{\"@type\":\"WebSite\",\"@id\":\"https:\\\/\\\/latelierduliege.com\\\/#website\",\"url\":\"https:\\\/\\\/latelierduliege.com\\\/\",\"name\":\"L'Atelier du Li\u00e8ge\",\"description\":\"Ecoresponsable par nature\",\"potentialAction\":[{\"@type\":\"SearchAction\",\"target\":{\"@type\":\"EntryPoint\",\"urlTemplate\":\"https:\\\/\\\/latelierduliege.com\\\/?s={search_term_string}\"},\"query-input\":{\"@type\":\"PropertyValueSpecification\",\"valueRequired\":true,\"valueName\":\"search_term_string\"}}],\"inLanguage\":\"it-IT\"}]}<\/script>\n<!-- \/ Yoast SEO plugin. -->","yoast_head_json":{"title":"Portefeuille en li\u00e8ge homme \u2013 \u00c9l\u00e9gant et pratique - L&#039;Atelier du Li\u00e8ge","description":"Portefeuille en li\u00e8ge homme multifonction. 6 emplacements cartes, poche zipp\u00e9e et compartiment billets. L\u00e9ger, durable et \u00e9coresponsable.","robots":{"index":"index","follow":"follow","max-snippet":"max-snippet:-1","max-image-preview":"max-image-preview:large","max-video-preview":"max-video-preview:-1"},"canonical":"https:\/\/latelierduliege.com\/it\/collection\/portefeuille-liege-homme-tavira\/","og_locale":"it_IT","og_type":"article","og_title":"Portefeuille en li\u00e8ge homme \u2013 \u00c9l\u00e9gant et pratique - L&#039;Atelier du Li\u00e8ge","og_description":"Portefeuille en li\u00e8ge homme multifonction. 6 emplacements cartes, poche zipp\u00e9e et compartiment billets. L\u00e9ger, durable et \u00e9coresponsable.","og_url":"https:\/\/latelierduliege.com\/it\/collection\/portefeuille-liege-homme-tavira\/","og_site_name":"L&#039;Atelier du Li\u00e8ge","article_publisher":"https:\/\/www.facebook.com","article_modified_time":"2026-04-15T08:56:56+00:00","og_image":[{"width":1200,"height":1200,"url":"https:\/\/latelierduliege.com\/wp-content\/uploads\/2024\/07\/407831a5b12f48045c973256b358f34cdf0d65251c44ee1caf16abae397c7a33.jpg","type":"image\/jpeg"}],"twitter_card":"summary_large_image","twitter_misc":{"Tempo di lettura stimato":"1 minuto"},"schema":{"@context":"https:\/\/schema.org","@graph":[{"@type":"WebPage","@id":"https:\/\/latelierduliege.com\/collection\/portefeuille-liege-homme-tavira\/","url":"https:\/\/latelierduliege.com\/collection\/portefeuille-liege-homme-tavira\/","name":"Portefeuille en li\u00e8ge homme \u2013 \u00c9l\u00e9gant et pratique - L&#039;Atelier du Li\u00e8ge","isPartOf":{"@id":"https:\/\/latelierduliege.com\/#website"},"primaryImageOfPage":{"@id":"https:\/\/latelierduliege.com\/collection\/portefeuille-liege-homme-tavira\/#primaryimage"},"image":{"@id":"https:\/\/latelierduliege.com\/collection\/portefeuille-liege-homme-tavira\/#primaryimage"},"thumbnailUrl":"https:\/\/latelierduliege.com\/wp-content\/uploads\/2024\/07\/407831a5b12f48045c973256b358f34cdf0d65251c44ee1caf16abae397c7a33.jpg","datePublished":"2024-07-20T16:13:53+00:00","dateModified":"2026-04-15T08:56:56+00:00","description":"Portefeuille en li\u00e8ge homme multifonction. 6 emplacements cartes, poche zipp\u00e9e et compartiment billets. L\u00e9ger, durable et \u00e9coresponsable.","breadcrumb":{"@id":"https:\/\/latelierduliege.com\/collection\/portefeuille-liege-homme-tavira\/#breadcrumb"},"inLanguage":"it-IT","potentialAction":[{"@type":"ReadAction","target":["https:\/\/latelierduliege.com\/collection\/portefeuille-liege-homme-tavira\/"]}]},{"@type":"ImageObject","inLanguage":"it-IT","@id":"https:\/\/latelierduliege.com\/collection\/portefeuille-liege-homme-tavira\/#primaryimage","url":"https:\/\/latelierduliege.com\/wp-content\/uploads\/2024\/07\/407831a5b12f48045c973256b358f34cdf0d65251c44ee1caf16abae397c7a33.jpg","contentUrl":"https:\/\/latelierduliege.com\/wp-content\/uploads\/2024\/07\/407831a5b12f48045c973256b358f34cdf0d65251c44ee1caf16abae397c7a33.jpg","width":1200,"height":1200,"caption":"Img"},{"@type":"BreadcrumbList","@id":"https:\/\/latelierduliege.com\/collection\/portefeuille-liege-homme-tavira\/#breadcrumb","itemListElement":[{"@type":"ListItem","position":1,"name":"Home","item":"https:\/\/latelierduliege.com\/"},{"@type":"ListItem","position":2,"name":"Boutique","item":"https:\/\/latelierduliege.com\/boutique-liege\/"},{"@type":"ListItem","position":3,"name":"Portefeuille en li\u00e8ge \u00ab Tavira \u00bb pour homme \u2013 Multifonctionnel, \u00e9l\u00e9gant et durable"}]},{"@type":"WebSite","@id":"https:\/\/latelierduliege.com\/#website","url":"https:\/\/latelierduliege.com\/","name":"L'Atelier du Li\u00e8ge","description":"Ecoresponsable par nature","potentialAction":[{"@type":"SearchAction","target":{"@type":"EntryPoint","urlTemplate":"https:\/\/latelierduliege.com\/?s={search_term_string}"},"query-input":{"@type":"PropertyValueSpecification","valueRequired":true,"valueName":"search_term_string"}}],"inLanguage":"it-IT"}]}},"brands":[{"id":267,"name":"L'Atelier du Li\u00e8ge","slug":"atelier-du-liege"}],"_links":{"self":[{"href":"https:\/\/latelierduliege.com\/it\/wp-json\/wp\/v2\/product\/10781","targetHints":{"allow":["GET"]}}],"collection":[{"href":"https:\/\/latelierduliege.com\/it\/wp-json\/wp\/v2\/product"}],"about":[{"href":"https:\/\/latelierduliege.com\/it\/wp-json\/wp\/v2\/types\/product"}],"replies":[{"embeddable":true,"href":"https:\/\/latelierduliege.com\/it\/wp-json\/wp\/v2\/comments?post=10781"}],"wp:featuredmedia":[{"embeddable":true,"href":"https:\/\/latelierduliege.com\/it\/wp-json\/wp\/v2\/media\/10768"}],"wp:attachment":[{"href":"https:\/\/latelierduliege.com\/it\/wp-json\/wp\/v2\/media?parent=10781"}],"wp:term":[{"taxonomy":"pwb-brand","embeddable":true,"href":"https:\/\/latelierduliege.com\/it\/wp-json\/wp\/v2\/pwb-brand?post=10781"},{"taxonomy":"product_brand","embeddable":true,"href":"https:\/\/latelierduliege.com\/it\/wp-json\/wp\/v2\/product_brand?post=10781"},{"taxonomy":"product_cat","embeddable":true,"href":"https:\/\/latelierduliege.com\/it\/wp-json\/wp\/v2\/product_cat?post=10781"},{"taxonomy":"product_tag","embeddable":true,"href":"https:\/\/latelierduliege.com\/it\/wp-json\/wp\/v2\/product_tag?post=10781"}],"curies":[{"name":"wp","href":"https:\/\/api.w.org\/{rel}","templated":true}]}}