{"id":10806,"date":"2024-07-20T16:37:39","date_gmt":"2024-07-20T16:37:39","guid":{"rendered":"https:\/\/latelierduliege.com\/collection\/stylish-front-pocket-cork-crossbody-wallet-mobile-phone-bag-bag-2271\/"},"modified":"2026-04-02T18:23:57","modified_gmt":"2026-04-02T16:23:57","slug":"sac-telephone-portable-liege-madeira","status":"publish","type":"product","link":"https:\/\/latelierduliege.com\/it\/collection\/sac-telephone-portable-liege-madeira\/","title":{"rendered":"Mini sac en li\u00e8ge \u00ab Madeira \u00bb pour femme \u2013 \u00c9l\u00e9gant, compact et \u00e9cologique"},"content":{"rendered":"<p><strong>\u00c9levez votre style avec notre mini sac en li\u00e8ge naturel \u00ab\u00a0Madeira\u00a0\u00bb pour femmes, id\u00e9al pour le t\u00e9l\u00e9phone portable ou multi-usages .<\/strong><\/p>\n<p>Ce sac est \u00e0 la fois pratique et \u00e9l\u00e9gant. Il est dot\u00e9 d&rsquo;une large bandouli\u00e8re en coton tiss\u00e9, garantissant un confort maximal. Une sangle de poignet suppl\u00e9mentaire vous permet de l&rsquo;utiliser de diff\u00e9rentes fa\u00e7ons. Avec quatre couleurs disponibles (Naturel, Bourgogne, Noir, Marron), vous pouvez facilement l\u2019assortir \u00e0 votre style.<\/p>\n<p><strong>Caratteristiche principali :<\/strong><\/p>\n<ul>\n<li><strong>Poche avant avec fermeture \u00e0 pression :<\/strong> Rangez votre smartphone rapidement et en toute s\u00e9curit\u00e9.<\/li>\n<li><strong>Int\u00e9rieur spacieux :<\/strong> Le sac contient deux compartiments. L&rsquo;un peut accueillir jusqu&rsquo;\u00e0 12 cartes. Une poche zipp\u00e9e permet de ranger des petits objets comme des pi\u00e8ces ou des cl\u00e9s.<\/li>\n<\/ul>\n<p><strong>Dimensioni :<\/strong><\/p>\n<ul>\n<li>Hauteur : 11 cm<\/li>\n<li>Longueur : 19 cm<\/li>\n<li>Largeur : 5 cm<\/li>\n<\/ul>\n<p>Fabriqu\u00e9 en li\u00e8ge naturel, ce sac allie \u00e9l\u00e9gance, respect de l&rsquo;environnement et durabilit\u00e9. Il est r\u00e9alis\u00e9 \u00e0 la main par des artisans, rendant chaque pi\u00e8ce unique. Quelques imperfections peuvent appara\u00eetre, mais elles ajoutent au charme du produit.<\/p>\n<p>Rehaussez votre collection avec ce sac \u00e9cologique et fonctionnel. C&rsquo;est le compagnon id\u00e9al pour vos journ\u00e9es charg\u00e9es. Nos produits sont 100 % vegan et refl\u00e8tent un engagement envers un mode de vie respectueux de la nature.<\/p>","protected":false},"excerpt":{"rendered":"<p>Ce sac \u00e0 t\u00e9l\u00e9phone portable VEGAN en li\u00e8ge est fabriqu\u00e9 exclusivement \u00e0 partir de cuir v\u00e9g\u00e9tal. Disponible en couleurs Naturel, Bourgogne, Noir et Marron, ce sac est un accessoire pratique et durable qui met en valeur vos convictions et votre amour pour la nature. Fabriqu\u00e9 \u00e0 la main dans nos ateliers situ\u00e9s au Portugal, ce sac est confectionn\u00e9 par des artisans qui travaillent le li\u00e8ge depuis plus d\u2019une d\u00e9cennie. Il constitue la meilleure alternative au cuir d\u2019origine animale.<\/p>\n<p><img loading=\"lazy\" decoding=\"async\" class=\"alignnone size-large wp-image-76\" src=\"https:\/\/latelierduliege.com\/wp-content\/uploads\/2026\/03\/Vantaggi-del-sughero-in-5-punti-2.png\" alt=\"\" width=\"1020\" height=\"682\" srcset=\"https:\/\/latelierduliege.com\/wp-content\/uploads\/2026\/03\/Vantaggi-del-sughero-in-5-punti-2.png 1536w, https:\/\/latelierduliege.com\/wp-content\/uploads\/2026\/03\/Vantaggi-del-sughero-in-5-punti-2-300x200.png 300w, https:\/\/latelierduliege.com\/wp-content\/uploads\/2026\/03\/Vantaggi-del-sughero-in-5-punti-2-1024x683.png 1024w, https:\/\/latelierduliege.com\/wp-content\/uploads\/2026\/03\/Vantaggi-del-sughero-in-5-punti-2-768x512.png 768w, https:\/\/latelierduliege.com\/wp-content\/uploads\/2026\/03\/Vantaggi-del-sughero-in-5-punti-2-18x12.png 18w, https:\/\/latelierduliege.com\/wp-content\/uploads\/2026\/03\/Vantaggi-del-sughero-in-5-punti-2-510x340.png 510w\" sizes=\"auto, (max-width: 1020px) 100vw, 1020px\" \/><\/p>","protected":false},"featured_media":10789,"comment_status":"open","ping_status":"closed","template":"","meta":[],"pwb-brand":[267],"product_brand":[],"product_cat":[553,190,620],"product_tag":[640],"class_list":{"0":"post-10806","1":"product","2":"type-product","3":"status-publish","4":"has-post-thumbnail","6":"pwb-brand-atelier-du-liege","7":"product_cat-nouveautes-accessoires-liege","8":"product_cat-sacs-a-main","9":"product_cat-sacs-liege","10":"product_tag-femme","12":"first","13":"instock","14":"shipping-taxable","15":"purchasable","16":"product-type-variable"},"yoast_head":"<!-- This site is optimized with the Yoast SEO plugin v27.3 - https:\/\/yoast.com\/product\/yoast-seo-wordpress\/ -->\n<title>Mini sac en li\u00e8ge femme \u2013 Pratique et durable- L&#039;Atelier du Li\u00e8ge<\/title>\n<meta name=\"description\" content=\"Mini sac en li\u00e8ge femme, l\u00e9ger et fonctionnel. Poche zipp\u00e9e, bandouli\u00e8re en coton et espace cartes. \u00c9l\u00e9gant, compact et \u00e9coresponsable.\" \/>\n<meta name=\"robots\" content=\"index, follow, max-snippet:-1, max-image-preview:large, max-video-preview:-1\" \/>\n<link rel=\"canonical\" href=\"https:\/\/latelierduliege.com\/it\/collection\/sac-telephone-portable-liege-madeira\/\" \/>\n<meta property=\"og:locale\" content=\"it_IT\" \/>\n<meta property=\"og:type\" content=\"article\" \/>\n<meta property=\"og:title\" content=\"Mini sac en li\u00e8ge femme \u2013 Pratique et durable- L&#039;Atelier du Li\u00e8ge\" \/>\n<meta property=\"og:description\" content=\"Mini sac en li\u00e8ge femme, l\u00e9ger et fonctionnel. Poche zipp\u00e9e, bandouli\u00e8re en coton et espace cartes. \u00c9l\u00e9gant, compact et \u00e9coresponsable.\" \/>\n<meta property=\"og:url\" content=\"https:\/\/latelierduliege.com\/it\/collection\/sac-telephone-portable-liege-madeira\/\" \/>\n<meta property=\"og:site_name\" content=\"L&#039;Atelier du Li\u00e8ge\" \/>\n<meta property=\"article:publisher\" content=\"https:\/\/www.facebook.com\" \/>\n<meta property=\"article:modified_time\" content=\"2026-04-02T16:23:57+00:00\" \/>\n<meta property=\"og:image\" content=\"https:\/\/latelierduliege.com\/wp-content\/uploads\/2024\/07\/bag-2271all.jpg\" \/>\n\t<meta property=\"og:image:width\" content=\"2000\" \/>\n\t<meta property=\"og:image:height\" content=\"2000\" \/>\n\t<meta property=\"og:image:type\" content=\"image\/jpeg\" \/>\n<meta name=\"twitter:card\" content=\"summary_large_image\" \/>\n<meta name=\"twitter:label1\" content=\"Tempo di lettura stimato\" \/>\n\t<meta name=\"twitter:data1\" content=\"2 minuti\" \/>\n<script type=\"application\/ld+json\" class=\"yoast-schema-graph\">{\"@context\":\"https:\\\/\\\/schema.org\",\"@graph\":[{\"@type\":\"WebPage\",\"@id\":\"https:\\\/\\\/latelierduliege.com\\\/collection\\\/sac-telephone-portable-liege-madeira\\\/\",\"url\":\"https:\\\/\\\/latelierduliege.com\\\/collection\\\/sac-telephone-portable-liege-madeira\\\/\",\"name\":\"Mini sac en li\u00e8ge femme \u2013 Pratique et durable- L&#039;Atelier du Li\u00e8ge\",\"isPartOf\":{\"@id\":\"https:\\\/\\\/latelierduliege.com\\\/#website\"},\"primaryImageOfPage\":{\"@id\":\"https:\\\/\\\/latelierduliege.com\\\/collection\\\/sac-telephone-portable-liege-madeira\\\/#primaryimage\"},\"image\":{\"@id\":\"https:\\\/\\\/latelierduliege.com\\\/collection\\\/sac-telephone-portable-liege-madeira\\\/#primaryimage\"},\"thumbnailUrl\":\"https:\\\/\\\/latelierduliege.com\\\/wp-content\\\/uploads\\\/2024\\\/07\\\/bag-2271all.jpg\",\"datePublished\":\"2024-07-20T16:37:39+00:00\",\"dateModified\":\"2026-04-02T16:23:57+00:00\",\"description\":\"Mini sac en li\u00e8ge femme, l\u00e9ger et fonctionnel. Poche zipp\u00e9e, bandouli\u00e8re en coton et espace cartes. \u00c9l\u00e9gant, compact et \u00e9coresponsable.\",\"breadcrumb\":{\"@id\":\"https:\\\/\\\/latelierduliege.com\\\/collection\\\/sac-telephone-portable-liege-madeira\\\/#breadcrumb\"},\"inLanguage\":\"it-IT\",\"potentialAction\":[{\"@type\":\"ReadAction\",\"target\":[\"https:\\\/\\\/latelierduliege.com\\\/collection\\\/sac-telephone-portable-liege-madeira\\\/\"]}]},{\"@type\":\"ImageObject\",\"inLanguage\":\"it-IT\",\"@id\":\"https:\\\/\\\/latelierduliege.com\\\/collection\\\/sac-telephone-portable-liege-madeira\\\/#primaryimage\",\"url\":\"https:\\\/\\\/latelierduliege.com\\\/wp-content\\\/uploads\\\/2024\\\/07\\\/bag-2271all.jpg\",\"contentUrl\":\"https:\\\/\\\/latelierduliege.com\\\/wp-content\\\/uploads\\\/2024\\\/07\\\/bag-2271all.jpg\",\"width\":2000,\"height\":2000},{\"@type\":\"BreadcrumbList\",\"@id\":\"https:\\\/\\\/latelierduliege.com\\\/collection\\\/sac-telephone-portable-liege-madeira\\\/#breadcrumb\",\"itemListElement\":[{\"@type\":\"ListItem\",\"position\":1,\"name\":\"Home\",\"item\":\"https:\\\/\\\/latelierduliege.com\\\/\"},{\"@type\":\"ListItem\",\"position\":2,\"name\":\"Boutique\",\"item\":\"https:\\\/\\\/latelierduliege.com\\\/boutique-liege\\\/\"},{\"@type\":\"ListItem\",\"position\":3,\"name\":\"Mini sac en li\u00e8ge \u00ab Madeira \u00bb pour femme \u2013 \u00c9l\u00e9gant, compact et \u00e9cologique\"}]},{\"@type\":\"WebSite\",\"@id\":\"https:\\\/\\\/latelierduliege.com\\\/#website\",\"url\":\"https:\\\/\\\/latelierduliege.com\\\/\",\"name\":\"L'Atelier du Li\u00e8ge\",\"description\":\"Ecoresponsable par nature\",\"potentialAction\":[{\"@type\":\"SearchAction\",\"target\":{\"@type\":\"EntryPoint\",\"urlTemplate\":\"https:\\\/\\\/latelierduliege.com\\\/?s={search_term_string}\"},\"query-input\":{\"@type\":\"PropertyValueSpecification\",\"valueRequired\":true,\"valueName\":\"search_term_string\"}}],\"inLanguage\":\"it-IT\"}]}<\/script>\n<!-- \/ Yoast SEO plugin. -->","yoast_head_json":{"title":"Mini sac en li\u00e8ge femme \u2013 Pratique et durable- L&#039;Atelier du Li\u00e8ge","description":"Mini sac en li\u00e8ge femme, l\u00e9ger et fonctionnel. Poche zipp\u00e9e, bandouli\u00e8re en coton et espace cartes. \u00c9l\u00e9gant, compact et \u00e9coresponsable.","robots":{"index":"index","follow":"follow","max-snippet":"max-snippet:-1","max-image-preview":"max-image-preview:large","max-video-preview":"max-video-preview:-1"},"canonical":"https:\/\/latelierduliege.com\/it\/collection\/sac-telephone-portable-liege-madeira\/","og_locale":"it_IT","og_type":"article","og_title":"Mini sac en li\u00e8ge femme \u2013 Pratique et durable- L&#039;Atelier du Li\u00e8ge","og_description":"Mini sac en li\u00e8ge femme, l\u00e9ger et fonctionnel. Poche zipp\u00e9e, bandouli\u00e8re en coton et espace cartes. \u00c9l\u00e9gant, compact et \u00e9coresponsable.","og_url":"https:\/\/latelierduliege.com\/it\/collection\/sac-telephone-portable-liege-madeira\/","og_site_name":"L&#039;Atelier du Li\u00e8ge","article_publisher":"https:\/\/www.facebook.com","article_modified_time":"2026-04-02T16:23:57+00:00","og_image":[{"width":2000,"height":2000,"url":"https:\/\/latelierduliege.com\/wp-content\/uploads\/2024\/07\/bag-2271all.jpg","type":"image\/jpeg"}],"twitter_card":"summary_large_image","twitter_misc":{"Tempo di lettura stimato":"2 minuti"},"schema":{"@context":"https:\/\/schema.org","@graph":[{"@type":"WebPage","@id":"https:\/\/latelierduliege.com\/collection\/sac-telephone-portable-liege-madeira\/","url":"https:\/\/latelierduliege.com\/collection\/sac-telephone-portable-liege-madeira\/","name":"Mini sac en li\u00e8ge femme \u2013 Pratique et durable- L&#039;Atelier du Li\u00e8ge","isPartOf":{"@id":"https:\/\/latelierduliege.com\/#website"},"primaryImageOfPage":{"@id":"https:\/\/latelierduliege.com\/collection\/sac-telephone-portable-liege-madeira\/#primaryimage"},"image":{"@id":"https:\/\/latelierduliege.com\/collection\/sac-telephone-portable-liege-madeira\/#primaryimage"},"thumbnailUrl":"https:\/\/latelierduliege.com\/wp-content\/uploads\/2024\/07\/bag-2271all.jpg","datePublished":"2024-07-20T16:37:39+00:00","dateModified":"2026-04-02T16:23:57+00:00","description":"Mini sac en li\u00e8ge femme, l\u00e9ger et fonctionnel. Poche zipp\u00e9e, bandouli\u00e8re en coton et espace cartes. \u00c9l\u00e9gant, compact et \u00e9coresponsable.","breadcrumb":{"@id":"https:\/\/latelierduliege.com\/collection\/sac-telephone-portable-liege-madeira\/#breadcrumb"},"inLanguage":"it-IT","potentialAction":[{"@type":"ReadAction","target":["https:\/\/latelierduliege.com\/collection\/sac-telephone-portable-liege-madeira\/"]}]},{"@type":"ImageObject","inLanguage":"it-IT","@id":"https:\/\/latelierduliege.com\/collection\/sac-telephone-portable-liege-madeira\/#primaryimage","url":"https:\/\/latelierduliege.com\/wp-content\/uploads\/2024\/07\/bag-2271all.jpg","contentUrl":"https:\/\/latelierduliege.com\/wp-content\/uploads\/2024\/07\/bag-2271all.jpg","width":2000,"height":2000},{"@type":"BreadcrumbList","@id":"https:\/\/latelierduliege.com\/collection\/sac-telephone-portable-liege-madeira\/#breadcrumb","itemListElement":[{"@type":"ListItem","position":1,"name":"Home","item":"https:\/\/latelierduliege.com\/"},{"@type":"ListItem","position":2,"name":"Boutique","item":"https:\/\/latelierduliege.com\/boutique-liege\/"},{"@type":"ListItem","position":3,"name":"Mini sac en li\u00e8ge \u00ab Madeira \u00bb pour femme \u2013 \u00c9l\u00e9gant, compact et \u00e9cologique"}]},{"@type":"WebSite","@id":"https:\/\/latelierduliege.com\/#website","url":"https:\/\/latelierduliege.com\/","name":"L'Atelier du Li\u00e8ge","description":"Ecoresponsable par nature","potentialAction":[{"@type":"SearchAction","target":{"@type":"EntryPoint","urlTemplate":"https:\/\/latelierduliege.com\/?s={search_term_string}"},"query-input":{"@type":"PropertyValueSpecification","valueRequired":true,"valueName":"search_term_string"}}],"inLanguage":"it-IT"}]}},"brands":[{"id":267,"name":"L'Atelier du Li\u00e8ge","slug":"atelier-du-liege"}],"_links":{"self":[{"href":"https:\/\/latelierduliege.com\/it\/wp-json\/wp\/v2\/product\/10806","targetHints":{"allow":["GET"]}}],"collection":[{"href":"https:\/\/latelierduliege.com\/it\/wp-json\/wp\/v2\/product"}],"about":[{"href":"https:\/\/latelierduliege.com\/it\/wp-json\/wp\/v2\/types\/product"}],"replies":[{"embeddable":true,"href":"https:\/\/latelierduliege.com\/it\/wp-json\/wp\/v2\/comments?post=10806"}],"wp:featuredmedia":[{"embeddable":true,"href":"https:\/\/latelierduliege.com\/it\/wp-json\/wp\/v2\/media\/10789"}],"wp:attachment":[{"href":"https:\/\/latelierduliege.com\/it\/wp-json\/wp\/v2\/media?parent=10806"}],"wp:term":[{"taxonomy":"pwb-brand","embeddable":true,"href":"https:\/\/latelierduliege.com\/it\/wp-json\/wp\/v2\/pwb-brand?post=10806"},{"taxonomy":"product_brand","embeddable":true,"href":"https:\/\/latelierduliege.com\/it\/wp-json\/wp\/v2\/product_brand?post=10806"},{"taxonomy":"product_cat","embeddable":true,"href":"https:\/\/latelierduliege.com\/it\/wp-json\/wp\/v2\/product_cat?post=10806"},{"taxonomy":"product_tag","embeddable":true,"href":"https:\/\/latelierduliege.com\/it\/wp-json\/wp\/v2\/product_tag?post=10806"}],"curies":[{"name":"wp","href":"https:\/\/api.w.org\/{rel}","templated":true}]}}