{"id":10865,"date":"2024-07-27T15:19:18","date_gmt":"2024-07-27T15:19:18","guid":{"rendered":"https:\/\/latelierduliege.com\/collection\/gold-and-silver-accented-cork-womens-cut-out-crossbody-bag-bag-2250\/"},"modified":"2026-04-14T04:03:37","modified_gmt":"2026-04-14T02:03:37","slug":"sac-bandouliere-liege-sagres","status":"publish","type":"product","link":"https:\/\/latelierduliege.com\/it\/collection\/sac-bandouliere-liege-sagres\/","title":{"rendered":"Sac bandouli\u00e8re en li\u00e8ge \u00ab Sagres \u00bb pour femme \u2013 \u00c9l\u00e9gant, pratique et \u00e9coresponsable"},"content":{"rendered":"<p>D\u00e9couvrez le sac \u00e0 bandouli\u00e8re en li\u00e8ge \u00ab\u00a0Sagres\u00a0\u00bb, un accessoire \u00e0 la fois \u00e9l\u00e9gant et respectueux de l&rsquo;environnement. Fabriqu\u00e9 avec du li\u00e8ge naturel, ce sac est disponible en trois styles distincts : or et li\u00e8ge, argent et li\u00e8ge, et li\u00e8ge naturel.<\/p>\n<p>Le sac \u00ab\u00a0Sagres\u00a0\u00bb est con\u00e7u pour les femmes modernes qui appr\u00e9cient \u00e0 la fois le style et la fonctionnalit\u00e9. Il est dot\u00e9 de multiples compartiments et poches zipp\u00e9es, offrant un espace de rangement pratique pour organiser vos affaires. La fermeture \u00e0 franges ajoute une touche de style suppl\u00e9mentaire, tandis que la quincaillerie robuste assure la durabilit\u00e9 du sac.<\/p>\n<p>&nbsp;<\/p>\n<hr \/>\n<ul>\n<li><strong>Dimensioni<\/strong>\u00a0:\n<ul>\n<li>Hauteur : 23 cm<\/li>\n<li>Longueur : 19 cm<\/li>\n<li>Largeur : 3 cm<\/li>\n<\/ul>\n<\/li>\n<\/ul>\n<p>Choisir le sac \u00e0 bandouli\u00e8re en li\u00e8ge \u00ab\u00a0Sagres\u00a0\u00bb c&rsquo;est choisir un accessoire \u00e9cologique et durable, parfait pour toutes les occasions.<\/p>\n<p><strong>Scegli un accessorio elegante e pratico che unisce design moderno, materiali naturali e sostenibilit\u00e0.<\/strong><\/p>\n<p><strong>Tutti i nostri prodotti sono realizzati con sughero naturale e lavorati a mano da artigiani.\n\nOgni pezzo \u00e8 unico e pu\u00f2 presentare piccole imperfezioni naturali, caratteristiche che rendono ogni accessorio autentico e originale.<\/strong><\/p>","protected":false},"excerpt":{"rendered":"<p>Ce sac \u00e0 bandouli\u00e8re VEGAN en li\u00e8ge est fabriqu\u00e9 exclusivement \u00e0 partir de cuir v\u00e9g\u00e9tal. Disponible en styles or, argent et naturel, ce sac est un accessoire pratique et durable qui met en valeur vos convictions et votre amour pour la nature. Fabriqu\u00e9 \u00e0 la main dans nos ateliers situ\u00e9s au Portugal, ce sac est confectionn\u00e9 par des artisans qui travaillent le li\u00e8ge depuis plus d\u2019une d\u00e9cennie. Il constitue la meilleure alternative au cuir d\u2019origine animale.<\/p>\n<p><img loading=\"lazy\" decoding=\"async\" class=\"alignnone size-large wp-image-76\" src=\"https:\/\/latelierduliege.com\/wp-content\/uploads\/2026\/03\/Vantaggi-del-sughero-in-5-punti-2.png\" alt=\"\" width=\"1020\" height=\"682\" srcset=\"https:\/\/latelierduliege.com\/wp-content\/uploads\/2026\/03\/Vantaggi-del-sughero-in-5-punti-2.png 1536w, https:\/\/latelierduliege.com\/wp-content\/uploads\/2026\/03\/Vantaggi-del-sughero-in-5-punti-2-300x200.png 300w, https:\/\/latelierduliege.com\/wp-content\/uploads\/2026\/03\/Vantaggi-del-sughero-in-5-punti-2-1024x683.png 1024w, https:\/\/latelierduliege.com\/wp-content\/uploads\/2026\/03\/Vantaggi-del-sughero-in-5-punti-2-768x512.png 768w, https:\/\/latelierduliege.com\/wp-content\/uploads\/2026\/03\/Vantaggi-del-sughero-in-5-punti-2-18x12.png 18w, https:\/\/latelierduliege.com\/wp-content\/uploads\/2026\/03\/Vantaggi-del-sughero-in-5-punti-2-510x340.png 510w\" sizes=\"auto, (max-width: 1020px) 100vw, 1020px\" \/><\/p>","protected":false},"featured_media":10853,"comment_status":"open","ping_status":"closed","template":"","meta":[],"pwb-brand":[267],"product_brand":[],"product_cat":[553,190,620],"product_tag":[640],"class_list":{"0":"post-10865","1":"product","2":"type-product","3":"status-publish","4":"has-post-thumbnail","6":"pwb-brand-atelier-du-liege","7":"product_cat-nouveautes-accessoires-liege","8":"product_cat-sacs-a-main","9":"product_cat-sacs-liege","10":"product_tag-femme","12":"first","13":"instock","14":"shipping-taxable","15":"purchasable","16":"product-type-variable"},"yoast_head":"<!-- This site is optimized with the Yoast SEO plugin v27.3 - https:\/\/yoast.com\/product\/yoast-seo-wordpress\/ -->\n<title>Sac bandouli\u00e8re en li\u00e8ge femme \u2013 \u00c9l\u00e9gant et durable - L&#039;Atelier du Li\u00e8ge<\/title>\n<meta name=\"description\" content=\"Sac bandouli\u00e8re en li\u00e8ge femme, design chic et durable. Poches zipp\u00e9es, fermeture \u00e0 franges et plusieurs styles. L\u00e9ger et \u00e9cologique.\" \/>\n<meta name=\"robots\" content=\"index, follow, max-snippet:-1, max-image-preview:large, max-video-preview:-1\" \/>\n<link rel=\"canonical\" href=\"https:\/\/latelierduliege.com\/it\/collection\/sac-bandouliere-liege-sagres\/\" \/>\n<meta property=\"og:locale\" content=\"it_IT\" \/>\n<meta property=\"og:type\" content=\"article\" \/>\n<meta property=\"og:title\" content=\"Sac bandouli\u00e8re en li\u00e8ge femme \u2013 \u00c9l\u00e9gant et durable - L&#039;Atelier du Li\u00e8ge\" \/>\n<meta property=\"og:description\" content=\"Sac bandouli\u00e8re en li\u00e8ge femme, design chic et durable. Poches zipp\u00e9es, fermeture \u00e0 franges et plusieurs styles. L\u00e9ger et \u00e9cologique.\" \/>\n<meta property=\"og:url\" content=\"https:\/\/latelierduliege.com\/it\/collection\/sac-bandouliere-liege-sagres\/\" \/>\n<meta property=\"og:site_name\" content=\"L&#039;Atelier du Li\u00e8ge\" \/>\n<meta property=\"article:publisher\" content=\"https:\/\/www.facebook.com\" \/>\n<meta property=\"article:modified_time\" content=\"2026-04-14T02:03:37+00:00\" \/>\n<meta property=\"og:image\" content=\"https:\/\/latelierduliege.com\/wp-content\/uploads\/2024\/07\/8a4aa04103dc3829706758f45d2716b4e8436fb1363682b50be1e8e10087234f.jpg\" \/>\n\t<meta property=\"og:image:width\" content=\"1750\" \/>\n\t<meta property=\"og:image:height\" content=\"1750\" \/>\n\t<meta property=\"og:image:type\" content=\"image\/jpeg\" \/>\n<meta name=\"twitter:card\" content=\"summary_large_image\" \/>\n<meta name=\"twitter:label1\" content=\"Tempo di lettura stimato\" \/>\n\t<meta name=\"twitter:data1\" content=\"2 minuti\" \/>\n<script type=\"application\/ld+json\" class=\"yoast-schema-graph\">{\"@context\":\"https:\\\/\\\/schema.org\",\"@graph\":[{\"@type\":\"WebPage\",\"@id\":\"https:\\\/\\\/latelierduliege.com\\\/collection\\\/sac-bandouliere-liege-sagres\\\/\",\"url\":\"https:\\\/\\\/latelierduliege.com\\\/collection\\\/sac-bandouliere-liege-sagres\\\/\",\"name\":\"Sac bandouli\u00e8re en li\u00e8ge femme \u2013 \u00c9l\u00e9gant et durable - L&#039;Atelier du Li\u00e8ge\",\"isPartOf\":{\"@id\":\"https:\\\/\\\/latelierduliege.com\\\/#website\"},\"primaryImageOfPage\":{\"@id\":\"https:\\\/\\\/latelierduliege.com\\\/collection\\\/sac-bandouliere-liege-sagres\\\/#primaryimage\"},\"image\":{\"@id\":\"https:\\\/\\\/latelierduliege.com\\\/collection\\\/sac-bandouliere-liege-sagres\\\/#primaryimage\"},\"thumbnailUrl\":\"https:\\\/\\\/latelierduliege.com\\\/wp-content\\\/uploads\\\/2024\\\/07\\\/8a4aa04103dc3829706758f45d2716b4e8436fb1363682b50be1e8e10087234f.jpg\",\"datePublished\":\"2024-07-27T15:19:18+00:00\",\"dateModified\":\"2026-04-14T02:03:37+00:00\",\"description\":\"Sac bandouli\u00e8re en li\u00e8ge femme, design chic et durable. Poches zipp\u00e9es, fermeture \u00e0 franges et plusieurs styles. L\u00e9ger et \u00e9cologique.\",\"breadcrumb\":{\"@id\":\"https:\\\/\\\/latelierduliege.com\\\/collection\\\/sac-bandouliere-liege-sagres\\\/#breadcrumb\"},\"inLanguage\":\"it-IT\",\"potentialAction\":[{\"@type\":\"ReadAction\",\"target\":[\"https:\\\/\\\/latelierduliege.com\\\/collection\\\/sac-bandouliere-liege-sagres\\\/\"]}]},{\"@type\":\"ImageObject\",\"inLanguage\":\"it-IT\",\"@id\":\"https:\\\/\\\/latelierduliege.com\\\/collection\\\/sac-bandouliere-liege-sagres\\\/#primaryimage\",\"url\":\"https:\\\/\\\/latelierduliege.com\\\/wp-content\\\/uploads\\\/2024\\\/07\\\/8a4aa04103dc3829706758f45d2716b4e8436fb1363682b50be1e8e10087234f.jpg\",\"contentUrl\":\"https:\\\/\\\/latelierduliege.com\\\/wp-content\\\/uploads\\\/2024\\\/07\\\/8a4aa04103dc3829706758f45d2716b4e8436fb1363682b50be1e8e10087234f.jpg\",\"width\":1750,\"height\":1750,\"caption\":\"Img\"},{\"@type\":\"BreadcrumbList\",\"@id\":\"https:\\\/\\\/latelierduliege.com\\\/collection\\\/sac-bandouliere-liege-sagres\\\/#breadcrumb\",\"itemListElement\":[{\"@type\":\"ListItem\",\"position\":1,\"name\":\"Home\",\"item\":\"https:\\\/\\\/latelierduliege.com\\\/\"},{\"@type\":\"ListItem\",\"position\":2,\"name\":\"Boutique\",\"item\":\"https:\\\/\\\/latelierduliege.com\\\/boutique-liege\\\/\"},{\"@type\":\"ListItem\",\"position\":3,\"name\":\"Sac bandouli\u00e8re en li\u00e8ge \u00ab Sagres \u00bb pour femme \u2013 \u00c9l\u00e9gant, pratique et \u00e9coresponsable\"}]},{\"@type\":\"WebSite\",\"@id\":\"https:\\\/\\\/latelierduliege.com\\\/#website\",\"url\":\"https:\\\/\\\/latelierduliege.com\\\/\",\"name\":\"L'Atelier du Li\u00e8ge\",\"description\":\"Ecoresponsable par nature\",\"potentialAction\":[{\"@type\":\"SearchAction\",\"target\":{\"@type\":\"EntryPoint\",\"urlTemplate\":\"https:\\\/\\\/latelierduliege.com\\\/?s={search_term_string}\"},\"query-input\":{\"@type\":\"PropertyValueSpecification\",\"valueRequired\":true,\"valueName\":\"search_term_string\"}}],\"inLanguage\":\"it-IT\"}]}<\/script>\n<!-- \/ Yoast SEO plugin. -->","yoast_head_json":{"title":"Sac bandouli\u00e8re en li\u00e8ge femme \u2013 \u00c9l\u00e9gant et durable - L&#039;Atelier du Li\u00e8ge","description":"Sac bandouli\u00e8re en li\u00e8ge femme, design chic et durable. Poches zipp\u00e9es, fermeture \u00e0 franges et plusieurs styles. L\u00e9ger et \u00e9cologique.","robots":{"index":"index","follow":"follow","max-snippet":"max-snippet:-1","max-image-preview":"max-image-preview:large","max-video-preview":"max-video-preview:-1"},"canonical":"https:\/\/latelierduliege.com\/it\/collection\/sac-bandouliere-liege-sagres\/","og_locale":"it_IT","og_type":"article","og_title":"Sac bandouli\u00e8re en li\u00e8ge femme \u2013 \u00c9l\u00e9gant et durable - L&#039;Atelier du Li\u00e8ge","og_description":"Sac bandouli\u00e8re en li\u00e8ge femme, design chic et durable. Poches zipp\u00e9es, fermeture \u00e0 franges et plusieurs styles. L\u00e9ger et \u00e9cologique.","og_url":"https:\/\/latelierduliege.com\/it\/collection\/sac-bandouliere-liege-sagres\/","og_site_name":"L&#039;Atelier du Li\u00e8ge","article_publisher":"https:\/\/www.facebook.com","article_modified_time":"2026-04-14T02:03:37+00:00","og_image":[{"width":1750,"height":1750,"url":"https:\/\/latelierduliege.com\/wp-content\/uploads\/2024\/07\/8a4aa04103dc3829706758f45d2716b4e8436fb1363682b50be1e8e10087234f.jpg","type":"image\/jpeg"}],"twitter_card":"summary_large_image","twitter_misc":{"Tempo di lettura stimato":"2 minuti"},"schema":{"@context":"https:\/\/schema.org","@graph":[{"@type":"WebPage","@id":"https:\/\/latelierduliege.com\/collection\/sac-bandouliere-liege-sagres\/","url":"https:\/\/latelierduliege.com\/collection\/sac-bandouliere-liege-sagres\/","name":"Sac bandouli\u00e8re en li\u00e8ge femme \u2013 \u00c9l\u00e9gant et durable - L&#039;Atelier du Li\u00e8ge","isPartOf":{"@id":"https:\/\/latelierduliege.com\/#website"},"primaryImageOfPage":{"@id":"https:\/\/latelierduliege.com\/collection\/sac-bandouliere-liege-sagres\/#primaryimage"},"image":{"@id":"https:\/\/latelierduliege.com\/collection\/sac-bandouliere-liege-sagres\/#primaryimage"},"thumbnailUrl":"https:\/\/latelierduliege.com\/wp-content\/uploads\/2024\/07\/8a4aa04103dc3829706758f45d2716b4e8436fb1363682b50be1e8e10087234f.jpg","datePublished":"2024-07-27T15:19:18+00:00","dateModified":"2026-04-14T02:03:37+00:00","description":"Sac bandouli\u00e8re en li\u00e8ge femme, design chic et durable. Poches zipp\u00e9es, fermeture \u00e0 franges et plusieurs styles. L\u00e9ger et \u00e9cologique.","breadcrumb":{"@id":"https:\/\/latelierduliege.com\/collection\/sac-bandouliere-liege-sagres\/#breadcrumb"},"inLanguage":"it-IT","potentialAction":[{"@type":"ReadAction","target":["https:\/\/latelierduliege.com\/collection\/sac-bandouliere-liege-sagres\/"]}]},{"@type":"ImageObject","inLanguage":"it-IT","@id":"https:\/\/latelierduliege.com\/collection\/sac-bandouliere-liege-sagres\/#primaryimage","url":"https:\/\/latelierduliege.com\/wp-content\/uploads\/2024\/07\/8a4aa04103dc3829706758f45d2716b4e8436fb1363682b50be1e8e10087234f.jpg","contentUrl":"https:\/\/latelierduliege.com\/wp-content\/uploads\/2024\/07\/8a4aa04103dc3829706758f45d2716b4e8436fb1363682b50be1e8e10087234f.jpg","width":1750,"height":1750,"caption":"Img"},{"@type":"BreadcrumbList","@id":"https:\/\/latelierduliege.com\/collection\/sac-bandouliere-liege-sagres\/#breadcrumb","itemListElement":[{"@type":"ListItem","position":1,"name":"Home","item":"https:\/\/latelierduliege.com\/"},{"@type":"ListItem","position":2,"name":"Boutique","item":"https:\/\/latelierduliege.com\/boutique-liege\/"},{"@type":"ListItem","position":3,"name":"Sac bandouli\u00e8re en li\u00e8ge \u00ab Sagres \u00bb pour femme \u2013 \u00c9l\u00e9gant, pratique et \u00e9coresponsable"}]},{"@type":"WebSite","@id":"https:\/\/latelierduliege.com\/#website","url":"https:\/\/latelierduliege.com\/","name":"L'Atelier du Li\u00e8ge","description":"Ecoresponsable par nature","potentialAction":[{"@type":"SearchAction","target":{"@type":"EntryPoint","urlTemplate":"https:\/\/latelierduliege.com\/?s={search_term_string}"},"query-input":{"@type":"PropertyValueSpecification","valueRequired":true,"valueName":"search_term_string"}}],"inLanguage":"it-IT"}]}},"brands":[{"id":267,"name":"L'Atelier du Li\u00e8ge","slug":"atelier-du-liege"}],"_links":{"self":[{"href":"https:\/\/latelierduliege.com\/it\/wp-json\/wp\/v2\/product\/10865","targetHints":{"allow":["GET"]}}],"collection":[{"href":"https:\/\/latelierduliege.com\/it\/wp-json\/wp\/v2\/product"}],"about":[{"href":"https:\/\/latelierduliege.com\/it\/wp-json\/wp\/v2\/types\/product"}],"replies":[{"embeddable":true,"href":"https:\/\/latelierduliege.com\/it\/wp-json\/wp\/v2\/comments?post=10865"}],"wp:featuredmedia":[{"embeddable":true,"href":"https:\/\/latelierduliege.com\/it\/wp-json\/wp\/v2\/media\/10853"}],"wp:attachment":[{"href":"https:\/\/latelierduliege.com\/it\/wp-json\/wp\/v2\/media?parent=10865"}],"wp:term":[{"taxonomy":"pwb-brand","embeddable":true,"href":"https:\/\/latelierduliege.com\/it\/wp-json\/wp\/v2\/pwb-brand?post=10865"},{"taxonomy":"product_brand","embeddable":true,"href":"https:\/\/latelierduliege.com\/it\/wp-json\/wp\/v2\/product_brand?post=10865"},{"taxonomy":"product_cat","embeddable":true,"href":"https:\/\/latelierduliege.com\/it\/wp-json\/wp\/v2\/product_cat?post=10865"},{"taxonomy":"product_tag","embeddable":true,"href":"https:\/\/latelierduliege.com\/it\/wp-json\/wp\/v2\/product_tag?post=10865"}],"curies":[{"name":"wp","href":"https:\/\/api.w.org\/{rel}","templated":true}]}}