{"id":10972,"date":"2024-10-30T19:40:41","date_gmt":"2024-10-30T19:40:41","guid":{"rendered":"https:\/\/latelierduliege.com\/collection\/cork-uv-protection-men-eyewear-sunglassesincluding-case-l-857\/"},"modified":"2026-04-14T08:37:36","modified_gmt":"2026-04-14T06:37:36","slug":"lunettes-de-soleil-homme-protection-uv-liege-nazare","status":"publish","type":"product","link":"https:\/\/latelierduliege.com\/it\/collection\/lunettes-de-soleil-homme-protection-uv-liege-nazare\/","title":{"rendered":"Occhiali da sole in sughero \u201cNazar\u00e9\u201d da uomo \u2013 eleganti ed ecosostenibili"},"content":{"rendered":"<p>D\u00e9couvrez <strong>Nazar\u00e9<\/strong>, Occhiali da sole in sughero da uomo che uniscono **stile e sostenibilit\u00e0**.\n\nProgettati con **montatura in plastica riciclata** e **aste rivestite in sughero**, offrono una **protezione UV di qualit\u00e0** e sono disponibili in **tre stili distintivi**.\n\nPerfetti per un **look estivo originale e attento all\u2019ambiente**, questi occhiali accompagnano ogni uomo che ama uno stile deciso e naturale.<\/p>\n<p><strong>Caratteristiche :<\/strong>:<\/p>\n<ul>\n<li><strong>Protezione UV :<\/strong> Proteggi i tuoi occhi con stile<\/li>\n<li><strong>Montatura in plastica riciclata<\/strong> : Realizzata in plastica riciclata per ridurre l\u2019impatto ambientale.<\/li>\n<li><strong>Aste in sughero<\/strong> : Naturali e confortevoli, offrono una sensazione unica e piacevole.<\/li>\n<\/ul>\n<p><strong>Dimensioni<\/strong> :<\/p>\n<ul>\n<li>Altezza : 5 cm<\/li>\n<li>Lunghezzar : 14,5 cm<\/li>\n<\/ul>\n<p>Choisissez les lunettes <strong>Nazar\u00e9<\/strong> Scegli gli occhiali \u201cNazar\u00e9\u201d e regalati un accessorio elegante e pratico che riflette il tuo amore per la natura e il tuo impegno verso uno stile di vita vegano.\n\nTutti i nostri prodotti sono realizzati con sughero naturale e lavorati a mano da artigiani. Ogni pezzo \u00e8 unico e pu\u00f2 presentare piccole imperfezioni naturali, caratteristiche che rendono ogni accessorio autentico e originale.<\/p>","protected":false},"excerpt":{"rendered":"<p><strong>Nazar\u00e9<\/strong> : Occhiali da sole da uomo realizzati in **sughero e plastica riciclata**, disponibili in **tre eleganti varianti di stile**.\n\nLa scelta ideale per l\u2019estate, con **protezione UV efficace** e un design attento all\u2019ambiente.<\/p>\n<p><img loading=\"lazy\" decoding=\"async\" class=\"alignnone size-medium wp-image-76\" src=\"https:\/\/latelierduliege.com\/wp-content\/uploads\/2026\/03\/Vantaggi-del-sughero-in-5-punti-2.png\" alt=\"\" width=\"300\" height=\"201\" srcset=\"https:\/\/latelierduliege.com\/wp-content\/uploads\/2026\/03\/Vantaggi-del-sughero-in-5-punti-2.png 1536w, https:\/\/latelierduliege.com\/wp-content\/uploads\/2026\/03\/Vantaggi-del-sughero-in-5-punti-2-300x200.png 300w, https:\/\/latelierduliege.com\/wp-content\/uploads\/2026\/03\/Vantaggi-del-sughero-in-5-punti-2-1024x683.png 1024w, https:\/\/latelierduliege.com\/wp-content\/uploads\/2026\/03\/Vantaggi-del-sughero-in-5-punti-2-768x512.png 768w, https:\/\/latelierduliege.com\/wp-content\/uploads\/2026\/03\/Vantaggi-del-sughero-in-5-punti-2-18x12.png 18w, https:\/\/latelierduliege.com\/wp-content\/uploads\/2026\/03\/Vantaggi-del-sughero-in-5-punti-2-510x340.png 510w\" sizes=\"auto, (max-width: 300px) 100vw, 300px\" \/><\/p>","protected":false},"featured_media":10962,"comment_status":"open","ping_status":"closed","template":"","meta":[],"pwb-brand":[267],"product_brand":[],"product_cat":[15,335,553,481],"product_tag":[630,629,628],"class_list":{"0":"post-10972","1":"product","2":"type-product","3":"status-publish","4":"has-post-thumbnail","6":"pwb-brand-atelier-du-liege","7":"product_cat-accessoires-de-mode-liege","8":"product_cat-lunette-de-soleil","9":"product_cat-nouveautes-accessoires-liege","10":"product_cat-promotions-liege","11":"product_tag-bois-liege","12":"product_tag-naturel","13":"product_tag-tendance","15":"first","16":"instock","17":"shipping-taxable","18":"purchasable","19":"product-type-variable"},"yoast_head":"<!-- This site is optimized with the Yoast SEO plugin v27.3 - https:\/\/yoast.com\/product\/yoast-seo-wordpress\/ -->\n<title>Lunettes de soleil en li\u00e8ge homme \u2013 Protection UV et style- L&#039;Atelier du Li\u00e8ge<\/title>\n<meta name=\"description\" content=\"Lunettes de soleil pour homme en li\u00e8ge avec protection UV. \u00c9cologiques et styl\u00e9es, id\u00e9ales pour un \u00e9t\u00e9 unique. Disponibles en trois styles.\" \/>\n<meta name=\"robots\" content=\"index, follow, max-snippet:-1, max-image-preview:large, max-video-preview:-1\" \/>\n<link rel=\"canonical\" href=\"https:\/\/latelierduliege.com\/it\/collection\/lunettes-de-soleil-homme-protection-uv-liege-nazare\/\" \/>\n<meta property=\"og:locale\" content=\"it_IT\" \/>\n<meta property=\"og:type\" content=\"article\" \/>\n<meta property=\"og:title\" content=\"Lunettes de soleil en li\u00e8ge homme \u2013 Protection UV et style- L&#039;Atelier du Li\u00e8ge\" \/>\n<meta property=\"og:description\" content=\"Lunettes de soleil pour homme en li\u00e8ge avec protection UV. \u00c9cologiques et styl\u00e9es, id\u00e9ales pour un \u00e9t\u00e9 unique. Disponibles en trois styles.\" \/>\n<meta property=\"og:url\" content=\"https:\/\/latelierduliege.com\/it\/collection\/lunettes-de-soleil-homme-protection-uv-liege-nazare\/\" \/>\n<meta property=\"og:site_name\" content=\"L&#039;Atelier du Li\u00e8ge\" \/>\n<meta property=\"article:publisher\" content=\"https:\/\/www.facebook.com\" \/>\n<meta property=\"article:modified_time\" content=\"2026-04-14T06:37:36+00:00\" \/>\n<meta property=\"og:image\" content=\"https:\/\/latelierduliege.com\/wp-content\/uploads\/2024\/10\/8be5ea7557a0390f7f3699752ddf6ab717034eb62e5295056ae6cab4f3e81fd5.jpg\" \/>\n\t<meta property=\"og:image:width\" content=\"2000\" \/>\n\t<meta property=\"og:image:height\" content=\"2000\" \/>\n\t<meta property=\"og:image:type\" content=\"image\/jpeg\" \/>\n<meta name=\"twitter:card\" content=\"summary_large_image\" \/>\n<meta name=\"twitter:label1\" content=\"Tempo di lettura stimato\" \/>\n\t<meta name=\"twitter:data1\" content=\"2 minuti\" \/>\n<script type=\"application\/ld+json\" class=\"yoast-schema-graph\">{\"@context\":\"https:\\\/\\\/schema.org\",\"@graph\":[{\"@type\":\"WebPage\",\"@id\":\"https:\\\/\\\/latelierduliege.com\\\/collection\\\/lunettes-de-soleil-homme-protection-uv-liege-nazare\\\/\",\"url\":\"https:\\\/\\\/latelierduliege.com\\\/collection\\\/lunettes-de-soleil-homme-protection-uv-liege-nazare\\\/\",\"name\":\"Lunettes de soleil en li\u00e8ge homme \u2013 Protection UV et style- L&#039;Atelier du Li\u00e8ge\",\"isPartOf\":{\"@id\":\"https:\\\/\\\/latelierduliege.com\\\/#website\"},\"primaryImageOfPage\":{\"@id\":\"https:\\\/\\\/latelierduliege.com\\\/collection\\\/lunettes-de-soleil-homme-protection-uv-liege-nazare\\\/#primaryimage\"},\"image\":{\"@id\":\"https:\\\/\\\/latelierduliege.com\\\/collection\\\/lunettes-de-soleil-homme-protection-uv-liege-nazare\\\/#primaryimage\"},\"thumbnailUrl\":\"https:\\\/\\\/latelierduliege.com\\\/wp-content\\\/uploads\\\/2024\\\/10\\\/8be5ea7557a0390f7f3699752ddf6ab717034eb62e5295056ae6cab4f3e81fd5.jpg\",\"datePublished\":\"2024-10-30T19:40:41+00:00\",\"dateModified\":\"2026-04-14T06:37:36+00:00\",\"description\":\"Lunettes de soleil pour homme en li\u00e8ge avec protection UV. \u00c9cologiques et styl\u00e9es, id\u00e9ales pour un \u00e9t\u00e9 unique. Disponibles en trois styles.\",\"breadcrumb\":{\"@id\":\"https:\\\/\\\/latelierduliege.com\\\/collection\\\/lunettes-de-soleil-homme-protection-uv-liege-nazare\\\/#breadcrumb\"},\"inLanguage\":\"it-IT\",\"potentialAction\":[{\"@type\":\"ReadAction\",\"target\":[\"https:\\\/\\\/latelierduliege.com\\\/collection\\\/lunettes-de-soleil-homme-protection-uv-liege-nazare\\\/\"]}]},{\"@type\":\"ImageObject\",\"inLanguage\":\"it-IT\",\"@id\":\"https:\\\/\\\/latelierduliege.com\\\/collection\\\/lunettes-de-soleil-homme-protection-uv-liege-nazare\\\/#primaryimage\",\"url\":\"https:\\\/\\\/latelierduliege.com\\\/wp-content\\\/uploads\\\/2024\\\/10\\\/8be5ea7557a0390f7f3699752ddf6ab717034eb62e5295056ae6cab4f3e81fd5.jpg\",\"contentUrl\":\"https:\\\/\\\/latelierduliege.com\\\/wp-content\\\/uploads\\\/2024\\\/10\\\/8be5ea7557a0390f7f3699752ddf6ab717034eb62e5295056ae6cab4f3e81fd5.jpg\",\"width\":2000,\"height\":2000,\"caption\":\"Img\"},{\"@type\":\"BreadcrumbList\",\"@id\":\"https:\\\/\\\/latelierduliege.com\\\/collection\\\/lunettes-de-soleil-homme-protection-uv-liege-nazare\\\/#breadcrumb\",\"itemListElement\":[{\"@type\":\"ListItem\",\"position\":1,\"name\":\"Home\",\"item\":\"https:\\\/\\\/latelierduliege.com\\\/\"},{\"@type\":\"ListItem\",\"position\":2,\"name\":\"Boutique\",\"item\":\"https:\\\/\\\/latelierduliege.com\\\/boutique-liege\\\/\"},{\"@type\":\"ListItem\",\"position\":3,\"name\":\"Lunettes de soleil en li\u00e8ge \u00ab Nazar\u00e9 \u00bb pour homme \u2013 \u00c9l\u00e9gantes et \u00e9coresponsables\"}]},{\"@type\":\"WebSite\",\"@id\":\"https:\\\/\\\/latelierduliege.com\\\/#website\",\"url\":\"https:\\\/\\\/latelierduliege.com\\\/\",\"name\":\"L'Atelier du Li\u00e8ge\",\"description\":\"Ecoresponsable par nature\",\"potentialAction\":[{\"@type\":\"SearchAction\",\"target\":{\"@type\":\"EntryPoint\",\"urlTemplate\":\"https:\\\/\\\/latelierduliege.com\\\/?s={search_term_string}\"},\"query-input\":{\"@type\":\"PropertyValueSpecification\",\"valueRequired\":true,\"valueName\":\"search_term_string\"}}],\"inLanguage\":\"it-IT\"}]}<\/script>\n<!-- \/ Yoast SEO plugin. -->","yoast_head_json":{"title":"Lunettes de soleil en li\u00e8ge homme \u2013 Protection UV et style- L&#039;Atelier du Li\u00e8ge","description":"Lunettes de soleil pour homme en li\u00e8ge avec protection UV. \u00c9cologiques et styl\u00e9es, id\u00e9ales pour un \u00e9t\u00e9 unique. Disponibles en trois styles.","robots":{"index":"index","follow":"follow","max-snippet":"max-snippet:-1","max-image-preview":"max-image-preview:large","max-video-preview":"max-video-preview:-1"},"canonical":"https:\/\/latelierduliege.com\/it\/collection\/lunettes-de-soleil-homme-protection-uv-liege-nazare\/","og_locale":"it_IT","og_type":"article","og_title":"Lunettes de soleil en li\u00e8ge homme \u2013 Protection UV et style- L&#039;Atelier du Li\u00e8ge","og_description":"Lunettes de soleil pour homme en li\u00e8ge avec protection UV. \u00c9cologiques et styl\u00e9es, id\u00e9ales pour un \u00e9t\u00e9 unique. Disponibles en trois styles.","og_url":"https:\/\/latelierduliege.com\/it\/collection\/lunettes-de-soleil-homme-protection-uv-liege-nazare\/","og_site_name":"L&#039;Atelier du Li\u00e8ge","article_publisher":"https:\/\/www.facebook.com","article_modified_time":"2026-04-14T06:37:36+00:00","og_image":[{"width":2000,"height":2000,"url":"https:\/\/latelierduliege.com\/wp-content\/uploads\/2024\/10\/8be5ea7557a0390f7f3699752ddf6ab717034eb62e5295056ae6cab4f3e81fd5.jpg","type":"image\/jpeg"}],"twitter_card":"summary_large_image","twitter_misc":{"Tempo di lettura stimato":"2 minuti"},"schema":{"@context":"https:\/\/schema.org","@graph":[{"@type":"WebPage","@id":"https:\/\/latelierduliege.com\/collection\/lunettes-de-soleil-homme-protection-uv-liege-nazare\/","url":"https:\/\/latelierduliege.com\/collection\/lunettes-de-soleil-homme-protection-uv-liege-nazare\/","name":"Lunettes de soleil en li\u00e8ge homme \u2013 Protection UV et style- L&#039;Atelier du Li\u00e8ge","isPartOf":{"@id":"https:\/\/latelierduliege.com\/#website"},"primaryImageOfPage":{"@id":"https:\/\/latelierduliege.com\/collection\/lunettes-de-soleil-homme-protection-uv-liege-nazare\/#primaryimage"},"image":{"@id":"https:\/\/latelierduliege.com\/collection\/lunettes-de-soleil-homme-protection-uv-liege-nazare\/#primaryimage"},"thumbnailUrl":"https:\/\/latelierduliege.com\/wp-content\/uploads\/2024\/10\/8be5ea7557a0390f7f3699752ddf6ab717034eb62e5295056ae6cab4f3e81fd5.jpg","datePublished":"2024-10-30T19:40:41+00:00","dateModified":"2026-04-14T06:37:36+00:00","description":"Lunettes de soleil pour homme en li\u00e8ge avec protection UV. \u00c9cologiques et styl\u00e9es, id\u00e9ales pour un \u00e9t\u00e9 unique. Disponibles en trois styles.","breadcrumb":{"@id":"https:\/\/latelierduliege.com\/collection\/lunettes-de-soleil-homme-protection-uv-liege-nazare\/#breadcrumb"},"inLanguage":"it-IT","potentialAction":[{"@type":"ReadAction","target":["https:\/\/latelierduliege.com\/collection\/lunettes-de-soleil-homme-protection-uv-liege-nazare\/"]}]},{"@type":"ImageObject","inLanguage":"it-IT","@id":"https:\/\/latelierduliege.com\/collection\/lunettes-de-soleil-homme-protection-uv-liege-nazare\/#primaryimage","url":"https:\/\/latelierduliege.com\/wp-content\/uploads\/2024\/10\/8be5ea7557a0390f7f3699752ddf6ab717034eb62e5295056ae6cab4f3e81fd5.jpg","contentUrl":"https:\/\/latelierduliege.com\/wp-content\/uploads\/2024\/10\/8be5ea7557a0390f7f3699752ddf6ab717034eb62e5295056ae6cab4f3e81fd5.jpg","width":2000,"height":2000,"caption":"Img"},{"@type":"BreadcrumbList","@id":"https:\/\/latelierduliege.com\/collection\/lunettes-de-soleil-homme-protection-uv-liege-nazare\/#breadcrumb","itemListElement":[{"@type":"ListItem","position":1,"name":"Home","item":"https:\/\/latelierduliege.com\/"},{"@type":"ListItem","position":2,"name":"Boutique","item":"https:\/\/latelierduliege.com\/boutique-liege\/"},{"@type":"ListItem","position":3,"name":"Lunettes de soleil en li\u00e8ge \u00ab Nazar\u00e9 \u00bb pour homme \u2013 \u00c9l\u00e9gantes et \u00e9coresponsables"}]},{"@type":"WebSite","@id":"https:\/\/latelierduliege.com\/#website","url":"https:\/\/latelierduliege.com\/","name":"L'Atelier du Li\u00e8ge","description":"Ecoresponsable par nature","potentialAction":[{"@type":"SearchAction","target":{"@type":"EntryPoint","urlTemplate":"https:\/\/latelierduliege.com\/?s={search_term_string}"},"query-input":{"@type":"PropertyValueSpecification","valueRequired":true,"valueName":"search_term_string"}}],"inLanguage":"it-IT"}]}},"brands":[{"id":267,"name":"L'Atelier du Li\u00e8ge","slug":"atelier-du-liege"}],"_links":{"self":[{"href":"https:\/\/latelierduliege.com\/it\/wp-json\/wp\/v2\/product\/10972","targetHints":{"allow":["GET"]}}],"collection":[{"href":"https:\/\/latelierduliege.com\/it\/wp-json\/wp\/v2\/product"}],"about":[{"href":"https:\/\/latelierduliege.com\/it\/wp-json\/wp\/v2\/types\/product"}],"replies":[{"embeddable":true,"href":"https:\/\/latelierduliege.com\/it\/wp-json\/wp\/v2\/comments?post=10972"}],"wp:featuredmedia":[{"embeddable":true,"href":"https:\/\/latelierduliege.com\/it\/wp-json\/wp\/v2\/media\/10962"}],"wp:attachment":[{"href":"https:\/\/latelierduliege.com\/it\/wp-json\/wp\/v2\/media?parent=10972"}],"wp:term":[{"taxonomy":"pwb-brand","embeddable":true,"href":"https:\/\/latelierduliege.com\/it\/wp-json\/wp\/v2\/pwb-brand?post=10972"},{"taxonomy":"product_brand","embeddable":true,"href":"https:\/\/latelierduliege.com\/it\/wp-json\/wp\/v2\/product_brand?post=10972"},{"taxonomy":"product_cat","embeddable":true,"href":"https:\/\/latelierduliege.com\/it\/wp-json\/wp\/v2\/product_cat?post=10972"},{"taxonomy":"product_tag","embeddable":true,"href":"https:\/\/latelierduliege.com\/it\/wp-json\/wp\/v2\/product_tag?post=10972"}],"curies":[{"name":"wp","href":"https:\/\/api.w.org\/{rel}","templated":true}]}}