{"id":10994,"date":"2024-10-30T20:30:26","date_gmt":"2024-10-30T20:30:26","guid":{"rendered":"https:\/\/latelierduliege.com\/collection\/cork-dog-harness-leash-set-for-small-dogs-comfortable-l-872\/"},"modified":"2026-04-10T11:06:21","modified_gmt":"2026-04-10T09:06:21","slug":"cork-dog-harness-leash-set-lobo","status":"publish","type":"product","link":"https:\/\/latelierduliege.com\/it\/collection\/cork-dog-harness-leash-set-lobo\/","title":{"rendered":"Harnais et laisse en li\u00e8ge \u00ab Lobo \u00bb \u2013 Confortable, robuste et \u00e9coresponsable"},"content":{"rendered":"<p>Le harnais et laisse pour chiens \u00ab\u00a0Lobo\u00a0\u00bb, con\u00e7u en li\u00e8ge naturel, allie confort, durabilit\u00e9 et respect de l&rsquo;environnement. Ses composants en alliage m\u00e9tallique robuste offrent une excellente r\u00e9sistance pour accompagner votre chien lors de promenades en toute s\u00e9curit\u00e9.<\/p>\n<ul>\n<li><strong>Mat\u00e9riaux \u00e9coresponsables<\/strong> : fabriqu\u00e9 en li\u00e8ge naturel et dot\u00e9 de deux anneaux m\u00e9talliques renforc\u00e9s, cet ensemble est con\u00e7u pour durer.<\/li>\n<li><strong>Polyvalence<\/strong> : id\u00e9al pour les promenades, le jogging et m\u00eame la randonn\u00e9e.<\/li>\n<li><strong>Confort et ajustement parfait<\/strong> : assure un ajustement s\u00e9curis\u00e9, permettant la croissance naturelle du chien sans risque d\u2019\u00e9tranglement ni de glissement.<\/li>\n<\/ul>\n<p><strong>Choisissez le harnais \u00ab\u00a0Lobo\u00a0\u00bb<\/strong> pour un accessoire alliant style, confort et respect de l&rsquo;environnement.<\/p>","protected":false},"excerpt":{"rendered":"<p>Le harnais et laisse en li\u00e8ge \u00ab\u00a0Lobo\u00a0\u00bb est un ensemble durable et confortable pour petits chiens, fabriqu\u00e9 \u00e0 partir de mat\u00e9riaux naturels et robustes. Parfait pour les activit\u00e9s de plein air, il garantit un ajustement s\u00e9curis\u00e9 pour toutes vos aventures.<\/p>\n<p>&nbsp;<\/p>\n<p><img loading=\"lazy\" decoding=\"async\" class=\"alignnone size-medium wp-image-76\" src=\"https:\/\/latelierduliege.com\/wp-content\/uploads\/2026\/03\/Vantaggi-del-sughero-in-5-punti-2.png\" alt=\"\" width=\"300\" height=\"201\" srcset=\"https:\/\/latelierduliege.com\/wp-content\/uploads\/2026\/03\/Vantaggi-del-sughero-in-5-punti-2.png 1536w, https:\/\/latelierduliege.com\/wp-content\/uploads\/2026\/03\/Vantaggi-del-sughero-in-5-punti-2-300x200.png 300w, https:\/\/latelierduliege.com\/wp-content\/uploads\/2026\/03\/Vantaggi-del-sughero-in-5-punti-2-1024x683.png 1024w, https:\/\/latelierduliege.com\/wp-content\/uploads\/2026\/03\/Vantaggi-del-sughero-in-5-punti-2-768x512.png 768w, https:\/\/latelierduliege.com\/wp-content\/uploads\/2026\/03\/Vantaggi-del-sughero-in-5-punti-2-18x12.png 18w, https:\/\/latelierduliege.com\/wp-content\/uploads\/2026\/03\/Vantaggi-del-sughero-in-5-punti-2-510x340.png 510w\" sizes=\"auto, (max-width: 300px) 100vw, 300px\" \/><\/p>","protected":false},"featured_media":10979,"comment_status":"open","ping_status":"closed","template":"","meta":[],"pwb-brand":[267],"product_brand":[],"product_cat":[336,553,626,481],"product_tag":[],"class_list":{"0":"post-10994","1":"product","2":"type-product","3":"status-publish","4":"has-post-thumbnail","6":"pwb-brand-atelier-du-liege","7":"product_cat-maison-papeterie-animaux-liege","8":"product_cat-nouveautes-accessoires-liege","9":"product_cat-pour-nos-animaux","10":"product_cat-promotions-liege","12":"first","13":"instock","14":"shipping-taxable","15":"purchasable","16":"product-type-variable"},"yoast_head":"<!-- This site is optimized with the Yoast SEO plugin v27.3 - https:\/\/yoast.com\/product\/yoast-seo-wordpress\/ -->\n<title>Harnais en li\u00e8ge pour chien \u2013 Confortable et durable - L&#039;Atelier du Li\u00e8ge<\/title>\n<meta name=\"description\" content=\"Ensemble harnais et laisse &quot;Lobo&quot; en li\u00e8ge naturel pour petits chiens, confortable et s\u00fbr, parfait pour les balades et activit\u00e9s en plein air.\" \/>\n<meta name=\"robots\" content=\"index, follow, max-snippet:-1, max-image-preview:large, max-video-preview:-1\" \/>\n<link rel=\"canonical\" href=\"https:\/\/latelierduliege.com\/it\/collection\/cork-dog-harness-leash-set-lobo\/\" \/>\n<meta property=\"og:locale\" content=\"it_IT\" \/>\n<meta property=\"og:type\" content=\"article\" \/>\n<meta property=\"og:title\" content=\"Harnais en li\u00e8ge pour chien \u2013 Confortable et durable - L&#039;Atelier du Li\u00e8ge\" \/>\n<meta property=\"og:description\" content=\"Ensemble harnais et laisse &quot;Lobo&quot; en li\u00e8ge naturel pour petits chiens, confortable et s\u00fbr, parfait pour les balades et activit\u00e9s en plein air.\" \/>\n<meta property=\"og:url\" content=\"https:\/\/latelierduliege.com\/it\/collection\/cork-dog-harness-leash-set-lobo\/\" \/>\n<meta property=\"og:site_name\" content=\"L&#039;Atelier du Li\u00e8ge\" \/>\n<meta property=\"article:publisher\" content=\"https:\/\/www.facebook.com\" \/>\n<meta property=\"article:modified_time\" content=\"2026-04-10T09:06:21+00:00\" \/>\n<meta property=\"og:image\" content=\"https:\/\/latelierduliege.com\/wp-content\/uploads\/2024\/10\/c1d2055d3def440b90d7ec1dad5a9409e5a8aa4f33a80ea541aba71c4c284c97.jpg\" \/>\n\t<meta property=\"og:image:width\" content=\"1280\" \/>\n\t<meta property=\"og:image:height\" content=\"1707\" \/>\n\t<meta property=\"og:image:type\" content=\"image\/jpeg\" \/>\n<meta name=\"twitter:card\" content=\"summary_large_image\" \/>\n<meta name=\"twitter:label1\" content=\"Tempo di lettura stimato\" \/>\n\t<meta name=\"twitter:data1\" content=\"1 minuto\" \/>\n<script type=\"application\/ld+json\" class=\"yoast-schema-graph\">{\"@context\":\"https:\\\/\\\/schema.org\",\"@graph\":[{\"@type\":\"WebPage\",\"@id\":\"https:\\\/\\\/latelierduliege.com\\\/collection\\\/cork-dog-harness-leash-set-lobo\\\/\",\"url\":\"https:\\\/\\\/latelierduliege.com\\\/collection\\\/cork-dog-harness-leash-set-lobo\\\/\",\"name\":\"Harnais en li\u00e8ge pour chien \u2013 Confortable et durable - L&#039;Atelier du Li\u00e8ge\",\"isPartOf\":{\"@id\":\"https:\\\/\\\/latelierduliege.com\\\/#website\"},\"primaryImageOfPage\":{\"@id\":\"https:\\\/\\\/latelierduliege.com\\\/collection\\\/cork-dog-harness-leash-set-lobo\\\/#primaryimage\"},\"image\":{\"@id\":\"https:\\\/\\\/latelierduliege.com\\\/collection\\\/cork-dog-harness-leash-set-lobo\\\/#primaryimage\"},\"thumbnailUrl\":\"https:\\\/\\\/latelierduliege.com\\\/wp-content\\\/uploads\\\/2024\\\/10\\\/c1d2055d3def440b90d7ec1dad5a9409e5a8aa4f33a80ea541aba71c4c284c97.jpg\",\"datePublished\":\"2024-10-30T20:30:26+00:00\",\"dateModified\":\"2026-04-10T09:06:21+00:00\",\"description\":\"Ensemble harnais et laisse \\\"Lobo\\\" en li\u00e8ge naturel pour petits chiens, confortable et s\u00fbr, parfait pour les balades et activit\u00e9s en plein air.\",\"breadcrumb\":{\"@id\":\"https:\\\/\\\/latelierduliege.com\\\/collection\\\/cork-dog-harness-leash-set-lobo\\\/#breadcrumb\"},\"inLanguage\":\"it-IT\",\"potentialAction\":[{\"@type\":\"ReadAction\",\"target\":[\"https:\\\/\\\/latelierduliege.com\\\/collection\\\/cork-dog-harness-leash-set-lobo\\\/\"]}]},{\"@type\":\"ImageObject\",\"inLanguage\":\"it-IT\",\"@id\":\"https:\\\/\\\/latelierduliege.com\\\/collection\\\/cork-dog-harness-leash-set-lobo\\\/#primaryimage\",\"url\":\"https:\\\/\\\/latelierduliege.com\\\/wp-content\\\/uploads\\\/2024\\\/10\\\/c1d2055d3def440b90d7ec1dad5a9409e5a8aa4f33a80ea541aba71c4c284c97.jpg\",\"contentUrl\":\"https:\\\/\\\/latelierduliege.com\\\/wp-content\\\/uploads\\\/2024\\\/10\\\/c1d2055d3def440b90d7ec1dad5a9409e5a8aa4f33a80ea541aba71c4c284c97.jpg\",\"width\":1280,\"height\":1707,\"caption\":\"Img\"},{\"@type\":\"BreadcrumbList\",\"@id\":\"https:\\\/\\\/latelierduliege.com\\\/collection\\\/cork-dog-harness-leash-set-lobo\\\/#breadcrumb\",\"itemListElement\":[{\"@type\":\"ListItem\",\"position\":1,\"name\":\"Home\",\"item\":\"https:\\\/\\\/latelierduliege.com\\\/\"},{\"@type\":\"ListItem\",\"position\":2,\"name\":\"Boutique\",\"item\":\"https:\\\/\\\/latelierduliege.com\\\/boutique-liege\\\/\"},{\"@type\":\"ListItem\",\"position\":3,\"name\":\"Harnais et laisse en li\u00e8ge \u00ab Lobo \u00bb \u2013 Confortable, robuste et \u00e9coresponsable\"}]},{\"@type\":\"WebSite\",\"@id\":\"https:\\\/\\\/latelierduliege.com\\\/#website\",\"url\":\"https:\\\/\\\/latelierduliege.com\\\/\",\"name\":\"L'Atelier du Li\u00e8ge\",\"description\":\"Ecoresponsable par nature\",\"potentialAction\":[{\"@type\":\"SearchAction\",\"target\":{\"@type\":\"EntryPoint\",\"urlTemplate\":\"https:\\\/\\\/latelierduliege.com\\\/?s={search_term_string}\"},\"query-input\":{\"@type\":\"PropertyValueSpecification\",\"valueRequired\":true,\"valueName\":\"search_term_string\"}}],\"inLanguage\":\"it-IT\"}]}<\/script>\n<!-- \/ Yoast SEO plugin. -->","yoast_head_json":{"title":"Harnais en li\u00e8ge pour chien \u2013 Confortable et durable - L&#039;Atelier du Li\u00e8ge","description":"Ensemble harnais et laisse \"Lobo\" en li\u00e8ge naturel pour petits chiens, confortable et s\u00fbr, parfait pour les balades et activit\u00e9s en plein air.","robots":{"index":"index","follow":"follow","max-snippet":"max-snippet:-1","max-image-preview":"max-image-preview:large","max-video-preview":"max-video-preview:-1"},"canonical":"https:\/\/latelierduliege.com\/it\/collection\/cork-dog-harness-leash-set-lobo\/","og_locale":"it_IT","og_type":"article","og_title":"Harnais en li\u00e8ge pour chien \u2013 Confortable et durable - L&#039;Atelier du Li\u00e8ge","og_description":"Ensemble harnais et laisse \"Lobo\" en li\u00e8ge naturel pour petits chiens, confortable et s\u00fbr, parfait pour les balades et activit\u00e9s en plein air.","og_url":"https:\/\/latelierduliege.com\/it\/collection\/cork-dog-harness-leash-set-lobo\/","og_site_name":"L&#039;Atelier du Li\u00e8ge","article_publisher":"https:\/\/www.facebook.com","article_modified_time":"2026-04-10T09:06:21+00:00","og_image":[{"width":1280,"height":1707,"url":"https:\/\/latelierduliege.com\/wp-content\/uploads\/2024\/10\/c1d2055d3def440b90d7ec1dad5a9409e5a8aa4f33a80ea541aba71c4c284c97.jpg","type":"image\/jpeg"}],"twitter_card":"summary_large_image","twitter_misc":{"Tempo di lettura stimato":"1 minuto"},"schema":{"@context":"https:\/\/schema.org","@graph":[{"@type":"WebPage","@id":"https:\/\/latelierduliege.com\/collection\/cork-dog-harness-leash-set-lobo\/","url":"https:\/\/latelierduliege.com\/collection\/cork-dog-harness-leash-set-lobo\/","name":"Harnais en li\u00e8ge pour chien \u2013 Confortable et durable - L&#039;Atelier du Li\u00e8ge","isPartOf":{"@id":"https:\/\/latelierduliege.com\/#website"},"primaryImageOfPage":{"@id":"https:\/\/latelierduliege.com\/collection\/cork-dog-harness-leash-set-lobo\/#primaryimage"},"image":{"@id":"https:\/\/latelierduliege.com\/collection\/cork-dog-harness-leash-set-lobo\/#primaryimage"},"thumbnailUrl":"https:\/\/latelierduliege.com\/wp-content\/uploads\/2024\/10\/c1d2055d3def440b90d7ec1dad5a9409e5a8aa4f33a80ea541aba71c4c284c97.jpg","datePublished":"2024-10-30T20:30:26+00:00","dateModified":"2026-04-10T09:06:21+00:00","description":"Ensemble harnais et laisse \"Lobo\" en li\u00e8ge naturel pour petits chiens, confortable et s\u00fbr, parfait pour les balades et activit\u00e9s en plein air.","breadcrumb":{"@id":"https:\/\/latelierduliege.com\/collection\/cork-dog-harness-leash-set-lobo\/#breadcrumb"},"inLanguage":"it-IT","potentialAction":[{"@type":"ReadAction","target":["https:\/\/latelierduliege.com\/collection\/cork-dog-harness-leash-set-lobo\/"]}]},{"@type":"ImageObject","inLanguage":"it-IT","@id":"https:\/\/latelierduliege.com\/collection\/cork-dog-harness-leash-set-lobo\/#primaryimage","url":"https:\/\/latelierduliege.com\/wp-content\/uploads\/2024\/10\/c1d2055d3def440b90d7ec1dad5a9409e5a8aa4f33a80ea541aba71c4c284c97.jpg","contentUrl":"https:\/\/latelierduliege.com\/wp-content\/uploads\/2024\/10\/c1d2055d3def440b90d7ec1dad5a9409e5a8aa4f33a80ea541aba71c4c284c97.jpg","width":1280,"height":1707,"caption":"Img"},{"@type":"BreadcrumbList","@id":"https:\/\/latelierduliege.com\/collection\/cork-dog-harness-leash-set-lobo\/#breadcrumb","itemListElement":[{"@type":"ListItem","position":1,"name":"Home","item":"https:\/\/latelierduliege.com\/"},{"@type":"ListItem","position":2,"name":"Boutique","item":"https:\/\/latelierduliege.com\/boutique-liege\/"},{"@type":"ListItem","position":3,"name":"Harnais et laisse en li\u00e8ge \u00ab Lobo \u00bb \u2013 Confortable, robuste et \u00e9coresponsable"}]},{"@type":"WebSite","@id":"https:\/\/latelierduliege.com\/#website","url":"https:\/\/latelierduliege.com\/","name":"L'Atelier du Li\u00e8ge","description":"Ecoresponsable par nature","potentialAction":[{"@type":"SearchAction","target":{"@type":"EntryPoint","urlTemplate":"https:\/\/latelierduliege.com\/?s={search_term_string}"},"query-input":{"@type":"PropertyValueSpecification","valueRequired":true,"valueName":"search_term_string"}}],"inLanguage":"it-IT"}]}},"brands":[{"id":267,"name":"L'Atelier du Li\u00e8ge","slug":"atelier-du-liege"}],"_links":{"self":[{"href":"https:\/\/latelierduliege.com\/it\/wp-json\/wp\/v2\/product\/10994","targetHints":{"allow":["GET"]}}],"collection":[{"href":"https:\/\/latelierduliege.com\/it\/wp-json\/wp\/v2\/product"}],"about":[{"href":"https:\/\/latelierduliege.com\/it\/wp-json\/wp\/v2\/types\/product"}],"replies":[{"embeddable":true,"href":"https:\/\/latelierduliege.com\/it\/wp-json\/wp\/v2\/comments?post=10994"}],"wp:featuredmedia":[{"embeddable":true,"href":"https:\/\/latelierduliege.com\/it\/wp-json\/wp\/v2\/media\/10979"}],"wp:attachment":[{"href":"https:\/\/latelierduliege.com\/it\/wp-json\/wp\/v2\/media?parent=10994"}],"wp:term":[{"taxonomy":"pwb-brand","embeddable":true,"href":"https:\/\/latelierduliege.com\/it\/wp-json\/wp\/v2\/pwb-brand?post=10994"},{"taxonomy":"product_brand","embeddable":true,"href":"https:\/\/latelierduliege.com\/it\/wp-json\/wp\/v2\/product_brand?post=10994"},{"taxonomy":"product_cat","embeddable":true,"href":"https:\/\/latelierduliege.com\/it\/wp-json\/wp\/v2\/product_cat?post=10994"},{"taxonomy":"product_tag","embeddable":true,"href":"https:\/\/latelierduliege.com\/it\/wp-json\/wp\/v2\/product_tag?post=10994"}],"curies":[{"name":"wp","href":"https:\/\/api.w.org\/{rel}","templated":true}]}}