{"id":11019,"date":"2024-10-30T21:03:36","date_gmt":"2024-10-30T21:03:36","guid":{"rendered":"https:\/\/latelierduliege.com\/collection\/mens-ultra-thin-cork-wallet-and-card-holder-wallet-bag-2311\/"},"modified":"2026-04-15T16:29:08","modified_gmt":"2026-04-15T14:29:08","slug":"portefeuille-ultra-fin-homme-liege-portimao","status":"publish","type":"product","link":"https:\/\/latelierduliege.com\/it\/collection\/portefeuille-ultra-fin-homme-liege-portimao\/","title":{"rendered":"Portafoglio uomo in sughero \u201cPortim\u00e3o\u201d \u2013 ultrasottile, elegante e resistente"},"content":{"rendered":"<p>Scopri il portafoglio ultrasottile da uomo \u201cPortim\u00e3o\u201d, pensato per chi cerca eleganza e funzionalit\u00e0 in un unico accessorio.\n\nRealizzato in sughero ecologico, \u00e8 disponibile in tre colori eleganti: verde oliva, nero e naturale.\n\nIl suo design minimalista e la struttura sottile lo rendono perfetto per essere inserito facilmente in qualsiasi tasca.<\/p>\n<p>Con <strong>7 scomparti per carte di credito<\/strong>, di un <strong>compartimento trasparente per la carta d\u2019identit\u00e0<\/strong> e uno spazio per le banconote, ideale per organizzare i tuoi oggetti essenziali con stile.\nIl portafoglio \u00e8 impreziosito dal logo metallico in sughero, simbolo di qualit\u00e0 e originalit\u00e0.<\/p>\n<p><strong>Dimensioni<\/strong><\/p>\n<ul>\n<li>Altezza : 11,5 cm<\/li>\n<li>Larghezza : 8,5 cm<\/li>\n<li>Profondit\u00e0 : 8,5 cm<\/li>\n<\/ul>\n<p><strong>Raffinatezza e resistenza<\/strong> riunite in un portafoglio elegante e versatile, perfetto per ogni occasione. Ordinalo ora e scegli un accessorio pi\u00f9 rispettoso dell\u2019ambiente.<\/p>\n<p>Scopri come viene raccolto il sughero leggendo il nostro articolo.\u00a0<a href=\"https:\/\/latelierduliege.com\/it\/comment-le-liege-est-il-recolte\/\" target=\"_blank\" rel=\"noopener\">ici<\/a><\/p>","protected":false},"excerpt":{"rendered":"<p>Portafoglio ultrasottile da uomo \u201cPortim\u00e3o\u201d in sughero, con scomparti per carte e banconote.\nDisponibile in tre colori eleganti, unisce stile e praticit\u00e0. <strong>\u00e9l\u00e9gance et praticit\u00e9<\/strong>.<\/p>\n<p><img loading=\"lazy\" decoding=\"async\" class=\"alignnone size-medium wp-image-76\" src=\"https:\/\/latelierduliege.com\/wp-content\/uploads\/2026\/03\/Vantaggi-del-sughero-in-5-punti-2.png\" alt=\"\" width=\"300\" height=\"201\" srcset=\"https:\/\/latelierduliege.com\/wp-content\/uploads\/2026\/03\/Vantaggi-del-sughero-in-5-punti-2.png 1536w, https:\/\/latelierduliege.com\/wp-content\/uploads\/2026\/03\/Vantaggi-del-sughero-in-5-punti-2-300x200.png 300w, https:\/\/latelierduliege.com\/wp-content\/uploads\/2026\/03\/Vantaggi-del-sughero-in-5-punti-2-1024x683.png 1024w, https:\/\/latelierduliege.com\/wp-content\/uploads\/2026\/03\/Vantaggi-del-sughero-in-5-punti-2-768x512.png 768w, https:\/\/latelierduliege.com\/wp-content\/uploads\/2026\/03\/Vantaggi-del-sughero-in-5-punti-2-18x12.png 18w, https:\/\/latelierduliege.com\/wp-content\/uploads\/2026\/03\/Vantaggi-del-sughero-in-5-punti-2-510x340.png 510w\" sizes=\"auto, (max-width: 300px) 100vw, 300px\" \/><\/p>","protected":false},"featured_media":11006,"comment_status":"open","ping_status":"closed","template":"","meta":[],"pwb-brand":[267],"product_brand":[],"product_cat":[621,188],"product_tag":[],"class_list":{"0":"post-11019","1":"product","2":"type-product","3":"status-publish","4":"has-post-thumbnail","6":"pwb-brand-atelier-du-liege","7":"product_cat-portefeuilles-liege","8":"product_cat-portefeuilles-homme","10":"first","11":"instock","12":"shipping-taxable","13":"purchasable","14":"product-type-variable"},"yoast_head":"<!-- This site is optimized with the Yoast SEO plugin v27.3 - https:\/\/yoast.com\/product\/yoast-seo-wordpress\/ -->\n<title>Portefeuille en li\u00e8ge homme ultra-fin \u2013 \u00c9l\u00e9gant et \u00e9cologique- L&#039;Atelier du Li\u00e8ge<\/title>\n<meta name=\"description\" content=\"Portefeuille ultra-fin pour homme en li\u00e8ge &quot;Portim\u00e3o&quot;, \u00e9l\u00e9gant et pratique, avec emplacements pour 7 cartes et espace pour les billets. Durable et raffin\u00e9.\" \/>\n<meta name=\"robots\" content=\"index, follow, max-snippet:-1, max-image-preview:large, max-video-preview:-1\" \/>\n<link rel=\"canonical\" href=\"https:\/\/latelierduliege.com\/it\/collection\/portefeuille-ultra-fin-homme-liege-portimao\/\" \/>\n<meta property=\"og:locale\" content=\"it_IT\" \/>\n<meta property=\"og:type\" content=\"article\" \/>\n<meta property=\"og:title\" content=\"Portefeuille en li\u00e8ge homme ultra-fin \u2013 \u00c9l\u00e9gant et \u00e9cologique- L&#039;Atelier du Li\u00e8ge\" \/>\n<meta property=\"og:description\" content=\"Portefeuille ultra-fin pour homme en li\u00e8ge &quot;Portim\u00e3o&quot;, \u00e9l\u00e9gant et pratique, avec emplacements pour 7 cartes et espace pour les billets. Durable et raffin\u00e9.\" \/>\n<meta property=\"og:url\" content=\"https:\/\/latelierduliege.com\/it\/collection\/portefeuille-ultra-fin-homme-liege-portimao\/\" \/>\n<meta property=\"og:site_name\" content=\"L&#039;Atelier du Li\u00e8ge\" \/>\n<meta property=\"article:publisher\" content=\"https:\/\/www.facebook.com\" \/>\n<meta property=\"article:modified_time\" content=\"2026-04-15T14:29:08+00:00\" \/>\n<meta property=\"og:image\" content=\"https:\/\/latelierduliege.com\/wp-content\/uploads\/2024\/10\/4_ddea6b96-1cc1-452c-8ebf-a58ca263e76b.jpg\" \/>\n\t<meta property=\"og:image:width\" content=\"1200\" \/>\n\t<meta property=\"og:image:height\" content=\"1200\" \/>\n\t<meta property=\"og:image:type\" content=\"image\/jpeg\" \/>\n<meta name=\"twitter:card\" content=\"summary_large_image\" \/>\n<meta name=\"twitter:label1\" content=\"Tempo di lettura stimato\" \/>\n\t<meta name=\"twitter:data1\" content=\"1 minuto\" \/>\n<script type=\"application\/ld+json\" class=\"yoast-schema-graph\">{\"@context\":\"https:\\\/\\\/schema.org\",\"@graph\":[{\"@type\":\"WebPage\",\"@id\":\"https:\\\/\\\/latelierduliege.com\\\/collection\\\/portefeuille-ultra-fin-homme-liege-portimao\\\/\",\"url\":\"https:\\\/\\\/latelierduliege.com\\\/collection\\\/portefeuille-ultra-fin-homme-liege-portimao\\\/\",\"name\":\"Portefeuille en li\u00e8ge homme ultra-fin \u2013 \u00c9l\u00e9gant et \u00e9cologique- L&#039;Atelier du Li\u00e8ge\",\"isPartOf\":{\"@id\":\"https:\\\/\\\/latelierduliege.com\\\/#website\"},\"primaryImageOfPage\":{\"@id\":\"https:\\\/\\\/latelierduliege.com\\\/collection\\\/portefeuille-ultra-fin-homme-liege-portimao\\\/#primaryimage\"},\"image\":{\"@id\":\"https:\\\/\\\/latelierduliege.com\\\/collection\\\/portefeuille-ultra-fin-homme-liege-portimao\\\/#primaryimage\"},\"thumbnailUrl\":\"https:\\\/\\\/latelierduliege.com\\\/wp-content\\\/uploads\\\/2024\\\/10\\\/4_ddea6b96-1cc1-452c-8ebf-a58ca263e76b.jpg\",\"datePublished\":\"2024-10-30T21:03:36+00:00\",\"dateModified\":\"2026-04-15T14:29:08+00:00\",\"description\":\"Portefeuille ultra-fin pour homme en li\u00e8ge \\\"Portim\u00e3o\\\", \u00e9l\u00e9gant et pratique, avec emplacements pour 7 cartes et espace pour les billets. Durable et raffin\u00e9.\",\"breadcrumb\":{\"@id\":\"https:\\\/\\\/latelierduliege.com\\\/collection\\\/portefeuille-ultra-fin-homme-liege-portimao\\\/#breadcrumb\"},\"inLanguage\":\"it-IT\",\"potentialAction\":[{\"@type\":\"ReadAction\",\"target\":[\"https:\\\/\\\/latelierduliege.com\\\/collection\\\/portefeuille-ultra-fin-homme-liege-portimao\\\/\"]}]},{\"@type\":\"ImageObject\",\"inLanguage\":\"it-IT\",\"@id\":\"https:\\\/\\\/latelierduliege.com\\\/collection\\\/portefeuille-ultra-fin-homme-liege-portimao\\\/#primaryimage\",\"url\":\"https:\\\/\\\/latelierduliege.com\\\/wp-content\\\/uploads\\\/2024\\\/10\\\/4_ddea6b96-1cc1-452c-8ebf-a58ca263e76b.jpg\",\"contentUrl\":\"https:\\\/\\\/latelierduliege.com\\\/wp-content\\\/uploads\\\/2024\\\/10\\\/4_ddea6b96-1cc1-452c-8ebf-a58ca263e76b.jpg\",\"width\":1200,\"height\":1200},{\"@type\":\"BreadcrumbList\",\"@id\":\"https:\\\/\\\/latelierduliege.com\\\/collection\\\/portefeuille-ultra-fin-homme-liege-portimao\\\/#breadcrumb\",\"itemListElement\":[{\"@type\":\"ListItem\",\"position\":1,\"name\":\"Home\",\"item\":\"https:\\\/\\\/latelierduliege.com\\\/\"},{\"@type\":\"ListItem\",\"position\":2,\"name\":\"Boutique\",\"item\":\"https:\\\/\\\/latelierduliege.com\\\/boutique-liege\\\/\"},{\"@type\":\"ListItem\",\"position\":3,\"name\":\"Portefeuille en li\u00e8ge \u00ab Portim\u00e3o \u00bb pour homme \u2013 Ultra-fin, \u00e9l\u00e9gant et durable\"}]},{\"@type\":\"WebSite\",\"@id\":\"https:\\\/\\\/latelierduliege.com\\\/#website\",\"url\":\"https:\\\/\\\/latelierduliege.com\\\/\",\"name\":\"L'Atelier du Li\u00e8ge\",\"description\":\"Ecoresponsable par nature\",\"potentialAction\":[{\"@type\":\"SearchAction\",\"target\":{\"@type\":\"EntryPoint\",\"urlTemplate\":\"https:\\\/\\\/latelierduliege.com\\\/?s={search_term_string}\"},\"query-input\":{\"@type\":\"PropertyValueSpecification\",\"valueRequired\":true,\"valueName\":\"search_term_string\"}}],\"inLanguage\":\"it-IT\"}]}<\/script>\n<!-- \/ Yoast SEO plugin. -->","yoast_head_json":{"title":"Portefeuille en li\u00e8ge homme ultra-fin \u2013 \u00c9l\u00e9gant et \u00e9cologique- L&#039;Atelier du Li\u00e8ge","description":"Portefeuille ultra-fin pour homme en li\u00e8ge \"Portim\u00e3o\", \u00e9l\u00e9gant et pratique, avec emplacements pour 7 cartes et espace pour les billets. Durable et raffin\u00e9.","robots":{"index":"index","follow":"follow","max-snippet":"max-snippet:-1","max-image-preview":"max-image-preview:large","max-video-preview":"max-video-preview:-1"},"canonical":"https:\/\/latelierduliege.com\/it\/collection\/portefeuille-ultra-fin-homme-liege-portimao\/","og_locale":"it_IT","og_type":"article","og_title":"Portefeuille en li\u00e8ge homme ultra-fin \u2013 \u00c9l\u00e9gant et \u00e9cologique- L&#039;Atelier du Li\u00e8ge","og_description":"Portefeuille ultra-fin pour homme en li\u00e8ge \"Portim\u00e3o\", \u00e9l\u00e9gant et pratique, avec emplacements pour 7 cartes et espace pour les billets. Durable et raffin\u00e9.","og_url":"https:\/\/latelierduliege.com\/it\/collection\/portefeuille-ultra-fin-homme-liege-portimao\/","og_site_name":"L&#039;Atelier du Li\u00e8ge","article_publisher":"https:\/\/www.facebook.com","article_modified_time":"2026-04-15T14:29:08+00:00","og_image":[{"width":1200,"height":1200,"url":"https:\/\/latelierduliege.com\/wp-content\/uploads\/2024\/10\/4_ddea6b96-1cc1-452c-8ebf-a58ca263e76b.jpg","type":"image\/jpeg"}],"twitter_card":"summary_large_image","twitter_misc":{"Tempo di lettura stimato":"1 minuto"},"schema":{"@context":"https:\/\/schema.org","@graph":[{"@type":"WebPage","@id":"https:\/\/latelierduliege.com\/collection\/portefeuille-ultra-fin-homme-liege-portimao\/","url":"https:\/\/latelierduliege.com\/collection\/portefeuille-ultra-fin-homme-liege-portimao\/","name":"Portefeuille en li\u00e8ge homme ultra-fin \u2013 \u00c9l\u00e9gant et \u00e9cologique- L&#039;Atelier du Li\u00e8ge","isPartOf":{"@id":"https:\/\/latelierduliege.com\/#website"},"primaryImageOfPage":{"@id":"https:\/\/latelierduliege.com\/collection\/portefeuille-ultra-fin-homme-liege-portimao\/#primaryimage"},"image":{"@id":"https:\/\/latelierduliege.com\/collection\/portefeuille-ultra-fin-homme-liege-portimao\/#primaryimage"},"thumbnailUrl":"https:\/\/latelierduliege.com\/wp-content\/uploads\/2024\/10\/4_ddea6b96-1cc1-452c-8ebf-a58ca263e76b.jpg","datePublished":"2024-10-30T21:03:36+00:00","dateModified":"2026-04-15T14:29:08+00:00","description":"Portefeuille ultra-fin pour homme en li\u00e8ge \"Portim\u00e3o\", \u00e9l\u00e9gant et pratique, avec emplacements pour 7 cartes et espace pour les billets. Durable et raffin\u00e9.","breadcrumb":{"@id":"https:\/\/latelierduliege.com\/collection\/portefeuille-ultra-fin-homme-liege-portimao\/#breadcrumb"},"inLanguage":"it-IT","potentialAction":[{"@type":"ReadAction","target":["https:\/\/latelierduliege.com\/collection\/portefeuille-ultra-fin-homme-liege-portimao\/"]}]},{"@type":"ImageObject","inLanguage":"it-IT","@id":"https:\/\/latelierduliege.com\/collection\/portefeuille-ultra-fin-homme-liege-portimao\/#primaryimage","url":"https:\/\/latelierduliege.com\/wp-content\/uploads\/2024\/10\/4_ddea6b96-1cc1-452c-8ebf-a58ca263e76b.jpg","contentUrl":"https:\/\/latelierduliege.com\/wp-content\/uploads\/2024\/10\/4_ddea6b96-1cc1-452c-8ebf-a58ca263e76b.jpg","width":1200,"height":1200},{"@type":"BreadcrumbList","@id":"https:\/\/latelierduliege.com\/collection\/portefeuille-ultra-fin-homme-liege-portimao\/#breadcrumb","itemListElement":[{"@type":"ListItem","position":1,"name":"Home","item":"https:\/\/latelierduliege.com\/"},{"@type":"ListItem","position":2,"name":"Boutique","item":"https:\/\/latelierduliege.com\/boutique-liege\/"},{"@type":"ListItem","position":3,"name":"Portefeuille en li\u00e8ge \u00ab Portim\u00e3o \u00bb pour homme \u2013 Ultra-fin, \u00e9l\u00e9gant et durable"}]},{"@type":"WebSite","@id":"https:\/\/latelierduliege.com\/#website","url":"https:\/\/latelierduliege.com\/","name":"L'Atelier du Li\u00e8ge","description":"Ecoresponsable par nature","potentialAction":[{"@type":"SearchAction","target":{"@type":"EntryPoint","urlTemplate":"https:\/\/latelierduliege.com\/?s={search_term_string}"},"query-input":{"@type":"PropertyValueSpecification","valueRequired":true,"valueName":"search_term_string"}}],"inLanguage":"it-IT"}]}},"brands":[{"id":267,"name":"L'Atelier du Li\u00e8ge","slug":"atelier-du-liege"}],"_links":{"self":[{"href":"https:\/\/latelierduliege.com\/it\/wp-json\/wp\/v2\/product\/11019","targetHints":{"allow":["GET"]}}],"collection":[{"href":"https:\/\/latelierduliege.com\/it\/wp-json\/wp\/v2\/product"}],"about":[{"href":"https:\/\/latelierduliege.com\/it\/wp-json\/wp\/v2\/types\/product"}],"replies":[{"embeddable":true,"href":"https:\/\/latelierduliege.com\/it\/wp-json\/wp\/v2\/comments?post=11019"}],"wp:featuredmedia":[{"embeddable":true,"href":"https:\/\/latelierduliege.com\/it\/wp-json\/wp\/v2\/media\/11006"}],"wp:attachment":[{"href":"https:\/\/latelierduliege.com\/it\/wp-json\/wp\/v2\/media?parent=11019"}],"wp:term":[{"taxonomy":"pwb-brand","embeddable":true,"href":"https:\/\/latelierduliege.com\/it\/wp-json\/wp\/v2\/pwb-brand?post=11019"},{"taxonomy":"product_brand","embeddable":true,"href":"https:\/\/latelierduliege.com\/it\/wp-json\/wp\/v2\/product_brand?post=11019"},{"taxonomy":"product_cat","embeddable":true,"href":"https:\/\/latelierduliege.com\/it\/wp-json\/wp\/v2\/product_cat?post=11019"},{"taxonomy":"product_tag","embeddable":true,"href":"https:\/\/latelierduliege.com\/it\/wp-json\/wp\/v2\/product_tag?post=11019"}],"curies":[{"name":"wp","href":"https:\/\/api.w.org\/{rel}","templated":true}]}}