{"id":11043,"date":"2024-11-11T08:15:13","date_gmt":"2024-11-11T08:15:13","guid":{"rendered":"https:\/\/latelierduliege.com\/collection\/envelope-cork-messenger-sling-bag-2080\/"},"modified":"2026-04-11T18:21:09","modified_gmt":"2026-04-11T16:21:09","slug":"sac-bandouliere-liege-reguego","status":"publish","type":"product","link":"https:\/\/latelierduliege.com\/it\/collection\/sac-bandouliere-liege-reguego\/","title":{"rendered":"Sac bandouli\u00e8re en li\u00e8ge \u00ab Reguego \u00bb pour femme \u2013 Compact, \u00e9l\u00e9gant et pratique"},"content":{"rendered":"<p data-start=\"478\" data-end=\"789\">Le sac bandouli\u00e8re <strong data-start=\"497\" data-end=\"508\">Reguego<\/strong> est un indispensable du quotidien. Compact et pratique, il vous permet d&rsquo;avoir vos essentiels \u00e0 port\u00e9e de main tout en restant \u00e9l\u00e9gant et l\u00e9ger. Son design sobre et chic s&rsquo;adapte parfaitement \u00e0 toutes vos tenues, que ce soit pour une sortie en ville ou une journ\u00e9e bien remplie.<\/p>\n<h3 data-start=\"791\" data-end=\"831\"><strong data-start=\"795\" data-end=\"829\">Caratteristiche principali :<\/strong><\/h3>\n<ul data-start=\"832\" data-end=\"1360\">\n<li data-start=\"832\" data-end=\"972\"><strong data-start=\"834\" data-end=\"856\">Design fonctionnel<\/strong> : Dot\u00e9 d&rsquo;une fermeture \u00e0 glissi\u00e8re principale et d&rsquo;une poche int\u00e9rieure zipp\u00e9e pour mieux organiser vos affaires.<\/li>\n<li data-start=\"973\" data-end=\"1103\"><strong data-start=\"975\" data-end=\"994\">Espace optimis\u00e9<\/strong> : Suffisamment spacieux pour transporter t\u00e9l\u00e9phone, portefeuille, cl\u00e9s et autres petits objets essentiels.<\/li>\n<li data-start=\"1104\" data-end=\"1220\"><strong data-start=\"1106\" data-end=\"1128\">Mat\u00e9riaux durables<\/strong> : Fabriqu\u00e9 en <strong data-start=\"1143\" data-end=\"1160\">li\u00e8ge naturel<\/strong> et <strong data-start=\"1164\" data-end=\"1185\">coton bleu marine<\/strong> , un duo \u00e9cologique et r\u00e9sistant.<\/li>\n<li data-start=\"1221\" data-end=\"1360\"><strong data-start=\"1223\" data-end=\"1243\">Style polyvalent<\/strong> : Son allure minimaliste et intemporelle s&rsquo;adapte \u00e0 toutes vos tenues, que ce soit pour le travail ou les loisirs.<\/li>\n<\/ul>\n<h3 data-start=\"1362\" data-end=\"1384\"><strong data-start=\"1366\" data-end=\"1382\">Dimensioni :<\/strong><\/h3>\n<ul data-start=\"1385\" data-end=\"1477\">\n<li data-start=\"1385\" data-end=\"1416\"><strong data-start=\"1387\" data-end=\"1399\">Lunghezza<\/strong> : 22 cm (8,6&Prime;)<\/li>\n<li data-start=\"1417\" data-end=\"1447\"><strong data-start=\"1419\" data-end=\"1430\">Hauteur<\/strong> : 14 cm (5,5&Prime;)<\/li>\n<li data-start=\"1448\" data-end=\"1477\"><strong data-start=\"1450\" data-end=\"1461\">Larghezza<\/strong> : 4 cm (1,5&Prime;)<\/li>\n<\/ul>\n<p data-start=\"1479\" data-end=\"1626\">Adoptez le sac bandouli\u00e8re <strong data-start=\"1506\" data-end=\"1517\">Reguego<\/strong> et profitez d&rsquo;un accessoire aussi \u00e9l\u00e9gant que fonctionnel, parfait pour toutes vos aventures quotidiennes.<\/p>\n<p><i>Tous nos produits sont con\u00e7us avec du li\u00e8ge enti\u00e8rement naturel et sont r\u00e9alis\u00e9s \u00e0 la main par des artisans. Chaque pi\u00e8ce est unique et peux pr\u00e9senter quelques imperfections ce qui rend nos produits \u00e0 la fois uniques et originaux.<\/i><\/p>","protected":false},"excerpt":{"rendered":"<p>D\u00e9couvrez le sac bandouli\u00e8re <strong data-start=\"224\" data-end=\"235\">Reguego<\/strong> , un accessoire compact et fonctionnel qui allie style et durabilit\u00e9. Con\u00e7u en li\u00e8ge naturel et coton bleu marine, il offre un espace optimis\u00e9 pour transporter vos essentiels en toute simplicit\u00e9.<\/p>\n<p>Adoptez la mode \u00e9co-responsable et affichez vos convictions vis-\u00e0-vis de la nature et de l\u2019\u00e9cologie.<\/p>\n<p><img loading=\"lazy\" decoding=\"async\" class=\"alignnone size-medium wp-image-76\" src=\"https:\/\/latelierduliege.com\/wp-content\/uploads\/2026\/03\/Vantaggi-del-sughero-in-5-punti-2.png\" alt=\"\" width=\"300\" height=\"201\" srcset=\"https:\/\/latelierduliege.com\/wp-content\/uploads\/2026\/03\/Vantaggi-del-sughero-in-5-punti-2.png 1536w, https:\/\/latelierduliege.com\/wp-content\/uploads\/2026\/03\/Vantaggi-del-sughero-in-5-punti-2-300x200.png 300w, https:\/\/latelierduliege.com\/wp-content\/uploads\/2026\/03\/Vantaggi-del-sughero-in-5-punti-2-1024x683.png 1024w, https:\/\/latelierduliege.com\/wp-content\/uploads\/2026\/03\/Vantaggi-del-sughero-in-5-punti-2-768x512.png 768w, https:\/\/latelierduliege.com\/wp-content\/uploads\/2026\/03\/Vantaggi-del-sughero-in-5-punti-2-18x12.png 18w, https:\/\/latelierduliege.com\/wp-content\/uploads\/2026\/03\/Vantaggi-del-sughero-in-5-punti-2-510x340.png 510w\" sizes=\"auto, (max-width: 300px) 100vw, 300px\" \/><\/p>","protected":false},"featured_media":11030,"comment_status":"open","ping_status":"closed","template":"","meta":[],"pwb-brand":[267],"product_brand":[],"product_cat":[481,190,620],"product_tag":[640],"class_list":{"0":"post-11043","1":"product","2":"type-product","3":"status-publish","4":"has-post-thumbnail","6":"pwb-brand-atelier-du-liege","7":"product_cat-promotions-liege","8":"product_cat-sacs-a-main","9":"product_cat-sacs-liege","10":"product_tag-femme","12":"first","13":"instock","14":"shipping-taxable","15":"purchasable","16":"product-type-variable"},"yoast_head":"<!-- This site is optimized with the Yoast SEO plugin v27.3 - https:\/\/yoast.com\/product\/yoast-seo-wordpress\/ -->\n<title>Sac bandouli\u00e8re en li\u00e8ge \u2013 \u00c9l\u00e9gant et pratique - L&#039;Atelier du Li\u00e8ge<\/title>\n<meta name=\"description\" content=\"Sac bandouli\u00e8re en li\u00e8ge, compact et \u00e9l\u00e9gant. Fermeture zipp\u00e9e, poche int\u00e9rieure et mat\u00e9riaux durables. L\u00e9ger, vegan et \u00e9coresponsable.\" \/>\n<meta name=\"robots\" content=\"index, follow, max-snippet:-1, max-image-preview:large, max-video-preview:-1\" \/>\n<link rel=\"canonical\" href=\"https:\/\/latelierduliege.com\/it\/collection\/sac-bandouliere-liege-reguego\/\" \/>\n<meta property=\"og:locale\" content=\"it_IT\" \/>\n<meta property=\"og:type\" content=\"article\" \/>\n<meta property=\"og:title\" content=\"Sac bandouli\u00e8re en li\u00e8ge \u2013 \u00c9l\u00e9gant et pratique - L&#039;Atelier du Li\u00e8ge\" \/>\n<meta property=\"og:description\" content=\"Sac bandouli\u00e8re en li\u00e8ge, compact et \u00e9l\u00e9gant. Fermeture zipp\u00e9e, poche int\u00e9rieure et mat\u00e9riaux durables. L\u00e9ger, vegan et \u00e9coresponsable.\" \/>\n<meta property=\"og:url\" content=\"https:\/\/latelierduliege.com\/it\/collection\/sac-bandouliere-liege-reguego\/\" \/>\n<meta property=\"og:site_name\" content=\"L&#039;Atelier du Li\u00e8ge\" \/>\n<meta property=\"article:publisher\" content=\"https:\/\/www.facebook.com\" \/>\n<meta property=\"article:modified_time\" content=\"2026-04-11T16:21:09+00:00\" \/>\n<meta property=\"og:image\" content=\"https:\/\/latelierduliege.com\/wp-content\/uploads\/2024\/11\/envelope-cork-messenger-sling-bag-2080-flash-sales-632.jpg\" \/>\n\t<meta property=\"og:image:width\" content=\"1024\" \/>\n\t<meta property=\"og:image:height\" content=\"1024\" \/>\n\t<meta property=\"og:image:type\" content=\"image\/jpeg\" \/>\n<meta name=\"twitter:card\" content=\"summary_large_image\" \/>\n<meta name=\"twitter:label1\" content=\"Tempo di lettura stimato\" \/>\n\t<meta name=\"twitter:data1\" content=\"2 minuti\" \/>\n<script type=\"application\/ld+json\" class=\"yoast-schema-graph\">{\"@context\":\"https:\\\/\\\/schema.org\",\"@graph\":[{\"@type\":\"WebPage\",\"@id\":\"https:\\\/\\\/latelierduliege.com\\\/collection\\\/sac-bandouliere-liege-reguego\\\/\",\"url\":\"https:\\\/\\\/latelierduliege.com\\\/collection\\\/sac-bandouliere-liege-reguego\\\/\",\"name\":\"Sac bandouli\u00e8re en li\u00e8ge \u2013 \u00c9l\u00e9gant et pratique - L&#039;Atelier du Li\u00e8ge\",\"isPartOf\":{\"@id\":\"https:\\\/\\\/latelierduliege.com\\\/#website\"},\"primaryImageOfPage\":{\"@id\":\"https:\\\/\\\/latelierduliege.com\\\/collection\\\/sac-bandouliere-liege-reguego\\\/#primaryimage\"},\"image\":{\"@id\":\"https:\\\/\\\/latelierduliege.com\\\/collection\\\/sac-bandouliere-liege-reguego\\\/#primaryimage\"},\"thumbnailUrl\":\"https:\\\/\\\/latelierduliege.com\\\/wp-content\\\/uploads\\\/2024\\\/11\\\/envelope-cork-messenger-sling-bag-2080-flash-sales-632.jpg\",\"datePublished\":\"2024-11-11T08:15:13+00:00\",\"dateModified\":\"2026-04-11T16:21:09+00:00\",\"description\":\"Sac bandouli\u00e8re en li\u00e8ge, compact et \u00e9l\u00e9gant. Fermeture zipp\u00e9e, poche int\u00e9rieure et mat\u00e9riaux durables. L\u00e9ger, vegan et \u00e9coresponsable.\",\"breadcrumb\":{\"@id\":\"https:\\\/\\\/latelierduliege.com\\\/collection\\\/sac-bandouliere-liege-reguego\\\/#breadcrumb\"},\"inLanguage\":\"it-IT\",\"potentialAction\":[{\"@type\":\"ReadAction\",\"target\":[\"https:\\\/\\\/latelierduliege.com\\\/collection\\\/sac-bandouliere-liege-reguego\\\/\"]}]},{\"@type\":\"ImageObject\",\"inLanguage\":\"it-IT\",\"@id\":\"https:\\\/\\\/latelierduliege.com\\\/collection\\\/sac-bandouliere-liege-reguego\\\/#primaryimage\",\"url\":\"https:\\\/\\\/latelierduliege.com\\\/wp-content\\\/uploads\\\/2024\\\/11\\\/envelope-cork-messenger-sling-bag-2080-flash-sales-632.jpg\",\"contentUrl\":\"https:\\\/\\\/latelierduliege.com\\\/wp-content\\\/uploads\\\/2024\\\/11\\\/envelope-cork-messenger-sling-bag-2080-flash-sales-632.jpg\",\"width\":1024,\"height\":1024,\"caption\":\"Envelope Cork Messenger Sling- Bag-2080 Flash Sales\"},{\"@type\":\"BreadcrumbList\",\"@id\":\"https:\\\/\\\/latelierduliege.com\\\/collection\\\/sac-bandouliere-liege-reguego\\\/#breadcrumb\",\"itemListElement\":[{\"@type\":\"ListItem\",\"position\":1,\"name\":\"Home\",\"item\":\"https:\\\/\\\/latelierduliege.com\\\/\"},{\"@type\":\"ListItem\",\"position\":2,\"name\":\"Boutique\",\"item\":\"https:\\\/\\\/latelierduliege.com\\\/boutique-liege\\\/\"},{\"@type\":\"ListItem\",\"position\":3,\"name\":\"Sac bandouli\u00e8re en li\u00e8ge \u00ab Reguego \u00bb pour femme \u2013 Compact, \u00e9l\u00e9gant et pratique\"}]},{\"@type\":\"WebSite\",\"@id\":\"https:\\\/\\\/latelierduliege.com\\\/#website\",\"url\":\"https:\\\/\\\/latelierduliege.com\\\/\",\"name\":\"L'Atelier du Li\u00e8ge\",\"description\":\"Ecoresponsable par nature\",\"potentialAction\":[{\"@type\":\"SearchAction\",\"target\":{\"@type\":\"EntryPoint\",\"urlTemplate\":\"https:\\\/\\\/latelierduliege.com\\\/?s={search_term_string}\"},\"query-input\":{\"@type\":\"PropertyValueSpecification\",\"valueRequired\":true,\"valueName\":\"search_term_string\"}}],\"inLanguage\":\"it-IT\"}]}<\/script>\n<!-- \/ Yoast SEO plugin. -->","yoast_head_json":{"title":"Sac bandouli\u00e8re en li\u00e8ge \u2013 \u00c9l\u00e9gant et pratique - L&#039;Atelier du Li\u00e8ge","description":"Sac bandouli\u00e8re en li\u00e8ge, compact et \u00e9l\u00e9gant. Fermeture zipp\u00e9e, poche int\u00e9rieure et mat\u00e9riaux durables. L\u00e9ger, vegan et \u00e9coresponsable.","robots":{"index":"index","follow":"follow","max-snippet":"max-snippet:-1","max-image-preview":"max-image-preview:large","max-video-preview":"max-video-preview:-1"},"canonical":"https:\/\/latelierduliege.com\/it\/collection\/sac-bandouliere-liege-reguego\/","og_locale":"it_IT","og_type":"article","og_title":"Sac bandouli\u00e8re en li\u00e8ge \u2013 \u00c9l\u00e9gant et pratique - L&#039;Atelier du Li\u00e8ge","og_description":"Sac bandouli\u00e8re en li\u00e8ge, compact et \u00e9l\u00e9gant. Fermeture zipp\u00e9e, poche int\u00e9rieure et mat\u00e9riaux durables. L\u00e9ger, vegan et \u00e9coresponsable.","og_url":"https:\/\/latelierduliege.com\/it\/collection\/sac-bandouliere-liege-reguego\/","og_site_name":"L&#039;Atelier du Li\u00e8ge","article_publisher":"https:\/\/www.facebook.com","article_modified_time":"2026-04-11T16:21:09+00:00","og_image":[{"width":1024,"height":1024,"url":"https:\/\/latelierduliege.com\/wp-content\/uploads\/2024\/11\/envelope-cork-messenger-sling-bag-2080-flash-sales-632.jpg","type":"image\/jpeg"}],"twitter_card":"summary_large_image","twitter_misc":{"Tempo di lettura stimato":"2 minuti"},"schema":{"@context":"https:\/\/schema.org","@graph":[{"@type":"WebPage","@id":"https:\/\/latelierduliege.com\/collection\/sac-bandouliere-liege-reguego\/","url":"https:\/\/latelierduliege.com\/collection\/sac-bandouliere-liege-reguego\/","name":"Sac bandouli\u00e8re en li\u00e8ge \u2013 \u00c9l\u00e9gant et pratique - L&#039;Atelier du Li\u00e8ge","isPartOf":{"@id":"https:\/\/latelierduliege.com\/#website"},"primaryImageOfPage":{"@id":"https:\/\/latelierduliege.com\/collection\/sac-bandouliere-liege-reguego\/#primaryimage"},"image":{"@id":"https:\/\/latelierduliege.com\/collection\/sac-bandouliere-liege-reguego\/#primaryimage"},"thumbnailUrl":"https:\/\/latelierduliege.com\/wp-content\/uploads\/2024\/11\/envelope-cork-messenger-sling-bag-2080-flash-sales-632.jpg","datePublished":"2024-11-11T08:15:13+00:00","dateModified":"2026-04-11T16:21:09+00:00","description":"Sac bandouli\u00e8re en li\u00e8ge, compact et \u00e9l\u00e9gant. Fermeture zipp\u00e9e, poche int\u00e9rieure et mat\u00e9riaux durables. L\u00e9ger, vegan et \u00e9coresponsable.","breadcrumb":{"@id":"https:\/\/latelierduliege.com\/collection\/sac-bandouliere-liege-reguego\/#breadcrumb"},"inLanguage":"it-IT","potentialAction":[{"@type":"ReadAction","target":["https:\/\/latelierduliege.com\/collection\/sac-bandouliere-liege-reguego\/"]}]},{"@type":"ImageObject","inLanguage":"it-IT","@id":"https:\/\/latelierduliege.com\/collection\/sac-bandouliere-liege-reguego\/#primaryimage","url":"https:\/\/latelierduliege.com\/wp-content\/uploads\/2024\/11\/envelope-cork-messenger-sling-bag-2080-flash-sales-632.jpg","contentUrl":"https:\/\/latelierduliege.com\/wp-content\/uploads\/2024\/11\/envelope-cork-messenger-sling-bag-2080-flash-sales-632.jpg","width":1024,"height":1024,"caption":"Envelope Cork Messenger Sling- Bag-2080 Flash Sales"},{"@type":"BreadcrumbList","@id":"https:\/\/latelierduliege.com\/collection\/sac-bandouliere-liege-reguego\/#breadcrumb","itemListElement":[{"@type":"ListItem","position":1,"name":"Home","item":"https:\/\/latelierduliege.com\/"},{"@type":"ListItem","position":2,"name":"Boutique","item":"https:\/\/latelierduliege.com\/boutique-liege\/"},{"@type":"ListItem","position":3,"name":"Sac bandouli\u00e8re en li\u00e8ge \u00ab Reguego \u00bb pour femme \u2013 Compact, \u00e9l\u00e9gant et pratique"}]},{"@type":"WebSite","@id":"https:\/\/latelierduliege.com\/#website","url":"https:\/\/latelierduliege.com\/","name":"L'Atelier du Li\u00e8ge","description":"Ecoresponsable par nature","potentialAction":[{"@type":"SearchAction","target":{"@type":"EntryPoint","urlTemplate":"https:\/\/latelierduliege.com\/?s={search_term_string}"},"query-input":{"@type":"PropertyValueSpecification","valueRequired":true,"valueName":"search_term_string"}}],"inLanguage":"it-IT"}]}},"brands":[{"id":267,"name":"L'Atelier du Li\u00e8ge","slug":"atelier-du-liege"}],"_links":{"self":[{"href":"https:\/\/latelierduliege.com\/it\/wp-json\/wp\/v2\/product\/11043","targetHints":{"allow":["GET"]}}],"collection":[{"href":"https:\/\/latelierduliege.com\/it\/wp-json\/wp\/v2\/product"}],"about":[{"href":"https:\/\/latelierduliege.com\/it\/wp-json\/wp\/v2\/types\/product"}],"replies":[{"embeddable":true,"href":"https:\/\/latelierduliege.com\/it\/wp-json\/wp\/v2\/comments?post=11043"}],"wp:featuredmedia":[{"embeddable":true,"href":"https:\/\/latelierduliege.com\/it\/wp-json\/wp\/v2\/media\/11030"}],"wp:attachment":[{"href":"https:\/\/latelierduliege.com\/it\/wp-json\/wp\/v2\/media?parent=11043"}],"wp:term":[{"taxonomy":"pwb-brand","embeddable":true,"href":"https:\/\/latelierduliege.com\/it\/wp-json\/wp\/v2\/pwb-brand?post=11043"},{"taxonomy":"product_brand","embeddable":true,"href":"https:\/\/latelierduliege.com\/it\/wp-json\/wp\/v2\/product_brand?post=11043"},{"taxonomy":"product_cat","embeddable":true,"href":"https:\/\/latelierduliege.com\/it\/wp-json\/wp\/v2\/product_cat?post=11043"},{"taxonomy":"product_tag","embeddable":true,"href":"https:\/\/latelierduliege.com\/it\/wp-json\/wp\/v2\/product_tag?post=11043"}],"curies":[{"name":"wp","href":"https:\/\/api.w.org\/{rel}","templated":true}]}}