{"id":11062,"date":"2024-11-11T16:21:46","date_gmt":"2024-11-11T16:21:46","guid":{"rendered":"https:\/\/latelierduliege.com\/collection\/azure-chic-cork-and-cotton-backpack-bag-2078\/"},"modified":"2026-04-06T19:06:48","modified_gmt":"2026-04-06T17:06:48","slug":"sac-a-dos-liege-miranda","status":"publish","type":"product","link":"https:\/\/latelierduliege.com\/it\/collection\/sac-a-dos-liege-miranda\/","title":{"rendered":"Sac \u00e0 dos en li\u00e8ge \u00ab Miranda \u00bb pour femme \u2013 Compact, chic et \u00e9cologique"},"content":{"rendered":"<p>D\u00e9couvrez le sac \u00e0 dos en li\u00e8ge \u00ab\u00a0Miranda\u00a0\u00bb ! Accessoire compact et \u00e9l\u00e9gant, con\u00e7u pour sublimer vos tenues et rendre votre quotidien plus pratique. Fabriqu\u00e9 en li\u00e8ge naturel et coton azur, ce sac est dot\u00e9 d&rsquo;une fermeture \u00e0 bouton-pression s\u00e9curis\u00e9e et d\u2019une poche int\u00e9rieure zipp\u00e9e, id\u00e9ale pour garder vos essentiels organis\u00e9s.<\/p>\n<p><strong>Caract\u00e9ristiques<\/strong> :<\/p>\n<ul>\n<li><strong>Design pratique<\/strong> : avec des cordons de serrage ajustables et des \u0153illets \u00e9l\u00e9gants pour un style unique.<\/li>\n<li><strong>Versatile<\/strong> : portez-le en bandouli\u00e8re ou en sac \u00e0 dos, parfait pour les journ\u00e9es d\u00e9contract\u00e9es.<\/li>\n<li><strong>Dimensioni<\/strong> : Hauteur : 19 cm \/ 7,4 pouces, Longueur : 18 cm \/ 7,0 pouces, Largeur : 15 cm \/ 5,9 pouces.<\/li>\n<\/ul>\n<p>Optez pour un accessoire chic et durable, respectueux de l\u2019environnement, parfait pour accompagner tous vos d\u00e9placements.<br \/>\n<strong>Scegli un accessorio elegante e pratico che unisce design moderno, materiali naturali e sostenibilit\u00e0.<\/strong><\/p>\n<p><strong>Tutti i nostri prodotti sono realizzati con sughero naturale e lavorati a mano da artigiani.\n\nOgni pezzo \u00e8 unico e pu\u00f2 presentare piccole imperfezioni naturali, caratteristiche che rendono ogni accessorio autentico e originale.<\/strong><\/p>","protected":false},"excerpt":{"rendered":"<p>Ce sac \u00e0 dos VEGAN en li\u00e8ge \u00ab\u00a0Miranda\u00a0\u00bb est fabriqu\u00e9 \u00e0 partir de cuir v\u00e9g\u00e9tal et de coton. Disponible en couleur naturelle, c\u2019est un accessoire \u00e9l\u00e9gant et pratique, parfait pour toutes vos sorties. Fabriqu\u00e9 \u00e0 la main au Portugal par des artisans exp\u00e9riment\u00e9s, il allie style et durabilit\u00e9.<\/p>\n<p><img loading=\"lazy\" decoding=\"async\" class=\"alignnone size-medium wp-image-76\" src=\"https:\/\/latelierduliege.com\/wp-content\/uploads\/2026\/03\/Vantaggi-del-sughero-in-5-punti-2.png\" alt=\"\" width=\"300\" height=\"201\" srcset=\"https:\/\/latelierduliege.com\/wp-content\/uploads\/2026\/03\/Vantaggi-del-sughero-in-5-punti-2.png 1536w, https:\/\/latelierduliege.com\/wp-content\/uploads\/2026\/03\/Vantaggi-del-sughero-in-5-punti-2-300x200.png 300w, https:\/\/latelierduliege.com\/wp-content\/uploads\/2026\/03\/Vantaggi-del-sughero-in-5-punti-2-1024x683.png 1024w, https:\/\/latelierduliege.com\/wp-content\/uploads\/2026\/03\/Vantaggi-del-sughero-in-5-punti-2-768x512.png 768w, https:\/\/latelierduliege.com\/wp-content\/uploads\/2026\/03\/Vantaggi-del-sughero-in-5-punti-2-18x12.png 18w, https:\/\/latelierduliege.com\/wp-content\/uploads\/2026\/03\/Vantaggi-del-sughero-in-5-punti-2-510x340.png 510w\" sizes=\"auto, (max-width: 300px) 100vw, 300px\" \/><\/p>","protected":false},"featured_media":11051,"comment_status":"open","ping_status":"closed","template":"","meta":[],"pwb-brand":[267],"product_brand":[],"product_cat":[481,192,620],"product_tag":[640],"class_list":{"0":"post-11062","1":"product","2":"type-product","3":"status-publish","4":"has-post-thumbnail","6":"pwb-brand-atelier-du-liege","7":"product_cat-promotions-liege","8":"product_cat-sacs-a-dos","9":"product_cat-sacs-liege","10":"product_tag-femme","12":"first","13":"instock","14":"shipping-taxable","15":"purchasable","16":"product-type-variable"},"yoast_head":"<!-- This site is optimized with the Yoast SEO plugin v27.3 - https:\/\/yoast.com\/product\/yoast-seo-wordpress\/ -->\n<title>Sac \u00e0 dos en li\u00e8ge pour femme \u2013 \u00c9l\u00e9gant et pratique- L&#039;Atelier du Li\u00e8ge<\/title>\n<meta name=\"description\" content=\"Sac \u00e0 dos en li\u00e8ge femme, compact et \u00e9l\u00e9gant. Fermeture s\u00e9curis\u00e9e, cordons ajustables et poche zipp\u00e9e. L\u00e9ger, durable et \u00e9coresponsable.\" \/>\n<meta name=\"robots\" content=\"index, follow, max-snippet:-1, max-image-preview:large, max-video-preview:-1\" \/>\n<link rel=\"canonical\" href=\"https:\/\/latelierduliege.com\/it\/collection\/sac-a-dos-liege-miranda\/\" \/>\n<meta property=\"og:locale\" content=\"it_IT\" \/>\n<meta property=\"og:type\" content=\"article\" \/>\n<meta property=\"og:title\" content=\"Sac \u00e0 dos en li\u00e8ge pour femme \u2013 \u00c9l\u00e9gant et pratique- L&#039;Atelier du Li\u00e8ge\" \/>\n<meta property=\"og:description\" content=\"Sac \u00e0 dos en li\u00e8ge femme, compact et \u00e9l\u00e9gant. Fermeture s\u00e9curis\u00e9e, cordons ajustables et poche zipp\u00e9e. L\u00e9ger, durable et \u00e9coresponsable.\" \/>\n<meta property=\"og:url\" content=\"https:\/\/latelierduliege.com\/it\/collection\/sac-a-dos-liege-miranda\/\" \/>\n<meta property=\"og:site_name\" content=\"L&#039;Atelier du Li\u00e8ge\" \/>\n<meta property=\"article:publisher\" content=\"https:\/\/www.facebook.com\" \/>\n<meta property=\"article:modified_time\" content=\"2026-04-06T17:06:48+00:00\" \/>\n<meta property=\"og:image\" content=\"https:\/\/latelierduliege.com\/wp-content\/uploads\/2024\/11\/5a013fcb79082f4a32e43390f1fcf97.jpg\" \/>\n\t<meta property=\"og:image:width\" content=\"2000\" \/>\n\t<meta property=\"og:image:height\" content=\"2000\" \/>\n\t<meta property=\"og:image:type\" content=\"image\/jpeg\" \/>\n<meta name=\"twitter:card\" content=\"summary_large_image\" \/>\n<meta name=\"twitter:label1\" content=\"Tempo di lettura stimato\" \/>\n\t<meta name=\"twitter:data1\" content=\"2 minuti\" \/>\n<script type=\"application\/ld+json\" class=\"yoast-schema-graph\">{\"@context\":\"https:\\\/\\\/schema.org\",\"@graph\":[{\"@type\":\"WebPage\",\"@id\":\"https:\\\/\\\/latelierduliege.com\\\/collection\\\/sac-a-dos-liege-miranda\\\/\",\"url\":\"https:\\\/\\\/latelierduliege.com\\\/collection\\\/sac-a-dos-liege-miranda\\\/\",\"name\":\"Sac \u00e0 dos en li\u00e8ge pour femme \u2013 \u00c9l\u00e9gant et pratique- L&#039;Atelier du Li\u00e8ge\",\"isPartOf\":{\"@id\":\"https:\\\/\\\/latelierduliege.com\\\/#website\"},\"primaryImageOfPage\":{\"@id\":\"https:\\\/\\\/latelierduliege.com\\\/collection\\\/sac-a-dos-liege-miranda\\\/#primaryimage\"},\"image\":{\"@id\":\"https:\\\/\\\/latelierduliege.com\\\/collection\\\/sac-a-dos-liege-miranda\\\/#primaryimage\"},\"thumbnailUrl\":\"https:\\\/\\\/latelierduliege.com\\\/wp-content\\\/uploads\\\/2024\\\/11\\\/5a013fcb79082f4a32e43390f1fcf97.jpg\",\"datePublished\":\"2024-11-11T16:21:46+00:00\",\"dateModified\":\"2026-04-06T17:06:48+00:00\",\"description\":\"Sac \u00e0 dos en li\u00e8ge femme, compact et \u00e9l\u00e9gant. Fermeture s\u00e9curis\u00e9e, cordons ajustables et poche zipp\u00e9e. L\u00e9ger, durable et \u00e9coresponsable.\",\"breadcrumb\":{\"@id\":\"https:\\\/\\\/latelierduliege.com\\\/collection\\\/sac-a-dos-liege-miranda\\\/#breadcrumb\"},\"inLanguage\":\"it-IT\",\"potentialAction\":[{\"@type\":\"ReadAction\",\"target\":[\"https:\\\/\\\/latelierduliege.com\\\/collection\\\/sac-a-dos-liege-miranda\\\/\"]}]},{\"@type\":\"ImageObject\",\"inLanguage\":\"it-IT\",\"@id\":\"https:\\\/\\\/latelierduliege.com\\\/collection\\\/sac-a-dos-liege-miranda\\\/#primaryimage\",\"url\":\"https:\\\/\\\/latelierduliege.com\\\/wp-content\\\/uploads\\\/2024\\\/11\\\/5a013fcb79082f4a32e43390f1fcf97.jpg\",\"contentUrl\":\"https:\\\/\\\/latelierduliege.com\\\/wp-content\\\/uploads\\\/2024\\\/11\\\/5a013fcb79082f4a32e43390f1fcf97.jpg\",\"width\":2000,\"height\":2000},{\"@type\":\"BreadcrumbList\",\"@id\":\"https:\\\/\\\/latelierduliege.com\\\/collection\\\/sac-a-dos-liege-miranda\\\/#breadcrumb\",\"itemListElement\":[{\"@type\":\"ListItem\",\"position\":1,\"name\":\"Home\",\"item\":\"https:\\\/\\\/latelierduliege.com\\\/\"},{\"@type\":\"ListItem\",\"position\":2,\"name\":\"Boutique\",\"item\":\"https:\\\/\\\/latelierduliege.com\\\/boutique-liege\\\/\"},{\"@type\":\"ListItem\",\"position\":3,\"name\":\"Sac \u00e0 dos en li\u00e8ge \u00ab Miranda \u00bb pour femme \u2013 Compact, chic et \u00e9cologique\"}]},{\"@type\":\"WebSite\",\"@id\":\"https:\\\/\\\/latelierduliege.com\\\/#website\",\"url\":\"https:\\\/\\\/latelierduliege.com\\\/\",\"name\":\"L'Atelier du Li\u00e8ge\",\"description\":\"Ecoresponsable par nature\",\"potentialAction\":[{\"@type\":\"SearchAction\",\"target\":{\"@type\":\"EntryPoint\",\"urlTemplate\":\"https:\\\/\\\/latelierduliege.com\\\/?s={search_term_string}\"},\"query-input\":{\"@type\":\"PropertyValueSpecification\",\"valueRequired\":true,\"valueName\":\"search_term_string\"}}],\"inLanguage\":\"it-IT\"}]}<\/script>\n<!-- \/ Yoast SEO plugin. -->","yoast_head_json":{"title":"Sac \u00e0 dos en li\u00e8ge pour femme \u2013 \u00c9l\u00e9gant et pratique- L&#039;Atelier du Li\u00e8ge","description":"Sac \u00e0 dos en li\u00e8ge femme, compact et \u00e9l\u00e9gant. Fermeture s\u00e9curis\u00e9e, cordons ajustables et poche zipp\u00e9e. L\u00e9ger, durable et \u00e9coresponsable.","robots":{"index":"index","follow":"follow","max-snippet":"max-snippet:-1","max-image-preview":"max-image-preview:large","max-video-preview":"max-video-preview:-1"},"canonical":"https:\/\/latelierduliege.com\/it\/collection\/sac-a-dos-liege-miranda\/","og_locale":"it_IT","og_type":"article","og_title":"Sac \u00e0 dos en li\u00e8ge pour femme \u2013 \u00c9l\u00e9gant et pratique- L&#039;Atelier du Li\u00e8ge","og_description":"Sac \u00e0 dos en li\u00e8ge femme, compact et \u00e9l\u00e9gant. Fermeture s\u00e9curis\u00e9e, cordons ajustables et poche zipp\u00e9e. L\u00e9ger, durable et \u00e9coresponsable.","og_url":"https:\/\/latelierduliege.com\/it\/collection\/sac-a-dos-liege-miranda\/","og_site_name":"L&#039;Atelier du Li\u00e8ge","article_publisher":"https:\/\/www.facebook.com","article_modified_time":"2026-04-06T17:06:48+00:00","og_image":[{"width":2000,"height":2000,"url":"https:\/\/latelierduliege.com\/wp-content\/uploads\/2024\/11\/5a013fcb79082f4a32e43390f1fcf97.jpg","type":"image\/jpeg"}],"twitter_card":"summary_large_image","twitter_misc":{"Tempo di lettura stimato":"2 minuti"},"schema":{"@context":"https:\/\/schema.org","@graph":[{"@type":"WebPage","@id":"https:\/\/latelierduliege.com\/collection\/sac-a-dos-liege-miranda\/","url":"https:\/\/latelierduliege.com\/collection\/sac-a-dos-liege-miranda\/","name":"Sac \u00e0 dos en li\u00e8ge pour femme \u2013 \u00c9l\u00e9gant et pratique- L&#039;Atelier du Li\u00e8ge","isPartOf":{"@id":"https:\/\/latelierduliege.com\/#website"},"primaryImageOfPage":{"@id":"https:\/\/latelierduliege.com\/collection\/sac-a-dos-liege-miranda\/#primaryimage"},"image":{"@id":"https:\/\/latelierduliege.com\/collection\/sac-a-dos-liege-miranda\/#primaryimage"},"thumbnailUrl":"https:\/\/latelierduliege.com\/wp-content\/uploads\/2024\/11\/5a013fcb79082f4a32e43390f1fcf97.jpg","datePublished":"2024-11-11T16:21:46+00:00","dateModified":"2026-04-06T17:06:48+00:00","description":"Sac \u00e0 dos en li\u00e8ge femme, compact et \u00e9l\u00e9gant. Fermeture s\u00e9curis\u00e9e, cordons ajustables et poche zipp\u00e9e. L\u00e9ger, durable et \u00e9coresponsable.","breadcrumb":{"@id":"https:\/\/latelierduliege.com\/collection\/sac-a-dos-liege-miranda\/#breadcrumb"},"inLanguage":"it-IT","potentialAction":[{"@type":"ReadAction","target":["https:\/\/latelierduliege.com\/collection\/sac-a-dos-liege-miranda\/"]}]},{"@type":"ImageObject","inLanguage":"it-IT","@id":"https:\/\/latelierduliege.com\/collection\/sac-a-dos-liege-miranda\/#primaryimage","url":"https:\/\/latelierduliege.com\/wp-content\/uploads\/2024\/11\/5a013fcb79082f4a32e43390f1fcf97.jpg","contentUrl":"https:\/\/latelierduliege.com\/wp-content\/uploads\/2024\/11\/5a013fcb79082f4a32e43390f1fcf97.jpg","width":2000,"height":2000},{"@type":"BreadcrumbList","@id":"https:\/\/latelierduliege.com\/collection\/sac-a-dos-liege-miranda\/#breadcrumb","itemListElement":[{"@type":"ListItem","position":1,"name":"Home","item":"https:\/\/latelierduliege.com\/"},{"@type":"ListItem","position":2,"name":"Boutique","item":"https:\/\/latelierduliege.com\/boutique-liege\/"},{"@type":"ListItem","position":3,"name":"Sac \u00e0 dos en li\u00e8ge \u00ab Miranda \u00bb pour femme \u2013 Compact, chic et \u00e9cologique"}]},{"@type":"WebSite","@id":"https:\/\/latelierduliege.com\/#website","url":"https:\/\/latelierduliege.com\/","name":"L'Atelier du Li\u00e8ge","description":"Ecoresponsable par nature","potentialAction":[{"@type":"SearchAction","target":{"@type":"EntryPoint","urlTemplate":"https:\/\/latelierduliege.com\/?s={search_term_string}"},"query-input":{"@type":"PropertyValueSpecification","valueRequired":true,"valueName":"search_term_string"}}],"inLanguage":"it-IT"}]}},"brands":[{"id":267,"name":"L'Atelier du Li\u00e8ge","slug":"atelier-du-liege"}],"_links":{"self":[{"href":"https:\/\/latelierduliege.com\/it\/wp-json\/wp\/v2\/product\/11062","targetHints":{"allow":["GET"]}}],"collection":[{"href":"https:\/\/latelierduliege.com\/it\/wp-json\/wp\/v2\/product"}],"about":[{"href":"https:\/\/latelierduliege.com\/it\/wp-json\/wp\/v2\/types\/product"}],"replies":[{"embeddable":true,"href":"https:\/\/latelierduliege.com\/it\/wp-json\/wp\/v2\/comments?post=11062"}],"wp:featuredmedia":[{"embeddable":true,"href":"https:\/\/latelierduliege.com\/it\/wp-json\/wp\/v2\/media\/11051"}],"wp:attachment":[{"href":"https:\/\/latelierduliege.com\/it\/wp-json\/wp\/v2\/media?parent=11062"}],"wp:term":[{"taxonomy":"pwb-brand","embeddable":true,"href":"https:\/\/latelierduliege.com\/it\/wp-json\/wp\/v2\/pwb-brand?post=11062"},{"taxonomy":"product_brand","embeddable":true,"href":"https:\/\/latelierduliege.com\/it\/wp-json\/wp\/v2\/product_brand?post=11062"},{"taxonomy":"product_cat","embeddable":true,"href":"https:\/\/latelierduliege.com\/it\/wp-json\/wp\/v2\/product_cat?post=11062"},{"taxonomy":"product_tag","embeddable":true,"href":"https:\/\/latelierduliege.com\/it\/wp-json\/wp\/v2\/product_tag?post=11062"}],"curies":[{"name":"wp","href":"https:\/\/api.w.org\/{rel}","templated":true}]}}