{"id":11087,"date":"2024-11-23T15:30:02","date_gmt":"2024-11-23T15:30:02","guid":{"rendered":"https:\/\/latelierduliege.com\/collection\/mens-rfid-blocking-cork-card-wallets-bag-2252\/"},"modified":"2026-03-18T20:09:10","modified_gmt":"2026-03-18T19:09:10","slug":"portefeuille-homme-liege-escudo-anti-rfid","status":"publish","type":"product","link":"https:\/\/latelierduliege.com\/it\/collection\/portefeuille-homme-liege-escudo-anti-rfid\/","title":{"rendered":"Portafoglio uomo in sughero \u201cEscudo\u201d \u2013 con protezione RFID"},"content":{"rendered":"<p>Scopri il portafoglio uomo in sughero \u201cEscudo\u201d, pensato per l\u2019uomo moderno che apprezza stile, funzionalit\u00e0 e sicurezza.\n\nRealizzato in sughero naturale, questo portafoglio unisce eleganza, leggerezza e resistenza in un accessorio raffinato e durevole, perfetto per l\u2019uso quotidiano.<\/p>\n<p>Disponibile in tre eleganti tonalit\u00e0 \u2013 Nero, Marrone e Sughero Naturale \u2013, offre una soluzione pratica per organizzare i tuoi essenziali quotidiani.\n\nGrazie alla tecnologia di protezione RFID, i tuoi dati personali restano al sicuro da eventuali tentativi di scansione non autorizzata.<\/p>\n<p><strong>Caratteristiche principali :<\/strong><\/p>\n<ul>\n<li><strong>Capacit\u00e0 ottimizzata<\/strong> : Contiene fino a 6 carte ed \u00e8 dotato di uno scomparto trasparente per carta d\u2019identit\u00e0.<\/li>\n<li><strong>Protezione avanzata<\/strong> : La protezione RFID integrata blocca eventuali tentativi di scansione non autorizzata dei tuoi dati sensibili.<\/li>\n<li><strong>Compatto e pratico<\/strong> : Design sottile e leggero, ideale per essere portato comodamente ogni giorno.<\/li>\n<li><strong>Qualit\u00e0 artigianale<\/strong> : Realizzato a mano in sughero naturale, ogni portafoglio \u00e8 unico e rispettoso dell\u2019ambiente.<\/li>\n<\/ul>\n<p><strong>Dimensioni :<\/strong><\/p>\n<ul>\n<li><strong>Lunghezza<\/strong> : 11 cm (4,33 pollici)<\/li>\n<li><strong>Larghezza<\/strong> : 7,5 cm (2,95 pollici)<\/li>\n<\/ul>\n<p>Scegli \u201cEscudo\u201d, un portafoglio elegante e innovativo che unisce sicurezza, qualit\u00e0 e sostenibilit\u00e0.\n\nUn accessorio moderno pensato per chi desidera stile, praticit\u00e0 e materiali naturali nella vita di tutti i giorni.<\/p>\n<p><strong>Scegli un accessorio elegante e pratico che unisce design moderno, materiali naturali e sostenibilit\u00e0.<\/strong><br \/>\n<strong>Tutti i nostri prodotti sono realizzati in sughero naturale e lavorati a mano da artigiani esperti.\n\nOgni pezzo \u00e8 unico e pu\u00f2 presentare leggere variazioni o piccole imperfezioni naturali, caratteristiche che rendono ogni accessorio autentico e originale.<\/strong><\/p>","protected":false},"excerpt":{"rendered":"<div class=\"flex flex-grow flex-col max-w-full\">\n<div class=\"min-h-[20px] text-message flex flex-col items-start whitespace-pre-wrap break-words [.text-message+&amp;]:mt-5 juice:w-full juice:items-end overflow-x-auto gap-2\" dir=\"auto\" data-message-author-role=\"assistant\" data-message-id=\"a4c117e3-9362-4424-a872-1d5a5c12efd3\">\n<div class=\"flex w-full flex-col gap-1 juice:empty:hidden juice:first:pt-[3px]\">\n<div class=\"markdown prose w-full break-words dark:prose-invert light\">\n<p>Prot\u00e9gez vos donn\u00e9es personnelles avec \u00e9l\u00e9gance gr\u00e2ce \u00e0 ce portefeuille durable et compact, disponible en Noir, Marron et Li\u00e8ge Naturel. Il contient jusqu\u2019\u00e0 6 cartes, une fente pour carte d\u2019identit\u00e9 et un bouclier RFID int\u00e9gr\u00e9. Parfait pour les hommes exigeants et soucieux de l\u2019environnement.<\/p>\n<\/div>\n<\/div>\n<\/div>\n<\/div>\n<div class=\"mt-1 flex gap-3 empty:hidden juice:-ml-3\">\n<div class=\"items-center justify-start rounded-xl p-1 flex\">\n<div class=\"flex items-center\"><img loading=\"lazy\" decoding=\"async\" class=\"alignnone size-large wp-image-76\" src=\"https:\/\/latelierduliege.com\/wp-content\/uploads\/2019\/09\/Sans-titre-2-1024x685.png\" alt=\"\" width=\"1020\" height=\"682\" srcset=\"https:\/\/latelierduliege.com\/wp-content\/uploads\/2019\/09\/Sans-titre-2-1024x685.png 1024w, https:\/\/latelierduliege.com\/wp-content\/uploads\/2019\/09\/Sans-titre-2-510x341.png 510w, https:\/\/latelierduliege.com\/wp-content\/uploads\/2019\/09\/Sans-titre-2-300x201.png 300w, https:\/\/latelierduliege.com\/wp-content\/uploads\/2019\/09\/Sans-titre-2-768x514.png 768w, https:\/\/latelierduliege.com\/wp-content\/uploads\/2019\/09\/Sans-titre-2-600x402.png 600w, https:\/\/latelierduliege.com\/wp-content\/uploads\/2019\/09\/Sans-titre-2.png 1113w\" sizes=\"auto, (max-width: 1020px) 100vw, 1020px\" \/><\/div>\n<\/div>\n<\/div>\n","protected":false},"featured_media":11078,"comment_status":"open","ping_status":"closed","template":"","meta":[],"pwb-brand":[267],"product_brand":[],"product_cat":[553,621,188],"product_tag":[],"class_list":{"0":"post-11087","1":"product","2":"type-product","3":"status-publish","4":"has-post-thumbnail","6":"pwb-brand-atelier-du-liege","7":"product_cat-nouveautes-accessoires-liege","8":"product_cat-portefeuilles-liege","9":"product_cat-portefeuilles-homme","11":"first","12":"instock","13":"shipping-taxable","14":"purchasable","15":"product-type-variable"},"yoast_head":"<!-- This site is optimized with the Yoast SEO plugin v27.3 - https:\/\/yoast.com\/product\/yoast-seo-wordpress\/ -->\n<title>Portefeuille en li\u00e8ge homme RFID \u2013 S\u00e9curis\u00e9 et \u00e9l\u00e9gant - L&#039;Atelier du Li\u00e8ge<\/title>\n<meta name=\"description\" content=\"Portefeuille pour homme en li\u00e8ge naturel &quot;Escudo&quot; : \u00e9l\u00e9gant, compact et s\u00e9curis\u00e9 gr\u00e2ce \u00e0 sa technologie anti-RFID. \u00c9coresponsable, pratique et artisanal.\" \/>\n<meta name=\"robots\" content=\"index, follow, max-snippet:-1, max-image-preview:large, max-video-preview:-1\" \/>\n<link rel=\"canonical\" href=\"https:\/\/latelierduliege.com\/it\/collection\/portefeuille-homme-liege-escudo-anti-rfid\/\" \/>\n<meta property=\"og:locale\" content=\"it_IT\" \/>\n<meta property=\"og:type\" content=\"article\" \/>\n<meta property=\"og:title\" content=\"Portefeuille en li\u00e8ge homme RFID \u2013 S\u00e9curis\u00e9 et \u00e9l\u00e9gant - L&#039;Atelier du Li\u00e8ge\" \/>\n<meta property=\"og:description\" content=\"Portefeuille pour homme en li\u00e8ge naturel &quot;Escudo&quot; : \u00e9l\u00e9gant, compact et s\u00e9curis\u00e9 gr\u00e2ce \u00e0 sa technologie anti-RFID. \u00c9coresponsable, pratique et artisanal.\" \/>\n<meta property=\"og:url\" content=\"https:\/\/latelierduliege.com\/it\/collection\/portefeuille-homme-liege-escudo-anti-rfid\/\" \/>\n<meta property=\"og:site_name\" content=\"L&#039;Atelier du Li\u00e8ge\" \/>\n<meta property=\"article:publisher\" content=\"https:\/\/www.facebook.com\" \/>\n<meta property=\"article:modified_time\" content=\"2026-03-18T19:09:10+00:00\" \/>\n<meta property=\"og:image\" content=\"https:\/\/latelierduliege.com\/wp-content\/uploads\/2024\/11\/477ce5682eafa9701bdccab7e0de09983032cf95e17463f1d1c11212ab574cb6.jpg\" \/>\n\t<meta property=\"og:image:width\" content=\"1200\" \/>\n\t<meta property=\"og:image:height\" content=\"1200\" \/>\n\t<meta property=\"og:image:type\" content=\"image\/jpeg\" \/>\n<meta name=\"twitter:card\" content=\"summary_large_image\" \/>\n<meta name=\"twitter:label1\" content=\"Tempo di lettura stimato\" \/>\n\t<meta name=\"twitter:data1\" content=\"2 minuti\" \/>\n<script type=\"application\/ld+json\" class=\"yoast-schema-graph\">{\"@context\":\"https:\\\/\\\/schema.org\",\"@graph\":[{\"@type\":\"WebPage\",\"@id\":\"https:\\\/\\\/latelierduliege.com\\\/collection\\\/portefeuille-homme-liege-escudo-anti-rfid\\\/\",\"url\":\"https:\\\/\\\/latelierduliege.com\\\/collection\\\/portefeuille-homme-liege-escudo-anti-rfid\\\/\",\"name\":\"Portefeuille en li\u00e8ge homme RFID \u2013 S\u00e9curis\u00e9 et \u00e9l\u00e9gant - L&#039;Atelier du Li\u00e8ge\",\"isPartOf\":{\"@id\":\"https:\\\/\\\/latelierduliege.com\\\/#website\"},\"primaryImageOfPage\":{\"@id\":\"https:\\\/\\\/latelierduliege.com\\\/collection\\\/portefeuille-homme-liege-escudo-anti-rfid\\\/#primaryimage\"},\"image\":{\"@id\":\"https:\\\/\\\/latelierduliege.com\\\/collection\\\/portefeuille-homme-liege-escudo-anti-rfid\\\/#primaryimage\"},\"thumbnailUrl\":\"https:\\\/\\\/latelierduliege.com\\\/wp-content\\\/uploads\\\/2024\\\/11\\\/477ce5682eafa9701bdccab7e0de09983032cf95e17463f1d1c11212ab574cb6.jpg\",\"datePublished\":\"2024-11-23T15:30:02+00:00\",\"dateModified\":\"2026-03-18T19:09:10+00:00\",\"description\":\"Portefeuille pour homme en li\u00e8ge naturel \\\"Escudo\\\" : \u00e9l\u00e9gant, compact et s\u00e9curis\u00e9 gr\u00e2ce \u00e0 sa technologie anti-RFID. \u00c9coresponsable, pratique et artisanal.\",\"breadcrumb\":{\"@id\":\"https:\\\/\\\/latelierduliege.com\\\/collection\\\/portefeuille-homme-liege-escudo-anti-rfid\\\/#breadcrumb\"},\"inLanguage\":\"it-IT\",\"potentialAction\":[{\"@type\":\"ReadAction\",\"target\":[\"https:\\\/\\\/latelierduliege.com\\\/collection\\\/portefeuille-homme-liege-escudo-anti-rfid\\\/\"]}]},{\"@type\":\"ImageObject\",\"inLanguage\":\"it-IT\",\"@id\":\"https:\\\/\\\/latelierduliege.com\\\/collection\\\/portefeuille-homme-liege-escudo-anti-rfid\\\/#primaryimage\",\"url\":\"https:\\\/\\\/latelierduliege.com\\\/wp-content\\\/uploads\\\/2024\\\/11\\\/477ce5682eafa9701bdccab7e0de09983032cf95e17463f1d1c11212ab574cb6.jpg\",\"contentUrl\":\"https:\\\/\\\/latelierduliege.com\\\/wp-content\\\/uploads\\\/2024\\\/11\\\/477ce5682eafa9701bdccab7e0de09983032cf95e17463f1d1c11212ab574cb6.jpg\",\"width\":1200,\"height\":1200,\"caption\":\"Img\"},{\"@type\":\"BreadcrumbList\",\"@id\":\"https:\\\/\\\/latelierduliege.com\\\/collection\\\/portefeuille-homme-liege-escudo-anti-rfid\\\/#breadcrumb\",\"itemListElement\":[{\"@type\":\"ListItem\",\"position\":1,\"name\":\"Home\",\"item\":\"https:\\\/\\\/latelierduliege.com\\\/\"},{\"@type\":\"ListItem\",\"position\":2,\"name\":\"Boutique\",\"item\":\"https:\\\/\\\/latelierduliege.com\\\/boutique-liege\\\/\"},{\"@type\":\"ListItem\",\"position\":3,\"name\":\"Portefeuille en li\u00e8ge \u00ab Escudo \u00bb pour homme \u2013 \u00c9l\u00e9gant, s\u00e9curis\u00e9 et durable\"}]},{\"@type\":\"WebSite\",\"@id\":\"https:\\\/\\\/latelierduliege.com\\\/#website\",\"url\":\"https:\\\/\\\/latelierduliege.com\\\/\",\"name\":\"L'Atelier du Li\u00e8ge\",\"description\":\"Ecoresponsable par nature\",\"potentialAction\":[{\"@type\":\"SearchAction\",\"target\":{\"@type\":\"EntryPoint\",\"urlTemplate\":\"https:\\\/\\\/latelierduliege.com\\\/?s={search_term_string}\"},\"query-input\":{\"@type\":\"PropertyValueSpecification\",\"valueRequired\":true,\"valueName\":\"search_term_string\"}}],\"inLanguage\":\"it-IT\"}]}<\/script>\n<!-- \/ Yoast SEO plugin. -->","yoast_head_json":{"title":"Portefeuille en li\u00e8ge homme RFID \u2013 S\u00e9curis\u00e9 et \u00e9l\u00e9gant - L&#039;Atelier du Li\u00e8ge","description":"Portefeuille pour homme en li\u00e8ge naturel \"Escudo\" : \u00e9l\u00e9gant, compact et s\u00e9curis\u00e9 gr\u00e2ce \u00e0 sa technologie anti-RFID. \u00c9coresponsable, pratique et artisanal.","robots":{"index":"index","follow":"follow","max-snippet":"max-snippet:-1","max-image-preview":"max-image-preview:large","max-video-preview":"max-video-preview:-1"},"canonical":"https:\/\/latelierduliege.com\/it\/collection\/portefeuille-homme-liege-escudo-anti-rfid\/","og_locale":"it_IT","og_type":"article","og_title":"Portefeuille en li\u00e8ge homme RFID \u2013 S\u00e9curis\u00e9 et \u00e9l\u00e9gant - L&#039;Atelier du Li\u00e8ge","og_description":"Portefeuille pour homme en li\u00e8ge naturel \"Escudo\" : \u00e9l\u00e9gant, compact et s\u00e9curis\u00e9 gr\u00e2ce \u00e0 sa technologie anti-RFID. \u00c9coresponsable, pratique et artisanal.","og_url":"https:\/\/latelierduliege.com\/it\/collection\/portefeuille-homme-liege-escudo-anti-rfid\/","og_site_name":"L&#039;Atelier du Li\u00e8ge","article_publisher":"https:\/\/www.facebook.com","article_modified_time":"2026-03-18T19:09:10+00:00","og_image":[{"width":1200,"height":1200,"url":"https:\/\/latelierduliege.com\/wp-content\/uploads\/2024\/11\/477ce5682eafa9701bdccab7e0de09983032cf95e17463f1d1c11212ab574cb6.jpg","type":"image\/jpeg"}],"twitter_card":"summary_large_image","twitter_misc":{"Tempo di lettura stimato":"2 minuti"},"schema":{"@context":"https:\/\/schema.org","@graph":[{"@type":"WebPage","@id":"https:\/\/latelierduliege.com\/collection\/portefeuille-homme-liege-escudo-anti-rfid\/","url":"https:\/\/latelierduliege.com\/collection\/portefeuille-homme-liege-escudo-anti-rfid\/","name":"Portefeuille en li\u00e8ge homme RFID \u2013 S\u00e9curis\u00e9 et \u00e9l\u00e9gant - L&#039;Atelier du Li\u00e8ge","isPartOf":{"@id":"https:\/\/latelierduliege.com\/#website"},"primaryImageOfPage":{"@id":"https:\/\/latelierduliege.com\/collection\/portefeuille-homme-liege-escudo-anti-rfid\/#primaryimage"},"image":{"@id":"https:\/\/latelierduliege.com\/collection\/portefeuille-homme-liege-escudo-anti-rfid\/#primaryimage"},"thumbnailUrl":"https:\/\/latelierduliege.com\/wp-content\/uploads\/2024\/11\/477ce5682eafa9701bdccab7e0de09983032cf95e17463f1d1c11212ab574cb6.jpg","datePublished":"2024-11-23T15:30:02+00:00","dateModified":"2026-03-18T19:09:10+00:00","description":"Portefeuille pour homme en li\u00e8ge naturel \"Escudo\" : \u00e9l\u00e9gant, compact et s\u00e9curis\u00e9 gr\u00e2ce \u00e0 sa technologie anti-RFID. \u00c9coresponsable, pratique et artisanal.","breadcrumb":{"@id":"https:\/\/latelierduliege.com\/collection\/portefeuille-homme-liege-escudo-anti-rfid\/#breadcrumb"},"inLanguage":"it-IT","potentialAction":[{"@type":"ReadAction","target":["https:\/\/latelierduliege.com\/collection\/portefeuille-homme-liege-escudo-anti-rfid\/"]}]},{"@type":"ImageObject","inLanguage":"it-IT","@id":"https:\/\/latelierduliege.com\/collection\/portefeuille-homme-liege-escudo-anti-rfid\/#primaryimage","url":"https:\/\/latelierduliege.com\/wp-content\/uploads\/2024\/11\/477ce5682eafa9701bdccab7e0de09983032cf95e17463f1d1c11212ab574cb6.jpg","contentUrl":"https:\/\/latelierduliege.com\/wp-content\/uploads\/2024\/11\/477ce5682eafa9701bdccab7e0de09983032cf95e17463f1d1c11212ab574cb6.jpg","width":1200,"height":1200,"caption":"Img"},{"@type":"BreadcrumbList","@id":"https:\/\/latelierduliege.com\/collection\/portefeuille-homme-liege-escudo-anti-rfid\/#breadcrumb","itemListElement":[{"@type":"ListItem","position":1,"name":"Home","item":"https:\/\/latelierduliege.com\/"},{"@type":"ListItem","position":2,"name":"Boutique","item":"https:\/\/latelierduliege.com\/boutique-liege\/"},{"@type":"ListItem","position":3,"name":"Portefeuille en li\u00e8ge \u00ab Escudo \u00bb pour homme \u2013 \u00c9l\u00e9gant, s\u00e9curis\u00e9 et durable"}]},{"@type":"WebSite","@id":"https:\/\/latelierduliege.com\/#website","url":"https:\/\/latelierduliege.com\/","name":"L'Atelier du Li\u00e8ge","description":"Ecoresponsable par nature","potentialAction":[{"@type":"SearchAction","target":{"@type":"EntryPoint","urlTemplate":"https:\/\/latelierduliege.com\/?s={search_term_string}"},"query-input":{"@type":"PropertyValueSpecification","valueRequired":true,"valueName":"search_term_string"}}],"inLanguage":"it-IT"}]}},"brands":[{"id":267,"name":"L'Atelier du Li\u00e8ge","slug":"atelier-du-liege"}],"_links":{"self":[{"href":"https:\/\/latelierduliege.com\/it\/wp-json\/wp\/v2\/product\/11087","targetHints":{"allow":["GET"]}}],"collection":[{"href":"https:\/\/latelierduliege.com\/it\/wp-json\/wp\/v2\/product"}],"about":[{"href":"https:\/\/latelierduliege.com\/it\/wp-json\/wp\/v2\/types\/product"}],"replies":[{"embeddable":true,"href":"https:\/\/latelierduliege.com\/it\/wp-json\/wp\/v2\/comments?post=11087"}],"wp:featuredmedia":[{"embeddable":true,"href":"https:\/\/latelierduliege.com\/it\/wp-json\/wp\/v2\/media\/11078"}],"wp:attachment":[{"href":"https:\/\/latelierduliege.com\/it\/wp-json\/wp\/v2\/media?parent=11087"}],"wp:term":[{"taxonomy":"pwb-brand","embeddable":true,"href":"https:\/\/latelierduliege.com\/it\/wp-json\/wp\/v2\/pwb-brand?post=11087"},{"taxonomy":"product_brand","embeddable":true,"href":"https:\/\/latelierduliege.com\/it\/wp-json\/wp\/v2\/product_brand?post=11087"},{"taxonomy":"product_cat","embeddable":true,"href":"https:\/\/latelierduliege.com\/it\/wp-json\/wp\/v2\/product_cat?post=11087"},{"taxonomy":"product_tag","embeddable":true,"href":"https:\/\/latelierduliege.com\/it\/wp-json\/wp\/v2\/product_tag?post=11087"}],"curies":[{"name":"wp","href":"https:\/\/api.w.org\/{rel}","templated":true}]}}