{"id":11149,"date":"2024-11-29T08:15:54","date_gmt":"2024-11-29T08:15:54","guid":{"rendered":"https:\/\/latelierduliege.com\/collection\/double-sided-cork-belt-with-h-logo-design-womens-silver-l-1004\/"},"modified":"2026-04-13T18:40:56","modified_gmt":"2026-04-13T16:40:56","slug":"ceinture-en-liege-pour-femmes-estrela-boucle-argentee-et-logo-h","status":"publish","type":"product","link":"https:\/\/latelierduliege.com\/it\/collection\/ceinture-en-liege-pour-femmes-estrela-boucle-argentee-et-logo-h\/","title":{"rendered":"Ceinture en li\u00e8ge \u00ab Estrela \u00bb pour femmes \u2013 \u00c9l\u00e9gante, durable et v\u00e9gane"},"content":{"rendered":"<p>D\u00e9couvrez la ceinture en li\u00e8ge <strong>\u00ab\u00a0Estrela\u00a0\u00bb<\/strong>, un accessoire \u00e9l\u00e9gant et durable con\u00e7u pour sublimer vos tenues. Fabriqu\u00e9e \u00e0 partir de li\u00e8ge naturel, cette ceinture offre une texture unique et une touche de sophistication gr\u00e2ce \u00e0 son design distinctif avec le logo H.<\/p>\n<ul>\n<li><strong>Boucle carr\u00e9e argent\u00e9e<\/strong> : Compl\u00e8te parfaitement la texture naturelle du li\u00e8ge, ajoutant une note d&rsquo;\u00e9l\u00e9gance.<\/li>\n<li><strong>Larghezza<\/strong> : 2,4 cm, id\u00e9ale pour un ajustement confortable et styl\u00e9.<\/li>\n<\/ul>\n<p>Disponible en trois tailles pour s&rsquo;adapter \u00e0 toutes les morphologies :<\/p>\n<ul>\n<li><strong>Small (S)<\/strong> : 90 cm (35 pouces)<\/li>\n<li><strong>Medium (M)<\/strong> : 100 cm (39 pouces)<\/li>\n<li><strong>Large (L)<\/strong> : 110 cm (43 pouces)<\/li>\n<\/ul>\n<p>Adoptez la beaut\u00e9 et la durabilit\u00e9 du li\u00e8ge naturel avec la ceinture \u00ab\u00a0Estrela\u00a0\u00bb, un choix \u00e9coresponsable qui refl\u00e8te votre engagement envers la mode durable.<\/p>\n<p><strong>Scegli un accessorio elegante e pratico che unisce design moderno, materiali naturali e sostenibilit\u00e0.<\/strong><\/p>\n<p><strong>Tutti i nostri prodotti sono realizzati con sughero naturale e lavorati a mano da artigiani.\n\nOgni pezzo \u00e8 unico e pu\u00f2 presentare piccole imperfezioni naturali, caratteristiche che rendono ogni accessorio autentico e originale.<\/strong><\/p>","protected":false},"excerpt":{"rendered":"<p>Ceinture en li\u00e8ge \u00ab\u00a0Estrela\u00a0\u00bb pour femmes, avec boucle argent\u00e9e et design logo H. Disponible en trois tailles, elle allie \u00e9l\u00e9gance et durabilit\u00e9 pour compl\u00e9ter vos tenues avec style.<\/p>\n<p><img loading=\"lazy\" decoding=\"async\" class=\"alignnone size-large wp-image-76\" src=\"https:\/\/latelierduliege.com\/wp-content\/uploads\/2026\/03\/Vantaggi-del-sughero-in-5-punti-2.png\" alt=\"\" width=\"1020\" height=\"682\" srcset=\"https:\/\/latelierduliege.com\/wp-content\/uploads\/2026\/03\/Vantaggi-del-sughero-in-5-punti-2.png 1536w, https:\/\/latelierduliege.com\/wp-content\/uploads\/2026\/03\/Vantaggi-del-sughero-in-5-punti-2-300x200.png 300w, https:\/\/latelierduliege.com\/wp-content\/uploads\/2026\/03\/Vantaggi-del-sughero-in-5-punti-2-1024x683.png 1024w, https:\/\/latelierduliege.com\/wp-content\/uploads\/2026\/03\/Vantaggi-del-sughero-in-5-punti-2-768x512.png 768w, https:\/\/latelierduliege.com\/wp-content\/uploads\/2026\/03\/Vantaggi-del-sughero-in-5-punti-2-18x12.png 18w, https:\/\/latelierduliege.com\/wp-content\/uploads\/2026\/03\/Vantaggi-del-sughero-in-5-punti-2-510x340.png 510w\" sizes=\"auto, (max-width: 1020px) 100vw, 1020px\" \/><\/p>","protected":false},"featured_media":11135,"comment_status":"open","ping_status":"closed","template":"","meta":[],"pwb-brand":[267],"product_brand":[],"product_cat":[15,307,553,481],"product_tag":[640],"class_list":{"0":"post-11149","1":"product","2":"type-product","3":"status-publish","4":"has-post-thumbnail","6":"pwb-brand-atelier-du-liege","7":"product_cat-accessoires-de-mode-liege","8":"product_cat-ceinture-femme-liege","9":"product_cat-nouveautes-accessoires-liege","10":"product_cat-promotions-liege","11":"product_tag-femme","13":"first","14":"instock","15":"shipping-taxable","16":"purchasable","17":"product-type-variable"},"yoast_head":"<!-- This site is optimized with the Yoast SEO plugin v27.3 - https:\/\/yoast.com\/product\/yoast-seo-wordpress\/ -->\n<title>Ceinture en li\u00e8ge \u00e9cologique \u2013 \u00c9l\u00e9gante et durable - L&#039;Atelier du Li\u00e8ge<\/title>\n<meta name=\"description\" content=\"D\u00e9couvrez la ceinture en li\u00e8ge &quot;Estrela&quot; pour femmes, dot\u00e9e d&#039;une \u00e9l\u00e9gante boucle argent\u00e9e et d&#039;un design logo H. Disponible en plusieurs tailles.\" \/>\n<meta name=\"robots\" content=\"index, follow, max-snippet:-1, max-image-preview:large, max-video-preview:-1\" \/>\n<link rel=\"canonical\" href=\"https:\/\/latelierduliege.com\/it\/collection\/ceinture-en-liege-pour-femmes-estrela-boucle-argentee-et-logo-h\/\" \/>\n<meta property=\"og:locale\" content=\"it_IT\" \/>\n<meta property=\"og:type\" content=\"article\" \/>\n<meta property=\"og:title\" content=\"Ceinture en li\u00e8ge \u00e9cologique \u2013 \u00c9l\u00e9gante et durable - L&#039;Atelier du Li\u00e8ge\" \/>\n<meta property=\"og:description\" content=\"D\u00e9couvrez la ceinture en li\u00e8ge &quot;Estrela&quot; pour femmes, dot\u00e9e d&#039;une \u00e9l\u00e9gante boucle argent\u00e9e et d&#039;un design logo H. Disponible en plusieurs tailles.\" \/>\n<meta property=\"og:url\" content=\"https:\/\/latelierduliege.com\/it\/collection\/ceinture-en-liege-pour-femmes-estrela-boucle-argentee-et-logo-h\/\" \/>\n<meta property=\"og:site_name\" content=\"L&#039;Atelier du Li\u00e8ge\" \/>\n<meta property=\"article:publisher\" content=\"https:\/\/www.facebook.com\" \/>\n<meta property=\"article:modified_time\" content=\"2026-04-13T16:40:56+00:00\" \/>\n<meta property=\"og:image\" content=\"https:\/\/latelierduliege.com\/wp-content\/uploads\/2024\/11\/5_246d512c-3b9c-4337-990a-53b6551f0bc7.jpg\" \/>\n\t<meta property=\"og:image:width\" content=\"1200\" \/>\n\t<meta property=\"og:image:height\" content=\"1200\" \/>\n\t<meta property=\"og:image:type\" content=\"image\/jpeg\" \/>\n<meta name=\"twitter:card\" content=\"summary_large_image\" \/>\n<meta name=\"twitter:label1\" content=\"Tempo di lettura stimato\" \/>\n\t<meta name=\"twitter:data1\" content=\"2 minuti\" \/>\n<script type=\"application\/ld+json\" class=\"yoast-schema-graph\">{\"@context\":\"https:\\\/\\\/schema.org\",\"@graph\":[{\"@type\":\"WebPage\",\"@id\":\"https:\\\/\\\/latelierduliege.com\\\/collection\\\/ceinture-en-liege-pour-femmes-estrela-boucle-argentee-et-logo-h\\\/\",\"url\":\"https:\\\/\\\/latelierduliege.com\\\/collection\\\/ceinture-en-liege-pour-femmes-estrela-boucle-argentee-et-logo-h\\\/\",\"name\":\"Ceinture en li\u00e8ge \u00e9cologique \u2013 \u00c9l\u00e9gante et durable - L&#039;Atelier du Li\u00e8ge\",\"isPartOf\":{\"@id\":\"https:\\\/\\\/latelierduliege.com\\\/#website\"},\"primaryImageOfPage\":{\"@id\":\"https:\\\/\\\/latelierduliege.com\\\/collection\\\/ceinture-en-liege-pour-femmes-estrela-boucle-argentee-et-logo-h\\\/#primaryimage\"},\"image\":{\"@id\":\"https:\\\/\\\/latelierduliege.com\\\/collection\\\/ceinture-en-liege-pour-femmes-estrela-boucle-argentee-et-logo-h\\\/#primaryimage\"},\"thumbnailUrl\":\"https:\\\/\\\/latelierduliege.com\\\/wp-content\\\/uploads\\\/2024\\\/11\\\/5_246d512c-3b9c-4337-990a-53b6551f0bc7.jpg\",\"datePublished\":\"2024-11-29T08:15:54+00:00\",\"dateModified\":\"2026-04-13T16:40:56+00:00\",\"description\":\"D\u00e9couvrez la ceinture en li\u00e8ge \\\"Estrela\\\" pour femmes, dot\u00e9e d'une \u00e9l\u00e9gante boucle argent\u00e9e et d'un design logo H. Disponible en plusieurs tailles.\",\"breadcrumb\":{\"@id\":\"https:\\\/\\\/latelierduliege.com\\\/collection\\\/ceinture-en-liege-pour-femmes-estrela-boucle-argentee-et-logo-h\\\/#breadcrumb\"},\"inLanguage\":\"it-IT\",\"potentialAction\":[{\"@type\":\"ReadAction\",\"target\":[\"https:\\\/\\\/latelierduliege.com\\\/collection\\\/ceinture-en-liege-pour-femmes-estrela-boucle-argentee-et-logo-h\\\/\"]}]},{\"@type\":\"ImageObject\",\"inLanguage\":\"it-IT\",\"@id\":\"https:\\\/\\\/latelierduliege.com\\\/collection\\\/ceinture-en-liege-pour-femmes-estrela-boucle-argentee-et-logo-h\\\/#primaryimage\",\"url\":\"https:\\\/\\\/latelierduliege.com\\\/wp-content\\\/uploads\\\/2024\\\/11\\\/5_246d512c-3b9c-4337-990a-53b6551f0bc7.jpg\",\"contentUrl\":\"https:\\\/\\\/latelierduliege.com\\\/wp-content\\\/uploads\\\/2024\\\/11\\\/5_246d512c-3b9c-4337-990a-53b6551f0bc7.jpg\",\"width\":1200,\"height\":1200},{\"@type\":\"BreadcrumbList\",\"@id\":\"https:\\\/\\\/latelierduliege.com\\\/collection\\\/ceinture-en-liege-pour-femmes-estrela-boucle-argentee-et-logo-h\\\/#breadcrumb\",\"itemListElement\":[{\"@type\":\"ListItem\",\"position\":1,\"name\":\"Home\",\"item\":\"https:\\\/\\\/latelierduliege.com\\\/\"},{\"@type\":\"ListItem\",\"position\":2,\"name\":\"Boutique\",\"item\":\"https:\\\/\\\/latelierduliege.com\\\/boutique-liege\\\/\"},{\"@type\":\"ListItem\",\"position\":3,\"name\":\"Ceinture en li\u00e8ge \u00ab Estrela \u00bb pour femmes \u2013 \u00c9l\u00e9gante, durable et v\u00e9gane\"}]},{\"@type\":\"WebSite\",\"@id\":\"https:\\\/\\\/latelierduliege.com\\\/#website\",\"url\":\"https:\\\/\\\/latelierduliege.com\\\/\",\"name\":\"L'Atelier du Li\u00e8ge\",\"description\":\"Ecoresponsable par nature\",\"potentialAction\":[{\"@type\":\"SearchAction\",\"target\":{\"@type\":\"EntryPoint\",\"urlTemplate\":\"https:\\\/\\\/latelierduliege.com\\\/?s={search_term_string}\"},\"query-input\":{\"@type\":\"PropertyValueSpecification\",\"valueRequired\":true,\"valueName\":\"search_term_string\"}}],\"inLanguage\":\"it-IT\"}]}<\/script>\n<!-- \/ Yoast SEO plugin. -->","yoast_head_json":{"title":"Ceinture en li\u00e8ge \u00e9cologique \u2013 \u00c9l\u00e9gante et durable - L&#039;Atelier du Li\u00e8ge","description":"D\u00e9couvrez la ceinture en li\u00e8ge \"Estrela\" pour femmes, dot\u00e9e d'une \u00e9l\u00e9gante boucle argent\u00e9e et d'un design logo H. Disponible en plusieurs tailles.","robots":{"index":"index","follow":"follow","max-snippet":"max-snippet:-1","max-image-preview":"max-image-preview:large","max-video-preview":"max-video-preview:-1"},"canonical":"https:\/\/latelierduliege.com\/it\/collection\/ceinture-en-liege-pour-femmes-estrela-boucle-argentee-et-logo-h\/","og_locale":"it_IT","og_type":"article","og_title":"Ceinture en li\u00e8ge \u00e9cologique \u2013 \u00c9l\u00e9gante et durable - L&#039;Atelier du Li\u00e8ge","og_description":"D\u00e9couvrez la ceinture en li\u00e8ge \"Estrela\" pour femmes, dot\u00e9e d'une \u00e9l\u00e9gante boucle argent\u00e9e et d'un design logo H. Disponible en plusieurs tailles.","og_url":"https:\/\/latelierduliege.com\/it\/collection\/ceinture-en-liege-pour-femmes-estrela-boucle-argentee-et-logo-h\/","og_site_name":"L&#039;Atelier du Li\u00e8ge","article_publisher":"https:\/\/www.facebook.com","article_modified_time":"2026-04-13T16:40:56+00:00","og_image":[{"width":1200,"height":1200,"url":"https:\/\/latelierduliege.com\/wp-content\/uploads\/2024\/11\/5_246d512c-3b9c-4337-990a-53b6551f0bc7.jpg","type":"image\/jpeg"}],"twitter_card":"summary_large_image","twitter_misc":{"Tempo di lettura stimato":"2 minuti"},"schema":{"@context":"https:\/\/schema.org","@graph":[{"@type":"WebPage","@id":"https:\/\/latelierduliege.com\/collection\/ceinture-en-liege-pour-femmes-estrela-boucle-argentee-et-logo-h\/","url":"https:\/\/latelierduliege.com\/collection\/ceinture-en-liege-pour-femmes-estrela-boucle-argentee-et-logo-h\/","name":"Ceinture en li\u00e8ge \u00e9cologique \u2013 \u00c9l\u00e9gante et durable - L&#039;Atelier du Li\u00e8ge","isPartOf":{"@id":"https:\/\/latelierduliege.com\/#website"},"primaryImageOfPage":{"@id":"https:\/\/latelierduliege.com\/collection\/ceinture-en-liege-pour-femmes-estrela-boucle-argentee-et-logo-h\/#primaryimage"},"image":{"@id":"https:\/\/latelierduliege.com\/collection\/ceinture-en-liege-pour-femmes-estrela-boucle-argentee-et-logo-h\/#primaryimage"},"thumbnailUrl":"https:\/\/latelierduliege.com\/wp-content\/uploads\/2024\/11\/5_246d512c-3b9c-4337-990a-53b6551f0bc7.jpg","datePublished":"2024-11-29T08:15:54+00:00","dateModified":"2026-04-13T16:40:56+00:00","description":"D\u00e9couvrez la ceinture en li\u00e8ge \"Estrela\" pour femmes, dot\u00e9e d'une \u00e9l\u00e9gante boucle argent\u00e9e et d'un design logo H. Disponible en plusieurs tailles.","breadcrumb":{"@id":"https:\/\/latelierduliege.com\/collection\/ceinture-en-liege-pour-femmes-estrela-boucle-argentee-et-logo-h\/#breadcrumb"},"inLanguage":"it-IT","potentialAction":[{"@type":"ReadAction","target":["https:\/\/latelierduliege.com\/collection\/ceinture-en-liege-pour-femmes-estrela-boucle-argentee-et-logo-h\/"]}]},{"@type":"ImageObject","inLanguage":"it-IT","@id":"https:\/\/latelierduliege.com\/collection\/ceinture-en-liege-pour-femmes-estrela-boucle-argentee-et-logo-h\/#primaryimage","url":"https:\/\/latelierduliege.com\/wp-content\/uploads\/2024\/11\/5_246d512c-3b9c-4337-990a-53b6551f0bc7.jpg","contentUrl":"https:\/\/latelierduliege.com\/wp-content\/uploads\/2024\/11\/5_246d512c-3b9c-4337-990a-53b6551f0bc7.jpg","width":1200,"height":1200},{"@type":"BreadcrumbList","@id":"https:\/\/latelierduliege.com\/collection\/ceinture-en-liege-pour-femmes-estrela-boucle-argentee-et-logo-h\/#breadcrumb","itemListElement":[{"@type":"ListItem","position":1,"name":"Home","item":"https:\/\/latelierduliege.com\/"},{"@type":"ListItem","position":2,"name":"Boutique","item":"https:\/\/latelierduliege.com\/boutique-liege\/"},{"@type":"ListItem","position":3,"name":"Ceinture en li\u00e8ge \u00ab Estrela \u00bb pour femmes \u2013 \u00c9l\u00e9gante, durable et v\u00e9gane"}]},{"@type":"WebSite","@id":"https:\/\/latelierduliege.com\/#website","url":"https:\/\/latelierduliege.com\/","name":"L'Atelier du Li\u00e8ge","description":"Ecoresponsable par nature","potentialAction":[{"@type":"SearchAction","target":{"@type":"EntryPoint","urlTemplate":"https:\/\/latelierduliege.com\/?s={search_term_string}"},"query-input":{"@type":"PropertyValueSpecification","valueRequired":true,"valueName":"search_term_string"}}],"inLanguage":"it-IT"}]}},"brands":[{"id":267,"name":"L'Atelier du Li\u00e8ge","slug":"atelier-du-liege"}],"_links":{"self":[{"href":"https:\/\/latelierduliege.com\/it\/wp-json\/wp\/v2\/product\/11149","targetHints":{"allow":["GET"]}}],"collection":[{"href":"https:\/\/latelierduliege.com\/it\/wp-json\/wp\/v2\/product"}],"about":[{"href":"https:\/\/latelierduliege.com\/it\/wp-json\/wp\/v2\/types\/product"}],"replies":[{"embeddable":true,"href":"https:\/\/latelierduliege.com\/it\/wp-json\/wp\/v2\/comments?post=11149"}],"wp:featuredmedia":[{"embeddable":true,"href":"https:\/\/latelierduliege.com\/it\/wp-json\/wp\/v2\/media\/11135"}],"wp:attachment":[{"href":"https:\/\/latelierduliege.com\/it\/wp-json\/wp\/v2\/media?parent=11149"}],"wp:term":[{"taxonomy":"pwb-brand","embeddable":true,"href":"https:\/\/latelierduliege.com\/it\/wp-json\/wp\/v2\/pwb-brand?post=11149"},{"taxonomy":"product_brand","embeddable":true,"href":"https:\/\/latelierduliege.com\/it\/wp-json\/wp\/v2\/product_brand?post=11149"},{"taxonomy":"product_cat","embeddable":true,"href":"https:\/\/latelierduliege.com\/it\/wp-json\/wp\/v2\/product_cat?post=11149"},{"taxonomy":"product_tag","embeddable":true,"href":"https:\/\/latelierduliege.com\/it\/wp-json\/wp\/v2\/product_tag?post=11149"}],"curies":[{"name":"wp","href":"https:\/\/api.w.org\/{rel}","templated":true}]}}