{"id":11178,"date":"2024-11-29T08:31:25","date_gmt":"2024-11-29T08:31:25","guid":{"rendered":"https:\/\/latelierduliege.com\/collection\/cork-womens-belt-l-1061\/"},"modified":"2026-03-16T22:20:34","modified_gmt":"2026-03-16T21:20:34","slug":"ceinture-liege-femme-gaia","status":"publish","type":"product","link":"https:\/\/latelierduliege.com\/it\/collection\/ceinture-liege-femme-gaia\/","title":{"rendered":"Ceinture en li\u00e8ge \u00ab Gaia \u00bb pour femme \u2013 \u00c9l\u00e9gante, v\u00e9gane et durable"},"content":{"rendered":"<p>D\u00e9couvrez la ceinture en li\u00e8ge pour femme \u00ab\u00a0Gaia\u00a0\u00bb, une parfaite alliance entre mode, durabilit\u00e9 et confort. Confectionn\u00e9e \u00e0 partir de li\u00e8ge naturel sur la face ext\u00e9rieure et doubl\u00e9e de cuir vegan doux \u00e0 l&rsquo;int\u00e9rieur, cette ceinture offre un confort optimal tout en mettant en avant un engagement \u00e9coresponsable.<\/p>\n<p>Son \u00e9l\u00e9gante boucle rectangulaire argent\u00e9e apporte une touche de raffinement et s&rsquo;adapte parfaitement \u00e0 toutes vos tenues, que ce soit pour une journ\u00e9e d\u00e9contract\u00e9e ou une soir\u00e9e \u00e9l\u00e9gante. Disponible en trois superbes couleurs \u2013 rose, vert profond et bleu marine \u2013 la ceinture \u00ab\u00a0Gaia\u00a0\u00bb saura sublimer votre style avec discr\u00e9tion et modernit\u00e9.<\/p>\n<p><strong>Caract\u00e9ristiques :<\/strong><\/p>\n<ul>\n<li><strong>Mat\u00e9riaux :<\/strong> Li\u00e8ge naturel \u00e0 l&rsquo;ext\u00e9rieur, cuir vegan doux \u00e0 l&rsquo;int\u00e9rieur.<\/li>\n<li><strong>Boucle :<\/strong> Argent\u00e9e rectangulaire, \u00e9l\u00e9gante et robuste.<\/li>\n<li><strong>Dimensioni :<\/strong>\n<ul>\n<li><strong>Largeur :<\/strong> 2,5 cm<\/li>\n<li><strong>Longueur disponible :<\/strong> 95 cm et 105 cm<\/li>\n<\/ul>\n<\/li>\n<li><strong>Coloris :<\/strong> Rose, Vert Profond, Bleu Marine.<\/li>\n<\/ul>\n<p>Ajoutez une touche d&rsquo;\u00e9l\u00e9gance naturelle \u00e0 votre garde-robe tout en respectant l\u2019environnement. La ceinture \u00ab\u00a0Gaia\u00a0\u00bb est l&rsquo;accessoire parfait pour celles qui veulent allier style et engagement durable.<\/p>\n<p><strong>Scegli un accessorio elegante e pratico che unisce design moderno, materiali naturali e sostenibilit\u00e0.<\/strong><\/p>","protected":false},"excerpt":{"rendered":"<p>La ceinture en li\u00e8ge \u00ab\u00a0Gaia\u00a0\u00bb associe mode et durabilit\u00e9. Disponible en trois couleurs \u00e9l\u00e9gantes (rose, vert profond, bleu marine), elle est orn\u00e9e d&rsquo;une boucle argent\u00e9e rectangulaire et doubl\u00e9e en cuir vegan pour un confort in\u00e9gal\u00e9. Un accessoire parfait pour un look chic et \u00e9coresponsable.<\/p>\n<p><img loading=\"lazy\" decoding=\"async\" class=\"alignnone size-large wp-image-76\" src=\"https:\/\/latelierduliege.com\/wp-content\/uploads\/2026\/03\/Vantaggi-del-sughero-in-5-punti-2.png\" alt=\"\" width=\"1020\" height=\"682\" srcset=\"https:\/\/latelierduliege.com\/wp-content\/uploads\/2026\/03\/Vantaggi-del-sughero-in-5-punti-2.png 1536w, https:\/\/latelierduliege.com\/wp-content\/uploads\/2026\/03\/Vantaggi-del-sughero-in-5-punti-2-300x200.png 300w, https:\/\/latelierduliege.com\/wp-content\/uploads\/2026\/03\/Vantaggi-del-sughero-in-5-punti-2-1024x683.png 1024w, https:\/\/latelierduliege.com\/wp-content\/uploads\/2026\/03\/Vantaggi-del-sughero-in-5-punti-2-768x512.png 768w, https:\/\/latelierduliege.com\/wp-content\/uploads\/2026\/03\/Vantaggi-del-sughero-in-5-punti-2-18x12.png 18w, https:\/\/latelierduliege.com\/wp-content\/uploads\/2026\/03\/Vantaggi-del-sughero-in-5-punti-2-510x340.png 510w\" sizes=\"auto, (max-width: 1020px) 100vw, 1020px\" \/><\/p>","protected":false},"featured_media":11169,"comment_status":"open","ping_status":"closed","template":"","meta":[],"pwb-brand":[267],"product_brand":[],"product_cat":[15,307,553],"product_tag":[640],"class_list":{"0":"post-11178","1":"product","2":"type-product","3":"status-publish","4":"has-post-thumbnail","6":"pwb-brand-atelier-du-liege","7":"product_cat-accessoires-de-mode-liege","8":"product_cat-ceinture-femme-liege","9":"product_cat-nouveautes-accessoires-liege","10":"product_tag-femme","12":"first","13":"instock","14":"shipping-taxable","15":"purchasable","16":"product-type-variable"},"yoast_head":"<!-- This site is optimized with the Yoast SEO plugin v27.3 - https:\/\/yoast.com\/product\/yoast-seo-wordpress\/ -->\n<title>Ceinture en li\u00e8ge femme \u2013 \u00c9l\u00e9gante et \u00e9coresponsable- L&#039;Atelier du Li\u00e8ge<\/title>\n<meta name=\"description\" content=\"Ajoutez une touche de style durable \u00e0 votre garde-robe avec la ceinture en li\u00e8ge pour femme &quot;Gaia&quot;. \u00c9l\u00e9gante, vegan et disponible en trois superbes coloris.\" \/>\n<meta name=\"robots\" content=\"index, follow, max-snippet:-1, max-image-preview:large, max-video-preview:-1\" \/>\n<link rel=\"canonical\" href=\"https:\/\/latelierduliege.com\/it\/collection\/ceinture-liege-femme-gaia\/\" \/>\n<meta property=\"og:locale\" content=\"it_IT\" \/>\n<meta property=\"og:type\" content=\"article\" \/>\n<meta property=\"og:title\" content=\"Ceinture en li\u00e8ge femme \u2013 \u00c9l\u00e9gante et \u00e9coresponsable- L&#039;Atelier du Li\u00e8ge\" \/>\n<meta property=\"og:description\" content=\"Ajoutez une touche de style durable \u00e0 votre garde-robe avec la ceinture en li\u00e8ge pour femme &quot;Gaia&quot;. \u00c9l\u00e9gante, vegan et disponible en trois superbes coloris.\" \/>\n<meta property=\"og:url\" content=\"https:\/\/latelierduliege.com\/it\/collection\/ceinture-liege-femme-gaia\/\" \/>\n<meta property=\"og:site_name\" content=\"L&#039;Atelier du Li\u00e8ge\" \/>\n<meta property=\"article:publisher\" content=\"https:\/\/www.facebook.com\" \/>\n<meta property=\"article:modified_time\" content=\"2026-03-16T21:20:34+00:00\" \/>\n<meta property=\"og:image\" content=\"https:\/\/latelierduliege.com\/wp-content\/uploads\/2024\/11\/3_53d53089-94c6-4826-abe2-53a70e0c84db.jpg\" \/>\n\t<meta property=\"og:image:width\" content=\"1200\" \/>\n\t<meta property=\"og:image:height\" content=\"1200\" \/>\n\t<meta property=\"og:image:type\" content=\"image\/jpeg\" \/>\n<meta name=\"twitter:card\" content=\"summary_large_image\" \/>\n<meta name=\"twitter:label1\" content=\"Tempo di lettura stimato\" \/>\n\t<meta name=\"twitter:data1\" content=\"2 minuti\" \/>\n<script type=\"application\/ld+json\" class=\"yoast-schema-graph\">{\"@context\":\"https:\\\/\\\/schema.org\",\"@graph\":[{\"@type\":\"WebPage\",\"@id\":\"https:\\\/\\\/latelierduliege.com\\\/collection\\\/ceinture-liege-femme-gaia\\\/\",\"url\":\"https:\\\/\\\/latelierduliege.com\\\/collection\\\/ceinture-liege-femme-gaia\\\/\",\"name\":\"Ceinture en li\u00e8ge femme \u2013 \u00c9l\u00e9gante et \u00e9coresponsable- L&#039;Atelier du Li\u00e8ge\",\"isPartOf\":{\"@id\":\"https:\\\/\\\/latelierduliege.com\\\/#website\"},\"primaryImageOfPage\":{\"@id\":\"https:\\\/\\\/latelierduliege.com\\\/collection\\\/ceinture-liege-femme-gaia\\\/#primaryimage\"},\"image\":{\"@id\":\"https:\\\/\\\/latelierduliege.com\\\/collection\\\/ceinture-liege-femme-gaia\\\/#primaryimage\"},\"thumbnailUrl\":\"https:\\\/\\\/latelierduliege.com\\\/wp-content\\\/uploads\\\/2024\\\/11\\\/3_53d53089-94c6-4826-abe2-53a70e0c84db.jpg\",\"datePublished\":\"2024-11-29T08:31:25+00:00\",\"dateModified\":\"2026-03-16T21:20:34+00:00\",\"description\":\"Ajoutez une touche de style durable \u00e0 votre garde-robe avec la ceinture en li\u00e8ge pour femme \\\"Gaia\\\". \u00c9l\u00e9gante, vegan et disponible en trois superbes coloris.\",\"breadcrumb\":{\"@id\":\"https:\\\/\\\/latelierduliege.com\\\/collection\\\/ceinture-liege-femme-gaia\\\/#breadcrumb\"},\"inLanguage\":\"it-IT\",\"potentialAction\":[{\"@type\":\"ReadAction\",\"target\":[\"https:\\\/\\\/latelierduliege.com\\\/collection\\\/ceinture-liege-femme-gaia\\\/\"]}]},{\"@type\":\"ImageObject\",\"inLanguage\":\"it-IT\",\"@id\":\"https:\\\/\\\/latelierduliege.com\\\/collection\\\/ceinture-liege-femme-gaia\\\/#primaryimage\",\"url\":\"https:\\\/\\\/latelierduliege.com\\\/wp-content\\\/uploads\\\/2024\\\/11\\\/3_53d53089-94c6-4826-abe2-53a70e0c84db.jpg\",\"contentUrl\":\"https:\\\/\\\/latelierduliege.com\\\/wp-content\\\/uploads\\\/2024\\\/11\\\/3_53d53089-94c6-4826-abe2-53a70e0c84db.jpg\",\"width\":1200,\"height\":1200},{\"@type\":\"BreadcrumbList\",\"@id\":\"https:\\\/\\\/latelierduliege.com\\\/collection\\\/ceinture-liege-femme-gaia\\\/#breadcrumb\",\"itemListElement\":[{\"@type\":\"ListItem\",\"position\":1,\"name\":\"Home\",\"item\":\"https:\\\/\\\/latelierduliege.com\\\/\"},{\"@type\":\"ListItem\",\"position\":2,\"name\":\"Boutique\",\"item\":\"https:\\\/\\\/latelierduliege.com\\\/boutique-liege\\\/\"},{\"@type\":\"ListItem\",\"position\":3,\"name\":\"Ceinture en li\u00e8ge \u00ab Gaia \u00bb pour femme \u2013 \u00c9l\u00e9gante, v\u00e9gane et durable\"}]},{\"@type\":\"WebSite\",\"@id\":\"https:\\\/\\\/latelierduliege.com\\\/#website\",\"url\":\"https:\\\/\\\/latelierduliege.com\\\/\",\"name\":\"L'Atelier du Li\u00e8ge\",\"description\":\"Ecoresponsable par nature\",\"potentialAction\":[{\"@type\":\"SearchAction\",\"target\":{\"@type\":\"EntryPoint\",\"urlTemplate\":\"https:\\\/\\\/latelierduliege.com\\\/?s={search_term_string}\"},\"query-input\":{\"@type\":\"PropertyValueSpecification\",\"valueRequired\":true,\"valueName\":\"search_term_string\"}}],\"inLanguage\":\"it-IT\"}]}<\/script>\n<!-- \/ Yoast SEO plugin. -->","yoast_head_json":{"title":"Ceinture en li\u00e8ge femme \u2013 \u00c9l\u00e9gante et \u00e9coresponsable- L&#039;Atelier du Li\u00e8ge","description":"Ajoutez une touche de style durable \u00e0 votre garde-robe avec la ceinture en li\u00e8ge pour femme \"Gaia\". \u00c9l\u00e9gante, vegan et disponible en trois superbes coloris.","robots":{"index":"index","follow":"follow","max-snippet":"max-snippet:-1","max-image-preview":"max-image-preview:large","max-video-preview":"max-video-preview:-1"},"canonical":"https:\/\/latelierduliege.com\/it\/collection\/ceinture-liege-femme-gaia\/","og_locale":"it_IT","og_type":"article","og_title":"Ceinture en li\u00e8ge femme \u2013 \u00c9l\u00e9gante et \u00e9coresponsable- L&#039;Atelier du Li\u00e8ge","og_description":"Ajoutez une touche de style durable \u00e0 votre garde-robe avec la ceinture en li\u00e8ge pour femme \"Gaia\". \u00c9l\u00e9gante, vegan et disponible en trois superbes coloris.","og_url":"https:\/\/latelierduliege.com\/it\/collection\/ceinture-liege-femme-gaia\/","og_site_name":"L&#039;Atelier du Li\u00e8ge","article_publisher":"https:\/\/www.facebook.com","article_modified_time":"2026-03-16T21:20:34+00:00","og_image":[{"width":1200,"height":1200,"url":"https:\/\/latelierduliege.com\/wp-content\/uploads\/2024\/11\/3_53d53089-94c6-4826-abe2-53a70e0c84db.jpg","type":"image\/jpeg"}],"twitter_card":"summary_large_image","twitter_misc":{"Tempo di lettura stimato":"2 minuti"},"schema":{"@context":"https:\/\/schema.org","@graph":[{"@type":"WebPage","@id":"https:\/\/latelierduliege.com\/collection\/ceinture-liege-femme-gaia\/","url":"https:\/\/latelierduliege.com\/collection\/ceinture-liege-femme-gaia\/","name":"Ceinture en li\u00e8ge femme \u2013 \u00c9l\u00e9gante et \u00e9coresponsable- L&#039;Atelier du Li\u00e8ge","isPartOf":{"@id":"https:\/\/latelierduliege.com\/#website"},"primaryImageOfPage":{"@id":"https:\/\/latelierduliege.com\/collection\/ceinture-liege-femme-gaia\/#primaryimage"},"image":{"@id":"https:\/\/latelierduliege.com\/collection\/ceinture-liege-femme-gaia\/#primaryimage"},"thumbnailUrl":"https:\/\/latelierduliege.com\/wp-content\/uploads\/2024\/11\/3_53d53089-94c6-4826-abe2-53a70e0c84db.jpg","datePublished":"2024-11-29T08:31:25+00:00","dateModified":"2026-03-16T21:20:34+00:00","description":"Ajoutez une touche de style durable \u00e0 votre garde-robe avec la ceinture en li\u00e8ge pour femme \"Gaia\". \u00c9l\u00e9gante, vegan et disponible en trois superbes coloris.","breadcrumb":{"@id":"https:\/\/latelierduliege.com\/collection\/ceinture-liege-femme-gaia\/#breadcrumb"},"inLanguage":"it-IT","potentialAction":[{"@type":"ReadAction","target":["https:\/\/latelierduliege.com\/collection\/ceinture-liege-femme-gaia\/"]}]},{"@type":"ImageObject","inLanguage":"it-IT","@id":"https:\/\/latelierduliege.com\/collection\/ceinture-liege-femme-gaia\/#primaryimage","url":"https:\/\/latelierduliege.com\/wp-content\/uploads\/2024\/11\/3_53d53089-94c6-4826-abe2-53a70e0c84db.jpg","contentUrl":"https:\/\/latelierduliege.com\/wp-content\/uploads\/2024\/11\/3_53d53089-94c6-4826-abe2-53a70e0c84db.jpg","width":1200,"height":1200},{"@type":"BreadcrumbList","@id":"https:\/\/latelierduliege.com\/collection\/ceinture-liege-femme-gaia\/#breadcrumb","itemListElement":[{"@type":"ListItem","position":1,"name":"Home","item":"https:\/\/latelierduliege.com\/"},{"@type":"ListItem","position":2,"name":"Boutique","item":"https:\/\/latelierduliege.com\/boutique-liege\/"},{"@type":"ListItem","position":3,"name":"Ceinture en li\u00e8ge \u00ab Gaia \u00bb pour femme \u2013 \u00c9l\u00e9gante, v\u00e9gane et durable"}]},{"@type":"WebSite","@id":"https:\/\/latelierduliege.com\/#website","url":"https:\/\/latelierduliege.com\/","name":"L'Atelier du Li\u00e8ge","description":"Ecoresponsable par nature","potentialAction":[{"@type":"SearchAction","target":{"@type":"EntryPoint","urlTemplate":"https:\/\/latelierduliege.com\/?s={search_term_string}"},"query-input":{"@type":"PropertyValueSpecification","valueRequired":true,"valueName":"search_term_string"}}],"inLanguage":"it-IT"}]}},"brands":[{"id":267,"name":"L'Atelier du Li\u00e8ge","slug":"atelier-du-liege"}],"_links":{"self":[{"href":"https:\/\/latelierduliege.com\/it\/wp-json\/wp\/v2\/product\/11178","targetHints":{"allow":["GET"]}}],"collection":[{"href":"https:\/\/latelierduliege.com\/it\/wp-json\/wp\/v2\/product"}],"about":[{"href":"https:\/\/latelierduliege.com\/it\/wp-json\/wp\/v2\/types\/product"}],"replies":[{"embeddable":true,"href":"https:\/\/latelierduliege.com\/it\/wp-json\/wp\/v2\/comments?post=11178"}],"wp:featuredmedia":[{"embeddable":true,"href":"https:\/\/latelierduliege.com\/it\/wp-json\/wp\/v2\/media\/11169"}],"wp:attachment":[{"href":"https:\/\/latelierduliege.com\/it\/wp-json\/wp\/v2\/media?parent=11178"}],"wp:term":[{"taxonomy":"pwb-brand","embeddable":true,"href":"https:\/\/latelierduliege.com\/it\/wp-json\/wp\/v2\/pwb-brand?post=11178"},{"taxonomy":"product_brand","embeddable":true,"href":"https:\/\/latelierduliege.com\/it\/wp-json\/wp\/v2\/product_brand?post=11178"},{"taxonomy":"product_cat","embeddable":true,"href":"https:\/\/latelierduliege.com\/it\/wp-json\/wp\/v2\/product_cat?post=11178"},{"taxonomy":"product_tag","embeddable":true,"href":"https:\/\/latelierduliege.com\/it\/wp-json\/wp\/v2\/product_tag?post=11178"}],"curies":[{"name":"wp","href":"https:\/\/api.w.org\/{rel}","templated":true}]}}