{"id":11389,"date":"2024-12-15T10:09:26","date_gmt":"2024-12-15T10:09:26","guid":{"rendered":"https:\/\/latelierduliege.com\/?post_type=product&#038;p=11389"},"modified":"2026-04-09T09:26:41","modified_gmt":"2026-04-09T07:26:41","slug":"sac-a-dos-liege-dore-aurea","status":"publish","type":"product","link":"https:\/\/latelierduliege.com\/it\/collection\/sac-a-dos-liege-dore-aurea\/","title":{"rendered":"Sac \u00e0 dos en li\u00e8ge \u00ab \u00c1urea \u00bb pour femme \u2013 \u00c9l\u00e9gant, dor\u00e9 et durable"},"content":{"rendered":"<p>Le sac \u00e0 dos pour femme en li\u00e8ge dor\u00e9 <strong>\u00c1urea<\/strong> allie <strong>\u00e9l\u00e9gance sophistiqu\u00e9e<\/strong> et <strong>praticit\u00e9 quotidienne<\/strong>, pour un accessoire unique et fonctionnel. Fabriqu\u00e9 en li\u00e8ge de haute qualit\u00e9, ce sac se distingue par sa superbe teinte dor\u00e9e qui ne passe pas inaper\u00e7ue.<\/p>\n<h3><strong>Caratteristiche principali :<\/strong><\/h3>\n<ul>\n<li><strong>Fermeture \u00e0 cordon<\/strong> : rapide et facile pour acc\u00e9der \u00e0 vos essentiels.<\/li>\n<li><strong>Poche avec fermeture magn\u00e9tique<\/strong> : pratique et s\u00e9curis\u00e9e pour vos objets de valeur.<\/li>\n<li><strong>Int\u00e9rieur spacieux<\/strong> : un compartiment principal avec s\u00e9parateur pour une organisation optimale.<\/li>\n<li><strong>Bretelles r\u00e9glables<\/strong> : pour un confort personnalis\u00e9, id\u00e9al pour une utilisation toute la journ\u00e9e.<\/li>\n<\/ul>\n<p>Avec son design l\u00e9ger et raffin\u00e9, <strong>\u00c1urea<\/strong> est parfait pour accompagner vos journ\u00e9es bien remplies tout en ajoutant une touche de style.<\/p>\n<h3><strong>Mat\u00e9riau \u00e9cologique et durable<\/strong><\/h3>\n<p>Le li\u00e8ge est une ressource natur#elle et renouvelable, r\u00e9colt\u00e9e sans ab\u00eemer les arbres. Ce sac refl\u00e8te votre engagement envers un mode de vie plus durable. D\u00e9couvrez-en plus sur les avantages du li\u00e8ge dans notre article d\u00e9di\u00e9 <a href=\"https:\/\/latelierduliege.com\/it\/pourquoi-choisir-des-produits-en-liege-un-choix-durable-et-ecologique\/\" target=\"_blank\" rel=\"noopener\">\u00ab\u00a0Pourquoi choisir le li\u00e8ge ?\u00a0\u00bb<\/a>.<\/p>","protected":false},"excerpt":{"rendered":"<ul>\n<li>Sac \u00e0 dos en li\u00e8ge dor\u00e9 <strong>\u00c1urea<\/strong> : \u00e9l\u00e9gant, pratique et \u00e9coresponsable. L\u00e9ger, spacieux et parfait pour un usage quotidien avec une touche de sophistication.<\/li>\n<\/ul>\n<p><img loading=\"lazy\" decoding=\"async\" class=\"alignnone size-large wp-image-76\" src=\"https:\/\/latelierduliege.com\/wp-content\/uploads\/2026\/03\/Vantaggi-del-sughero-in-5-punti-2.png\" alt=\"\" width=\"1020\" height=\"682\" srcset=\"https:\/\/latelierduliege.com\/wp-content\/uploads\/2026\/03\/Vantaggi-del-sughero-in-5-punti-2.png 1536w, https:\/\/latelierduliege.com\/wp-content\/uploads\/2026\/03\/Vantaggi-del-sughero-in-5-punti-2-300x200.png 300w, https:\/\/latelierduliege.com\/wp-content\/uploads\/2026\/03\/Vantaggi-del-sughero-in-5-punti-2-1024x683.png 1024w, https:\/\/latelierduliege.com\/wp-content\/uploads\/2026\/03\/Vantaggi-del-sughero-in-5-punti-2-768x512.png 768w, https:\/\/latelierduliege.com\/wp-content\/uploads\/2026\/03\/Vantaggi-del-sughero-in-5-punti-2-18x12.png 18w, https:\/\/latelierduliege.com\/wp-content\/uploads\/2026\/03\/Vantaggi-del-sughero-in-5-punti-2-510x340.png 510w\" sizes=\"auto, (max-width: 1020px) 100vw, 1020px\" \/><\/p>","protected":false},"featured_media":11383,"comment_status":"open","ping_status":"closed","template":"","meta":[],"pwb-brand":[267],"product_brand":[],"product_cat":[553,192,620],"product_tag":[],"class_list":{"0":"post-11389","1":"product","2":"type-product","3":"status-publish","4":"has-post-thumbnail","6":"pwb-brand-atelier-du-liege","7":"product_cat-nouveautes-accessoires-liege","8":"product_cat-sacs-a-dos","9":"product_cat-sacs-liege","11":"first","12":"instock","13":"shipping-taxable","14":"purchasable","15":"product-type-simple"},"yoast_head":"<!-- This site is optimized with the Yoast SEO plugin v27.3 - https:\/\/yoast.com\/product\/yoast-seo-wordpress\/ -->\n<title>Sac \u00e0 dos en li\u00e8ge femme \u2013 Chic et \u00e9cologique- L&#039;Atelier du Li\u00e8ge<\/title>\n<meta name=\"description\" content=\"Sac \u00e0 dos en li\u00e8ge femme, chic et fonctionnel. Design dor\u00e9 \u00e9l\u00e9gant, bretelles r\u00e9glables et fermeture s\u00e9curis\u00e9e. L\u00e9ger, durable et \u00e9coresponsable.\" \/>\n<meta name=\"robots\" content=\"index, follow, max-snippet:-1, max-image-preview:large, max-video-preview:-1\" \/>\n<link rel=\"canonical\" href=\"https:\/\/latelierduliege.com\/it\/collection\/sac-a-dos-liege-dore-aurea\/\" \/>\n<meta property=\"og:locale\" content=\"it_IT\" \/>\n<meta property=\"og:type\" content=\"article\" \/>\n<meta property=\"og:title\" content=\"Sac \u00e0 dos en li\u00e8ge femme \u2013 Chic et \u00e9cologique- L&#039;Atelier du Li\u00e8ge\" \/>\n<meta property=\"og:description\" content=\"Sac \u00e0 dos en li\u00e8ge femme, chic et fonctionnel. Design dor\u00e9 \u00e9l\u00e9gant, bretelles r\u00e9glables et fermeture s\u00e9curis\u00e9e. L\u00e9ger, durable et \u00e9coresponsable.\" \/>\n<meta property=\"og:url\" content=\"https:\/\/latelierduliege.com\/it\/collection\/sac-a-dos-liege-dore-aurea\/\" \/>\n<meta property=\"og:site_name\" content=\"L&#039;Atelier du Li\u00e8ge\" \/>\n<meta property=\"article:publisher\" content=\"https:\/\/www.facebook.com\" \/>\n<meta property=\"article:modified_time\" content=\"2026-04-09T07:26:41+00:00\" \/>\n<meta property=\"og:image\" content=\"https:\/\/latelierduliege.com\/wp-content\/uploads\/2024\/12\/8701716d4367e94784529c93c2e8025f44dd130d50a5685551379988e24f743b.jpg\" \/>\n\t<meta property=\"og:image:width\" content=\"1200\" \/>\n\t<meta property=\"og:image:height\" content=\"1200\" \/>\n\t<meta property=\"og:image:type\" content=\"image\/jpeg\" \/>\n<meta name=\"twitter:card\" content=\"summary_large_image\" \/>\n<meta name=\"twitter:label1\" content=\"Tempo di lettura stimato\" \/>\n\t<meta name=\"twitter:data1\" content=\"2 minuti\" \/>\n<script type=\"application\/ld+json\" class=\"yoast-schema-graph\">{\"@context\":\"https:\\\/\\\/schema.org\",\"@graph\":[{\"@type\":\"WebPage\",\"@id\":\"https:\\\/\\\/latelierduliege.com\\\/collection\\\/sac-a-dos-liege-dore-aurea\\\/\",\"url\":\"https:\\\/\\\/latelierduliege.com\\\/collection\\\/sac-a-dos-liege-dore-aurea\\\/\",\"name\":\"Sac \u00e0 dos en li\u00e8ge femme \u2013 Chic et \u00e9cologique- L&#039;Atelier du Li\u00e8ge\",\"isPartOf\":{\"@id\":\"https:\\\/\\\/latelierduliege.com\\\/#website\"},\"primaryImageOfPage\":{\"@id\":\"https:\\\/\\\/latelierduliege.com\\\/collection\\\/sac-a-dos-liege-dore-aurea\\\/#primaryimage\"},\"image\":{\"@id\":\"https:\\\/\\\/latelierduliege.com\\\/collection\\\/sac-a-dos-liege-dore-aurea\\\/#primaryimage\"},\"thumbnailUrl\":\"https:\\\/\\\/latelierduliege.com\\\/wp-content\\\/uploads\\\/2024\\\/12\\\/8701716d4367e94784529c93c2e8025f44dd130d50a5685551379988e24f743b.jpg\",\"datePublished\":\"2024-12-15T10:09:26+00:00\",\"dateModified\":\"2026-04-09T07:26:41+00:00\",\"description\":\"Sac \u00e0 dos en li\u00e8ge femme, chic et fonctionnel. Design dor\u00e9 \u00e9l\u00e9gant, bretelles r\u00e9glables et fermeture s\u00e9curis\u00e9e. L\u00e9ger, durable et \u00e9coresponsable.\",\"breadcrumb\":{\"@id\":\"https:\\\/\\\/latelierduliege.com\\\/collection\\\/sac-a-dos-liege-dore-aurea\\\/#breadcrumb\"},\"inLanguage\":\"it-IT\",\"potentialAction\":[{\"@type\":\"ReadAction\",\"target\":[\"https:\\\/\\\/latelierduliege.com\\\/collection\\\/sac-a-dos-liege-dore-aurea\\\/\"]}]},{\"@type\":\"ImageObject\",\"inLanguage\":\"it-IT\",\"@id\":\"https:\\\/\\\/latelierduliege.com\\\/collection\\\/sac-a-dos-liege-dore-aurea\\\/#primaryimage\",\"url\":\"https:\\\/\\\/latelierduliege.com\\\/wp-content\\\/uploads\\\/2024\\\/12\\\/8701716d4367e94784529c93c2e8025f44dd130d50a5685551379988e24f743b.jpg\",\"contentUrl\":\"https:\\\/\\\/latelierduliege.com\\\/wp-content\\\/uploads\\\/2024\\\/12\\\/8701716d4367e94784529c93c2e8025f44dd130d50a5685551379988e24f743b.jpg\",\"width\":1200,\"height\":1200,\"caption\":\"Img\"},{\"@type\":\"BreadcrumbList\",\"@id\":\"https:\\\/\\\/latelierduliege.com\\\/collection\\\/sac-a-dos-liege-dore-aurea\\\/#breadcrumb\",\"itemListElement\":[{\"@type\":\"ListItem\",\"position\":1,\"name\":\"Home\",\"item\":\"https:\\\/\\\/latelierduliege.com\\\/\"},{\"@type\":\"ListItem\",\"position\":2,\"name\":\"Boutique\",\"item\":\"https:\\\/\\\/latelierduliege.com\\\/boutique-liege\\\/\"},{\"@type\":\"ListItem\",\"position\":3,\"name\":\"Sac \u00e0 dos en li\u00e8ge \u00ab \u00c1urea \u00bb pour femme \u2013 \u00c9l\u00e9gant, dor\u00e9 et durable\"}]},{\"@type\":\"WebSite\",\"@id\":\"https:\\\/\\\/latelierduliege.com\\\/#website\",\"url\":\"https:\\\/\\\/latelierduliege.com\\\/\",\"name\":\"L'Atelier du Li\u00e8ge\",\"description\":\"Ecoresponsable par nature\",\"potentialAction\":[{\"@type\":\"SearchAction\",\"target\":{\"@type\":\"EntryPoint\",\"urlTemplate\":\"https:\\\/\\\/latelierduliege.com\\\/?s={search_term_string}\"},\"query-input\":{\"@type\":\"PropertyValueSpecification\",\"valueRequired\":true,\"valueName\":\"search_term_string\"}}],\"inLanguage\":\"it-IT\"}]}<\/script>\n<!-- \/ Yoast SEO plugin. -->","yoast_head_json":{"title":"Sac \u00e0 dos en li\u00e8ge femme \u2013 Chic et \u00e9cologique- L&#039;Atelier du Li\u00e8ge","description":"Sac \u00e0 dos en li\u00e8ge femme, chic et fonctionnel. Design dor\u00e9 \u00e9l\u00e9gant, bretelles r\u00e9glables et fermeture s\u00e9curis\u00e9e. L\u00e9ger, durable et \u00e9coresponsable.","robots":{"index":"index","follow":"follow","max-snippet":"max-snippet:-1","max-image-preview":"max-image-preview:large","max-video-preview":"max-video-preview:-1"},"canonical":"https:\/\/latelierduliege.com\/it\/collection\/sac-a-dos-liege-dore-aurea\/","og_locale":"it_IT","og_type":"article","og_title":"Sac \u00e0 dos en li\u00e8ge femme \u2013 Chic et \u00e9cologique- L&#039;Atelier du Li\u00e8ge","og_description":"Sac \u00e0 dos en li\u00e8ge femme, chic et fonctionnel. Design dor\u00e9 \u00e9l\u00e9gant, bretelles r\u00e9glables et fermeture s\u00e9curis\u00e9e. L\u00e9ger, durable et \u00e9coresponsable.","og_url":"https:\/\/latelierduliege.com\/it\/collection\/sac-a-dos-liege-dore-aurea\/","og_site_name":"L&#039;Atelier du Li\u00e8ge","article_publisher":"https:\/\/www.facebook.com","article_modified_time":"2026-04-09T07:26:41+00:00","og_image":[{"width":1200,"height":1200,"url":"https:\/\/latelierduliege.com\/wp-content\/uploads\/2024\/12\/8701716d4367e94784529c93c2e8025f44dd130d50a5685551379988e24f743b.jpg","type":"image\/jpeg"}],"twitter_card":"summary_large_image","twitter_misc":{"Tempo di lettura stimato":"2 minuti"},"schema":{"@context":"https:\/\/schema.org","@graph":[{"@type":"WebPage","@id":"https:\/\/latelierduliege.com\/collection\/sac-a-dos-liege-dore-aurea\/","url":"https:\/\/latelierduliege.com\/collection\/sac-a-dos-liege-dore-aurea\/","name":"Sac \u00e0 dos en li\u00e8ge femme \u2013 Chic et \u00e9cologique- L&#039;Atelier du Li\u00e8ge","isPartOf":{"@id":"https:\/\/latelierduliege.com\/#website"},"primaryImageOfPage":{"@id":"https:\/\/latelierduliege.com\/collection\/sac-a-dos-liege-dore-aurea\/#primaryimage"},"image":{"@id":"https:\/\/latelierduliege.com\/collection\/sac-a-dos-liege-dore-aurea\/#primaryimage"},"thumbnailUrl":"https:\/\/latelierduliege.com\/wp-content\/uploads\/2024\/12\/8701716d4367e94784529c93c2e8025f44dd130d50a5685551379988e24f743b.jpg","datePublished":"2024-12-15T10:09:26+00:00","dateModified":"2026-04-09T07:26:41+00:00","description":"Sac \u00e0 dos en li\u00e8ge femme, chic et fonctionnel. Design dor\u00e9 \u00e9l\u00e9gant, bretelles r\u00e9glables et fermeture s\u00e9curis\u00e9e. L\u00e9ger, durable et \u00e9coresponsable.","breadcrumb":{"@id":"https:\/\/latelierduliege.com\/collection\/sac-a-dos-liege-dore-aurea\/#breadcrumb"},"inLanguage":"it-IT","potentialAction":[{"@type":"ReadAction","target":["https:\/\/latelierduliege.com\/collection\/sac-a-dos-liege-dore-aurea\/"]}]},{"@type":"ImageObject","inLanguage":"it-IT","@id":"https:\/\/latelierduliege.com\/collection\/sac-a-dos-liege-dore-aurea\/#primaryimage","url":"https:\/\/latelierduliege.com\/wp-content\/uploads\/2024\/12\/8701716d4367e94784529c93c2e8025f44dd130d50a5685551379988e24f743b.jpg","contentUrl":"https:\/\/latelierduliege.com\/wp-content\/uploads\/2024\/12\/8701716d4367e94784529c93c2e8025f44dd130d50a5685551379988e24f743b.jpg","width":1200,"height":1200,"caption":"Img"},{"@type":"BreadcrumbList","@id":"https:\/\/latelierduliege.com\/collection\/sac-a-dos-liege-dore-aurea\/#breadcrumb","itemListElement":[{"@type":"ListItem","position":1,"name":"Home","item":"https:\/\/latelierduliege.com\/"},{"@type":"ListItem","position":2,"name":"Boutique","item":"https:\/\/latelierduliege.com\/boutique-liege\/"},{"@type":"ListItem","position":3,"name":"Sac \u00e0 dos en li\u00e8ge \u00ab \u00c1urea \u00bb pour femme \u2013 \u00c9l\u00e9gant, dor\u00e9 et durable"}]},{"@type":"WebSite","@id":"https:\/\/latelierduliege.com\/#website","url":"https:\/\/latelierduliege.com\/","name":"L'Atelier du Li\u00e8ge","description":"Ecoresponsable par nature","potentialAction":[{"@type":"SearchAction","target":{"@type":"EntryPoint","urlTemplate":"https:\/\/latelierduliege.com\/?s={search_term_string}"},"query-input":{"@type":"PropertyValueSpecification","valueRequired":true,"valueName":"search_term_string"}}],"inLanguage":"it-IT"}]}},"brands":[{"id":267,"name":"L'Atelier du Li\u00e8ge","slug":"atelier-du-liege"}],"_links":{"self":[{"href":"https:\/\/latelierduliege.com\/it\/wp-json\/wp\/v2\/product\/11389","targetHints":{"allow":["GET"]}}],"collection":[{"href":"https:\/\/latelierduliege.com\/it\/wp-json\/wp\/v2\/product"}],"about":[{"href":"https:\/\/latelierduliege.com\/it\/wp-json\/wp\/v2\/types\/product"}],"replies":[{"embeddable":true,"href":"https:\/\/latelierduliege.com\/it\/wp-json\/wp\/v2\/comments?post=11389"}],"wp:featuredmedia":[{"embeddable":true,"href":"https:\/\/latelierduliege.com\/it\/wp-json\/wp\/v2\/media\/11383"}],"wp:attachment":[{"href":"https:\/\/latelierduliege.com\/it\/wp-json\/wp\/v2\/media?parent=11389"}],"wp:term":[{"taxonomy":"pwb-brand","embeddable":true,"href":"https:\/\/latelierduliege.com\/it\/wp-json\/wp\/v2\/pwb-brand?post=11389"},{"taxonomy":"product_brand","embeddable":true,"href":"https:\/\/latelierduliege.com\/it\/wp-json\/wp\/v2\/product_brand?post=11389"},{"taxonomy":"product_cat","embeddable":true,"href":"https:\/\/latelierduliege.com\/it\/wp-json\/wp\/v2\/product_cat?post=11389"},{"taxonomy":"product_tag","embeddable":true,"href":"https:\/\/latelierduliege.com\/it\/wp-json\/wp\/v2\/product_tag?post=11389"}],"curies":[{"name":"wp","href":"https:\/\/api.w.org\/{rel}","templated":true}]}}