{"id":11445,"date":"2024-12-28T09:53:14","date_gmt":"2024-12-28T09:53:14","guid":{"rendered":"https:\/\/latelierduliege.com\/?post_type=product&#038;p=11445"},"modified":"2026-04-08T20:51:06","modified_gmt":"2026-04-08T18:51:06","slug":"sac-a-main-liege-tissu-clara-rouge","status":"publish","type":"product","link":"https:\/\/latelierduliege.com\/it\/collection\/sac-a-main-liege-tissu-clara-rouge\/","title":{"rendered":"Sac \u00e0 main en li\u00e8ge \u00ab Clara Rouge \u00bb pour femme \u2013 \u00c9l\u00e9gant, audacieux et \u00e9cologique"},"content":{"rendered":"<p>D\u00e9couvrez le sac \u00e0 main en li\u00e8ge et tissu rouge <strong>Clara Rouge<\/strong>, un accessoire \u00e9l\u00e9gant et audacieux, con\u00e7u pour les femmes modernes. Fabriqu\u00e9 avec des mat\u00e9riaux \u00e9coresponsables, ce sac associe <strong>style vibrant<\/strong> et <strong>fonctionnalit\u00e9 quotidienne<\/strong>.<\/p>\n<h3><strong>Caratteristiche principali :<\/strong><\/h3>\n<ul>\n<li><strong>Design structur\u00e9<\/strong> : \u00c9quip\u00e9 de deux poign\u00e9es en li\u00e8ge, d\u2019une fermeture \u00e9clair s\u00e9curis\u00e9e et d\u2019une poche ext\u00e9rieure zipp\u00e9e.<\/li>\n<li><strong>Organisation pratique<\/strong> : Une poche int\u00e9rieure zipp\u00e9e pour ranger vos essentiels avec facilit\u00e9.<\/li>\n<li><strong>Mat\u00e9riaux durables<\/strong> : Li\u00e8ge naturel doux et flexible associ\u00e9 \u00e0 un tissu rouge vif pour un look unique et saisissant.<\/li>\n<\/ul>\n<h3><strong>Dimensioni :<\/strong><\/h3>\n<ul>\n<li><strong>Hauteur :<\/strong> 35 cm (13,5 pouces)<\/li>\n<li><strong>Longueur :<\/strong> 32 cm (13 pouces)<\/li>\n<li><strong>Largeur :<\/strong> 12 cm (4,5 pouces)<\/li>\n<\/ul>\n<p>Avec son design structur\u00e9 et sa couleur \u00e9clatante, le sac <strong>Clara Rouge<\/strong> est parfait pour compl\u00e9ter vos tenues et apporter une touche d\u2019\u00e9l\u00e9gance audacieuse, que ce soit au quotidien ou lors d\u2019occasions sp\u00e9ciales.<\/p>","protected":false},"excerpt":{"rendered":"<p>Le sac \u00e0 main en li\u00e8ge et tissu rouge <strong>Clara Rouge<\/strong> allie \u00e9l\u00e9gance audacieuse et praticit\u00e9. L\u00e9ger, structur\u00e9 et durable, il est id\u00e9al pour un usage quotidien.<\/p>\n<p><img loading=\"lazy\" decoding=\"async\" class=\"alignnone size-large wp-image-76\" src=\"https:\/\/latelierduliege.com\/wp-content\/uploads\/2026\/03\/Vantaggi-del-sughero-in-5-punti-2.png\" alt=\"\" width=\"1020\" height=\"682\" srcset=\"https:\/\/latelierduliege.com\/wp-content\/uploads\/2026\/03\/Vantaggi-del-sughero-in-5-punti-2.png 1536w, https:\/\/latelierduliege.com\/wp-content\/uploads\/2026\/03\/Vantaggi-del-sughero-in-5-punti-2-300x200.png 300w, https:\/\/latelierduliege.com\/wp-content\/uploads\/2026\/03\/Vantaggi-del-sughero-in-5-punti-2-1024x683.png 1024w, https:\/\/latelierduliege.com\/wp-content\/uploads\/2026\/03\/Vantaggi-del-sughero-in-5-punti-2-768x512.png 768w, https:\/\/latelierduliege.com\/wp-content\/uploads\/2026\/03\/Vantaggi-del-sughero-in-5-punti-2-18x12.png 18w, https:\/\/latelierduliege.com\/wp-content\/uploads\/2026\/03\/Vantaggi-del-sughero-in-5-punti-2-510x340.png 510w\" sizes=\"auto, (max-width: 1020px) 100vw, 1020px\" \/><\/p>","protected":false},"featured_media":11433,"comment_status":"open","ping_status":"closed","template":"","meta":[],"pwb-brand":[267],"product_brand":[],"product_cat":[553,190,620],"product_tag":[640],"class_list":{"0":"post-11445","1":"product","2":"type-product","3":"status-publish","4":"has-post-thumbnail","6":"pwb-brand-atelier-du-liege","7":"product_cat-nouveautes-accessoires-liege","8":"product_cat-sacs-a-main","9":"product_cat-sacs-liege","10":"product_tag-femme","12":"first","13":"instock","14":"shipping-taxable","15":"purchasable","16":"product-type-simple"},"yoast_head":"<!-- This site is optimized with the Yoast SEO plugin v27.3 - https:\/\/yoast.com\/product\/yoast-seo-wordpress\/ -->\n<title>Sac \u00e0 main en li\u00e8ge femme \u2013 \u00c9l\u00e9gance et audace - L&#039;Atelier du Li\u00e8ge<\/title>\n<meta name=\"description\" content=\"Sac \u00e0 main en li\u00e8ge femme, audacieux et chic. Design structur\u00e9, tissu rouge vibrant et rangement pratique. L\u00e9ger, durable et \u00e9coresponsable.\" \/>\n<meta name=\"robots\" content=\"index, follow, max-snippet:-1, max-image-preview:large, max-video-preview:-1\" \/>\n<link rel=\"canonical\" href=\"https:\/\/latelierduliege.com\/it\/collection\/sac-a-main-liege-tissu-clara-rouge\/\" \/>\n<meta property=\"og:locale\" content=\"it_IT\" \/>\n<meta property=\"og:type\" content=\"article\" \/>\n<meta property=\"og:title\" content=\"Sac \u00e0 main en li\u00e8ge femme \u2013 \u00c9l\u00e9gance et audace - L&#039;Atelier du Li\u00e8ge\" \/>\n<meta property=\"og:description\" content=\"Sac \u00e0 main en li\u00e8ge femme, audacieux et chic. Design structur\u00e9, tissu rouge vibrant et rangement pratique. L\u00e9ger, durable et \u00e9coresponsable.\" \/>\n<meta property=\"og:url\" content=\"https:\/\/latelierduliege.com\/it\/collection\/sac-a-main-liege-tissu-clara-rouge\/\" \/>\n<meta property=\"og:site_name\" content=\"L&#039;Atelier du Li\u00e8ge\" \/>\n<meta property=\"article:publisher\" content=\"https:\/\/www.facebook.com\" \/>\n<meta property=\"article:modified_time\" content=\"2026-04-08T18:51:06+00:00\" \/>\n<meta property=\"og:image\" content=\"https:\/\/latelierduliege.com\/wp-content\/uploads\/2024\/12\/41677dc6c4cdae27674f9e400e957f3914909fda92b882175664ff47ca5f66f5.jpg\" \/>\n\t<meta property=\"og:image:width\" content=\"2000\" \/>\n\t<meta property=\"og:image:height\" content=\"2000\" \/>\n\t<meta property=\"og:image:type\" content=\"image\/jpeg\" \/>\n<meta name=\"twitter:card\" content=\"summary_large_image\" \/>\n<meta name=\"twitter:label1\" content=\"Tempo di lettura stimato\" \/>\n\t<meta name=\"twitter:data1\" content=\"1 minuto\" \/>\n<script type=\"application\/ld+json\" class=\"yoast-schema-graph\">{\"@context\":\"https:\\\/\\\/schema.org\",\"@graph\":[{\"@type\":\"WebPage\",\"@id\":\"https:\\\/\\\/latelierduliege.com\\\/collection\\\/sac-a-main-liege-tissu-clara-rouge\\\/\",\"url\":\"https:\\\/\\\/latelierduliege.com\\\/collection\\\/sac-a-main-liege-tissu-clara-rouge\\\/\",\"name\":\"Sac \u00e0 main en li\u00e8ge femme \u2013 \u00c9l\u00e9gance et audace - L&#039;Atelier du Li\u00e8ge\",\"isPartOf\":{\"@id\":\"https:\\\/\\\/latelierduliege.com\\\/#website\"},\"primaryImageOfPage\":{\"@id\":\"https:\\\/\\\/latelierduliege.com\\\/collection\\\/sac-a-main-liege-tissu-clara-rouge\\\/#primaryimage\"},\"image\":{\"@id\":\"https:\\\/\\\/latelierduliege.com\\\/collection\\\/sac-a-main-liege-tissu-clara-rouge\\\/#primaryimage\"},\"thumbnailUrl\":\"https:\\\/\\\/latelierduliege.com\\\/wp-content\\\/uploads\\\/2024\\\/12\\\/41677dc6c4cdae27674f9e400e957f3914909fda92b882175664ff47ca5f66f5.jpg\",\"datePublished\":\"2024-12-28T09:53:14+00:00\",\"dateModified\":\"2026-04-08T18:51:06+00:00\",\"description\":\"Sac \u00e0 main en li\u00e8ge femme, audacieux et chic. Design structur\u00e9, tissu rouge vibrant et rangement pratique. L\u00e9ger, durable et \u00e9coresponsable.\",\"breadcrumb\":{\"@id\":\"https:\\\/\\\/latelierduliege.com\\\/collection\\\/sac-a-main-liege-tissu-clara-rouge\\\/#breadcrumb\"},\"inLanguage\":\"it-IT\",\"potentialAction\":[{\"@type\":\"ReadAction\",\"target\":[\"https:\\\/\\\/latelierduliege.com\\\/collection\\\/sac-a-main-liege-tissu-clara-rouge\\\/\"]}]},{\"@type\":\"ImageObject\",\"inLanguage\":\"it-IT\",\"@id\":\"https:\\\/\\\/latelierduliege.com\\\/collection\\\/sac-a-main-liege-tissu-clara-rouge\\\/#primaryimage\",\"url\":\"https:\\\/\\\/latelierduliege.com\\\/wp-content\\\/uploads\\\/2024\\\/12\\\/41677dc6c4cdae27674f9e400e957f3914909fda92b882175664ff47ca5f66f5.jpg\",\"contentUrl\":\"https:\\\/\\\/latelierduliege.com\\\/wp-content\\\/uploads\\\/2024\\\/12\\\/41677dc6c4cdae27674f9e400e957f3914909fda92b882175664ff47ca5f66f5.jpg\",\"width\":2000,\"height\":2000,\"caption\":\"Img\"},{\"@type\":\"BreadcrumbList\",\"@id\":\"https:\\\/\\\/latelierduliege.com\\\/collection\\\/sac-a-main-liege-tissu-clara-rouge\\\/#breadcrumb\",\"itemListElement\":[{\"@type\":\"ListItem\",\"position\":1,\"name\":\"Home\",\"item\":\"https:\\\/\\\/latelierduliege.com\\\/\"},{\"@type\":\"ListItem\",\"position\":2,\"name\":\"Boutique\",\"item\":\"https:\\\/\\\/latelierduliege.com\\\/boutique-liege\\\/\"},{\"@type\":\"ListItem\",\"position\":3,\"name\":\"Sac \u00e0 main en li\u00e8ge \u00ab Clara Rouge \u00bb pour femme \u2013 \u00c9l\u00e9gant, audacieux et \u00e9cologique\"}]},{\"@type\":\"WebSite\",\"@id\":\"https:\\\/\\\/latelierduliege.com\\\/#website\",\"url\":\"https:\\\/\\\/latelierduliege.com\\\/\",\"name\":\"L'Atelier du Li\u00e8ge\",\"description\":\"Ecoresponsable par nature\",\"potentialAction\":[{\"@type\":\"SearchAction\",\"target\":{\"@type\":\"EntryPoint\",\"urlTemplate\":\"https:\\\/\\\/latelierduliege.com\\\/?s={search_term_string}\"},\"query-input\":{\"@type\":\"PropertyValueSpecification\",\"valueRequired\":true,\"valueName\":\"search_term_string\"}}],\"inLanguage\":\"it-IT\"}]}<\/script>\n<!-- \/ Yoast SEO plugin. -->","yoast_head_json":{"title":"Sac \u00e0 main en li\u00e8ge femme \u2013 \u00c9l\u00e9gance et audace - L&#039;Atelier du Li\u00e8ge","description":"Sac \u00e0 main en li\u00e8ge femme, audacieux et chic. Design structur\u00e9, tissu rouge vibrant et rangement pratique. L\u00e9ger, durable et \u00e9coresponsable.","robots":{"index":"index","follow":"follow","max-snippet":"max-snippet:-1","max-image-preview":"max-image-preview:large","max-video-preview":"max-video-preview:-1"},"canonical":"https:\/\/latelierduliege.com\/it\/collection\/sac-a-main-liege-tissu-clara-rouge\/","og_locale":"it_IT","og_type":"article","og_title":"Sac \u00e0 main en li\u00e8ge femme \u2013 \u00c9l\u00e9gance et audace - L&#039;Atelier du Li\u00e8ge","og_description":"Sac \u00e0 main en li\u00e8ge femme, audacieux et chic. Design structur\u00e9, tissu rouge vibrant et rangement pratique. L\u00e9ger, durable et \u00e9coresponsable.","og_url":"https:\/\/latelierduliege.com\/it\/collection\/sac-a-main-liege-tissu-clara-rouge\/","og_site_name":"L&#039;Atelier du Li\u00e8ge","article_publisher":"https:\/\/www.facebook.com","article_modified_time":"2026-04-08T18:51:06+00:00","og_image":[{"width":2000,"height":2000,"url":"https:\/\/latelierduliege.com\/wp-content\/uploads\/2024\/12\/41677dc6c4cdae27674f9e400e957f3914909fda92b882175664ff47ca5f66f5.jpg","type":"image\/jpeg"}],"twitter_card":"summary_large_image","twitter_misc":{"Tempo di lettura stimato":"1 minuto"},"schema":{"@context":"https:\/\/schema.org","@graph":[{"@type":"WebPage","@id":"https:\/\/latelierduliege.com\/collection\/sac-a-main-liege-tissu-clara-rouge\/","url":"https:\/\/latelierduliege.com\/collection\/sac-a-main-liege-tissu-clara-rouge\/","name":"Sac \u00e0 main en li\u00e8ge femme \u2013 \u00c9l\u00e9gance et audace - L&#039;Atelier du Li\u00e8ge","isPartOf":{"@id":"https:\/\/latelierduliege.com\/#website"},"primaryImageOfPage":{"@id":"https:\/\/latelierduliege.com\/collection\/sac-a-main-liege-tissu-clara-rouge\/#primaryimage"},"image":{"@id":"https:\/\/latelierduliege.com\/collection\/sac-a-main-liege-tissu-clara-rouge\/#primaryimage"},"thumbnailUrl":"https:\/\/latelierduliege.com\/wp-content\/uploads\/2024\/12\/41677dc6c4cdae27674f9e400e957f3914909fda92b882175664ff47ca5f66f5.jpg","datePublished":"2024-12-28T09:53:14+00:00","dateModified":"2026-04-08T18:51:06+00:00","description":"Sac \u00e0 main en li\u00e8ge femme, audacieux et chic. Design structur\u00e9, tissu rouge vibrant et rangement pratique. L\u00e9ger, durable et \u00e9coresponsable.","breadcrumb":{"@id":"https:\/\/latelierduliege.com\/collection\/sac-a-main-liege-tissu-clara-rouge\/#breadcrumb"},"inLanguage":"it-IT","potentialAction":[{"@type":"ReadAction","target":["https:\/\/latelierduliege.com\/collection\/sac-a-main-liege-tissu-clara-rouge\/"]}]},{"@type":"ImageObject","inLanguage":"it-IT","@id":"https:\/\/latelierduliege.com\/collection\/sac-a-main-liege-tissu-clara-rouge\/#primaryimage","url":"https:\/\/latelierduliege.com\/wp-content\/uploads\/2024\/12\/41677dc6c4cdae27674f9e400e957f3914909fda92b882175664ff47ca5f66f5.jpg","contentUrl":"https:\/\/latelierduliege.com\/wp-content\/uploads\/2024\/12\/41677dc6c4cdae27674f9e400e957f3914909fda92b882175664ff47ca5f66f5.jpg","width":2000,"height":2000,"caption":"Img"},{"@type":"BreadcrumbList","@id":"https:\/\/latelierduliege.com\/collection\/sac-a-main-liege-tissu-clara-rouge\/#breadcrumb","itemListElement":[{"@type":"ListItem","position":1,"name":"Home","item":"https:\/\/latelierduliege.com\/"},{"@type":"ListItem","position":2,"name":"Boutique","item":"https:\/\/latelierduliege.com\/boutique-liege\/"},{"@type":"ListItem","position":3,"name":"Sac \u00e0 main en li\u00e8ge \u00ab Clara Rouge \u00bb pour femme \u2013 \u00c9l\u00e9gant, audacieux et \u00e9cologique"}]},{"@type":"WebSite","@id":"https:\/\/latelierduliege.com\/#website","url":"https:\/\/latelierduliege.com\/","name":"L'Atelier du Li\u00e8ge","description":"Ecoresponsable par nature","potentialAction":[{"@type":"SearchAction","target":{"@type":"EntryPoint","urlTemplate":"https:\/\/latelierduliege.com\/?s={search_term_string}"},"query-input":{"@type":"PropertyValueSpecification","valueRequired":true,"valueName":"search_term_string"}}],"inLanguage":"it-IT"}]}},"brands":[{"id":267,"name":"L'Atelier du Li\u00e8ge","slug":"atelier-du-liege"}],"_links":{"self":[{"href":"https:\/\/latelierduliege.com\/it\/wp-json\/wp\/v2\/product\/11445","targetHints":{"allow":["GET"]}}],"collection":[{"href":"https:\/\/latelierduliege.com\/it\/wp-json\/wp\/v2\/product"}],"about":[{"href":"https:\/\/latelierduliege.com\/it\/wp-json\/wp\/v2\/types\/product"}],"replies":[{"embeddable":true,"href":"https:\/\/latelierduliege.com\/it\/wp-json\/wp\/v2\/comments?post=11445"}],"wp:featuredmedia":[{"embeddable":true,"href":"https:\/\/latelierduliege.com\/it\/wp-json\/wp\/v2\/media\/11433"}],"wp:attachment":[{"href":"https:\/\/latelierduliege.com\/it\/wp-json\/wp\/v2\/media?parent=11445"}],"wp:term":[{"taxonomy":"pwb-brand","embeddable":true,"href":"https:\/\/latelierduliege.com\/it\/wp-json\/wp\/v2\/pwb-brand?post=11445"},{"taxonomy":"product_brand","embeddable":true,"href":"https:\/\/latelierduliege.com\/it\/wp-json\/wp\/v2\/product_brand?post=11445"},{"taxonomy":"product_cat","embeddable":true,"href":"https:\/\/latelierduliege.com\/it\/wp-json\/wp\/v2\/product_cat?post=11445"},{"taxonomy":"product_tag","embeddable":true,"href":"https:\/\/latelierduliege.com\/it\/wp-json\/wp\/v2\/product_tag?post=11445"}],"curies":[{"name":"wp","href":"https:\/\/api.w.org\/{rel}","templated":true}]}}