{"id":11700,"date":"2025-01-25T16:35:32","date_gmt":"2025-01-25T16:35:32","guid":{"rendered":"https:\/\/latelierduliege.com\/collection\/natural-cork-printed-notebook-l-869\/"},"modified":"2026-04-15T21:27:28","modified_gmt":"2026-04-15T19:27:28","slug":"carnet-liege-caminho","status":"publish","type":"product","link":"https:\/\/latelierduliege.com\/it\/collection\/carnet-liege-caminho\/","title":{"rendered":"Carnet en li\u00e8ge \u00ab Caminho \u00bb \u2013 \u00c9l\u00e9gant, durable et inspirant"},"content":{"rendered":"<p>D\u00e9couvrez le <strong>carnet en li\u00e8ge Caminho<\/strong>, un accessoire compact et \u00e9l\u00e9gant con\u00e7u pour vous accompagner dans vos journ\u00e9es bien remplies. Fabriqu\u00e9 \u00e0 partir de li\u00e8ge naturel durable, il se distingue par ses 10 motifs imprim\u00e9s uniques qui refl\u00e8tent \u00e0 la fois cr\u00e9ativit\u00e9 et respect de l\u2019environnement.<\/p>\n<h3><strong>Caratteristiche principali :<\/strong><\/h3>\n<ul>\n<li><strong>Mat\u00e9riaux durables<\/strong> : La couverture en li\u00e8ge naturel offre un aspect esth\u00e9tique unique et est respectueuse de l\u2019environnement. Apprenez-en plus sur la r\u00e9colte durable du li\u00e8ge en lisant notre article d\u00e9di\u00e9 <a href=\"https:\/\/latelierduliege.com\/it\/comment-le-liege-est-il-recolte\/\" target=\"_new\" rel=\"noopener\">ici<\/a>.<\/li>\n<li><strong>Dimensions pratiques<\/strong> : 21 cm x 14,5 cm x 1,5 cm. Id\u00e9al pour \u00eatre gliss\u00e9 dans un sac ou un sac \u00e0 dos.<\/li>\n<li><strong>Polyvalence d\u2019utilisation<\/strong> : Que ce soit pour un journaling, un carnet de voyage, des notes scolaires ou professionnelles, il s\u2019adapte \u00e0 tous vos besoins.<\/li>\n<li><strong>Design unique<\/strong> : Disponible en 10 imprim\u00e9s vari\u00e9s, il convient \u00e0 toutes les personnalit\u00e9s.<\/li>\n<li><strong>Un cadeau parfait<\/strong> : Emball\u00e9 avec soin, il constitue un excellent choix pour offrir \u00e0 des amis, \u00e0 la famille ou m\u00eame \u00e0 des coll\u00e8gues.<\/li>\n<\/ul>\n<p>Emportez le <strong>carnet Caminho<\/strong> partout avec vous pour noter vos id\u00e9es, pens\u00e9es ou souvenirs. Ce carnet refl\u00e8te non seulement votre cr\u00e9ativit\u00e9, mais aussi vos valeurs \u00e9coresponsables.<\/p>\n<p>Explorez \u00e9galement <a href=\"https:\/\/latelierduliege.com\/it\/categoria-prodotto\/accessoires\/divers\/papeterie\/\" target=\"_new\" rel=\"noopener\">notre collection compl\u00e8te de papeterie en li\u00e8ge<\/a> pour d\u00e9couvrir d&rsquo;autres accessoires \u00e9l\u00e9gants et \u00e9cologiques.<\/p>","protected":false},"excerpt":{"rendered":"<p>Le carnet en li\u00e8ge <strong>Caminho<\/strong> est le compagnon id\u00e9al pour noter vos pens\u00e9es, souvenirs ou id\u00e9es tout au long de la journ\u00e9e. Avec ses 10 designs uniques et sa l\u00e9g\u00e8ret\u00e9, il ajoute une touche \u00e9l\u00e9gante et naturelle \u00e0 votre \u00e9criture.<\/p>\n<p><img loading=\"lazy\" decoding=\"async\" class=\"alignnone size-large wp-image-76\" src=\"https:\/\/latelierduliege.com\/wp-content\/uploads\/2026\/03\/Vantaggi-del-sughero-in-5-punti-2.png\" alt=\"\" width=\"1020\" height=\"682\" srcset=\"https:\/\/latelierduliege.com\/wp-content\/uploads\/2026\/03\/Vantaggi-del-sughero-in-5-punti-2.png 1536w, https:\/\/latelierduliege.com\/wp-content\/uploads\/2026\/03\/Vantaggi-del-sughero-in-5-punti-2-300x200.png 300w, https:\/\/latelierduliege.com\/wp-content\/uploads\/2026\/03\/Vantaggi-del-sughero-in-5-punti-2-1024x683.png 1024w, https:\/\/latelierduliege.com\/wp-content\/uploads\/2026\/03\/Vantaggi-del-sughero-in-5-punti-2-768x512.png 768w, https:\/\/latelierduliege.com\/wp-content\/uploads\/2026\/03\/Vantaggi-del-sughero-in-5-punti-2-18x12.png 18w, https:\/\/latelierduliege.com\/wp-content\/uploads\/2026\/03\/Vantaggi-del-sughero-in-5-punti-2-510x340.png 510w\" sizes=\"auto, (max-width: 1020px) 100vw, 1020px\" \/><\/p>","protected":false},"featured_media":11683,"comment_status":"open","ping_status":"closed","template":"","meta":[],"pwb-brand":[267],"product_brand":[],"product_cat":[336,553,337],"product_tag":[640],"class_list":{"0":"post-11700","1":"product","2":"type-product","3":"status-publish","4":"has-post-thumbnail","6":"pwb-brand-atelier-du-liege","7":"product_cat-maison-papeterie-animaux-liege","8":"product_cat-nouveautes-accessoires-liege","9":"product_cat-papeterie-liege","10":"product_tag-femme","12":"first","13":"instock","14":"shipping-taxable","15":"purchasable","16":"product-type-variable"},"yoast_head":"<!-- This site is optimized with the Yoast SEO plugin v27.3 - https:\/\/yoast.com\/product\/yoast-seo-wordpress\/ -->\n<title>Carnet en li\u00e8ge \u00e9cologique - \u00c9l\u00e9gant, durable et inspirant - L&#039;Atelier du Li\u00e8ge<\/title>\n<meta name=\"description\" content=\"Carnet en li\u00e8ge Caminho : compact, l\u00e9ger et durable. Disponible en 10 motifs uniques, parfait pour vos notes, journaling et voyages.\" \/>\n<meta name=\"robots\" content=\"index, follow, max-snippet:-1, max-image-preview:large, max-video-preview:-1\" \/>\n<link rel=\"canonical\" href=\"https:\/\/latelierduliege.com\/it\/collection\/carnet-liege-caminho\/\" \/>\n<meta property=\"og:locale\" content=\"it_IT\" \/>\n<meta property=\"og:type\" content=\"article\" \/>\n<meta property=\"og:title\" content=\"Carnet en li\u00e8ge \u00e9cologique - \u00c9l\u00e9gant, durable et inspirant - L&#039;Atelier du Li\u00e8ge\" \/>\n<meta property=\"og:description\" content=\"Carnet en li\u00e8ge Caminho : compact, l\u00e9ger et durable. Disponible en 10 motifs uniques, parfait pour vos notes, journaling et voyages.\" \/>\n<meta property=\"og:url\" content=\"https:\/\/latelierduliege.com\/it\/collection\/carnet-liege-caminho\/\" \/>\n<meta property=\"og:site_name\" content=\"L&#039;Atelier du Li\u00e8ge\" \/>\n<meta property=\"article:publisher\" content=\"https:\/\/www.facebook.com\" \/>\n<meta property=\"article:modified_time\" content=\"2026-04-15T19:27:28+00:00\" \/>\n<meta property=\"og:image\" content=\"https:\/\/latelierduliege.com\/wp-content\/uploads\/2025\/01\/c503bd6bd41bde6691e95061a4e65fccc51233e5d7c91c76932d15f2103cc20d.jpg\" \/>\n\t<meta property=\"og:image:width\" content=\"994\" \/>\n\t<meta property=\"og:image:height\" content=\"994\" \/>\n\t<meta property=\"og:image:type\" content=\"image\/jpeg\" \/>\n<meta name=\"twitter:card\" content=\"summary_large_image\" \/>\n<meta name=\"twitter:label1\" content=\"Tempo di lettura stimato\" \/>\n\t<meta name=\"twitter:data1\" content=\"2 minuti\" \/>\n<script type=\"application\/ld+json\" class=\"yoast-schema-graph\">{\"@context\":\"https:\\\/\\\/schema.org\",\"@graph\":[{\"@type\":\"WebPage\",\"@id\":\"https:\\\/\\\/latelierduliege.com\\\/collection\\\/carnet-liege-caminho\\\/\",\"url\":\"https:\\\/\\\/latelierduliege.com\\\/collection\\\/carnet-liege-caminho\\\/\",\"name\":\"Carnet en li\u00e8ge \u00e9cologique - \u00c9l\u00e9gant, durable et inspirant - L&#039;Atelier du Li\u00e8ge\",\"isPartOf\":{\"@id\":\"https:\\\/\\\/latelierduliege.com\\\/#website\"},\"primaryImageOfPage\":{\"@id\":\"https:\\\/\\\/latelierduliege.com\\\/collection\\\/carnet-liege-caminho\\\/#primaryimage\"},\"image\":{\"@id\":\"https:\\\/\\\/latelierduliege.com\\\/collection\\\/carnet-liege-caminho\\\/#primaryimage\"},\"thumbnailUrl\":\"https:\\\/\\\/latelierduliege.com\\\/wp-content\\\/uploads\\\/2025\\\/01\\\/c503bd6bd41bde6691e95061a4e65fccc51233e5d7c91c76932d15f2103cc20d.jpg\",\"datePublished\":\"2025-01-25T16:35:32+00:00\",\"dateModified\":\"2026-04-15T19:27:28+00:00\",\"description\":\"Carnet en li\u00e8ge Caminho : compact, l\u00e9ger et durable. Disponible en 10 motifs uniques, parfait pour vos notes, journaling et voyages.\",\"breadcrumb\":{\"@id\":\"https:\\\/\\\/latelierduliege.com\\\/collection\\\/carnet-liege-caminho\\\/#breadcrumb\"},\"inLanguage\":\"it-IT\",\"potentialAction\":[{\"@type\":\"ReadAction\",\"target\":[\"https:\\\/\\\/latelierduliege.com\\\/collection\\\/carnet-liege-caminho\\\/\"]}]},{\"@type\":\"ImageObject\",\"inLanguage\":\"it-IT\",\"@id\":\"https:\\\/\\\/latelierduliege.com\\\/collection\\\/carnet-liege-caminho\\\/#primaryimage\",\"url\":\"https:\\\/\\\/latelierduliege.com\\\/wp-content\\\/uploads\\\/2025\\\/01\\\/c503bd6bd41bde6691e95061a4e65fccc51233e5d7c91c76932d15f2103cc20d.jpg\",\"contentUrl\":\"https:\\\/\\\/latelierduliege.com\\\/wp-content\\\/uploads\\\/2025\\\/01\\\/c503bd6bd41bde6691e95061a4e65fccc51233e5d7c91c76932d15f2103cc20d.jpg\",\"width\":994,\"height\":994,\"caption\":\"Img\"},{\"@type\":\"BreadcrumbList\",\"@id\":\"https:\\\/\\\/latelierduliege.com\\\/collection\\\/carnet-liege-caminho\\\/#breadcrumb\",\"itemListElement\":[{\"@type\":\"ListItem\",\"position\":1,\"name\":\"Home\",\"item\":\"https:\\\/\\\/latelierduliege.com\\\/\"},{\"@type\":\"ListItem\",\"position\":2,\"name\":\"Boutique\",\"item\":\"https:\\\/\\\/latelierduliege.com\\\/boutique-liege\\\/\"},{\"@type\":\"ListItem\",\"position\":3,\"name\":\"Carnet en li\u00e8ge \u00ab Caminho \u00bb \u2013 \u00c9l\u00e9gant, durable et inspirant\"}]},{\"@type\":\"WebSite\",\"@id\":\"https:\\\/\\\/latelierduliege.com\\\/#website\",\"url\":\"https:\\\/\\\/latelierduliege.com\\\/\",\"name\":\"L'Atelier du Li\u00e8ge\",\"description\":\"Ecoresponsable par nature\",\"potentialAction\":[{\"@type\":\"SearchAction\",\"target\":{\"@type\":\"EntryPoint\",\"urlTemplate\":\"https:\\\/\\\/latelierduliege.com\\\/?s={search_term_string}\"},\"query-input\":{\"@type\":\"PropertyValueSpecification\",\"valueRequired\":true,\"valueName\":\"search_term_string\"}}],\"inLanguage\":\"it-IT\"}]}<\/script>\n<!-- \/ Yoast SEO plugin. -->","yoast_head_json":{"title":"Carnet en li\u00e8ge \u00e9cologique - \u00c9l\u00e9gant, durable et inspirant - L&#039;Atelier du Li\u00e8ge","description":"Carnet en li\u00e8ge Caminho : compact, l\u00e9ger et durable. Disponible en 10 motifs uniques, parfait pour vos notes, journaling et voyages.","robots":{"index":"index","follow":"follow","max-snippet":"max-snippet:-1","max-image-preview":"max-image-preview:large","max-video-preview":"max-video-preview:-1"},"canonical":"https:\/\/latelierduliege.com\/it\/collection\/carnet-liege-caminho\/","og_locale":"it_IT","og_type":"article","og_title":"Carnet en li\u00e8ge \u00e9cologique - \u00c9l\u00e9gant, durable et inspirant - L&#039;Atelier du Li\u00e8ge","og_description":"Carnet en li\u00e8ge Caminho : compact, l\u00e9ger et durable. Disponible en 10 motifs uniques, parfait pour vos notes, journaling et voyages.","og_url":"https:\/\/latelierduliege.com\/it\/collection\/carnet-liege-caminho\/","og_site_name":"L&#039;Atelier du Li\u00e8ge","article_publisher":"https:\/\/www.facebook.com","article_modified_time":"2026-04-15T19:27:28+00:00","og_image":[{"width":994,"height":994,"url":"https:\/\/latelierduliege.com\/wp-content\/uploads\/2025\/01\/c503bd6bd41bde6691e95061a4e65fccc51233e5d7c91c76932d15f2103cc20d.jpg","type":"image\/jpeg"}],"twitter_card":"summary_large_image","twitter_misc":{"Tempo di lettura stimato":"2 minuti"},"schema":{"@context":"https:\/\/schema.org","@graph":[{"@type":"WebPage","@id":"https:\/\/latelierduliege.com\/collection\/carnet-liege-caminho\/","url":"https:\/\/latelierduliege.com\/collection\/carnet-liege-caminho\/","name":"Carnet en li\u00e8ge \u00e9cologique - \u00c9l\u00e9gant, durable et inspirant - L&#039;Atelier du Li\u00e8ge","isPartOf":{"@id":"https:\/\/latelierduliege.com\/#website"},"primaryImageOfPage":{"@id":"https:\/\/latelierduliege.com\/collection\/carnet-liege-caminho\/#primaryimage"},"image":{"@id":"https:\/\/latelierduliege.com\/collection\/carnet-liege-caminho\/#primaryimage"},"thumbnailUrl":"https:\/\/latelierduliege.com\/wp-content\/uploads\/2025\/01\/c503bd6bd41bde6691e95061a4e65fccc51233e5d7c91c76932d15f2103cc20d.jpg","datePublished":"2025-01-25T16:35:32+00:00","dateModified":"2026-04-15T19:27:28+00:00","description":"Carnet en li\u00e8ge Caminho : compact, l\u00e9ger et durable. Disponible en 10 motifs uniques, parfait pour vos notes, journaling et voyages.","breadcrumb":{"@id":"https:\/\/latelierduliege.com\/collection\/carnet-liege-caminho\/#breadcrumb"},"inLanguage":"it-IT","potentialAction":[{"@type":"ReadAction","target":["https:\/\/latelierduliege.com\/collection\/carnet-liege-caminho\/"]}]},{"@type":"ImageObject","inLanguage":"it-IT","@id":"https:\/\/latelierduliege.com\/collection\/carnet-liege-caminho\/#primaryimage","url":"https:\/\/latelierduliege.com\/wp-content\/uploads\/2025\/01\/c503bd6bd41bde6691e95061a4e65fccc51233e5d7c91c76932d15f2103cc20d.jpg","contentUrl":"https:\/\/latelierduliege.com\/wp-content\/uploads\/2025\/01\/c503bd6bd41bde6691e95061a4e65fccc51233e5d7c91c76932d15f2103cc20d.jpg","width":994,"height":994,"caption":"Img"},{"@type":"BreadcrumbList","@id":"https:\/\/latelierduliege.com\/collection\/carnet-liege-caminho\/#breadcrumb","itemListElement":[{"@type":"ListItem","position":1,"name":"Home","item":"https:\/\/latelierduliege.com\/"},{"@type":"ListItem","position":2,"name":"Boutique","item":"https:\/\/latelierduliege.com\/boutique-liege\/"},{"@type":"ListItem","position":3,"name":"Carnet en li\u00e8ge \u00ab Caminho \u00bb \u2013 \u00c9l\u00e9gant, durable et inspirant"}]},{"@type":"WebSite","@id":"https:\/\/latelierduliege.com\/#website","url":"https:\/\/latelierduliege.com\/","name":"L'Atelier du Li\u00e8ge","description":"Ecoresponsable par nature","potentialAction":[{"@type":"SearchAction","target":{"@type":"EntryPoint","urlTemplate":"https:\/\/latelierduliege.com\/?s={search_term_string}"},"query-input":{"@type":"PropertyValueSpecification","valueRequired":true,"valueName":"search_term_string"}}],"inLanguage":"it-IT"}]}},"brands":[{"id":267,"name":"L'Atelier du Li\u00e8ge","slug":"atelier-du-liege"}],"_links":{"self":[{"href":"https:\/\/latelierduliege.com\/it\/wp-json\/wp\/v2\/product\/11700","targetHints":{"allow":["GET"]}}],"collection":[{"href":"https:\/\/latelierduliege.com\/it\/wp-json\/wp\/v2\/product"}],"about":[{"href":"https:\/\/latelierduliege.com\/it\/wp-json\/wp\/v2\/types\/product"}],"replies":[{"embeddable":true,"href":"https:\/\/latelierduliege.com\/it\/wp-json\/wp\/v2\/comments?post=11700"}],"wp:featuredmedia":[{"embeddable":true,"href":"https:\/\/latelierduliege.com\/it\/wp-json\/wp\/v2\/media\/11683"}],"wp:attachment":[{"href":"https:\/\/latelierduliege.com\/it\/wp-json\/wp\/v2\/media?parent=11700"}],"wp:term":[{"taxonomy":"pwb-brand","embeddable":true,"href":"https:\/\/latelierduliege.com\/it\/wp-json\/wp\/v2\/pwb-brand?post=11700"},{"taxonomy":"product_brand","embeddable":true,"href":"https:\/\/latelierduliege.com\/it\/wp-json\/wp\/v2\/product_brand?post=11700"},{"taxonomy":"product_cat","embeddable":true,"href":"https:\/\/latelierduliege.com\/it\/wp-json\/wp\/v2\/product_cat?post=11700"},{"taxonomy":"product_tag","embeddable":true,"href":"https:\/\/latelierduliege.com\/it\/wp-json\/wp\/v2\/product_tag?post=11700"}],"curies":[{"name":"wp","href":"https:\/\/api.w.org\/{rel}","templated":true}]}}