{"id":11727,"date":"2025-01-25T20:03:12","date_gmt":"2025-01-25T20:03:12","guid":{"rendered":"https:\/\/latelierduliege.com\/collection\/buy-1-get-1-free-brown-cork-men-belt-vegan-belt-mens-natural-leather-belt-l-853-b\/"},"modified":"2026-04-15T16:09:21","modified_gmt":"2026-04-15T14:09:21","slug":"ceinture-liege-homme-raiz","status":"publish","type":"product","link":"https:\/\/latelierduliege.com\/it\/collection\/ceinture-liege-homme-raiz\/","title":{"rendered":"Ceinture en li\u00e8ge \u00ab Raiz \u00bb pour homme \u2013 \u00c9l\u00e9gante, durable et v\u00e9gane"},"content":{"rendered":"<p>D\u00e9couvrez la ceinture en li\u00e8ge pour homme <strong>Raiz<\/strong>, con\u00e7ue pour les amateurs de style intemporel et de durabilit\u00e9. Fabriqu\u00e9e \u00e0 partir de li\u00e8ge naturel de haute qualit\u00e9, elle allie \u00e9l\u00e9gance et responsabilit\u00e9 \u00e9cologique.<\/p>\n<h3><strong>Caratteristiche principali :<\/strong><\/h3>\n<ul>\n<li><strong>Mat\u00e9riau durable et VEGAN<\/strong> : Le li\u00e8ge est r\u00e9colt\u00e9 de mani\u00e8re durable sans endommager les arbres, ce qui en fait une alternative \u00e9cologique au cuir.<\/li>\n<li><strong>Design \u00e9l\u00e9gant<\/strong> : La couleur brun fonc\u00e9 s\u2019associe parfaitement \u00e0 toutes vos tenues, des occasions formelles aux journ\u00e9es d\u00e9contract\u00e9es.<\/li>\n<li><strong>Confort optimal<\/strong> : Flexible, douce et r\u00e9sistante, cette ceinture est con\u00e7ue pour durer.<\/li>\n<li><strong>Taille ajustable<\/strong> : Disponible en 100 cm, 110 cm et 120 cm, avec une largeur de 3,3 cm (1,2 pouces).<\/li>\n<\/ul>\n<h3><strong>Pourquoi choisir la ceinture Raiz ?<\/strong><\/h3>\n<p>C\u2019est l\u2019occasion id\u00e9ale pour adopter un accessoire \u00e0 la fois pratique, \u00e9l\u00e9gant et respectueux de l\u2019environnement.<\/p>","protected":false},"excerpt":{"rendered":"<p>La ceinture en li\u00e8ge <strong>Raiz<\/strong> est l\u2019accessoire id\u00e9al pour allier \u00e9l\u00e9gance, durabilit\u00e9 et confort. ajoutez une touche \u00e9cologique et sophistiqu\u00e9e \u00e0 votre garde-robe.<\/p>\n<p><img loading=\"lazy\" decoding=\"async\" class=\"alignnone size-large wp-image-76\" src=\"https:\/\/latelierduliege.com\/wp-content\/uploads\/2026\/03\/Vantaggi-del-sughero-in-5-punti-2.png\" alt=\"\" width=\"1020\" height=\"682\" srcset=\"https:\/\/latelierduliege.com\/wp-content\/uploads\/2026\/03\/Vantaggi-del-sughero-in-5-punti-2.png 1536w, https:\/\/latelierduliege.com\/wp-content\/uploads\/2026\/03\/Vantaggi-del-sughero-in-5-punti-2-300x200.png 300w, https:\/\/latelierduliege.com\/wp-content\/uploads\/2026\/03\/Vantaggi-del-sughero-in-5-punti-2-1024x683.png 1024w, https:\/\/latelierduliege.com\/wp-content\/uploads\/2026\/03\/Vantaggi-del-sughero-in-5-punti-2-768x512.png 768w, https:\/\/latelierduliege.com\/wp-content\/uploads\/2026\/03\/Vantaggi-del-sughero-in-5-punti-2-18x12.png 18w, https:\/\/latelierduliege.com\/wp-content\/uploads\/2026\/03\/Vantaggi-del-sughero-in-5-punti-2-510x340.png 510w\" sizes=\"auto, (max-width: 1020px) 100vw, 1020px\" \/><\/p>","protected":false},"featured_media":11725,"comment_status":"open","ping_status":"closed","template":"","meta":[],"pwb-brand":[267],"product_brand":[],"product_cat":[15,308],"product_tag":[631,636,632,635],"class_list":{"0":"post-11727","1":"product","2":"type-product","3":"status-publish","4":"has-post-thumbnail","6":"pwb-brand-atelier-du-liege","7":"product_cat-accessoires-de-mode-liege","8":"product_cat-ceintures-homme","9":"product_tag-durable","10":"product_tag-ecoresponsable","11":"product_tag-mode-ethique","12":"product_tag-vegan","14":"first","15":"instock","16":"shipping-taxable","17":"purchasable","18":"product-type-variable"},"yoast_head":"<!-- This site is optimized with the Yoast SEO plugin v27.3 - https:\/\/yoast.com\/product\/yoast-seo-wordpress\/ -->\n<title>Ceinture en li\u00e8ge homme \u2013 \u00c9l\u00e9gance et durabilit\u00e9 - L&#039;Atelier du Li\u00e8ge<\/title>\n<meta name=\"description\" content=\"Ceinture Raiz en li\u00e8ge brun pour homme : \u00e9l\u00e9gante, durable et VEGAN. Offre sp\u00e9ciale : achetez-en 1, recevez-en 2 gratuitement !\" \/>\n<meta name=\"robots\" content=\"index, follow, max-snippet:-1, max-image-preview:large, max-video-preview:-1\" \/>\n<link rel=\"canonical\" href=\"https:\/\/latelierduliege.com\/it\/collection\/ceinture-liege-homme-raiz\/\" \/>\n<meta property=\"og:locale\" content=\"it_IT\" \/>\n<meta property=\"og:type\" content=\"article\" \/>\n<meta property=\"og:title\" content=\"Ceinture en li\u00e8ge homme \u2013 \u00c9l\u00e9gance et durabilit\u00e9 - L&#039;Atelier du Li\u00e8ge\" \/>\n<meta property=\"og:description\" content=\"Ceinture Raiz en li\u00e8ge brun pour homme : \u00e9l\u00e9gante, durable et VEGAN. Offre sp\u00e9ciale : achetez-en 1, recevez-en 2 gratuitement !\" \/>\n<meta property=\"og:url\" content=\"https:\/\/latelierduliege.com\/it\/collection\/ceinture-liege-homme-raiz\/\" \/>\n<meta property=\"og:site_name\" content=\"L&#039;Atelier du Li\u00e8ge\" \/>\n<meta property=\"article:publisher\" content=\"https:\/\/www.facebook.com\" \/>\n<meta property=\"article:modified_time\" content=\"2026-04-15T14:09:21+00:00\" \/>\n<meta property=\"og:image\" content=\"https:\/\/latelierduliege.com\/wp-content\/uploads\/2025\/01\/buy-1-get-free-brown-cork-men-belt-vegan-mens-natural-leather-l-853-b-flash-sales-488.jpg\" \/>\n\t<meta property=\"og:image:width\" content=\"1024\" \/>\n\t<meta property=\"og:image:height\" content=\"1024\" \/>\n\t<meta property=\"og:image:type\" content=\"image\/jpeg\" \/>\n<meta name=\"twitter:card\" content=\"summary_large_image\" \/>\n<meta name=\"twitter:label1\" content=\"Tempo di lettura stimato\" \/>\n\t<meta name=\"twitter:data1\" content=\"1 minuto\" \/>\n<script type=\"application\/ld+json\" class=\"yoast-schema-graph\">{\"@context\":\"https:\\\/\\\/schema.org\",\"@graph\":[{\"@type\":\"WebPage\",\"@id\":\"https:\\\/\\\/latelierduliege.com\\\/collection\\\/ceinture-liege-homme-raiz\\\/\",\"url\":\"https:\\\/\\\/latelierduliege.com\\\/collection\\\/ceinture-liege-homme-raiz\\\/\",\"name\":\"Ceinture en li\u00e8ge homme \u2013 \u00c9l\u00e9gance et durabilit\u00e9 - L&#039;Atelier du Li\u00e8ge\",\"isPartOf\":{\"@id\":\"https:\\\/\\\/latelierduliege.com\\\/#website\"},\"primaryImageOfPage\":{\"@id\":\"https:\\\/\\\/latelierduliege.com\\\/collection\\\/ceinture-liege-homme-raiz\\\/#primaryimage\"},\"image\":{\"@id\":\"https:\\\/\\\/latelierduliege.com\\\/collection\\\/ceinture-liege-homme-raiz\\\/#primaryimage\"},\"thumbnailUrl\":\"https:\\\/\\\/latelierduliege.com\\\/wp-content\\\/uploads\\\/2025\\\/01\\\/buy-1-get-free-brown-cork-men-belt-vegan-mens-natural-leather-l-853-b-flash-sales-488.jpg\",\"datePublished\":\"2025-01-25T20:03:12+00:00\",\"dateModified\":\"2026-04-15T14:09:21+00:00\",\"description\":\"Ceinture Raiz en li\u00e8ge brun pour homme : \u00e9l\u00e9gante, durable et VEGAN. Offre sp\u00e9ciale : achetez-en 1, recevez-en 2 gratuitement !\",\"breadcrumb\":{\"@id\":\"https:\\\/\\\/latelierduliege.com\\\/collection\\\/ceinture-liege-homme-raiz\\\/#breadcrumb\"},\"inLanguage\":\"it-IT\",\"potentialAction\":[{\"@type\":\"ReadAction\",\"target\":[\"https:\\\/\\\/latelierduliege.com\\\/collection\\\/ceinture-liege-homme-raiz\\\/\"]}]},{\"@type\":\"ImageObject\",\"inLanguage\":\"it-IT\",\"@id\":\"https:\\\/\\\/latelierduliege.com\\\/collection\\\/ceinture-liege-homme-raiz\\\/#primaryimage\",\"url\":\"https:\\\/\\\/latelierduliege.com\\\/wp-content\\\/uploads\\\/2025\\\/01\\\/buy-1-get-free-brown-cork-men-belt-vegan-mens-natural-leather-l-853-b-flash-sales-488.jpg\",\"contentUrl\":\"https:\\\/\\\/latelierduliege.com\\\/wp-content\\\/uploads\\\/2025\\\/01\\\/buy-1-get-free-brown-cork-men-belt-vegan-mens-natural-leather-l-853-b-flash-sales-488.jpg\",\"width\":1024,\"height\":1024,\"caption\":\"Img\"},{\"@type\":\"BreadcrumbList\",\"@id\":\"https:\\\/\\\/latelierduliege.com\\\/collection\\\/ceinture-liege-homme-raiz\\\/#breadcrumb\",\"itemListElement\":[{\"@type\":\"ListItem\",\"position\":1,\"name\":\"Home\",\"item\":\"https:\\\/\\\/latelierduliege.com\\\/\"},{\"@type\":\"ListItem\",\"position\":2,\"name\":\"Boutique\",\"item\":\"https:\\\/\\\/latelierduliege.com\\\/boutique-liege\\\/\"},{\"@type\":\"ListItem\",\"position\":3,\"name\":\"Ceinture en li\u00e8ge \u00ab Raiz \u00bb pour homme \u2013 \u00c9l\u00e9gante, durable et v\u00e9gane\"}]},{\"@type\":\"WebSite\",\"@id\":\"https:\\\/\\\/latelierduliege.com\\\/#website\",\"url\":\"https:\\\/\\\/latelierduliege.com\\\/\",\"name\":\"L'Atelier du Li\u00e8ge\",\"description\":\"Ecoresponsable par nature\",\"potentialAction\":[{\"@type\":\"SearchAction\",\"target\":{\"@type\":\"EntryPoint\",\"urlTemplate\":\"https:\\\/\\\/latelierduliege.com\\\/?s={search_term_string}\"},\"query-input\":{\"@type\":\"PropertyValueSpecification\",\"valueRequired\":true,\"valueName\":\"search_term_string\"}}],\"inLanguage\":\"it-IT\"}]}<\/script>\n<!-- \/ Yoast SEO plugin. -->","yoast_head_json":{"title":"Ceinture en li\u00e8ge homme \u2013 \u00c9l\u00e9gance et durabilit\u00e9 - L&#039;Atelier du Li\u00e8ge","description":"Ceinture Raiz en li\u00e8ge brun pour homme : \u00e9l\u00e9gante, durable et VEGAN. Offre sp\u00e9ciale : achetez-en 1, recevez-en 2 gratuitement !","robots":{"index":"index","follow":"follow","max-snippet":"max-snippet:-1","max-image-preview":"max-image-preview:large","max-video-preview":"max-video-preview:-1"},"canonical":"https:\/\/latelierduliege.com\/it\/collection\/ceinture-liege-homme-raiz\/","og_locale":"it_IT","og_type":"article","og_title":"Ceinture en li\u00e8ge homme \u2013 \u00c9l\u00e9gance et durabilit\u00e9 - L&#039;Atelier du Li\u00e8ge","og_description":"Ceinture Raiz en li\u00e8ge brun pour homme : \u00e9l\u00e9gante, durable et VEGAN. Offre sp\u00e9ciale : achetez-en 1, recevez-en 2 gratuitement !","og_url":"https:\/\/latelierduliege.com\/it\/collection\/ceinture-liege-homme-raiz\/","og_site_name":"L&#039;Atelier du Li\u00e8ge","article_publisher":"https:\/\/www.facebook.com","article_modified_time":"2026-04-15T14:09:21+00:00","og_image":[{"width":1024,"height":1024,"url":"https:\/\/latelierduliege.com\/wp-content\/uploads\/2025\/01\/buy-1-get-free-brown-cork-men-belt-vegan-mens-natural-leather-l-853-b-flash-sales-488.jpg","type":"image\/jpeg"}],"twitter_card":"summary_large_image","twitter_misc":{"Tempo di lettura stimato":"1 minuto"},"schema":{"@context":"https:\/\/schema.org","@graph":[{"@type":"WebPage","@id":"https:\/\/latelierduliege.com\/collection\/ceinture-liege-homme-raiz\/","url":"https:\/\/latelierduliege.com\/collection\/ceinture-liege-homme-raiz\/","name":"Ceinture en li\u00e8ge homme \u2013 \u00c9l\u00e9gance et durabilit\u00e9 - L&#039;Atelier du Li\u00e8ge","isPartOf":{"@id":"https:\/\/latelierduliege.com\/#website"},"primaryImageOfPage":{"@id":"https:\/\/latelierduliege.com\/collection\/ceinture-liege-homme-raiz\/#primaryimage"},"image":{"@id":"https:\/\/latelierduliege.com\/collection\/ceinture-liege-homme-raiz\/#primaryimage"},"thumbnailUrl":"https:\/\/latelierduliege.com\/wp-content\/uploads\/2025\/01\/buy-1-get-free-brown-cork-men-belt-vegan-mens-natural-leather-l-853-b-flash-sales-488.jpg","datePublished":"2025-01-25T20:03:12+00:00","dateModified":"2026-04-15T14:09:21+00:00","description":"Ceinture Raiz en li\u00e8ge brun pour homme : \u00e9l\u00e9gante, durable et VEGAN. Offre sp\u00e9ciale : achetez-en 1, recevez-en 2 gratuitement !","breadcrumb":{"@id":"https:\/\/latelierduliege.com\/collection\/ceinture-liege-homme-raiz\/#breadcrumb"},"inLanguage":"it-IT","potentialAction":[{"@type":"ReadAction","target":["https:\/\/latelierduliege.com\/collection\/ceinture-liege-homme-raiz\/"]}]},{"@type":"ImageObject","inLanguage":"it-IT","@id":"https:\/\/latelierduliege.com\/collection\/ceinture-liege-homme-raiz\/#primaryimage","url":"https:\/\/latelierduliege.com\/wp-content\/uploads\/2025\/01\/buy-1-get-free-brown-cork-men-belt-vegan-mens-natural-leather-l-853-b-flash-sales-488.jpg","contentUrl":"https:\/\/latelierduliege.com\/wp-content\/uploads\/2025\/01\/buy-1-get-free-brown-cork-men-belt-vegan-mens-natural-leather-l-853-b-flash-sales-488.jpg","width":1024,"height":1024,"caption":"Img"},{"@type":"BreadcrumbList","@id":"https:\/\/latelierduliege.com\/collection\/ceinture-liege-homme-raiz\/#breadcrumb","itemListElement":[{"@type":"ListItem","position":1,"name":"Home","item":"https:\/\/latelierduliege.com\/"},{"@type":"ListItem","position":2,"name":"Boutique","item":"https:\/\/latelierduliege.com\/boutique-liege\/"},{"@type":"ListItem","position":3,"name":"Ceinture en li\u00e8ge \u00ab Raiz \u00bb pour homme \u2013 \u00c9l\u00e9gante, durable et v\u00e9gane"}]},{"@type":"WebSite","@id":"https:\/\/latelierduliege.com\/#website","url":"https:\/\/latelierduliege.com\/","name":"L'Atelier du Li\u00e8ge","description":"Ecoresponsable par nature","potentialAction":[{"@type":"SearchAction","target":{"@type":"EntryPoint","urlTemplate":"https:\/\/latelierduliege.com\/?s={search_term_string}"},"query-input":{"@type":"PropertyValueSpecification","valueRequired":true,"valueName":"search_term_string"}}],"inLanguage":"it-IT"}]}},"brands":[{"id":267,"name":"L'Atelier du Li\u00e8ge","slug":"atelier-du-liege"}],"_links":{"self":[{"href":"https:\/\/latelierduliege.com\/it\/wp-json\/wp\/v2\/product\/11727","targetHints":{"allow":["GET"]}}],"collection":[{"href":"https:\/\/latelierduliege.com\/it\/wp-json\/wp\/v2\/product"}],"about":[{"href":"https:\/\/latelierduliege.com\/it\/wp-json\/wp\/v2\/types\/product"}],"replies":[{"embeddable":true,"href":"https:\/\/latelierduliege.com\/it\/wp-json\/wp\/v2\/comments?post=11727"}],"wp:featuredmedia":[{"embeddable":true,"href":"https:\/\/latelierduliege.com\/it\/wp-json\/wp\/v2\/media\/11725"}],"wp:attachment":[{"href":"https:\/\/latelierduliege.com\/it\/wp-json\/wp\/v2\/media?parent=11727"}],"wp:term":[{"taxonomy":"pwb-brand","embeddable":true,"href":"https:\/\/latelierduliege.com\/it\/wp-json\/wp\/v2\/pwb-brand?post=11727"},{"taxonomy":"product_brand","embeddable":true,"href":"https:\/\/latelierduliege.com\/it\/wp-json\/wp\/v2\/product_brand?post=11727"},{"taxonomy":"product_cat","embeddable":true,"href":"https:\/\/latelierduliege.com\/it\/wp-json\/wp\/v2\/product_cat?post=11727"},{"taxonomy":"product_tag","embeddable":true,"href":"https:\/\/latelierduliege.com\/it\/wp-json\/wp\/v2\/product_tag?post=11727"}],"curies":[{"name":"wp","href":"https:\/\/api.w.org\/{rel}","templated":true}]}}