{"id":11878,"date":"2025-03-31T15:18:07","date_gmt":"2025-03-31T15:18:07","guid":{"rendered":"https:\/\/latelierduliege.com\/collection\/patchwork-stitched-printed-cork-long-wallet-bagd-591\/"},"modified":"2026-04-09T12:43:28","modified_gmt":"2026-04-09T10:43:28","slug":"portefeuille-en-liege-femme-alegria","status":"publish","type":"product","link":"https:\/\/latelierduliege.com\/it\/collection\/portefeuille-en-liege-femme-alegria\/","title":{"rendered":"Portefeuille \u00ab Alegria \u00bb pour femme \u2013 Patchwork color\u00e9, \u00e9l\u00e9gant et \u00e9co-responsable"},"content":{"rendered":"<h4 class=\"\" data-start=\"868\" data-end=\"917\">\u00c9l\u00e9gance, \u00e9thique et couleur au quotidien<\/h4>\n<p class=\"\" data-start=\"919\" data-end=\"1283\">Il <strong data-start=\"922\" data-end=\"966\">portefeuille en li\u00e8ge pour femme Alegria<\/strong> marie \u00e0 la perfection <strong data-start=\"989\" data-end=\"1036\">artisanat traditionnel et modernit\u00e9 durable<\/strong>. Pens\u00e9 pour les femmes soucieuses de leur style comme de l\u2019environnement, ce portefeuille en li\u00e8ge offre un design patchwork cousu, compos\u00e9 de motifs floraux et g\u00e9om\u00e9triques. Chaque mod\u00e8le est unique, color\u00e9, et empreint d\u2019une joie communicative.<\/p>\n<h4 class=\"\" data-start=\"1285\" data-end=\"1337\">Organisation pratique et silhouette \u00e9l\u00e9gante<\/h4>\n<p class=\"\" data-start=\"1339\" data-end=\"1396\">Fonctionnel sans compromettre le style, Alegria propose :<\/p>\n<ul data-start=\"1397\" data-end=\"1676\">\n<li class=\"\" data-start=\"1397\" data-end=\"1454\">\n<p class=\"\" data-start=\"1399\" data-end=\"1454\"><strong data-start=\"1399\" data-end=\"1431\">Plusieurs fentes pour cartes<\/strong> de cr\u00e9dit et fid\u00e9lit\u00e9,<\/p>\n<\/li>\n<li class=\"\" data-start=\"1455\" data-end=\"1501\">\n<p class=\"\" data-start=\"1457\" data-end=\"1501\"><strong data-start=\"1457\" data-end=\"1487\">Compartiments pour billets<\/strong> bien s\u00e9par\u00e9s,<\/p>\n<\/li>\n<li class=\"\" data-start=\"1502\" data-end=\"1543\">\n<p class=\"\" data-start=\"1504\" data-end=\"1543\">Une <strong data-start=\"1508\" data-end=\"1540\">poche zipp\u00e9e pour la monnaie<\/strong>,<\/p>\n<\/li>\n<li class=\"\" data-start=\"1544\" data-end=\"1611\">\n<p class=\"\" data-start=\"1546\" data-end=\"1611\">Un <strong data-start=\"1549\" data-end=\"1578\">fermoir \u00e0 bouton-pression<\/strong> avec un d\u00e9tail floral raffin\u00e9,<\/p>\n<\/li>\n<li class=\"\" data-start=\"1612\" data-end=\"1676\">\n<p class=\"\" data-start=\"1614\" data-end=\"1676\">Des <strong data-start=\"1618\" data-end=\"1648\">fermetures zipp\u00e9es solides<\/strong> pour une durabilit\u00e9 accrue.<\/p>\n<\/li>\n<\/ul>\n<p class=\"\" data-start=\"1678\" data-end=\"1793\">Parfait pour une utilisation quotidienne, ce portefeuille permet de tout organiser dans une forme fine et \u00e9l\u00e9gante.<\/p>\n<h4 class=\"\" data-start=\"1795\" data-end=\"1826\">Un mat\u00e9riau responsable<\/h4>\n<p class=\"\" data-start=\"1828\" data-end=\"2079\">Ce portefeuille est con\u00e7u en <strong data-start=\"1857\" data-end=\"1874\">li\u00e8ge naturel<\/strong>, une mati\u00e8re innovante et \u00e9cologique. Il est <strong data-start=\"1920\" data-end=\"1955\">l\u00e9ger, vegan, r\u00e9sistant \u00e0 l\u2019eau<\/strong> et agr\u00e9able au toucher. Le li\u00e8ge est r\u00e9colt\u00e9 sans nuire aux arbres, ce qui en fait une alternative parfaite au cuir animal.<\/p>\n<h4 class=\"\" data-start=\"2081\" data-end=\"2106\">D\u00e9tails pratiques<\/h4>\n<ul data-start=\"2107\" data-end=\"2229\">\n<li class=\"\" data-start=\"2107\" data-end=\"2150\">\n<p class=\"\" data-start=\"2109\" data-end=\"2150\"><strong data-start=\"2109\" data-end=\"2123\">Dimensioni<\/strong> : env. 20 cm de longueur<\/p>\n<\/li>\n<li class=\"\" data-start=\"2151\" data-end=\"2229\">\n<p class=\"\" data-start=\"2153\" data-end=\"2229\"><strong data-start=\"2153\" data-end=\"2164\">Coloris<\/strong> : Patchwork floral et g\u00e9om\u00e9trique, chaque pi\u00e8ce est diff\u00e9rente<\/p>\n<\/li>\n<\/ul>\n<h4 class=\"\" data-start=\"2231\" data-end=\"2254\">\u267b\ufe0f Un choix engag\u00e9<\/h4>\n<p class=\"\" data-start=\"2256\" data-end=\"2404\">Choisir un <strong data-start=\"2267\" data-end=\"2303\">portefeuille en li\u00e8ge pour femme<\/strong> comme Alegria, c\u2019est adopter un style \u00e9thique, respectueux de la plan\u00e8te et r\u00e9solument contemporain.<\/p>\n<h4 class=\"\" data-start=\"2406\" data-end=\"2436\">Vous aimerez aussi :<\/h4>\n<p class=\"\" data-start=\"2437\" data-end=\"2534\">D\u00e9couvrez notre <a class=\"\" href=\"https:\/\/latelierduliege.com\/it\/collection\/sac-bandouliere-flora-liege-imprime-floral\/\" rel=\"noopener\" data-start=\"2453\" data-end=\"2480\">portefeuille \u00ab Flora \u00bb<\/a> au format compact, \u00e9galement en li\u00e8ge imprim\u00e9 floral.<\/p>\n<h4 class=\"\" data-start=\"2536\" data-end=\"2560\">\u00c0 lire aussi :<\/h4>\n<p class=\"\" data-start=\"2561\" data-end=\"2609\"><a class=\"\" href=\"https:\/\/latelierduliege.com\/it\/pourquoi-choisir-des-produits-en-liege-un-choix-durable-et-ecologique\/\" rel=\"noopener\" data-start=\"2561\" data-end=\"2609\">Pourquoi adopter des accessoires en li\u00e8ge ?<\/a><\/p>","protected":false},"excerpt":{"rendered":"<p class=\"\" data-start=\"576\" data-end=\"767\">Il <strong data-start=\"579\" data-end=\"623\">portefeuille en li\u00e8ge pour femme Alegria<\/strong> est l\u2019accessoire parfait pour allier style, \u00e9thique et praticit\u00e9. Un patchwork vibrant, un int\u00e9rieur bien pens\u00e9 et une mati\u00e8re 100 % naturelle.<\/p>\n<p class=\"\" data-start=\"2954\" data-end=\"3056\"><strong>Apportez de la couleur \u00e0 votre quotidien \u2013 Adoptez le portefeuille en li\u00e8ge Alegria d\u00e8s maintenant !<\/strong><\/p>\n<p><img loading=\"lazy\" decoding=\"async\" class=\"alignnone size-large wp-image-76\" src=\"https:\/\/latelierduliege.com\/wp-content\/uploads\/2026\/03\/Vantaggi-del-sughero-in-5-punti-2.png\" alt=\"\" width=\"1020\" height=\"682\" srcset=\"https:\/\/latelierduliege.com\/wp-content\/uploads\/2026\/03\/Vantaggi-del-sughero-in-5-punti-2.png 1536w, https:\/\/latelierduliege.com\/wp-content\/uploads\/2026\/03\/Vantaggi-del-sughero-in-5-punti-2-300x200.png 300w, https:\/\/latelierduliege.com\/wp-content\/uploads\/2026\/03\/Vantaggi-del-sughero-in-5-punti-2-1024x683.png 1024w, https:\/\/latelierduliege.com\/wp-content\/uploads\/2026\/03\/Vantaggi-del-sughero-in-5-punti-2-768x512.png 768w, https:\/\/latelierduliege.com\/wp-content\/uploads\/2026\/03\/Vantaggi-del-sughero-in-5-punti-2-18x12.png 18w, https:\/\/latelierduliege.com\/wp-content\/uploads\/2026\/03\/Vantaggi-del-sughero-in-5-punti-2-510x340.png 510w\" sizes=\"auto, (max-width: 1020px) 100vw, 1020px\" \/><\/p>","protected":false},"featured_media":11862,"comment_status":"open","ping_status":"closed","template":"","meta":[],"pwb-brand":[267],"product_brand":[],"product_cat":[553,621,189],"product_tag":[],"class_list":{"0":"post-11878","1":"product","2":"type-product","3":"status-publish","4":"has-post-thumbnail","6":"pwb-brand-atelier-du-liege","7":"product_cat-nouveautes-accessoires-liege","8":"product_cat-portefeuilles-liege","9":"product_cat-portefeuilles-liege-portefeuilles-liege","11":"first","12":"instock","13":"shipping-taxable","14":"purchasable","15":"product-type-variable"},"yoast_head":"<!-- This site is optimized with the Yoast SEO plugin v27.3 - https:\/\/yoast.com\/product\/yoast-seo-wordpress\/ -->\n<title>Portefeuille \u00ab Alegria \u00bb en li\u00e8ge pour femme - L&#039;Atelier du Li\u00e8ge<\/title>\n<meta name=\"description\" content=\"Portefeuille en li\u00e8ge pour femme Alegria : un patchwork color\u00e9, vegan, pratique et \u00e9co-responsable. Un accessoire unique au style affirm\u00e9.\" \/>\n<meta name=\"robots\" content=\"index, follow, max-snippet:-1, max-image-preview:large, max-video-preview:-1\" \/>\n<link rel=\"canonical\" href=\"https:\/\/latelierduliege.com\/it\/collection\/portefeuille-en-liege-femme-alegria\/\" \/>\n<meta property=\"og:locale\" content=\"it_IT\" \/>\n<meta property=\"og:type\" content=\"article\" \/>\n<meta property=\"og:title\" content=\"Portefeuille \u00ab Alegria \u00bb en li\u00e8ge pour femme - L&#039;Atelier du Li\u00e8ge\" \/>\n<meta property=\"og:description\" content=\"Portefeuille en li\u00e8ge pour femme Alegria : un patchwork color\u00e9, vegan, pratique et \u00e9co-responsable. Un accessoire unique au style affirm\u00e9.\" \/>\n<meta property=\"og:url\" content=\"https:\/\/latelierduliege.com\/it\/collection\/portefeuille-en-liege-femme-alegria\/\" \/>\n<meta property=\"og:site_name\" content=\"L&#039;Atelier du Li\u00e8ge\" \/>\n<meta property=\"article:publisher\" content=\"https:\/\/www.facebook.com\" \/>\n<meta property=\"article:modified_time\" content=\"2026-04-09T10:43:28+00:00\" \/>\n<meta property=\"og:image\" content=\"https:\/\/latelierduliege.com\/wp-content\/uploads\/2025\/03\/3_d9aa2c4c-6057-4461-84e6-d78d53ca726b.jpg\" \/>\n\t<meta property=\"og:image:width\" content=\"1200\" \/>\n\t<meta property=\"og:image:height\" content=\"1200\" \/>\n\t<meta property=\"og:image:type\" content=\"image\/jpeg\" \/>\n<meta name=\"twitter:card\" content=\"summary_large_image\" \/>\n<meta name=\"twitter:label1\" content=\"Tempo di lettura stimato\" \/>\n\t<meta name=\"twitter:data1\" content=\"2 minuti\" \/>\n<script type=\"application\/ld+json\" class=\"yoast-schema-graph\">{\"@context\":\"https:\\\/\\\/schema.org\",\"@graph\":[{\"@type\":\"WebPage\",\"@id\":\"https:\\\/\\\/latelierduliege.com\\\/collection\\\/portefeuille-en-liege-femme-alegria\\\/\",\"url\":\"https:\\\/\\\/latelierduliege.com\\\/collection\\\/portefeuille-en-liege-femme-alegria\\\/\",\"name\":\"Portefeuille \u00ab Alegria \u00bb en li\u00e8ge pour femme - L&#039;Atelier du Li\u00e8ge\",\"isPartOf\":{\"@id\":\"https:\\\/\\\/latelierduliege.com\\\/#website\"},\"primaryImageOfPage\":{\"@id\":\"https:\\\/\\\/latelierduliege.com\\\/collection\\\/portefeuille-en-liege-femme-alegria\\\/#primaryimage\"},\"image\":{\"@id\":\"https:\\\/\\\/latelierduliege.com\\\/collection\\\/portefeuille-en-liege-femme-alegria\\\/#primaryimage\"},\"thumbnailUrl\":\"https:\\\/\\\/latelierduliege.com\\\/wp-content\\\/uploads\\\/2025\\\/03\\\/3_d9aa2c4c-6057-4461-84e6-d78d53ca726b.jpg\",\"datePublished\":\"2025-03-31T15:18:07+00:00\",\"dateModified\":\"2026-04-09T10:43:28+00:00\",\"description\":\"Portefeuille en li\u00e8ge pour femme Alegria : un patchwork color\u00e9, vegan, pratique et \u00e9co-responsable. Un accessoire unique au style affirm\u00e9.\",\"breadcrumb\":{\"@id\":\"https:\\\/\\\/latelierduliege.com\\\/collection\\\/portefeuille-en-liege-femme-alegria\\\/#breadcrumb\"},\"inLanguage\":\"it-IT\",\"potentialAction\":[{\"@type\":\"ReadAction\",\"target\":[\"https:\\\/\\\/latelierduliege.com\\\/collection\\\/portefeuille-en-liege-femme-alegria\\\/\"]}]},{\"@type\":\"ImageObject\",\"inLanguage\":\"it-IT\",\"@id\":\"https:\\\/\\\/latelierduliege.com\\\/collection\\\/portefeuille-en-liege-femme-alegria\\\/#primaryimage\",\"url\":\"https:\\\/\\\/latelierduliege.com\\\/wp-content\\\/uploads\\\/2025\\\/03\\\/3_d9aa2c4c-6057-4461-84e6-d78d53ca726b.jpg\",\"contentUrl\":\"https:\\\/\\\/latelierduliege.com\\\/wp-content\\\/uploads\\\/2025\\\/03\\\/3_d9aa2c4c-6057-4461-84e6-d78d53ca726b.jpg\",\"width\":1200,\"height\":1200},{\"@type\":\"BreadcrumbList\",\"@id\":\"https:\\\/\\\/latelierduliege.com\\\/collection\\\/portefeuille-en-liege-femme-alegria\\\/#breadcrumb\",\"itemListElement\":[{\"@type\":\"ListItem\",\"position\":1,\"name\":\"Home\",\"item\":\"https:\\\/\\\/latelierduliege.com\\\/\"},{\"@type\":\"ListItem\",\"position\":2,\"name\":\"Boutique\",\"item\":\"https:\\\/\\\/latelierduliege.com\\\/boutique-liege\\\/\"},{\"@type\":\"ListItem\",\"position\":3,\"name\":\"Portefeuille \u00ab Alegria \u00bb pour femme \u2013 Patchwork color\u00e9, \u00e9l\u00e9gant et \u00e9co-responsable\"}]},{\"@type\":\"WebSite\",\"@id\":\"https:\\\/\\\/latelierduliege.com\\\/#website\",\"url\":\"https:\\\/\\\/latelierduliege.com\\\/\",\"name\":\"L'Atelier du Li\u00e8ge\",\"description\":\"Ecoresponsable par nature\",\"potentialAction\":[{\"@type\":\"SearchAction\",\"target\":{\"@type\":\"EntryPoint\",\"urlTemplate\":\"https:\\\/\\\/latelierduliege.com\\\/?s={search_term_string}\"},\"query-input\":{\"@type\":\"PropertyValueSpecification\",\"valueRequired\":true,\"valueName\":\"search_term_string\"}}],\"inLanguage\":\"it-IT\"}]}<\/script>\n<!-- \/ Yoast SEO plugin. -->","yoast_head_json":{"title":"Portefeuille \u00ab Alegria \u00bb en li\u00e8ge pour femme - L&#039;Atelier du Li\u00e8ge","description":"Portefeuille en li\u00e8ge pour femme Alegria : un patchwork color\u00e9, vegan, pratique et \u00e9co-responsable. Un accessoire unique au style affirm\u00e9.","robots":{"index":"index","follow":"follow","max-snippet":"max-snippet:-1","max-image-preview":"max-image-preview:large","max-video-preview":"max-video-preview:-1"},"canonical":"https:\/\/latelierduliege.com\/it\/collection\/portefeuille-en-liege-femme-alegria\/","og_locale":"it_IT","og_type":"article","og_title":"Portefeuille \u00ab Alegria \u00bb en li\u00e8ge pour femme - L&#039;Atelier du Li\u00e8ge","og_description":"Portefeuille en li\u00e8ge pour femme Alegria : un patchwork color\u00e9, vegan, pratique et \u00e9co-responsable. Un accessoire unique au style affirm\u00e9.","og_url":"https:\/\/latelierduliege.com\/it\/collection\/portefeuille-en-liege-femme-alegria\/","og_site_name":"L&#039;Atelier du Li\u00e8ge","article_publisher":"https:\/\/www.facebook.com","article_modified_time":"2026-04-09T10:43:28+00:00","og_image":[{"width":1200,"height":1200,"url":"https:\/\/latelierduliege.com\/wp-content\/uploads\/2025\/03\/3_d9aa2c4c-6057-4461-84e6-d78d53ca726b.jpg","type":"image\/jpeg"}],"twitter_card":"summary_large_image","twitter_misc":{"Tempo di lettura stimato":"2 minuti"},"schema":{"@context":"https:\/\/schema.org","@graph":[{"@type":"WebPage","@id":"https:\/\/latelierduliege.com\/collection\/portefeuille-en-liege-femme-alegria\/","url":"https:\/\/latelierduliege.com\/collection\/portefeuille-en-liege-femme-alegria\/","name":"Portefeuille \u00ab Alegria \u00bb en li\u00e8ge pour femme - L&#039;Atelier du Li\u00e8ge","isPartOf":{"@id":"https:\/\/latelierduliege.com\/#website"},"primaryImageOfPage":{"@id":"https:\/\/latelierduliege.com\/collection\/portefeuille-en-liege-femme-alegria\/#primaryimage"},"image":{"@id":"https:\/\/latelierduliege.com\/collection\/portefeuille-en-liege-femme-alegria\/#primaryimage"},"thumbnailUrl":"https:\/\/latelierduliege.com\/wp-content\/uploads\/2025\/03\/3_d9aa2c4c-6057-4461-84e6-d78d53ca726b.jpg","datePublished":"2025-03-31T15:18:07+00:00","dateModified":"2026-04-09T10:43:28+00:00","description":"Portefeuille en li\u00e8ge pour femme Alegria : un patchwork color\u00e9, vegan, pratique et \u00e9co-responsable. Un accessoire unique au style affirm\u00e9.","breadcrumb":{"@id":"https:\/\/latelierduliege.com\/collection\/portefeuille-en-liege-femme-alegria\/#breadcrumb"},"inLanguage":"it-IT","potentialAction":[{"@type":"ReadAction","target":["https:\/\/latelierduliege.com\/collection\/portefeuille-en-liege-femme-alegria\/"]}]},{"@type":"ImageObject","inLanguage":"it-IT","@id":"https:\/\/latelierduliege.com\/collection\/portefeuille-en-liege-femme-alegria\/#primaryimage","url":"https:\/\/latelierduliege.com\/wp-content\/uploads\/2025\/03\/3_d9aa2c4c-6057-4461-84e6-d78d53ca726b.jpg","contentUrl":"https:\/\/latelierduliege.com\/wp-content\/uploads\/2025\/03\/3_d9aa2c4c-6057-4461-84e6-d78d53ca726b.jpg","width":1200,"height":1200},{"@type":"BreadcrumbList","@id":"https:\/\/latelierduliege.com\/collection\/portefeuille-en-liege-femme-alegria\/#breadcrumb","itemListElement":[{"@type":"ListItem","position":1,"name":"Home","item":"https:\/\/latelierduliege.com\/"},{"@type":"ListItem","position":2,"name":"Boutique","item":"https:\/\/latelierduliege.com\/boutique-liege\/"},{"@type":"ListItem","position":3,"name":"Portefeuille \u00ab Alegria \u00bb pour femme \u2013 Patchwork color\u00e9, \u00e9l\u00e9gant et \u00e9co-responsable"}]},{"@type":"WebSite","@id":"https:\/\/latelierduliege.com\/#website","url":"https:\/\/latelierduliege.com\/","name":"L'Atelier du Li\u00e8ge","description":"Ecoresponsable par nature","potentialAction":[{"@type":"SearchAction","target":{"@type":"EntryPoint","urlTemplate":"https:\/\/latelierduliege.com\/?s={search_term_string}"},"query-input":{"@type":"PropertyValueSpecification","valueRequired":true,"valueName":"search_term_string"}}],"inLanguage":"it-IT"}]}},"brands":[{"id":267,"name":"L'Atelier du Li\u00e8ge","slug":"atelier-du-liege"}],"_links":{"self":[{"href":"https:\/\/latelierduliege.com\/it\/wp-json\/wp\/v2\/product\/11878","targetHints":{"allow":["GET"]}}],"collection":[{"href":"https:\/\/latelierduliege.com\/it\/wp-json\/wp\/v2\/product"}],"about":[{"href":"https:\/\/latelierduliege.com\/it\/wp-json\/wp\/v2\/types\/product"}],"replies":[{"embeddable":true,"href":"https:\/\/latelierduliege.com\/it\/wp-json\/wp\/v2\/comments?post=11878"}],"wp:featuredmedia":[{"embeddable":true,"href":"https:\/\/latelierduliege.com\/it\/wp-json\/wp\/v2\/media\/11862"}],"wp:attachment":[{"href":"https:\/\/latelierduliege.com\/it\/wp-json\/wp\/v2\/media?parent=11878"}],"wp:term":[{"taxonomy":"pwb-brand","embeddable":true,"href":"https:\/\/latelierduliege.com\/it\/wp-json\/wp\/v2\/pwb-brand?post=11878"},{"taxonomy":"product_brand","embeddable":true,"href":"https:\/\/latelierduliege.com\/it\/wp-json\/wp\/v2\/product_brand?post=11878"},{"taxonomy":"product_cat","embeddable":true,"href":"https:\/\/latelierduliege.com\/it\/wp-json\/wp\/v2\/product_cat?post=11878"},{"taxonomy":"product_tag","embeddable":true,"href":"https:\/\/latelierduliege.com\/it\/wp-json\/wp\/v2\/product_tag?post=11878"}],"curies":[{"name":"wp","href":"https:\/\/api.w.org\/{rel}","templated":true}]}}