{"id":11982,"date":"2025-05-02T08:45:21","date_gmt":"2025-05-02T08:45:21","guid":{"rendered":"https:\/\/latelierduliege.com\/collection\/natural-cork-gift-boxed-womens-wallet-set-2-pieces-hy-036\/"},"modified":"2026-04-07T00:45:44","modified_gmt":"2026-04-06T22:45:44","slug":"amada-coffret-portefeuille-femme-liege","status":"publish","type":"product","link":"https:\/\/latelierduliege.com\/it\/collection\/amada-coffret-portefeuille-femme-liege\/","title":{"rendered":"Coffret cadeau portefeuille femme \u00ab Amada \u00bb \u2013 \u00c9l\u00e9gant, naturel, pratique"},"content":{"rendered":"<p class=\"\" data-start=\"550\" data-end=\"928\">Le coffret cadeau portefeuille femme \u00ab Amada \u00bb est l\u2019accessoire parfait \u00e0 offrir ou \u00e0 s\u2019offrir. Alliant sophistication et conscience \u00e9cologique, ce set de deux pi\u00e8ces en li\u00e8ge naturel s\u00e9duit par sa douceur, sa l\u00e9g\u00e8ret\u00e9 et sa grande praticit\u00e9. Que ce soit pour une occasion sp\u00e9ciale ou un usage quotidien, \u00ab Amada \u00bb s\u2019adapte \u00e0 tous les styles gr\u00e2ce \u00e0 ses <strong data-start=\"904\" data-end=\"927\">huit motifs uniques<\/strong>.<\/p>\n<h4 class=\"\" data-start=\"930\" data-end=\"967\">\u2705 Caract\u00e9ristiques &amp; avantages<\/h4>\n<p class=\"\" data-start=\"968\" data-end=\"1026\">Ce coffret contient deux portefeuilles compl\u00e9mentaires :<\/p>\n<ul data-start=\"1027\" data-end=\"1550\">\n<li class=\"\" data-start=\"1027\" data-end=\"1187\">\n<p class=\"\" data-start=\"1029\" data-end=\"1187\">Un petit porte-cartes compact pouvant accueillir <strong data-start=\"1078\" data-end=\"1109\">plus de 10 cartes bancaires<\/strong>, avec une <strong data-start=\"1120\" data-end=\"1153\">fente transparente ext\u00e9rieure<\/strong> pour carte d\u2019identit\u00e9 ou badge.<\/p>\n<\/li>\n<li class=\"\" data-start=\"1188\" data-end=\"1550\">\n<p class=\"\" data-start=\"1190\" data-end=\"1550\">Un portefeuille plus grand, spacieux et bien organis\u00e9, qui peut contenir <strong data-start=\"1263\" data-end=\"1284\">jusqu\u2019\u00e0 14 cartes<\/strong>, <strong data-start=\"1286\" data-end=\"1310\">2 emplacements photo<\/strong> et d\u2019autres essentiels du quotidien.<br data-start=\"1347\" data-end=\"1350\" \/>Gr\u00e2ce \u00e0 sa <strong data-start=\"1361\" data-end=\"1398\">fermeture zipp\u00e9e solide et fluide<\/strong>, vos effets personnels sont toujours en s\u00e9curit\u00e9. L\u00e9ger et agr\u00e9able au toucher, le li\u00e8ge offre une <strong data-start=\"1498\" data-end=\"1528\">alternative vegan \u00e9l\u00e9gante<\/strong> au cuir traditionnel.<\/p>\n<\/li>\n<\/ul>\n<h4 class=\"\" data-start=\"1552\" data-end=\"1585\">Mat\u00e9riaux &amp; fabrication<\/h4>\n<p class=\"\" data-start=\"1586\" data-end=\"1928\">Fabriqu\u00e9s \u00e0 partir de <strong data-start=\"1608\" data-end=\"1642\">li\u00e8ge naturel de haute qualit\u00e9<\/strong>, ces portefeuilles sont issus d\u2019un savoir-faire artisanal respectueux de l\u2019environnement. Le li\u00e8ge est r\u00e9colt\u00e9 sans abattre l\u2019arbre, ce qui en fait un mat\u00e9riau <strong data-start=\"1803\" data-end=\"1830\">renouvelable et durable<\/strong>. Sa texture douce, r\u00e9sistante \u00e0 l\u2019eau et souple en fait un choix parfait pour un usage quotidien.<\/p>\n<h4 class=\"\" data-start=\"1930\" data-end=\"1960\">Dimensions &amp; coloris<\/h4>\n<ul data-start=\"1961\" data-end=\"2204\">\n<li class=\"\" data-start=\"1961\" data-end=\"2025\">\n<p class=\"\" data-start=\"1963\" data-end=\"2025\"><strong data-start=\"1963\" data-end=\"1985\">Petit portefeuille<\/strong> : id\u00e9al pour sacs compacts ou poches.<\/p>\n<\/li>\n<li class=\"\" data-start=\"2026\" data-end=\"2096\">\n<p class=\"\" data-start=\"2028\" data-end=\"2096\"><strong data-start=\"2028\" data-end=\"2050\">Grand portefeuille<\/strong> : parfait pour organiser cartes et papiers.<\/p>\n<\/li>\n<li class=\"\" data-start=\"2097\" data-end=\"2204\">\n<p class=\"\" data-start=\"2099\" data-end=\"2204\"><strong data-start=\"2099\" data-end=\"2122\">Coloris disponibles<\/strong> : 8 motifs exclusifs, du floral au g\u00e9om\u00e9trique, pour s\u2019adapter \u00e0 tous les styles.<\/p>\n<\/li>\n<\/ul>\n<h4 class=\"\" data-start=\"2206\" data-end=\"2237\">Engagement \u00e9cologique<\/h4>\n<p class=\"\" data-start=\"2238\" data-end=\"2409\">Le coffret \u00ab Amada \u00bb est 100 % <strong data-start=\"2269\" data-end=\"2314\">vegan, recyclable et sans cruaut\u00e9 animale<\/strong>. En choisissant ce produit, vous soutenez une mode plus durable et respectueuse de la plan\u00e8te.<\/p>\n<p class=\"\" data-start=\"2448\" data-end=\"2718\">Vous aimez les sets complets ? D\u00e9couvrez aussi notre <strong data-start=\"2501\" data-end=\"2532\">portefeuille long \u00ab\u00a0Alegria\u00a0\u00bb<\/strong> en li\u00e8ge imprim\u00e9, id\u00e9al pour les femmes qui aiment avoir tout \u00e0 port\u00e9e de main.<br data-start=\"2612\" data-end=\"2615\" \/><a href=\"https:\/\/latelierduliege.com\/it\/categoria-prodotto\/portefeuilles-liege\/portefeuilles-liege-portefeuilles-liege\/\"> Voir tous nos portefeuilles femme<\/a><\/p>\n<p class=\"\" data-start=\"2743\" data-end=\"2943\">Pour en savoir plus sur les avantages du li\u00e8ge, d\u00e9couvrez notre article :<br data-start=\"2816\" data-end=\"2819\" \/><a href=\"https:\/\/latelierduliege.com\/it\/pourquoi-choisir-des-produits-en-liege-un-choix-durable-et-ecologique\/\"> Pourquoi choisir un portefeuille en li\u00e8ge ?<\/a><\/p>","protected":false},"excerpt":{"rendered":"<p>Offrez un cadeau \u00e9l\u00e9gant et \u00e9thique avec le coffret portefeuille femme \u00ab Amada \u00bb. En li\u00e8ge naturel, ce duo allie style, praticit\u00e9 et engagement \u00e9cologique.<\/p>\n<p>Faites plaisir avec \u00e9l\u00e9gance : commandez d\u00e8s maintenant le coffret \u00ab Amada \u00bb et offrez un cadeau qui a du sens !<\/p>\n<p><img loading=\"lazy\" decoding=\"async\" class=\"alignnone size-large wp-image-76\" src=\"https:\/\/latelierduliege.com\/wp-content\/uploads\/2026\/03\/Vantaggi-del-sughero-in-5-punti-2.png\" alt=\"\" width=\"1020\" height=\"682\" srcset=\"https:\/\/latelierduliege.com\/wp-content\/uploads\/2026\/03\/Vantaggi-del-sughero-in-5-punti-2.png 1536w, https:\/\/latelierduliege.com\/wp-content\/uploads\/2026\/03\/Vantaggi-del-sughero-in-5-punti-2-300x200.png 300w, https:\/\/latelierduliege.com\/wp-content\/uploads\/2026\/03\/Vantaggi-del-sughero-in-5-punti-2-1024x683.png 1024w, https:\/\/latelierduliege.com\/wp-content\/uploads\/2026\/03\/Vantaggi-del-sughero-in-5-punti-2-768x512.png 768w, https:\/\/latelierduliege.com\/wp-content\/uploads\/2026\/03\/Vantaggi-del-sughero-in-5-punti-2-18x12.png 18w, https:\/\/latelierduliege.com\/wp-content\/uploads\/2026\/03\/Vantaggi-del-sughero-in-5-punti-2-510x340.png 510w\" sizes=\"auto, (max-width: 1020px) 100vw, 1020px\" \/><\/p>","protected":false},"featured_media":11961,"comment_status":"open","ping_status":"closed","template":"","meta":[],"pwb-brand":[267],"product_brand":[],"product_cat":[567,621,189,201,481],"product_tag":[],"class_list":{"0":"post-11982","1":"product","2":"type-product","3":"status-publish","4":"has-post-thumbnail","6":"pwb-brand-atelier-du-liege","7":"product_cat-coffret-cadeau","8":"product_cat-portefeuilles-liege","9":"product_cat-portefeuilles-liege-portefeuilles-liege","10":"product_cat-pour-les-femmes","11":"product_cat-promotions-liege","13":"first","14":"instock","15":"shipping-taxable","16":"purchasable","17":"product-type-variable"},"yoast_head":"<!-- This site is optimized with the Yoast SEO plugin v27.3 - https:\/\/yoast.com\/product\/yoast-seo-wordpress\/ -->\n<title>Coffret cadeau portefeuille femme \u00ab Amada \u00bb \u2013 \u00c9l\u00e9gant, naturel, pratique - L&#039;Atelier du Li\u00e8ge<\/title>\n<meta name=\"description\" content=\"Coffret portefeuille femme en li\u00e8ge Amada : \u00e9l\u00e9gant, pratique et 100 % vegan. Un cadeau \u00e9thique et styl\u00e9 pour toutes les occasions.\" \/>\n<meta name=\"robots\" content=\"index, follow, max-snippet:-1, max-image-preview:large, max-video-preview:-1\" \/>\n<link rel=\"canonical\" href=\"https:\/\/latelierduliege.com\/it\/collection\/amada-coffret-portefeuille-femme-liege\/\" \/>\n<meta property=\"og:locale\" content=\"it_IT\" \/>\n<meta property=\"og:type\" content=\"article\" \/>\n<meta property=\"og:title\" content=\"Coffret cadeau portefeuille femme \u00ab Amada \u00bb \u2013 \u00c9l\u00e9gant, naturel, pratique - L&#039;Atelier du Li\u00e8ge\" \/>\n<meta property=\"og:description\" content=\"Coffret portefeuille femme en li\u00e8ge Amada : \u00e9l\u00e9gant, pratique et 100 % vegan. Un cadeau \u00e9thique et styl\u00e9 pour toutes les occasions.\" \/>\n<meta property=\"og:url\" content=\"https:\/\/latelierduliege.com\/it\/collection\/amada-coffret-portefeuille-femme-liege\/\" \/>\n<meta property=\"og:site_name\" content=\"L&#039;Atelier du Li\u00e8ge\" \/>\n<meta property=\"article:publisher\" content=\"https:\/\/www.facebook.com\" \/>\n<meta property=\"article:modified_time\" content=\"2026-04-06T22:45:44+00:00\" \/>\n<meta property=\"og:image\" content=\"https:\/\/latelierduliege.com\/wp-content\/uploads\/2025\/05\/70c7f76b55659978034399d7b695c721e983a58f99b06b56ffdde860fd81b765.jpg\" \/>\n\t<meta property=\"og:image:width\" content=\"2000\" \/>\n\t<meta property=\"og:image:height\" content=\"2000\" \/>\n\t<meta property=\"og:image:type\" content=\"image\/jpeg\" \/>\n<meta name=\"twitter:card\" content=\"summary_large_image\" \/>\n<meta name=\"twitter:label1\" content=\"Tempo di lettura stimato\" \/>\n\t<meta name=\"twitter:data1\" content=\"2 minuti\" \/>\n<script type=\"application\/ld+json\" class=\"yoast-schema-graph\">{\"@context\":\"https:\\\/\\\/schema.org\",\"@graph\":[{\"@type\":\"WebPage\",\"@id\":\"https:\\\/\\\/latelierduliege.com\\\/collection\\\/amada-coffret-portefeuille-femme-liege\\\/\",\"url\":\"https:\\\/\\\/latelierduliege.com\\\/collection\\\/amada-coffret-portefeuille-femme-liege\\\/\",\"name\":\"Coffret cadeau portefeuille femme \u00ab Amada \u00bb \u2013 \u00c9l\u00e9gant, naturel, pratique - L&#039;Atelier du Li\u00e8ge\",\"isPartOf\":{\"@id\":\"https:\\\/\\\/latelierduliege.com\\\/#website\"},\"primaryImageOfPage\":{\"@id\":\"https:\\\/\\\/latelierduliege.com\\\/collection\\\/amada-coffret-portefeuille-femme-liege\\\/#primaryimage\"},\"image\":{\"@id\":\"https:\\\/\\\/latelierduliege.com\\\/collection\\\/amada-coffret-portefeuille-femme-liege\\\/#primaryimage\"},\"thumbnailUrl\":\"https:\\\/\\\/latelierduliege.com\\\/wp-content\\\/uploads\\\/2025\\\/05\\\/70c7f76b55659978034399d7b695c721e983a58f99b06b56ffdde860fd81b765.jpg\",\"datePublished\":\"2025-05-02T08:45:21+00:00\",\"dateModified\":\"2026-04-06T22:45:44+00:00\",\"description\":\"Coffret portefeuille femme en li\u00e8ge Amada : \u00e9l\u00e9gant, pratique et 100 % vegan. Un cadeau \u00e9thique et styl\u00e9 pour toutes les occasions.\",\"breadcrumb\":{\"@id\":\"https:\\\/\\\/latelierduliege.com\\\/collection\\\/amada-coffret-portefeuille-femme-liege\\\/#breadcrumb\"},\"inLanguage\":\"it-IT\",\"potentialAction\":[{\"@type\":\"ReadAction\",\"target\":[\"https:\\\/\\\/latelierduliege.com\\\/collection\\\/amada-coffret-portefeuille-femme-liege\\\/\"]}]},{\"@type\":\"ImageObject\",\"inLanguage\":\"it-IT\",\"@id\":\"https:\\\/\\\/latelierduliege.com\\\/collection\\\/amada-coffret-portefeuille-femme-liege\\\/#primaryimage\",\"url\":\"https:\\\/\\\/latelierduliege.com\\\/wp-content\\\/uploads\\\/2025\\\/05\\\/70c7f76b55659978034399d7b695c721e983a58f99b06b56ffdde860fd81b765.jpg\",\"contentUrl\":\"https:\\\/\\\/latelierduliege.com\\\/wp-content\\\/uploads\\\/2025\\\/05\\\/70c7f76b55659978034399d7b695c721e983a58f99b06b56ffdde860fd81b765.jpg\",\"width\":2000,\"height\":2000,\"caption\":\"Img\"},{\"@type\":\"BreadcrumbList\",\"@id\":\"https:\\\/\\\/latelierduliege.com\\\/collection\\\/amada-coffret-portefeuille-femme-liege\\\/#breadcrumb\",\"itemListElement\":[{\"@type\":\"ListItem\",\"position\":1,\"name\":\"Home\",\"item\":\"https:\\\/\\\/latelierduliege.com\\\/\"},{\"@type\":\"ListItem\",\"position\":2,\"name\":\"Boutique\",\"item\":\"https:\\\/\\\/latelierduliege.com\\\/boutique-liege\\\/\"},{\"@type\":\"ListItem\",\"position\":3,\"name\":\"Coffret cadeau portefeuille femme \u00ab Amada \u00bb \u2013 \u00c9l\u00e9gant, naturel, pratique\"}]},{\"@type\":\"WebSite\",\"@id\":\"https:\\\/\\\/latelierduliege.com\\\/#website\",\"url\":\"https:\\\/\\\/latelierduliege.com\\\/\",\"name\":\"L'Atelier du Li\u00e8ge\",\"description\":\"Ecoresponsable par nature\",\"potentialAction\":[{\"@type\":\"SearchAction\",\"target\":{\"@type\":\"EntryPoint\",\"urlTemplate\":\"https:\\\/\\\/latelierduliege.com\\\/?s={search_term_string}\"},\"query-input\":{\"@type\":\"PropertyValueSpecification\",\"valueRequired\":true,\"valueName\":\"search_term_string\"}}],\"inLanguage\":\"it-IT\"}]}<\/script>\n<!-- \/ Yoast SEO plugin. -->","yoast_head_json":{"title":"Coffret cadeau portefeuille femme \u00ab Amada \u00bb \u2013 \u00c9l\u00e9gant, naturel, pratique - L&#039;Atelier du Li\u00e8ge","description":"Coffret portefeuille femme en li\u00e8ge Amada : \u00e9l\u00e9gant, pratique et 100 % vegan. Un cadeau \u00e9thique et styl\u00e9 pour toutes les occasions.","robots":{"index":"index","follow":"follow","max-snippet":"max-snippet:-1","max-image-preview":"max-image-preview:large","max-video-preview":"max-video-preview:-1"},"canonical":"https:\/\/latelierduliege.com\/it\/collection\/amada-coffret-portefeuille-femme-liege\/","og_locale":"it_IT","og_type":"article","og_title":"Coffret cadeau portefeuille femme \u00ab Amada \u00bb \u2013 \u00c9l\u00e9gant, naturel, pratique - L&#039;Atelier du Li\u00e8ge","og_description":"Coffret portefeuille femme en li\u00e8ge Amada : \u00e9l\u00e9gant, pratique et 100 % vegan. Un cadeau \u00e9thique et styl\u00e9 pour toutes les occasions.","og_url":"https:\/\/latelierduliege.com\/it\/collection\/amada-coffret-portefeuille-femme-liege\/","og_site_name":"L&#039;Atelier du Li\u00e8ge","article_publisher":"https:\/\/www.facebook.com","article_modified_time":"2026-04-06T22:45:44+00:00","og_image":[{"width":2000,"height":2000,"url":"https:\/\/latelierduliege.com\/wp-content\/uploads\/2025\/05\/70c7f76b55659978034399d7b695c721e983a58f99b06b56ffdde860fd81b765.jpg","type":"image\/jpeg"}],"twitter_card":"summary_large_image","twitter_misc":{"Tempo di lettura stimato":"2 minuti"},"schema":{"@context":"https:\/\/schema.org","@graph":[{"@type":"WebPage","@id":"https:\/\/latelierduliege.com\/collection\/amada-coffret-portefeuille-femme-liege\/","url":"https:\/\/latelierduliege.com\/collection\/amada-coffret-portefeuille-femme-liege\/","name":"Coffret cadeau portefeuille femme \u00ab Amada \u00bb \u2013 \u00c9l\u00e9gant, naturel, pratique - L&#039;Atelier du Li\u00e8ge","isPartOf":{"@id":"https:\/\/latelierduliege.com\/#website"},"primaryImageOfPage":{"@id":"https:\/\/latelierduliege.com\/collection\/amada-coffret-portefeuille-femme-liege\/#primaryimage"},"image":{"@id":"https:\/\/latelierduliege.com\/collection\/amada-coffret-portefeuille-femme-liege\/#primaryimage"},"thumbnailUrl":"https:\/\/latelierduliege.com\/wp-content\/uploads\/2025\/05\/70c7f76b55659978034399d7b695c721e983a58f99b06b56ffdde860fd81b765.jpg","datePublished":"2025-05-02T08:45:21+00:00","dateModified":"2026-04-06T22:45:44+00:00","description":"Coffret portefeuille femme en li\u00e8ge Amada : \u00e9l\u00e9gant, pratique et 100 % vegan. Un cadeau \u00e9thique et styl\u00e9 pour toutes les occasions.","breadcrumb":{"@id":"https:\/\/latelierduliege.com\/collection\/amada-coffret-portefeuille-femme-liege\/#breadcrumb"},"inLanguage":"it-IT","potentialAction":[{"@type":"ReadAction","target":["https:\/\/latelierduliege.com\/collection\/amada-coffret-portefeuille-femme-liege\/"]}]},{"@type":"ImageObject","inLanguage":"it-IT","@id":"https:\/\/latelierduliege.com\/collection\/amada-coffret-portefeuille-femme-liege\/#primaryimage","url":"https:\/\/latelierduliege.com\/wp-content\/uploads\/2025\/05\/70c7f76b55659978034399d7b695c721e983a58f99b06b56ffdde860fd81b765.jpg","contentUrl":"https:\/\/latelierduliege.com\/wp-content\/uploads\/2025\/05\/70c7f76b55659978034399d7b695c721e983a58f99b06b56ffdde860fd81b765.jpg","width":2000,"height":2000,"caption":"Img"},{"@type":"BreadcrumbList","@id":"https:\/\/latelierduliege.com\/collection\/amada-coffret-portefeuille-femme-liege\/#breadcrumb","itemListElement":[{"@type":"ListItem","position":1,"name":"Home","item":"https:\/\/latelierduliege.com\/"},{"@type":"ListItem","position":2,"name":"Boutique","item":"https:\/\/latelierduliege.com\/boutique-liege\/"},{"@type":"ListItem","position":3,"name":"Coffret cadeau portefeuille femme \u00ab Amada \u00bb \u2013 \u00c9l\u00e9gant, naturel, pratique"}]},{"@type":"WebSite","@id":"https:\/\/latelierduliege.com\/#website","url":"https:\/\/latelierduliege.com\/","name":"L'Atelier du Li\u00e8ge","description":"Ecoresponsable par nature","potentialAction":[{"@type":"SearchAction","target":{"@type":"EntryPoint","urlTemplate":"https:\/\/latelierduliege.com\/?s={search_term_string}"},"query-input":{"@type":"PropertyValueSpecification","valueRequired":true,"valueName":"search_term_string"}}],"inLanguage":"it-IT"}]}},"brands":[{"id":267,"name":"L'Atelier du Li\u00e8ge","slug":"atelier-du-liege"}],"_links":{"self":[{"href":"https:\/\/latelierduliege.com\/it\/wp-json\/wp\/v2\/product\/11982","targetHints":{"allow":["GET"]}}],"collection":[{"href":"https:\/\/latelierduliege.com\/it\/wp-json\/wp\/v2\/product"}],"about":[{"href":"https:\/\/latelierduliege.com\/it\/wp-json\/wp\/v2\/types\/product"}],"replies":[{"embeddable":true,"href":"https:\/\/latelierduliege.com\/it\/wp-json\/wp\/v2\/comments?post=11982"}],"wp:featuredmedia":[{"embeddable":true,"href":"https:\/\/latelierduliege.com\/it\/wp-json\/wp\/v2\/media\/11961"}],"wp:attachment":[{"href":"https:\/\/latelierduliege.com\/it\/wp-json\/wp\/v2\/media?parent=11982"}],"wp:term":[{"taxonomy":"pwb-brand","embeddable":true,"href":"https:\/\/latelierduliege.com\/it\/wp-json\/wp\/v2\/pwb-brand?post=11982"},{"taxonomy":"product_brand","embeddable":true,"href":"https:\/\/latelierduliege.com\/it\/wp-json\/wp\/v2\/product_brand?post=11982"},{"taxonomy":"product_cat","embeddable":true,"href":"https:\/\/latelierduliege.com\/it\/wp-json\/wp\/v2\/product_cat?post=11982"},{"taxonomy":"product_tag","embeddable":true,"href":"https:\/\/latelierduliege.com\/it\/wp-json\/wp\/v2\/product_tag?post=11982"}],"curies":[{"name":"wp","href":"https:\/\/api.w.org\/{rel}","templated":true}]}}