{"id":12014,"date":"2025-05-02T09:21:38","date_gmt":"2025-05-02T09:21:38","guid":{"rendered":"https:\/\/latelierduliege.com\/collection\/chic-natural-cork-crossbody-bag-with-gold-clasp-bag-2322\/"},"modified":"2026-04-12T02:17:09","modified_gmt":"2026-04-12T00:17:09","slug":"sutileza-sac-bandouliere-liege-femme","status":"publish","type":"product","link":"https:\/\/latelierduliege.com\/it\/collection\/sutileza-sac-bandouliere-liege-femme\/","title":{"rendered":"Sac bandouli\u00e8re \u00ab Sutileza \u00bb pour femme \u2013 \u00c9l\u00e9gant, naturel, raffin\u00e9"},"content":{"rendered":"<p class=\"\" data-start=\"631\" data-end=\"975\">Le sac bandouli\u00e8re \u00ab Sutileza \u00bb incarne la <strong data-start=\"674\" data-end=\"695\">sobri\u00e9t\u00e9 \u00e9l\u00e9gante<\/strong> au naturel. Pens\u00e9 pour accompagner vos journ\u00e9es avec style, il allie design raffin\u00e9 et engagement \u00e9coresponsable. Son <strong data-start=\"814\" data-end=\"830\">fermoir dor\u00e9<\/strong> apporte une touche de chic, tandis que sa <strong data-start=\"873\" data-end=\"902\">sangle ajustable en coton<\/strong> assure confort et polyvalence, que ce soit \u00e0 l\u2019\u00e9paule ou en bandouli\u00e8re.<\/p>\n<h4 class=\"\" data-start=\"977\" data-end=\"1014\">\u2705 Caract\u00e9ristiques &amp; avantages<\/h4>\n<p class=\"\" data-start=\"1015\" data-end=\"1394\">Ce sac offre un <strong data-start=\"1031\" data-end=\"1056\">compartiment spacieux<\/strong> capable d\u2019accueillir tous vos essentiels : t\u00e9l\u00e9phone, porte-monnaie, cl\u00e9s et autres indispensables.<br data-start=\"1156\" data-end=\"1159\" \/>Sa <strong data-start=\"1162\" data-end=\"1182\">forme structur\u00e9e<\/strong> assure un maintien parfait, tout en restant l\u00e9ger et agr\u00e9able \u00e0 porter.<br data-start=\"1254\" data-end=\"1257\" \/>Il <strong data-start=\"1260\" data-end=\"1285\">fermoir en m\u00e9tal dor\u00e9<\/strong> donne \u00e0 ce mod\u00e8le un charme intemporel, parfait pour le bureau, les sorties ou les rendez-vous du quotidien.<\/p>\n<h4 class=\"\" data-start=\"1396\" data-end=\"1429\">Mat\u00e9riaux &amp; fabrication<\/h4>\n<p class=\"\" data-start=\"1430\" data-end=\"1716\">Fabriqu\u00e9 \u00e0 partir de <strong data-start=\"1451\" data-end=\"1485\">li\u00e8ge naturel de haute qualit\u00e9<\/strong>, ce sac est une <strong data-start=\"1502\" data-end=\"1523\">alternative vegan<\/strong> et durable aux cuirs classiques. Le li\u00e8ge est <strong data-start=\"1570\" data-end=\"1606\">imperm\u00e9able, r\u00e9sistant \u00e0 l\u2019usure<\/strong> et d\u2019une douceur surprenante au toucher.<br data-start=\"1647\" data-end=\"1650\" \/>La <strong data-start=\"1653\" data-end=\"1672\">sangle en coton<\/strong> compl\u00e8te le tout avec confort et souplesse.<\/p>\n<h4 class=\"\" data-start=\"1718\" data-end=\"1748\">Dimensions &amp; coloris<\/h4>\n<ul data-start=\"1749\" data-end=\"1927\">\n<li class=\"\" data-start=\"1749\" data-end=\"1772\">\n<p class=\"\" data-start=\"1751\" data-end=\"1772\"><strong data-start=\"1751\" data-end=\"1764\">Largeur :<\/strong> 19 cm<\/p>\n<\/li>\n<li class=\"\" data-start=\"1773\" data-end=\"1796\">\n<p class=\"\" data-start=\"1775\" data-end=\"1796\"><strong data-start=\"1775\" data-end=\"1788\">Hauteur :<\/strong> 14 cm<\/p>\n<\/li>\n<li class=\"\" data-start=\"1797\" data-end=\"1927\">\n<p class=\"\" data-start=\"1799\" data-end=\"1927\"><strong data-start=\"1799\" data-end=\"1815\">Profondeur :<\/strong> 7 cm<br data-start=\"1820\" data-end=\"1823\" \/>Ce mod\u00e8le est disponible en <strong data-start=\"1851\" data-end=\"1868\">li\u00e8ge naturel<\/strong>, ce qui met en valeur les <strong data-start=\"1895\" data-end=\"1926\">nuances uniques du mat\u00e9riau<\/strong>.<\/p>\n<\/li>\n<\/ul>\n<h4 class=\"\" data-start=\"1929\" data-end=\"1960\">Engagement \u00e9cologique<\/h4>\n<p class=\"\" data-start=\"1961\" data-end=\"2167\">Le sac \u00ab Sutileza \u00bb est <strong data-start=\"1985\" data-end=\"2036\">100 % vegan, recyclable et sans cruaut\u00e9 animale<\/strong>. Le li\u00e8ge est un mat\u00e9riau r\u00e9colt\u00e9 sans couper l\u2019arbre, ce qui permet une production <strong data-start=\"2121\" data-end=\"2164\">renouvelable et respectueuse des for\u00eats<\/strong>.<\/p>\n<p class=\"\" data-start=\"2206\" data-end=\"2427\">Vous aimez le style sobre et fonctionnel ?<\/p>\n<p class=\"\" data-start=\"2206\" data-end=\"2427\">D\u00e9couvrez aussi notre Ceinture en li\u00e8ge \u00ab <a href=\"https:\/\/latelierduliege.com\/it\/collection\/ceinture-liege-femme-gaia\/\"><strong>Gaia<\/strong><\/a> \u00bb pour femme \u2013 \u00c9l\u00e9gante, v\u00e9gane et durable<\/p>\n<p class=\"\" data-start=\"2452\" data-end=\"2656\">Envie d\u2019en savoir plus sur les avantages du li\u00e8ge ?<br data-start=\"2524\" data-end=\"2527\" \/><a href=\"https:\/\/latelierduliege.com\/it\/blog\/\"><strong>Le blog de l\u2019Atelier<\/strong><\/a><\/p>\n<p>Nous vous parlons ici des sujets qui nous int\u00e9ressent le plus. On parlera de mode, d\u2019alternatives \u00e0 la souffrance animale, de fabrication de produits en li\u00e8ges etc.<\/p>","protected":false},"excerpt":{"rendered":"<p>Le sac bandouli\u00e8re \u00ab Sutileza \u00bb sublime vos tenues du quotidien avec son fermoir dor\u00e9 chic et sa mati\u00e8re en li\u00e8ge naturel. \u00c9l\u00e9gant, pratique et \u00e9cologique.<\/p>\n<p><img loading=\"lazy\" decoding=\"async\" class=\"alignnone size-large wp-image-76\" src=\"https:\/\/latelierduliege.com\/wp-content\/uploads\/2026\/03\/Vantaggi-del-sughero-in-5-punti-2.png\" alt=\"\" width=\"1020\" height=\"682\" srcset=\"https:\/\/latelierduliege.com\/wp-content\/uploads\/2026\/03\/Vantaggi-del-sughero-in-5-punti-2.png 1536w, https:\/\/latelierduliege.com\/wp-content\/uploads\/2026\/03\/Vantaggi-del-sughero-in-5-punti-2-300x200.png 300w, https:\/\/latelierduliege.com\/wp-content\/uploads\/2026\/03\/Vantaggi-del-sughero-in-5-punti-2-1024x683.png 1024w, https:\/\/latelierduliege.com\/wp-content\/uploads\/2026\/03\/Vantaggi-del-sughero-in-5-punti-2-768x512.png 768w, https:\/\/latelierduliege.com\/wp-content\/uploads\/2026\/03\/Vantaggi-del-sughero-in-5-punti-2-18x12.png 18w, https:\/\/latelierduliege.com\/wp-content\/uploads\/2026\/03\/Vantaggi-del-sughero-in-5-punti-2-510x340.png 510w\" sizes=\"auto, (max-width: 1020px) 100vw, 1020px\" \/><\/p>\n<p class=\"\" data-start=\"2922\" data-end=\"3026\">\u2728 Optez pour une \u00e9l\u00e9gance \u00e9thique : commandez le sac \u00ab Sutileza \u00bb et affirmez votre style avec naturel !<\/p>","protected":false},"featured_media":12000,"comment_status":"open","ping_status":"closed","template":"","meta":[],"pwb-brand":[267],"product_brand":[],"product_cat":[326,553,201,190,620],"product_tag":[],"class_list":{"0":"post-12014","1":"product","2":"type-product","3":"status-publish","4":"has-post-thumbnail","6":"pwb-brand-atelier-du-liege","7":"product_cat-maroquinerie-en-liege-femme","8":"product_cat-nouveautes-accessoires-liege","9":"product_cat-pour-les-femmes","10":"product_cat-sacs-a-main","11":"product_cat-sacs-liege","13":"first","14":"instock","15":"shipping-taxable","16":"purchasable","17":"product-type-variable"},"yoast_head":"<!-- This site is optimized with the Yoast SEO plugin v27.3 - https:\/\/yoast.com\/product\/yoast-seo-wordpress\/ -->\n<title>Sac bandouli\u00e8re \u00ab Sutileza \u00bb pour femme \u2013 \u00c9l\u00e9gant, naturel, raffin\u00e9 - L&#039;Atelier du Li\u00e8ge<\/title>\n<meta name=\"description\" content=\"Sac bandouli\u00e8re en li\u00e8ge pour femme \u00ab Sutileza \u00bb \u2013 Chic, l\u00e9ger, vegan et naturel avec fermoir dor\u00e9.\" \/>\n<meta name=\"robots\" content=\"index, follow, max-snippet:-1, max-image-preview:large, max-video-preview:-1\" \/>\n<link rel=\"canonical\" href=\"https:\/\/latelierduliege.com\/it\/collection\/sutileza-sac-bandouliere-liege-femme\/\" \/>\n<meta property=\"og:locale\" content=\"it_IT\" \/>\n<meta property=\"og:type\" content=\"article\" \/>\n<meta property=\"og:title\" content=\"Sac bandouli\u00e8re \u00ab Sutileza \u00bb pour femme \u2013 \u00c9l\u00e9gant, naturel, raffin\u00e9 - L&#039;Atelier du Li\u00e8ge\" \/>\n<meta property=\"og:description\" content=\"Sac bandouli\u00e8re en li\u00e8ge pour femme \u00ab Sutileza \u00bb \u2013 Chic, l\u00e9ger, vegan et naturel avec fermoir dor\u00e9.\" \/>\n<meta property=\"og:url\" content=\"https:\/\/latelierduliege.com\/it\/collection\/sutileza-sac-bandouliere-liege-femme\/\" \/>\n<meta property=\"og:site_name\" content=\"L&#039;Atelier du Li\u00e8ge\" \/>\n<meta property=\"article:publisher\" content=\"https:\/\/www.facebook.com\" \/>\n<meta property=\"article:modified_time\" content=\"2026-04-12T00:17:09+00:00\" \/>\n<meta property=\"og:image\" content=\"https:\/\/latelierduliege.com\/wp-content\/uploads\/2025\/05\/4_84d8e22e-280c-473e-8753-df1c69da020a.jpg\" \/>\n\t<meta property=\"og:image:width\" content=\"1200\" \/>\n\t<meta property=\"og:image:height\" content=\"1200\" \/>\n\t<meta property=\"og:image:type\" content=\"image\/jpeg\" \/>\n<meta name=\"twitter:card\" content=\"summary_large_image\" \/>\n<meta name=\"twitter:label1\" content=\"Tempo di lettura stimato\" \/>\n\t<meta name=\"twitter:data1\" content=\"2 minuti\" \/>\n<script type=\"application\/ld+json\" class=\"yoast-schema-graph\">{\"@context\":\"https:\\\/\\\/schema.org\",\"@graph\":[{\"@type\":\"WebPage\",\"@id\":\"https:\\\/\\\/latelierduliege.com\\\/collection\\\/sutileza-sac-bandouliere-liege-femme\\\/\",\"url\":\"https:\\\/\\\/latelierduliege.com\\\/collection\\\/sutileza-sac-bandouliere-liege-femme\\\/\",\"name\":\"Sac bandouli\u00e8re \u00ab Sutileza \u00bb pour femme \u2013 \u00c9l\u00e9gant, naturel, raffin\u00e9 - L&#039;Atelier du Li\u00e8ge\",\"isPartOf\":{\"@id\":\"https:\\\/\\\/latelierduliege.com\\\/#website\"},\"primaryImageOfPage\":{\"@id\":\"https:\\\/\\\/latelierduliege.com\\\/collection\\\/sutileza-sac-bandouliere-liege-femme\\\/#primaryimage\"},\"image\":{\"@id\":\"https:\\\/\\\/latelierduliege.com\\\/collection\\\/sutileza-sac-bandouliere-liege-femme\\\/#primaryimage\"},\"thumbnailUrl\":\"https:\\\/\\\/latelierduliege.com\\\/wp-content\\\/uploads\\\/2025\\\/05\\\/4_84d8e22e-280c-473e-8753-df1c69da020a.jpg\",\"datePublished\":\"2025-05-02T09:21:38+00:00\",\"dateModified\":\"2026-04-12T00:17:09+00:00\",\"description\":\"Sac bandouli\u00e8re en li\u00e8ge pour femme \u00ab Sutileza \u00bb \u2013 Chic, l\u00e9ger, vegan et naturel avec fermoir dor\u00e9.\",\"breadcrumb\":{\"@id\":\"https:\\\/\\\/latelierduliege.com\\\/collection\\\/sutileza-sac-bandouliere-liege-femme\\\/#breadcrumb\"},\"inLanguage\":\"it-IT\",\"potentialAction\":[{\"@type\":\"ReadAction\",\"target\":[\"https:\\\/\\\/latelierduliege.com\\\/collection\\\/sutileza-sac-bandouliere-liege-femme\\\/\"]}]},{\"@type\":\"ImageObject\",\"inLanguage\":\"it-IT\",\"@id\":\"https:\\\/\\\/latelierduliege.com\\\/collection\\\/sutileza-sac-bandouliere-liege-femme\\\/#primaryimage\",\"url\":\"https:\\\/\\\/latelierduliege.com\\\/wp-content\\\/uploads\\\/2025\\\/05\\\/4_84d8e22e-280c-473e-8753-df1c69da020a.jpg\",\"contentUrl\":\"https:\\\/\\\/latelierduliege.com\\\/wp-content\\\/uploads\\\/2025\\\/05\\\/4_84d8e22e-280c-473e-8753-df1c69da020a.jpg\",\"width\":1200,\"height\":1200},{\"@type\":\"BreadcrumbList\",\"@id\":\"https:\\\/\\\/latelierduliege.com\\\/collection\\\/sutileza-sac-bandouliere-liege-femme\\\/#breadcrumb\",\"itemListElement\":[{\"@type\":\"ListItem\",\"position\":1,\"name\":\"Home\",\"item\":\"https:\\\/\\\/latelierduliege.com\\\/\"},{\"@type\":\"ListItem\",\"position\":2,\"name\":\"Boutique\",\"item\":\"https:\\\/\\\/latelierduliege.com\\\/boutique-liege\\\/\"},{\"@type\":\"ListItem\",\"position\":3,\"name\":\"Sac bandouli\u00e8re \u00ab Sutileza \u00bb pour femme \u2013 \u00c9l\u00e9gant, naturel, raffin\u00e9\"}]},{\"@type\":\"WebSite\",\"@id\":\"https:\\\/\\\/latelierduliege.com\\\/#website\",\"url\":\"https:\\\/\\\/latelierduliege.com\\\/\",\"name\":\"L'Atelier du Li\u00e8ge\",\"description\":\"Ecoresponsable par nature\",\"potentialAction\":[{\"@type\":\"SearchAction\",\"target\":{\"@type\":\"EntryPoint\",\"urlTemplate\":\"https:\\\/\\\/latelierduliege.com\\\/?s={search_term_string}\"},\"query-input\":{\"@type\":\"PropertyValueSpecification\",\"valueRequired\":true,\"valueName\":\"search_term_string\"}}],\"inLanguage\":\"it-IT\"}]}<\/script>\n<!-- \/ Yoast SEO plugin. -->","yoast_head_json":{"title":"Sac bandouli\u00e8re \u00ab Sutileza \u00bb pour femme \u2013 \u00c9l\u00e9gant, naturel, raffin\u00e9 - L&#039;Atelier du Li\u00e8ge","description":"Sac bandouli\u00e8re en li\u00e8ge pour femme \u00ab Sutileza \u00bb \u2013 Chic, l\u00e9ger, vegan et naturel avec fermoir dor\u00e9.","robots":{"index":"index","follow":"follow","max-snippet":"max-snippet:-1","max-image-preview":"max-image-preview:large","max-video-preview":"max-video-preview:-1"},"canonical":"https:\/\/latelierduliege.com\/it\/collection\/sutileza-sac-bandouliere-liege-femme\/","og_locale":"it_IT","og_type":"article","og_title":"Sac bandouli\u00e8re \u00ab Sutileza \u00bb pour femme \u2013 \u00c9l\u00e9gant, naturel, raffin\u00e9 - L&#039;Atelier du Li\u00e8ge","og_description":"Sac bandouli\u00e8re en li\u00e8ge pour femme \u00ab Sutileza \u00bb \u2013 Chic, l\u00e9ger, vegan et naturel avec fermoir dor\u00e9.","og_url":"https:\/\/latelierduliege.com\/it\/collection\/sutileza-sac-bandouliere-liege-femme\/","og_site_name":"L&#039;Atelier du Li\u00e8ge","article_publisher":"https:\/\/www.facebook.com","article_modified_time":"2026-04-12T00:17:09+00:00","og_image":[{"width":1200,"height":1200,"url":"https:\/\/latelierduliege.com\/wp-content\/uploads\/2025\/05\/4_84d8e22e-280c-473e-8753-df1c69da020a.jpg","type":"image\/jpeg"}],"twitter_card":"summary_large_image","twitter_misc":{"Tempo di lettura stimato":"2 minuti"},"schema":{"@context":"https:\/\/schema.org","@graph":[{"@type":"WebPage","@id":"https:\/\/latelierduliege.com\/collection\/sutileza-sac-bandouliere-liege-femme\/","url":"https:\/\/latelierduliege.com\/collection\/sutileza-sac-bandouliere-liege-femme\/","name":"Sac bandouli\u00e8re \u00ab Sutileza \u00bb pour femme \u2013 \u00c9l\u00e9gant, naturel, raffin\u00e9 - L&#039;Atelier du Li\u00e8ge","isPartOf":{"@id":"https:\/\/latelierduliege.com\/#website"},"primaryImageOfPage":{"@id":"https:\/\/latelierduliege.com\/collection\/sutileza-sac-bandouliere-liege-femme\/#primaryimage"},"image":{"@id":"https:\/\/latelierduliege.com\/collection\/sutileza-sac-bandouliere-liege-femme\/#primaryimage"},"thumbnailUrl":"https:\/\/latelierduliege.com\/wp-content\/uploads\/2025\/05\/4_84d8e22e-280c-473e-8753-df1c69da020a.jpg","datePublished":"2025-05-02T09:21:38+00:00","dateModified":"2026-04-12T00:17:09+00:00","description":"Sac bandouli\u00e8re en li\u00e8ge pour femme \u00ab Sutileza \u00bb \u2013 Chic, l\u00e9ger, vegan et naturel avec fermoir dor\u00e9.","breadcrumb":{"@id":"https:\/\/latelierduliege.com\/collection\/sutileza-sac-bandouliere-liege-femme\/#breadcrumb"},"inLanguage":"it-IT","potentialAction":[{"@type":"ReadAction","target":["https:\/\/latelierduliege.com\/collection\/sutileza-sac-bandouliere-liege-femme\/"]}]},{"@type":"ImageObject","inLanguage":"it-IT","@id":"https:\/\/latelierduliege.com\/collection\/sutileza-sac-bandouliere-liege-femme\/#primaryimage","url":"https:\/\/latelierduliege.com\/wp-content\/uploads\/2025\/05\/4_84d8e22e-280c-473e-8753-df1c69da020a.jpg","contentUrl":"https:\/\/latelierduliege.com\/wp-content\/uploads\/2025\/05\/4_84d8e22e-280c-473e-8753-df1c69da020a.jpg","width":1200,"height":1200},{"@type":"BreadcrumbList","@id":"https:\/\/latelierduliege.com\/collection\/sutileza-sac-bandouliere-liege-femme\/#breadcrumb","itemListElement":[{"@type":"ListItem","position":1,"name":"Home","item":"https:\/\/latelierduliege.com\/"},{"@type":"ListItem","position":2,"name":"Boutique","item":"https:\/\/latelierduliege.com\/boutique-liege\/"},{"@type":"ListItem","position":3,"name":"Sac bandouli\u00e8re \u00ab Sutileza \u00bb pour femme \u2013 \u00c9l\u00e9gant, naturel, raffin\u00e9"}]},{"@type":"WebSite","@id":"https:\/\/latelierduliege.com\/#website","url":"https:\/\/latelierduliege.com\/","name":"L'Atelier du Li\u00e8ge","description":"Ecoresponsable par nature","potentialAction":[{"@type":"SearchAction","target":{"@type":"EntryPoint","urlTemplate":"https:\/\/latelierduliege.com\/?s={search_term_string}"},"query-input":{"@type":"PropertyValueSpecification","valueRequired":true,"valueName":"search_term_string"}}],"inLanguage":"it-IT"}]}},"brands":[{"id":267,"name":"L'Atelier du Li\u00e8ge","slug":"atelier-du-liege"}],"_links":{"self":[{"href":"https:\/\/latelierduliege.com\/it\/wp-json\/wp\/v2\/product\/12014","targetHints":{"allow":["GET"]}}],"collection":[{"href":"https:\/\/latelierduliege.com\/it\/wp-json\/wp\/v2\/product"}],"about":[{"href":"https:\/\/latelierduliege.com\/it\/wp-json\/wp\/v2\/types\/product"}],"replies":[{"embeddable":true,"href":"https:\/\/latelierduliege.com\/it\/wp-json\/wp\/v2\/comments?post=12014"}],"wp:featuredmedia":[{"embeddable":true,"href":"https:\/\/latelierduliege.com\/it\/wp-json\/wp\/v2\/media\/12000"}],"wp:attachment":[{"href":"https:\/\/latelierduliege.com\/it\/wp-json\/wp\/v2\/media?parent=12014"}],"wp:term":[{"taxonomy":"pwb-brand","embeddable":true,"href":"https:\/\/latelierduliege.com\/it\/wp-json\/wp\/v2\/pwb-brand?post=12014"},{"taxonomy":"product_brand","embeddable":true,"href":"https:\/\/latelierduliege.com\/it\/wp-json\/wp\/v2\/product_brand?post=12014"},{"taxonomy":"product_cat","embeddable":true,"href":"https:\/\/latelierduliege.com\/it\/wp-json\/wp\/v2\/product_cat?post=12014"},{"taxonomy":"product_tag","embeddable":true,"href":"https:\/\/latelierduliege.com\/it\/wp-json\/wp\/v2\/product_tag?post=12014"}],"curies":[{"name":"wp","href":"https:\/\/api.w.org\/{rel}","templated":true}]}}