{"id":12098,"date":"2025-05-23T09:34:43","date_gmt":"2025-05-23T09:34:43","guid":{"rendered":"https:\/\/latelierduliege.com\/collection\/buy-1-get-1-free-brown-cork-mens-wallet-with-box-packaging-bag-2254\/"},"modified":"2026-04-15T10:54:24","modified_gmt":"2026-04-15T08:54:24","slug":"castanho-portefeuille-homme-liege","status":"publish","type":"product","link":"https:\/\/latelierduliege.com\/it\/collection\/castanho-portefeuille-homme-liege\/","title":{"rendered":"Portefeuille \u00ab Castanho \u00bb en li\u00e8ge pour homme \u2013 RFID, compact et 1 achet\u00e9 = 1 offert"},"content":{"rendered":"<p data-start=\"359\" data-end=\"722\"><strong data-start=\"359\" data-end=\"416\">Un portefeuille, deux fois plus de raisons de l\u2019aimer<\/strong><br data-start=\"416\" data-end=\"419\" \/>Avec le <strong data-start=\"427\" data-end=\"468\">portefeuille homme li\u00e8ge \u00ab Castanho \u00bb<\/strong>, profitez d\u2019une <strong data-start=\"485\" data-end=\"555\">offre exceptionnelle : pour 1 achet\u00e9, recevez-en 2 automatiquement<\/strong> ! Il suffit d\u2019en commander un seul : nous vous en enverrons <strong data-start=\"616\" data-end=\"655\">deux exemplaires dans le m\u00eame colis<\/strong>. Un pour vous, un \u00e0 offrir\u2026<\/p>\n<p data-start=\"724\" data-end=\"1028\"><strong data-start=\"724\" data-end=\"765\">Design pratique et finitions soign\u00e9es<\/strong><br data-start=\"765\" data-end=\"768\" \/>D\u00e9clin\u00e9 en trois combinaisons \u00e9l\u00e9gantes (Brun + Naturel\/Rustique, Brun + Naturel\/Uni, Tout Brun), \u00ab Castanho \u00bb propose 6 emplacements pour cartes, une pochette \u00e0 monnaie et deux compartiments pour les billets. De quoi tout organiser sans encombrer votre poche.<\/p>\n<p data-start=\"1030\" data-end=\"1244\"><strong data-start=\"1030\" data-end=\"1072\">S\u00e9curit\u00e9 int\u00e9gr\u00e9e avec protection RFID<\/strong><br data-start=\"1072\" data-end=\"1075\" \/>Gr\u00e2ce \u00e0 sa <strong data-start=\"1086\" data-end=\"1120\">technologie FEID anti-piratage<\/strong>, vos cartes bancaires sont \u00e0 l\u2019abri des vols de donn\u00e9es. Un d\u00e9tail discret, mais essentiel pour rester serein au quotidien.<\/p>\n<p data-start=\"1246\" data-end=\"1426\"><strong data-start=\"1246\" data-end=\"1284\">Format compact, capacit\u00e9 optimis\u00e9e<\/strong><br data-start=\"1284\" data-end=\"1287\" \/>Mesurant 11 x 9 x 2 cm (environ 4,3 x 3,5 x 0,8 pouces), il est \u00e0 la fois discret, l\u00e9ger et suffisamment spacieux pour tous vos essentiels.<\/p>\n<p data-start=\"1428\" data-end=\"1698\"><strong data-start=\"1428\" data-end=\"1465\">Engagement durable et responsable<\/strong><br data-start=\"1465\" data-end=\"1468\" \/>Fabriqu\u00e9 en li\u00e8ge v\u00e9g\u00e9tal, ce portefeuille est <strong data-start=\"1515\" data-end=\"1554\">vegan, \u00e9coresponsable et recyclable<\/strong>. Le li\u00e8ge est r\u00e9colt\u00e9 sans abattre les arbres, ce qui en fait un mat\u00e9riau respectueux et durable, parfait pour un accessoire de tous les jours.<\/p>\n<p data-start=\"1700\" data-end=\"1923\"><strong data-start=\"1700\" data-end=\"1727\">Offre sp\u00e9ciale en cours<\/strong><br data-start=\"1727\" data-end=\"1730\" \/>Inutile d\u2019ajouter deux produits au panier : <strong data-start=\"1774\" data-end=\"1850\">commandez-en un seul et vous recevrez automatiquement deux portefeuilles<\/strong>. Une id\u00e9e parfaite pour un cadeau spontan\u00e9, sans frais suppl\u00e9mentaires !<\/p>\n<p data-start=\"1925\" data-end=\"2036\"><strong data-start=\"1925\" data-end=\"1943\">Explorez aussi<\/strong> notre gamme compl\u00e8te de <a href=\"https:\/\/latelierduliege.com\/it\/categoria-prodotto\/pour-les-hommes\/maroquinerie-en-liege-homme\/portefeuilles-homme\/\">portefeuilles homme en li\u00e8ge<\/a> et faites le bon choix.<\/p>\n<p data-start=\"2038\" data-end=\"2169\"><strong data-start=\"2038\" data-end=\"2070\">Vous voulez en savoir plus ?<\/strong> <a href=\"https:\/\/latelierduliege.com\/it\/blog\/\">Consultez notre blog<\/a> pour d\u00e9couvrir les vertus du li\u00e8ge et notre d\u00e9marche durable.<\/p>","protected":false},"excerpt":{"rendered":"<p><strong data-start=\"2226\" data-end=\"2257\">Commandez 1, recevez-en 2 !<\/strong> Le portefeuille homme en li\u00e8ge \u00ab Castanho \u00bb allie style, s\u00e9curit\u00e9 RFID et \u00e9thique. <strong data-start=\"2341\" data-end=\"2382\">Ajoutez-le au panier d\u00e8s maintenant !<\/strong><\/p>\n<p><img loading=\"lazy\" decoding=\"async\" class=\"alignnone size-large wp-image-76\" src=\"https:\/\/latelierduliege.com\/wp-content\/uploads\/2026\/03\/Vantaggi-del-sughero-in-5-punti-2.png\" alt=\"\" width=\"1020\" height=\"682\" srcset=\"https:\/\/latelierduliege.com\/wp-content\/uploads\/2026\/03\/Vantaggi-del-sughero-in-5-punti-2.png 1536w, https:\/\/latelierduliege.com\/wp-content\/uploads\/2026\/03\/Vantaggi-del-sughero-in-5-punti-2-300x200.png 300w, https:\/\/latelierduliege.com\/wp-content\/uploads\/2026\/03\/Vantaggi-del-sughero-in-5-punti-2-1024x683.png 1024w, https:\/\/latelierduliege.com\/wp-content\/uploads\/2026\/03\/Vantaggi-del-sughero-in-5-punti-2-768x512.png 768w, https:\/\/latelierduliege.com\/wp-content\/uploads\/2026\/03\/Vantaggi-del-sughero-in-5-punti-2-18x12.png 18w, https:\/\/latelierduliege.com\/wp-content\/uploads\/2026\/03\/Vantaggi-del-sughero-in-5-punti-2-510x340.png 510w\" sizes=\"auto, (max-width: 1020px) 100vw, 1020px\" \/><\/p>","protected":false},"featured_media":12081,"comment_status":"open","ping_status":"closed","template":"","meta":[],"pwb-brand":[267],"product_brand":[],"product_cat":[621,188,481],"product_tag":[],"class_list":{"0":"post-12098","1":"product","2":"type-product","3":"status-publish","4":"has-post-thumbnail","6":"pwb-brand-atelier-du-liege","7":"product_cat-portefeuilles-liege","8":"product_cat-portefeuilles-homme","9":"product_cat-promotions-liege","11":"first","12":"instock","13":"shipping-taxable","14":"purchasable","15":"product-type-variable"},"yoast_head":"<!-- This site is optimized with the Yoast SEO plugin v27.3 - https:\/\/yoast.com\/product\/yoast-seo-wordpress\/ -->\n<title>Portefeuille \u00ab Castanho \u00bb en li\u00e8ge pour homme \u2013 RFID, compact et 1 achet\u00e9 = 1 offert - L&#039;Atelier du Li\u00e8ge<\/title>\n<meta name=\"description\" content=\"Offre : 1 portefeuille homme li\u00e8ge \u00ab Castanho \u00bb achet\u00e9 = 2 re\u00e7us ! RFID, vegan et styl\u00e9. N\u2019ajoutez qu\u20191 au panier pour profiter du double.\" \/>\n<meta name=\"robots\" content=\"index, follow, max-snippet:-1, max-image-preview:large, max-video-preview:-1\" \/>\n<link rel=\"canonical\" href=\"https:\/\/latelierduliege.com\/it\/collection\/castanho-portefeuille-homme-liege\/\" \/>\n<meta property=\"og:locale\" content=\"it_IT\" \/>\n<meta property=\"og:type\" content=\"article\" \/>\n<meta property=\"og:title\" content=\"Portefeuille \u00ab Castanho \u00bb en li\u00e8ge pour homme \u2013 RFID, compact et 1 achet\u00e9 = 1 offert - L&#039;Atelier du Li\u00e8ge\" \/>\n<meta property=\"og:description\" content=\"Offre : 1 portefeuille homme li\u00e8ge \u00ab Castanho \u00bb achet\u00e9 = 2 re\u00e7us ! RFID, vegan et styl\u00e9. N\u2019ajoutez qu\u20191 au panier pour profiter du double.\" \/>\n<meta property=\"og:url\" content=\"https:\/\/latelierduliege.com\/it\/collection\/castanho-portefeuille-homme-liege\/\" \/>\n<meta property=\"og:site_name\" content=\"L&#039;Atelier du Li\u00e8ge\" \/>\n<meta property=\"article:publisher\" content=\"https:\/\/www.facebook.com\" \/>\n<meta property=\"article:modified_time\" content=\"2026-04-15T08:54:24+00:00\" \/>\n<meta property=\"og:image\" content=\"https:\/\/latelierduliege.com\/wp-content\/uploads\/2025\/05\/buy-1-get-free-brown-cork-mens-wallet-with-box-packaging-bag-2254-flash-sales-433.jpg\" \/>\n\t<meta property=\"og:image:width\" content=\"1024\" \/>\n\t<meta property=\"og:image:height\" content=\"1024\" \/>\n\t<meta property=\"og:image:type\" content=\"image\/jpeg\" \/>\n<meta name=\"twitter:card\" content=\"summary_large_image\" \/>\n<meta name=\"twitter:label1\" content=\"Tempo di lettura stimato\" \/>\n\t<meta name=\"twitter:data1\" content=\"2 minuti\" \/>\n<script type=\"application\/ld+json\" class=\"yoast-schema-graph\">{\"@context\":\"https:\\\/\\\/schema.org\",\"@graph\":[{\"@type\":\"WebPage\",\"@id\":\"https:\\\/\\\/latelierduliege.com\\\/collection\\\/castanho-portefeuille-homme-liege\\\/\",\"url\":\"https:\\\/\\\/latelierduliege.com\\\/collection\\\/castanho-portefeuille-homme-liege\\\/\",\"name\":\"Portefeuille \u00ab Castanho \u00bb en li\u00e8ge pour homme \u2013 RFID, compact et 1 achet\u00e9 = 1 offert - L&#039;Atelier du Li\u00e8ge\",\"isPartOf\":{\"@id\":\"https:\\\/\\\/latelierduliege.com\\\/#website\"},\"primaryImageOfPage\":{\"@id\":\"https:\\\/\\\/latelierduliege.com\\\/collection\\\/castanho-portefeuille-homme-liege\\\/#primaryimage\"},\"image\":{\"@id\":\"https:\\\/\\\/latelierduliege.com\\\/collection\\\/castanho-portefeuille-homme-liege\\\/#primaryimage\"},\"thumbnailUrl\":\"https:\\\/\\\/latelierduliege.com\\\/wp-content\\\/uploads\\\/2025\\\/05\\\/buy-1-get-free-brown-cork-mens-wallet-with-box-packaging-bag-2254-flash-sales-433.jpg\",\"datePublished\":\"2025-05-23T09:34:43+00:00\",\"dateModified\":\"2026-04-15T08:54:24+00:00\",\"description\":\"Offre : 1 portefeuille homme li\u00e8ge \u00ab Castanho \u00bb achet\u00e9 = 2 re\u00e7us ! RFID, vegan et styl\u00e9. N\u2019ajoutez qu\u20191 au panier pour profiter du double.\",\"breadcrumb\":{\"@id\":\"https:\\\/\\\/latelierduliege.com\\\/collection\\\/castanho-portefeuille-homme-liege\\\/#breadcrumb\"},\"inLanguage\":\"it-IT\",\"potentialAction\":[{\"@type\":\"ReadAction\",\"target\":[\"https:\\\/\\\/latelierduliege.com\\\/collection\\\/castanho-portefeuille-homme-liege\\\/\"]}]},{\"@type\":\"ImageObject\",\"inLanguage\":\"it-IT\",\"@id\":\"https:\\\/\\\/latelierduliege.com\\\/collection\\\/castanho-portefeuille-homme-liege\\\/#primaryimage\",\"url\":\"https:\\\/\\\/latelierduliege.com\\\/wp-content\\\/uploads\\\/2025\\\/05\\\/buy-1-get-free-brown-cork-mens-wallet-with-box-packaging-bag-2254-flash-sales-433.jpg\",\"contentUrl\":\"https:\\\/\\\/latelierduliege.com\\\/wp-content\\\/uploads\\\/2025\\\/05\\\/buy-1-get-free-brown-cork-mens-wallet-with-box-packaging-bag-2254-flash-sales-433.jpg\",\"width\":1024,\"height\":1024,\"caption\":\"Img\"},{\"@type\":\"BreadcrumbList\",\"@id\":\"https:\\\/\\\/latelierduliege.com\\\/collection\\\/castanho-portefeuille-homme-liege\\\/#breadcrumb\",\"itemListElement\":[{\"@type\":\"ListItem\",\"position\":1,\"name\":\"Home\",\"item\":\"https:\\\/\\\/latelierduliege.com\\\/\"},{\"@type\":\"ListItem\",\"position\":2,\"name\":\"Boutique\",\"item\":\"https:\\\/\\\/latelierduliege.com\\\/boutique-liege\\\/\"},{\"@type\":\"ListItem\",\"position\":3,\"name\":\"Portefeuille \u00ab Castanho \u00bb en li\u00e8ge pour homme \u2013 RFID, compact et 1 achet\u00e9 = 1 offert\"}]},{\"@type\":\"WebSite\",\"@id\":\"https:\\\/\\\/latelierduliege.com\\\/#website\",\"url\":\"https:\\\/\\\/latelierduliege.com\\\/\",\"name\":\"L'Atelier du Li\u00e8ge\",\"description\":\"Ecoresponsable par nature\",\"potentialAction\":[{\"@type\":\"SearchAction\",\"target\":{\"@type\":\"EntryPoint\",\"urlTemplate\":\"https:\\\/\\\/latelierduliege.com\\\/?s={search_term_string}\"},\"query-input\":{\"@type\":\"PropertyValueSpecification\",\"valueRequired\":true,\"valueName\":\"search_term_string\"}}],\"inLanguage\":\"it-IT\"}]}<\/script>\n<!-- \/ Yoast SEO plugin. -->","yoast_head_json":{"title":"Portefeuille \u00ab Castanho \u00bb en li\u00e8ge pour homme \u2013 RFID, compact et 1 achet\u00e9 = 1 offert - L&#039;Atelier du Li\u00e8ge","description":"Offre : 1 portefeuille homme li\u00e8ge \u00ab Castanho \u00bb achet\u00e9 = 2 re\u00e7us ! RFID, vegan et styl\u00e9. N\u2019ajoutez qu\u20191 au panier pour profiter du double.","robots":{"index":"index","follow":"follow","max-snippet":"max-snippet:-1","max-image-preview":"max-image-preview:large","max-video-preview":"max-video-preview:-1"},"canonical":"https:\/\/latelierduliege.com\/it\/collection\/castanho-portefeuille-homme-liege\/","og_locale":"it_IT","og_type":"article","og_title":"Portefeuille \u00ab Castanho \u00bb en li\u00e8ge pour homme \u2013 RFID, compact et 1 achet\u00e9 = 1 offert - L&#039;Atelier du Li\u00e8ge","og_description":"Offre : 1 portefeuille homme li\u00e8ge \u00ab Castanho \u00bb achet\u00e9 = 2 re\u00e7us ! RFID, vegan et styl\u00e9. N\u2019ajoutez qu\u20191 au panier pour profiter du double.","og_url":"https:\/\/latelierduliege.com\/it\/collection\/castanho-portefeuille-homme-liege\/","og_site_name":"L&#039;Atelier du Li\u00e8ge","article_publisher":"https:\/\/www.facebook.com","article_modified_time":"2026-04-15T08:54:24+00:00","og_image":[{"width":1024,"height":1024,"url":"https:\/\/latelierduliege.com\/wp-content\/uploads\/2025\/05\/buy-1-get-free-brown-cork-mens-wallet-with-box-packaging-bag-2254-flash-sales-433.jpg","type":"image\/jpeg"}],"twitter_card":"summary_large_image","twitter_misc":{"Tempo di lettura stimato":"2 minuti"},"schema":{"@context":"https:\/\/schema.org","@graph":[{"@type":"WebPage","@id":"https:\/\/latelierduliege.com\/collection\/castanho-portefeuille-homme-liege\/","url":"https:\/\/latelierduliege.com\/collection\/castanho-portefeuille-homme-liege\/","name":"Portefeuille \u00ab Castanho \u00bb en li\u00e8ge pour homme \u2013 RFID, compact et 1 achet\u00e9 = 1 offert - L&#039;Atelier du Li\u00e8ge","isPartOf":{"@id":"https:\/\/latelierduliege.com\/#website"},"primaryImageOfPage":{"@id":"https:\/\/latelierduliege.com\/collection\/castanho-portefeuille-homme-liege\/#primaryimage"},"image":{"@id":"https:\/\/latelierduliege.com\/collection\/castanho-portefeuille-homme-liege\/#primaryimage"},"thumbnailUrl":"https:\/\/latelierduliege.com\/wp-content\/uploads\/2025\/05\/buy-1-get-free-brown-cork-mens-wallet-with-box-packaging-bag-2254-flash-sales-433.jpg","datePublished":"2025-05-23T09:34:43+00:00","dateModified":"2026-04-15T08:54:24+00:00","description":"Offre : 1 portefeuille homme li\u00e8ge \u00ab Castanho \u00bb achet\u00e9 = 2 re\u00e7us ! RFID, vegan et styl\u00e9. N\u2019ajoutez qu\u20191 au panier pour profiter du double.","breadcrumb":{"@id":"https:\/\/latelierduliege.com\/collection\/castanho-portefeuille-homme-liege\/#breadcrumb"},"inLanguage":"it-IT","potentialAction":[{"@type":"ReadAction","target":["https:\/\/latelierduliege.com\/collection\/castanho-portefeuille-homme-liege\/"]}]},{"@type":"ImageObject","inLanguage":"it-IT","@id":"https:\/\/latelierduliege.com\/collection\/castanho-portefeuille-homme-liege\/#primaryimage","url":"https:\/\/latelierduliege.com\/wp-content\/uploads\/2025\/05\/buy-1-get-free-brown-cork-mens-wallet-with-box-packaging-bag-2254-flash-sales-433.jpg","contentUrl":"https:\/\/latelierduliege.com\/wp-content\/uploads\/2025\/05\/buy-1-get-free-brown-cork-mens-wallet-with-box-packaging-bag-2254-flash-sales-433.jpg","width":1024,"height":1024,"caption":"Img"},{"@type":"BreadcrumbList","@id":"https:\/\/latelierduliege.com\/collection\/castanho-portefeuille-homme-liege\/#breadcrumb","itemListElement":[{"@type":"ListItem","position":1,"name":"Home","item":"https:\/\/latelierduliege.com\/"},{"@type":"ListItem","position":2,"name":"Boutique","item":"https:\/\/latelierduliege.com\/boutique-liege\/"},{"@type":"ListItem","position":3,"name":"Portefeuille \u00ab Castanho \u00bb en li\u00e8ge pour homme \u2013 RFID, compact et 1 achet\u00e9 = 1 offert"}]},{"@type":"WebSite","@id":"https:\/\/latelierduliege.com\/#website","url":"https:\/\/latelierduliege.com\/","name":"L'Atelier du Li\u00e8ge","description":"Ecoresponsable par nature","potentialAction":[{"@type":"SearchAction","target":{"@type":"EntryPoint","urlTemplate":"https:\/\/latelierduliege.com\/?s={search_term_string}"},"query-input":{"@type":"PropertyValueSpecification","valueRequired":true,"valueName":"search_term_string"}}],"inLanguage":"it-IT"}]}},"brands":[{"id":267,"name":"L'Atelier du Li\u00e8ge","slug":"atelier-du-liege"}],"_links":{"self":[{"href":"https:\/\/latelierduliege.com\/it\/wp-json\/wp\/v2\/product\/12098","targetHints":{"allow":["GET"]}}],"collection":[{"href":"https:\/\/latelierduliege.com\/it\/wp-json\/wp\/v2\/product"}],"about":[{"href":"https:\/\/latelierduliege.com\/it\/wp-json\/wp\/v2\/types\/product"}],"replies":[{"embeddable":true,"href":"https:\/\/latelierduliege.com\/it\/wp-json\/wp\/v2\/comments?post=12098"}],"wp:featuredmedia":[{"embeddable":true,"href":"https:\/\/latelierduliege.com\/it\/wp-json\/wp\/v2\/media\/12081"}],"wp:attachment":[{"href":"https:\/\/latelierduliege.com\/it\/wp-json\/wp\/v2\/media?parent=12098"}],"wp:term":[{"taxonomy":"pwb-brand","embeddable":true,"href":"https:\/\/latelierduliege.com\/it\/wp-json\/wp\/v2\/pwb-brand?post=12098"},{"taxonomy":"product_brand","embeddable":true,"href":"https:\/\/latelierduliege.com\/it\/wp-json\/wp\/v2\/product_brand?post=12098"},{"taxonomy":"product_cat","embeddable":true,"href":"https:\/\/latelierduliege.com\/it\/wp-json\/wp\/v2\/product_cat?post=12098"},{"taxonomy":"product_tag","embeddable":true,"href":"https:\/\/latelierduliege.com\/it\/wp-json\/wp\/v2\/product_tag?post=12098"}],"curies":[{"name":"wp","href":"https:\/\/api.w.org\/{rel}","templated":true}]}}