{"id":12165,"date":"2025-08-27T14:05:49","date_gmt":"2025-08-27T14:05:49","guid":{"rendered":"https:\/\/latelierduliege.com\/collection\/mens-cork-and-canvas-fusion-laptop-commuter-backpack-bag-2283\/"},"modified":"2026-04-07T16:57:38","modified_gmt":"2026-04-07T14:57:38","slug":"monteiro-sac-a-dos-homme-liege","status":"publish","type":"product","link":"https:\/\/latelierduliege.com\/it\/collection\/monteiro-sac-a-dos-homme-liege\/","title":{"rendered":"Sac \u00e0 dos \u00ab Monteiro \u00bb en li\u00e8ge et toile pour homme \u2013 Ordinateur, voyage et style \u00e9co-responsable"},"content":{"rendered":"<p data-start=\"342\" data-end=\"665\"><strong data-start=\"342\" data-end=\"396\"><span dir=\"auto\" style=\"vertical-align: inherit;\"><span dir=\"auto\" style=\"vertical-align: inherit;\">Un sac \u00e0 dos homme li\u00e8ge aussi pratique qu&rsquo;\u00e9l\u00e9gant<\/span><\/span><\/strong><br data-start=\"396\" data-end=\"399\" \/><span dir=\"auto\" style=\"vertical-align: inherit;\"><span dir=\"auto\" style=\"vertical-align: inherit;\"> Il <\/span><\/span><strong data-start=\"402\" data-end=\"440\"><span dir=\"auto\" style=\"vertical-align: inherit;\"><span dir=\"auto\" style=\"vertical-align: inherit;\">sac \u00e0 dos homme li\u00e8ge \u00ab Monteiro \u00bb<\/span><\/span><\/strong><span dir=\"auto\" style=\"vertical-align: inherit;\"><span dir=\"auto\" style=\"vertical-align: inherit;\"> est le compagnon id\u00e9al pour les d\u00e9placements du quotidien comme pour les escapades occasionnelles. Con\u00e7u avec soin dans un m\u00e9lange robuste de <\/span><\/span><strong data-start=\"578\" data-end=\"595\"><span dir=\"auto\" style=\"vertical-align: inherit;\"><span dir=\"auto\" style=\"vertical-align: inherit;\">li\u00e8ge naturel<\/span><\/span><\/strong><span dir=\"auto\" style=\"vertical-align: inherit;\"><span dir=\"auto\" style=\"vertical-align: inherit;\"> et de <\/span><\/span><strong data-start=\"602\" data-end=\"623\"><span dir=\"auto\" style=\"vertical-align: inherit;\"><span dir=\"auto\" style=\"vertical-align: inherit;\">toile 100 % coton<\/span><\/span><\/strong><span dir=\"auto\" style=\"vertical-align: inherit;\"><span dir=\"auto\" style=\"vertical-align: inherit;\"> , il associe durabilit\u00e9, confort et style.<\/span><\/span><\/p>\n<p data-start=\"667\" data-end=\"1020\"><strong data-start=\"667\" data-end=\"702\"><span dir=\"auto\" style=\"vertical-align: inherit;\"><span dir=\"auto\" style=\"vertical-align: inherit;\">Pens\u00e9 pour vos besoins modernes<\/span><\/span><\/strong><br data-start=\"702\" data-end=\"705\" \/><span dir=\"auto\" style=\"vertical-align: inherit;\"><span dir=\"auto\" style=\"vertical-align: inherit;\"> Son int\u00e9rieur spacieux vous permet de transporter tout ce dont vous avez besoin : un compartiment <\/span><\/span><strong data-start=\"803\" data-end=\"841\"><span dir=\"auto\" style=\"vertical-align: inherit;\"><span dir=\"auto\" style=\"vertical-align: inherit;\">rembourr\u00e9 pour ordinateur portable<\/span><\/span><\/strong><span dir=\"auto\" style=\"vertical-align: inherit;\"><span dir=\"auto\" style=\"vertical-align: inherit;\"> , des poches d\u00e9di\u00e9es pour le t\u00e9l\u00e9phone, les cartes, les documents, et m\u00eame quelques livres. Il s&rsquo;adapte \u00e0 la ville comme aux voyages, tout en gardant vos affaires bien organis\u00e9es.<\/span><\/span><\/p>\n<p data-start=\"1022\" data-end=\"1362\"><strong data-start=\"1022\" data-end=\"1049\"><span dir=\"auto\" style=\"vertical-align: inherit;\"><span dir=\"auto\" style=\"vertical-align: inherit;\">Un confort au quotidien<\/span><\/span><\/strong><br data-start=\"1049\" data-end=\"1052\" \/><span dir=\"auto\" style=\"vertical-align: inherit;\"><span dir=\"auto\" style=\"vertical-align: inherit;\"> Gr\u00e2ce \u00e0 ses <\/span><\/span><strong data-start=\"1064\" data-end=\"1087\"><span dir=\"auto\" style=\"vertical-align: inherit;\"><span dir=\"auto\" style=\"vertical-align: inherit;\">bretelles r\u00e9glables<\/span><\/span><\/strong><span dir=\"auto\" style=\"vertical-align: inherit;\"><span dir=\"auto\" style=\"vertical-align: inherit;\"> et \u00e0 sa fermeture \u00e0 rabat s\u00e9curis\u00e9e par deux gros boutons, le sac \u00ab Monteiro \u00bb reste confortable \u00e0 porter, m\u00eame lors de longues journ\u00e9es. Les finitions en <\/span><\/span><strong data-start=\"1243\" data-end=\"1259\"><span dir=\"auto\" style=\"vertical-align: inherit;\"><span dir=\"auto\" style=\"vertical-align: inherit;\">m\u00e9tal bross\u00e9<\/span><\/span><\/strong><span dir=\"auto\" style=\"vertical-align: inherit;\"><span dir=\"auto\" style=\"vertical-align: inherit;\"> et les <\/span><\/span><strong data-start=\"1267\" data-end=\"1297\"><span dir=\"auto\" style=\"vertical-align: inherit;\"><span dir=\"auto\" style=\"vertical-align: inherit;\">fermetures \u00e9clair robustes<\/span><\/span><\/strong><span dir=\"auto\" style=\"vertical-align: inherit;\"><span dir=\"auto\" style=\"vertical-align: inherit;\"> assurent une longue dur\u00e9e de vie sans nuire \u00e0 l&rsquo;esth\u00e9tique.<\/span><\/span><\/p>\n<p data-start=\"1364\" data-end=\"1567\"><strong data-start=\"1364\" data-end=\"1390\"><span dir=\"auto\" style=\"vertical-align: inherit;\"><span dir=\"auto\" style=\"vertical-align: inherit;\">Choisissez votre style<\/span><\/span><\/strong><br data-start=\"1390\" data-end=\"1393\" \/><span dir=\"auto\" style=\"vertical-align: inherit;\"><span dir=\"auto\" style=\"vertical-align: inherit;\"> Disponible en <\/span><\/span><strong data-start=\"1407\" data-end=\"1429\"><span dir=\"auto\" style=\"vertical-align: inherit;\"><span dir=\"auto\" style=\"vertical-align: inherit;\">noir, gris et vert<\/span><\/span><\/strong><span dir=\"auto\" style=\"vertical-align: inherit;\"><span dir=\"auto\" style=\"vertical-align: inherit;\"> , il vous permet d&rsquo;affirmer votre personnalit\u00e9 tout en restant sobre et \u00e9l\u00e9gant. Des couleurs masculines et naturelles pour un look \u00e9pur\u00e9.<\/span><\/span><\/p>\n<p data-start=\"1569\" data-end=\"1800\"><strong data-start=\"1569\" data-end=\"1598\"><span dir=\"auto\" style=\"vertical-align: inherit;\"><span dir=\"auto\" style=\"vertical-align: inherit;\">\u00c9coresponsable par nature<\/span><\/span><\/strong><br data-start=\"1598\" data-end=\"1601\" \/><span dir=\"auto\" style=\"vertical-align: inherit;\"><span dir=\"auto\" style=\"vertical-align: inherit;\"> Fabriqu\u00e9 avec des mat\u00e9riaux respectueux de l&rsquo;environnement, ce <\/span><\/span><strong data-start=\"1664\" data-end=\"1689\"><span dir=\"auto\" style=\"vertical-align: inherit;\"><span dir=\"auto\" style=\"vertical-align: inherit;\">sac \u00e0 dos homme li\u00e8ge<\/span><\/span><\/strong><span dir=\"auto\" style=\"vertical-align: inherit;\"><span dir=\"auto\" style=\"vertical-align: inherit;\"> est vegan, sans cruaut\u00e9 animale, r\u00e9sistant \u00e0 l&rsquo;eau, et parfaitement adapt\u00e9 \u00e0 une consommation plus consciencieuse.<\/span><\/span><\/p>\n<p data-start=\"1802\" data-end=\"1973\"><strong data-start=\"1802\" data-end=\"1832\"><span dir=\"auto\" style=\"vertical-align: inherit;\"><span dir=\"auto\" style=\"vertical-align: inherit;\">Compl\u00e9tez votre \u00e9quipement<\/span><\/span><\/strong><br data-start=\"1832\" data-end=\"1835\" \/><span dir=\"auto\" style=\"vertical-align: inherit;\"><span dir=\"auto\" style=\"vertical-align: inherit;\"> D\u00e9couvrez \u00e9galement notre <\/span><\/span><a class=\"decorated-link cursor-pointer\" rel=\"noopener\" data-start=\"1857\" data-end=\"1910\"><span dir=\"auto\" style=\"vertical-align: inherit;\"><span dir=\"auto\" style=\"vertical-align: inherit;\">s\u00e9lection de sacs pour homme en li\u00e8ge<\/span><\/span><\/a><span dir=\"auto\" style=\"vertical-align: inherit;\"><span dir=\"auto\" style=\"vertical-align: inherit;\"> pour assortir tous vos accessoires avec \u00e9l\u00e9gance et coh\u00e9rence.<\/span><\/span><\/p>\n<p data-start=\"1975\" data-end=\"2099\"><strong data-start=\"1975\" data-end=\"2003\"><span dir=\"auto\" style=\"vertical-align: inherit;\"><span dir=\"auto\" style=\"vertical-align: inherit;\">Envie d&rsquo;en savoir plus ? <\/span><\/span><\/strong> <a href=\"https:\/\/latelierduliege.com\/it\/comment-le-liege-est-il-recolte\/\"><span dir=\"auto\" style=\"vertical-align: inherit;\"><span dir=\"auto\" style=\"vertical-align: inherit;\">Consultez notre article sur les bienfaits du li\u00e8ge et notre engagement durable<\/span><\/span><\/a><span dir=\"auto\" style=\"vertical-align: inherit;\"><span dir=\"auto\" style=\"vertical-align: inherit;\"> .<\/span><\/span><\/p>","protected":false},"excerpt":{"rendered":"<p><span dir=\"auto\" style=\"vertical-align: inherit;\"><span dir=\"auto\" style=\"vertical-align: inherit;\">Transportez vos essentiels avec style ! Le sac \u00e0 dos homme en li\u00e8ge \u00ab Monteiro \u00bb prot\u00e8ge votre ordinateur avec \u00e9l\u00e9gance. <\/span><\/span><strong data-start=\"2274\" data-end=\"2320\"><span dir=\"auto\" style=\"vertical-align: inherit;\"><span dir=\"auto\" style=\"vertical-align: inherit;\">Choisissez votre couleur et commandez-le !<\/span><\/span><\/strong><span dir=\"auto\" style=\"vertical-align: inherit;\"><span dir=\"auto\" style=\"vertical-align: inherit;\"> .<\/span><\/span><\/p>\n<p><img loading=\"lazy\" decoding=\"async\" class=\"alignnone size-large wp-image-76\" src=\"https:\/\/latelierduliege.com\/wp-content\/uploads\/2026\/03\/Vantaggi-del-sughero-in-5-punti-2.png\" alt=\"\" width=\"1020\" height=\"682\" srcset=\"https:\/\/latelierduliege.com\/wp-content\/uploads\/2026\/03\/Vantaggi-del-sughero-in-5-punti-2.png 1536w, https:\/\/latelierduliege.com\/wp-content\/uploads\/2026\/03\/Vantaggi-del-sughero-in-5-punti-2-300x200.png 300w, https:\/\/latelierduliege.com\/wp-content\/uploads\/2026\/03\/Vantaggi-del-sughero-in-5-punti-2-1024x683.png 1024w, https:\/\/latelierduliege.com\/wp-content\/uploads\/2026\/03\/Vantaggi-del-sughero-in-5-punti-2-768x512.png 768w, https:\/\/latelierduliege.com\/wp-content\/uploads\/2026\/03\/Vantaggi-del-sughero-in-5-punti-2-18x12.png 18w, https:\/\/latelierduliege.com\/wp-content\/uploads\/2026\/03\/Vantaggi-del-sughero-in-5-punti-2-510x340.png 510w\" sizes=\"auto, (max-width: 1020px) 100vw, 1020px\" \/><\/p>","protected":false},"featured_media":12151,"comment_status":"open","ping_status":"closed","template":"","meta":[],"pwb-brand":[267],"product_brand":[],"product_cat":[553,481,192],"product_tag":[],"class_list":{"0":"post-12165","1":"product","2":"type-product","3":"status-publish","4":"has-post-thumbnail","6":"pwb-brand-atelier-du-liege","7":"product_cat-nouveautes-accessoires-liege","8":"product_cat-promotions-liege","9":"product_cat-sacs-a-dos","11":"first","12":"instock","13":"shipping-taxable","14":"purchasable","15":"product-type-variable"},"yoast_head":"<!-- This site is optimized with the Yoast SEO plugin v27.3 - https:\/\/yoast.com\/product\/yoast-seo-wordpress\/ -->\n<title>- L&#039;Atelier du Li\u00e8ge<\/title>\n<meta name=\"description\" content=\"Sac \u00e0 dos homme li\u00e8ge \u00ab Monteiro \u00bb \u2013 \u00e9l\u00e9gant, durable et \u00e9coresponsable. Parfait pour ordinateur portable et d\u00e9placements quotidiens.\" \/>\n<meta name=\"robots\" content=\"index, follow, max-snippet:-1, max-image-preview:large, max-video-preview:-1\" \/>\n<link rel=\"canonical\" href=\"https:\/\/latelierduliege.com\/it\/collection\/monteiro-sac-a-dos-homme-liege\/\" \/>\n<meta property=\"og:locale\" content=\"it_IT\" \/>\n<meta property=\"og:type\" content=\"article\" \/>\n<meta property=\"og:title\" content=\"- L&#039;Atelier du Li\u00e8ge\" \/>\n<meta property=\"og:description\" content=\"Sac \u00e0 dos homme li\u00e8ge \u00ab Monteiro \u00bb \u2013 \u00e9l\u00e9gant, durable et \u00e9coresponsable. Parfait pour ordinateur portable et d\u00e9placements quotidiens.\" \/>\n<meta property=\"og:url\" content=\"https:\/\/latelierduliege.com\/it\/collection\/monteiro-sac-a-dos-homme-liege\/\" \/>\n<meta property=\"og:site_name\" content=\"L&#039;Atelier du Li\u00e8ge\" \/>\n<meta property=\"article:publisher\" content=\"https:\/\/www.facebook.com\" \/>\n<meta property=\"article:modified_time\" content=\"2026-04-07T14:57:38+00:00\" \/>\n<meta property=\"og:image\" content=\"https:\/\/latelierduliege.com\/wp-content\/uploads\/2025\/08\/2153553-scaled.jpg\" \/>\n\t<meta property=\"og:image:width\" content=\"2560\" \/>\n\t<meta property=\"og:image:height\" content=\"2560\" \/>\n\t<meta property=\"og:image:type\" content=\"image\/jpeg\" \/>\n<meta name=\"twitter:card\" content=\"summary_large_image\" \/>\n<meta name=\"twitter:label1\" content=\"Tempo di lettura stimato\" \/>\n\t<meta name=\"twitter:data1\" content=\"2 minuti\" \/>\n<script type=\"application\/ld+json\" class=\"yoast-schema-graph\">{\"@context\":\"https:\\\/\\\/schema.org\",\"@graph\":[{\"@type\":\"WebPage\",\"@id\":\"https:\\\/\\\/latelierduliege.com\\\/collection\\\/monteiro-sac-a-dos-homme-liege\\\/\",\"url\":\"https:\\\/\\\/latelierduliege.com\\\/collection\\\/monteiro-sac-a-dos-homme-liege\\\/\",\"name\":\"- L&#039;Atelier du Li\u00e8ge\",\"isPartOf\":{\"@id\":\"https:\\\/\\\/latelierduliege.com\\\/#website\"},\"primaryImageOfPage\":{\"@id\":\"https:\\\/\\\/latelierduliege.com\\\/collection\\\/monteiro-sac-a-dos-homme-liege\\\/#primaryimage\"},\"image\":{\"@id\":\"https:\\\/\\\/latelierduliege.com\\\/collection\\\/monteiro-sac-a-dos-homme-liege\\\/#primaryimage\"},\"thumbnailUrl\":\"https:\\\/\\\/latelierduliege.com\\\/wp-content\\\/uploads\\\/2025\\\/08\\\/2153553-scaled.jpg\",\"datePublished\":\"2025-08-27T14:05:49+00:00\",\"dateModified\":\"2026-04-07T14:57:38+00:00\",\"description\":\"Sac \u00e0 dos homme li\u00e8ge \u00ab Monteiro \u00bb \u2013 \u00e9l\u00e9gant, durable et \u00e9coresponsable. Parfait pour ordinateur portable et d\u00e9placements quotidiens.\",\"breadcrumb\":{\"@id\":\"https:\\\/\\\/latelierduliege.com\\\/collection\\\/monteiro-sac-a-dos-homme-liege\\\/#breadcrumb\"},\"inLanguage\":\"it-IT\",\"potentialAction\":[{\"@type\":\"ReadAction\",\"target\":[\"https:\\\/\\\/latelierduliege.com\\\/collection\\\/monteiro-sac-a-dos-homme-liege\\\/\"]}]},{\"@type\":\"ImageObject\",\"inLanguage\":\"it-IT\",\"@id\":\"https:\\\/\\\/latelierduliege.com\\\/collection\\\/monteiro-sac-a-dos-homme-liege\\\/#primaryimage\",\"url\":\"https:\\\/\\\/latelierduliege.com\\\/wp-content\\\/uploads\\\/2025\\\/08\\\/2153553-scaled.jpg\",\"contentUrl\":\"https:\\\/\\\/latelierduliege.com\\\/wp-content\\\/uploads\\\/2025\\\/08\\\/2153553-scaled.jpg\",\"width\":2560,\"height\":2560},{\"@type\":\"BreadcrumbList\",\"@id\":\"https:\\\/\\\/latelierduliege.com\\\/collection\\\/monteiro-sac-a-dos-homme-liege\\\/#breadcrumb\",\"itemListElement\":[{\"@type\":\"ListItem\",\"position\":1,\"name\":\"Home\",\"item\":\"https:\\\/\\\/latelierduliege.com\\\/\"},{\"@type\":\"ListItem\",\"position\":2,\"name\":\"Boutique\",\"item\":\"https:\\\/\\\/latelierduliege.com\\\/boutique-liege\\\/\"},{\"@type\":\"ListItem\",\"position\":3,\"name\":\"Sac \u00e0 dos \u00ab Monteiro \u00bb en li\u00e8ge et toile pour homme \u2013 Ordinateur, voyage et style \u00e9co-responsable\"}]},{\"@type\":\"WebSite\",\"@id\":\"https:\\\/\\\/latelierduliege.com\\\/#website\",\"url\":\"https:\\\/\\\/latelierduliege.com\\\/\",\"name\":\"L'Atelier du Li\u00e8ge\",\"description\":\"Ecoresponsable par nature\",\"potentialAction\":[{\"@type\":\"SearchAction\",\"target\":{\"@type\":\"EntryPoint\",\"urlTemplate\":\"https:\\\/\\\/latelierduliege.com\\\/?s={search_term_string}\"},\"query-input\":{\"@type\":\"PropertyValueSpecification\",\"valueRequired\":true,\"valueName\":\"search_term_string\"}}],\"inLanguage\":\"it-IT\"}]}<\/script>\n<!-- \/ Yoast SEO plugin. -->","yoast_head_json":{"title":"- L&#039;Atelier du Li\u00e8ge","description":"Sac \u00e0 dos homme li\u00e8ge \u00ab Monteiro \u00bb \u2013 \u00e9l\u00e9gant, durable et \u00e9coresponsable. Parfait pour ordinateur portable et d\u00e9placements quotidiens.","robots":{"index":"index","follow":"follow","max-snippet":"max-snippet:-1","max-image-preview":"max-image-preview:large","max-video-preview":"max-video-preview:-1"},"canonical":"https:\/\/latelierduliege.com\/it\/collection\/monteiro-sac-a-dos-homme-liege\/","og_locale":"it_IT","og_type":"article","og_title":"- L&#039;Atelier du Li\u00e8ge","og_description":"Sac \u00e0 dos homme li\u00e8ge \u00ab Monteiro \u00bb \u2013 \u00e9l\u00e9gant, durable et \u00e9coresponsable. Parfait pour ordinateur portable et d\u00e9placements quotidiens.","og_url":"https:\/\/latelierduliege.com\/it\/collection\/monteiro-sac-a-dos-homme-liege\/","og_site_name":"L&#039;Atelier du Li\u00e8ge","article_publisher":"https:\/\/www.facebook.com","article_modified_time":"2026-04-07T14:57:38+00:00","og_image":[{"width":2560,"height":2560,"url":"https:\/\/latelierduliege.com\/wp-content\/uploads\/2025\/08\/2153553-scaled.jpg","type":"image\/jpeg"}],"twitter_card":"summary_large_image","twitter_misc":{"Tempo di lettura stimato":"2 minuti"},"schema":{"@context":"https:\/\/schema.org","@graph":[{"@type":"WebPage","@id":"https:\/\/latelierduliege.com\/collection\/monteiro-sac-a-dos-homme-liege\/","url":"https:\/\/latelierduliege.com\/collection\/monteiro-sac-a-dos-homme-liege\/","name":"- L&#039;Atelier du Li\u00e8ge","isPartOf":{"@id":"https:\/\/latelierduliege.com\/#website"},"primaryImageOfPage":{"@id":"https:\/\/latelierduliege.com\/collection\/monteiro-sac-a-dos-homme-liege\/#primaryimage"},"image":{"@id":"https:\/\/latelierduliege.com\/collection\/monteiro-sac-a-dos-homme-liege\/#primaryimage"},"thumbnailUrl":"https:\/\/latelierduliege.com\/wp-content\/uploads\/2025\/08\/2153553-scaled.jpg","datePublished":"2025-08-27T14:05:49+00:00","dateModified":"2026-04-07T14:57:38+00:00","description":"Sac \u00e0 dos homme li\u00e8ge \u00ab Monteiro \u00bb \u2013 \u00e9l\u00e9gant, durable et \u00e9coresponsable. Parfait pour ordinateur portable et d\u00e9placements quotidiens.","breadcrumb":{"@id":"https:\/\/latelierduliege.com\/collection\/monteiro-sac-a-dos-homme-liege\/#breadcrumb"},"inLanguage":"it-IT","potentialAction":[{"@type":"ReadAction","target":["https:\/\/latelierduliege.com\/collection\/monteiro-sac-a-dos-homme-liege\/"]}]},{"@type":"ImageObject","inLanguage":"it-IT","@id":"https:\/\/latelierduliege.com\/collection\/monteiro-sac-a-dos-homme-liege\/#primaryimage","url":"https:\/\/latelierduliege.com\/wp-content\/uploads\/2025\/08\/2153553-scaled.jpg","contentUrl":"https:\/\/latelierduliege.com\/wp-content\/uploads\/2025\/08\/2153553-scaled.jpg","width":2560,"height":2560},{"@type":"BreadcrumbList","@id":"https:\/\/latelierduliege.com\/collection\/monteiro-sac-a-dos-homme-liege\/#breadcrumb","itemListElement":[{"@type":"ListItem","position":1,"name":"Home","item":"https:\/\/latelierduliege.com\/"},{"@type":"ListItem","position":2,"name":"Boutique","item":"https:\/\/latelierduliege.com\/boutique-liege\/"},{"@type":"ListItem","position":3,"name":"Sac \u00e0 dos \u00ab Monteiro \u00bb en li\u00e8ge et toile pour homme \u2013 Ordinateur, voyage et style \u00e9co-responsable"}]},{"@type":"WebSite","@id":"https:\/\/latelierduliege.com\/#website","url":"https:\/\/latelierduliege.com\/","name":"L'Atelier du Li\u00e8ge","description":"Ecoresponsable par nature","potentialAction":[{"@type":"SearchAction","target":{"@type":"EntryPoint","urlTemplate":"https:\/\/latelierduliege.com\/?s={search_term_string}"},"query-input":{"@type":"PropertyValueSpecification","valueRequired":true,"valueName":"search_term_string"}}],"inLanguage":"it-IT"}]}},"brands":[{"id":267,"name":"L'Atelier du Li\u00e8ge","slug":"atelier-du-liege"}],"_links":{"self":[{"href":"https:\/\/latelierduliege.com\/it\/wp-json\/wp\/v2\/product\/12165","targetHints":{"allow":["GET"]}}],"collection":[{"href":"https:\/\/latelierduliege.com\/it\/wp-json\/wp\/v2\/product"}],"about":[{"href":"https:\/\/latelierduliege.com\/it\/wp-json\/wp\/v2\/types\/product"}],"replies":[{"embeddable":true,"href":"https:\/\/latelierduliege.com\/it\/wp-json\/wp\/v2\/comments?post=12165"}],"wp:featuredmedia":[{"embeddable":true,"href":"https:\/\/latelierduliege.com\/it\/wp-json\/wp\/v2\/media\/12151"}],"wp:attachment":[{"href":"https:\/\/latelierduliege.com\/it\/wp-json\/wp\/v2\/media?parent=12165"}],"wp:term":[{"taxonomy":"pwb-brand","embeddable":true,"href":"https:\/\/latelierduliege.com\/it\/wp-json\/wp\/v2\/pwb-brand?post=12165"},{"taxonomy":"product_brand","embeddable":true,"href":"https:\/\/latelierduliege.com\/it\/wp-json\/wp\/v2\/product_brand?post=12165"},{"taxonomy":"product_cat","embeddable":true,"href":"https:\/\/latelierduliege.com\/it\/wp-json\/wp\/v2\/product_cat?post=12165"},{"taxonomy":"product_tag","embeddable":true,"href":"https:\/\/latelierduliege.com\/it\/wp-json\/wp\/v2\/product_tag?post=12165"}],"curies":[{"name":"wp","href":"https:\/\/api.w.org\/{rel}","templated":true}]}}