{"id":12440,"date":"2026-04-18T17:54:14","date_gmt":"2026-04-18T15:54:14","guid":{"rendered":"https:\/\/latelierduliege.com\/collection\/mens-rfid-blocking-cork-card-slim-wallets-bag-2275\/"},"modified":"2026-04-18T18:26:19","modified_gmt":"2026-04-18T16:26:19","slug":"fino-porte-cartes-homme-liege-rfid","status":"publish","type":"product","link":"https:\/\/latelierduliege.com\/it\/collection\/fino-porte-cartes-homme-liege-rfid\/","title":{"rendered":"Porte-cartes homme en li\u00e8ge \u00ab Fino \u00bb \u2013 RFID, slim et vegan"},"content":{"rendered":"<h2 data-section-id=\"18ii5a6\" data-start=\"270\" data-end=\"308\">L\u2019\u00e9l\u00e9gance minimaliste au quotidien<\/h2>\n<p data-start=\"310\" data-end=\"503\">D\u00e9couvrez <strong data-start=\"320\" data-end=\"328\">Fino<\/strong>, un porte-cartes homme en li\u00e8ge pens\u00e9 pour ceux qui aiment aller \u00e0 l\u2019essentiel. Fin, l\u00e9ger et pratique, il remplace avantageusement le portefeuille classique trop encombrant.<\/p>\n<p data-start=\"505\" data-end=\"612\">Son format compact permet de garder vos indispensables toujours \u00e0 port\u00e9e de main, avec style et discr\u00e9tion.<\/p>\n<h2 data-section-id=\"nflpwk\" data-start=\"614\" data-end=\"656\">Un porte-cartes homme en li\u00e8ge pratique<\/h2>\n<p data-start=\"658\" data-end=\"734\">Le mod\u00e8le Fino offre un rangement intelligent malgr\u00e9 son design minimaliste.<\/p>\n<p data-start=\"736\" data-end=\"762\">Il permet de transporter :<\/p>\n<ul data-start=\"764\" data-end=\"892\">\n<li data-section-id=\"gmaoin\" data-start=\"764\" data-end=\"784\">jusqu\u2019\u00e0 4 cartes<\/li>\n<li data-section-id=\"15b83rq\" data-start=\"785\" data-end=\"847\">1 carte d\u2019identit\u00e9 visible gr\u00e2ce \u00e0 la fen\u00eatre transparente<\/li>\n<li data-section-id=\"1wmwyfy\" data-start=\"848\" data-end=\"892\">billets pli\u00e9s ou petits papiers essentiels<\/li>\n<\/ul>\n<p data-start=\"894\" data-end=\"946\">Id\u00e9al pour le quotidien, les sorties ou les voyages.<\/p>\n<h2 data-section-id=\"16gbjks\" data-start=\"948\" data-end=\"975\">Protection RFID int\u00e9gr\u00e9e<\/h2>\n<p data-start=\"977\" data-end=\"1030\">Vos donn\u00e9es personnelles m\u00e9ritent une vraie s\u00e9curit\u00e9.<\/p>\n<p data-start=\"1032\" data-end=\"1167\">Fino dispose d\u2019une protection <strong data-start=\"1062\" data-end=\"1084\">RFID anti-piratage<\/strong> qui aide \u00e0 bloquer les lectures sans contact non d\u00e9sir\u00e9es de vos cartes bancaires.<\/p>\n<p data-start=\"1169\" data-end=\"1210\">Un d\u00e9tail discret, mais devenu essentiel.<\/p>\n<h2 data-section-id=\"mq9i8b\" data-start=\"1212\" data-end=\"1240\">L\u00e9ger, r\u00e9sistant et vegan<\/h2>\n<p data-start=\"1242\" data-end=\"1338\">Fabriqu\u00e9 en li\u00e8ge naturel, ce porte-cartes homme en li\u00e8ge allie style et engagement responsable.<\/p>\n<p data-start=\"1340\" data-end=\"1380\">Le li\u00e8ge est reconnu pour ses qualit\u00e9s :<\/p>\n<ul data-start=\"1382\" data-end=\"1451\">\n<li data-section-id=\"1a0svq5\" data-start=\"1382\" data-end=\"1391\">l\u00e9ger<\/li>\n<li data-section-id=\"xr3j2t\" data-start=\"1392\" data-end=\"1405\">r\u00e9sistant<\/li>\n<li data-section-id=\"ud8to8\" data-start=\"1406\" data-end=\"1416\">souple<\/li>\n<li data-section-id=\"phc1ar\" data-start=\"1417\" data-end=\"1426\">vegan<\/li>\n<li data-section-id=\"ekoukh\" data-start=\"1427\" data-end=\"1438\">durable<\/li>\n<li data-section-id=\"1h81wjk\" data-start=\"1439\" data-end=\"1451\">recyclable<\/li>\n<\/ul>\n<p data-start=\"1453\" data-end=\"1500\">De plus, il est r\u00e9colt\u00e9 sans couper les arbres.<\/p>\n<h2 data-section-id=\"shj6f4\" data-start=\"1502\" data-end=\"1533\">Un style masculin et moderne<\/h2>\n<p data-start=\"1535\" data-end=\"1577\">Disponible en plusieurs coloris \u00e9l\u00e9gants :<\/p>\n<ul data-start=\"1579\" data-end=\"1606\">\n<li data-section-id=\"19oyff6\" data-start=\"1579\" data-end=\"1587\">noir<\/li>\n<li data-section-id=\"1cdu4ar\" data-start=\"1588\" data-end=\"1596\">brun<\/li>\n<li data-section-id=\"cxhxod\" data-start=\"1597\" data-end=\"1606\">naturel<\/li>\n<\/ul>\n<p data-start=\"1608\" data-end=\"1684\">Fino s\u2019accorde facilement \u00e0 tous les styles, du plus casual au plus habill\u00e9.<\/p>\n<h2 data-section-id=\"7q4hfq\" data-start=\"1686\" data-end=\"1699\">Dimensioni<\/h2>\n<p data-start=\"1701\" data-end=\"1716\"><strong data-start=\"1701\" data-end=\"1716\">11 x 7,5 cm<\/strong><\/p>\n<p data-start=\"1718\" data-end=\"1781\">Un format id\u00e9al pour la poche avant, une veste ou un petit sac.<\/p>\n<h2 data-section-id=\"3l7x0r\" data-start=\"1783\" data-end=\"1809\">Pourquoi choisir Fino ?<\/h2>\n<ul data-start=\"1811\" data-end=\"1958\">\n<li data-section-id=\"g2rfy5\" data-start=\"1811\" data-end=\"1850\">Porte-cartes homme en li\u00e8ge \u00e9l\u00e9gant<\/li>\n<li data-section-id=\"l0pj1h\" data-start=\"1851\" data-end=\"1880\">Alternative vegan au cuir<\/li>\n<li data-section-id=\"19gtoya\" data-start=\"1881\" data-end=\"1900\">Protection RFID<\/li>\n<li data-section-id=\"9lwvec\" data-start=\"1901\" data-end=\"1925\">Format slim et l\u00e9ger<\/li>\n<li data-section-id=\"ls94xn\" data-start=\"1926\" data-end=\"1958\">Id\u00e9al pour les hommes modernes<\/li>\n<\/ul>\n<p data-start=\"1960\" data-end=\"2038\">D\u00e9couvrez \u00e9galement notre collection compl\u00e8te de <a href=\"https:\/\/latelierduliege.com\/it\/categoria-prodotto\/pour-les-hommes\/maroquinerie-en-liege-homme\/portefeuilles-homme\/\">portefeuilles homme<\/a> en li\u00e8ge.<\/p>","protected":false},"excerpt":{"rendered":"<p>Le mod\u00e8le \u00ab Fino \u00bb r\u00e9unit l\u2019essentiel dans un format ultra-fin. Porte-cartes homme en li\u00e8ge avec protection RFID, design minimaliste et esprit vegan.<\/p>\n<p><img loading=\"lazy\" decoding=\"async\" class=\"alignnone size-large wp-image-76\" src=\"https:\/\/latelierduliege.com\/wp-content\/uploads\/2026\/03\/Vantaggi-del-sughero-in-5-punti-2.png\" alt=\"\" width=\"1020\" height=\"682\" srcset=\"https:\/\/latelierduliege.com\/wp-content\/uploads\/2026\/03\/Vantaggi-del-sughero-in-5-punti-2.png 1536w, https:\/\/latelierduliege.com\/wp-content\/uploads\/2026\/03\/Vantaggi-del-sughero-in-5-punti-2-300x200.png 300w, https:\/\/latelierduliege.com\/wp-content\/uploads\/2026\/03\/Vantaggi-del-sughero-in-5-punti-2-1024x683.png 1024w, https:\/\/latelierduliege.com\/wp-content\/uploads\/2026\/03\/Vantaggi-del-sughero-in-5-punti-2-768x512.png 768w, https:\/\/latelierduliege.com\/wp-content\/uploads\/2026\/03\/Vantaggi-del-sughero-in-5-punti-2-18x12.png 18w, https:\/\/latelierduliege.com\/wp-content\/uploads\/2026\/03\/Vantaggi-del-sughero-in-5-punti-2-510x340.png 510w\" sizes=\"auto, (max-width: 1020px) 100vw, 1020px\" \/><\/p>","protected":false},"featured_media":12427,"comment_status":"open","ping_status":"closed","template":"","meta":[],"pwb-brand":[267],"product_brand":[],"product_cat":[330,553,621,188,202],"product_tag":[],"class_list":{"0":"post-12440","1":"product","2":"type-product","3":"status-publish","4":"has-post-thumbnail","6":"pwb-brand-atelier-du-liege","7":"product_cat-maroquinerie-en-liege-homme","8":"product_cat-nouveautes-accessoires-liege","9":"product_cat-portefeuilles-liege","10":"product_cat-portefeuilles-homme","11":"product_cat-pour-les-hommes","13":"first","14":"instock","15":"shipping-taxable","16":"purchasable","17":"product-type-variable"},"yoast_head":"<!-- This site is optimized with the Yoast SEO plugin v27.4 - https:\/\/yoast.com\/product\/yoast-seo-wordpress\/ -->\n<title>Porte-cartes homme en li\u00e8ge \u00ab Fino \u00bb \u2013 RFID, slim et vegan - L&#039;Atelier du Li\u00e8ge<\/title>\n<meta name=\"description\" content=\"Porte-cartes homme en li\u00e8ge \u00ab Fino \u00bb : slim, RFID, vegan et \u00e9l\u00e9gant. Format compact id\u00e9al pour cartes et essentiels du quotidien.\" \/>\n<meta name=\"robots\" content=\"index, follow, max-snippet:-1, max-image-preview:large, max-video-preview:-1\" \/>\n<link rel=\"canonical\" href=\"https:\/\/latelierduliege.com\/it\/collection\/fino-porte-cartes-homme-liege-rfid\/\" \/>\n<meta property=\"og:locale\" content=\"it_IT\" \/>\n<meta property=\"og:type\" content=\"article\" \/>\n<meta property=\"og:title\" content=\"Porte-cartes homme en li\u00e8ge \u00ab Fino \u00bb \u2013 RFID, slim et vegan - L&#039;Atelier du Li\u00e8ge\" \/>\n<meta property=\"og:description\" content=\"Porte-cartes homme en li\u00e8ge \u00ab Fino \u00bb : slim, RFID, vegan et \u00e9l\u00e9gant. Format compact id\u00e9al pour cartes et essentiels du quotidien.\" \/>\n<meta property=\"og:url\" content=\"https:\/\/latelierduliege.com\/it\/collection\/fino-porte-cartes-homme-liege-rfid\/\" \/>\n<meta property=\"og:site_name\" content=\"L&#039;Atelier du Li\u00e8ge\" \/>\n<meta property=\"article:publisher\" content=\"https:\/\/www.facebook.com\" \/>\n<meta property=\"article:modified_time\" content=\"2026-04-18T16:26:19+00:00\" \/>\n<meta property=\"og:image\" content=\"https:\/\/latelierduliege.com\/wp-content\/uploads\/2026\/04\/ZXW04025.jpg\" \/>\n\t<meta property=\"og:image:width\" content=\"1200\" \/>\n\t<meta property=\"og:image:height\" content=\"1200\" \/>\n\t<meta property=\"og:image:type\" content=\"image\/jpeg\" \/>\n<meta name=\"twitter:card\" content=\"summary_large_image\" \/>\n<meta name=\"twitter:label1\" content=\"Tempo di lettura stimato\" \/>\n\t<meta name=\"twitter:data1\" content=\"2 minuti\" \/>\n<script type=\"application\/ld+json\" class=\"yoast-schema-graph\">{\"@context\":\"https:\\\/\\\/schema.org\",\"@graph\":[{\"@type\":\"WebPage\",\"@id\":\"https:\\\/\\\/latelierduliege.com\\\/collection\\\/fino-porte-cartes-homme-liege-rfid\\\/\",\"url\":\"https:\\\/\\\/latelierduliege.com\\\/collection\\\/fino-porte-cartes-homme-liege-rfid\\\/\",\"name\":\"Porte-cartes homme en li\u00e8ge \u00ab Fino \u00bb \u2013 RFID, slim et vegan - L&#039;Atelier du Li\u00e8ge\",\"isPartOf\":{\"@id\":\"https:\\\/\\\/latelierduliege.com\\\/#website\"},\"primaryImageOfPage\":{\"@id\":\"https:\\\/\\\/latelierduliege.com\\\/collection\\\/fino-porte-cartes-homme-liege-rfid\\\/#primaryimage\"},\"image\":{\"@id\":\"https:\\\/\\\/latelierduliege.com\\\/collection\\\/fino-porte-cartes-homme-liege-rfid\\\/#primaryimage\"},\"thumbnailUrl\":\"https:\\\/\\\/latelierduliege.com\\\/wp-content\\\/uploads\\\/2026\\\/04\\\/ZXW04025.jpg\",\"datePublished\":\"2026-04-18T15:54:14+00:00\",\"dateModified\":\"2026-04-18T16:26:19+00:00\",\"description\":\"Porte-cartes homme en li\u00e8ge \u00ab Fino \u00bb : slim, RFID, vegan et \u00e9l\u00e9gant. Format compact id\u00e9al pour cartes et essentiels du quotidien.\",\"breadcrumb\":{\"@id\":\"https:\\\/\\\/latelierduliege.com\\\/collection\\\/fino-porte-cartes-homme-liege-rfid\\\/#breadcrumb\"},\"inLanguage\":\"it-IT\",\"potentialAction\":[{\"@type\":\"ReadAction\",\"target\":[\"https:\\\/\\\/latelierduliege.com\\\/collection\\\/fino-porte-cartes-homme-liege-rfid\\\/\"]}]},{\"@type\":\"ImageObject\",\"inLanguage\":\"it-IT\",\"@id\":\"https:\\\/\\\/latelierduliege.com\\\/collection\\\/fino-porte-cartes-homme-liege-rfid\\\/#primaryimage\",\"url\":\"https:\\\/\\\/latelierduliege.com\\\/wp-content\\\/uploads\\\/2026\\\/04\\\/ZXW04025.jpg\",\"contentUrl\":\"https:\\\/\\\/latelierduliege.com\\\/wp-content\\\/uploads\\\/2026\\\/04\\\/ZXW04025.jpg\",\"width\":1200,\"height\":1200},{\"@type\":\"BreadcrumbList\",\"@id\":\"https:\\\/\\\/latelierduliege.com\\\/collection\\\/fino-porte-cartes-homme-liege-rfid\\\/#breadcrumb\",\"itemListElement\":[{\"@type\":\"ListItem\",\"position\":1,\"name\":\"Home\",\"item\":\"https:\\\/\\\/latelierduliege.com\\\/\"},{\"@type\":\"ListItem\",\"position\":2,\"name\":\"Boutique\",\"item\":\"https:\\\/\\\/latelierduliege.com\\\/boutique-liege\\\/\"},{\"@type\":\"ListItem\",\"position\":3,\"name\":\"Porte-cartes homme en li\u00e8ge \u00ab Fino \u00bb \u2013 RFID, slim et vegan\"}]},{\"@type\":\"WebSite\",\"@id\":\"https:\\\/\\\/latelierduliege.com\\\/#website\",\"url\":\"https:\\\/\\\/latelierduliege.com\\\/\",\"name\":\"L'Atelier du Li\u00e8ge\",\"description\":\"Ecoresponsable par nature\",\"potentialAction\":[{\"@type\":\"SearchAction\",\"target\":{\"@type\":\"EntryPoint\",\"urlTemplate\":\"https:\\\/\\\/latelierduliege.com\\\/?s={search_term_string}\"},\"query-input\":{\"@type\":\"PropertyValueSpecification\",\"valueRequired\":true,\"valueName\":\"search_term_string\"}}],\"inLanguage\":\"it-IT\"}]}<\/script>\n<!-- \/ Yoast SEO plugin. -->","yoast_head_json":{"title":"Porte-cartes homme en li\u00e8ge \u00ab Fino \u00bb \u2013 RFID, slim et vegan - L&#039;Atelier du Li\u00e8ge","description":"Porte-cartes homme en li\u00e8ge \u00ab Fino \u00bb : slim, RFID, vegan et \u00e9l\u00e9gant. Format compact id\u00e9al pour cartes et essentiels du quotidien.","robots":{"index":"index","follow":"follow","max-snippet":"max-snippet:-1","max-image-preview":"max-image-preview:large","max-video-preview":"max-video-preview:-1"},"canonical":"https:\/\/latelierduliege.com\/it\/collection\/fino-porte-cartes-homme-liege-rfid\/","og_locale":"it_IT","og_type":"article","og_title":"Porte-cartes homme en li\u00e8ge \u00ab Fino \u00bb \u2013 RFID, slim et vegan - L&#039;Atelier du Li\u00e8ge","og_description":"Porte-cartes homme en li\u00e8ge \u00ab Fino \u00bb : slim, RFID, vegan et \u00e9l\u00e9gant. Format compact id\u00e9al pour cartes et essentiels du quotidien.","og_url":"https:\/\/latelierduliege.com\/it\/collection\/fino-porte-cartes-homme-liege-rfid\/","og_site_name":"L&#039;Atelier du Li\u00e8ge","article_publisher":"https:\/\/www.facebook.com","article_modified_time":"2026-04-18T16:26:19+00:00","og_image":[{"width":1200,"height":1200,"url":"https:\/\/latelierduliege.com\/wp-content\/uploads\/2026\/04\/ZXW04025.jpg","type":"image\/jpeg"}],"twitter_card":"summary_large_image","twitter_misc":{"Tempo di lettura stimato":"2 minuti"},"schema":{"@context":"https:\/\/schema.org","@graph":[{"@type":"WebPage","@id":"https:\/\/latelierduliege.com\/collection\/fino-porte-cartes-homme-liege-rfid\/","url":"https:\/\/latelierduliege.com\/collection\/fino-porte-cartes-homme-liege-rfid\/","name":"Porte-cartes homme en li\u00e8ge \u00ab Fino \u00bb \u2013 RFID, slim et vegan - L&#039;Atelier du Li\u00e8ge","isPartOf":{"@id":"https:\/\/latelierduliege.com\/#website"},"primaryImageOfPage":{"@id":"https:\/\/latelierduliege.com\/collection\/fino-porte-cartes-homme-liege-rfid\/#primaryimage"},"image":{"@id":"https:\/\/latelierduliege.com\/collection\/fino-porte-cartes-homme-liege-rfid\/#primaryimage"},"thumbnailUrl":"https:\/\/latelierduliege.com\/wp-content\/uploads\/2026\/04\/ZXW04025.jpg","datePublished":"2026-04-18T15:54:14+00:00","dateModified":"2026-04-18T16:26:19+00:00","description":"Porte-cartes homme en li\u00e8ge \u00ab Fino \u00bb : slim, RFID, vegan et \u00e9l\u00e9gant. Format compact id\u00e9al pour cartes et essentiels du quotidien.","breadcrumb":{"@id":"https:\/\/latelierduliege.com\/collection\/fino-porte-cartes-homme-liege-rfid\/#breadcrumb"},"inLanguage":"it-IT","potentialAction":[{"@type":"ReadAction","target":["https:\/\/latelierduliege.com\/collection\/fino-porte-cartes-homme-liege-rfid\/"]}]},{"@type":"ImageObject","inLanguage":"it-IT","@id":"https:\/\/latelierduliege.com\/collection\/fino-porte-cartes-homme-liege-rfid\/#primaryimage","url":"https:\/\/latelierduliege.com\/wp-content\/uploads\/2026\/04\/ZXW04025.jpg","contentUrl":"https:\/\/latelierduliege.com\/wp-content\/uploads\/2026\/04\/ZXW04025.jpg","width":1200,"height":1200},{"@type":"BreadcrumbList","@id":"https:\/\/latelierduliege.com\/collection\/fino-porte-cartes-homme-liege-rfid\/#breadcrumb","itemListElement":[{"@type":"ListItem","position":1,"name":"Home","item":"https:\/\/latelierduliege.com\/"},{"@type":"ListItem","position":2,"name":"Boutique","item":"https:\/\/latelierduliege.com\/boutique-liege\/"},{"@type":"ListItem","position":3,"name":"Porte-cartes homme en li\u00e8ge \u00ab Fino \u00bb \u2013 RFID, slim et vegan"}]},{"@type":"WebSite","@id":"https:\/\/latelierduliege.com\/#website","url":"https:\/\/latelierduliege.com\/","name":"L'Atelier du Li\u00e8ge","description":"Ecoresponsable par nature","potentialAction":[{"@type":"SearchAction","target":{"@type":"EntryPoint","urlTemplate":"https:\/\/latelierduliege.com\/?s={search_term_string}"},"query-input":{"@type":"PropertyValueSpecification","valueRequired":true,"valueName":"search_term_string"}}],"inLanguage":"it-IT"}]}},"brands":[{"id":267,"name":"L'Atelier du Li\u00e8ge","slug":"atelier-du-liege"}],"_links":{"self":[{"href":"https:\/\/latelierduliege.com\/it\/wp-json\/wp\/v2\/product\/12440","targetHints":{"allow":["GET"]}}],"collection":[{"href":"https:\/\/latelierduliege.com\/it\/wp-json\/wp\/v2\/product"}],"about":[{"href":"https:\/\/latelierduliege.com\/it\/wp-json\/wp\/v2\/types\/product"}],"replies":[{"embeddable":true,"href":"https:\/\/latelierduliege.com\/it\/wp-json\/wp\/v2\/comments?post=12440"}],"wp:featuredmedia":[{"embeddable":true,"href":"https:\/\/latelierduliege.com\/it\/wp-json\/wp\/v2\/media\/12427"}],"wp:attachment":[{"href":"https:\/\/latelierduliege.com\/it\/wp-json\/wp\/v2\/media?parent=12440"}],"wp:term":[{"taxonomy":"pwb-brand","embeddable":true,"href":"https:\/\/latelierduliege.com\/it\/wp-json\/wp\/v2\/pwb-brand?post=12440"},{"taxonomy":"product_brand","embeddable":true,"href":"https:\/\/latelierduliege.com\/it\/wp-json\/wp\/v2\/product_brand?post=12440"},{"taxonomy":"product_cat","embeddable":true,"href":"https:\/\/latelierduliege.com\/it\/wp-json\/wp\/v2\/product_cat?post=12440"},{"taxonomy":"product_tag","embeddable":true,"href":"https:\/\/latelierduliege.com\/it\/wp-json\/wp\/v2\/product_tag?post=12440"}],"curies":[{"name":"wp","href":"https:\/\/api.w.org\/{rel}","templated":true}]}}