{"id":9473,"date":"2022-12-12T04:07:11","date_gmt":"2022-12-12T04:07:11","guid":{"rendered":"http:\/\/latelierduliege.com\/collection\/black-and-brown-cork-slim-card-men-wallet-bag-351-bd\/"},"modified":"2026-04-16T16:16:07","modified_gmt":"2026-04-16T14:16:07","slug":"portefeuille-liege-homme-laurentim","status":"publish","type":"product","link":"https:\/\/latelierduliege.com\/it\/collection\/portefeuille-liege-homme-laurentim\/","title":{"rendered":"Portefeuille en li\u00e8ge \u00ab Laurentim \u00bb pour homme \u2013 Fin, pratique et vegan"},"content":{"rendered":"<ul>\n<li><strong>Portefeuille en li\u00e8ge \u00ab\u00a0Laurentim\u00a0\u00bb pour homme\u00a0 : un accessoire pratique et \u00e9cologique<\/strong><br \/>\nFabriqu\u00e9 \u00e0 partir de li\u00e8ge r\u00e9colt\u00e9 directement au Portugal, ce portefeuille VEGAN est l&rsquo;alternative parfaite au cuir. <strong>Artisanal et respectueux de l&rsquo;environnement<\/strong>, il combine style unique, praticit\u00e9 et durabilit\u00e9.<\/li>\n<\/ul>\n<p>Le li\u00e8ge utilis\u00e9 est <strong>pr\u00e9lev\u00e9 \u00e0 la main<\/strong> sans endommager les arbres, offrant une <strong>ressource renouvelable<\/strong> id\u00e9ale. Chaque arbre peut produire jusqu&rsquo;\u00e0 7 r\u00e9coltes au cours de sa vie, faisant du li\u00e8ge un mat\u00e9riau naturellement \u00e9cologique.<\/p>\n<h3>Points forts :<\/h3>\n<ul>\n<li><strong>R\u00e9sistant et waterproof<\/strong> : Facile \u00e0 entretenir avec un peu d&rsquo;eau.<\/li>\n<li><strong>Fin et compact<\/strong> : Dimensions parfaites pour la poche d&rsquo;un pantalon ou jean (11 x 9 x 2 cm).<\/li>\n<li><strong>Pratique<\/strong> : 10 emplacements pour cartes et une poche principale pour billets.<\/li>\n<li><strong>\u00c9l\u00e9gance naturelle<\/strong> : Disponible en deux couleurs, chaque pi\u00e8ce est unique gr\u00e2ce \u00e0 sa fabrication artisanale.<\/li>\n<\/ul>\n<p><strong>Mat\u00e9riaux :<\/strong><\/p>\n<ul>\n<li>Li\u00e8ge naturel<\/li>\n<li>PU (int\u00e9rieur)<\/li>\n<\/ul>\n<p>D\u00e9couvrez aussi notre guide d\u2019entretien <a style=\"font-size: 14.4px;\" href=\"http:\/\/latelierduliege.com\/it\/nettoyer-produits-en-liege\/\">cliquant ici<\/a><span style=\"font-size: 14.4px;\">.<\/span><\/p>\n<p>&nbsp;<\/p>\n<p>&nbsp;<\/p>","protected":false},"excerpt":{"rendered":"<p>Ce portefeuille VEGAN en li\u00e8ge pour homme est fabriqu\u00e9 exclusivement \u00e0 partir de cuir v\u00e9g\u00e9tal. Disponible en deux couleurs diff\u00e9rentes (noir et marron), ce portemonnaie pour homme est un accessoire \u00e0 la fois pratique et durable qui permettra d&rsquo;afficher vos convictions ainsi que votre amour pour la nature. Fabriqu\u00e9 \u00e0 la main dans nos ateliers situ\u00e9s au Portugal, ce portefeuille est fabriqu\u00e9 par des artisans qui travaillent le li\u00e8ge depuis plus d&rsquo;une d\u00e9cennie.<\/p>\n<hr \/>\n<p><img loading=\"lazy\" decoding=\"async\" class=\"alignnone size-large wp-image-76\" src=\"http:\/\/latelierduliege.com\/wp-content\/uploads\/2019\/09\/Sans-titre-2-1024x685.png\" alt=\"\" width=\"1020\" height=\"682\" srcset=\"https:\/\/latelierduliege.com\/wp-content\/uploads\/2019\/09\/Sans-titre-2-1024x685.png 1024w, https:\/\/latelierduliege.com\/wp-content\/uploads\/2019\/09\/Sans-titre-2-510x341.png 510w, https:\/\/latelierduliege.com\/wp-content\/uploads\/2019\/09\/Sans-titre-2-300x201.png 300w, https:\/\/latelierduliege.com\/wp-content\/uploads\/2019\/09\/Sans-titre-2-768x514.png 768w, https:\/\/latelierduliege.com\/wp-content\/uploads\/2019\/09\/Sans-titre-2-600x402.png 600w, https:\/\/latelierduliege.com\/wp-content\/uploads\/2019\/09\/Sans-titre-2.png 1113w\" sizes=\"auto, (max-width: 1020px) 100vw, 1020px\" \/><\/p>","protected":false},"featured_media":9481,"comment_status":"open","ping_status":"closed","template":"","meta":[],"pwb-brand":[267],"product_brand":[],"product_cat":[330,621,188,202],"product_tag":[],"class_list":{"0":"post-9473","1":"product","2":"type-product","3":"status-publish","4":"has-post-thumbnail","6":"pwb-brand-atelier-du-liege","7":"product_cat-maroquinerie-en-liege-homme","8":"product_cat-portefeuilles-liege","9":"product_cat-portefeuilles-homme","10":"product_cat-pour-les-hommes","12":"first","13":"instock","14":"shipping-taxable","15":"purchasable","16":"product-type-variable"},"yoast_head":"<!-- This site is optimized with the Yoast SEO plugin v27.3 - https:\/\/yoast.com\/product\/yoast-seo-wordpress\/ -->\n<title>Portefeuille en li\u00e8ge homme \u2013 \u00c9l\u00e9gant et durable - L&#039;Atelier du Li\u00e8ge<\/title>\n<meta name=\"description\" content=\"PortefeuPortefeuille en li\u00e8ge homme, fin et compact. 10 emplacements cartes, poche billettes et \u00e9tanche. \u00c9l\u00e9gant, vegan et fabriqu\u00e9 au Portugal.\" \/>\n<meta name=\"robots\" content=\"index, follow, max-snippet:-1, max-image-preview:large, max-video-preview:-1\" \/>\n<link rel=\"canonical\" href=\"https:\/\/latelierduliege.com\/it\/collection\/portefeuille-liege-homme-laurentim\/\" \/>\n<meta property=\"og:locale\" content=\"it_IT\" \/>\n<meta property=\"og:type\" content=\"article\" \/>\n<meta property=\"og:title\" content=\"Portefeuille en li\u00e8ge homme \u2013 \u00c9l\u00e9gant et durable - L&#039;Atelier du Li\u00e8ge\" \/>\n<meta property=\"og:description\" content=\"PortefeuPortefeuille en li\u00e8ge homme, fin et compact. 10 emplacements cartes, poche billettes et \u00e9tanche. \u00c9l\u00e9gant, vegan et fabriqu\u00e9 au Portugal.\" \/>\n<meta property=\"og:url\" content=\"https:\/\/latelierduliege.com\/it\/collection\/portefeuille-liege-homme-laurentim\/\" \/>\n<meta property=\"og:site_name\" content=\"L&#039;Atelier du Li\u00e8ge\" \/>\n<meta property=\"article:publisher\" content=\"https:\/\/www.facebook.com\" \/>\n<meta property=\"article:modified_time\" content=\"2026-04-16T14:16:07+00:00\" \/>\n<meta property=\"og:image\" content=\"https:\/\/latelierduliege.com\/wp-content\/uploads\/2022\/12\/portefeuille-pour-homme-en-liege-laurentim-11.jpg\" \/>\n\t<meta property=\"og:image:width\" content=\"600\" \/>\n\t<meta property=\"og:image:height\" content=\"600\" \/>\n\t<meta property=\"og:image:type\" content=\"image\/jpeg\" \/>\n<meta name=\"twitter:card\" content=\"summary_large_image\" \/>\n<meta name=\"twitter:label1\" content=\"Tempo di lettura stimato\" \/>\n\t<meta name=\"twitter:data1\" content=\"1 minuto\" \/>\n<script type=\"application\/ld+json\" class=\"yoast-schema-graph\">{\"@context\":\"https:\\\/\\\/schema.org\",\"@graph\":[{\"@type\":\"WebPage\",\"@id\":\"https:\\\/\\\/latelierduliege.com\\\/collection\\\/portefeuille-liege-homme-laurentim\\\/\",\"url\":\"https:\\\/\\\/latelierduliege.com\\\/collection\\\/portefeuille-liege-homme-laurentim\\\/\",\"name\":\"Portefeuille en li\u00e8ge homme \u2013 \u00c9l\u00e9gant et durable - L&#039;Atelier du Li\u00e8ge\",\"isPartOf\":{\"@id\":\"https:\\\/\\\/latelierduliege.com\\\/#website\"},\"primaryImageOfPage\":{\"@id\":\"https:\\\/\\\/latelierduliege.com\\\/collection\\\/portefeuille-liege-homme-laurentim\\\/#primaryimage\"},\"image\":{\"@id\":\"https:\\\/\\\/latelierduliege.com\\\/collection\\\/portefeuille-liege-homme-laurentim\\\/#primaryimage\"},\"thumbnailUrl\":\"https:\\\/\\\/latelierduliege.com\\\/wp-content\\\/uploads\\\/2022\\\/12\\\/portefeuille-pour-homme-en-liege-laurentim-11.jpg\",\"datePublished\":\"2022-12-12T04:07:11+00:00\",\"dateModified\":\"2026-04-16T14:16:07+00:00\",\"description\":\"PortefeuPortefeuille en li\u00e8ge homme, fin et compact. 10 emplacements cartes, poche billettes et \u00e9tanche. \u00c9l\u00e9gant, vegan et fabriqu\u00e9 au Portugal.\",\"breadcrumb\":{\"@id\":\"https:\\\/\\\/latelierduliege.com\\\/collection\\\/portefeuille-liege-homme-laurentim\\\/#breadcrumb\"},\"inLanguage\":\"it-IT\",\"potentialAction\":[{\"@type\":\"ReadAction\",\"target\":[\"https:\\\/\\\/latelierduliege.com\\\/collection\\\/portefeuille-liege-homme-laurentim\\\/\"]}]},{\"@type\":\"ImageObject\",\"inLanguage\":\"it-IT\",\"@id\":\"https:\\\/\\\/latelierduliege.com\\\/collection\\\/portefeuille-liege-homme-laurentim\\\/#primaryimage\",\"url\":\"https:\\\/\\\/latelierduliege.com\\\/wp-content\\\/uploads\\\/2022\\\/12\\\/portefeuille-pour-homme-en-liege-laurentim-11.jpg\",\"contentUrl\":\"https:\\\/\\\/latelierduliege.com\\\/wp-content\\\/uploads\\\/2022\\\/12\\\/portefeuille-pour-homme-en-liege-laurentim-11.jpg\",\"width\":600,\"height\":600,\"caption\":\"portefeuille pour homme en li\u00e8ge - laurentim (11)\"},{\"@type\":\"BreadcrumbList\",\"@id\":\"https:\\\/\\\/latelierduliege.com\\\/collection\\\/portefeuille-liege-homme-laurentim\\\/#breadcrumb\",\"itemListElement\":[{\"@type\":\"ListItem\",\"position\":1,\"name\":\"Home\",\"item\":\"https:\\\/\\\/latelierduliege.com\\\/\"},{\"@type\":\"ListItem\",\"position\":2,\"name\":\"Boutique\",\"item\":\"https:\\\/\\\/latelierduliege.com\\\/boutique-liege\\\/\"},{\"@type\":\"ListItem\",\"position\":3,\"name\":\"Portefeuille en li\u00e8ge \u00ab Laurentim \u00bb pour homme \u2013 Fin, pratique et vegan\"}]},{\"@type\":\"WebSite\",\"@id\":\"https:\\\/\\\/latelierduliege.com\\\/#website\",\"url\":\"https:\\\/\\\/latelierduliege.com\\\/\",\"name\":\"L'Atelier du Li\u00e8ge\",\"description\":\"Ecoresponsable par nature\",\"potentialAction\":[{\"@type\":\"SearchAction\",\"target\":{\"@type\":\"EntryPoint\",\"urlTemplate\":\"https:\\\/\\\/latelierduliege.com\\\/?s={search_term_string}\"},\"query-input\":{\"@type\":\"PropertyValueSpecification\",\"valueRequired\":true,\"valueName\":\"search_term_string\"}}],\"inLanguage\":\"it-IT\"}]}<\/script>\n<!-- \/ Yoast SEO plugin. -->","yoast_head_json":{"title":"Portefeuille en li\u00e8ge homme \u2013 \u00c9l\u00e9gant et durable - L&#039;Atelier du Li\u00e8ge","description":"PortefeuPortefeuille en li\u00e8ge homme, fin et compact. 10 emplacements cartes, poche billettes et \u00e9tanche. \u00c9l\u00e9gant, vegan et fabriqu\u00e9 au Portugal.","robots":{"index":"index","follow":"follow","max-snippet":"max-snippet:-1","max-image-preview":"max-image-preview:large","max-video-preview":"max-video-preview:-1"},"canonical":"https:\/\/latelierduliege.com\/it\/collection\/portefeuille-liege-homme-laurentim\/","og_locale":"it_IT","og_type":"article","og_title":"Portefeuille en li\u00e8ge homme \u2013 \u00c9l\u00e9gant et durable - L&#039;Atelier du Li\u00e8ge","og_description":"PortefeuPortefeuille en li\u00e8ge homme, fin et compact. 10 emplacements cartes, poche billettes et \u00e9tanche. \u00c9l\u00e9gant, vegan et fabriqu\u00e9 au Portugal.","og_url":"https:\/\/latelierduliege.com\/it\/collection\/portefeuille-liege-homme-laurentim\/","og_site_name":"L&#039;Atelier du Li\u00e8ge","article_publisher":"https:\/\/www.facebook.com","article_modified_time":"2026-04-16T14:16:07+00:00","og_image":[{"width":600,"height":600,"url":"https:\/\/latelierduliege.com\/wp-content\/uploads\/2022\/12\/portefeuille-pour-homme-en-liege-laurentim-11.jpg","type":"image\/jpeg"}],"twitter_card":"summary_large_image","twitter_misc":{"Tempo di lettura stimato":"1 minuto"},"schema":{"@context":"https:\/\/schema.org","@graph":[{"@type":"WebPage","@id":"https:\/\/latelierduliege.com\/collection\/portefeuille-liege-homme-laurentim\/","url":"https:\/\/latelierduliege.com\/collection\/portefeuille-liege-homme-laurentim\/","name":"Portefeuille en li\u00e8ge homme \u2013 \u00c9l\u00e9gant et durable - L&#039;Atelier du Li\u00e8ge","isPartOf":{"@id":"https:\/\/latelierduliege.com\/#website"},"primaryImageOfPage":{"@id":"https:\/\/latelierduliege.com\/collection\/portefeuille-liege-homme-laurentim\/#primaryimage"},"image":{"@id":"https:\/\/latelierduliege.com\/collection\/portefeuille-liege-homme-laurentim\/#primaryimage"},"thumbnailUrl":"https:\/\/latelierduliege.com\/wp-content\/uploads\/2022\/12\/portefeuille-pour-homme-en-liege-laurentim-11.jpg","datePublished":"2022-12-12T04:07:11+00:00","dateModified":"2026-04-16T14:16:07+00:00","description":"PortefeuPortefeuille en li\u00e8ge homme, fin et compact. 10 emplacements cartes, poche billettes et \u00e9tanche. \u00c9l\u00e9gant, vegan et fabriqu\u00e9 au Portugal.","breadcrumb":{"@id":"https:\/\/latelierduliege.com\/collection\/portefeuille-liege-homme-laurentim\/#breadcrumb"},"inLanguage":"it-IT","potentialAction":[{"@type":"ReadAction","target":["https:\/\/latelierduliege.com\/collection\/portefeuille-liege-homme-laurentim\/"]}]},{"@type":"ImageObject","inLanguage":"it-IT","@id":"https:\/\/latelierduliege.com\/collection\/portefeuille-liege-homme-laurentim\/#primaryimage","url":"https:\/\/latelierduliege.com\/wp-content\/uploads\/2022\/12\/portefeuille-pour-homme-en-liege-laurentim-11.jpg","contentUrl":"https:\/\/latelierduliege.com\/wp-content\/uploads\/2022\/12\/portefeuille-pour-homme-en-liege-laurentim-11.jpg","width":600,"height":600,"caption":"portefeuille pour homme en li\u00e8ge - laurentim (11)"},{"@type":"BreadcrumbList","@id":"https:\/\/latelierduliege.com\/collection\/portefeuille-liege-homme-laurentim\/#breadcrumb","itemListElement":[{"@type":"ListItem","position":1,"name":"Home","item":"https:\/\/latelierduliege.com\/"},{"@type":"ListItem","position":2,"name":"Boutique","item":"https:\/\/latelierduliege.com\/boutique-liege\/"},{"@type":"ListItem","position":3,"name":"Portefeuille en li\u00e8ge \u00ab Laurentim \u00bb pour homme \u2013 Fin, pratique et vegan"}]},{"@type":"WebSite","@id":"https:\/\/latelierduliege.com\/#website","url":"https:\/\/latelierduliege.com\/","name":"L'Atelier du Li\u00e8ge","description":"Ecoresponsable par nature","potentialAction":[{"@type":"SearchAction","target":{"@type":"EntryPoint","urlTemplate":"https:\/\/latelierduliege.com\/?s={search_term_string}"},"query-input":{"@type":"PropertyValueSpecification","valueRequired":true,"valueName":"search_term_string"}}],"inLanguage":"it-IT"}]}},"brands":[{"id":267,"name":"L'Atelier du Li\u00e8ge","slug":"atelier-du-liege"}],"_links":{"self":[{"href":"https:\/\/latelierduliege.com\/it\/wp-json\/wp\/v2\/product\/9473","targetHints":{"allow":["GET"]}}],"collection":[{"href":"https:\/\/latelierduliege.com\/it\/wp-json\/wp\/v2\/product"}],"about":[{"href":"https:\/\/latelierduliege.com\/it\/wp-json\/wp\/v2\/types\/product"}],"replies":[{"embeddable":true,"href":"https:\/\/latelierduliege.com\/it\/wp-json\/wp\/v2\/comments?post=9473"}],"wp:featuredmedia":[{"embeddable":true,"href":"https:\/\/latelierduliege.com\/it\/wp-json\/wp\/v2\/media\/9481"}],"wp:attachment":[{"href":"https:\/\/latelierduliege.com\/it\/wp-json\/wp\/v2\/media?parent=9473"}],"wp:term":[{"taxonomy":"pwb-brand","embeddable":true,"href":"https:\/\/latelierduliege.com\/it\/wp-json\/wp\/v2\/pwb-brand?post=9473"},{"taxonomy":"product_brand","embeddable":true,"href":"https:\/\/latelierduliege.com\/it\/wp-json\/wp\/v2\/product_brand?post=9473"},{"taxonomy":"product_cat","embeddable":true,"href":"https:\/\/latelierduliege.com\/it\/wp-json\/wp\/v2\/product_cat?post=9473"},{"taxonomy":"product_tag","embeddable":true,"href":"https:\/\/latelierduliege.com\/it\/wp-json\/wp\/v2\/product_tag?post=9473"}],"curies":[{"name":"wp","href":"https:\/\/api.w.org\/{rel}","templated":true}]}}